{"id":15994,"date":"2025-01-19T15:15:58","date_gmt":"2025-01-19T15:15:58","guid":{"rendered":"https:\/\/www.hydraulic-cylinders.net\/product\/bucket-cylinder-for-yigong-cy85-8\/"},"modified":"2025-01-19T15:16:02","modified_gmt":"2025-01-19T15:16:02","slug":"bucket-cylinder-for-yigong-cy85-8","status":"publish","type":"product","link":"https:\/\/www.hydraulic-cylinders.net\/sk\/produkt\/bucket-cylinder-for-yigong-cy85-8\/","title":{"rendered":"Valec vedra pre Yigong CY85-8"},"content":{"rendered":"<h2>\u00davod<\/h2>\n<h3>\u010co je to vedrov\u00fd valec pre Yigong CY85-8?<\/h3>\n<p>Hydraulick\u00fd valec pre Yigong CY85-8 je \u0161peci\u00e1lne navrhnut\u00fd hydraulick\u00fd valec, ktor\u00fd sa pou\u017e\u00edva hlavne na ovl\u00e1danie pohybu ly\u017eice v \u0165a\u017ek\u00fdch strojoch, ako s\u00fa r\u00fdpadl\u00e1, r\u00fdpadlo-naklada\u010de a \u010deln\u00e9 naklada\u010de. Jeho hlavnou funkciou je umo\u017eni\u0165 zdv\u00edhanie, sp\u00fa\u0161\u0165anie a nakl\u00e1\u0148anie ly\u017eice, \u010do u\u013eah\u010duje manipul\u00e1ciu s r\u00f4znymi \u00falohami. V hydraulickom syst\u00e9me dosahuje valec ly\u017eice presn\u00e9 ovl\u00e1danie ly\u017eice prostredn\u00edctvom zmien tlaku hydraulick\u00e9ho oleja, \u010do umo\u017e\u0148uje obsluhe efekt\u00edvne manipulova\u0165 s \u0165a\u017ek\u00fdmi bremenami a prisp\u00f4sobi\u0165 sa zlo\u017eit\u00fdm pracovn\u00fdm prostrediam a r\u00f4znym prev\u00e1dzkov\u00fdm potreb\u00e1m.<\/p>\n<p><img decoding=\"async\" src=\"https:\/\/www.hydraulic-cylinders.net\/wp-content\/uploads\/2025\/01\/songte-company-2.webp\" alt=\"Valec vedra pre Yigong CY85-8\" \/><\/p>\n<h3>Vlastnosti vedrov\u00e9ho valca pre Yigong CY85-8<\/h3>\n<ul>\n<li>Vysok\u00e1 pevnos\u0165 a odolnos\u0165: Zvy\u010dajne s\u00fa vyroben\u00e9 z vysokopevnostnej ocele alebo hlin\u00edka, schopn\u00e9 odol\u00e1va\u0165 vysok\u00e9mu tlaku a \u0165a\u017ek\u00fdm za\u0165a\u017eeniam, prisp\u00f4sobi\u0165 sa n\u00e1ro\u010dn\u00fdm pracovn\u00fdm podmienkam a s\u00fa navrhnut\u00e9 s oh\u013eadom na odolnos\u0165 vo\u010di opotrebovaniu a kor\u00f3zii, \u010d\u00edm sa predl\u017euje ich \u017eivotnos\u0165.<\/li>\n<li>Efekt\u00edvna hydraulick\u00e1 prev\u00e1dzka: Plynul\u00e9 vys\u00favanie a zas\u00favanie sa dosahuje vyu\u017eit\u00edm tlaku hydraulick\u00e9ho oleja, \u010do umo\u017e\u0148uje r\u00fdchlu reakciu na ovl\u00e1dacie pr\u00edkazy, poskytuje siln\u00e9 tla\u010dn\u00e9 a \u0165a\u017en\u00e9 sily a je vhodn\u00e9 na manipul\u00e1ciu s \u0165a\u017ek\u00fdmi bremenami a zlo\u017eit\u00fdmi prev\u00e1dzkov\u00fdmi \u00falohami.<\/li>\n<li>R\u00f4zne typy: Jedno\u010dinn\u00e9 (hydraulika sa pou\u017e\u00edva iba v jednom smere) alebo dvoj\u010dinn\u00e9 (hydraulika sa pou\u017e\u00edva v oboch smeroch) valce je mo\u017en\u00e9 vybra\u0165 pod\u013ea po\u017eiadaviek, aby sa splnili r\u00f4zne prev\u00e1dzkov\u00e9 potreby. Niektor\u00e9 modely s\u00fa teleskopick\u00e9, \u010do umo\u017e\u0148uje v\u00e4\u010d\u0161ie vysunutie bez zv\u00e4\u010d\u0161enia vonkaj\u0161\u00edch rozmerov, v\u010faka \u010domu s\u00fa vhodn\u00e9 pre aplik\u00e1cie s obmedzen\u00fdm priestorom.<\/li>\n<li>M\u00f4\u017ee sa pou\u017ei\u0165 ako n\u00e1hrada za in\u00e9 hydraulick\u00e9 valce.<\/li>\n<\/ul>\n<p><img decoding=\"async\" src=\"https:\/\/www.hydraulic-cylinders.net\/wp-content\/uploads\/2025\/01\/songte-cylinder-head-with-all-kinds-excavator-models.webp\" alt=\"Valec vedra pre Yigong CY85-8\" \/><\/p>\n<h3>Aplik\u00e1cie vedrov\u00e9ho valca pre Yigong CY85-8<\/h3>\n<p>Valec s vedrom pre Yigong CY85-8 sa \u0161iroko pou\u017e\u00edva v r\u00f4znych \u0165a\u017ek\u00fdch strojoch a zariadeniach, ako napr\u00edklad:<\/p>\n<ul>\n<li>Stavebn\u00e9 zariadenia: V bagroch s\u00fa nevyhnutn\u00e9 na kopanie, nakladanie a premiest\u0148ovanie zeminy alebo sutiny. V r\u00fdpadlo-naklada\u010doch pom\u00e1haj\u00fa valce ko\u0161\u00edkov pri kopan\u00ed aj zdv\u00edhan\u00ed. <\/li>\n<li>Po\u013enohospod\u00e1rske stroje: Pou\u017e\u00edvaj\u00fa sa v \u010deln\u00fdch naklada\u010doch na naberanie, zdv\u00edhanie a prepravu p\u00f4dy, sena a in\u00fdch materi\u00e1lov. <\/li>\n<li>R\u00fdpadl\u00e1: Valec ly\u017eice umo\u017e\u0148uje kopanie t\u00fdm, \u017ee umo\u017e\u0148uje ly\u017eici prenikn\u00fa\u0165 do p\u00f4dy.<\/li>\n<li>\u010celn\u00e9 naklada\u010de: V \u010deln\u00fdch naklada\u010doch pom\u00e1haj\u00fa pri efekt\u00edvnom zdv\u00edhan\u00ed a vykladan\u00ed n\u00e1kladu. <\/li>\n<\/ul>\n<h3>Krit\u00e9ri\u00e1 n\u00e1vrhu a v\u00fdberu<\/h3>\n<p>Kon\u0161trukcia a v\u00fdber valca s vedrom pre Yigong CY85-8 s\u00fa zalo\u017een\u00e9 na nieko\u013ek\u00fdch faktoroch vr\u00e1tane:<\/p>\n<ul>\n<li>Nosnos\u0165: Valec mus\u00ed by\u0165 navrhnut\u00fd tak, aby uniesol o\u010dak\u00e1van\u00e9 za\u0165a\u017eenie. <\/li>\n<li>Tesnenie: Na zabr\u00e1nenie \u00faniku hydraulick\u00e9ho oleja sa pou\u017e\u00edvaj\u00fa r\u00f4zne tesniace komponenty, ako s\u00fa tesnenia piestov a tesnenia ty\u010d\u00ed. <\/li>\n<li>Trvanlivos\u0165: Valec mus\u00ed by\u0165 vyroben\u00fd z materi\u00e1lov, ktor\u00e9 odol\u00e1vaj\u00fa opotrebovaniu, kor\u00f3zii a in\u00fdm environment\u00e1lnym faktorom. <\/li>\n<li>Bezpe\u010dnos\u0165: F\u013ea\u0161a mus\u00ed by\u0165 navrhnut\u00e1 tak, aby sa minimalizovalo riziko neh\u00f4d a zranen\u00ed. <\/li>\n<li>\u00dadr\u017eba: Kon\u0161trukcia mus\u00ed umo\u017e\u0148ova\u0165 jednoduch\u00e9 vykon\u00e1vanie \u00fadr\u017eby a opr\u00e1v valca. <\/li>\n<\/ul>\n<p><img decoding=\"async\" src=\"https:\/\/www.hydraulic-cylinders.net\/wp-content\/uploads\/2025\/01\/songte-oil-pipes-and-spare-parts.webp\" alt=\"Valec vedra pre Yigong CY85-8\" \/><\/p>\n<h3>Tesnenie a mazanie valca vedra pre Yigong CY85-8<\/h3>\n<p>V valci vedra pre Yigong CY85-8 sa pou\u017e\u00edvaj\u00fa r\u00f4zne tesniace komponenty, ako s\u00fa tesnenia piestov a tesnenia ty\u010d\u00ed, aby sa zabr\u00e1nilo \u00faniku hydraulick\u00e9ho oleja. Tieto tesnenia s\u00fa vyroben\u00e9 z materi\u00e1lov odoln\u00fdch vo\u010di opotrebovaniu, ako je polyuret\u00e1n a nitrilov\u00fd kau\u010duk. Teleso valca a z\u00e1vitov\u00e9 koncov\u00e9 plochy s\u00fa jemne opracovan\u00e9 pre zlep\u0161enie odolnosti vo\u010di opotrebovaniu. Odpor\u00fa\u010da sa pravidelne prid\u00e1va\u0165 primeran\u00e9 mno\u017estvo hydraulick\u00e9ho oleja na mazanie.<\/p>\n<h3>Pravideln\u00e1 kontrola a opatrenia prevent\u00edvnej \u00fadr\u017eby<\/h3>\n<p>Pravideln\u00e1 kontrola a prevent\u00edvna \u00fadr\u017eba m\u00f4\u017eu pom\u00f4c\u0165 pred\u013a\u017ei\u0165 \u017eivotnos\u0165 valca s vedrom pre Yigong CY85-8. Medzi niektor\u00e9 opatrenia patr\u00ed:<\/p>\n<ul>\n<li>Pravidelne kontrolujte valec, \u010di nie je netesn\u00fd, po\u0161koden\u00fd alebo opotrebovan\u00fd. <\/li>\n<li>Nan\u00e1\u0161anie vhodn\u00fdch maz\u00edv na valec pre jeho plynul\u00fd chod. <\/li>\n<li>V\u00fdmena tesnen\u00ed v pr\u00edpade potreby. <\/li>\n<li>Kontrola a kalibr\u00e1cia valca pre zabezpe\u010denie jeho spr\u00e1vnej funkcie. <\/li>\n<\/ul>\n<h3>Sprievodca in\u0161tal\u00e1ciou produktu<\/h3>\n<p>Spr\u00e1vna in\u0161tal\u00e1cia valca s vedrom pre Yigong CY85-8 je nevyhnutn\u00e1 pre optim\u00e1lny v\u00fdkon a bezpe\u010dnos\u0165. Medzi odpor\u00fa\u010dan\u00e9 postupy in\u0161tal\u00e1cie patria:<\/p>\n<ul>\n<li>Spr\u00e1vne zarovnanie valca, aby sa predi\u0161lo ak\u00e9muko\u013evek nespr\u00e1vnemu zarovnaniu. <\/li>\n<li>Pou\u017eitie vhodn\u00fdch mont\u00e1\u017enych konzol na upevnenie valca. <\/li>\n<li>Dodr\u017eiavajte odpor\u00fa\u010dan\u00e9 postupy kontroly, opravy a v\u00fdmeny. <\/li>\n<li>Poskytovanie renova\u010dn\u00fdch slu\u017eieb na pred\u013a\u017eenie \u017eivotnosti produktov. <\/li>\n<\/ul>\n<p><img decoding=\"async\" src=\"https:\/\/www.hydraulic-cylinders.net\/wp-content\/uploads\/2025\/01\/songte-chushion-collar.webp\" alt=\"Valec vedra pre Yigong CY85-8\" \/><\/p>\n<h3>Bezpe\u010dnostn\u00e9 aspekty a faktory prostredia<\/h3>\n<p>Pri pou\u017e\u00edvan\u00ed valca s vedrom pre Yigong CY85-8 je d\u00f4le\u017eit\u00e9 dodr\u017eiava\u0165 v\u0161etky pr\u00edslu\u0161n\u00e9 bezpe\u010dnostn\u00e9 pokyny a postupy. Spr\u00e1vne pou\u017e\u00edvanie m\u00f4\u017ee pom\u00f4c\u0165 minimalizova\u0165 riziko neh\u00f4d alebo zranen\u00ed. Je tie\u017e d\u00f4le\u017eit\u00e9 zv\u00e1\u017ei\u0165 faktory prostredia, ako je spr\u00e1vna likvid\u00e1cia pou\u017eit\u00e9ho hydraulick\u00e9ho oleja.<\/p>\n<h3>Rie\u0161enie probl\u00e9mov a be\u017en\u00e9 probl\u00e9my<\/h3>\n<p>Medzi be\u017en\u00e9 probl\u00e9my s valcom vedra pre Yigong CY85-8 patr\u00ed \u00fanik hydraulick\u00e9ho oleja, nedostato\u010dn\u00e1 sila a porucha. Medzi tipy a rie\u0161enia probl\u00e9mov patria:<\/p>\n<ul>\n<li>Kontrola valca na netesnosti a po\u0161kodenia. <\/li>\n<li>Kontrola hladiny hydraulick\u00e9ho oleja a jeho doplnenie pod\u013ea potreby. <\/li>\n<li>V\u00fdmena po\u0161koden\u00fdch alebo opotrebovan\u00fdch tesnen\u00ed. <\/li>\n<li>Kontrola a kalibr\u00e1cia valca. <\/li>\n<li>Poskytovanie prevent\u00edvnej \u00fadr\u017eby s cie\u013eom minimalizova\u0165 potenci\u00e1lne probl\u00e9my. <\/li>\n<\/ul>\n<p><img decoding=\"async\" src=\"https:\/\/www.hydraulic-cylinders.net\/wp-content\/uploads\/2025\/01\/songte-bushings-with-all-kinds-of-excavator-models.webp\" alt=\"Valec vedra pre Yigong CY85-8\" \/><\/p>\n<h2>O na\u0161ej spolo\u010dnosti<\/h2>\n<p>Sme v\u00fdrobcom hydraulick\u00fdch valcov, ktor\u00e9 mo\u017eno pou\u017ei\u0165 ako n\u00e1hradu za in\u00e9 valce. Na\u0161a spolo\u010dnos\u0165 pon\u00faka \u0161irok\u00fa \u0161k\u00e1lu produktov a stala sa jedn\u00fdm z popredn\u00fdch v\u00fdrobcov a ve\u013ekoobchodn\u00fdch distrib\u00fatorov hydraulick\u00fdch valcov na dom\u00e1com aj medzin\u00e1rodnom trhu. Zaviazali sme sa k vynikaj\u00facej kvalite a spoliehame sa na strat\u00e9gie riadenia priemyselnej v\u00fdroby, ktor\u00e9 s\u00fa podporovan\u00e9 sofistikovan\u00fdmi v\u00fdrobn\u00fdmi diel\u0148ami, technologick\u00fdmi talentmi, \u0161pi\u010dkov\u00fdmi digit\u00e1lnymi v\u00fdrobn\u00fdmi zariadeniami a profesion\u00e1lnymi testovac\u00edmi syst\u00e9mami. Neust\u00e1le zlep\u0161ujeme na\u0161u v\u00fdrobn\u00fa platformu a kvalitu produktov, aby sme efekt\u00edvne, presne a kvalitne sp\u013a\u0148ali rozmanit\u00e9 potreby na\u0161ich z\u00e1kazn\u00edkov.<\/p>\n<p><img decoding=\"async\" src=\"https:\/\/hzpt.com\/wp-content\/uploads\/2024\/11\/songte-company-1.webp\" alt=\"Valec vedra pre Yigong CY85-8\" \/><\/p>\n<h3>Profesionalita<\/h3>\n<p>M\u00e1me t\u00edm profesion\u00e1lnych in\u017einierov a technikov, ktor\u00ed sa venuj\u00fa zabezpe\u010deniu kvality a v\u00fdkonu na\u0161ich produktov. N\u00e1\u0161 v\u00fdrobn\u00fd proces sa neust\u00e1le zlep\u0161uje a na\u0161e produkty s\u00fa vyr\u00e1ban\u00e9 pod\u013ea pr\u00edsnych \u0161tandardov kvality. <\/p>\n<h3>Medzin\u00e1rodn\u00e1 certifik\u00e1cia<\/h3>\n<p>Na\u0161e v\u00fdrobky pre\u0161li medzin\u00e1rodn\u00fdmi certifika\u010dn\u00fdmi testami a z\u00edskali certifik\u00e1ty ako ISO9001:2015 a CE. <\/p>\n<h3>Slu\u017eby prisp\u00f4sobenia<\/h3>\n<p>Pon\u00fakame slu\u017eby prisp\u00f4sobenia, aby sme splnili jedine\u010dn\u00e9 potreby na\u0161ich klientov. Poskytujeme rie\u0161enia na mieru pre r\u00f4zne aplik\u00e1cie a odvetvia. <\/p>\n<h3>V\u00fdrobn\u00e9 zariadenia<\/h3>\n<p>Pou\u017e\u00edvame \u0161pi\u010dkov\u00e9 digit\u00e1lne v\u00fdrobn\u00e9 zariadenia, aby sme zabezpe\u010dili presnos\u0165 a spr\u00e1vnos\u0165 v na\u0161om v\u00fdrobnom procese. <\/p>\n<h3>Popredajn\u00fd servis<\/h3>\n<p>Poskytujeme komplexn\u00fd popredajn\u00fd servis a podporu, aby sme zabezpe\u010dili spokojnos\u0165 z\u00e1kazn\u00edkov. Na\u0161a spolo\u010dnos\u0165 m\u00e1 profesion\u00e1lny technick\u00fd t\u00edm, ktor\u00fd dok\u00e1\u017ee z\u00e1kazn\u00edkom poskytn\u00fa\u0165 v\u010dasn\u00fa a efekt\u00edvnu podporu. <\/p>\n<p>Autor: lyl<\/p>","protected":false},"excerpt":{"rendered":"<p>Introduction What is Bucket Cylinder For Yigong CY85-8? The Bucket Cylinder For Yigong CY85-8 is a specially designed hydraulic cylinder that is mainly used to control the movement of the bucket in heavy machinery such as excavators, backhoe loaders, and front loaders. Its main function is to enable the bucket to lift, lower, and tilt, [&hellip;]<\/p>","protected":false},"featured_media":14778,"comment_status":"open","ping_status":"closed","template":"","meta":{"_et_pb_use_builder":"","_et_pb_old_content":"","_et_gb_content_width":""},"product_brand":[],"product_cat":[1494],"product_tag":[1495,1496],"class_list":{"0":"post-15994","1":"product","2":"type-product","3":"status-publish","4":"has-post-thumbnail","6":"product_cat-bucket-cylinders","7":"product_tag-bucket-cylinders","8":"product_tag-hydraulic-cylinders","10":"first","11":"instock","12":"shipping-taxable","13":"product-type-simple"},"amp_enabled":true,"_links":{"self":[{"href":"https:\/\/www.hydraulic-cylinders.net\/sk\/wp-json\/wp\/v2\/product\/15994","targetHints":{"allow":["GET"]}}],"collection":[{"href":"https:\/\/www.hydraulic-cylinders.net\/sk\/wp-json\/wp\/v2\/product"}],"about":[{"href":"https:\/\/www.hydraulic-cylinders.net\/sk\/wp-json\/wp\/v2\/types\/product"}],"replies":[{"embeddable":true,"href":"https:\/\/www.hydraulic-cylinders.net\/sk\/wp-json\/wp\/v2\/comments?post=15994"}],"wp:featuredmedia":[{"embeddable":true,"href":"https:\/\/www.hydraulic-cylinders.net\/sk\/wp-json\/wp\/v2\/media\/14778"}],"wp:attachment":[{"href":"https:\/\/www.hydraulic-cylinders.net\/sk\/wp-json\/wp\/v2\/media?parent=15994"}],"wp:term":[{"taxonomy":"product_brand","embeddable":true,"href":"https:\/\/www.hydraulic-cylinders.net\/sk\/wp-json\/wp\/v2\/product_brand?post=15994"},{"taxonomy":"product_cat","embeddable":true,"href":"https:\/\/www.hydraulic-cylinders.net\/sk\/wp-json\/wp\/v2\/product_cat?post=15994"},{"taxonomy":"product_tag","embeddable":true,"href":"https:\/\/www.hydraulic-cylinders.net\/sk\/wp-json\/wp\/v2\/product_tag?post=15994"}],"curies":[{"name":"pracovn\u00fd list","href":"https:\/\/api.w.org\/{rel}","templated":true}]}}