{"id":15999,"date":"2025-01-19T15:16:21","date_gmt":"2025-01-19T15:16:21","guid":{"rendered":"https:\/\/www.hydraulic-cylinders.net\/product\/bucket-cylinder-for-yigong-cy230lc-8\/"},"modified":"2025-01-19T15:16:27","modified_gmt":"2025-01-19T15:16:27","slug":"bucket-cylinder-for-yigong-cy230lc-8","status":"publish","type":"product","link":"https:\/\/www.hydraulic-cylinders.net\/sk\/produkt\/bucket-cylinder-for-yigong-cy230lc-8\/","title":{"rendered":"Valec s vedrom pre Yigong CY230LC-8"},"content":{"rendered":"<h1>Valec s vedrom pre Yigong CY230LC-8<\/h1>\n<h2>\u00davod<\/h2>\n<p>Hydraulick\u00fd valec ly\u017eice pre Yigong CY230LC-8 je \u0161peci\u00e1lne navrhnut\u00fd hydraulick\u00fd valec pou\u017e\u00edvan\u00fd na ovl\u00e1danie pohybu ly\u017eice v \u0165a\u017ek\u00fdch strojoch, ako s\u00fa bagre, r\u00fdpadlo-naklada\u010de a \u010deln\u00e9 naklada\u010de. Jeho hlavnou funkciou je umo\u017eni\u0165 zdv\u00edhanie, sp\u00fa\u0161\u0165anie a nakl\u00e1\u0148anie ly\u017eice, \u010do u\u013eah\u010duje r\u00f4zne \u00falohy manipul\u00e1cie s materi\u00e1lom. V hydraulickom syst\u00e9me dosahuje valec ly\u017eice presn\u00e9 ovl\u00e1danie ly\u017eice prostredn\u00edctvom zmien tlaku hydraulick\u00e9ho oleja, \u010do umo\u017e\u0148uje obsluhe efekt\u00edvne manipulova\u0165 s \u0165a\u017ek\u00fdmi bremenami a prisp\u00f4sobi\u0165 sa zlo\u017eit\u00fdm pracovn\u00fdm prostrediam a r\u00f4znorod\u00fdm po\u017eiadavk\u00e1m pr\u00e1ce.<\/p>\n<p><img decoding=\"async\" src=\"https:\/\/www.hydraulic-cylinders.net\/wp-content\/uploads\/2025\/01\/songte-company-2.webp\"><\/p>\n<h2>Funkcie<\/h2>\n<ul>\n<li>Vysok\u00e1 pevnos\u0165 a odolnos\u0165: Valec s vedrom, zvy\u010dajne vyroben\u00fd z vysokopevnostnej ocele alebo hlin\u00edka, odol\u00e1 vysok\u00e9mu tlaku a \u0165a\u017ek\u00e9mu za\u0165a\u017eeniu, \u010d\u00edm sa prisp\u00f4sob\u00ed n\u00e1ro\u010dn\u00fdm pracovn\u00fdm podmienkam. Je navrhnut\u00fd s oh\u013eadom na odolnos\u0165 vo\u010di opotrebovaniu a kor\u00f3zii, \u010d\u00edm sa predl\u017euje jeho \u017eivotnos\u0165.<\/li>\n<li>Efekt\u00edvna hydraulick\u00e1 prev\u00e1dzka: V\u010faka tlaku hydraulick\u00e9ho oleja dosahuje valec ly\u017eice plynul\u00e9 vys\u00favanie a zas\u00favanie, \u010do umo\u017e\u0148uje r\u00fdchlu reakciu na ovl\u00e1dacie povely a poskytuje siln\u00fa tla\u010dn\u00fa a \u0165a\u017en\u00fa silu. Je vhodn\u00fd na manipul\u00e1ciu s \u0165a\u017ek\u00fdmi bremenami a zlo\u017eit\u00e9 pracovn\u00e9 \u00falohy.<\/li>\n<li>R\u00f4zne typy: Valec kor\u010deka je mo\u017en\u00e9 zvoli\u0165 ako jedno\u010dinn\u00fd (hydraulick\u00fd tlak pou\u017e\u00edvan\u00fd iba v jednom smere) alebo dvoj\u010dinn\u00fd (hydraulick\u00fd tlak pou\u017e\u00edvan\u00fd v oboch smeroch) pod\u013ea \u0161pecifick\u00fdch prev\u00e1dzkov\u00fdch potrieb. Niektor\u00e9 modely s\u00fa teleskopick\u00e9, \u010do umo\u017e\u0148uje v\u00e4\u010d\u0161ie vysunutie bez zv\u00e4\u010d\u0161enia vonkaj\u0161\u00edch rozmerov, v\u010faka \u010domu s\u00fa vhodn\u00e9 pre aplik\u00e1cie s obmedzen\u00fdm priestorom.<\/li>\n<li>Dokonal\u00e1 n\u00e1hrada: Na\u0161e produkty dok\u00e1\u017eu dokonale nahradi\u0165 tieto hydraulick\u00e9 valce.<\/li>\n<\/ul>\n<p><img decoding=\"async\" src=\"https:\/\/www.hydraulic-cylinders.net\/wp-content\/uploads\/2025\/01\/songte-cylinder-head-with-all-kinds-excavator-models.webp\"><\/p>\n<h2>Aplik\u00e1cie<\/h2>\n<p>Valec s ko\u0161\u00edkom pre Yigong CY230LC-8 nach\u00e1dza uplatnenie v r\u00f4znych zariadeniach:<\/p>\n<ul>\n<li>Stavebn\u00e9 zariadenia: Nach\u00e1dzaj\u00fa sa v bagroch a s\u00fa k\u013e\u00fa\u010dov\u00e9 pre v\u00fdkopov\u00e9 pr\u00e1ce, nakladanie a premiest\u0148ovanie zeminy alebo sutiny. V r\u00fdpadlo-naklada\u010doch pom\u00e1ha valec ly\u017eice pri kopan\u00ed aj zdv\u00edhan\u00ed.<\/li>\n<li>Po\u013enohospod\u00e1rske stroje: Pou\u017e\u00edvaj\u00fa sa v \u010deln\u00fdch naklada\u010doch na naberanie, zdv\u00edhanie a prepravu p\u00f4dy, sena a in\u00fdch materi\u00e1lov.<\/li>\n<li>R\u00fdpadl\u00e1: Valec ly\u017eice umo\u017e\u0148uje kopanie t\u00fdm, \u017ee umo\u017e\u0148uje ly\u017eici prenikn\u00fa\u0165 do p\u00f4dy.<\/li>\n<li>Naklada\u010de: V \u010deln\u00fdch naklada\u010doch pom\u00e1haj\u00fa pri efekt\u00edvnom zdv\u00edhan\u00ed a vykladan\u00ed tovaru.<\/li>\n<\/ul>\n<h2>\u00davahy o dizajne a krit\u00e9ri\u00e1 v\u00fdberu<\/h2>\n<p>Pri navrhovan\u00ed valca s vedrom sa berie do \u00favahy nieko\u013eko faktorov:<\/p>\n<ul>\n<li>Nosnos\u0165: Valec je navrhnut\u00fd tak, aby odolal o\u010dak\u00e1van\u00fdm za\u0165a\u017eeniam a sil\u00e1m, ktor\u00fdm bude \u010deli\u0165 po\u010das prev\u00e1dzky.<\/li>\n<li>Tesnenie: Na zabezpe\u010denie bez\u00fatesnej prev\u00e1dzky a zabr\u00e1nenie kontamin\u00e1cii sa pou\u017e\u00edvaj\u00fa r\u00f4zne tesniace prvky, ako s\u00fa tesnenia piestov a tesnenia ty\u010d\u00ed.<\/li>\n<li>Trvanlivos\u0165: Valec je vyroben\u00fd z materi\u00e1lov a s povrchovou \u00fapravou, ktor\u00e9 zvy\u0161uj\u00fa jeho odolnos\u0165 vo\u010di opotrebovaniu a zabezpe\u010duj\u00fa dlh\u00fa \u017eivotnos\u0165.<\/li>\n<li>Bezpe\u010dnos\u0165: Bezpe\u010dnostn\u00e9 prvky s\u00fa zabudovan\u00e9 na predch\u00e1dzanie nehod\u00e1m a zaistenie bezpe\u010dnej prev\u00e1dzky valca vedra.<\/li>\n<li>\u00dadr\u017eba: Kon\u0161trukcia umo\u017e\u0148uje jednoduch\u00fd pr\u00edstup, kontrolu a \u00fadr\u017ebu valca, \u010d\u00edm sa skracuj\u00fa prestoje.<\/li>\n<\/ul>\n<p><img decoding=\"async\" src=\"https:\/\/www.hydraulic-cylinders.net\/wp-content\/uploads\/2025\/01\/songte-oil-pipes-and-spare-parts.webp\"><\/p>\n<h2>Tesnenie a mazanie<\/h2>\n<p>Valec kor\u010deka vyu\u017e\u00edva r\u00f4zne tesniace komponenty, ako s\u00fa tesnenia piestov a tesnenia ty\u010d\u00ed, ktor\u00e9 s\u00fa vyroben\u00e9 z materi\u00e1lov odoln\u00fdch vo\u010di opotrebovaniu, ako je polyuret\u00e1n a nitrilov\u00fd kau\u010duk. Teleso valca a z\u00e1vitov\u00e9 konce prech\u00e1dzaj\u00fa presn\u00fdm spracovan\u00edm, aby sa zlep\u0161ila odolnos\u0165 vo\u010di opotrebovaniu. Pravideln\u00e9 mazanie vhodn\u00fdm hydraulick\u00fdm olejom je nevyhnutn\u00e9 na zabezpe\u010denie hladk\u00e9ho chodu a pred\u013a\u017eenie \u017eivotnosti valca.<\/p>\n<h2>Pravideln\u00e1 kontrola a prevent\u00edvna \u00fadr\u017eba<\/h2>\n<p>Pre zabezpe\u010denie optim\u00e1lneho v\u00fdkonu a dlhej \u017eivotnosti valca vedra sa odpor\u00fa\u010daj\u00fa pravideln\u00e9 kontroly a prevent\u00edvna \u00fadr\u017eba:<\/p>\n<ul>\n<li>Pravidelne kontrolujte, \u010di nejav\u00ed zn\u00e1mky po\u0161kodenia alebo opotrebovania.<\/li>\n<li>Pre zaistenie hladk\u00e9ho chodu valec d\u00f4kladne nama\u017ete.<\/li>\n<li>V pr\u00edpade potreby vyme\u0148te tesnenia, aby ste predi\u0161li \u00fanikom.<\/li>\n<li>Vykonajte kalibra\u010dn\u00e9 kontroly, aby ste zabezpe\u010dili presn\u00fa prev\u00e1dzku.<\/li>\n<\/ul>\n<h2>Sprievodca spr\u00e1vnou in\u0161tal\u00e1ciou<\/h2>\n<p>Pri in\u0161tal\u00e1cii valca s vedrom dodr\u017eiavajte tieto pokyny:<\/p>\n<ul>\n<li>Zabezpe\u010dte spr\u00e1vne zarovnanie valca.<\/li>\n<li>Na upevnenie valca pou\u017eite vhodn\u00e9 mont\u00e1\u017ene konzoly.<\/li>\n<li>Dodr\u017eiavajte odpor\u00fa\u010dan\u00e9 postupy pre kontrolu, opravu a v\u00fdmenu.<\/li>\n<li>Poskytnite tipy a techniky na pred\u013a\u017eenie \u017eivotnosti valca vedra.<\/li>\n<\/ul>\n<p><img decoding=\"async\" src=\"https:\/\/www.hydraulic-cylinders.net\/wp-content\/uploads\/2025\/01\/songte-chushion-collar.webp\"><\/p>\n<h2>Bezpe\u010dnostn\u00e9 aspekty a faktory prostredia<\/h2>\n<p>Pri pou\u017e\u00edvan\u00ed valca s vedrom je d\u00f4le\u017eit\u00e9 dodr\u017eiava\u0165 bezpe\u010dnostn\u00e9 opatrenia, aby sa predi\u0161lo nehod\u00e1m alebo zraneniam. Na zabezpe\u010denie v\u00fdkonu a dlhej \u017eivotnosti valca by sa mali zoh\u013eadni\u0165 aj faktory prostredia.<\/p>\n<h2>Rie\u0161enie probl\u00e9mov a be\u017en\u00e9 probl\u00e9my<\/h2>\n<p>Ak sa vyskytn\u00fa probl\u00e9my s valcom vedra, nasleduj\u00face tipy a rie\u0161enia probl\u00e9mov m\u00f4\u017eu by\u0165 u\u017eito\u010dn\u00e9 pri diagnostikovan\u00ed a rie\u0161en\u00ed probl\u00e9mov:<\/p>\n<ul>\n<li>Poskytnite pokyny na rie\u0161enie probl\u00e9mov a rie\u0161enia be\u017en\u00fdch probl\u00e9mov.<\/li>\n<li>Pon\u00faknite prevent\u00edvne opatrenia na minimaliz\u00e1ciu potenci\u00e1lnych probl\u00e9mov.<\/li>\n<\/ul>\n<p><img decoding=\"async\" src=\"https:\/\/www.hydraulic-cylinders.net\/wp-content\/uploads\/2025\/01\/songte-bushings-with-all-kinds-of-excavator-models.webp\"><\/p>\n<p>Nezabudnite \u010dl\u00e1nok logicky usporiada\u0165, pre jednoduch\u0161iu navig\u00e1ciu pou\u017e\u00edva\u0165 podnadpisy, pre lep\u0161ie pochopenie zahrn\u00fa\u0165 relevantn\u00e9 obr\u00e1zky alebo grafy a zabezpe\u010di\u0165, aby bol obsah jasn\u00fd, stru\u010dn\u00fd a vhodn\u00fd pre \u010ditate\u013eov s r\u00f4znymi \u00farov\u0148ami technick\u00fdch znalost\u00ed.<\/p>\n<h2>O na\u0161ej spolo\u010dnosti<\/h2>\n<p>Sme v\u00fdrobcom n\u00e1hradn\u00fdch hydraulick\u00fdch valcov a jedn\u00fdm z popredn\u00fdch v\u00fdrobcov a ve\u013ekoobchodn\u00fdch distrib\u00fatorov na dom\u00e1com aj medzin\u00e1rodnom trhu. Riadime sa strat\u00e9giou industrializovan\u00e9ho riadenia v\u00fdroby zalo\u017eenou na vynikaj\u00facej kvalite, opieraj\u00fac sa o prec\u00edzne v\u00fdrobn\u00e9 dielne, technick\u00e9 talenty, \u0161pi\u010dkov\u00e9 digit\u00e1lne v\u00fdrobn\u00e9 zariadenia a profesion\u00e1lne testovacie syst\u00e9my. Neust\u00e1le zlep\u0161ujeme na\u0161u v\u00fdrobn\u00fa platformu a v\u00fdrobn\u00e9 postupy zameran\u00e9 na kvalitu v\u00fdrobkov a m\u00e1me siln\u00e9 kreat\u00edvne schopnosti. Na\u0161imi z\u00e1sadami s\u00fa efekt\u00edvnos\u0165, presnos\u0165 a vysok\u00e1 kvalita, aby sme splnili rozmanit\u00e9 potreby z\u00e1kazn\u00edkov.<\/p>\n<p><img decoding=\"async\" src=\"https:\/\/www.hydraulic-cylinders.net\/wp-content\/uploads\/2025\/01\/songte-company-3.webp\"><\/p>\n<p>\u010eal\u0161ie roz\u0161\u00edrenie na\u0161ej spolo\u010dnosti:<\/p>\n<ul>\n<li>Profesionalita<\/li>\n<li>Medzin\u00e1rodn\u00e9 certifik\u00e1cie<\/li>\n<li>Slu\u017eby prisp\u00f4sobenia<\/li>\n<li>V\u00fdrobn\u00e9 zariadenia<\/li>\n<li>Popredajn\u00fd servis<\/li>\n<\/ul>\n<p>Pozn\u00e1mka: Autor: lyl<\/p>\n<p><img decoding=\"async\" src=\"https:\/\/hzpt.com\/wp-content\/uploads\/2024\/11\/songte-company-1.webp\"><\/p>","protected":false},"excerpt":{"rendered":"<p>Bucket Cylinder For Yigong CY230LC-8 Introduction The bucket cylinder for Yigong CY230LC-8 is a specially designed hydraulic cylinder used to control the movement of the bucket in heavy machinery such as excavators, backhoe loaders, and front-end loaders. Its main function is to enable the lifting, lowering, and tilting of the bucket, making it easier for [&hellip;]<\/p>","protected":false},"featured_media":14765,"comment_status":"open","ping_status":"closed","template":"","meta":{"_et_pb_use_builder":"","_et_pb_old_content":"","_et_gb_content_width":""},"product_brand":[],"product_cat":[1494],"product_tag":[1495,1496],"class_list":{"0":"post-15999","1":"product","2":"type-product","3":"status-publish","4":"has-post-thumbnail","6":"product_cat-bucket-cylinders","7":"product_tag-bucket-cylinders","8":"product_tag-hydraulic-cylinders","10":"first","11":"instock","12":"shipping-taxable","13":"product-type-simple"},"amp_enabled":true,"_links":{"self":[{"href":"https:\/\/www.hydraulic-cylinders.net\/sk\/wp-json\/wp\/v2\/product\/15999","targetHints":{"allow":["GET"]}}],"collection":[{"href":"https:\/\/www.hydraulic-cylinders.net\/sk\/wp-json\/wp\/v2\/product"}],"about":[{"href":"https:\/\/www.hydraulic-cylinders.net\/sk\/wp-json\/wp\/v2\/types\/product"}],"replies":[{"embeddable":true,"href":"https:\/\/www.hydraulic-cylinders.net\/sk\/wp-json\/wp\/v2\/comments?post=15999"}],"wp:featuredmedia":[{"embeddable":true,"href":"https:\/\/www.hydraulic-cylinders.net\/sk\/wp-json\/wp\/v2\/media\/14765"}],"wp:attachment":[{"href":"https:\/\/www.hydraulic-cylinders.net\/sk\/wp-json\/wp\/v2\/media?parent=15999"}],"wp:term":[{"taxonomy":"product_brand","embeddable":true,"href":"https:\/\/www.hydraulic-cylinders.net\/sk\/wp-json\/wp\/v2\/product_brand?post=15999"},{"taxonomy":"product_cat","embeddable":true,"href":"https:\/\/www.hydraulic-cylinders.net\/sk\/wp-json\/wp\/v2\/product_cat?post=15999"},{"taxonomy":"product_tag","embeddable":true,"href":"https:\/\/www.hydraulic-cylinders.net\/sk\/wp-json\/wp\/v2\/product_tag?post=15999"}],"curies":[{"name":"pracovn\u00fd list","href":"https:\/\/api.w.org\/{rel}","templated":true}]}}