{"id":16006,"date":"2025-01-19T15:16:54","date_gmt":"2025-01-19T15:16:54","guid":{"rendered":"https:\/\/www.hydraulic-cylinders.net\/product\/bucket-cylinder-for-xiniu-xn120-l\/"},"modified":"2025-01-19T15:16:56","modified_gmt":"2025-01-19T15:16:56","slug":"bucket-cylinder-for-xiniu-xn120-l","status":"publish","type":"product","link":"https:\/\/www.hydraulic-cylinders.net\/sk\/produkt\/bucket-cylinder-for-xiniu-xn120-l\/","title":{"rendered":"Valec vedra pre Xiniu XN120-L"},"content":{"rendered":"<h1>Valec vedra pre Xiniu XN120-L<\/h1>\n<h2>\u00davod<\/h2>\n<p>Hydraulick\u00fd valec ly\u017eice pre Xiniu XN120-L je typ hydraulick\u00e9ho valca \u0161peci\u00e1lne navrhnut\u00e9ho na ovl\u00e1danie pohybu r\u00fdpadiel v \u0165a\u017ek\u00fdch strojoch, ako s\u00fa r\u00fdpadl\u00e1, r\u00fdpadl\u00e1-naklada\u010de a \u010deln\u00e9 naklada\u010de. Jeho hlavnou funkciou je umo\u017eni\u0165 zdv\u00edhanie, sp\u00fa\u0161\u0165anie a nakl\u00e1\u0148anie ly\u017eice, \u010do u\u013eah\u010duje vykon\u00e1vanie r\u00f4znych \u00faloh manipul\u00e1cie s materi\u00e1lom. V hydraulickom syst\u00e9me valec ly\u017eice vyu\u017e\u00edva zmeny tlaku hydraulick\u00e9ho oleja na presn\u00e9 ovl\u00e1danie ly\u017eice, \u010do umo\u017e\u0148uje obsluhe efekt\u00edvne manipulova\u0165 s \u0165a\u017ek\u00fdmi bremenami, prisp\u00f4sobi\u0165 sa zlo\u017eit\u00fdm pracovn\u00fdm prostrediam a r\u00f4znorod\u00fdm po\u017eiadavk\u00e1m pr\u00e1ce.<\/p>\n<p><img decoding=\"async\" src=\"https:\/\/www.hydraulic-cylinders.net\/wp-content\/uploads\/2025\/01\/songte-company-2.webp\" alt=\"Obr\u00e1zok valca vedra pre Xiniu XN120-L\"><\/p>\n<h2>Funkcie<\/h2>\n<ul>\n<li>Vysok\u00e1 pevnos\u0165 a odolnos\u0165: Zvy\u010dajne vyroben\u00e9 z vysokopevnostnej ocele alebo hlin\u00edka, schopn\u00e9 odol\u00e1va\u0165 vysok\u00e9mu tlaku a \u0165a\u017ek\u00e9mu za\u0165a\u017eeniu, prisp\u00f4sobi\u0165 sa n\u00e1ro\u010dn\u00fdm pracovn\u00fdm podmienkam, navrhnut\u00e9 s odolnos\u0165ou vo\u010di opotrebovaniu a kor\u00f3zii a s predl\u017euj\u00facou sa \u017eivotnos\u0165ou.<\/li>\n<li>Efekt\u00edvna hydraulick\u00e1 prev\u00e1dzka: Vyu\u017eitie tlaku hydraulick\u00e9ho oleja na dosiahnutie plynul\u00e9ho roz\u0165ahovacieho a s\u0165ahovacieho pohybu, r\u00fdchla reakcia na ovl\u00e1dacie povely, poskytovanie silnej tla\u010dnej a \u0165a\u017enej sily, vhodn\u00e9 na manipul\u00e1ciu s \u0165a\u017ek\u00fdmi bremenami a zlo\u017eit\u00e9 pracovn\u00e9 \u00falohy.<\/li>\n<li>R\u00f4zne typy: Jedno\u010dinn\u00e9 (hydraulicky ovl\u00e1dan\u00e9 iba v jednom smere) alebo dvoj\u010dinn\u00e9 (hydraulicky ovl\u00e1dan\u00e9 v dvoch smeroch) valce je mo\u017en\u00e9 vybra\u0165 pod\u013ea po\u017eiadaviek, aby sa splnili r\u00f4zne prev\u00e1dzkov\u00e9 potreby. Niektor\u00e9 modely s\u00fa teleskopick\u00e9, \u010do umo\u017e\u0148uje v\u00e4\u010d\u0161ie vysunutie bez zv\u00e4\u010d\u0161enia vonkaj\u0161\u00edch rozmerov, vhodn\u00e9 pre aplik\u00e1cie v obmedzenom priestore.<\/li>\n<li>Dokonal\u00e1 n\u00e1hrada: Na\u0161e produkty dok\u00e1\u017eu dokonale nahradi\u0165 tieto hydraulick\u00e9 valce.<\/li>\n<\/ul>\n<p><img decoding=\"async\" src=\"https:\/\/www.hydraulic-cylinders.net\/wp-content\/uploads\/2025\/01\/songte-cylinder-head-with-all-kinds-excavator-models.webp\" alt=\"Obr\u00e1zok valca vedra pre Xiniu XN120-L\"><\/p>\n<h2>Aplik\u00e1cie<\/h2>\n<p>Valec s ko\u0161\u00edkom pre Xiniu XN120-L sa \u0161iroko pou\u017e\u00edva v nieko\u013ek\u00fdch aplik\u00e1ci\u00e1ch. Niektor\u00e9 z nich s\u00fa:<\/p>\n<ul>\n<li>Stavebn\u00e9 zariadenia: V bagroch s\u00fa nevyhnutn\u00e9 na v\u00fdkopov\u00e9 pr\u00e1ce, nakladanie a premiest\u0148ovanie zeminy alebo sutiny. V r\u00fdpadlo-naklada\u010doch pom\u00e1haj\u00fa valce ko\u0161\u00edkov pri kopan\u00ed aj zdv\u00edhan\u00ed. V \u010deln\u00fdch naklada\u010doch pom\u00e1haj\u00fa pri efekt\u00edvnom zdv\u00edhan\u00ed a nakl\u00e1\u0148an\u00ed tovaru.<\/li>\n<li>Po\u013enohospod\u00e1rske stroje: Pou\u017e\u00edvaj\u00fa sa v \u010deln\u00fdch naklada\u010doch na naberanie, zdv\u00edhanie a prepravu p\u00f4dy, sena a in\u00fdch materi\u00e1lov. V r\u00fdpadl\u00e1ch umo\u017e\u0148uje valec ly\u017eice v\u00fdkopov\u00e9 pr\u00e1ce t\u00fdm, \u017ee umo\u017e\u0148uje ly\u017eici prenikn\u00fa\u0165 do p\u00f4dy.<\/li>\n<\/ul>\n<h2>\u00davahy o dizajne a krit\u00e9ri\u00e1 v\u00fdberu<\/h2>\n<p>Krit\u00e9ri\u00e1 v\u00fdberu pre valce s ko\u0161\u00edkom musia zoh\u013eadni\u0165 nieko\u013eko kon\u0161truk\u010dn\u00fdch aspektov, ako napr\u00edklad:<\/p>\n<ul>\n<li>Nosnos\u0165: Valec by mal by\u0165 schopn\u00fd odola\u0165 maxim\u00e1lnemu za\u0165a\u017eeniu, ktor\u00e9 m\u00f4\u017ee stroj na valec vyv\u00edja\u0165.<\/li>\n<li>Tesnenie: Valec by mal by\u0165 \u00fa\u010dinne utesnen\u00fd, aby sa zabr\u00e1nilo \u00faniku hydraulick\u00e9ho oleja a ne\u010dist\u00f4t do valca.<\/li>\n<li>Trvanlivos\u0165: Valec by mal by\u0165 dostato\u010dne odoln\u00fd, aby odolal vplyvu nepriazniv\u00fdch environment\u00e1lnych faktorov, ako je prach, voda a ne\u010distoty.<\/li>\n<li>Bezpe\u010dnos\u0165: F\u013ea\u0161a by mala by\u0165 navrhnut\u00e1 s oh\u013eadom na bezpe\u010dnostn\u00e9 opatrenia, ako je ochrana f\u013ea\u0161e pred fyzick\u00fdm po\u0161koden\u00edm.<\/li>\n<li>\u00dadr\u017eba: Valec by mal by\u0165 \u013eahko udr\u017eiavate\u013en\u00fd a opravovate\u013en\u00fd, preto\u017ee je z\u00e1kladnou s\u00fa\u010das\u0165ou stroja a ak\u00e1ko\u013evek porucha m\u00f4\u017ee vies\u0165 k zna\u010dn\u00fdm prestojom.<\/li>\n<\/ul>\n<p><img decoding=\"async\" src=\"https:\/\/www.hydraulic-cylinders.net\/wp-content\/uploads\/2025\/01\/songte-oil-pipes-and-spare-parts.webp\" alt=\"Obr\u00e1zok valca vedra pre Xiniu XN120-L\"><\/p>\n<h2>Tesnenie a mazanie<\/h2>\n<p>Valec korby pou\u017e\u00edva r\u00f4zne tesniace prvky, ako s\u00fa tesnenia piestov, tesnenia ty\u010d\u00ed a in\u00e9. Tieto tesniace prvky s\u00fa vyroben\u00e9 z materi\u00e1lov odoln\u00fdch vo\u010di opotrebovaniu, ako je polyuret\u00e1n a nitrilov\u00fd kau\u010duk, aby sa zabezpe\u010dila dlh\u00e1 \u017eivotnos\u0165. Teleso valca a z\u00e1vity s\u00fa o\u0161etren\u00e9 pre zlep\u0161enie odolnosti vo\u010di opotrebovaniu. Valec korby vy\u017eaduje pravideln\u00e9 mazanie hydraulick\u00fdm olejom, aby sa zabezpe\u010dila spr\u00e1vna funkcia.<\/p>\n<h2>\u00dadr\u017eba a opravy<\/h2>\n<p>Pravideln\u00e1 kontrola, vhodn\u00e9 mazanie, v\u00fdmena tesnen\u00ed, kontrola kalibr\u00e1cie a \u010fal\u0161ie \u00fadr\u017eb\u00e1rske \u00falohy s\u00fa k\u013e\u00fa\u010dov\u00e9 pre dlh\u00fa \u017eivotnos\u0165 valcov s kore\u010dkami. Spr\u00e1vne zarovnanie valca po\u010das in\u0161tal\u00e1cie je nevyhnutn\u00e9 pre optim\u00e1lny v\u00fdkon. Na upevnenie valca sa odpor\u00fa\u010da pou\u017eitie vhodn\u00fdch mont\u00e1\u017enych konzol. Pon\u00fakame slu\u017eby kontroly, opravy a v\u00fdmeny, aby sme z\u00e1kazn\u00edkom pomohli s ak\u00fdmiko\u013evek probl\u00e9mami, s ktor\u00fdmi sa m\u00f4\u017eu stretn\u00fa\u0165 pri pou\u017e\u00edvan\u00ed ich valcov s kore\u010dkami.<\/p>\n<p><img decoding=\"async\" src=\"https:\/\/www.hydraulic-cylinders.net\/wp-content\/uploads\/2025\/01\/songte-chushion-collar.webp\" alt=\"Obr\u00e1zok valca vedra pre Xiniu XN120-L\"><\/p>\n<h2>Bezpe\u010dnostn\u00e9 aspekty a faktory prostredia<\/h2>\n<p>Valec s ko\u0161\u00edkom pre Xiniu XN120-L by sa mal in\u0161talova\u0165, pou\u017e\u00edva\u0165 a udr\u017eiava\u0165 s oh\u013eadom na bezpe\u010dnostn\u00e9 opatrenia. Ak\u00e9ko\u013evek nedodr\u017eanie tohto pokynu m\u00f4\u017ee vies\u0165 k zraneniu alebo po\u0161kodeniu stroja. Faktory prostredia, ako je teplota, vlhkos\u0165 a prach, m\u00f4\u017eu ovplyvni\u0165 v\u00fdkon valca a mali by sa zoh\u013eadni\u0165 pri v\u00fdbere a in\u0161tal\u00e1cii.<\/p>\n<h2>Diagnostika por\u00fach a rie\u0161enie probl\u00e9mov<\/h2>\n<p>Medzi be\u017en\u00e9 probl\u00e9my s valcami ko\u0161\u00edkov patr\u00ed netesnos\u0165, nedostato\u010dn\u00e1 sila a abnorm\u00e1lny hluk. Odpor\u00fa\u010dame pravidelne kontrolova\u0165 valec a okam\u017eite rie\u0161i\u0165 v\u0161etky probl\u00e9my, aby ste predi\u0161li v\u00fdrazn\u00fdm prestojom. Tipy na rie\u0161enie probl\u00e9mov a ich rie\u0161enia m\u00f4\u017eu \u010ditate\u013eom pom\u00f4c\u0165 diagnostikova\u0165 a efekt\u00edvne vyrie\u0161i\u0165 probl\u00e9my s valcami ko\u0161\u00edkov.<\/p>\n<p><img decoding=\"async\" src=\"https:\/\/www.hydraulic-cylinders.net\/wp-content\/uploads\/2025\/01\/songte-bushings-with-all-kinds-of-excavator-models.webp\" alt=\"Obr\u00e1zok valca vedra pre Xiniu XN120-L\"><\/p>\n<h2>O na\u0161ej spolo\u010dnosti<\/h2>\n<p>We are a manufacturer of replacement hydraulic cylinders, with a full range of products, becoming one of the leading manufacturers and wholesale distributors of hydraulic cylinders in the domestic and international markets. We adhere to the principle of excellent quality and rely on the industrialized production management strategy of fine manufacturing workshops. We continuously improve the manufacturing platform of the workshop, perfect the quality production process, and have strong creation ability to meet customer&#8217;s various needs with high-efficiency, high-precision, and high-quality principles.<\/p>\n<p>Pon\u00fakame prisp\u00f4soben\u00e9 slu\u017eby, profesion\u00e1lne v\u00fdrobn\u00e9 zariadenia, medzin\u00e1rodne uzn\u00e1van\u00e9 certifik\u00e1cie a komplexn\u00fd syst\u00e9m popredajn\u00fdch slu\u017eieb, \u010d\u00edm zabezpe\u010dujeme, \u017ee na\u0161e produkty sp\u013a\u0148aj\u00fa alebo prekra\u010duj\u00fa o\u010dak\u00e1vania z\u00e1kazn\u00edkov.<\/p>\n<p><img decoding=\"async\" src=\"https:\/\/hzpt.com\/wp-content\/uploads\/2024\/11\/songte-company-1.webp\" alt=\"Obr\u00e1zok valca vedra pre Xiniu XN120-L\"><\/p>\n<p>Autor: lyl.<\/p>","protected":false},"excerpt":{"rendered":"<p>Bucket Cylinder For Xiniu XN120-L Introduction The bucket cylinder for Xiniu XN120-L is a type of hydraulic cylinder specially designed to control the movement of shovels in heavy machinery such as excavators, backhoe excavators, and front-end loaders. Its main function is to allow the bucket to lift, lower and tilt, making it easier to handle [&hellip;]<\/p>","protected":false},"featured_media":14784,"comment_status":"open","ping_status":"closed","template":"","meta":{"_et_pb_use_builder":"","_et_pb_old_content":"","_et_gb_content_width":""},"product_brand":[],"product_cat":[1494],"product_tag":[1495,1496],"class_list":{"0":"post-16006","1":"product","2":"type-product","3":"status-publish","4":"has-post-thumbnail","6":"product_cat-bucket-cylinders","7":"product_tag-bucket-cylinders","8":"product_tag-hydraulic-cylinders","10":"first","11":"instock","12":"shipping-taxable","13":"product-type-simple"},"amp_enabled":true,"_links":{"self":[{"href":"https:\/\/www.hydraulic-cylinders.net\/sk\/wp-json\/wp\/v2\/product\/16006","targetHints":{"allow":["GET"]}}],"collection":[{"href":"https:\/\/www.hydraulic-cylinders.net\/sk\/wp-json\/wp\/v2\/product"}],"about":[{"href":"https:\/\/www.hydraulic-cylinders.net\/sk\/wp-json\/wp\/v2\/types\/product"}],"replies":[{"embeddable":true,"href":"https:\/\/www.hydraulic-cylinders.net\/sk\/wp-json\/wp\/v2\/comments?post=16006"}],"wp:featuredmedia":[{"embeddable":true,"href":"https:\/\/www.hydraulic-cylinders.net\/sk\/wp-json\/wp\/v2\/media\/14784"}],"wp:attachment":[{"href":"https:\/\/www.hydraulic-cylinders.net\/sk\/wp-json\/wp\/v2\/media?parent=16006"}],"wp:term":[{"taxonomy":"product_brand","embeddable":true,"href":"https:\/\/www.hydraulic-cylinders.net\/sk\/wp-json\/wp\/v2\/product_brand?post=16006"},{"taxonomy":"product_cat","embeddable":true,"href":"https:\/\/www.hydraulic-cylinders.net\/sk\/wp-json\/wp\/v2\/product_cat?post=16006"},{"taxonomy":"product_tag","embeddable":true,"href":"https:\/\/www.hydraulic-cylinders.net\/sk\/wp-json\/wp\/v2\/product_tag?post=16006"}],"curies":[{"name":"pracovn\u00fd list","href":"https:\/\/api.w.org\/{rel}","templated":true}]}}