{"id":16019,"date":"2025-01-19T15:17:55","date_gmt":"2025-01-19T15:17:55","guid":{"rendered":"https:\/\/www.hydraulic-cylinders.net\/product\/bucket-cylinder-for-kato-small-excavator-hd1430r\/"},"modified":"2025-01-19T15:17:57","modified_gmt":"2025-01-19T15:17:57","slug":"bucket-cylinder-for-kato-small-excavator-hd1430r","status":"publish","type":"product","link":"https:\/\/www.hydraulic-cylinders.net\/sk\/produkt\/bucket-cylinder-for-kato-small-excavator-hd1430r\/","title":{"rendered":"Valec vedra pre mal\u00e9 r\u00fdpadlo Kato HD1430R"},"content":{"rendered":"<h1>Valec vedra pre mal\u00e9 r\u00fdpadlo Kato HD1430R<\/h1>\n<h2>\u00davod<\/h2>\n<p>Hydraulick\u00fd valec ly\u017eice je \u0161peci\u00e1lne navrhnut\u00fd hydraulick\u00fd valec pou\u017e\u00edvan\u00fd na ovl\u00e1danie pohybu ly\u017eice v \u0165a\u017ek\u00fdch strojoch, ako s\u00fa bagre, r\u00fdpadl\u00e1-naklada\u010de a \u010deln\u00e9 naklada\u010de. Jeho hlavnou funkciou je umo\u017eni\u0165 ly\u017eici zdv\u00edhanie, sp\u00fa\u0161\u0165anie a nakl\u00e1\u0148anie, \u010do u\u013eah\u010duje r\u00f4zne \u00falohy manipul\u00e1cie s materi\u00e1lom. V hydraulickom syst\u00e9me dosahuje valec ly\u017eice presn\u00e9 ovl\u00e1danie ly\u017eice prostredn\u00edctvom zmien tlaku hydraulick\u00e9ho oleja, \u010do umo\u017e\u0148uje obsluhe efekt\u00edvne manipulova\u0165 s \u0165a\u017ek\u00fdmi bremenami a prisp\u00f4sobova\u0165 sa zlo\u017eit\u00fdm pracovn\u00fdm prostrediam a r\u00f4znorod\u00fdm po\u017eiadavk\u00e1m pr\u00e1ce.<\/p>\n<p><img src='https:\/\/www.hydraulic-cylinders.net\/wp-content\/uploads\/2025\/01\/songte-company-2.webp' alt='Obr\u00e1zok valca vedra'><\/p>\n<h2>Funkcie<\/h2>\n<ul>\n<li>Vysok\u00e1 pevnos\u0165 a odolnos\u0165: Zvy\u010dajne vyroben\u00fd z vysokopevnostnej ocele alebo hlin\u00edka, odol\u00e1 vysok\u00e9mu tlaku a \u0165a\u017ek\u00fdm za\u0165a\u017eeniam, prisp\u00f4sob\u00ed sa n\u00e1ro\u010dn\u00fdm pracovn\u00fdm podmienkam a je navrhnut\u00fd tak, aby bol odoln\u00fd vo\u010di opotrebovaniu a kor\u00f3zii, aby sa pred\u013a\u017eila jeho \u017eivotnos\u0165.<\/li>\n<li>Efekt\u00edvna hydraulick\u00e1 prev\u00e1dzka: Plynul\u00e9 vys\u00favanie a s\u0165ahovanie sa dosahuje vyu\u017eit\u00edm tlaku hydraulick\u00e9ho oleja, ktor\u00fd dok\u00e1\u017ee r\u00fdchlo reagova\u0165 na ovl\u00e1dacie povely a poskytuje siln\u00fa tla\u010dn\u00fa a \u0165a\u017en\u00fa silu vhodn\u00fa na manipul\u00e1ciu s \u0165a\u017ek\u00fdmi bremenami a zlo\u017eit\u00fdmi pracovn\u00fdmi \u00falohami.<\/li>\n<li>R\u00f4zne typy: Jedno\u010dinn\u00e9 (hydraulika sa pou\u017e\u00edva iba v jednom smere) alebo dvoj\u010dinn\u00e9 (hydraulika sa pou\u017e\u00edva v oboch smeroch) valce je mo\u017en\u00e9 vybra\u0165 pod\u013ea po\u017eiadaviek, aby sa splnili r\u00f4zne prev\u00e1dzkov\u00e9 potreby. Niektor\u00e9 modely s\u00fa teleskopick\u00e9, \u010do umo\u017e\u0148uje v\u00e4\u010d\u0161ie vysunutie bez pridania vonkaj\u0161\u00edch rozmerov, vhodn\u00e9 pre aplik\u00e1cie s obmedzen\u00fdm priestorom.<\/li>\n<li>Jednoduch\u00e1 v\u00fdmena: Na\u0161e produkty dokonale nahr\u00e1dzaj\u00fa tieto hydraulick\u00e9 valce.<\/li>\n<\/ul>\n<p><img src='https:\/\/www.hydraulic-cylinders.net\/wp-content\/uploads\/2025\/01\/songte-cylinder-head-with-all-kinds-excavator-models.webp' alt='Obr\u00e1zok valca vedra'><\/p>\n<h2>Aplik\u00e1cie<\/h2>\n<p>Valce s ko\u0161\u00edkom sa \u0161iroko pou\u017e\u00edvaj\u00fa v r\u00f4znych odvetviach, vr\u00e1tane:<\/p>\n<ul>\n<li>Stavebn\u00e9 zariadenia: Nach\u00e1dzaj\u00fa sa v bagroch a s\u00fa nevyhnutn\u00e9 na kopanie, nakladanie a premiest\u0148ovanie zeminy alebo sutiny. V r\u00fdpadlov\u00fdch naklada\u010doch pom\u00e1haj\u00fa valce ko\u0161\u00edkov pri kopan\u00ed aj zdv\u00edhan\u00ed. <\/li>\n<li>Po\u013enohospod\u00e1rske stroje: Pou\u017e\u00edvaj\u00fa sa v \u010deln\u00fdch naklada\u010doch na zdv\u00edhanie, nakladanie a prepravu p\u00f4dy, sena a in\u00fdch materi\u00e1lov.<\/li>\n<li>R\u00fdpadl\u00e1: Valce s lopatou umo\u017e\u0148uj\u00fa v\u00fdkop t\u00fdm, \u017ee umo\u017e\u0148uj\u00fa lopate prenikn\u00fa\u0165 do p\u00f4dy.<\/li>\n<li>\u010celn\u00e9 naklada\u010de: Pom\u00e1haj\u00fa efekt\u00edvne zdv\u00edha\u0165 a nakl\u00e1\u0148a\u0165 tovar v \u010deln\u00fdch naklada\u010doch.<\/li>\n<\/ul>\n<h2>\u00davahy o dizajne a krit\u00e9ri\u00e1 v\u00fdberu<\/h2>\n<p>Pri navrhovan\u00ed valcov s ko\u0161\u00edkom je d\u00f4le\u017eit\u00e9 zv\u00e1\u017ei\u0165 nasleduj\u00face:<\/p>\n<ul>\n<li>Nosnos\u0165: Valec by mal by\u0165 schopn\u00fd odola\u0165 \u0165a\u017ek\u00fdm za\u0165a\u017eeniam a pracova\u0165 pod vysok\u00fdm tlakom.<\/li>\n<li>Tesnenie: R\u00f4zne tesniace \u010dasti, ako s\u00fa tesnenia piestov a tesnenia ty\u010d\u00ed, by mali by\u0165 vyroben\u00e9 z materi\u00e1lov odoln\u00fdch vo\u010di opotrebovaniu, ako je polyuret\u00e1n a nitrilov\u00fd kau\u010duk, aby sa zabezpe\u010dila dlh\u00e1 \u017eivotnos\u0165.<\/li>\n<li>Trvanlivos\u0165: Teleso valca a povrch z\u00e1vitov\u00e9ho konca by mali by\u0165 jemne opracovan\u00e9, aby sa zv\u00fd\u0161ila odolnos\u0165 vo\u010di opotrebovaniu.<\/li>\n<li>Bezpe\u010dnos\u0165: Aby sa predi\u0161lo nehod\u00e1m, mali by by\u0165 zahrnut\u00e9 bezpe\u010dnostn\u00e9 prvky, ako s\u00fa napr\u00edklad pretlakov\u00e9 ventily.<\/li>\n<li>\u00dadr\u017eba: Malo by by\u0165 jednoduch\u00e9 udr\u017eiava\u0165 a opravova\u0165 a n\u00e1hradn\u00e9 diely by mali by\u0165 \u013eahko dostupn\u00e9.<\/li>\n<\/ul>\n<p><img src='https:\/\/www.hydraulic-cylinders.net\/wp-content\/uploads\/2025\/01\/songte-oil-pipes-and-spare-parts.webp' alt='Obr\u00e1zok valca vedra'><\/p>\n<h2>Tesnenie a mazanie<\/h2>\n<p>V valcoch s vedrov\u00fdm motorom by sa mali pou\u017e\u00edva\u0165 r\u00f4zne tesniace diely, ako s\u00fa tesnenia piestov a ty\u010d\u00ed, vyroben\u00e9 z materi\u00e1lov odoln\u00fdch vo\u010di opotrebovaniu, ako je polyuret\u00e1n a nitrilov\u00fd kau\u010duk. Teleso valca a povrch z\u00e1vitu by mali by\u0165 jemne opracovan\u00e9, aby sa zv\u00fd\u0161ila odolnos\u0165 vo\u010di opotrebovaniu. Pre plynul\u00fd a efekt\u00edvny chod je tie\u017e potrebn\u00e9 pravideln\u00e9 mazanie hydraulick\u00fdm olejom.<\/p>\n<h2>\u00dadr\u017eba a opravy<\/h2>\n<p>Pravideln\u00e1 \u00fadr\u017eba a opravy s\u00fa k\u013e\u00fa\u010dov\u00e9 pre pred\u013a\u017eenie \u017eivotnosti valcov s ko\u0161\u00edkom. Medzi be\u017en\u00e9 \u00falohy patria:<\/p>\n<ul>\n<li>Pravideln\u00e1 kontrola: Skontrolujte valec, \u010di nejav\u00ed zn\u00e1mky opotrebovania alebo po\u0161kodenia.<\/li>\n<li>Mazanie: Valec pravidelne nama\u017ete, aby ste zabezpe\u010dili jeho plynul\u00fd chod.<\/li>\n<li>V\u00fdmena tesnenia: Vyme\u0148te opotrebovan\u00e9 alebo po\u0161koden\u00e9 tesnenia, aby ste predi\u0161li \u00faniku oleja.<\/li>\n<li>Kontrola kalibr\u00e1cie: Skontrolujte kalibr\u00e1ciu valca, aby ste zabezpe\u010dili presn\u00fa prev\u00e1dzku.<\/li>\n<\/ul>\n<p><img src='https:\/\/www.hydraulic-cylinders.net\/wp-content\/uploads\/2025\/01\/songte-chushion-collar.webp' alt='Obr\u00e1zok valca vedra'><\/p>\n<h2>Bezpe\u010dnostn\u00e9 a environment\u00e1lne aspekty<\/h2>\n<p>Pri pou\u017e\u00edvan\u00ed vedrov\u00fdch valcov by sa mali prija\u0165 bezpe\u010dnostn\u00e9 opatrenia na predch\u00e1dzanie nehod\u00e1m. Pravideln\u00e1 kontrola a \u00fadr\u017eba m\u00f4\u017eu tie\u017e pom\u00f4c\u0165 predch\u00e1dza\u0165 \u0161kod\u00e1m na \u017eivotnom prostred\u00ed sp\u00f4soben\u00fdm \u00fanikom oleja.<\/p>\n<h2>Rie\u0161enie probl\u00e9mov a be\u017en\u00e9 probl\u00e9my<\/h2>\n<p>Medzi be\u017en\u00e9 probl\u00e9my s valcami vedra patria \u00faniky oleja, nezvy\u010dajn\u00e9 zvuky a pomal\u00e1 alebo nepravideln\u00e1 prev\u00e1dzka. Tipy na rie\u0161enie probl\u00e9mov a ich rie\u0161enia zah\u0155\u0148aj\u00fa:<\/p>\n<ul>\n<li>Skontrolujte hladinu a kvalitu hydraulickej kvapaliny.<\/li>\n<li>Skontrolujte a vyme\u0148te opotrebovan\u00e9 alebo po\u0161koden\u00e9 tesnenia.<\/li>\n<li>Skontrolujte, \u010di nie s\u00fa po\u0161koden\u00e9 alebo opotrebovan\u00e9 komponenty a v pr\u00edpade potreby ich vyme\u0148te.<\/li>\n<li>V pr\u00edpade potreby skontrolujte a upravte kalibr\u00e1ciu.<\/li>\n<\/ul>\n<p><img src='https:\/\/www.hydraulic-cylinders.net\/wp-content\/uploads\/2025\/01\/songte-bushings-with-all-kinds-of-excavator-models.webp' alt='Obr\u00e1zok valca vedra'><\/p>\n<h2>O na\u0161ej spolo\u010dnosti<\/h2>\n<p>Sme v\u00fdrobcom n\u00e1hradn\u00fdch hydraulick\u00fdch valcov s kompletn\u00fdmi produktov\u00fdmi kateg\u00f3riami a st\u00e1vame sa jedn\u00fdm z popredn\u00fdch v\u00fdrobcov a ve\u013ekoobchodn\u00edkov s hydraulick\u00fdmi valcami na dom\u00e1com aj medzin\u00e1rodnom trhu. Dodr\u017eiavame z\u00e1sadu vynikaj\u00facej kvality, spoliehame sa na strat\u00e9giu riadenia priemyselnej v\u00fdroby sofistikovan\u00fdch v\u00fdrobn\u00fdch dieln\u00ed, neust\u00e1le zlep\u0161ujeme v\u00fdrobn\u00fa platformu dielne, zlep\u0161ujeme v\u00fdrobn\u00fa linku kvality v\u00fdrobkov a m\u00e1me siln\u00e9 kreat\u00edvne schopnosti uspokojova\u0165 rozmanit\u00e9 potreby z\u00e1kazn\u00edkov s vysokou efektivitou, vysokou presnos\u0165ou a vysokou kvalitou.<\/p>\n<p>Na\u0161a spolo\u010dnos\u0165 pon\u00faka aj profesion\u00e1lne slu\u017eby, medzin\u00e1rodn\u00e9 certifik\u00e1cie, rie\u0161enia na mieru, modern\u00e9 v\u00fdrobn\u00e9 zariadenia a popredajn\u00e9 slu\u017eby.<\/p>\n<p><img src='https:\/\/hzpt.com\/wp-content\/uploads\/2024\/11\/songte-company-1.webp' alt='Obr\u00e1zok valca vedra'><\/p>\n<p>Autor: lyl.<\/p>","protected":false},"excerpt":{"rendered":"<p>Bucket Cylinder For Kato Small Excavator HD1430R Introduction A bucket cylinder is a specifically designed hydraulic cylinder used to control the movement of the bucket in heavy machinery such as excavators, backhoes, and front loaders. Its main function is to allow the bucket to lift, lower, and tilt, making it easier for various material handling [&hellip;]<\/p>","protected":false},"featured_media":14787,"comment_status":"open","ping_status":"closed","template":"","meta":{"_et_pb_use_builder":"","_et_pb_old_content":"","_et_gb_content_width":""},"product_brand":[],"product_cat":[1494],"product_tag":[1495,1496],"class_list":{"0":"post-16019","1":"product","2":"type-product","3":"status-publish","4":"has-post-thumbnail","6":"product_cat-bucket-cylinders","7":"product_tag-bucket-cylinders","8":"product_tag-hydraulic-cylinders","10":"first","11":"instock","12":"shipping-taxable","13":"product-type-simple"},"amp_enabled":true,"_links":{"self":[{"href":"https:\/\/www.hydraulic-cylinders.net\/sk\/wp-json\/wp\/v2\/product\/16019","targetHints":{"allow":["GET"]}}],"collection":[{"href":"https:\/\/www.hydraulic-cylinders.net\/sk\/wp-json\/wp\/v2\/product"}],"about":[{"href":"https:\/\/www.hydraulic-cylinders.net\/sk\/wp-json\/wp\/v2\/types\/product"}],"replies":[{"embeddable":true,"href":"https:\/\/www.hydraulic-cylinders.net\/sk\/wp-json\/wp\/v2\/comments?post=16019"}],"wp:featuredmedia":[{"embeddable":true,"href":"https:\/\/www.hydraulic-cylinders.net\/sk\/wp-json\/wp\/v2\/media\/14787"}],"wp:attachment":[{"href":"https:\/\/www.hydraulic-cylinders.net\/sk\/wp-json\/wp\/v2\/media?parent=16019"}],"wp:term":[{"taxonomy":"product_brand","embeddable":true,"href":"https:\/\/www.hydraulic-cylinders.net\/sk\/wp-json\/wp\/v2\/product_brand?post=16019"},{"taxonomy":"product_cat","embeddable":true,"href":"https:\/\/www.hydraulic-cylinders.net\/sk\/wp-json\/wp\/v2\/product_cat?post=16019"},{"taxonomy":"product_tag","embeddable":true,"href":"https:\/\/www.hydraulic-cylinders.net\/sk\/wp-json\/wp\/v2\/product_tag?post=16019"}],"curies":[{"name":"pracovn\u00fd list","href":"https:\/\/api.w.org\/{rel}","templated":true}]}}