{"id":16028,"date":"2025-01-19T15:18:40","date_gmt":"2025-01-19T15:18:40","guid":{"rendered":"https:\/\/www.hydraulic-cylinders.net\/product\/bucket-cylinder-for-kato-small-excavator-hd512r\/"},"modified":"2025-01-19T15:18:42","modified_gmt":"2025-01-19T15:18:42","slug":"bucket-cylinder-for-kato-small-excavator-hd512r","status":"publish","type":"product","link":"https:\/\/www.hydraulic-cylinders.net\/sk\/produkt\/bucket-cylinder-for-kato-small-excavator-hd512r\/","title":{"rendered":"Valec vedra pre mal\u00e9 r\u00fdpadlo Kato HD512R"},"content":{"rendered":"<h1>Valec vedra pre mal\u00e9 r\u00fdpadlo Kato HD512R<\/h1>\n<h2>\u00davod<\/h2>\n<p>Hydraulick\u00fd valec ly\u017eice pre mal\u00e9 r\u00fdpadlo Kato HD512R je \u0161pecializovan\u00fd hydraulick\u00fd valec pou\u017e\u00edvan\u00fd na ovl\u00e1danie pohybu ly\u017eice v \u0165a\u017ek\u00fdch strojoch, ako s\u00fa r\u00fdpadl\u00e1, r\u00fdpadlo-naklada\u010de a \u010deln\u00e9 naklada\u010de. Jeho hlavnou funkciou je umo\u017eni\u0165 zdv\u00edhanie, sp\u00fa\u0161\u0165anie a nakl\u00e1\u0148anie ly\u017eice, \u010do u\u013eah\u010duje vykon\u00e1vanie r\u00f4znych \u00faloh manipul\u00e1cie s materi\u00e1lom. V hydraulickom syst\u00e9me dosahuje valec ly\u017eice presn\u00e9 ovl\u00e1danie ly\u017eice prostredn\u00edctvom zmien tlaku hydraulick\u00e9ho oleja, \u010do umo\u017e\u0148uje obsluhe efekt\u00edvne manipulova\u0165 s \u0165a\u017ek\u00fdmi bremenami a prisp\u00f4sobova\u0165 sa zlo\u017eit\u00fdm pracovn\u00fdm prostrediam a r\u00f4znorod\u00fdm po\u017eiadavk\u00e1m pr\u00e1ce.<\/p>\n<p><img decoding=\"async\" src=\"https:\/\/www.hydraulic-cylinders.net\/wp-content\/uploads\/2025\/01\/songte-company-2.webp\" alt=\"Valec vedra\" \/><\/p>\n<h2>Funkcie<\/h2>\n<ul>\n<li><strong>Vysok\u00e1 pevnos\u0165 a odolnos\u0165:<\/strong> Zvy\u010dajne je vyroben\u00fd z vysokopevnostnej ocele alebo hlin\u00edka, odol\u00e1 vysok\u00e9mu tlaku a \u0165a\u017ek\u00fdm za\u0165a\u017eeniam, prisp\u00f4sob\u00ed sa n\u00e1ro\u010dn\u00fdm pracovn\u00fdm podmienkam a je navrhnut\u00fd s oh\u013eadom na odolnos\u0165 vo\u010di opotrebovaniu a kor\u00f3zii, \u010d\u00edm sa predl\u017euje jeho \u017eivotnos\u0165.<\/li>\n<li><strong>Efekt\u00edvna hydraulick\u00e1 prev\u00e1dzka:<\/strong> V\u010faka hydraulick\u00e9mu tlaku oleja na dosiahnutie plynul\u00e9ho vys\u00favania a s\u0165ahovania dok\u00e1\u017ee r\u00fdchlo reagova\u0165 na prev\u00e1dzkov\u00e9 pr\u00edkazy a poskytova\u0165 siln\u00e9 tla\u010dn\u00e9 a \u0165a\u017en\u00e9 sily, vhodn\u00e9 na manipul\u00e1ciu s \u0165a\u017ek\u00fdmi bremenami a zlo\u017eit\u00e9 prev\u00e1dzkov\u00e9 \u00falohy.<\/li>\n<li><strong>R\u00f4zne typy:<\/strong> Pod\u013ea prev\u00e1dzkov\u00fdch po\u017eiadaviek je mo\u017en\u00e9 zvoli\u0165 jedno\u010dinn\u00e9 (hydraulicky ovl\u00e1dan\u00e9 iba v jednom smere) alebo dvoj\u010dinn\u00e9 (hydraulicky ovl\u00e1dan\u00e9 v dvoch smeroch) valce. Niektor\u00e9 modely s\u00fa teleskopick\u00e9, \u010do umo\u017e\u0148uje v\u00e4\u010d\u0161ie roztiahnutie bez zv\u00e4\u010d\u0161enia vonkaj\u0161\u00edch rozmerov, vhodn\u00e9 pre aplik\u00e1cie s obmedzen\u00fdm priestorom.<\/li>\n<li><strong>M\u00f4\u017ee nahradi\u0165 in\u00e9 hydraulick\u00e9 valce:<\/strong> N\u00e1\u0161 produkt dok\u00e1\u017ee dokonale nahradi\u0165 in\u00e9 hydraulick\u00e9 valce a m\u00e1me \u0161irok\u00fa \u0161k\u00e1lu modelov, z ktor\u00fdch si z\u00e1kazn\u00edci m\u00f4\u017eu vybra\u0165. <\/li>\n<\/ul>\n<p><img decoding=\"async\" src=\"https:\/\/www.hydraulic-cylinders.net\/wp-content\/uploads\/2025\/01\/songte-cylinder-head-with-all-kinds-excavator-models.webp\" alt=\"Hlava valcov s modelmi bagrov\" \/><\/p>\n<h2>Aplik\u00e1cie<\/h2>\n<p>Valec vedra sa \u0161iroko pou\u017e\u00edva v r\u00f4znych \u0165a\u017ek\u00fdch strojoch, ako napr\u00edklad:<\/p>\n<ul>\n<li><strong>Stavebn\u00e9 vybavenie:<\/strong> V bagroch s\u00fa k\u013e\u00fa\u010dov\u00e9 pre kopanie, nakladanie a premiest\u0148ovanie zeminy alebo sutiny. V r\u00fdpadlo-naklada\u010doch pom\u00e1ha valec ly\u017eice pri kopan\u00ed a zdv\u00edhan\u00ed. <\/li>\n<li><strong>Po\u013enohospod\u00e1rske stroje:<\/strong> Pou\u017e\u00edva sa v \u010deln\u00fdch naklada\u010doch na naberanie, zdv\u00edhanie a prepravu p\u00f4dy, sena a in\u00fdch materi\u00e1lov. <\/li>\n<li><strong>R\u00fdpadl\u00e1:<\/strong> Valec ly\u017eice umo\u017e\u0148uje v\u00fdkopov\u00e9 pr\u00e1ce t\u00fdm, \u017ee umo\u017e\u0148uje ly\u017eici prenikn\u00fa\u0165 do p\u00f4dy.<\/li>\n<li><strong>\u010celn\u00e9 naklada\u010de:<\/strong> V \u010deln\u00fdch naklada\u010doch pom\u00e1haj\u00fa pri efekt\u00edvnom zdv\u00edhan\u00ed a vykladan\u00ed tovaru.<\/li>\n<\/ul>\n<h2>\u00davahy o dizajne a krit\u00e9ri\u00e1 v\u00fdberu<\/h2>\n<ul>\n<li><strong>Nosnos\u0165:<\/strong> Hydraulick\u00fd valec by mal by\u0165 schopn\u00fd odola\u0165 r\u00f4znym za\u0165a\u017eeniam a tlakom v r\u00f4znych prev\u00e1dzkov\u00fdch podmienkach.<\/li>\n<li><strong>Tesnenie:<\/strong> Hydraulick\u00fd valec by mal by\u0165 navrhnut\u00fd s dobrou tesniacou \u0161trukt\u00farou, aby sa zabr\u00e1nilo \u00faniku hydraulick\u00e9ho oleja, a t\u00fdm sa pred\u013a\u017eila jeho \u017eivotnos\u0165.<\/li>\n<li><strong>Trvanlivos\u0165:<\/strong> Hydraulick\u00fd valec by mal ma\u0165 dobr\u00fa odolnos\u0165 vo\u010di opotrebovaniu a kor\u00f3zii, aby sa prisp\u00f4sobil n\u00e1ro\u010dn\u00fdm pracovn\u00fdm podmienkam a pred\u013a\u017eila sa jeho \u017eivotnos\u0165.<\/li>\n<li><strong>Bezpe\u010dnos\u0165:<\/strong> Hydraulick\u00fd valec by mal by\u0165 navrhnut\u00fd s bezpe\u010dnostn\u00fdmi prvkami na zaistenie bezpe\u010dnej prev\u00e1dzky, ako s\u00fa napr\u00edklad pretlakov\u00e9 ventily, ochrana proti pre\u0165a\u017eeniu a tla\u010didl\u00e1 n\u00fadzov\u00e9ho zastavenia.<\/li>\n<li><strong>\u00dadr\u017eba:<\/strong> Hydraulick\u00fd valec by mal by\u0165 \u013eahko udr\u017eiavate\u013en\u00fd a opravovate\u013en\u00fd s \u013eahko dostupn\u00fdmi n\u00e1hradn\u00fdmi dielmi.<\/li>\n<\/ul>\n<p><img decoding=\"async\" src=\"https:\/\/www.hydraulic-cylinders.net\/wp-content\/uploads\/2025\/01\/songte-oil-pipes-and-spare-parts.webp\" alt=\"Olejov\u00e9 potrubia a n\u00e1hradn\u00e9 diely\" \/><\/p>\n<h2>Tesnenie a mazanie<\/h2>\n<p>Hydraulick\u00fd valec pou\u017e\u00edva r\u00f4zne tesniace komponenty, ako s\u00fa tesnenia piestov a tesnenia ty\u010d\u00ed vyroben\u00e9 z materi\u00e1lov odoln\u00fdch vo\u010di opotrebovaniu, ako je polyuret\u00e1n a nitrilov\u00fd kau\u010duk, aby sa zabr\u00e1nilo \u00faniku oleja. Teleso valca a z\u00e1vitov\u00e9 koncov\u00e9 plochy s\u00fa presne opracovan\u00e9, aby sa zv\u00fd\u0161ila odolnos\u0165 vo\u010di opotrebovaniu. Pravideln\u00e9 mazanie je nevyhnutn\u00e9 pre zabezpe\u010denie hladk\u00e9ho chodu hydraulick\u00e9ho valca.<\/p>\n<h2>\u00dadr\u017eba a opravy<\/h2>\n<p>Pre zaistenie dlhej \u017eivotnosti hydraulick\u00e9ho valca je potrebn\u00e1 pravideln\u00e1 \u00fadr\u017eba, ako napr\u00edklad:<\/p>\n<ul>\n<li><strong>Pravideln\u00e1 kontrola:<\/strong> Skontrolujte, \u010di nie s\u00fa vidite\u013en\u00e9 zn\u00e1mky opotrebovania a po\u0161kodenia, ako napr\u00edklad \u00fanik oleja, \u0161krabance na ojnici valca a deform\u00e1cia telesa valca.<\/li>\n<li><strong>Mazanie:<\/strong> Pre zabezpe\u010denie hladk\u00e9ho chodu naneste mazivo na hydraulick\u00fd valec.<\/li>\n<li><strong>V\u00fdmena tesnenia:<\/strong> Vyme\u0148te tesnenia, ak s\u00fa opotrebovan\u00e9 alebo po\u0161koden\u00e9.<\/li>\n<li><strong>Kontrola kalibr\u00e1cie:<\/strong> Skontrolujte kalibr\u00e1ciu hydraulick\u00e9ho valca, aby ste zabezpe\u010dili presn\u00fa prev\u00e1dzku.<\/li>\n<\/ul>\n<p><img decoding=\"async\" src=\"https:\/\/www.hydraulic-cylinders.net\/wp-content\/uploads\/2025\/01\/songte-chushion-collar.webp\" alt=\"Obojok Chushion\" \/><\/p>\n<h2>Bezpe\u010dnostn\u00e9 aspekty a faktory prostredia<\/h2>\n<p>Bezpe\u010dnos\u0165 je pri pou\u017e\u00edvan\u00ed hydraulick\u00e9ho valca nanajv\u00fd\u0161 d\u00f4le\u017eit\u00e1. Aby sa predi\u0161lo nehod\u00e1m, je potrebn\u00e9 vykona\u0165 spr\u00e1vne \u0161kolenie a obsluhu. Pri pou\u017e\u00edvan\u00ed hydraulick\u00e9ho valca by sa mali bra\u0165 do \u00favahy aj faktory prostredia, ako je teplota a vlhkos\u0165, preto\u017ee m\u00f4\u017eu ovplyvni\u0165 jeho v\u00fdkon.<\/p>\n<h2>Diagnostika por\u00fach a rie\u0161enie probl\u00e9mov<\/h2>\n<p>Medzi be\u017en\u00e9 poruchy hydraulick\u00fdch valcov patr\u00ed \u00fanik oleja, nedostato\u010dn\u00fd tlak a pomal\u00e1 odozva. Spr\u00e1vne rie\u0161enie probl\u00e9mov a diagnostika m\u00f4\u017eu pom\u00f4c\u0165 tieto probl\u00e9my vyrie\u0161i\u0165. Na predch\u00e1dzanie poruch\u00e1m je potrebn\u00e1 pravideln\u00e1 \u00fadr\u017eba a spr\u00e1vna prev\u00e1dzka.<\/p>\n<p><img decoding=\"async\" src=\"https:\/\/www.hydraulic-cylinders.net\/wp-content\/uploads\/2025\/01\/songte-bushings-with-all-kinds-of-excavator-models.webp\" alt=\"Puzdr\u00e1 s modelmi bagrov\" \/><\/p>\n<h2>O na\u0161ej spolo\u010dnosti<\/h2>\n<p>Sme popredn\u00fdm v\u00fdrobcom a ve\u013ekoobchodn\u00edkom hydraulick\u00fdch valcov na dom\u00e1com aj medzin\u00e1rodnom trhu. Na\u0161e produkty pokr\u00fdvaj\u00fa \u0161irok\u00fa \u0161k\u00e1lu modelov a typov a dodr\u017eiavame z\u00e1sady vynikaj\u00facej kvality a efekt\u00edvnych strat\u00e9gi\u00ed riadenia v\u00fdroby. M\u00e1me t\u00edm kvalifikovan\u00fdch technikov, modern\u00e9 digit\u00e1lne v\u00fdrobn\u00e9 zariadenia a profesion\u00e1lny testovac\u00ed syst\u00e9m, aby sme zabezpe\u010dili kvalitu na\u0161ich produktov. Poskytujeme tie\u017e slu\u017eby prisp\u00f4sobenia, aby sme splnili rozmanit\u00e9 potreby na\u0161ich z\u00e1kazn\u00edkov. <\/p>\n<p>Na\u0161a spolo\u010dnos\u0165 z\u00edskala r\u00f4zne medzin\u00e1rodn\u00e9 certifik\u00e1cie, ako napr\u00edklad ISO9001, CE a SGS, a pon\u00fakame vynikaj\u00face popredajn\u00e9 slu\u017eby vr\u00e1tane \u00fadr\u017eby, opr\u00e1v a v\u00fdmeny. Sna\u017e\u00edme sa poskytova\u0165 na\u0161im z\u00e1kazn\u00edkom vysokokvalitn\u00e9 produkty a slu\u017eby a vytv\u00e1ra\u0165 pre nich hodnotu.<\/p>\n<p><img decoding=\"async\" src=\"https:\/\/hzpt.com\/wp-content\/uploads\/2024\/11\/songte-company-1.webp\" alt=\"Spolo\u010dnos\u0165\" \/><\/p>\n<p>Autor: lyl<\/p>","protected":false},"excerpt":{"rendered":"<p>Bucket Cylinder For Kato Small Excavator HD512R Introduction The bucket cylinder for Kato small excavator HD512R is a specialized hydraulic cylinder used to control the movement of the bucket in heavy machinery such as excavators, backhoe loaders, and front-end loaders. Its main function is to enable the bucket to lift, lower, and tilt, making it [&hellip;]<\/p>","protected":false},"featured_media":14769,"comment_status":"open","ping_status":"closed","template":"","meta":{"_et_pb_use_builder":"","_et_pb_old_content":"","_et_gb_content_width":""},"product_brand":[],"product_cat":[1494],"product_tag":[1495,1496],"class_list":{"0":"post-16028","1":"product","2":"type-product","3":"status-publish","4":"has-post-thumbnail","6":"product_cat-bucket-cylinders","7":"product_tag-bucket-cylinders","8":"product_tag-hydraulic-cylinders","10":"first","11":"instock","12":"shipping-taxable","13":"product-type-simple"},"amp_enabled":true,"_links":{"self":[{"href":"https:\/\/www.hydraulic-cylinders.net\/sk\/wp-json\/wp\/v2\/product\/16028","targetHints":{"allow":["GET"]}}],"collection":[{"href":"https:\/\/www.hydraulic-cylinders.net\/sk\/wp-json\/wp\/v2\/product"}],"about":[{"href":"https:\/\/www.hydraulic-cylinders.net\/sk\/wp-json\/wp\/v2\/types\/product"}],"replies":[{"embeddable":true,"href":"https:\/\/www.hydraulic-cylinders.net\/sk\/wp-json\/wp\/v2\/comments?post=16028"}],"wp:featuredmedia":[{"embeddable":true,"href":"https:\/\/www.hydraulic-cylinders.net\/sk\/wp-json\/wp\/v2\/media\/14769"}],"wp:attachment":[{"href":"https:\/\/www.hydraulic-cylinders.net\/sk\/wp-json\/wp\/v2\/media?parent=16028"}],"wp:term":[{"taxonomy":"product_brand","embeddable":true,"href":"https:\/\/www.hydraulic-cylinders.net\/sk\/wp-json\/wp\/v2\/product_brand?post=16028"},{"taxonomy":"product_cat","embeddable":true,"href":"https:\/\/www.hydraulic-cylinders.net\/sk\/wp-json\/wp\/v2\/product_cat?post=16028"},{"taxonomy":"product_tag","embeddable":true,"href":"https:\/\/www.hydraulic-cylinders.net\/sk\/wp-json\/wp\/v2\/product_tag?post=16028"}],"curies":[{"name":"pracovn\u00fd list","href":"https:\/\/api.w.org\/{rel}","templated":true}]}}