{"id":16073,"date":"2025-01-20T08:26:36","date_gmt":"2025-01-20T08:26:36","guid":{"rendered":"https:\/\/www.hydraulic-cylinders.net\/product\/arm-cylinderfor-komatsu-large-excavator-pc360-8mo\/"},"modified":"2025-01-20T08:26:38","modified_gmt":"2025-01-20T08:26:38","slug":"arm-cylinderfor-komatsu-large-excavator-pc360-8mo","status":"publish","type":"product","link":"https:\/\/www.hydraulic-cylinders.net\/sk\/produkt\/arm-cylinderfor-komatsu-large-excavator-pc360-8mo\/","title":{"rendered":"Valec ramena pre ve\u013ek\u00e9 r\u00fdpadlo Komatsu PC360-8MO"},"content":{"rendered":"<h1>Valec ramena pre ve\u013ek\u00e9 r\u00fdpadlo Komatsu PC360-8MO<\/h1>\n<h2>\u00davod<\/h2>\n<p>Hydraulick\u00fd valec ramena je \u0161peci\u00e1lne navrhnut\u00fd hydraulick\u00fd valec, ktor\u00fd poskytuje line\u00e1rny pohyb a v\u00fdkon ramenu r\u00f4znych typov strojov, ako s\u00fa r\u00fdpadl\u00e1, \u017eeriavy a robotick\u00e9 ramen\u00e1. Zohr\u00e1va k\u013e\u00fa\u010dov\u00fa \u00falohu v hydraulick\u00fdch syst\u00e9moch, preto\u017ee umo\u017e\u0148uje efekt\u00edvny pohyb a ovl\u00e1danie dodato\u010dn\u00fdch n\u00e1strojov alebo pr\u00edslu\u0161enstva. Tieto valce nielen zabezpe\u010duj\u00fa plynul\u00fd pohyb, ale tie\u017e odol\u00e1vaj\u00fa \u0165a\u017ek\u00fdm za\u0165a\u017eeniam, \u010d\u00edm zais\u0165uj\u00fa vysok\u00fa prev\u00e1dzkov\u00fa \u00fa\u010dinnos\u0165 a spo\u013eahlivos\u0165 stroja v r\u00f4znych pracovn\u00fdch podmienkach.<\/p>\n<p><img decoding=\"async\" src=\"https:\/\/www.hydraulic-cylinders.net\/wp-content\/uploads\/2025\/01\/songte-company-2.webp\" alt=\"obr\u00e1zok valca ramena\"><\/p>\n<h2>Vlastnosti produktu<\/h2>\n<ol>\n<li><strong>Vysoko \u00fa\u010dinn\u00fd prevod:<\/strong> Valec ramena poskytuje siln\u00fd line\u00e1rny pohyb a silu, \u010d\u00edm zais\u0165uje vysok\u00fd v\u00fdkon mechanick\u00e9ho ramena pri r\u00f4znych oper\u00e1ci\u00e1ch.<\/li>\n<li><strong>Presn\u00e9 ovl\u00e1danie:<\/strong> Prostredn\u00edctvom hydraulick\u00e9ho syst\u00e9mu umo\u017e\u0148uje valec ramena presn\u00e9 ovl\u00e1danie pohybu, v\u010faka \u010domu je ovl\u00e1danie pripojen\u00e9ho n\u00e1radia flexibilnej\u0161ie a presnej\u0161ie.<\/li>\n<li><strong>Trvanlivos\u0165:<\/strong> Valce ramien sa zvy\u010dajne vyr\u00e1baj\u00fa z vysokopevnostn\u00fdch materi\u00e1lov, ktor\u00e9 pon\u00fakaj\u00fa vynikaj\u00facu odolnos\u0165 vo\u010di opotrebovaniu a kor\u00f3zii, v\u010faka \u010domu s\u00fa vhodn\u00e9 na dlhodob\u00e9 pou\u017e\u00edvanie v n\u00e1ro\u010dn\u00fdch podmienkach.<\/li>\n<li><strong>Multifunk\u010dn\u00e1 prisp\u00f4sobivos\u0165:<\/strong> Tieto valce nach\u00e1dzaj\u00fa \u0161irok\u00e9 uplatnenie v r\u00f4znych strojoch vr\u00e1tane r\u00fdpadiel, \u017eeriavov a robotick\u00fdch ramien, pri\u010dom sa prisp\u00f4sobuj\u00fa r\u00f4znym po\u017eiadavk\u00e1m pr\u00e1ce.<\/li>\n<li><strong>Jednoduch\u00e1 \u00fadr\u017eba:<\/strong> Kon\u0161truk\u010dn\u00e9 aspekty pre jednoduch\u00fa \u00fadr\u017ebu a v\u00fdmenu u\u013eah\u010duj\u00fa pravideln\u00e9 kontroly a \u00fadr\u017ebu, \u010d\u00edm sa skracuj\u00fa prestoje zariaden\u00ed.<\/li>\n<\/ol>\n<p><img decoding=\"async\" src=\"https:\/\/www.hydraulic-cylinders.net\/wp-content\/uploads\/2025\/01\/songte-oil-pipes-and-spare-parts.webp\" alt=\"obr\u00e1zok produktu\"><\/p>\n<h2>Aplik\u00e1cie<\/h2>\n<ul>\n<li><strong>Stavebn\u00e9 in\u017einierstvo:<\/strong> Valce ramien sa pou\u017e\u00edvaj\u00fa v r\u00fdpadl\u00e1ch a \u017eeriavoch na ovl\u00e1danie pohybu vedier alebo ramien v\u00fdlo\u017en\u00edka pri zemn\u00fdch pr\u00e1cach, manipul\u00e1cii s materi\u00e1lom a in\u0161tal\u00e1ci\u00e1ch kon\u0161trukci\u00ed.<\/li>\n<li><strong>V\u00fdrobn\u00fd priemysel:<\/strong> V automatizovan\u00fdch v\u00fdrobn\u00fdch link\u00e1ch riadia valce ramien pohyb robotick\u00fdch ramien pri mont\u00e1\u017ei, zv\u00e1ran\u00ed a manipul\u00e1cii s materi\u00e1lom, \u010d\u00edm zvy\u0161uj\u00fa efektivitu a presnos\u0165 v\u00fdroby.<\/li>\n<li><strong>Po\u013enohospod\u00e1rske stroje:<\/strong> V po\u013enohospod\u00e1rskych strojoch, ako s\u00fa zbera\u010de a seja\u010dky, riadia valce ramien pohyb ovl\u00e1dac\u00edch ramien pri \u00faloh\u00e1ch, ako je siatie, hnojenie a zber \u00farody.<\/li>\n<li><strong>\u0164a\u017eba:<\/strong> V bansk\u00fdch zariadeniach ovl\u00e1daj\u00fa valce ramien pohyb bansk\u00fdch ramien pri \u0165a\u017ebe a preprave rudy.<\/li>\n<li><strong>Logistika a doprava:<\/strong> Vo vysokozdvi\u017en\u00fdch voz\u00edkoch a manipula\u010dn\u00fdch robotoch ovl\u00e1daj\u00fa valce ramien zdv\u00edhanie a pohyb vidl\u00edc, \u010do umo\u017e\u0148uje manipul\u00e1ciu s materi\u00e1lom a stohovanie.<\/li>\n<\/ul>\n<h2>\u00davahy o dizajne a krit\u00e9ri\u00e1 v\u00fdberu<\/h2>\n<ol>\n<li><strong>Nosnos\u0165:<\/strong> Valce ramien s\u00fa navrhnut\u00e9 tak, aby zvl\u00e1dli \u0161pecifick\u00e9 po\u017eiadavky na za\u0165a\u017eenie, \u010d\u00edm sa zabezpe\u010d\u00ed bezpe\u010dn\u00e1 a efekt\u00edvna prev\u00e1dzka.<\/li>\n<li><strong>Tesnenie:<\/strong> Na zabr\u00e1nenie \u00faniku sa pou\u017e\u00edvaj\u00fa r\u00f4zne tesniace prvky, ako s\u00fa tesnenia piestov a tesnenia ty\u010d\u00ed. Tieto tesnenia s\u00fa vyroben\u00e9 z odoln\u00fdch materi\u00e1lov, ako je polyuret\u00e1n a nitrilov\u00fd kau\u010duk.<\/li>\n<li><strong>Trvanlivos\u0165:<\/strong> Teleso valca a z\u00e1vitov\u00e9 konce prech\u00e1dzaj\u00fa presn\u00fdm spracovan\u00edm, aby sa zlep\u0161ila odolnos\u0165 proti opotrebovaniu a zabezpe\u010dila sa dlhotrvaj\u00faca v\u00fdkonnos\u0165.<\/li>\n<li><strong>Bezpe\u010dnos\u0165:<\/strong> Valce ramien s\u00fa navrhnut\u00e9 s bezpe\u010dnostn\u00fdmi prvkami, ktor\u00e9 zabra\u0148uj\u00fa nehod\u00e1m po\u010das prev\u00e1dzky, ako s\u00fa napr\u00edklad pretlakov\u00e9 ventily a bezpe\u010dnostn\u00e9 z\u00e1mky.<\/li>\n<li><strong>Udr\u017eiavate\u013enos\u0165:<\/strong> Po\u010das procesu n\u00e1vrhu sa zoh\u013ead\u0148uje jednoduch\u00fd pr\u00edstup pre \u00fadr\u017ebu a opravy, \u010d\u00edm sa minimalizuj\u00fa prestoje a zni\u017euj\u00fa n\u00e1klady na \u00fadr\u017ebu.<\/li>\n<\/ol>\n<p><img decoding=\"async\" src=\"https:\/\/www.hydraulic-cylinders.net\/wp-content\/uploads\/2025\/01\/songte-cylinder-head-with-all-kinds-excavator-models.webp\" alt=\"obr\u00e1zok produktu\"><\/p>\n<h2>Tesnenie a mazanie<\/h2>\n<p>Valce ramena vyu\u017e\u00edvaj\u00fa r\u00f4zne tesniace prvky, ako s\u00fa tesnenia piestov a tesnenia ty\u010d\u00ed, vyroben\u00e9 z materi\u00e1lov odoln\u00fdch vo\u010di opotrebovaniu, ako je polyuret\u00e1n a nitrilov\u00fd kau\u010duk. Teleso valca a z\u00e1vitov\u00e9 konce s\u00fa jemne o\u0161etren\u00e9 na zv\u00fd\u0161enie odolnosti vo\u010di opotrebovaniu. Na zabezpe\u010denie hladk\u00e9ho chodu je potrebn\u00e9 pravideln\u00e9 mazanie vhodn\u00fdm hydraulick\u00fdm olejom.<\/p>\n<h2>Pravideln\u00e1 kontrola a prevent\u00edvna \u00fadr\u017eba<\/h2>\n<ul>\n<li>Pravidelne kontrolujte valec, \u010di nevykazuje zn\u00e1mky opotrebovania, \u00faniku alebo po\u0161kodenia.<\/li>\n<li>Skontrolujte a pod\u013ea potreby vyme\u0148te tesnenia a \u010fal\u0161ie komponenty.<\/li>\n<li>Udr\u017eujte spr\u00e1vne mazanie pridan\u00edm vhodn\u00e9ho mno\u017estva hydraulick\u00e9ho oleja.<\/li>\n<li>Zabezpe\u010dte spr\u00e1vne zarovnanie a mont\u00e1\u017e valca.<\/li>\n<li>Dodr\u017eiavajte pl\u00e1n \u00fadr\u017eby odpor\u00fa\u010dan\u00fd v\u00fdrobcom.<\/li>\n<\/ul>\n<h2>Sprievodca spr\u00e1vnou in\u0161tal\u00e1ciou produktu<\/h2>\n<p>1. Uistite sa, \u017ee valec a mont\u00e1\u017ene povrchy s\u00fa \u010dist\u00e9 a bez ne\u010dist\u00f4t.<br \/>\n2. Zarovnajte valec s upev\u0148ovac\u00edmi bodmi a pevne ho upevnite.<br \/>\n3. Spr\u00e1vne pripojte hydraulick\u00e9 hadice a uistite sa, \u017ee z nich nedoch\u00e1dza k \u00faniku.<br \/>\n4. V pr\u00edpade potreby odvzdu\u0161nite syst\u00e9m.<br \/>\n5. Otestujte \u010dinnos\u0165 valca, aby ste sa uistili o jeho spr\u00e1vnej funk\u010dnosti.<br \/>\n6. Vykonajte v\u0161etky potrebn\u00e9 \u00fapravy pod\u013ea \u0161pecifik\u00e1ci\u00ed zariadenia.<br \/>\n7. \u010eal\u0161ie pokyny n\u00e1jdete v pokynoch v\u00fdrobcu na in\u0161tal\u00e1ciu.<\/p>\n<p><img decoding=\"async\" src=\"https:\/\/www.hydraulic-cylinders.net\/wp-content\/uploads\/2025\/01\/songte-bushings-with-all-kinds-of-excavator-models.webp\" alt=\"obr\u00e1zok produktu\"><\/p>\n<h2>Bezpe\u010dnostn\u00e9 aspekty a faktory prostredia<\/h2>\n<p>Pri pou\u017e\u00edvan\u00ed hydraulick\u00fdch valcov ramena je implement\u00e1cia bezpe\u010dnostn\u00fdch opatren\u00ed nevyhnutn\u00e1 na predch\u00e1dzanie nehod\u00e1m a zabezpe\u010denie ochrany pracovn\u00edkov. Je d\u00f4le\u017eit\u00e9 dodr\u017eiava\u0165 bezpe\u010dnostn\u00e9 pokyny, ako je nosenie vhodn\u00fdch osobn\u00fdch ochrann\u00fdch prostriedkov a dodr\u017eiavanie spr\u00e1vnych prev\u00e1dzkov\u00fdch postupov. Okrem toho je na minimaliz\u00e1ciu ak\u00e9hoko\u013evek negat\u00edvneho vplyvu nevyhnutn\u00e9 zoh\u013eadni\u0165 environment\u00e1lne faktory, ako je spr\u00e1vna likvid\u00e1cia hydraulick\u00fdch kvapal\u00edn a dodr\u017eiavanie environment\u00e1lnych predpisov.<\/p>\n<h2>Diagnostika por\u00fach a be\u017en\u00e9 probl\u00e9my<\/h2>\n<p>1. \u00danik: Skontrolujte, \u010di nie s\u00fa po\u0161koden\u00e9 tesnenia a spoje. V pr\u00edpade potreby ich vyme\u0148te alebo opravte.<br \/>\n2. Pomal\u00fd alebo nepravideln\u00fd pohyb: Skontrolujte hydraulick\u00fd syst\u00e9m, \u010di nie je n\u00edzka hladina kvapaliny, upchat\u00e9 filtre alebo chybn\u00e9 ventily. Rie\u0161te probl\u00e9m pod\u013ea potreby.<br \/>\n3. Hlu\u010dn\u00e1 prev\u00e1dzka: Skontrolujte, \u010di nie s\u00fa uvo\u013enen\u00e9 alebo opotrebovan\u00e9 komponenty. V pr\u00edpade potreby diely dotiahnite alebo vyme\u0148te.<br \/>\n4. Drift valca: Skontrolujte regula\u010dn\u00e9 ventily a tesnenia, \u010di nedoch\u00e1dza k \u00fanikom. V pr\u00edpade potreby ich opravte alebo vyme\u0148te.<br \/>\n5. Prehriatie: Skontrolujte, \u010di je hydraulick\u00fd olej na spr\u00e1vnej hladine a \u010di sa neprehrieva. Skontrolujte, \u010di nedoch\u00e1dza k syst\u00e9mov\u00fdm obmedzeniam alebo chybn\u00fdm chladiacim komponentom.<\/p>\n<p>Pre konkr\u00e9tne rie\u0161enie probl\u00e9mov si pre\u010d\u00edtajte pokyny v\u00fdrobcu alebo vyh\u013eadajte odborn\u00fa pomoc.<\/p>\n<p><img decoding=\"async\" src=\"https:\/\/www.hydraulic-cylinders.net\/wp-content\/uploads\/2025\/01\/songte-chushion-collar.webp\" alt=\"obr\u00e1zok produktu\"><\/p>\n<p>Nezabudnite \u010dl\u00e1nok logicky usporiada\u0165, pre jednoduch\u0161iu navig\u00e1ciu pou\u017e\u00edva\u0165 podnadpisy, pre lep\u0161ie pochopenie zahrn\u00fa\u0165 relevantn\u00e9 obr\u00e1zky alebo grafy a zabezpe\u010di\u0165 jasn\u00fd a stru\u010dn\u00fd obsah vhodn\u00fd pre \u010ditate\u013eov s r\u00f4znymi \u00farov\u0148ami technick\u00fdch znalost\u00ed.<\/p>\n<h2>O na\u0161ej spolo\u010dnosti<\/h2>\n<p>Sme profesion\u00e1lny v\u00fdrobca alternat\u00edvnych hydraulick\u00fdch valcov a pon\u00fakame \u0161irok\u00fd sortiment produktov. Stali sme sa jedn\u00fdm z popredn\u00fdch v\u00fdrobcov a ve\u013ekoobchodn\u00fdch distrib\u00fatorov hydraulick\u00fdch valcov na dom\u00e1com aj medzin\u00e1rodnom trhu. Dodr\u017eiavame princ\u00edp excelentnosti a v na\u0161ej prepracovanej v\u00fdrobnej dielni sa spoliehame na strat\u00e9gie riadenia priemyselnej v\u00fdroby, aby sme neust\u00e1le zlep\u0161ovali na\u0161e technick\u00e9 znalosti a efektivitu v\u00fdroby. Zav\u00e1dzan\u00edm \u0161pi\u010dkov\u00fdch digit\u00e1lnych v\u00fdrobn\u00fdch zariaden\u00ed a profesion\u00e1lnych testovac\u00edch syst\u00e9mov optimalizujeme na\u0161u v\u00fdrobn\u00fa platformu a zlep\u0161ujeme procesy kontroly kvality v\u00fdrobkov, \u010d\u00edm preukazujeme siln\u00e9 inova\u010dn\u00e9 schopnosti. Na\u0161\u00edm cie\u013eom je uspokojova\u0165 rozmanit\u00e9 potreby z\u00e1kazn\u00edkov s efekt\u00edvnos\u0165ou, presnos\u0165ou a vysoko kvalitn\u00fdmi produktmi.<\/p>\n<p><img decoding=\"async\" src=\"https:\/\/www.hydraulic-cylinders.net\/wp-content\/uploads\/2025\/01\/songte-company-4.webp\" alt=\"imid\u017e spolo\u010dnosti\"><br \/>\n<img decoding=\"async\" src=\"https:\/\/www.hydraulic-cylinders.net\/wp-content\/uploads\/2025\/01\/songte-company-3.webp\" alt=\"imid\u017e spolo\u010dnosti\"><\/p>\n<p>Okrem toho sme hrd\u00ed na na\u0161u profesionalitu, medzin\u00e1rodn\u00e9 certifik\u00e1cie, slu\u017eby na mieru, najmodernej\u0161ie v\u00fdrobn\u00e9 zariadenia a komplexn\u00e9 popredajn\u00e9 slu\u017eby.<\/p>\n<p><em>Autor: lyl<\/em><\/p>","protected":false},"excerpt":{"rendered":"<p>Arm Cylinder for Komatsu Large Excavator PC360-8MO Introduction An arm cylinder is a specially designed hydraulic cylinder that provides linear motion and power to the arm of various types of machinery, such as excavators, cranes, and robotic arms. It plays a crucial role in hydraulic systems, enabling the efficient movement and control of additional tools [&hellip;]<\/p>","protected":false},"featured_media":14786,"comment_status":"open","ping_status":"closed","template":"","meta":{"_et_pb_use_builder":"","_et_pb_old_content":"","_et_gb_content_width":""},"product_brand":[],"product_cat":[1497],"product_tag":[1498,1496],"class_list":{"0":"post-16073","1":"product","2":"type-product","3":"status-publish","4":"has-post-thumbnail","6":"product_cat-arm-cylinders","7":"product_tag-arm-cylinders","8":"product_tag-hydraulic-cylinders","10":"first","11":"instock","12":"shipping-taxable","13":"product-type-simple"},"amp_enabled":true,"_links":{"self":[{"href":"https:\/\/www.hydraulic-cylinders.net\/sk\/wp-json\/wp\/v2\/product\/16073","targetHints":{"allow":["GET"]}}],"collection":[{"href":"https:\/\/www.hydraulic-cylinders.net\/sk\/wp-json\/wp\/v2\/product"}],"about":[{"href":"https:\/\/www.hydraulic-cylinders.net\/sk\/wp-json\/wp\/v2\/types\/product"}],"replies":[{"embeddable":true,"href":"https:\/\/www.hydraulic-cylinders.net\/sk\/wp-json\/wp\/v2\/comments?post=16073"}],"wp:featuredmedia":[{"embeddable":true,"href":"https:\/\/www.hydraulic-cylinders.net\/sk\/wp-json\/wp\/v2\/media\/14786"}],"wp:attachment":[{"href":"https:\/\/www.hydraulic-cylinders.net\/sk\/wp-json\/wp\/v2\/media?parent=16073"}],"wp:term":[{"taxonomy":"product_brand","embeddable":true,"href":"https:\/\/www.hydraulic-cylinders.net\/sk\/wp-json\/wp\/v2\/product_brand?post=16073"},{"taxonomy":"product_cat","embeddable":true,"href":"https:\/\/www.hydraulic-cylinders.net\/sk\/wp-json\/wp\/v2\/product_cat?post=16073"},{"taxonomy":"product_tag","embeddable":true,"href":"https:\/\/www.hydraulic-cylinders.net\/sk\/wp-json\/wp\/v2\/product_tag?post=16073"}],"curies":[{"name":"pracovn\u00fd list","href":"https:\/\/api.w.org\/{rel}","templated":true}]}}