{"id":16075,"date":"2025-01-20T08:26:45","date_gmt":"2025-01-20T08:26:45","guid":{"rendered":"https:\/\/www.hydraulic-cylinders.net\/product\/arm-cylinderfor-komatsu-large-excavator-pc850se-8\/"},"modified":"2025-01-20T08:26:47","modified_gmt":"2025-01-20T08:26:47","slug":"arm-cylinderfor-komatsu-large-excavator-pc850se-8","status":"publish","type":"product","link":"https:\/\/www.hydraulic-cylinders.net\/sk\/produkt\/arm-cylinderfor-komatsu-large-excavator-pc850se-8\/","title":{"rendered":"Valec ramena pre ve\u013ek\u00e9 r\u00fdpadlo Komatsu PC850SE-8"},"content":{"rendered":"<h1>Valec ramena pre ve\u013ek\u00e9 r\u00fdpadlo Komatsu PC850SE-8<\/h1>\n<h2>Defin\u00edcia produktu<\/h2>\n<h3>\u010co je to ramenn\u00fd valec?<\/h3>\n<p>Hydraulick\u00fd valec ramena je \u0161peci\u00e1lne navrhnut\u00fd hydraulick\u00fd valec, ktor\u00fd poskytuje line\u00e1rny pohyb a v\u00fdkon ramen\u00e1m r\u00f4znych strojov, ako s\u00fa r\u00fdpadl\u00e1, \u017eeriavy a robotick\u00e9 ramen\u00e1. Zohr\u00e1va k\u013e\u00fa\u010dov\u00fa \u00falohu v hydraulickom syst\u00e9me, preto\u017ee umo\u017e\u0148uje plynul\u00fd a efekt\u00edvny pohyb a prev\u00e1dzku pr\u00edslu\u0161enstva alebo pr\u00edslu\u0161enstva. Tieto valce nielen zabezpe\u010duj\u00fa plynul\u00fd pohyb, ale tie\u017e odol\u00e1vaj\u00fa \u0165a\u017ek\u00fdm za\u0165a\u017eeniam, \u010d\u00edm zabezpe\u010duj\u00fa efekt\u00edvnu prev\u00e1dzku a spo\u013eahlivos\u0165 strojov v r\u00f4znych pracovn\u00fdch podmienkach.<\/p>\n<p><img decoding=\"async\" src=\"https:\/\/www.hydraulic-cylinders.net\/wp-content\/uploads\/2025\/01\/songte-company-2.webp\" alt=\"Obr\u00e1zok valca ramena\"><\/p>\n<h2>Vlastnosti produktu<\/h2>\n<h3>K\u013e\u00fa\u010dov\u00e9 vlastnosti<\/h3>\n<ul>\n<li>Vysoko\u00fa\u010dinn\u00fd prevod: Valec ramena poskytuje siln\u00fd line\u00e1rny pohyb a silu, aby sa zabezpe\u010dil efekt\u00edvny v\u00fdkon mechanick\u00e9ho ramena po\u010das r\u00f4znych oper\u00e1ci\u00ed.<\/li>\n<li>Presn\u00e9 ovl\u00e1danie: Valec ramena dok\u00e1\u017ee dosiahnu\u0165 presn\u00e9 ovl\u00e1danie pohybu prostredn\u00edctvom hydraulick\u00e9ho syst\u00e9mu, v\u010faka \u010domu je ovl\u00e1danie pr\u00edslu\u0161enstva flexibilnej\u0161ie a presnej\u0161ie.<\/li>\n<li>Vysok\u00e1 odolnos\u0165: Valce ramien s\u00fa zvy\u010dajne vyroben\u00e9 z vysoko pevn\u00fdch materi\u00e1lov, maj\u00fa dobr\u00fa odolnos\u0165 vo\u010di opotrebovaniu a kor\u00f3zii a s\u00fa vhodn\u00e9 na dlhodob\u00e9 pou\u017e\u00edvanie v n\u00e1ro\u010dn\u00fdch podmienkach.<\/li>\n<li>Multifunk\u010dn\u00e1 prisp\u00f4sobivos\u0165: Tieto valce sa daj\u00fa \u0161iroko pou\u017e\u00edva\u0165 v r\u00f4znych mechanick\u00fdch zariadeniach, ako s\u00fa bagre, \u017eeriavy a robotick\u00e9 ramen\u00e1, aby sa prisp\u00f4sobili r\u00f4znym pracovn\u00fdm potreb\u00e1m.<\/li>\n<li>Jednoduch\u00e1 \u00fadr\u017eba: Dizajn je navrhnut\u00fd pre jednoduch\u00fa \u00fadr\u017ebu a v\u00fdmenu, \u010do u\u013eah\u010duje pravideln\u00fa kontrolu a \u00fadr\u017ebu a skracuje prestoje zariadenia.<\/li>\n<\/ul>\n<h3>V\u00fdmena produktu<\/h3>\n<p>Tento produkt vieme vyrobi\u0165 a n\u00e1\u0161 produkt dok\u00e1\u017ee dokonale nahradi\u0165 tieto hydraulick\u00e9 valce.<\/p>\n<p><img decoding=\"async\" src=\"https:\/\/www.hydraulic-cylinders.net\/wp-content\/uploads\/2025\/01\/songte-oil-pipes-and-spare-parts.webp\" alt=\"Obr\u00e1zok n\u00e1hradn\u00e9ho produktu\"><\/p>\n<h2>Scen\u00e1re aplik\u00e1ci\u00ed<\/h2>\n<h3>Stavebn\u00e9 pr\u00e1ce a stavebn\u00e9 pr\u00e1ce<\/h3>\n<p>V r\u00fdpadl\u00e1ch a \u017eeriavoch sa valce ramien pou\u017e\u00edvaj\u00fa na ovl\u00e1danie pohybu vedier alebo v\u00fdlo\u017en\u00edkov pri zemn\u00fdch pr\u00e1cach, manipul\u00e1cii s materi\u00e1lom a mont\u00e1\u017ei kon\u0161trukci\u00ed.<\/p>\n<h3>V\u00fdroba<\/h3>\n<p>V automatizovan\u00fdch v\u00fdrobn\u00fdch link\u00e1ch sa valce ramien pou\u017e\u00edvaj\u00fa na pohyb robotick\u00fdch ramien pri mont\u00e1\u017ei, zv\u00e1ran\u00ed a manipul\u00e1cii s materi\u00e1lom, \u010d\u00edm sa zlep\u0161uje efektivita a presnos\u0165 v\u00fdroby.<\/p>\n<h3>Po\u013enohospod\u00e1rske stroje<\/h3>\n<p>V po\u013enohospod\u00e1rskych strojoch, ako s\u00fa zbera\u010de a seja\u010dky, riadia valce ramien pohyb ovl\u00e1dac\u00edch ramien a vykon\u00e1vaj\u00fa \u00falohy ako siatie, hnojenie a zber \u00farody.<\/p>\n<h3>\u0164a\u017eba<\/h3>\n<p>V bansk\u00fdch zariadeniach sa valce ramien pou\u017e\u00edvaj\u00fa na ovl\u00e1danie pohybov ramien bansk\u00fdch zariaden\u00ed, ako je \u0165a\u017eba a manipul\u00e1cia s rudou.<\/p>\n<h3>Logistika a doprava<\/h3>\n<p>Vo vysokozdvi\u017en\u00fdch voz\u00edkoch a manipula\u010dn\u00fdch robotoch sa valce ramien pou\u017e\u00edvaj\u00fa na ovl\u00e1danie zdv\u00edhania a pohybu \u010depel\u00ed vidl\u00edc, \u010d\u00edm sa realizuje manipul\u00e1cia a stohovanie materi\u00e1lov.<\/p>\n<h2>\u00davahy o dizajne produktu a krit\u00e9ri\u00e1 v\u00fdberu<\/h2>\n<h3>Nosnos\u0165<\/h3>\n<p>Nosnos\u0165 valca ramena mus\u00ed by\u0165 schopn\u00e1 odola\u0165 maxim\u00e1lnemu za\u0165a\u017eeniu stroja po\u010das prev\u00e1dzky, aby sa zabezpe\u010dila bezpe\u010dnos\u0165 a \u00fa\u010dinnos\u0165 zariadenia.<\/p>\n<h3>Tesnenie<\/h3>\n<p>Na zabr\u00e1nenie \u00faniku hydraulickej kvapaliny a zabezpe\u010denie norm\u00e1lnej prev\u00e1dzky valca sa pou\u017e\u00edvaj\u00fa r\u00f4zne tesniace komponenty, ako s\u00fa tesnenia piestov a tesnenia ty\u010d\u00ed. Tieto tesnenia musia by\u0165 vyroben\u00e9 z materi\u00e1lov odoln\u00fdch vo\u010di opotrebovaniu, ako je polyuret\u00e1n a nitrilov\u00e1 guma.<\/p>\n<h3>Trvanlivos\u0165<\/h3>\n<p>Valce ramien s\u00fa be\u017ene vystaven\u00e9 drsn\u00e9mu prostrediu, ako je prach, vlhkos\u0165 a koroz\u00edvne l\u00e1tky. Preto je potrebn\u00e9 telo valca a z\u00e1vitov\u00fd koniec jemne opracova\u0165, aby sa zlep\u0161ila odolnos\u0165 proti opotrebovaniu.<\/p>\n<h3>Bezpe\u010dnos\u0165 a \u00fadr\u017eba<\/h3>\n<p>Pri v\u00fdbere valca ramena je d\u00f4le\u017eit\u00e9 zabezpe\u010di\u0165 spo\u013eahliv\u00e9 bezpe\u010dnostn\u00e9 zariadenie, aby sa predi\u0161lo nehod\u00e1m. Navrhnutie valca pre jednoduch\u00fa \u00fadr\u017ebu a v\u00fdmenu m\u00f4\u017ee skr\u00e1ti\u0165 prestoje a zv\u00fd\u0161i\u0165 efektivitu.<\/p>\n<p><img decoding=\"async\" src=\"https:\/\/www.hydraulic-cylinders.net\/wp-content\/uploads\/2025\/01\/songte-cylinder-head-with-all-kinds-excavator-models.webp\" alt=\"Obr\u00e1zok dizajnu produktu\"><\/p>\n<h2>Tesnenie a mazanie<\/h2>\n<p>Na zabr\u00e1nenie \u00faniku hydraulickej kvapaliny a zabezpe\u010denie norm\u00e1lnej prev\u00e1dzky valca sa pou\u017e\u00edvaj\u00fa r\u00f4zne tesniace komponenty, ako s\u00fa tesnenia piestov a tesnenia ty\u010d\u00ed. Teleso valca a z\u00e1vitov\u00fd koniec musia by\u0165 jemne opracovan\u00e9, aby sa zlep\u0161ila odolnos\u0165 proti opotrebovaniu. Pravidelne je potrebn\u00e9 prid\u00e1va\u0165 primeran\u00e9 mno\u017estvo hydraulick\u00e9ho oleja na mazanie.<\/p>\n<h2>Pravideln\u00e1 kontrola a prevent\u00edvna \u00fadr\u017eba<\/h2>\n<h3>In\u0161pekcia<\/h3>\n<p>Pravideln\u00e1 kontrola valca ramena je nevyhnutn\u00e1, aby sa predi\u0161lo neo\u010dak\u00e1van\u00fdm poruch\u00e1m, ktor\u00e9 by mohli vies\u0165 k prestojom zariadenia. Kontroly by mali zah\u0155\u0148a\u0165 kontrolu tesnen\u00ed valca, z\u00e1vitov\u00fdch koncov\u00fdch pl\u00f4ch a opotrebovania tela valca.<\/p>\n<h3>Prevent\u00edvna \u00fadr\u017eba<\/h3>\n<p>Medzi prevent\u00edvne \u00fadr\u017eb\u00e1rske opatrenia patr\u00ed pravideln\u00e9 \u010distenie valca ramena, v\u00fdmena hydraulick\u00e9ho oleja a tesnen\u00ed v pr\u00edpade potreby a v\u00fdmena valca, ak sa zist\u00ed v\u00fdrazn\u00e9 opotrebenie.<\/p>\n<p><img decoding=\"async\" src=\"https:\/\/www.hydraulic-cylinders.net\/wp-content\/uploads\/2025\/01\/songte-chushion-collar.webp\" alt=\"Obr\u00e1zok \u00fadr\u017eby\"><\/p>\n<h2>Sprievodca in\u0161tal\u00e1ciou produktu<\/h2>\n<h3>Predin\u0161tal\u00e1cia<\/h3>\n<p>Pred in\u0161tal\u00e1ciou skontrolujte, \u010di \u0161pecifik\u00e1cie valca zodpovedaj\u00fa po\u017eiadavk\u00e1m na strojov\u00e9 zariadenie, a skontrolujte z\u00e1vitov\u00e9 koncov\u00e9 plochy valca a strojov\u00e9ho zariadenia, \u010di s\u00fa \u010dist\u00e9 a bez otrepov.<\/p>\n<h3>In\u0161tal\u00e1cia<\/h3>\n<p>Po\u010das in\u0161tal\u00e1cie dbajte na zarovnanie valca a stroja a uistite sa, \u017ee tesnenie a upch\u00e1vka s\u00fa spr\u00e1vne nain\u0161talovan\u00e9. Skrutky utiahnite predp\u00edsan\u00fdm kr\u00fatiacim momentom.<\/p>\n<h3>Po in\u0161tal\u00e1cii<\/h3>\n<p>Po in\u0161tal\u00e1cii skontrolujte tesnos\u0165 a uistite sa, \u017ee valec funguje norm\u00e1lne.<\/p>\n<p><img decoding=\"async\" src=\"https:\/\/www.hydraulic-cylinders.net\/wp-content\/uploads\/2025\/01\/songte-bushings-with-all-kinds-of-excavator-models.webp\" alt=\"Obr\u00e1zok in\u0161tala\u010dnej pr\u00edru\u010dky\"><\/p>\n<h2>Bezpe\u010dnos\u0165 produktu a environment\u00e1lne aspekty<\/h2>\n<p>Pri pou\u017e\u00edvan\u00ed valcov s ramenom by mali by\u0165 nain\u0161talovan\u00e9 bezpe\u010dnostn\u00e9 zariadenia, ako s\u00fa obmedzova\u010de a poistn\u00e9 ventily, aby sa zabezpe\u010dila bezpe\u010dn\u00e1 prev\u00e1dzka zariadenia a predi\u0161lo sa nehod\u00e1m. Valce s ramenom by sa mali riadne zlikvidova\u0165, aby sa predi\u0161lo zne\u010disteniu \u017eivotn\u00e9ho prostredia.<\/p>\n<h2>Rie\u0161enie probl\u00e9mov a be\u017en\u00e9 probl\u00e9my<\/h2>\n<h3>Be\u017en\u00e9 probl\u00e9my<\/h3>\n<ul>\n<li>\u00danik hydraulick\u00e9ho oleja<\/li>\n<li>Abnorm\u00e1lny hluk valca<\/li>\n<li>Pomal\u00fd alebo trhan\u00fd pohyb<\/li>\n<li>\u0164a\u017ekosti so zdv\u00edhan\u00edm alebo sp\u00fa\u0161\u0165an\u00edm zariadenia<\/li>\n<li>Nadmern\u00e9 opotrebovanie alebo po\u0161kodenie telesa valca alebo tesnen\u00ed<\/li>\n<\/ul>\n<h3>Rie\u0161enia probl\u00e9mov<\/h3>\n<ul>\n<li>Skontrolujte, \u010di nie s\u00fa uvo\u013enen\u00e9 skrutky alebo po\u0161koden\u00e9 tesnenia, a v pr\u00edpade potreby ich vyme\u0148te<\/li>\n<li>Skontrolujte, \u010di nie je po\u0161koden\u00e9 telo valca, a v pr\u00edpade potreby ho vyme\u0148te<\/li>\n<li>Skontrolujte hladinu hydraulick\u00e9ho oleja a v pr\u00edpade potreby ho vyme\u0148te<\/li>\n<li>Skontrolujte, \u010di nie je piestna ty\u010d po\u0161koden\u00e1, a v pr\u00edpade potreby ju vyme\u0148te<\/li>\n<\/ul>\n<h3>Prevent\u00edvne opatrenia<\/h3>\n<p>Prevent\u00edvne opatrenia zah\u0155\u0148aj\u00fa pravideln\u00fa kontrolu, \u010distenie a v\u00fdmenu po\u0161koden\u00fdch tesnen\u00ed alebo telies valcov. Spr\u00e1vne mazanie a prev\u00e1dzka m\u00f4\u017eu tie\u017e pom\u00f4c\u0165 predch\u00e1dza\u0165 probl\u00e9mom.<\/p>\n<p><img decoding=\"async\" src=\"https:\/\/www.hydraulic-cylinders.net\/wp-content\/uploads\/2025\/01\/songte-company-4.webp\" alt=\"Obr\u00e1zok spolo\u010dnosti\"><br \/>\n<img decoding=\"async\" src=\"https:\/\/www.hydraulic-cylinders.net\/wp-content\/uploads\/2025\/01\/songte-company-3.webp\" alt=\"Obr\u00e1zok spolo\u010dnosti\"><\/p>\n<h2>O n\u00e1s<\/h2>\n<p>Sme profesion\u00e1lny v\u00fdrobca hydraulick\u00fdch valcov, ktor\u00fd pon\u00faka \u0161irok\u00fd sortiment produktov a st\u00e1va sa jedn\u00fdm z popredn\u00fdch v\u00fdrobcov a ve\u013ekoobchodn\u00fdch distrib\u00fatorov hydraulick\u00fdch valcov na dom\u00e1com aj zahrani\u010dnom trhu. V\u017edy dodr\u017eiavame z\u00e1sadu vynikaj\u00facej kvality, spoliehame sa na strat\u00e9giu industrializovan\u00e9ho riadenia v\u00fdroby sofistikovanej v\u00fdrobnej dielne a neust\u00e1le zlep\u0161ujeme technick\u00fa \u00farove\u0148 a efektivitu v\u00fdroby. Zav\u00e1dzan\u00edm \u0161pi\u010dkov\u00fdch digit\u00e1lnych v\u00fdrobn\u00fdch zariaden\u00ed a profesion\u00e1lnych testovac\u00edch syst\u00e9mov neust\u00e1le optimalizujeme v\u00fdrobn\u00fa platformu, zdokona\u013eujeme proces kontroly kvality v\u00fdrobkov a m\u00e1me siln\u00fa inova\u010dn\u00fa schopnos\u0165. Na\u0161\u00edm cie\u013eom je uspokoji\u0165 rozmanit\u00e9 potreby z\u00e1kazn\u00edkov s vyu\u017eit\u00edm z\u00e1sad vysokej efektivity, presnosti a vysokej kvality. Pon\u00fakame profesion\u00e1lne slu\u017eby, medzin\u00e1rodn\u00fa certifik\u00e1ciu, z\u00e1kazkov\u00e9 slu\u017eby, v\u00fdrobn\u00e9 zariadenia a popredajn\u00fd servis. <\/p>\n<p>Autor: lyl.<\/p>","protected":false},"excerpt":{"rendered":"<p>Arm Cylinder For Komatsu Large Excavator PC850SE-8 Product Definition What is an Arm Cylinder? An arm cylinder is a specially designed hydraulic cylinder that provides linear motion and power to the arms of various machines like excavators, cranes, and robotic arms. It plays a crucial role in the hydraulic system, allowing attachments or accessories to [&hellip;]<\/p>","protected":false},"featured_media":14779,"comment_status":"open","ping_status":"closed","template":"","meta":{"_et_pb_use_builder":"","_et_pb_old_content":"","_et_gb_content_width":""},"product_brand":[],"product_cat":[1497],"product_tag":[1498,1496],"class_list":{"0":"post-16075","1":"product","2":"type-product","3":"status-publish","4":"has-post-thumbnail","6":"product_cat-arm-cylinders","7":"product_tag-arm-cylinders","8":"product_tag-hydraulic-cylinders","10":"first","11":"instock","12":"shipping-taxable","13":"product-type-simple"},"amp_enabled":true,"_links":{"self":[{"href":"https:\/\/www.hydraulic-cylinders.net\/sk\/wp-json\/wp\/v2\/product\/16075","targetHints":{"allow":["GET"]}}],"collection":[{"href":"https:\/\/www.hydraulic-cylinders.net\/sk\/wp-json\/wp\/v2\/product"}],"about":[{"href":"https:\/\/www.hydraulic-cylinders.net\/sk\/wp-json\/wp\/v2\/types\/product"}],"replies":[{"embeddable":true,"href":"https:\/\/www.hydraulic-cylinders.net\/sk\/wp-json\/wp\/v2\/comments?post=16075"}],"wp:featuredmedia":[{"embeddable":true,"href":"https:\/\/www.hydraulic-cylinders.net\/sk\/wp-json\/wp\/v2\/media\/14779"}],"wp:attachment":[{"href":"https:\/\/www.hydraulic-cylinders.net\/sk\/wp-json\/wp\/v2\/media?parent=16075"}],"wp:term":[{"taxonomy":"product_brand","embeddable":true,"href":"https:\/\/www.hydraulic-cylinders.net\/sk\/wp-json\/wp\/v2\/product_brand?post=16075"},{"taxonomy":"product_cat","embeddable":true,"href":"https:\/\/www.hydraulic-cylinders.net\/sk\/wp-json\/wp\/v2\/product_cat?post=16075"},{"taxonomy":"product_tag","embeddable":true,"href":"https:\/\/www.hydraulic-cylinders.net\/sk\/wp-json\/wp\/v2\/product_tag?post=16075"}],"curies":[{"name":"pracovn\u00fd list","href":"https:\/\/api.w.org\/{rel}","templated":true}]}}