{"id":16080,"date":"2025-01-20T08:27:06","date_gmt":"2025-01-20T08:27:06","guid":{"rendered":"https:\/\/www.hydraulic-cylinders.net\/product\/arm-cylinderfor-komatsu-wheel-excavator-pw100s\/"},"modified":"2025-01-20T08:27:08","modified_gmt":"2025-01-20T08:27:08","slug":"arm-cylinderfor-komatsu-wheel-excavator-pw100s","status":"publish","type":"product","link":"https:\/\/www.hydraulic-cylinders.net\/sk\/produkt\/arm-cylinderfor-komatsu-wheel-excavator-pw100s\/","title":{"rendered":"Valec ramena pre kolesov\u00e9 r\u00fdpadlo Komatsu PW100S"},"content":{"rendered":"<h1>Valec ramena pre kolesov\u00e9 r\u00fdpadlo Komatsu PW100S<\/h1>\n<h2>\u00davod<\/h2>\n<p>Hydraulick\u00fd valec ramena je \u0161peci\u00e1lne navrhnut\u00fd hydraulick\u00fd valec, ktor\u00fd poskytuje line\u00e1rny pohyb a v\u00fdkon ramenu r\u00f4znych strojov, ako s\u00fa r\u00fdpadl\u00e1, \u017eeriavy a mechanick\u00e9 ramen\u00e1. Zohr\u00e1va k\u013e\u00fa\u010dov\u00fa \u00falohu v hydraulick\u00fdch syst\u00e9moch, preto\u017ee umo\u017e\u0148uje efekt\u00edvny pohyb a ovl\u00e1danie pr\u00edslu\u0161enstva alebo pr\u00edslu\u0161enstva. Tieto valce nielen zabezpe\u010duj\u00fa plynul\u00fd pohyb, ale tie\u017e odol\u00e1vaj\u00fa \u0165a\u017ek\u00fdm za\u0165a\u017eeniam, \u010d\u00edm zais\u0165uj\u00fa vysok\u00fa \u00fa\u010dinnos\u0165 a spo\u013eahlivos\u0165 strojov v r\u00f4znych prev\u00e1dzkov\u00fdch podmienkach.<\/p>\n<p><img decoding=\"async\" src=\"https:\/\/www.hydraulic-cylinders.net\/wp-content\/uploads\/2025\/01\/songte-company-2.webp\"><\/p>\n<h2>Funkcie<\/h2>\n<ol>\n<li><strong>Vysoko\u00fa\u010dinn\u00fd prenos:<\/strong> Valec ramena poskytuje siln\u00fd line\u00e1rny pohyb a silu, \u010d\u00edm zais\u0165uje efekt\u00edvny v\u00fdkon mechanick\u00e9ho ramena pri r\u00f4znych oper\u00e1ci\u00e1ch.<\/li>\n<li><strong>Presn\u00e9 ovl\u00e1danie:<\/strong> Prostredn\u00edctvom hydraulick\u00e9ho syst\u00e9mu umo\u017e\u0148uje valec ramena presn\u00e9 ovl\u00e1danie pohybu, v\u010faka \u010domu je ovl\u00e1danie pr\u00edslu\u0161enstva flexibilnej\u0161ie a presnej\u0161ie.<\/li>\n<li><strong>Trvanlivos\u0165:<\/strong> Valce s ramenom s\u00fa zvy\u010dajne vyroben\u00e9 z vysokopevnostn\u00fdch materi\u00e1lov s vynikaj\u00facou odolnos\u0165ou vo\u010di opotrebovaniu a kor\u00f3zii, v\u010faka \u010domu s\u00fa vhodn\u00e9 na dlhodob\u00e9 pou\u017e\u00edvanie v n\u00e1ro\u010dn\u00fdch podmienkach.<\/li>\n<li><strong>Multifunk\u010dn\u00e1 prisp\u00f4sobivos\u0165:<\/strong> Tieto valce s\u00fa \u0161iroko pou\u017eite\u013en\u00e9 v r\u00f4znych strojoch, ako s\u00fa bagre, \u017eeriavy a mechanick\u00e9 ramen\u00e1, a prisp\u00f4sobuj\u00fa sa r\u00f4znym pracovn\u00fdm po\u017eiadavk\u00e1m.<\/li>\n<li><strong>Jednoduch\u00e1 \u00fadr\u017eba:<\/strong> Valec ramena je navrhnut\u00fd pre jednoduch\u00fa \u00fadr\u017ebu a v\u00fdmenu a umo\u017e\u0148uje pohodln\u00e9 pravideln\u00e9 kontroly a \u00fadr\u017ebu, \u010d\u00edm sa skracuj\u00fa prestoje zariadenia.<\/li>\n<\/ol>\n<p><img decoding=\"async\" src=\"https:\/\/www.hydraulic-cylinders.net\/wp-content\/uploads\/2025\/01\/songte-oil-pipes-and-spare-parts.webp\"><\/p>\n<h2>Aplik\u00e1cie<\/h2>\n<p>Rameno s valcom nach\u00e1dza uplatnenie v r\u00f4znych odvetviach:<\/p>\n<h3>1. Stavebn\u00e9 in\u017einierstvo<\/h3>\n<p>V r\u00fdpadl\u00e1ch a \u017eeriavoch ovl\u00e1da valec ramena pohyb ly\u017eice alebo v\u00fdlo\u017en\u00edka, \u010do umo\u017e\u0148uje zemn\u00e9 pr\u00e1ce, manipul\u00e1ciu s materi\u00e1lom a in\u0161tal\u00e1cie kon\u0161trukci\u00ed.<\/p>\n<h3>2. V\u00fdrobn\u00fd priemysel<\/h3>\n<p>V automatizovan\u00fdch v\u00fdrobn\u00fdch link\u00e1ch u\u013eah\u010duje valec ramena pohyb mechanick\u00fdch ramien pri procesoch, ako je mont\u00e1\u017e, zv\u00e1ranie a manipul\u00e1cia s materi\u00e1lom, \u010d\u00edm sa zlep\u0161uje efektivita a presnos\u0165 v\u00fdroby.<\/p>\n<h3>3. Po\u013enohospod\u00e1rske stroje<\/h3>\n<p>V po\u013enohospod\u00e1rskych strojoch, ako s\u00fa kombajny a seja\u010dky, riadi valec ramena pohyb ovl\u00e1dacieho ramena a vykon\u00e1va \u00falohy, ako je siatie, hnojenie a zber \u00farody.<\/p>\n<h3>4. \u0164a\u017eba<\/h3>\n<p>V bansk\u00fdch zariadeniach riadi valec ramena pohyb ramena bansk\u00fdch strojov, \u010do umo\u017e\u0148uje \u0165a\u017ebu a prepravu nerastov.<\/p>\n<h3>5. Logistika a doprava<\/h3>\n<p>Vo vysokozdvi\u017en\u00fdch voz\u00edkoch a manipula\u010dn\u00fdch robotoch riadi valec ramena zdv\u00edhanie a pohyb vidl\u00edc, \u010do u\u013eah\u010duje manipul\u00e1ciu s materi\u00e1lom a stohovanie.<\/p>\n<p><img decoding=\"async\" src=\"https:\/\/www.hydraulic-cylinders.net\/wp-content\/uploads\/2025\/01\/songte-cylinder-head-with-all-kinds-excavator-models.webp\"><\/p>\n<h2>\u00davahy o dizajne a krit\u00e9ri\u00e1 v\u00fdberu<\/h2>\n<ol>\n<li><strong>Nosnos\u0165:<\/strong> Valec ramena je navrhnut\u00fd tak, aby odolal \u0161pecifikovan\u00fdm po\u017eiadavk\u00e1m na za\u0165a\u017eenie pre bezpe\u010dn\u00fa a efekt\u00edvnu prev\u00e1dzku.<\/li>\n<li><strong>Tesnenie:<\/strong> Na zabezpe\u010denie spr\u00e1vneho utesnenia sa pou\u017e\u00edvaj\u00fa r\u00f4zne tesniace komponenty, ako s\u00fa tesnenia piestov a tesnenia ty\u010d\u00ed. Tieto tesnenia s\u00fa vyroben\u00e9 z materi\u00e1lov odoln\u00fdch vo\u010di opotrebovaniu, ako je polyuret\u00e1n a nitrilov\u00e1 guma.<\/li>\n<li><strong>Trvanlivos\u0165:<\/strong> Telo valca a z\u00e1vitov\u00e9 konce prech\u00e1dzaj\u00fa d\u00f4kladnou povrchovou \u00fapravou, aby sa zlep\u0161ila odolnos\u0165 proti opotrebovaniu a pred\u013a\u017eila \u017eivotnos\u0165 ramenn\u00e9ho valca.<\/li>\n<li><strong>Bezpe\u010dnos\u0165:<\/strong> Do n\u00e1vrhu s\u00fa zapracovan\u00e9 bezpe\u010dnostn\u00e9 aspekty, aby sa predi\u0161lo nehod\u00e1m a zabezpe\u010dila sa bezpe\u010dn\u00e1 prev\u00e1dzka valca ramena.<\/li>\n<li><strong>Udr\u017eiavate\u013enos\u0165:<\/strong> Kon\u0161trukcia umo\u017e\u0148uje jednoduch\u00fa \u00fadr\u017ebu a pravideln\u00e9 mazanie, aby sa zabezpe\u010dil optim\u00e1lny v\u00fdkon a pred\u013a\u017eila \u017eivotnos\u0165 valca ramena.<\/li>\n<\/ol>\n<p><img decoding=\"async\" src=\"https:\/\/www.hydraulic-cylinders.net\/wp-content\/uploads\/2025\/01\/songte-chushion-collar.webp\"><\/p>\n<h2>Tesnenie a mazanie<\/h2>\n<p>Hydraulick\u00fd valec ramena vyu\u017e\u00edva r\u00f4zne tesniace komponenty, ako s\u00fa tesnenia piestov a tesnenia ty\u010d\u00ed, vyroben\u00e9 z materi\u00e1lov odoln\u00fdch vo\u010di opotrebovaniu, ako je polyuret\u00e1n a nitrilov\u00fd kau\u010duk. Teleso valca a z\u00e1vitov\u00e9 konce prech\u00e1dzaj\u00fa d\u00f4kladnou povrchovou \u00fapravou na zv\u00fd\u0161enie odolnosti vo\u010di opotrebovaniu. Pravideln\u00e9 mazanie vhodn\u00fdm mno\u017estvom hydraulick\u00e9ho oleja je nevyhnutn\u00e9 pre zabezpe\u010denie hladk\u00e9ho chodu a mazania valca ramena.<\/p>\n<h2>Pravideln\u00e1 kontrola a prevent\u00edvna \u00fadr\u017eba<\/h2>\n<p>Na udr\u017eanie optim\u00e1lneho v\u00fdkonu a pred\u013a\u017eenie \u017eivotnosti valca ramena by sa mali prija\u0165 nasleduj\u00face opatrenia:<\/p>\n<ol>\n<li>Pravidelne kontrolujte valec ramena, \u010di nevykazuje zn\u00e1mky opotrebovania, \u00faniku alebo po\u0161kodenia.<\/li>\n<li>Zabezpe\u010dte spr\u00e1vne mazanie pravidelnou kontrolou a dop\u013a\u0148an\u00edm hydraulick\u00e9ho oleja.<\/li>\n<li>Monitorujte prev\u00e1dzkov\u00e9 podmienky a okam\u017eite rie\u0161te ak\u00e9ko\u013evek abnorm\u00e1lne vibr\u00e1cie alebo zvuky.<\/li>\n<li>Dodr\u017eiavajte pokyny v\u00fdrobcu t\u00fdkaj\u00face sa intervalov a postupov \u00fadr\u017eby.<\/li>\n<li>Vyme\u0148te v\u0161etky opotrebovan\u00e9 alebo po\u0161koden\u00e9 komponenty za origin\u00e1lne diely od renomovan\u00fdch dod\u00e1vate\u013eov.<\/li>\n<\/ol>\n<h2>Sprievodca in\u0161tal\u00e1ciou produktu<\/h2>\n<p>Pre spr\u00e1vnu in\u0161tal\u00e1ciu valca ramena je potrebn\u00e9 dodr\u017ea\u0165 nasleduj\u00face kroky:<\/p>\n<ol>\n<li>Pripravte si miesto in\u0161tal\u00e1cie a uistite sa, \u017ee je \u010dist\u00e9 a bez ne\u010dist\u00f4t.<\/li>\n<li>Umiestnite valec ramena na po\u017eadovan\u00e9 miesto a zarovnajte ho s mont\u00e1\u017enymi konzolami alebo pripojeniami.<\/li>\n<li>Bezpe\u010dne upevnite valec ramena pomocou vhodn\u00fdch skrutiek alebo upev\u0148ovac\u00edch prvkov a utiahnite ich predp\u00edsan\u00fdm kr\u00fatiacim momentom.<\/li>\n<li>Pripojte hydraulick\u00e9 potrubia k pr\u00edslu\u0161n\u00fdm otvorom a zabezpe\u010dte ich spr\u00e1vne utesnenie a tesnos\u0165.<\/li>\n<li>Otestujte spr\u00e1vnu funkciu valca ramena a skontrolujte, \u010di nedoch\u00e1dza k \u00fanikom alebo abnorm\u00e1lnemu spr\u00e1vaniu.<\/li>\n<\/ol>\n<p><img decoding=\"async\" src=\"https:\/\/www.hydraulic-cylinders.net\/wp-content\/uploads\/2025\/01\/songte-bushings-with-all-kinds-of-excavator-models.webp\"><\/p>\n<h2>Bezpe\u010dnostn\u00e9 aspekty a faktory prostredia<\/h2>\n<p>Pri pou\u017e\u00edvan\u00ed hydraulick\u00e9ho valca s ramenom je nevyhnutn\u00e9 uprednostni\u0165 bezpe\u010dnostn\u00e9 opatrenia. Spr\u00e1vne \u0161kolenie, dodr\u017eiavanie prev\u00e1dzkov\u00fdch pokynov a pou\u017e\u00edvanie vhodn\u00fdch osobn\u00fdch ochrann\u00fdch prostriedkov s\u00fa nevyhnutn\u00e9 na predch\u00e1dzanie nehod\u00e1m a zabezpe\u010denie bezpe\u010dn\u00e9ho pracovn\u00e9ho prostredia. Okrem toho zoh\u013eadnenie environment\u00e1lnych faktorov, ako je minimaliz\u00e1cia \u00fanikov a spr\u00e1vna likvid\u00e1cia hydraulick\u00fdch kvapal\u00edn, prispieva k environment\u00e1lnej udr\u017eate\u013enosti.<\/p>\n<h2>Rie\u0161enie probl\u00e9mov a be\u017en\u00e9 probl\u00e9my<\/h2>\n<p>Nasleduj\u00fa niektor\u00e9 be\u017en\u00e9 probl\u00e9my, ktor\u00e9 sa m\u00f4\u017eu vyskytn\u00fa\u0165 s valcom ramena:<\/p>\n<ol>\n<li>\u00danik hydraulickej kvapaliny z tesnen\u00ed alebo spojov<\/li>\n<li>Nezvy\u010dajn\u00e9 zvuky alebo vibr\u00e1cie po\u010das prev\u00e1dzky<\/li>\n<li>Zn\u00ed\u017een\u00fd v\u00fdkon alebo nedostato\u010dn\u00fd v\u00fdkon<\/li>\n<li>Nekonzistentn\u00fd alebo trhav\u00fd pohyb<\/li>\n<\/ol>\n<p>Na rie\u0161enie t\u00fdchto probl\u00e9mov zv\u00e1\u017ete nasleduj\u00face tipy a rie\u0161enia probl\u00e9mov:<\/p>\n<ol>\n<li>Skontrolujte tesnenia a spoje, \u010di nejavia zn\u00e1mky opotrebovania alebo po\u0161kodenia, a v pr\u00edpade potreby ich vyme\u0148te.<\/li>\n<li>Skontrolujte hladinu hydraulickej kvapaliny a dopl\u0148te ju, ak je n\u00edzka alebo zne\u010disten\u00e1.<\/li>\n<li>Skontrolujte valec, \u010di nie je nespr\u00e1vne zarovnan\u00fd alebo \u010di nevykazuje mechanick\u00e9 probl\u00e9my, a v pr\u00edpade potreby ich opravte.<\/li>\n<li>Zabezpe\u010dte spr\u00e1vne mazanie a skontrolujte, \u010di sa v hydraulickom syst\u00e9me nenach\u00e1dzaj\u00fa nejak\u00e9 upchatia alebo ne\u010distoty.<\/li>\n<\/ol>\n<p><img decoding=\"async\" src=\"https:\/\/www.hydraulic-cylinders.net\/wp-content\/uploads\/2025\/01\/songte-chushion-collar.webp\"><\/p>\n<p>Nezabudnite \u010dl\u00e1nok logicky usporiada\u0165 s podnadpismi pre jednoduch\u00fa navig\u00e1ciu. Pre lep\u0161ie pochopenie zahr\u0148te relevantn\u00e9 obr\u00e1zky alebo grafy a zabezpe\u010dte, aby bol obsah jasn\u00fd, stru\u010dn\u00fd a vhodn\u00fd pre \u010ditate\u013eov s r\u00f4znymi \u00farov\u0148ami technick\u00fdch znalost\u00ed.<\/p>\n<h2>O n\u00e1s<\/h2>\n<p>We are a professional manufacturer of replacement hydraulic cylinders, offering a wide range of products. We have become one of the leading manufacturers and wholesalers of hydraulic cylinders in the domestic and international markets. With a focus on excellent quality, we continuously improve our technological level and production efficiency. By introducing advanced digital manufacturing equipment and professional testing systems, we optimize our manufacturing platform and enhance product quality control processes. Our goal is to meet customers&#8217; diverse needs with efficiency, precision, and high-quality products.<\/p>\n<p><img decoding=\"async\" src=\"https:\/\/www.hydraulic-cylinders.net\/wp-content\/uploads\/2025\/01\/songte-company-4.webp\"><br \/>\n<img decoding=\"async\" src=\"https:\/\/www.hydraulic-cylinders.net\/wp-content\/uploads\/2025\/01\/songte-company-3.webp\"><\/p>\n<p><em>Autor: lyl<\/em\n<\/p>","protected":false},"excerpt":{"rendered":"<p>Arm Cylinder for Komatsu Wheel Excavator PW100S Introduction The Arm Cylinder is a specially designed hydraulic cylinder that provides linear motion and power to the arm of various machinery, such as excavators, cranes, and mechanical arms. It plays a crucial role in hydraulic systems, enabling the effective movement and control of attachments or accessories. These [&hellip;]<\/p>","protected":false},"featured_media":14766,"comment_status":"open","ping_status":"closed","template":"","meta":{"_et_pb_use_builder":"","_et_pb_old_content":"","_et_gb_content_width":""},"product_brand":[],"product_cat":[1497],"product_tag":[1498,1496],"class_list":{"0":"post-16080","1":"product","2":"type-product","3":"status-publish","4":"has-post-thumbnail","6":"product_cat-arm-cylinders","7":"product_tag-arm-cylinders","8":"product_tag-hydraulic-cylinders","10":"first","11":"instock","12":"shipping-taxable","13":"product-type-simple"},"amp_enabled":true,"_links":{"self":[{"href":"https:\/\/www.hydraulic-cylinders.net\/sk\/wp-json\/wp\/v2\/product\/16080","targetHints":{"allow":["GET"]}}],"collection":[{"href":"https:\/\/www.hydraulic-cylinders.net\/sk\/wp-json\/wp\/v2\/product"}],"about":[{"href":"https:\/\/www.hydraulic-cylinders.net\/sk\/wp-json\/wp\/v2\/types\/product"}],"replies":[{"embeddable":true,"href":"https:\/\/www.hydraulic-cylinders.net\/sk\/wp-json\/wp\/v2\/comments?post=16080"}],"wp:featuredmedia":[{"embeddable":true,"href":"https:\/\/www.hydraulic-cylinders.net\/sk\/wp-json\/wp\/v2\/media\/14766"}],"wp:attachment":[{"href":"https:\/\/www.hydraulic-cylinders.net\/sk\/wp-json\/wp\/v2\/media?parent=16080"}],"wp:term":[{"taxonomy":"product_brand","embeddable":true,"href":"https:\/\/www.hydraulic-cylinders.net\/sk\/wp-json\/wp\/v2\/product_brand?post=16080"},{"taxonomy":"product_cat","embeddable":true,"href":"https:\/\/www.hydraulic-cylinders.net\/sk\/wp-json\/wp\/v2\/product_cat?post=16080"},{"taxonomy":"product_tag","embeddable":true,"href":"https:\/\/www.hydraulic-cylinders.net\/sk\/wp-json\/wp\/v2\/product_tag?post=16080"}],"curies":[{"name":"pracovn\u00fd list","href":"https:\/\/api.w.org\/{rel}","templated":true}]}}