{"id":1610,"date":"2023-10-08T02:03:41","date_gmt":"2023-10-08T02:03:41","guid":{"rendered":"https:\/\/hydraulic-cylinders.net\/?post_type=product&#038;p=1610"},"modified":"2025-04-11T03:36:15","modified_gmt":"2025-04-11T03:36:15","slug":"mining-dump-truck-steering-cylinder","status":"publish","type":"product","link":"https:\/\/www.hydraulic-cylinders.net\/sk\/produkt\/mining-dump-truck-steering-cylinder\/","title":{"rendered":"Riadiaci valec bansk\u00e9ho skl\u00e1pa\u010da"},"content":{"rendered":"<h1 style=\"text-align: center;\"><strong>Riadiaci valec bansk\u00e9ho skl\u00e1pa\u010da<\/strong><\/h1>\n<p><img loading=\"lazy\" decoding=\"async\" class=\"aligncenter wp-image-1611\" src=\"https:\/\/hydraulic-cylinders.net\/wp-content\/uploads\/2023\/10\/steering-cylinder-1-2-300x300.webp\" alt=\"\" width=\"400\" height=\"400\" \/><\/p>\n<p>Riadiaci valec bansk\u00e9ho skl\u00e1pa\u010da je k\u013e\u00fa\u010dov\u00fdm komponentom navrhnut\u00fdm \u0161peci\u00e1lne pre bansk\u00e9 skl\u00e1pa\u010de. Tento hydraulick\u00fd valec zohr\u00e1va d\u00f4le\u017eit\u00fa \u00falohu pri riaden\u00ed vozidla a zabezpe\u010duje presn\u00e9 ovl\u00e1danie a man\u00e9vrovate\u013enos\u0165 v n\u00e1ro\u010dn\u00fdch podmienkach bansk\u00fdch lokal\u00edt.<\/p>\n<p>Riadiaci valec bansk\u00e9ho skl\u00e1pa\u010da je z\u00e1kladn\u00fdm komponentom, ktor\u00fd v\u00fdznamne prispieva k ovl\u00e1daniu, man\u00e9vrovate\u013enosti a bezpe\u010dnosti bansk\u00fdch skl\u00e1pa\u010dov. V\u010faka svojej robustnej kon\u0161trukcii, vylep\u0161en\u00e9mu ovl\u00e1daniu riadenia a optim\u00e1lnej man\u00e9vrovate\u013enosti umo\u017e\u0148uje tento hydraulick\u00fd valec obsluhe \u013eahko a presne sa pohybova\u0165 po bansk\u00fdch miestach. Dodr\u017eiavan\u00edm spr\u00e1vnych met\u00f3d pou\u017e\u00edvania a odpor\u00fa\u010dan\u00fdch postupov \u00fadr\u017eby si obsluha m\u00f4\u017ee zabezpe\u010di\u0165 dlh\u00fa \u017eivotnos\u0165 a spo\u013eahliv\u00fd v\u00fdkon valca riadenia bansk\u00e9ho skl\u00e1pa\u010da. Vyberte si tento vysokov\u00fdkonn\u00fd valec na zlep\u0161enie riadenia v\u00e1\u0161ho bansk\u00e9ho skl\u00e1pa\u010da a optimaliz\u00e1ciu bansk\u00fdch oper\u00e1ci\u00ed.<\/p>\n<p>K\u013e\u00fa\u010dov\u00e9 vlastnosti valca riadenia bansk\u00e9ho skl\u00e1pa\u010da:<\/p>\n<ol>\n<li>Robustn\u00e1 kon\u0161trukcia:<\/li>\n<\/ol>\n<ul>\n<li>Riadiaci valec pre bansk\u00e9 skl\u00e1pa\u010de sa m\u00f4\u017ee pochv\u00e1li\u0165 robustnou kon\u0161trukciou, ktor\u00e1 vyu\u017e\u00edva vysoko kvalitn\u00e9 materi\u00e1ly a prec\u00edzne in\u017einierstvo.<\/li>\n<li>Je skon\u0161truovan\u00fd tak, aby odolal n\u00e1ro\u010dn\u00fdm n\u00e1rokom bansk\u00e9ho prostredia, \u010d\u00edm zais\u0165uje odolnos\u0165 a dlh\u00fa \u017eivotnos\u0165.<\/li>\n<\/ul>\n<ol start=\"2\">\n<li>Vylep\u0161en\u00e9 ovl\u00e1danie riadenia:<\/li>\n<\/ol>\n<ul>\n<li>Tento hydraulick\u00fd valec poskytuje v\u00fdnimo\u010dn\u00fa kontrolu riadenia, \u010do umo\u017e\u0148uje oper\u00e1torom presne a \u013eahko man\u00e9vrova\u0165 s bansk\u00fdmi skl\u00e1pa\u010dmi.<\/li>\n<li>Poskytuje potrebn\u00fa silu a citlivos\u0165 na ovl\u00e1danie r\u00f4znych ter\u00e9nov a \u0165a\u017ek\u00fdch n\u00e1kladov, \u010d\u00edm zais\u0165uje plynul\u00e9 a presn\u00e9 riadenie.<\/li>\n<\/ul>\n<ol start=\"3\">\n<li>Optim\u00e1lna man\u00e9vrovate\u013enos\u0165:<\/li>\n<\/ol>\n<ul>\n<li>Riadiaci valec bansk\u00e9ho skl\u00e1pa\u010da umo\u017e\u0148uje agiln\u00fa a efekt\u00edvnu man\u00e9vrovate\u013enos\u0165, \u010d\u00edm optimalizuje schopnos\u0165 vozidla prech\u00e1dza\u0165 \u00fazkymi z\u00e1krutami a stiesnen\u00fdmi priestormi.<\/li>\n<li>Umo\u017e\u0148uje oper\u00e1torom udr\u017eiava\u0165 kontrolu a maximalizova\u0165 produktivitu v n\u00e1ro\u010dn\u00fdch \u0165a\u017eobn\u00fdch podmienkach.<\/li>\n<\/ul>\n<h2><strong>Parameter valca riadenia bansk\u00e9ho skl\u00e1pa\u010da:<\/strong><\/h2>\n<table border=\"1\" cellspacing=\"0\" cellpadding=\"0\">\n<tbody>\n<tr>\n<td>N\u00e1zov produktu<\/td>\n<td>Riadiaci valec bansk\u00e9ho skl\u00e1pa\u010da<\/td>\n<\/tr>\n<tr>\n<td>Vlastnosti:<\/td>\n<td>Riadenie kolies poskytuje pomoc<\/td>\n<\/tr>\n<tr>\n<td>Priemer otvoru:<\/td>\n<td>63 mm\uff5e210 mm<\/td>\n<\/tr>\n<tr>\n<td>Priemer ty\u010de:<\/td>\n<td>40 mm\uff5e100 mm<br \/>\nZdvih \u2264 2000 mm<\/td>\n<\/tr>\n<tr>\n<td>\u0164ahov\u00e1 sila:<\/td>\n<td>Maxim\u00e1lne 779 kN<br \/>\n(Priemer otvoru 210 mm\/tlak 22,5 MPa)<\/td>\n<\/tr>\n<tr>\n<td>Pou\u017eitie valca riadenia:<\/td>\n<td>\u0164a\u017eobn\u00fd skl\u00e1pa\u010d<\/td>\n<\/tr>\n<\/tbody>\n<\/table>\n<h2><strong>Sch\u00e9ma identifik\u00e1cie valca bansk\u00e9ho skl\u00e1pa\u010da:<\/strong><\/h2>\n<p><img loading=\"lazy\" decoding=\"async\" class=\"alignnone wp-image-1594 size-full\" src=\"https:\/\/hydraulic-cylinders.net\/wp-content\/uploads\/2023\/10\/mining-dump-truck-cylinder.webp\" alt=\"\" width=\"1418\" height=\"946\" srcset=\"https:\/\/hydraulic-cylinders.net\/wp-content\/uploads\/2023\/10\/mining-dump-truck-cylinder.webp 1418w, https:\/\/hydraulic-cylinders.net\/wp-content\/uploads\/2023\/10\/mining-dump-truck-cylinder-1280x854.webp 1280w, https:\/\/hydraulic-cylinders.net\/wp-content\/uploads\/2023\/10\/mining-dump-truck-cylinder-980x654.webp 980w, https:\/\/hydraulic-cylinders.net\/wp-content\/uploads\/2023\/10\/mining-dump-truck-cylinder-480x320.webp 480w\" sizes=\"(min-width: 0px) and (max-width: 480px) 480px, (min-width: 481px) and (max-width: 980px) 980px, (min-width: 981px) and (max-width: 1280px) 1280px, (min-width: 1281px) 1418px, 100vw\" \/><\/p>\n<h2><strong>Met\u00f3da pou\u017eitia riadiaceho valca bansk\u00e9ho skl\u00e1pa\u010da<\/strong><strong>:<\/strong><\/h2>\n<ol>\n<li><strong>Integr\u00e1cia s riadiacim syst\u00e9mom:<\/strong><\/li>\n<\/ol>\n<ul>\n<li>Riadiaci valec bansk\u00e9ho skl\u00e1pa\u010da je integrovan\u00fd do syst\u00e9mu riadenia skl\u00e1pa\u010da.<\/li>\n<li>Je pripojen\u00fd k riadiacej p\u00e1ke a premie\u0148a vstupy vodi\u010da z riadenia na bo\u010dn\u00fd pohyb kolies.<\/li>\n<\/ul>\n<ol start=\"2\">\n<li><strong>Hydraulick\u00fd zdroj energie:<\/strong><\/li>\n<\/ol>\n<ul>\n<li>Valec sa na svoju efekt\u00edvnu prev\u00e1dzku spolieha na hydraulick\u00fd tlak.<\/li>\n<li>Je pripojen\u00fd k hydraulick\u00e9mu zdroju energie, ako je napr\u00edklad hydraulick\u00e9 \u010derpadlo, ktor\u00e9 vytv\u00e1ra potrebn\u00fd tlak na ovl\u00e1danie valca.<\/li>\n<\/ul>\n<ol start=\"3\">\n<li><strong>Ovl\u00e1danie na volante:<\/strong><\/li>\n<\/ol>\n<ul>\n<li>Obsluha ovl\u00e1da riadenie bansk\u00e9ho skl\u00e1pa\u010da volantom v kab\u00edne.<\/li>\n<li>Pohyb volantu sa pren\u00e1\u0161a na valec riadenia bansk\u00e9ho skl\u00e1pa\u010da, \u010do umo\u017e\u0148uje presn\u00fd pohyb kolesa.<\/li>\n<\/ul>\n<h2><strong>Ako prepl\u00e1chnu\u0165 hydraulick\u00fd syst\u00e9m?<\/strong><\/h2>\n<p>Preplachovanie hydraulick\u00e9ho syst\u00e9mu je d\u00f4le\u017eit\u00fd postup \u00fadr\u017eby, ktor\u00fd pom\u00e1ha odstra\u0148ova\u0165 ne\u010distoty, star\u00fa kvapalinu a ne\u010distoty zo syst\u00e9mu, \u010d\u00edm sa zabezpe\u010d\u00ed optim\u00e1lny v\u00fdkon a dlh\u00e1 \u017eivotnos\u0165. Tu je podrobn\u00fd n\u00e1vod, ako prepl\u00e1chnu\u0165 hydraulick\u00fd syst\u00e9m:<\/p>\n<ol>\n<li><strong>Pr\u00edprava:<\/strong><\/li>\n<\/ol>\n<ul>\n<li>Pre\u0161tudujte si odpor\u00fa\u010dania a pokyny v\u00fdrobcu t\u00fdkaj\u00face sa preplachovania hydraulick\u00e9ho syst\u00e9mu. Uistite sa, \u017ee m\u00e1te vhodn\u00e9 n\u00e1stroje, bezpe\u010dnostn\u00e9 vybavenie a n\u00e1hradn\u00fa hydraulick\u00fa kvapalinu.<\/li>\n<li>Zariadenie zaparkujte na dobre vetranom mieste a zabezpe\u010dte v\u0161etky bezpe\u010dnostn\u00e9 opatrenia, ako je vypnutie motora a uvo\u013enenie tlaku v syst\u00e9me.<\/li>\n<\/ul>\n<ol start=\"2\">\n<li><strong>Vypustite syst\u00e9m:<\/strong><\/li>\n<\/ol>\n<ul>\n<li>N\u00e1jdite vyp\u00fa\u0161\u0165acie z\u00e1tky alebo ventily na hydraulickej n\u00e1dr\u017ei alebo na jednotliv\u00fdch komponentoch syst\u00e9mu, ako s\u00fa valce alebo regula\u010dn\u00e9 ventily.<\/li>\n<li>Pod vyp\u00fa\u0161\u0165acie miesto umiestnite vhodn\u00fa n\u00e1dobu na zachytenie starej hydraulickej kvapaliny.<\/li>\n<\/ul>\n<ol start=\"3\">\n<li><strong>Otvoren\u00e9 odtokov\u00e9 body:<\/strong><\/li>\n<\/ol>\n<ul>\n<li>Opatrne otvorte vyp\u00fa\u0161\u0165acie z\u00e1tky alebo ventily pomocou vhodn\u00e9ho n\u00e1radia a nechajte star\u00fa hydraulick\u00fa kvapalinu \u00faplne vytiec\u0165.<\/li>\n<li>Uistite sa, \u017ee v\u0161etky vyp\u00fa\u0161\u0165acie body s\u00fa otvoren\u00e9, aby sa zabezpe\u010dilo d\u00f4kladn\u00e9 prepl\u00e1chnutie syst\u00e9mu.<\/li>\n<\/ul>\n<ol start=\"4\">\n<li><strong>Prepl\u00e1chnite tekutinou:<\/strong><\/li>\n<\/ol>\n<ul>\n<li>Uzavrite vyp\u00fa\u0161\u0165acie otvory a napl\u0148te hydraulick\u00fa n\u00e1dr\u017e vhodnou preplachovacou kvapalinou odpor\u00fa\u010danou v\u00fdrobcom.<\/li>\n<li>Na\u0161tartujte motor zariadenia a zapnite hydraulick\u00fd syst\u00e9m, aby cirkulovala preplachovacia kvapalina.<\/li>\n<li>Ovl\u00e1dajte hydraulick\u00e9 funkcie, ako je zdv\u00edhanie a sp\u00fa\u0161\u0165anie pr\u00edslu\u0161enstva alebo aktiv\u00e1cia valcov, aby ste zabezpe\u010dili, \u017ee preplachovacia kvapalina dosiahne v\u0161etky komponenty.<\/li>\n<\/ul>\n<ol start=\"5\">\n<li><strong>Prev\u00e1dzka syst\u00e9mu:<\/strong><\/li>\n<\/ol>\n<ul>\n<li>Nechajte hydraulick\u00fd syst\u00e9m be\u017ea\u0165 dostato\u010dne dlho pod\u013ea pokynov alebo odpor\u00fa\u010dan\u00ed v\u00fdrobcu t\u00fdkaj\u00facich sa trvania preplachovania.<\/li>\n<li>Nieko\u013ekokr\u00e1t aktivujte v\u0161etky hydraulick\u00e9 funkcie, aby ste zabezpe\u010dili, \u017ee preplachovacia kvapalina dosiahne v\u0161etky \u010dasti syst\u00e9mu.<\/li>\n<li>Po\u010das prev\u00e1dzky sledujte preplachovaciu kvapalinu, aby ste skontrolovali pr\u00edpadn\u00e9 zn\u00e1mky kontamin\u00e1cie alebo ne\u010dist\u00f4t.<\/li>\n<\/ul>\n<ol start=\"6\">\n<li><strong>Sce\u010fte a opakujte:<\/strong><\/li>\n<\/ol>\n<ul>\n<li>Po dokon\u010den\u00ed procesu preplachovania op\u00e4\u0165 otvorte vyp\u00fa\u0161\u0165acie otvory, aby mohla preplachovacia kvapalina vytiec\u0165.<\/li>\n<li>Pou\u017eit\u00fa preplachovaciu kvapalinu zachy\u0165te a zlikvidujte ju v s\u00falade s miestnymi predpismi.<\/li>\n<li>V pr\u00edpade potreby alebo ak star\u00e1 kvapalina a ne\u010distoty nie s\u00fa dostato\u010dne odstr\u00e1nen\u00e9, proces preplachovania zopakujte.<\/li>\n<\/ul>\n<ol start=\"7\">\n<li><strong>Doplnenie novou kvapalinou:<\/strong><\/li>\n<\/ol>\n<ul>\n<li>Zatvorte v\u0161etky vyp\u00fa\u0161\u0165acie otvory a napl\u0148te hydraulick\u00fd syst\u00e9m \u010derstvou, odpor\u00fa\u010danou hydraulickou kvapalinou.<\/li>\n<li>Uistite sa, \u017ee hladina kvapaliny je spr\u00e1vna a sp\u013a\u0148a \u0161pecifik\u00e1cie v\u00fdrobcu.<\/li>\n<\/ul>\n<ol start=\"8\">\n<li><strong>Testovanie syst\u00e9mu:<\/strong><\/li>\n<\/ol>\n<ul>\n<li>Na\u0161tartujte motor zariadenia a zapnite hydraulick\u00fd syst\u00e9m.<\/li>\n<li>Otestujte hydraulick\u00e9 funkcie, aby ste zabezpe\u010dili ich spr\u00e1vnu prev\u00e1dzku, a skontrolujte, \u010di sa neobjavili nejak\u00e9 zn\u00e1mky \u00faniku kvapaliny alebo abnormal\u00edt.<\/li>\n<li>Monitorujte syst\u00e9m po\u010das prev\u00e1dzky a rie\u0161te v\u0161etky probl\u00e9my, ktor\u00e9 sa m\u00f4\u017eu vyskytn\u00fa\u0165.<\/li>\n<\/ul>\n<h2><strong>Schopnos\u0165 a kapacita tov\u00e1rne:<\/strong><\/h2>\n<h3>(1) Mont\u00e1\u017e<\/h3>\n<p>Disponujeme prvotriednou nez\u00e1vislou v\u00fdskumnou a v\u00fdvojovou mont\u00e1\u017enou platformou. Diel\u0148a na v\u00fdrobu hydraulick\u00fdch valcov m\u00e1 \u0161tyri poloautomatick\u00e9 mont\u00e1\u017ene linky zdv\u00edhac\u00edch valcov a jednu automatick\u00fa mont\u00e1\u017enu linku nakl\u00e1pac\u00edch valcov s projektovanou ro\u010dnou v\u00fdrobnou kapacitou 1 mili\u00f3n kusov. Diel\u0148a na v\u00fdrobu \u0161peci\u00e1lnych valcov je vybaven\u00e1 r\u00f4znymi \u0161pecifik\u00e1ciami poloautomatick\u00e9ho syst\u00e9mu \u010distenia a mont\u00e1\u017ee s projektovanou ro\u010dnou v\u00fdrobnou kapacitou 200 000 kusov a je vybaven\u00e1 zn\u00e1mym CNC obr\u00e1bac\u00edm zariaden\u00edm, obr\u00e1bac\u00edm centrom, \u0161peci\u00e1lnym zariaden\u00edm na vysoko presn\u00e9 spracovanie valcov, robotick\u00fdm zv\u00e1rac\u00edm strojom, automatick\u00fdm \u010distiacim strojom, automatick\u00fdm mont\u00e1\u017enym strojom valcov a automatickou lakovacou v\u00fdrobnou linkou. Existuj\u00face kritick\u00e9 zariadenia maj\u00fa viac ako 300 s\u00faprav (s\u00e1d). Optim\u00e1lne alokovanie a efekt\u00edvne vyu\u017e\u00edvanie zdrojov zariaden\u00ed zabezpe\u010duje po\u017eiadavky na presnos\u0165 v\u00fdrobkov a sp\u013a\u0148a po\u017eiadavky na vysok\u00fa kvalitu v\u00fdrobkov.<\/p>\n<p><img loading=\"lazy\" decoding=\"async\" class=\"alignnone wp-image-626\" src=\"https:\/\/hydraulic-cylinders.net\/wp-content\/uploads\/2023\/08\/hydraulic-cylinder-product-1-300x158.webp\" alt=\"\" width=\"495\" height=\"260\" srcset=\"https:\/\/hydraulic-cylinders.net\/wp-content\/uploads\/2023\/08\/hydraulic-cylinder-product-1-300x158.webp 495w, https:\/\/hydraulic-cylinders.net\/wp-content\/uploads\/2023\/08\/hydraulic-cylinder-product-1-480x252.webp 480w\" sizes=\"(min-width: 0px) and (max-width: 480px) 480px, (min-width: 481px) 495px, 100vw\" \/> <img loading=\"lazy\" decoding=\"async\" class=\"alignnone wp-image-627\" src=\"https:\/\/hydraulic-cylinders.net\/wp-content\/uploads\/2023\/08\/hydraulic-cylinder-product-2-300x189.webp\" alt=\"\" width=\"413\" height=\"260\" \/><\/p>\n<h3>(2) Obr\u00e1banie<\/h3>\n<p>Obr\u00e1bacia diel\u0148a je vybaven\u00e1 prisp\u00f4soben\u00fdm s\u00fastru\u017en\u00edckym centrom na \u0161ikm\u00e9 ko\u013eajnice, obr\u00e1bac\u00edm centrom, vysokor\u00fdchlostn\u00fdm honovac\u00edm strojom, zv\u00e1rac\u00edm robotom a \u010fal\u0161\u00edm s\u00favisiacim zariaden\u00edm, ktor\u00e9 dok\u00e1\u017ee spracova\u0165 valcov\u00e9 r\u00fary s maxim\u00e1lnym vn\u00fatorn\u00fdm priemerom 400 mm a maxim\u00e1lnou d\u013a\u017ekou 6 metrov.<\/p>\n<p><img loading=\"lazy\" decoding=\"async\" class=\"alignnone wp-image-628 size-large\" src=\"https:\/\/hydraulic-cylinders.net\/wp-content\/uploads\/2023\/08\/hydraulic-cylinder-product-3-1024x391.webp\" alt=\"\" width=\"1024\" height=\"391\" srcset=\"https:\/\/hydraulic-cylinders.net\/wp-content\/uploads\/2023\/08\/hydraulic-cylinder-product-3-980x374.webp 980w, https:\/\/hydraulic-cylinders.net\/wp-content\/uploads\/2023\/08\/hydraulic-cylinder-product-3-480x183.webp 480w\" sizes=\"(min-width: 0px) and (max-width: 480px) 480px, (min-width: 481px) and (max-width: 980px) 980px, (min-width: 981px) 1024px, 100vw\" \/><\/p>\n<h3>(3) Zv\u00e1ranie<\/h3>\n<p><img loading=\"lazy\" decoding=\"async\" class=\"alignnone wp-image-629 size-large\" src=\"https:\/\/hydraulic-cylinders.net\/wp-content\/uploads\/2023\/08\/hydraulic-cylinder-product-4-1024x510.webp\" alt=\"\" width=\"1024\" height=\"510\" srcset=\"https:\/\/hydraulic-cylinders.net\/wp-content\/uploads\/2023\/08\/hydraulic-cylinder-product-4-980x488.webp 980w, https:\/\/hydraulic-cylinders.net\/wp-content\/uploads\/2023\/08\/hydraulic-cylinder-product-4-480x239.webp 480w\" sizes=\"(min-width: 0px) and (max-width: 480px) 480px, (min-width: 481px) and (max-width: 980px) 980px, (min-width: 981px) 1024px, 100vw\" \/><\/p>\n<h3>(4) Ma\u013eovanie a natieranie<\/h3>\n<p>S mal\u00fdmi a stredne ve\u013ek\u00fdmi valcov\u00fdmi automatick\u00fdmi linkami na nan\u00e1\u0161anie farieb na vodnej b\u00e1ze, na dosiahnutie automatick\u00e9ho nakladania a vykladania robotmi a automatick\u00e9ho striekania, je projektovan\u00e1 kapacita 4000 kusov za smenu;<br \/>\nM\u00e1me tie\u017e poloautomatick\u00fa linku na v\u00fdrobu farieb pre ve\u013ek\u00e9 valce poh\u00e1\u0148an\u00e9 re\u0165azou s projektovanou kapacitou 60 kusov za smenu.<\/p>\n<p><img loading=\"lazy\" decoding=\"async\" class=\"alignnone wp-image-630\" src=\"https:\/\/hydraulic-cylinders.net\/wp-content\/uploads\/2023\/08\/hydraulic-cylinder-product-5-300x213.webp\" alt=\"\" width=\"366\" height=\"260\" \/> <img loading=\"lazy\" decoding=\"async\" class=\"alignnone wp-image-631\" src=\"https:\/\/hydraulic-cylinders.net\/wp-content\/uploads\/2023\/08\/hydraulic-cylinder-product-6-300x225.webp\" alt=\"\" width=\"347\" height=\"260\" \/><\/p>\n<h3>(5) Testovanie<\/h3>\n<p>Disponujeme prvotriednymi kontroln\u00fdmi zariadeniami a sk\u00fa\u0161obn\u00fdmi zariadeniami, ktor\u00e9 zabezpe\u010duj\u00fa, \u017ee v\u00fdkonnos\u0165 valca sp\u013a\u0148a po\u017eiadavky.<\/p>\n<p><img loading=\"lazy\" decoding=\"async\" class=\"alignnone wp-image-632\" src=\"https:\/\/hydraulic-cylinders.net\/wp-content\/uploads\/2023\/08\/hydraulic-cylinder-product-8-300x200.webp\" alt=\"\" width=\"389\" height=\"260\" \/><\/p>\n<p>&nbsp;<\/p>\n<p>&nbsp;<\/p>\n<p>Sme jedn\u00fdm z najlep\u0161\u00edch v\u00fdrobcov hydraulick\u00fdch valcov. Pon\u00fakame komplexn\u00e9 hydraulick\u00e9 valce. Poskytujeme aj zodpovedaj\u00face <a href=\"https:\/\/hzpt.com\/agricultural-pto-gearbox\/\" target=\"_blank\" rel=\"noopener\">po\u013enohospod\u00e1rske prevodovky<\/a>Na\u0161e produkty sme vyv\u00e1\u017eali klientom po celom svete a v\u010faka vynikaj\u00facej kvalite produktov a popredajn\u00e9mu servisu sme si z\u00edskali dobr\u00fa reput\u00e1ciu. V\u00edtame z\u00e1kazn\u00edkov doma aj v zahrani\u010d\u00ed, ktor\u00ed n\u00e1s kontaktuj\u00fa za \u00fa\u010delom rokovania o obchodn\u00fdch z\u00e1le\u017eitostiach, v\u00fdmeny inform\u00e1ci\u00ed a <a href=\"https:\/\/www.hydraulic-cylinders.net\/sk\/contact-us\/\">spolupracova\u0165 s nami<\/a>!<\/p>","protected":false},"excerpt":{"rendered":"<p>Mining Dump Truck Steering Cylinder The mining dump truck steering cylinder is a crucial component designed specifically for mining dump trucks. This hydraulic cylinder plays a vital role in steering the vehicle, providing precise control and maneuverability in the challenging conditions of mining sites. The mining dump truck steering cylinder is an essential component that [&hellip;]<\/p>","protected":false},"featured_media":1612,"comment_status":"open","ping_status":"closed","template":"","meta":{"_et_pb_use_builder":"","_et_pb_old_content":"","_et_gb_content_width":""},"product_brand":[],"product_cat":[1550,1517,1532,1376],"product_tag":[1380],"class_list":{"0":"post-1610","1":"product","2":"type-product","3":"status-publish","4":"has-post-thumbnail","6":"product_cat-double-acting-hydraulic-cylinder","7":"product_cat-dump-truck-hydraulic-cylinders","8":"product_cat-mining-dump-truck-hydraulic-cylinders","9":"product_cat-hydraulic-cylinder","10":"product_tag-hydraulic-cylinder","12":"first","13":"instock","14":"shipping-taxable","15":"product-type-simple"},"amp_enabled":true,"_links":{"self":[{"href":"https:\/\/www.hydraulic-cylinders.net\/sk\/wp-json\/wp\/v2\/product\/1610","targetHints":{"allow":["GET"]}}],"collection":[{"href":"https:\/\/www.hydraulic-cylinders.net\/sk\/wp-json\/wp\/v2\/product"}],"about":[{"href":"https:\/\/www.hydraulic-cylinders.net\/sk\/wp-json\/wp\/v2\/types\/product"}],"replies":[{"embeddable":true,"href":"https:\/\/www.hydraulic-cylinders.net\/sk\/wp-json\/wp\/v2\/comments?post=1610"}],"wp:featuredmedia":[{"embeddable":true,"href":"https:\/\/www.hydraulic-cylinders.net\/sk\/wp-json\/wp\/v2\/media\/1612"}],"wp:attachment":[{"href":"https:\/\/www.hydraulic-cylinders.net\/sk\/wp-json\/wp\/v2\/media?parent=1610"}],"wp:term":[{"taxonomy":"product_brand","embeddable":true,"href":"https:\/\/www.hydraulic-cylinders.net\/sk\/wp-json\/wp\/v2\/product_brand?post=1610"},{"taxonomy":"product_cat","embeddable":true,"href":"https:\/\/www.hydraulic-cylinders.net\/sk\/wp-json\/wp\/v2\/product_cat?post=1610"},{"taxonomy":"product_tag","embeddable":true,"href":"https:\/\/www.hydraulic-cylinders.net\/sk\/wp-json\/wp\/v2\/product_tag?post=1610"}],"curies":[{"name":"pracovn\u00fd list","href":"https:\/\/api.w.org\/{rel}","templated":true}]}}