{"id":16100,"date":"2025-01-20T08:28:44","date_gmt":"2025-01-20T08:28:44","guid":{"rendered":"https:\/\/www.hydraulic-cylinders.net\/product\/arm-cylinderfor-sumitomo-middle-excavator-sh200a1a2a3\/"},"modified":"2025-01-20T08:28:46","modified_gmt":"2025-01-20T08:28:46","slug":"arm-cylinderfor-sumitomo-middle-excavator-sh200a1a2a3","status":"publish","type":"product","link":"https:\/\/www.hydraulic-cylinders.net\/sk\/produkt\/arm-cylinderfor-sumitomo-middle-excavator-sh200a1a2a3\/","title":{"rendered":"Valec ramena pre stredn\u00e9 r\u00fdpadlo Sumitomo SH200A1A2A3"},"content":{"rendered":"<p>Valec ramena pre stredn\u00e9 r\u00fdpadlo Sumitomo SH200A1A2A3<\/p>\n<p>Hydraulick\u00e9 valce ramien s\u00fa \u0161peci\u00e1lne navrhnut\u00e9 tak, aby poskytovali line\u00e1rny pohyb a v\u00fdkon ramen\u00e1m r\u00f4znych typov strojov, ako s\u00fa r\u00fdpadl\u00e1, \u017eeriavy a mechanick\u00e9 ramen\u00e1. Tieto valce zohr\u00e1vaj\u00fa k\u013e\u00fa\u010dov\u00fa \u00falohu v hydraulick\u00fdch syst\u00e9moch, preto\u017ee umo\u017e\u0148uj\u00fa efekt\u00edvny pohyb a ovl\u00e1danie \u010fal\u0161\u00edch n\u00e1strojov alebo pr\u00edslu\u0161enstva. Nielen\u017ee umo\u017e\u0148uj\u00fa plynul\u00fd pohyb, ale tie\u017e odol\u00e1vaj\u00fa \u0165a\u017ek\u00fdm za\u0165a\u017eeniam, \u010d\u00edm zabezpe\u010duj\u00fa efekt\u00edvnu prev\u00e1dzku a spo\u013eahlivos\u0165 strojov za r\u00f4znych prev\u00e1dzkov\u00fdch podmienok.<\/p>\n<p><img decoding=\"async\" src=\"https:\/\/www.hydraulic-cylinders.net\/wp-content\/uploads\/2025\/01\/songte-company-2.webp\" alt=\"Valec ramena\" \/><\/p>\n<p>Vlastnosti:<br \/>\n\u2013 Vysoko\u00fa\u010dinn\u00fd prevod: Valec ramena poskytuje siln\u00fd line\u00e1rny pohyb a silu, \u010d\u00edm zais\u0165uje vysoko\u00fa\u010dinn\u00fd v\u00fdkon mechanick\u00fdch ramien po\u010das r\u00f4znych oper\u00e1ci\u00ed.<br \/>\n\u2013 Presn\u00e9 ovl\u00e1danie: Valec ramena dok\u00e1\u017ee dosiahnu\u0165 presn\u00e9 ovl\u00e1danie pohybu prostredn\u00edctvom hydraulick\u00e9ho syst\u00e9mu, v\u010faka \u010domu je obsluha n\u00e1stroja flexibilnej\u0161ia a presnej\u0161ia.<br \/>\n\u2013 Vysok\u00e1 odolnos\u0165: Valec ramena je zvy\u010dajne vyroben\u00fd z vysoko pevn\u00fdch materi\u00e1lov s dobrou odolnos\u0165ou vo\u010di opotrebovaniu a kor\u00f3zii, vhodn\u00fd na dlhodob\u00e9 pou\u017e\u00edvanie v n\u00e1ro\u010dn\u00fdch podmienkach.<br \/>\n\u2013 Multifunk\u010dn\u00e1 prisp\u00f4sobivos\u0165: Tieto valce sa daj\u00fa \u0161iroko pou\u017e\u00edva\u0165 v r\u00f4znych typoch strojov, ako s\u00fa bagre, \u017eeriavy a mechanick\u00e9 ramen\u00e1, aby sa prisp\u00f4sobili r\u00f4znym pracovn\u00fdm po\u017eiadavk\u00e1m.<br \/>\n\u2013 Jednoduch\u00e1 \u00fadr\u017eba: Kon\u0161trukcia zoh\u013ead\u0148uje jednoduch\u00fa \u00fadr\u017ebu a v\u00fdmenu, v\u010faka \u010domu s\u00fa pravideln\u00e9 kontroly a \u00fadr\u017eba pohodlnej\u0161ie a skracuj\u00fa sa prestoje zariadenia.<\/p>\n<p>N\u00e1\u0161 produkt dok\u00e1\u017ee dokonale nahradi\u0165 tieto hydraulick\u00e9 valce. <\/p>\n<p><img decoding=\"async\" src=\"https:\/\/www.hydraulic-cylinders.net\/wp-content\/uploads\/2025\/01\/songte-oil-pipes-and-spare-parts.webp\" alt=\"Olejov\u00e9 potrubia a n\u00e1hradn\u00e9 diely\" \/><\/p>\n<p>Aplik\u00e1cie:<br \/>\n\u2013 Stavebn\u00e9 in\u017einierstvo: V bagroch a \u017eeriavoch sa valce ramien pou\u017e\u00edvaj\u00fa na ovl\u00e1danie pohybu vedier alebo v\u00fdlo\u017en\u00edkov pri zemn\u00fdch pr\u00e1cach, manipul\u00e1cii s materi\u00e1lom a mont\u00e1\u017ei kon\u0161trukci\u00ed.<br \/>\n\u2013 Spracovate\u013esk\u00fd priemysel: V automatizovan\u00fdch v\u00fdrobn\u00fdch link\u00e1ch sa valce ramien pou\u017e\u00edvaj\u00fa na pohyb mechanick\u00fdch ramien pri mont\u00e1\u017enych, zv\u00e1rac\u00edch a manipula\u010dn\u00fdch procesoch, \u010d\u00edm sa zlep\u0161uje efektivita a presnos\u0165 v\u00fdroby.<br \/>\n\u2013 Po\u013enohospod\u00e1rske stroje: V po\u013enohospod\u00e1rskych strojoch, ako s\u00fa zbera\u010de a seja\u010dky, riadia valce ramien pohyb ovl\u00e1dac\u00edch ramien na vykon\u00e1vanie \u00faloh, ako je siatie, hnojenie a zber \u00farody.<br \/>\n\u2013 \u0164a\u017eba: V bansk\u00fdch zariadeniach sa valce ramien pou\u017e\u00edvaj\u00fa na ovl\u00e1danie pohybu ramien bansk\u00fdch zariaden\u00ed pri \u0165a\u017ebe a preprave rudy.<br \/>\n\u2013 Logistika a doprava: Vo vysokozdvi\u017en\u00fdch voz\u00edkoch a manipula\u010dn\u00fdch robotoch sa valce ramien pou\u017e\u00edvaj\u00fa na ovl\u00e1danie zdv\u00edhania a pohybu vidl\u00edc, \u010d\u00edm sa realizuje manipul\u00e1cia s materi\u00e1lom a stohovanie.<\/p>\n<p>Dizajnov\u00e9 aspekty a krit\u00e9ri\u00e1 v\u00fdberu:<br \/>\n\u2013 Nosnos\u0165: Valec ramena mus\u00ed ma\u0165 dostato\u010dn\u00fa nosnos\u0165, aby sa zabezpe\u010dila bezpe\u010dn\u00e1 prev\u00e1dzka strojov za r\u00f4znych pracovn\u00fdch podmienok.<br \/>\n\u2013 Tesnenie: Pou\u017e\u00edvaj\u00fa sa r\u00f4zne tesniace diely, ako s\u00fa tesnenia piestov a ty\u010d\u00ed, a vyberaj\u00fa sa materi\u00e1ly odoln\u00e9 vo\u010di opotrebovaniu, ako je polyuret\u00e1n a nitrilov\u00e1 guma. Jemn\u00e9 opracovanie telesa valca a povrchu z\u00e1vitov\u00e9ho konca zlep\u0161uje odolnos\u0165 vo\u010di opotrebovaniu.<br \/>\n\u2013 Trvanlivos\u0165: Valec ramena mus\u00ed by\u0165 dostato\u010dne odoln\u00fd, aby odolal n\u00e1ro\u010dn\u00fdm pracovn\u00fdm podmienkam a zabezpe\u010dil dlhodob\u00e9 pou\u017e\u00edvanie.<br \/>\n\u2013 Bezpe\u010dnos\u0165: Valec ramena mus\u00ed by\u0165 navrhnut\u00fd s oh\u013eadom na bezpe\u010dnos\u0165, aby sa predi\u0161lo nehod\u00e1m a zabezpe\u010dila sa bezpe\u010dnos\u0165 person\u00e1lu a strojov.<br \/>\n\u2013 \u00dadr\u017eba: Kon\u0161trukcia by mala by\u0165 \u013eahko udr\u017eiavate\u013en\u00e1 a vymenite\u013en\u00e1, \u010do by u\u013eah\u010dilo pravideln\u00e9 kontroly a \u00fadr\u017ebu a skr\u00e1tilo prestoje zariaden\u00ed.<\/p>\n<p><img decoding=\"async\" src=\"https:\/\/www.hydraulic-cylinders.net\/wp-content\/uploads\/2025\/01\/songte-cylinder-head-with-all-kinds-excavator-models.webp\" alt=\"Hlava valcov\" \/><\/p>\n<p>Tesnenie a mazanie:<br \/>\n\u2013 Pou\u017e\u00edvaj\u00fa sa r\u00f4zne tesniace diely, ako s\u00fa tesnenia piestov a tesnenia ty\u010d\u00ed, a vyberaj\u00fa sa materi\u00e1ly odoln\u00e9 vo\u010di opotrebovaniu, ako je polyuret\u00e1n a nitrilov\u00e1 guma.<br \/>\n\u2013 Teleso valca a povrch z\u00e1vitov\u00e9ho konca s\u00fa jemne opracovan\u00e9 pre zlep\u0161enie odolnosti proti opotrebovaniu.<br \/>\n\u2013 Pravideln\u00e9 dop\u013a\u0148anie vhodn\u00e9ho hydraulick\u00e9ho oleja na mazanie je nevyhnutn\u00e9.<\/p>\n<p>Pravideln\u00e9 kontroly a opatrenia prevent\u00edvnej \u00fadr\u017eby:<br \/>\n\u2013 Pravideln\u00e1 kontrola a \u00fadr\u017eba valca ramena je nevyhnutn\u00e1 pre zabezpe\u010denie jeho stabilnej prev\u00e1dzky.<br \/>\n\u2013 Je potrebn\u00e9 v\u010das odhali\u0165 a rie\u0161i\u0165 abnorm\u00e1lne stavy, aby sa predi\u0161lo poruch\u00e1m zariaden\u00ed a skr\u00e1tili sa prestoje zariaden\u00ed.<br \/>\n\u2013 Pravideln\u00e1 v\u00fdmena opotrebovan\u00fdch alebo po\u0161koden\u00fdch dielov pom\u00f4\u017ee pred\u013a\u017ei\u0165 \u017eivotnos\u0165 valca ramena.<\/p>\n<p>Spr\u00e1vny n\u00e1vod na in\u0161tal\u00e1ciu produktu:<br \/>\n\u2013 In\u0161tal\u00e1cia valca ramena by sa mala vykona\u0165 v s\u00falade s mont\u00e1\u017enymi pokynmi, aby sa zabezpe\u010dila jeho stabiln\u00e1 prev\u00e1dzka a predi\u0161lo sa nehod\u00e1m.<br \/>\n\u2013 In\u0161tal\u00e1ciu by mali vykon\u00e1va\u0165 odborn\u00edci a vy\u017eaduje si vhodn\u00e9 n\u00e1stroje a vybavenie.<\/p>\n<p><img decoding=\"async\" src=\"https:\/\/www.hydraulic-cylinders.net\/wp-content\/uploads\/2025\/01\/songte-bushings-with-all-kinds-of-excavator-models.webp\" alt=\"Puzdr\u00e1\" \/><\/p>\n<p>Bezpe\u010dnostn\u00e9 aspekty a faktory prostredia:<br \/>\n\u2013 Po\u010das in\u0161tal\u00e1cie a prev\u00e1dzky sa musia prija\u0165 bezpe\u010dnostn\u00e9 opatrenia, aby sa predi\u0161lo nehod\u00e1m a zabezpe\u010dila sa bezpe\u010dnos\u0165 person\u00e1lu a strojov.<br \/>\n\u2013 Po\u010das pou\u017e\u00edvania by sa mali bra\u0165 do \u00favahy faktory prostredia, ako je teplota, vlhkos\u0165 a prach, a mali by sa prija\u0165 vhodn\u00e9 opatrenia na zabezpe\u010denie stabilnej prev\u00e1dzky valca ramena.<\/p>\n<p>Be\u017en\u00e9 poruchy a ich rie\u0161enie:<br \/>\n\u2013 \u00danik hydraulick\u00e9ho oleja: Skontrolujte, \u010di nie s\u00fa po\u0161koden\u00e9 tesniace diely a v\u010das ich vyme\u0148te.<br \/>\n\u2013 Nezvy\u010dajn\u00fd hluk alebo vibr\u00e1cie: Skontrolujte, \u010di nie je valec po\u0161koden\u00fd alebo \u010di nie je piestna ty\u010d ohnut\u00e1, a v\u010das ju vyme\u0148te alebo opravte.<br \/>\n\u2013 Nedostato\u010dn\u00e1 nosnos\u0165: Skontrolujte, \u010di m\u00e1 valec dostato\u010dn\u00fa nosnos\u0165, a v pr\u00edpade potreby ho vyme\u0148te za model s vy\u0161\u0161ou nosnos\u0165ou.<\/p>\n<p>Prevent\u00edvne opatrenia:<br \/>\n\u2013 Pravideln\u00e1 kontrola a \u00fadr\u017eba m\u00f4\u017eu \u00fa\u010dinne predch\u00e1dza\u0165 potenci\u00e1lnym poruch\u00e1m a zabezpe\u010di\u0165 stabiln\u00fa prev\u00e1dzku valca ramena.<\/p>\n<p>Na\u0161a spolo\u010dnos\u0165 je profesion\u00e1lny v\u00fdrobca n\u00e1hradn\u00fdch hydraulick\u00fdch valcov so \u0161irokou \u0161k\u00e1lou produktov. Stali sme sa jedn\u00fdm z popredn\u00fdch v\u00fdrobcov a ve\u013ekoobchodn\u00fdch distrib\u00fatorov hydraulick\u00fdch valcov na dom\u00e1com aj zahrani\u010dnom trhu. V\u017edy dodr\u017eiavame z\u00e1sadu vynikaj\u00facej kvality a spoliehame sa na industrializovan\u00e9 strat\u00e9gie riadenia v\u00fdroby v prec\u00edznych v\u00fdrobn\u00fdch diel\u0148ach, aby sme neust\u00e1le zlep\u0161ovali na\u0161u technick\u00fa \u00farove\u0148 a efekt\u00edvnos\u0165 v\u00fdroby. M\u00e1me siln\u00fa inova\u010dn\u00fa schopnos\u0165 zav\u00e1dzan\u00edm \u0161pi\u010dkov\u00fdch digit\u00e1lnych v\u00fdrobn\u00fdch zariaden\u00ed a profesion\u00e1lnych testovac\u00edch syst\u00e9mov, optimaliz\u00e1ciou v\u00fdrobnej platformy a zlep\u0161ovan\u00edm procesu kontroly kvality v\u00fdrobkov. Na\u0161\u00edm cie\u013eom je uspokoji\u0165 rozmanit\u00e9 potreby na\u0161ich z\u00e1kazn\u00edkov efekt\u00edvnymi, presn\u00fdmi a vysoko kvalitn\u00fdmi princ\u00edpmi.<\/p>\n<p>Profesionalita, medzin\u00e1rodn\u00e1 certifik\u00e1cia, prisp\u00f4soben\u00e9 slu\u017eby, v\u00fdrobn\u00e9 zariadenia a popredajn\u00fd servis s\u00fa siln\u00fdmi str\u00e1nkami na\u0161ej spolo\u010dnosti.<\/p>\n<p><img decoding=\"async\" src=\"https:\/\/www.hydraulic-cylinders.net\/wp-content\/uploads\/2025\/01\/songte-company-4.webp\" alt=\"Spolo\u010dnos\u0165 4\" \/><\/p>\n<p><img decoding=\"async\" src=\"https:\/\/www.hydraulic-cylinders.net\/wp-content\/uploads\/2025\/01\/songte-company-3.webp\" alt=\"Spolo\u010dnos\u0165 3\" \/><\/p>\n<p>Autor: lyl.<\/p>","protected":false},"excerpt":{"rendered":"<p>Arm Cylinder For Sumitomo Middle Excavator SH200A1A2A3 Arm cylinders are hydraulic cylinders specially designed to provide linear motion and power to the arms of various types of machinery, such as excavators, cranes, and mechanical arms. These cylinders play a key role in hydraulic systems, allowing additional tools or attachments to move and be controlled effectively. [&hellip;]<\/p>","protected":false},"featured_media":14766,"comment_status":"open","ping_status":"closed","template":"","meta":{"_et_pb_use_builder":"","_et_pb_old_content":"","_et_gb_content_width":""},"product_brand":[],"product_cat":[1497],"product_tag":[1498,1496],"class_list":{"0":"post-16100","1":"product","2":"type-product","3":"status-publish","4":"has-post-thumbnail","6":"product_cat-arm-cylinders","7":"product_tag-arm-cylinders","8":"product_tag-hydraulic-cylinders","10":"first","11":"instock","12":"shipping-taxable","13":"product-type-simple"},"amp_enabled":true,"_links":{"self":[{"href":"https:\/\/www.hydraulic-cylinders.net\/sk\/wp-json\/wp\/v2\/product\/16100","targetHints":{"allow":["GET"]}}],"collection":[{"href":"https:\/\/www.hydraulic-cylinders.net\/sk\/wp-json\/wp\/v2\/product"}],"about":[{"href":"https:\/\/www.hydraulic-cylinders.net\/sk\/wp-json\/wp\/v2\/types\/product"}],"replies":[{"embeddable":true,"href":"https:\/\/www.hydraulic-cylinders.net\/sk\/wp-json\/wp\/v2\/comments?post=16100"}],"wp:featuredmedia":[{"embeddable":true,"href":"https:\/\/www.hydraulic-cylinders.net\/sk\/wp-json\/wp\/v2\/media\/14766"}],"wp:attachment":[{"href":"https:\/\/www.hydraulic-cylinders.net\/sk\/wp-json\/wp\/v2\/media?parent=16100"}],"wp:term":[{"taxonomy":"product_brand","embeddable":true,"href":"https:\/\/www.hydraulic-cylinders.net\/sk\/wp-json\/wp\/v2\/product_brand?post=16100"},{"taxonomy":"product_cat","embeddable":true,"href":"https:\/\/www.hydraulic-cylinders.net\/sk\/wp-json\/wp\/v2\/product_cat?post=16100"},{"taxonomy":"product_tag","embeddable":true,"href":"https:\/\/www.hydraulic-cylinders.net\/sk\/wp-json\/wp\/v2\/product_tag?post=16100"}],"curies":[{"name":"pracovn\u00fd list","href":"https:\/\/api.w.org\/{rel}","templated":true}]}}