{"id":16101,"date":"2025-01-20T08:28:49","date_gmt":"2025-01-20T08:28:49","guid":{"rendered":"https:\/\/www.hydraulic-cylinders.net\/product\/arm-cylinderfor-sumitomo-middle-excavator-sh210-5\/"},"modified":"2025-01-20T08:28:51","modified_gmt":"2025-01-20T08:28:51","slug":"arm-cylinderfor-sumitomo-middle-excavator-sh210-5","status":"publish","type":"product","link":"https:\/\/www.hydraulic-cylinders.net\/sk\/produkt\/arm-cylinderfor-sumitomo-middle-excavator-sh210-5\/","title":{"rendered":"Valec ramena pre stredn\u00e9 r\u00fdpadlo Sumitomo SH210-5"},"content":{"rendered":"<h1>Valec ramena pre stredn\u00fd bager Sumitomo SH210-5<\/h1>\n<h2>Defin\u00edcia produktu<\/h2>\n<p>Hydraulick\u00fd valec ramena je \u0161peci\u00e1lne navrhnut\u00fd hydraulick\u00fd valec, ktor\u00fd sa pou\u017e\u00edva na zabezpe\u010denie line\u00e1rneho pohybu a v\u00fdkonu ramena r\u00f4znych strojov, ako s\u00fa r\u00fdpadl\u00e1, \u017eeriavy a robotick\u00e9 ramen\u00e1. Valec ramena zohr\u00e1va k\u013e\u00fa\u010dov\u00fa \u00falohu v hydraulick\u00fdch syst\u00e9moch, preto\u017ee umo\u017e\u0148uje efekt\u00edvny pohyb a ovl\u00e1danie \u010fal\u0161\u00edch n\u00e1strojov alebo pr\u00edslu\u0161enstva. Tieto valce nielen umo\u017e\u0148uj\u00fa plynul\u00fd pohyb, ale tie\u017e odol\u00e1vaj\u00fa \u0165a\u017ek\u00fdm za\u0165a\u017eeniam, \u010d\u00edm zabezpe\u010duj\u00fa efekt\u00edvnu prev\u00e1dzku a spo\u013eahlivos\u0165 strojov v r\u00f4znych pracovn\u00fdch podmienkach.<\/p>\n<p><img decoding=\"async\" src=\"https:\/\/www.hydraulic-cylinders.net\/wp-content\/uploads\/2025\/01\/songte-company-2.webp\" alt=\"Obr\u00e1zok valca ramena\"><\/p>\n<h2>Vlastnosti produktu<\/h2>\n<ul>\n<li>\n<h3>Vysoko\u00fa\u010dinn\u00fd prenos<\/h3>\n<p>Valec ramena poskytuje siln\u00fd line\u00e1rny pohyb a silu, \u010d\u00edm zais\u0165uje vysok\u00fd v\u00fdkon robotick\u00e9ho ramena v r\u00f4znych oper\u00e1ci\u00e1ch.<\/p>\n<\/li>\n<li>\n<h3>Presn\u00e9 ovl\u00e1danie<\/h3>\n<p>V\u010faka hydraulick\u00e9mu syst\u00e9mu dosahuje valec ramena presn\u00e9 ovl\u00e1danie pohybu, v\u010faka \u010domu je ovl\u00e1danie pripojen\u00e9ho n\u00e1radia flexibilnej\u0161ie a presnej\u0161ie.<\/p>\n<\/li>\n<li>\n<h3>Trvanlivos\u0165<\/h3>\n<p>Valce ramien s\u00fa zvy\u010dajne vyroben\u00e9 z vysokopevnostn\u00fdch materi\u00e1lov, ktor\u00e9 pon\u00fakaj\u00fa vynikaj\u00facu odolnos\u0165 vo\u010di opotrebovaniu a kor\u00f3zii, a s\u00fa vhodn\u00e9 na dlhodob\u00e9 pou\u017e\u00edvanie v n\u00e1ro\u010dn\u00fdch podmienkach.<\/p>\n<\/li>\n<li>\n<h3>Multifunk\u010dn\u00e1 prisp\u00f4sobivos\u0165<\/h3>\n<p>Tieto valce sa daj\u00fa \u0161iroko pou\u017e\u00edva\u0165 v r\u00f4znych strojn\u00fdch zariadeniach, ako s\u00fa bagre, \u017eeriavy a robotick\u00e9 ramen\u00e1, a prisp\u00f4sobuj\u00fa sa r\u00f4znym pracovn\u00fdm po\u017eiadavk\u00e1m.<\/p>\n<\/li>\n<li>\n<h3>Jednoduch\u00e1 \u00fadr\u017eba<\/h3>\n<p>Valce ramien, navrhnut\u00e9 s oh\u013eadom na jednoduch\u00fa \u00fadr\u017ebu a v\u00fdmenu, umo\u017e\u0148uj\u00fa pohodln\u00e9 pravideln\u00e9 kontroly a \u00fadr\u017ebu, \u010d\u00edm minimalizuj\u00fa prestoje zariadenia.<\/p>\n<\/li>\n<\/ul>\n<p><img decoding=\"async\" src=\"https:\/\/www.hydraulic-cylinders.net\/wp-content\/uploads\/2025\/01\/songte-oil-pipes-and-spare-parts.webp\" alt=\"N\u00e1hradn\u00e9 diely pre valce ramena\"><\/p>\n<h2>Aplik\u00e1cie<\/h2>\n<p>Rameno s valcom nach\u00e1dza uplatnenie v r\u00f4znych odvetviach:<\/p>\n<ul>\n<li>\n<h3>Stavebn\u00e9 in\u017einierstvo<\/h3>\n<p>V r\u00fdpadl\u00e1ch a \u017eeriavoch ovl\u00e1da valec ramena pohyb vedra alebo v\u00fdlo\u017en\u00edka a vykon\u00e1va \u00falohy, ako s\u00fa zemn\u00e9 pr\u00e1ce, manipul\u00e1cia s materi\u00e1lom a mont\u00e1\u017e kon\u0161trukci\u00ed.<\/p>\n<\/li>\n<li>\n<h3>V\u00fdroba<\/h3>\n<p>V automatizovan\u00fdch v\u00fdrobn\u00fdch link\u00e1ch u\u013eah\u010duje valec ramena pohyb robotick\u00fdch ramien, vykon\u00e1va mont\u00e1\u017ene, zv\u00e1racie a manipula\u010dn\u00e9 procesy s materi\u00e1lom, \u010d\u00edm sa zvy\u0161uje efektivita a presnos\u0165 v\u00fdroby.<\/p>\n<\/li>\n<li>\n<h3>Po\u013enohospod\u00e1rske stroje<\/h3>\n<p>V po\u013enohospod\u00e1rskych strojoch, ako s\u00fa zbera\u010de a seja\u010dky, riadi valec ramena pohyb ovl\u00e1dacieho ramena a vykon\u00e1va \u00falohy ako siatie, hnojenie a zber \u00farody.<\/p>\n<\/li>\n<li>\n<h3>\u0164a\u017eba<\/h3>\n<p>V bansk\u00fdch zariadeniach sa valec ramena pou\u017e\u00edva na ovl\u00e1danie pohybu ramena bansk\u00fdch strojov, \u010do umo\u017e\u0148uje \u0165a\u017ebu a prepravu rudy.<\/p>\n<\/li>\n<li>\n<h3>Logistika a doprava<\/h3>\n<p>Vo vysokozdvi\u017en\u00fdch voz\u00edkoch a robotoch na manipul\u00e1ciu s materi\u00e1lom riadi valec ramena zdv\u00edhanie a pohyb vidl\u00edc, \u010do u\u013eah\u010duje prepravu a stohovanie materi\u00e1lu.<\/p>\n<\/li>\n<\/ul>\n<h2>\u00davahy o dizajne a krit\u00e9ri\u00e1 v\u00fdberu<\/h2>\n<p>Pri zva\u017eovan\u00ed kon\u0161trukcie valcov ramena vstupuje do hry nieko\u013eko faktorov a v\u00fdberov\u00fdch krit\u00e9ri\u00ed:<\/p>\n<ul>\n<li>\n<h3>Nosnos\u0165<\/h3>\n<p>Valec ramena by mal by\u0165 navrhnut\u00fd tak, aby odolal maxim\u00e1lnemu za\u0165a\u017eeniu, ktor\u00e9mu bude vystaven\u00fd po\u010das prev\u00e1dzky, a t\u00fdm zabezpe\u010dil bezpe\u010dnos\u0165 a optim\u00e1lny v\u00fdkon.<\/p>\n<\/li>\n<li>\n<h3>Tesnenie<\/h3>\n<p>Na zabr\u00e1nenie \u00faniku a udr\u017eanie hydraulick\u00e9ho tlaku vo valci sa pou\u017e\u00edvaj\u00fa r\u00f4zne tesniace prvky, ako s\u00fa tesnenia piestov a tesnenia ty\u010d\u00ed. Tieto tesnenia s\u00fa vyroben\u00e9 z materi\u00e1lov odoln\u00fdch vo\u010di opotrebovaniu, ako je polyuret\u00e1n a nitrilov\u00e1 guma.<\/p>\n<\/li>\n<li>\n<h3>Trvanlivos\u0165<\/h3>\n<p>Teleso valca a z\u00e1vitov\u00e9 konce s\u00fa prec\u00edzne o\u0161etren\u00e9, aby sa zlep\u0161ila odolnos\u0165 vo\u010di opotrebovaniu. Pravideln\u00e9 mazanie hydraulick\u00fdm olejom je nevyhnutn\u00e9 pre zabezpe\u010denie hladk\u00e9ho chodu a dlhej \u017eivotnosti.<\/p>\n<\/li>\n<\/ul>\n<p><img decoding=\"async\" src=\"https:\/\/www.hydraulic-cylinders.net\/wp-content\/uploads\/2025\/01\/songte-cylinder-head-with-all-kinds-excavator-models.webp\" alt=\"Obr\u00e1zok hlavy valcov\"><\/p>\n<h2>Pravideln\u00e1 kontrola a prevent\u00edvna \u00fadr\u017eba<\/h2>\n<ul>\n<li>\n<h3>Pravideln\u00e1 kontrola<\/h3>\n<p>Skontrolujte valec ramena, \u010di nevykazuje zn\u00e1mky opotrebovania, netesnost\u00ed alebo po\u0161kodenia. Skontrolujte tesnenia, piestne ty\u010de a telo valca, \u010di nevykazuj\u00fa nejak\u00e9 abnormality.<\/p>\n<\/li>\n<li>\n<h3>Prevent\u00edvna \u00fadr\u017eba<\/h3>\n<p>Vykon\u00e1vajte prevent\u00edvne \u00fadr\u017eb\u00e1rske pr\u00e1ce, ako je \u010distenie, mazanie a v\u00fdmena opotrebovan\u00fdch dielov, pod\u013ea pokynov v\u00fdrobcu, aby ste zabezpe\u010dili optim\u00e1lny v\u00fdkon a dlh\u00fa \u017eivotnos\u0165 valca ramena.<\/p>\n<\/li>\n<\/ul>\n<h2>Sprievodca in\u0161tal\u00e1ciou produktu<\/h2>\n<p>Pre spr\u00e1vnu in\u0161tal\u00e1ciu valca ramena postupujte pod\u013ea t\u00fdchto krokov:<\/p>\n<ol>\n<li>Pripravte si potrebn\u00e9 n\u00e1stroje a vybavenie na in\u0161tal\u00e1ciu.<\/li>\n<li>Uistite sa, \u017ee hydraulick\u00fd syst\u00e9m je bez tlaku.<\/li>\n<li>Odstr\u00e1\u0148te star\u00fd valec ramena, ak je to relevantn\u00e9.<\/li>\n<li>Opatrne zarovnajte nov\u00fd valec ramena s mont\u00e1\u017enymi konzolami.<\/li>\n<li>Bezpe\u010dne utiahnite upev\u0148ovacie skrutky.<\/li>\n<li>Pripojte hydraulick\u00e9 hadice k valcu.<\/li>\n<li>Skontrolujte pr\u00edpadn\u00e9 netesnosti a zabezpe\u010dte spr\u00e1vne zarovnanie.<\/li>\n<li>Pred obsluhou stroja otestujte funk\u010dnos\u0165 valca ramena.<\/li>\n<\/ol>\n<p><img decoding=\"async\" src=\"https:\/\/www.hydraulic-cylinders.net\/wp-content\/uploads\/2025\/01\/songte-bushings-with-all-kinds-of-excavator-models.webp\" alt=\"Obr\u00e1zok puzdier\"><\/p>\n<h2>Bezpe\u010dnostn\u00e9 aspekty a faktory prostredia<\/h2>\n<p>Pri pou\u017e\u00edvan\u00ed valca s ramenom je nevyhnutn\u00e9 uprednostni\u0165 bezpe\u010dnostn\u00e9 opatrenia, aby sa predi\u0161lo nehod\u00e1m a zabezpe\u010dilo bezpe\u010dn\u00e9 pracovn\u00e9 prostredie. Pravideln\u00e9 \u0161kolenia, dodr\u017eiavanie bezpe\u010dnostn\u00fdch pokynov a poskytovanie osobn\u00fdch ochrann\u00fdch prostriedkov (OOP) s\u00fa k\u013e\u00fa\u010dov\u00e9.<\/p>\n<h2>Rie\u0161enie probl\u00e9mov a be\u017en\u00e9 probl\u00e9my<\/h2>\n<p>Medzi be\u017en\u00e9 probl\u00e9my, ktor\u00e9 sa m\u00f4\u017eu vyskytn\u00fa\u0165 s valcami ramena, patr\u00ed netesnos\u0165, nedostato\u010dn\u00fd v\u00fdkon a abnorm\u00e1lny pohyb. Rie\u0161enie t\u00fdchto probl\u00e9mov m\u00f4\u017ee zah\u0155\u0148a\u0165 kontrolu tesnen\u00ed, kontrolu hladiny hydraulickej kvapaliny a overenie spr\u00e1vneho pripojenia.<\/p>\n<p>Tu je nieko\u013eko tipov a rie\u0161en\u00ed probl\u00e9mov:<\/p>\n<ul>\n<li>\n<h3>\u00danik<\/h3>\n<p>Skontrolujte tesnenia, \u010di nie s\u00fa po\u0161koden\u00e9 alebo opotrebovan\u00e9, a v pr\u00edpade potreby ich vyme\u0148te. Uistite sa, \u017ee v\u0161etky spoje s\u00fa pevn\u00e9 a spr\u00e1vne utesnen\u00e9.<\/p>\n<\/li>\n<li>\n<h3>Nedostato\u010dn\u00fd v\u00fdkon<\/h3>\n<p>Skontrolujte hladinu hydraulickej kvapaliny a uistite sa, \u017ee sp\u013a\u0148a odpor\u00fa\u010dan\u00e9 \u0161pecifik\u00e1cie. Skontrolujte hydraulick\u00e9 \u010derpadlo a ostatn\u00e9 komponenty, \u010di nefunguj\u00fa spr\u00e1vne alebo nie s\u00fa po\u0161koden\u00e9.<\/p>\n<\/li>\n<li>\n<h3>Abnorm\u00e1lny pohyb<\/h3>\n<p>Skontrolujte regula\u010dn\u00e9 ventily a hydraulick\u00e9 potrubia, \u010di nie s\u00fa upchat\u00e9 alebo po\u0161koden\u00e9. Skontrolujte spr\u00e1vnu funk\u010dnos\u0165 riadiaceho syst\u00e9mu a uistite sa, \u017ee je spr\u00e1vne kalibrovan\u00fd.<\/p>\n<\/li>\n<\/ul>\n<p><img decoding=\"async\" src=\"https:\/\/www.hydraulic-cylinders.net\/wp-content\/uploads\/2025\/01\/songte-chushion-collar.webp\" alt=\"Obr\u00e1zok obojku Chushion\"><\/p>\n<p>Nezabudnite \u010dl\u00e1nok logicky usporiada\u0165, pre jednoduch\u0161iu navig\u00e1ciu pou\u017e\u00edva\u0165 podnadpisy, pre lep\u0161ie pochopenie zahrn\u00fa\u0165 relevantn\u00e9 obr\u00e1zky alebo grafy a zabezpe\u010di\u0165, aby bol obsah jasn\u00fd, stru\u010dn\u00fd a vhodn\u00fd pre \u010ditate\u013eov s r\u00f4znymi \u00farov\u0148ami technick\u00fdch znalost\u00ed.<\/p>\n<p>Autor: lyl<\/p>\n<h2>O na\u0161ej spolo\u010dnosti<\/h2>\n<p>Sme profesion\u00e1lny v\u00fdrobca \u0161pecializuj\u00faci sa na v\u00fdrobu n\u00e1hradn\u00fdch hydraulick\u00fdch valcov. V\u010faka \u0161irokej ponuke produktov sme sa stali jedn\u00fdm z popredn\u00fdch v\u00fdrobcov a ve\u013ekoobchodn\u00edkov s hydraulick\u00fdmi valcami na dom\u00e1com aj medzin\u00e1rodnom trhu. N\u00e1\u0161 z\u00e1v\u00e4zok k excelentnosti v kvalite je podporen\u00fd na\u0161ou strat\u00e9giou industrializovan\u00e9ho riadenia v\u00fdroby a najmodernej\u0161\u00edmi v\u00fdrobn\u00fdmi zariadeniami. Zav\u00e1dzan\u00edm pokro\u010dil\u00fdch digit\u00e1lnych v\u00fdrobn\u00fdch zariaden\u00ed a profesion\u00e1lnych testovac\u00edch syst\u00e9mov neust\u00e1le optimalizujeme na\u0161u v\u00fdrobn\u00fa platformu a zlep\u0161ujeme procesy kontroly kvality na\u0161ich v\u00fdrobkov, \u010d\u00edm preukazujeme siln\u00e9 inova\u010dn\u00e9 schopnosti. Na\u0161\u00edm cie\u013eom je uspokojova\u0165 rozmanit\u00e9 potreby z\u00e1kazn\u00edkov s efekt\u00edvnos\u0165ou, presnos\u0165ou a vysoko kvalitn\u00fdmi produktmi.<\/p>\n<p><img decoding=\"async\" src=\"https:\/\/www.hydraulic-cylinders.net\/wp-content\/uploads\/2025\/01\/songte-company-4.webp\" alt=\"Obr\u00e1zok spolo\u010dnosti\"><br \/>\n<img decoding=\"async\" src=\"https:\/\/www.hydraulic-cylinders.net\/wp-content\/uploads\/2025\/01\/songte-company-3.webp\" alt=\"Obr\u00e1zok spolo\u010dnosti\"><\/p>\n<h2>Na\u0161e siln\u00e9 str\u00e1nky<\/h2>\n<ul>\n<li>\n<h3>Profesionalita<\/h3>\n<p>M\u00e1me t\u00edm odborn\u00edkov a profesion\u00e1lov, ktor\u00ed maj\u00fa sk\u00fasenosti s v\u00fdrobou hydraulick\u00fdch valcov a hlbok\u00e9 znalosti v tomto odvetv\u00ed.<\/p>\n<\/li>\n<li>\n<h3>Medzin\u00e1rodn\u00e9 certifik\u00e1cie<\/h3>\n<p>Na\u0161e produkty sp\u013a\u0148aj\u00fa medzin\u00e1rodn\u00e9 \u0161tandardy kvality a maj\u00fa<\/p>","protected":false},"excerpt":{"rendered":"<p>Arm Cylinder for Sumitomo Middle Excavator SH210-5 Product Definition An arm cylinder is a specially designed hydraulic cylinder that is used to provide linear motion and power to the arm of various machinery, such as excavators, cranes, and robotic arms. The arm cylinder plays a crucial role in hydraulic systems, allowing additional tools or attachments [&hellip;]<\/p>","protected":false},"featured_media":14763,"comment_status":"open","ping_status":"closed","template":"","meta":{"_et_pb_use_builder":"","_et_pb_old_content":"","_et_gb_content_width":""},"product_brand":[],"product_cat":[1497],"product_tag":[1498,1496],"class_list":{"0":"post-16101","1":"product","2":"type-product","3":"status-publish","4":"has-post-thumbnail","6":"product_cat-arm-cylinders","7":"product_tag-arm-cylinders","8":"product_tag-hydraulic-cylinders","10":"first","11":"instock","12":"shipping-taxable","13":"product-type-simple"},"amp_enabled":true,"_links":{"self":[{"href":"https:\/\/www.hydraulic-cylinders.net\/sk\/wp-json\/wp\/v2\/product\/16101","targetHints":{"allow":["GET"]}}],"collection":[{"href":"https:\/\/www.hydraulic-cylinders.net\/sk\/wp-json\/wp\/v2\/product"}],"about":[{"href":"https:\/\/www.hydraulic-cylinders.net\/sk\/wp-json\/wp\/v2\/types\/product"}],"replies":[{"embeddable":true,"href":"https:\/\/www.hydraulic-cylinders.net\/sk\/wp-json\/wp\/v2\/comments?post=16101"}],"wp:featuredmedia":[{"embeddable":true,"href":"https:\/\/www.hydraulic-cylinders.net\/sk\/wp-json\/wp\/v2\/media\/14763"}],"wp:attachment":[{"href":"https:\/\/www.hydraulic-cylinders.net\/sk\/wp-json\/wp\/v2\/media?parent=16101"}],"wp:term":[{"taxonomy":"product_brand","embeddable":true,"href":"https:\/\/www.hydraulic-cylinders.net\/sk\/wp-json\/wp\/v2\/product_brand?post=16101"},{"taxonomy":"product_cat","embeddable":true,"href":"https:\/\/www.hydraulic-cylinders.net\/sk\/wp-json\/wp\/v2\/product_cat?post=16101"},{"taxonomy":"product_tag","embeddable":true,"href":"https:\/\/www.hydraulic-cylinders.net\/sk\/wp-json\/wp\/v2\/product_tag?post=16101"}],"curies":[{"name":"pracovn\u00fd list","href":"https:\/\/api.w.org\/{rel}","templated":true}]}}