{"id":16146,"date":"2025-01-20T08:33:17","date_gmt":"2025-01-20T08:33:17","guid":{"rendered":"https:\/\/www.hydraulic-cylinders.net\/product\/arm-cylinderfor-caterpillar-small-excavator-e305-5e\/"},"modified":"2025-01-20T08:33:25","modified_gmt":"2025-01-20T08:33:25","slug":"arm-cylinderfor-caterpillar-small-excavator-e305-5e","status":"publish","type":"product","link":"https:\/\/www.hydraulic-cylinders.net\/sk\/produkt\/arm-cylinderfor-caterpillar-small-excavator-e305-5e\/","title":{"rendered":"Valec ramena pre mal\u00e9 r\u00fdpadlo Caterpillar E305.5E"},"content":{"rendered":"<h1>Valec ramena pre mal\u00e9 r\u00fdpadlo Caterpillar E305.5E<\/h1>\n<h2>\u00davod<\/h2>\n<h3>Defin\u00edcia<\/h3>\n<p>Hydraulick\u00fd valec ramena je \u0161pecializovan\u00fd hydraulick\u00fd valec, ktor\u00fd sa pou\u017e\u00edva hlavne na zabezpe\u010denie line\u00e1rneho pohybu a v\u00fdkonu ramena r\u00f4znych typov strojov, ako s\u00fa r\u00fdpadl\u00e1, \u017eeriavy a mechanick\u00e9 ramen\u00e1. Valce ramena zohr\u00e1vaj\u00fa k\u013e\u00fa\u010dov\u00fa \u00falohu v hydraulick\u00fdch syst\u00e9moch, preto\u017ee umo\u017e\u0148uj\u00fa efekt\u00edvny pohyb a ovl\u00e1danie pr\u00edslu\u0161enstva alebo pr\u00edslu\u0161enstva. Tieto valce nielen dosahuj\u00fa plynul\u00e9 pohyby, ale odol\u00e1vaj\u00fa aj \u0165a\u017ek\u00fdm za\u0165a\u017eeniam, \u010d\u00edm zabezpe\u010duj\u00fa efekt\u00edvnu prev\u00e1dzku a spo\u013eahlivos\u0165 strojov v r\u00f4znych pracovn\u00fdch podmienkach.<\/p>\n<p><img decoding=\"async\" src=\"https:\/\/www.hydraulic-cylinders.net\/wp-content\/uploads\/2025\/01\/songte-company-2.webp\" alt=\"Valec ramena\"><\/p>\n<h2>Funkcie<\/h2>\n<ul>\n<li>\n<h3>Vysoko\u00fa\u010dinn\u00fd prevod<\/h3>\n<p>Valce ramien dok\u00e1\u017eu poskytn\u00fa\u0165 siln\u00fd line\u00e1rny pohyb a silu, \u010d\u00edm zabezpe\u010duj\u00fa vysok\u00fa \u00fa\u010dinnos\u0165 mechanick\u00fdch ramien pri r\u00f4znych oper\u00e1ci\u00e1ch.<\/p>\n<\/li>\n<li>\n<h3>Presn\u00e9 ovl\u00e1danie<\/h3>\n<p>Prostredn\u00edctvom hydraulick\u00fdch syst\u00e9mov m\u00f4\u017eu valce ramena dosiahnu\u0165 presn\u00e9 ovl\u00e1danie pohybu, \u010d\u00edm sa prev\u00e1dzka pr\u00edslu\u0161enstva st\u00e1va flexibilnej\u0161ou a presnej\u0161ou.<\/p>\n<\/li>\n<li>\n<h3>Siln\u00e1 odolnos\u0165<\/h3>\n<p>Valce ramien s\u00fa zvy\u010dajne vyroben\u00e9 z vysoko pevn\u00fdch materi\u00e1lov a maj\u00fa dobr\u00fa odolnos\u0165 vo\u010di opotrebovaniu a kor\u00f3zii, v\u010faka \u010domu s\u00fa vhodn\u00e9 na dlhodob\u00e9 pou\u017e\u00edvanie v n\u00e1ro\u010dn\u00fdch podmienkach.<\/p>\n<\/li>\n<li>\n<h3>Multifunk\u010dn\u00e1 prisp\u00f4sobivos\u0165<\/h3>\n<p>Tieto valce sa daj\u00fa \u0161iroko pou\u017e\u00edva\u0165 v r\u00f4znych typoch strojov, ako s\u00fa bagre, \u017eeriavy a mechanick\u00e9 ramen\u00e1, a prisp\u00f4sobuj\u00fa sa r\u00f4znym pracovn\u00fdm potreb\u00e1m.<\/p>\n<\/li>\n<li>\n<h3>Jednoduch\u00e1 \u00fadr\u017eba<\/h3>\n<p>Valce ramien s\u00fa navrhnut\u00e9 pre jednoduch\u00fa \u00fadr\u017ebu a v\u00fdmenu a u\u013eah\u010duj\u00fa pravideln\u00e9 kontroly a \u00fadr\u017ebu, \u010d\u00edm sa skracuj\u00fa prestoje zariaden\u00ed.<\/p>\n<\/li>\n<\/ul>\n<p>N\u00e1\u0161 produkt dok\u00e1\u017ee dokonale nahradi\u0165 tieto hydraulick\u00e9 valce.<\/p>\n<p><img decoding=\"async\" src=\"https:\/\/www.hydraulic-cylinders.net\/wp-content\/uploads\/2025\/01\/songte-oil-pipes-and-spare-parts.webp\" alt=\"Hydraulick\u00fd valec\"><\/p>\n<h2>Aplik\u00e1cie<\/h2>\n<ul>\n<li>\n<h3>Stavebn\u00e9 in\u017einierstvo<\/h3>\n<p>V r\u00fdpadl\u00e1ch a \u017eeriavoch sa valce ramien pou\u017e\u00edvaj\u00fa na ovl\u00e1danie pohybu vedier alebo v\u00fdlo\u017en\u00edkov pri zemn\u00fdch pr\u00e1cach, manipul\u00e1cii s materi\u00e1lom a mont\u00e1\u017ei kon\u0161trukci\u00ed.<\/p>\n<\/li>\n<li>\n<h3>V\u00fdroba<\/h3>\n<p>V automatizovan\u00fdch v\u00fdrobn\u00fdch link\u00e1ch sa valce ramien pou\u017e\u00edvaj\u00fa na pohyb mechanick\u00fdch ramien pri mont\u00e1\u017enych, zv\u00e1rac\u00edch a manipula\u010dn\u00fdch procesoch, \u010d\u00edm sa zlep\u0161uje efektivita a presnos\u0165 v\u00fdroby.<\/p>\n<\/li>\n<li>\n<h3>Po\u013enohospod\u00e1rske stroje<\/h3>\n<p>V po\u013enohospod\u00e1rskych strojoch, ako s\u00fa zbera\u010de a seja\u010dky, riadia valce ramien pohyb ovl\u00e1dac\u00edch ramien na vykon\u00e1vanie \u00faloh, ako je siatie, hnojenie a zber \u00farody.<\/p>\n<\/li>\n<li>\n<h3>\u0164a\u017eba<\/h3>\n<p>V bansk\u00fdch zariadeniach sa valce ramien pou\u017e\u00edvaj\u00fa na ovl\u00e1danie pohybu ramena bansk\u00e9ho zariadenia na \u0165a\u017ebu a manipul\u00e1ciu s rudou.<\/p>\n<\/li>\n<li>\n<h3>Logistika a doprava<\/h3>\n<p>Vo vysokozdvi\u017en\u00fdch voz\u00edkoch a manipula\u010dn\u00fdch robotoch sa valce ramien pou\u017e\u00edvaj\u00fa na ovl\u00e1danie zdv\u00edhania a pohybu vidl\u00edc, \u010d\u00edm sa dosahuje manipul\u00e1cia s materi\u00e1lom a stohovanie.<\/p>\n<\/li>\n<\/ul>\n<h2>Krit\u00e9ri\u00e1 n\u00e1vrhu a v\u00fdberu<\/h2>\n<ul>\n<li>\n<h3>Nosnos\u0165<\/h3>\n<p>Valec ramena mus\u00ed by\u0165 schopn\u00fd odola\u0165 prev\u00e1dzkov\u00e9mu za\u0165a\u017eeniu a zabezpe\u010di\u0165 stabiln\u00fa prev\u00e1dzku za r\u00f4znych pracovn\u00fdch podmienok.<\/p>\n<\/li>\n<li>\n<h3>Tesniaci v\u00fdkon<\/h3>\n<p>Valec ramena mus\u00ed ma\u0165 dobr\u00fd tesniaci v\u00fdkon, aby sa zabr\u00e1nilo \u00faniku oleja a udr\u017eal sa tlak v hydraulickom syst\u00e9me.<\/p>\n<\/li>\n<li>\n<h3>Trvanlivos\u0165<\/h3>\n<p>Valec ramena mus\u00ed ma\u0165 vysok\u00fa odolnos\u0165 vo\u010di opotrebovaniu a kor\u00f3zii, vhodn\u00fd na dlhodob\u00e9 pou\u017e\u00edvanie v n\u00e1ro\u010dn\u00fdch podmienkach.<\/p>\n<\/li>\n<li>\n<h3>Bezpe\u010dnos\u0165<\/h3>\n<p>Valec ramena mus\u00ed ma\u0165 spo\u013eahliv\u00e9 bezpe\u010dnostn\u00e9 opatrenia, ako s\u00fa n\u00fadzov\u00e9 uzatv\u00e1racie ventily, pretlakov\u00e9 ventily a bezpe\u010dnostn\u00e9 z\u00e1mky, aby sa zabezpe\u010dila bezpe\u010dnos\u0165 person\u00e1lu a zariaden\u00ed.<\/p>\n<\/li>\n<li>\n<h3>\u00dadr\u017eba<\/h3>\n<p>Valec ramena mus\u00ed zoh\u013ead\u0148ova\u0165 jednoduch\u00fa \u00fadr\u017ebu a v\u00fdmenu, \u010do u\u013eah\u010duje pravideln\u00e9 kontroly a \u00fadr\u017ebu a skracuje prestoje zariadenia.<\/p>\n<\/li>\n<\/ul>\n<p><img decoding=\"async\" src=\"https:\/\/www.hydraulic-cylinders.net\/wp-content\/uploads\/2025\/01\/songte-cylinder-head-with-all-kinds-excavator-models.webp\" alt=\"Hlava valcov\"><\/p>\n<h2>Tesnenie a mazanie<\/h2>\n<p>Pou\u017e\u00edvaj\u00fa sa r\u00f4zne tesniace komponenty, ako s\u00fa tesnenia piestov, tesnenia ty\u010d\u00ed at\u010f. Tesniace materi\u00e1ly s\u00fa vyroben\u00e9 z materi\u00e1lov odoln\u00fdch proti opotrebovaniu, ako je polyuret\u00e1n a nitrilov\u00fd kau\u010duk, aby sa zabezpe\u010dil tesniaci v\u00fdkon. Teleso valca a z\u00e1vitov\u00e9 konce boli jemne opracovan\u00e9 pre zlep\u0161enie odolnosti proti opotrebovaniu. Pravideln\u00e9 prid\u00e1vanie vhodn\u00e9ho mno\u017estva hydraulick\u00e9ho oleja m\u00f4\u017ee maza\u0165 valec ramena a zabezpe\u010di\u0165 jeho norm\u00e1lnu prev\u00e1dzku.<\/p>\n<h2>Pravideln\u00e1 kontrola a opatrenia prevent\u00edvnej \u00fadr\u017eby<\/h2>\n<ul>\n<li>\n<p>Pravidelne kontrolujte hladinu a kvalitu hydraulick\u00e9ho oleja, aby ste sa uistili, \u017ee olej sp\u013a\u0148a stanoven\u00e9 po\u017eiadavky.<\/p>\n<\/li>\n<li>\n<p>Pravidelne kontrolujte stav tesnenia valca ramena a v\u010das vyme\u0148te po\u0161koden\u00e9 tesnenia.<\/p>\n<\/li>\n<li>\n<p>Pravidelne kontrolujte stav opotrebovania piestnej ty\u010de a telesa valca a v pr\u00edpade potreby ich v\u010das vyme\u0148te.<\/p>\n<\/li>\n<li>\n<p>Skontrolujte bezpe\u010dnostn\u00e9 opatrenia valca ramena, ako napr\u00edklad n\u00fadzov\u00fd zastavovac\u00ed ventil, pretlakov\u00fd ventil a bezpe\u010dnostn\u00fd z\u00e1mok, a zabezpe\u010dte ich norm\u00e1lnu prev\u00e1dzku.<\/p>\n<\/li>\n<li>\n<p>Pravidelne \u010distite valec ramena a hydraulick\u00fd syst\u00e9m, aby ste predi\u0161li kontamin\u00e1cii a zabezpe\u010dili norm\u00e1lnu prev\u00e1dzku hydraulick\u00e9ho syst\u00e9mu.<\/p>\n<\/li>\n<\/ul>\n<p><img decoding=\"async\" src=\"https:\/\/www.hydraulic-cylinders.net\/wp-content\/uploads\/2025\/01\/songte-chushion-collar.webp\" alt=\"Vank\u00fa\u0161ov\u00fd golier\"><\/p>\n<h2>In\u0161tala\u010dn\u00e1 pr\u00edru\u010dka<\/h2>\n<ul>\n<li>\n<p>Pred in\u0161tal\u00e1ciou skontrolujte valec ramena a pr\u00edslu\u0161n\u00e9 komponenty, \u010di s\u00fa \u010dist\u00e9 a nepo\u0161koden\u00e9.<\/p>\n<\/li>\n<li>\n<p>Uistite sa, \u017ee miesto in\u0161tal\u00e1cie a prostredie in\u0161tal\u00e1cie sp\u013a\u0148aj\u00fa po\u017eiadavky na bezpe\u010dn\u00fa in\u0161tal\u00e1ciu a prev\u00e1dzku.<\/p>\n<\/li>\n<li>\n<p>Vyberte vhodn\u00fd sp\u00f4sob in\u0161tal\u00e1cie a nain\u0161talujte valec ramena pod\u013ea pokynov na in\u0161tal\u00e1ciu.<\/p>\n<\/li>\n<li>\n<p>Pripojte hydraulick\u00fd syst\u00e9m a skontrolujte tesnos\u0165.<\/p>\n<\/li>\n<li>\n<p>Vykonajte sk\u00fa\u0161obn\u00fa prev\u00e1dzku, aby ste skontrolovali norm\u00e1lnu funkciu valca ramena.<\/p>\n<\/li>\n<\/ul>\n<h2>Bezpe\u010dnostn\u00e9 aspekty a faktory prostredia<\/h2>\n<p>Pri pou\u017e\u00edvan\u00ed valca s ramenom s\u00fa k\u013e\u00fa\u010dov\u00e9 bezpe\u010dnostn\u00e9 opatrenia, ako je zabezpe\u010denie spr\u00e1vnej in\u0161tal\u00e1cie, v\u00fdber vhodn\u00fdch \u0161pecifik\u00e1ci\u00ed a pravideln\u00e1 \u00fadr\u017eba, aby sa predi\u0161lo nehod\u00e1m sp\u00f4soben\u00fdm poruchou zariadenia. Mali by sa zoh\u013eadni\u0165 aj faktory prostredia, ako je prach, voda a koroz\u00edvne l\u00e1tky, a mali by sa prija\u0165 opatrenia na zabr\u00e1nenie po\u0161kodenia valca s ramenom.<\/p>\n<h2>Rie\u0161enie probl\u00e9mov a be\u017en\u00e9 probl\u00e9my<\/h2>\n<p>Nasleduj\u00fa be\u017en\u00e9 probl\u00e9my a ich rie\u0161enia:<\/p>\n<ul>\n<li>\n<p>Probl\u00e9m: Z valca ramena unik\u00e1 olej.<\/p>\n<p>Rie\u0161enie: Skontrolujte tesnenia a v pr\u00edpade potreby ich vyme\u0148te.<\/p>\n<\/li>\n<li>\n<p>Probl\u00e9m: Valec ramena nefunguje hladko.<\/p>\n<p>Rie\u0161enie: Skontrolujte stav opotrebovania piestnej ty\u010de a telesa valca a v pr\u00edpade potreby ich vyme\u0148te.<\/p>\n<\/li>\n<li>\n<p>Probl\u00e9m: Valec ramena vyd\u00e1va abnorm\u00e1lny hluk.<\/p>\n<p>Rie\u0161enie: Skontrolujte hladinu a kvalitu hydraulick\u00e9ho oleja a v pr\u00edpade potreby olej dopl\u0148te alebo vyme\u0148te.<\/p>\n<\/li>\n<li>\n<p>Probl\u00e9m: Valec ramena nezdv\u00edha bremeno.<\/p>\n<p>Rie\u0161enie: Skontrolujte hydraulick\u00fd syst\u00e9m, \u010di nie je zablokovan\u00fd alebo nefunguje spr\u00e1vne, a v pr\u00edpade potreby opravte alebo vyme\u0148te komponenty.<\/p>\n<\/li>\n<\/ul>\n<p><img decoding=\"async\" src=\"https:\/\/www.hydraulic-cylinders.net\/wp-content\/uploads\/2025\/01\/songte-bushings-with-all-kinds-of-excavator-models.webp\" alt=\"Puzdr\u00e1\"><\/p>\n<h2>O n\u00e1s<\/h2>\n<p>Sme profesion\u00e1lny v\u00fdrobca n\u00e1hradn\u00fdch hydraulick\u00fdch valcov so \u0161irokou \u0161k\u00e1lou produktov a stali sme sa jedn\u00fdm z popredn\u00fdch v\u00fdrobcov a ve\u013ekoobchodn\u00fdch distrib\u00fatorov hydraulick\u00fdch valcov na dom\u00e1com aj medzin\u00e1rodnom trhu. V\u017edy dodr\u017eiavame z\u00e1sadu vynikaj\u00facej kvality a spoliehame sa na strat\u00e9giu industrializovan\u00e9ho riadenia v\u00fdroby v jemn\u00fdch v\u00fdrobn\u00fdch diel\u0148ach, aby sme neust\u00e1le zlep\u0161ovali na\u0161e technol\u00f3gie a efektivitu v\u00fdroby. Prostredn\u00edctvom zav\u00e1dzania \u0161pi\u010dkov\u00fdch digit\u00e1lnych v\u00fdrobn\u00fdch zariaden\u00ed a profesion\u00e1lnych testovac\u00edch syst\u00e9mov neust\u00e1le optimalizujeme na\u0161u v\u00fdrobn\u00fa platformu, zlep\u0161ujeme proces kontroly kvality na\u0161ich v\u00fdrobkov a m\u00e1me siln\u00e9 inova\u010dn\u00e9 schopnosti. Na\u0161\u00edm cie\u013eom je uspokoji\u0165 rozmanit\u00e9 potreby z\u00e1kazn\u00edkov s vysokou efektivitou, presnos\u0165ou a princ\u00edpmi vysokej kvality.<\/p>\n<h2>Profesionalita, Medzin\u00e1rodn\u00e1 certifik\u00e1cia, Slu\u017eby prisp\u00f4sobenia, V\u00fdrobn\u00e9 zariadenia, Popredajn\u00fd servis<\/h2>\n<p>M\u00e1me profesion\u00e1lny t\u00edm s bohat\u00fdmi sk\u00fasenos\u0165ami v odvetv\u00ed hydraulick\u00fdch valcov a na\u0161e produkty z\u00edskali medzin\u00e1rodn\u00fa certifik\u00e1ciu syst\u00e9mu riadenia kvality ISO9001, certifik\u00e1ciu CE a \u010fal\u0161ie certifik\u00e1ty. Poskytujeme prisp\u00f4soben\u00e9 slu\u017eby, aby sme splnili \u0161peci\u00e1lne potreby r\u00f4znych z\u00e1kazn\u00edkov. Na\u0161e v\u00fdrobn\u00e9 zariadenia zah\u0155\u0148aj\u00fa \u0161pi\u010dkov\u00e9 CNC s\u00fastruhy, obr\u00e1bacie centr\u00e1 a \u010fal\u0161ie modern\u00e9 zariadenia. M\u00e1me profesion\u00e1lny t\u00edm popredajn\u00e9ho servisu, ktor\u00fd z\u00e1kazn\u00edkom poskytuje v\u010dasn\u00e9 a efekt\u00edvne slu\u017eby.<\/p>\n<p><img decoding=\"async\" src=\"https:\/\/www.hydraulic-cylinders.net\/wp-content\/uploads\/2025\/01\/songte-company-4.webp\" alt=\"Spolo\u010dnos\u0165\"><\/p>\n<p><img decoding=\"async\" src=\"https:\/\/www.hydraulic-cylinders.net\/wp-content\/uploads\/2025\/01\/songte-company-3.webp\" alt=\"Spolo\u010dnos\u0165\"><\/p>\n<p>Autor: lyl.<\/p>","protected":false},"excerpt":{"rendered":"<p>Arm Cylinder For Caterpillar Small Excavator E305.5E Introduction Definition An arm cylinder is a specialized hydraulic cylinder that is mainly used to provide linear motion and power to the arm of various types of machinery, such as excavators, cranes, and mechanical arms. Arm cylinders play a crucial role in hydraulic systems, enabling attachments or accessories [&hellip;]<\/p>","protected":false},"featured_media":14777,"comment_status":"open","ping_status":"closed","template":"","meta":{"_et_pb_use_builder":"","_et_pb_old_content":"","_et_gb_content_width":""},"product_brand":[],"product_cat":[1497],"product_tag":[1498,1496],"class_list":{"0":"post-16146","1":"product","2":"type-product","3":"status-publish","4":"has-post-thumbnail","6":"product_cat-arm-cylinders","7":"product_tag-arm-cylinders","8":"product_tag-hydraulic-cylinders","10":"first","11":"instock","12":"shipping-taxable","13":"product-type-simple"},"amp_enabled":true,"_links":{"self":[{"href":"https:\/\/www.hydraulic-cylinders.net\/sk\/wp-json\/wp\/v2\/product\/16146","targetHints":{"allow":["GET"]}}],"collection":[{"href":"https:\/\/www.hydraulic-cylinders.net\/sk\/wp-json\/wp\/v2\/product"}],"about":[{"href":"https:\/\/www.hydraulic-cylinders.net\/sk\/wp-json\/wp\/v2\/types\/product"}],"replies":[{"embeddable":true,"href":"https:\/\/www.hydraulic-cylinders.net\/sk\/wp-json\/wp\/v2\/comments?post=16146"}],"wp:featuredmedia":[{"embeddable":true,"href":"https:\/\/www.hydraulic-cylinders.net\/sk\/wp-json\/wp\/v2\/media\/14777"}],"wp:attachment":[{"href":"https:\/\/www.hydraulic-cylinders.net\/sk\/wp-json\/wp\/v2\/media?parent=16146"}],"wp:term":[{"taxonomy":"product_brand","embeddable":true,"href":"https:\/\/www.hydraulic-cylinders.net\/sk\/wp-json\/wp\/v2\/product_brand?post=16146"},{"taxonomy":"product_cat","embeddable":true,"href":"https:\/\/www.hydraulic-cylinders.net\/sk\/wp-json\/wp\/v2\/product_cat?post=16146"},{"taxonomy":"product_tag","embeddable":true,"href":"https:\/\/www.hydraulic-cylinders.net\/sk\/wp-json\/wp\/v2\/product_tag?post=16146"}],"curies":[{"name":"pracovn\u00fd list","href":"https:\/\/api.w.org\/{rel}","templated":true}]}}