{"id":16149,"date":"2025-01-20T08:33:35","date_gmt":"2025-01-20T08:33:35","guid":{"rendered":"https:\/\/www.hydraulic-cylinders.net\/product\/arm-cylinderfor-caterpillar-small-excavator-e313d\/"},"modified":"2025-01-20T08:33:38","modified_gmt":"2025-01-20T08:33:38","slug":"arm-cylinderfor-caterpillar-small-excavator-e313d","status":"publish","type":"product","link":"https:\/\/www.hydraulic-cylinders.net\/sk\/produkt\/arm-cylinderfor-caterpillar-small-excavator-e313d\/","title":{"rendered":"Valec ramena pre mal\u00e9 r\u00fdpadlo Caterpillar E313D"},"content":{"rendered":"<p>Valec ramena pre mal\u00e9 r\u00fdpadlo Caterpillar E313D<\/p>\n<p>\u00davod<br \/>\nHydraulick\u00fd valec ramena je \u0161peci\u00e1lne navrhnut\u00fd hydraulick\u00fd valec, ktor\u00fd sa pou\u017e\u00edva na zabezpe\u010denie line\u00e1rneho pohybu a v\u00fdkonu ramien r\u00f4znych typov strojov, ako s\u00fa r\u00fdpadl\u00e1, \u017eeriavy a mechanick\u00e9 ramen\u00e1. Zohr\u00e1va k\u013e\u00fa\u010dov\u00fa \u00falohu v hydraulick\u00fdch syst\u00e9moch, preto\u017ee umo\u017e\u0148uje efekt\u00edvny pohyb a ovl\u00e1danie \u010fal\u0161\u00edch n\u00e1strojov alebo pr\u00edslu\u0161enstva. Tieto valce nielen zabezpe\u010duj\u00fa plynul\u00fd pohyb, ale tie\u017e odol\u00e1vaj\u00fa \u0165a\u017ek\u00fdm za\u0165a\u017eeniam, \u010d\u00edm zabezpe\u010duj\u00fa efekt\u00edvnu prev\u00e1dzku a spo\u013eahlivos\u0165 strojov v r\u00f4znych pracovn\u00fdch podmienkach.<\/p>\n<p>Funkcie<br \/>\n- Valec ramena poskytuje siln\u00fd line\u00e1rny pohyb a silu, \u010d\u00edm zais\u0165uje vysok\u00fa \u00fa\u010dinnos\u0165 pri r\u00f4znych oper\u00e1ci\u00e1ch.<br \/>\n-Prostredn\u00edctvom hydraulick\u00e9ho syst\u00e9mu m\u00f4\u017ee valec ramena dosiahnu\u0165 presn\u00e9 ovl\u00e1danie pohybu, v\u010faka \u010domu je ovl\u00e1danie pr\u00eddavn\u00fdch n\u00e1strojov flexibilnej\u0161ie a presnej\u0161ie.<br \/>\n- Valce ramien s\u00fa zvy\u010dajne vyroben\u00e9 z vysoko pevn\u00fdch materi\u00e1lov s dobrou odolnos\u0165ou proti opotrebovaniu a kor\u00f3zii, vhodn\u00e9 na dlhodob\u00e9 pou\u017e\u00edvanie v n\u00e1ro\u010dn\u00fdch podmienkach.<br \/>\n-Tieto valce sa daj\u00fa \u0161iroko pou\u017e\u00edva\u0165 v r\u00f4znych mechanick\u00fdch zariadeniach, ako s\u00fa bagre, \u017eeriavy a mechanick\u00e9 ramen\u00e1, aby sa prisp\u00f4sobili r\u00f4znym pracovn\u00fdm po\u017eiadavk\u00e1m.<br \/>\n- S\u00fa navrhnut\u00e9 pre jednoduch\u00fa \u00fadr\u017ebu a v\u00fdmenu, v\u010faka \u010domu s\u00fa pravideln\u00e9 kontroly a \u00fadr\u017eba pohodlnej\u0161ie a skracuj\u00fa prestoje zariaden\u00ed.<\/p>\n<p>Aplik\u00e1cia<br \/>\n-Riadiaci valec sa pou\u017e\u00edva na ovl\u00e1danie pohybu vedra r\u00fdpadla alebo \u017eeriavu, manipul\u00e1cie s materi\u00e1lom a in\u0161tal\u00e1cie kon\u0161trukci\u00ed v stavebn\u00fdch projektoch.<br \/>\n-V automatizovan\u00fdch v\u00fdrobn\u00fdch link\u00e1ch sa valce ramien pou\u017e\u00edvaj\u00fa na pohyb mechanick\u00fdch ramien pri mont\u00e1\u017enych, zv\u00e1rac\u00edch a manipula\u010dn\u00fdch procesoch, \u010d\u00edm sa zlep\u0161uje efektivita a presnos\u0165 v\u00fdroby.<br \/>\n-V po\u013enohospod\u00e1rskych strojoch, ako s\u00fa zbera\u010de a seja\u010dky, riadia valce ramena pohyb ovl\u00e1dacieho ramena na vykon\u00e1vanie \u00faloh, ako je siatie, hnojenie a zber \u00farody.<br \/>\n-V bansk\u00fdch zariadeniach sa valce ramien pou\u017e\u00edvaj\u00fa na ovl\u00e1danie pohybu ramena bansk\u00e9ho zariadenia na \u0165a\u017ebu a prepravu r\u00fad.<br \/>\n-Vo vysokozdvi\u017en\u00fdch voz\u00edkoch a manipula\u010dn\u00fdch robotoch ovl\u00e1daj\u00fa valce ramien zdv\u00edhanie a pohyb vidl\u00edc, \u010d\u00edm sa realizuje manipul\u00e1cia s materi\u00e1lom a stohovanie.<\/p>\n<p>Normy n\u00e1vrhu a v\u00fdberu<br \/>\n- Nosnos\u0165, tesnenie, trvanlivos\u0165, bezpe\u010dnos\u0165 a \u00fadr\u017eba valca ramena s\u00fa z\u00e1kladn\u00fdmi kon\u0161truk\u010dn\u00fdmi aspektmi.<br \/>\n- Tesnenie valca sa dosahuje pomocou r\u00f4znych tesniacich komponentov, ako s\u00fa tesnenia piestov, tesnenia ty\u010d\u00ed at\u010f., ktor\u00e9 s\u00fa vyroben\u00e9 z materi\u00e1lov odoln\u00fdch vo\u010di opotrebovaniu, ako je polyuret\u00e1n a nitrilov\u00e1 guma.<br \/>\n\u2013 Teleso valca a z\u00e1vitov\u00fd koniec s\u00fa jemne opracovan\u00e9, aby sa zlep\u0161ila odolnos\u0165 proti opotrebovaniu. Pravidelne je potrebn\u00e9 prid\u00e1va\u0165 vhodn\u00e9 mno\u017estvo hydraulick\u00e9ho oleja na mazanie.<\/p>\n<p>\u00dadr\u017eba a prevent\u00edvne opatrenia<br \/>\n-Pravideln\u00e1 kontrola a prevent\u00edvna \u00fadr\u017eba m\u00f4\u017eu pred\u013a\u017ei\u0165 \u017eivotnos\u0165 valca ramena a zlep\u0161i\u0165 jeho \u00fa\u010dinnos\u0165.<br \/>\n\u2013 Pravidelne kontrolujte upev\u0148ovacie prvky, tesnenia a vonkaj\u0161iu kon\u0161trukciu valca, uistite sa, \u017ee hydraulick\u00fd olej je \u010dist\u00fd a pravidelne ho vymie\u0148ajte.<br \/>\n\u2013 Prevent\u00edvne opatrenia zah\u0155\u0148aj\u00fa zabezpe\u010denie spr\u00e1vnej in\u0161tal\u00e1cie, zabr\u00e1nenie pre\u0165a\u017eeniu a spr\u00e1vne pou\u017e\u00edvanie a \u00fadr\u017ebu.<\/p>\n<p>N\u00e1vod na in\u0161tal\u00e1ciu<br \/>\n- Ak chcete nain\u0161talova\u0165 valec ramena, najprv odpojte hydraulick\u00fd syst\u00e9m a vyberte star\u00fd valec, potom nain\u0161talujte nov\u00fd valec a znova pripojte hydraulick\u00fd syst\u00e9m pod\u013ea pokynov v\u00fdrobcu.<\/p>\n<p>Bezpe\u010dnostn\u00e9 aspekty a faktory prostredia<br \/>\n- Bezpe\u010dnostn\u00e9 opatrenia, ako je nosenie ochrann\u00fdch prostriedkov a dodr\u017eiavanie bezpe\u010dn\u00fdch prev\u00e1dzkov\u00fdch postupov, s\u00fa nevyhnutn\u00e9 na predch\u00e1dzanie nehod\u00e1m.<br \/>\n\u2013 Faktory prostredia, ako je teplota, vlhkos\u0165 a \u010distota, m\u00f4\u017eu ovplyvni\u0165 v\u00fdkon tlakovej f\u013ea\u0161e. Pravideln\u00e1 kontrola a \u00fadr\u017eba komponentov tlakovej f\u013ea\u0161e m\u00f4\u017ee minimalizova\u0165 vplyv faktorov prostredia.<\/p>\n<p>Rie\u0161enie probl\u00e9mov a be\u017en\u00e9 probl\u00e9my<br \/>\n- Medzi be\u017en\u00e9 probl\u00e9my patria netesnosti hydraulick\u00e9ho syst\u00e9mu, nespr\u00e1vne zarovnanie valcov a nespr\u00e1vna in\u0161tal\u00e1cia.<br \/>\n- Pri rie\u0161en\u00ed probl\u00e9mov overte tlak a prietok v hydraulickom syst\u00e9me, skontrolujte zarovnanie a tesnenie valca a zabezpe\u010dte spr\u00e1vnu in\u0161tal\u00e1ciu.<br \/>\n-Prevent\u00edvne opatrenia, ako je pravideln\u00e1 kontrola a \u00fadr\u017eba, m\u00f4\u017eu minimalizova\u0165 potenci\u00e1lne probl\u00e9my.<\/p>\n<p>O spolo\u010dnosti<br \/>\nSme profesion\u00e1lny v\u00fdrobca n\u00e1hradn\u00fdch hydraulick\u00fdch valcov, pon\u00fakame \u0161irok\u00fd sortiment produktov a st\u00e1vame sa jedn\u00fdm z popredn\u00fdch v\u00fdrobcov a ve\u013ekoobchodn\u00fdch distrib\u00fatorov hydraulick\u00fdch valcov na dom\u00e1com aj medzin\u00e1rodnom trhu. Dodr\u017eiavame z\u00e1sadu vynikaj\u00facej kvality, neust\u00e1le zlep\u0161ujeme na\u0161u technick\u00fa \u00farove\u0148 a efektivitu v\u00fdroby prostredn\u00edctvom industrializovan\u00fdch strat\u00e9gi\u00ed riadenia v\u00fdroby a sna\u017e\u00edme sa uspokoji\u0165 rozmanit\u00e9 potreby z\u00e1kazn\u00edkov s vysokou efektivitou, presnos\u0165ou a vysokou kvalitou. Na\u0161a spolo\u010dnos\u0165 m\u00e1 profesion\u00e1lne v\u00fdrobn\u00e9 vybavenie, medzin\u00e1rodn\u00fa certifik\u00e1ciu, z\u00e1kazn\u00edcke slu\u017eby a popredajn\u00fd servis, \u010d\u00edm poskytujeme vysoko kvalitn\u00e9 produkty a slu\u017eby z\u00e1kazn\u00edkom na celom svete.<\/p>\n<p>Autor: lyl<\/p>","protected":false},"excerpt":{"rendered":"<p>Arm Cylinder For Caterpillar Small Excavator E313D Introduction Arm cylinder is a specially designed hydraulic cylinder used to provide linear motion and power to the arms of various types of machinery, such as excavators, cranes, and mechanical arms. It plays a critical role in hydraulic systems, allowing additional tools or attachments to move and be [&hellip;]<\/p>","protected":false},"featured_media":14770,"comment_status":"open","ping_status":"closed","template":"","meta":{"_et_pb_use_builder":"","_et_pb_old_content":"","_et_gb_content_width":""},"product_brand":[],"product_cat":[1497],"product_tag":[1498,1496],"class_list":{"0":"post-16149","1":"product","2":"type-product","3":"status-publish","4":"has-post-thumbnail","6":"product_cat-arm-cylinders","7":"product_tag-arm-cylinders","8":"product_tag-hydraulic-cylinders","10":"first","11":"instock","12":"shipping-taxable","13":"product-type-simple"},"amp_enabled":true,"_links":{"self":[{"href":"https:\/\/www.hydraulic-cylinders.net\/sk\/wp-json\/wp\/v2\/product\/16149","targetHints":{"allow":["GET"]}}],"collection":[{"href":"https:\/\/www.hydraulic-cylinders.net\/sk\/wp-json\/wp\/v2\/product"}],"about":[{"href":"https:\/\/www.hydraulic-cylinders.net\/sk\/wp-json\/wp\/v2\/types\/product"}],"replies":[{"embeddable":true,"href":"https:\/\/www.hydraulic-cylinders.net\/sk\/wp-json\/wp\/v2\/comments?post=16149"}],"wp:featuredmedia":[{"embeddable":true,"href":"https:\/\/www.hydraulic-cylinders.net\/sk\/wp-json\/wp\/v2\/media\/14770"}],"wp:attachment":[{"href":"https:\/\/www.hydraulic-cylinders.net\/sk\/wp-json\/wp\/v2\/media?parent=16149"}],"wp:term":[{"taxonomy":"product_brand","embeddable":true,"href":"https:\/\/www.hydraulic-cylinders.net\/sk\/wp-json\/wp\/v2\/product_brand?post=16149"},{"taxonomy":"product_cat","embeddable":true,"href":"https:\/\/www.hydraulic-cylinders.net\/sk\/wp-json\/wp\/v2\/product_cat?post=16149"},{"taxonomy":"product_tag","embeddable":true,"href":"https:\/\/www.hydraulic-cylinders.net\/sk\/wp-json\/wp\/v2\/product_tag?post=16149"}],"curies":[{"name":"pracovn\u00fd list","href":"https:\/\/api.w.org\/{rel}","templated":true}]}}