{"id":16165,"date":"2025-01-20T08:35:01","date_gmt":"2025-01-20T08:35:01","guid":{"rendered":"https:\/\/www.hydraulic-cylinders.net\/product\/arm-cylinderfor-caterpillar-middle-excavator-e325d\/"},"modified":"2025-01-20T08:35:03","modified_gmt":"2025-01-20T08:35:03","slug":"arm-cylinderfor-caterpillar-middle-excavator-e325d","status":"publish","type":"product","link":"https:\/\/www.hydraulic-cylinders.net\/sk\/produkt\/arm-cylinderfor-caterpillar-middle-excavator-e325d\/","title":{"rendered":"Valec ramena pre stredn\u00e9 r\u00fdpadlo Caterpillar E325D"},"content":{"rendered":"<h1>Valec ramena pre stredn\u00e9 r\u00fdpadlo Caterpillar E325D<\/h1>\n<h2>\u00davod<\/h2>\n<p>Hydraulick\u00fd valec ramena je \u0161pecializovan\u00fd hydraulick\u00fd valec ur\u010den\u00fd na zabezpe\u010denie line\u00e1rneho pohybu a v\u00fdkonu ramena r\u00f4znych strojov, ako s\u00fa r\u00fdpadl\u00e1, \u017eeriavy a mechanick\u00e9 ramen\u00e1. Zohr\u00e1va k\u013e\u00fa\u010dov\u00fa \u00falohu v hydraulick\u00fdch syst\u00e9moch, preto\u017ee umo\u017e\u0148uje efekt\u00edvny pohyb a ovl\u00e1danie pr\u00edslu\u0161enstva alebo pr\u00edslu\u0161enstva. Tieto valce nielen zabezpe\u010duj\u00fa plynul\u00fd pohyb, ale dok\u00e1\u017eu odola\u0165 aj \u0165a\u017ek\u00fdm za\u0165a\u017eeniam, \u010d\u00edm zabezpe\u010duj\u00fa efekt\u00edvnu prev\u00e1dzku a spo\u013eahlivos\u0165 strojov v r\u00f4znych pracovn\u00fdch podmienkach.<\/p>\n<p><img decoding=\"async\" src=\"https:\/\/www.hydraulic-cylinders.net\/wp-content\/uploads\/2025\/01\/songte-company-2.webp\" alt=\"Obr\u00e1zok hydraulick\u00e9ho valca\"><\/p>\n<h2>Funkcie<\/h2>\n<ul>\n<li>Efekt\u00edvny prenos sily: Valec ramena poskytuje siln\u00fd line\u00e1rny pohyb a silu, \u010d\u00edm zais\u0165uje vysok\u00fa \u00fa\u010dinnos\u0165 mechanick\u00e9ho ramena po\u010das r\u00f4znych oper\u00e1ci\u00ed.<\/li>\n<li>Presn\u00e9 ovl\u00e1danie: Prostredn\u00edctvom hydraulick\u00e9ho syst\u00e9mu dok\u00e1\u017ee valec ramena dosiahnu\u0165 presn\u00e9 ovl\u00e1danie pohybu, v\u010faka \u010domu je ovl\u00e1danie pr\u00edslu\u0161enstva flexibilnej\u0161ie a presnej\u0161ie.<\/li>\n<li>Vysok\u00e1 odolnos\u0165: Valce ramien s\u00fa zvy\u010dajne vyroben\u00e9 z vysoko pevn\u00fdch materi\u00e1lov s dobrou odolnos\u0165ou proti opotrebovaniu a kor\u00f3zii, vhodn\u00e9 na dlhodob\u00e9 pou\u017e\u00edvanie v n\u00e1ro\u010dn\u00fdch podmienkach.<\/li>\n<li>Multifunk\u010dn\u00e1 prisp\u00f4sobivos\u0165: Tieto valce sa daj\u00fa \u0161iroko pou\u017e\u00edva\u0165 v r\u00f4znych mechanick\u00fdch zariadeniach, ako s\u00fa bagre, \u017eeriavy a mechanick\u00e9 ramen\u00e1, a prisp\u00f4sobuj\u00fa sa r\u00f4znym pracovn\u00fdm po\u017eiadavk\u00e1m.<\/li>\n<li>Jednoduch\u00e1 \u00fadr\u017eba: Navrhnut\u00e9 pre jednoduch\u00fa \u00fadr\u017ebu a v\u00fdmenu, \u010do u\u013eah\u010duje pravideln\u00fa kontrolu a \u00fadr\u017ebu a skracuje prestoje zariadenia.<\/li>\n<\/ul>\n<p>Tento produkt vieme vyrobi\u0165 a n\u00e1\u0161 produkt dok\u00e1\u017ee dokonale nahradi\u0165 tieto hydraulick\u00e9 valce.<\/p>\n<p><img decoding=\"async\" src=\"https:\/\/www.hydraulic-cylinders.net\/wp-content\/uploads\/2025\/01\/songte-oil-pipes-and-spare-parts.webp\" alt=\"Obr\u00e1zok \u010dast\u00ed hydraulick\u00e9ho valca\"><\/p>\n<h2>Aplik\u00e1cie<\/h2>\n<p>Valce ramien maj\u00fa \u0161irok\u00fa \u0161k\u00e1lu aplik\u00e1ci\u00ed vr\u00e1tane:<\/p>\n<ul>\n<li>\n<h3>Stavebn\u00e9 in\u017einierstvo:<\/h3>\n<p> V r\u00fdpadl\u00e1ch a \u017eeriavoch sa valce ramena pou\u017e\u00edvaj\u00fa na ovl\u00e1danie pohybu vedra alebo v\u00fdlo\u017en\u00edka pri vykon\u00e1van\u00ed zemn\u00fdch pr\u00e1c, manipul\u00e1cie s materi\u00e1lom a mont\u00e1\u017ee kon\u0161trukci\u00ed.<\/li>\n<li>\n<h3>V\u00fdroba:<\/h3>\n<p> V automatizovan\u00fdch v\u00fdrobn\u00fdch link\u00e1ch sa valce ramien pou\u017e\u00edvaj\u00fa na pohyb mechanick\u00fdch ramien na vykon\u00e1vanie mont\u00e1\u017enych, zv\u00e1rac\u00edch a manipula\u010dn\u00fdch procesov, \u010d\u00edm sa zlep\u0161uje efektivita a presnos\u0165 v\u00fdroby.<\/li>\n<li>\n<h3>Po\u013enohospod\u00e1rske stroje:<\/h3>\n<p> V po\u013enohospod\u00e1rskych strojoch, ako s\u00fa zbera\u010de a seja\u010dky, riadia valce ramien pohyb ovl\u00e1dac\u00edch ramien na vykon\u00e1vanie \u00faloh, ako je siatie, hnojenie a zber \u00farody.<\/li>\n<li>\n<h3>\u0164a\u017eba:<\/h3>\n<p> V bansk\u00fdch zariadeniach sa valce ramien pou\u017e\u00edvaj\u00fa na ovl\u00e1danie pohybu ramena bansk\u00e9ho zariadenia na \u0165a\u017ebu a prepravu r\u00fad.<\/li>\n<li>\n<h3>Logistika a doprava:<\/h3>\n<p> Vo vysokozdvi\u017en\u00fdch voz\u00edkoch a manipula\u010dn\u00fdch robotoch sa valce ramien pou\u017e\u00edvaj\u00fa na ovl\u00e1danie zdv\u00edhania a pohybu vidl\u00edc, \u010d\u00edm sa realizuje manipul\u00e1cia a stohovanie materi\u00e1lov.<\/li>\n<\/ul>\n<h2>\u00davahy o dizajne a krit\u00e9ri\u00e1 v\u00fdberu<\/h2>\n<p>Pri navrhovan\u00ed a v\u00fdbere valcov ramena by sa mali zv\u00e1\u017ei\u0165 nasleduj\u00face faktory:<\/p>\n<ul>\n<li>\n<h3>Nosnos\u0165:<\/h3>\n<p> Valec ramena by mal by\u0165 schopn\u00fd odola\u0165 po\u017eadovan\u00e9mu za\u0165a\u017eeniu, \u010d\u00edm sa zabezpe\u010d\u00ed bezpe\u010dn\u00e1 a spo\u013eahliv\u00e1 prev\u00e1dzka.<\/li>\n<li>\n<h3>Tesnenie:<\/h3>\n<p> Na zabr\u00e1nenie \u00faniku kvapaliny a zabezpe\u010denie efekt\u00edvnej prev\u00e1dzky by sa mali pou\u017e\u00edva\u0165 r\u00f4zne tesniace komponenty, ako s\u00fa tesnenia piestov a tesnenia ty\u010d\u00ed.<\/li>\n<li>\n<h3>Trvanlivos\u0165:<\/h3>\n<p> Valce ramien by mali by\u0165 vyroben\u00e9 z vysoko pevn\u00fdch a odoln\u00fdch materi\u00e1lov, aby odolali n\u00e1ro\u010dn\u00fdm pracovn\u00fdm podmienkam.<\/li>\n<li>\n<h3>Bezpe\u010dnos\u0165:<\/h3>\n<p> Valec by mal by\u0165 navrhnut\u00fd tak, aby sa predi\u0161lo nehod\u00e1m, ako je zovretie a pomlia\u017edenie, a to pou\u017eit\u00edm bezpe\u010dnostn\u00fdch zariaden\u00ed, ako s\u00fa vank\u00fa\u0161e a obj\u00edmky.<\/li>\n<li>\n<h3>\u00dadr\u017eba:<\/h3>\n<p> Valec by mal by\u0165 navrhnut\u00fd pre jednoduch\u00fa \u00fadr\u017ebu a v\u00fdmenu komponentov, \u010d\u00edm sa skr\u00e1tia prestoje zariadenia.<\/li>\n<\/ul>\n<p><img decoding=\"async\" src=\"https:\/\/www.hydraulic-cylinders.net\/wp-content\/uploads\/2025\/01\/songte-cylinder-head-with-all-kinds-excavator-models.webp\" alt=\"Obr\u00e1zok hlavy hydraulick\u00e9ho valca\"><\/p>\n<h2>Tesnenie a mazanie<\/h2>\n<p>Na zabr\u00e1nenie \u00faniku kvapaliny a zabezpe\u010denie efekt\u00edvnej prev\u00e1dzky by sa mali pou\u017e\u00edva\u0165 r\u00f4zne tesniace komponenty, ako s\u00fa tesnenia piestov a tesnenia ty\u010d\u00ed. Tesniace komponenty by sa mali vybera\u0165 na z\u00e1klade ich odolnosti vo\u010di opotrebovaniu, chemickej kompatibility a prev\u00e1dzkov\u00fdch podmienok. Teleso valca a povrch z\u00e1vitov\u00e9ho konca by mali by\u0165 jemne opracovan\u00e9, aby sa zlep\u0161ila odolnos\u0165 vo\u010di opotrebovaniu. Na zabezpe\u010denie spr\u00e1vnej prev\u00e1dzky je tie\u017e potrebn\u00e9 pravideln\u00e9 mazanie vhodn\u00fdm mno\u017estvom hydraulick\u00e9ho oleja.<\/p>\n<p><img decoding=\"async\" src=\"https:\/\/www.hydraulic-cylinders.net\/wp-content\/uploads\/2025\/01\/songte-chushion-collar.webp\" alt=\"Obr\u00e1zok obj\u00edmky vank\u00fa\u0161a hydraulick\u00e9ho valca\"><\/p>\n<h2>\u00dadr\u017eba a odstra\u0148ovanie probl\u00e9mov<\/h2>\n<p>Pre zaistenie efekt\u00edvnej a spo\u013eahlivej prev\u00e1dzky by sa mali valce ramien pravidelne kontrolova\u0165 a udr\u017eiava\u0165. Mo\u017eno prija\u0165 nasleduj\u00face prevent\u00edvne opatrenia:<\/p>\n<ul>\n<li>Pravidelne kontrolujte tesniace komponenty, \u010di nie s\u00fa po\u0161koden\u00e9 alebo opotrebovan\u00e9, a v pr\u00edpade potreby ich vyme\u0148te.<\/li>\n<li>Pravidelne kontrolujte teleso valca a piestnu ty\u010d, \u010di nie s\u00fa po\u0161koden\u00e9 alebo opotrebovan\u00e9, a v pr\u00edpade potreby ich vyme\u0148te.<\/li>\n<li>Pravidelne nama\u017ete valec pr\u00edslu\u0161n\u00fdm mno\u017estvom hydraulick\u00e9ho oleja.<\/li>\n<li>Pred za\u010diatkom pracovnej sez\u00f3ny je potrebn\u00e9 vykona\u0165 prevent\u00edvnu \u00fadr\u017ebu, aby sa zabezpe\u010dila bezprobl\u00e9mov\u00e1 prev\u00e1dzka zariadenia.<\/li>\n<\/ul>\n<p>When troubleshooting common problems such as slow movement or fluid leakage, it is essential to diagnose the problem accurately and take appropriate measures. Possible solutions include replacing damaged or worn parts, adjusting the hydraulic system&#8217;s pressure, and cleaning the cylinder body and piston rod. To minimize potential problems, regular maintenance and inspection are recommended.<\/p>\n<h2>In\u0161tala\u010dn\u00e1 pr\u00edru\u010dka<\/h2>\n<p>Proces in\u0161tal\u00e1cie valca ramena by mal postupova\u0165 pod\u013ea nasleduj\u00facich krokov:<\/p>\n<ul>\n<li>Pripravte si mont\u00e1\u017ene n\u00e1stroje a materi\u00e1ly vr\u00e1tane hydraulick\u00e9ho oleja, tesniacich komponentov a spojovac\u00edch prvkov.<\/li>\n<li>Odstr\u00e1\u0148te star\u00fd valec a vy\u010distite miesto in\u0161tal\u00e1cie.<\/li>\n<li>Nain\u0161talujte nov\u00fd valec a utiahnite upev\u0148ovacie prvky.<\/li>\n<li>Pripojte hydraulick\u00e9 olejov\u00e9 potrubie a \u010fal\u0161ie pr\u00edslu\u0161enstvo.<\/li>\n<li>Test the cylinder&#8217;s operation to ensure proper installation and operation.<\/li>\n<\/ul>\n<p><img decoding=\"async\" src=\"https:\/\/www.hydraulic-cylinders.net\/wp-content\/uploads\/2025\/01\/songte-bushings-with-all-kinds-of-excavator-models.webp\" alt=\"Obr\u00e1zok puzdier hydraulick\u00e9ho valca\"><\/p>\n<h2>O n\u00e1s<\/h2>\n<p>We are a professional manufacturer of replacement hydraulic cylinders with a wide range of products. We have become one of the leading hydraulic cylinder manufacturers and wholesale distributors in the domestic and international markets. We always adhere to the principle of excellent quality, rely on the industrialized production management strategy of the refined manufacturing workshop, constantly improve our technical level, and production efficiency. By introducing high-end digital manufacturing equipment and professional testing systems, we optimize the manufacturing platform, improve the product quality control process, and have strong innovation capabilities. Our goal is to meet customers&#8217; diverse needs with high efficiency, precision, and high-quality principles.<\/p>\n<p>Na\u0161a spolo\u010dnos\u0165 poskytuje profesion\u00e1lne, medzin\u00e1rodne certifikovan\u00e9, z\u00e1kazkov\u00e9 slu\u017eby, modern\u00e9 v\u00fdrobn\u00e9 zariadenia a vynikaj\u00faci popredajn\u00fd servis. Z\u00edskali sme certifik\u00e1ty ISO9001:2015 a CE, ktor\u00e9 zaru\u010duj\u00fa kvalitu a bezpe\u010dnos\u0165 na\u0161ich produktov. Poskytujeme z\u00e1kazkov\u00e9 slu\u017eby na mieru pod\u013ea po\u017eiadaviek z\u00e1kazn\u00edka a vieme vyrobi\u0165 aj ne\u0161tandardn\u00e9 valce pod\u013ea v\u00fdkresov z\u00e1kazn\u00edka. Disponujeme modern\u00fdmi spracovate\u013esk\u00fdmi zariadeniami, ako s\u00fa CNC s\u00fastruhy, br\u00fasky a fr\u00e9zky, aby sme zabezpe\u010dili vysok\u00fa kvalitu v\u00fdrobkov a efektivitu v\u00fdroby. N\u00e1\u0161 t\u00edm popredajn\u00fdch slu\u017eieb poskytuje profesion\u00e1lnu technick\u00fa podporu a efekt\u00edvny popredajn\u00fd servis, aby sme zaistili spokojnos\u0165 z\u00e1kazn\u00edkov.<\/p>\n<p><img decoding=\"async\" src=\"https:\/\/www.hydraulic-cylinders.net\/wp-content\/uploads\/2025\/01\/songte-company-4.webp\" alt=\"Obr\u00e1zok spolo\u010dnosti s hydraulick\u00fdm valcom\"><br \/>\n<img decoding=\"async\" src=\"https:\/\/www.hydraulic-cylinders.net\/wp-content\/uploads\/2025\/01\/songte-company-3.webp\" alt=\"Obr\u00e1zok spolo\u010dnosti s hydraulick\u00fdm valcom\"><\/p>\n<p>Autor: lyl<\/p>","protected":false},"excerpt":{"rendered":"<p>Arm Cylinder For Caterpillar Middle Excavator E325D Introduction The arm cylinder is a specialized hydraulic cylinder designed to provide linear motion and power to the arm of various machines such as excavators, cranes, and mechanical arms. It plays a critical role in hydraulic systems, enabling the effective movement and control of attachments or accessories. These [&hellip;]<\/p>","protected":false},"featured_media":14779,"comment_status":"open","ping_status":"closed","template":"","meta":{"_et_pb_use_builder":"","_et_pb_old_content":"","_et_gb_content_width":""},"product_brand":[],"product_cat":[1497],"product_tag":[1498,1496],"class_list":{"0":"post-16165","1":"product","2":"type-product","3":"status-publish","4":"has-post-thumbnail","6":"product_cat-arm-cylinders","7":"product_tag-arm-cylinders","8":"product_tag-hydraulic-cylinders","10":"first","11":"instock","12":"shipping-taxable","13":"product-type-simple"},"amp_enabled":true,"_links":{"self":[{"href":"https:\/\/www.hydraulic-cylinders.net\/sk\/wp-json\/wp\/v2\/product\/16165","targetHints":{"allow":["GET"]}}],"collection":[{"href":"https:\/\/www.hydraulic-cylinders.net\/sk\/wp-json\/wp\/v2\/product"}],"about":[{"href":"https:\/\/www.hydraulic-cylinders.net\/sk\/wp-json\/wp\/v2\/types\/product"}],"replies":[{"embeddable":true,"href":"https:\/\/www.hydraulic-cylinders.net\/sk\/wp-json\/wp\/v2\/comments?post=16165"}],"wp:featuredmedia":[{"embeddable":true,"href":"https:\/\/www.hydraulic-cylinders.net\/sk\/wp-json\/wp\/v2\/media\/14779"}],"wp:attachment":[{"href":"https:\/\/www.hydraulic-cylinders.net\/sk\/wp-json\/wp\/v2\/media?parent=16165"}],"wp:term":[{"taxonomy":"product_brand","embeddable":true,"href":"https:\/\/www.hydraulic-cylinders.net\/sk\/wp-json\/wp\/v2\/product_brand?post=16165"},{"taxonomy":"product_cat","embeddable":true,"href":"https:\/\/www.hydraulic-cylinders.net\/sk\/wp-json\/wp\/v2\/product_cat?post=16165"},{"taxonomy":"product_tag","embeddable":true,"href":"https:\/\/www.hydraulic-cylinders.net\/sk\/wp-json\/wp\/v2\/product_tag?post=16165"}],"curies":[{"name":"pracovn\u00fd list","href":"https:\/\/api.w.org\/{rel}","templated":true}]}}