{"id":16170,"date":"2025-01-20T08:35:33","date_gmt":"2025-01-20T08:35:33","guid":{"rendered":"https:\/\/www.hydraulic-cylinders.net\/product\/arm-cylinderfor-caterpillar-large-excavator-e349dz\/"},"modified":"2025-01-20T08:35:40","modified_gmt":"2025-01-20T08:35:40","slug":"arm-cylinderfor-caterpillar-large-excavator-e349dz","status":"publish","type":"product","link":"https:\/\/www.hydraulic-cylinders.net\/sk\/produkt\/arm-cylinderfor-caterpillar-large-excavator-e349dz\/","title":{"rendered":"Valec ramena pre ve\u013ek\u00e9 r\u00fdpadlo Caterpillar E349DZ"},"content":{"rendered":"<p>Valec ramena pre ve\u013ek\u00e9 r\u00fdpadlo Caterpillar E349DZ: Defin\u00edcia a vysvetlenie<\/p>\n<p>Hydraulick\u00fd valec ramena je \u0161pecializovan\u00fd hydraulick\u00fd valec ur\u010den\u00fd na zabezpe\u010denie line\u00e1rneho pohybu a v\u00fdkonu ramena r\u00f4znych typov strojov, ako s\u00fa r\u00fdpadl\u00e1, \u017eeriavy a mechanick\u00e9 ramen\u00e1. Valec ramena zohr\u00e1va k\u013e\u00fa\u010dov\u00fa \u00falohu v hydraulickom syst\u00e9me, preto\u017ee umo\u017e\u0148uje efekt\u00edvny pohyb a ovl\u00e1danie \u010fal\u0161\u00edch n\u00e1strojov alebo pr\u00edslu\u0161enstva. Tieto valce nielen dosahuj\u00fa plynul\u00e9 pohyby, ale tie\u017e nes\u00fa \u0165a\u017ek\u00e9 za\u0165a\u017eenia, \u010d\u00edm zabezpe\u010duj\u00fa efekt\u00edvnu prev\u00e1dzku a spo\u013eahlivos\u0165 strojov v r\u00f4znych pracovn\u00fdch podmienkach.<\/p>\n<p><img loading=\"lazy\" decoding=\"async\" src=\"https:\/\/www.hydraulic-cylinders.net\/wp-content\/uploads\/2025\/01\/songte-company-2.webp\" alt=\"Valec ramena\" width=\"400\" height=\"300\"><\/p>\n<p>Vlastnosti ramenn\u00e9ho valca<\/p>\n<p>Valec ramena m\u00e1 nieko\u013eko vlastnost\u00ed, v\u010faka ktor\u00fdm je z\u00e1kladnou s\u00fa\u010das\u0165ou r\u00f4znych typov strojov. Medzi k\u013e\u00fa\u010dov\u00e9 vlastnosti patria:<\/p>\n<h2>Vysoko\u00fa\u010dinn\u00fd prenos v\u00fdkonu<\/h2>\n<p>Valec ramena dok\u00e1\u017ee zabezpe\u010di\u0165 siln\u00fd line\u00e1rny pohyb a silu, \u010d\u00edm zais\u0165uje vysok\u00fa \u00fa\u010dinnos\u0165 prev\u00e1dzky mechanick\u00e9ho ramena.<\/p>\n<h2>Presn\u00e9 ovl\u00e1danie<\/h2>\n<p>V\u010faka hydraulick\u00e9mu syst\u00e9mu dok\u00e1\u017ee valec ramena dosiahnu\u0165 presn\u00e9 ovl\u00e1danie pohybu, v\u010faka \u010domu je ovl\u00e1danie \u010fal\u0161\u00edch n\u00e1strojov flexibilnej\u0161ie a presnej\u0161ie.<\/p>\n<h2>Vysok\u00e1 odolnos\u0165<\/h2>\n<p>Valce ramien s\u00fa zvy\u010dajne vyroben\u00e9 z vysokopevnostn\u00fdch materi\u00e1lov, ktor\u00e9 maj\u00fa vynikaj\u00facu odolnos\u0165 proti opotrebovaniu a kor\u00f3zii, vhodn\u00e9 na dlhodob\u00e9 pou\u017e\u00edvanie v n\u00e1ro\u010dn\u00fdch podmienkach prostredia.<\/p>\n<h2>Multifunk\u010dn\u00e1 prisp\u00f4sobivos\u0165<\/h2>\n<p>Tieto valce sa daj\u00fa \u0161iroko pou\u017e\u00edva\u0165 v r\u00f4znych typoch strojov, ako s\u00fa bagre, \u017eeriavy a mechanick\u00e9 ramen\u00e1, aby sp\u013a\u0148ali r\u00f4zne pracovn\u00e9 po\u017eiadavky.<\/p>\n<h2>Jednoduch\u00e1 \u00fadr\u017eba<\/h2>\n<p>Kon\u0161trukcia valca ramena zoh\u013ead\u0148uje jednoduch\u00fa \u00fadr\u017ebu a v\u00fdmenu, v\u010faka \u010domu je vhodn\u00fd na be\u017en\u00fa kontrolu a \u00fadr\u017ebu a zni\u017euje prestoje zariadenia.<\/p>\n<p>Na\u0161e v\u00fdrobn\u00e9 mo\u017enosti<\/p>\n<p>Na\u0161e produkty dok\u00e1\u017eu dokonale nahradi\u0165 tieto hydraulick\u00e9 valce.<\/p>\n<p><img loading=\"lazy\" decoding=\"async\" src=\"https:\/\/www.hydraulic-cylinders.net\/wp-content\/uploads\/2025\/01\/songte-oil-pipes-and-spare-parts.webp\" alt=\"Hydraulick\u00fd valec\" width=\"400\" height=\"300\"><\/p>\n<p>Pou\u017eitie ramenn\u00e9ho valca<\/p>\n<p>Valec ramena m\u00e1 r\u00f4zne uplatnenie v r\u00f4znych odvetviach, vr\u00e1tane:<\/p>\n<h2>Stavebn\u00e9 in\u017einierstvo<\/h2>\n<p>V bagroch a \u017eeriavoch sa valec ramena pou\u017e\u00edva na ovl\u00e1danie pohybu vedra alebo v\u00fdlo\u017en\u00edka, vykon\u00e1vanie zemn\u00fdch pr\u00e1c, manipul\u00e1ciu s materi\u00e1lom a mont\u00e1\u017e kon\u0161trukci\u00ed.<\/p>\n<h2>V\u00fdrobn\u00fd priemysel<\/h2>\n<p>V automatizovan\u00fdch v\u00fdrobn\u00fdch link\u00e1ch sa valec ramena pou\u017e\u00edva na pohyb mechanick\u00fdch ramien, vykon\u00e1vanie mont\u00e1\u017enych, zv\u00e1rac\u00edch a manipula\u010dn\u00fdch procesov, \u010d\u00edm sa zlep\u0161uje efektivita a presnos\u0165 v\u00fdroby.<\/p>\n<h2>Po\u013enohospod\u00e1rske stroje<\/h2>\n<p>V po\u013enohospod\u00e1rskych strojoch, ako s\u00fa zbera\u010de a seja\u010dky, riadi valec ramena pohyb ovl\u00e1dacieho ramena a vykon\u00e1va \u00falohy, ako je siatie, hnojenie a zber \u00farody.<\/p>\n<h2>\u0164a\u017eba<\/h2>\n<p>V bansk\u00fdch zariadeniach riadi valec ramena pohyb ramena, \u010d\u00edm vykon\u00e1va \u0165a\u017ebu a prepravu rudy.<\/p>\n<h2>Logistika a doprava<\/h2>\n<p>Vo vysokozdvi\u017en\u00fdch voz\u00edkoch a manipula\u010dn\u00fdch robotoch sa valec ramena pou\u017e\u00edva na ovl\u00e1danie zdv\u00edhania a pohybu vidl\u00edc, \u010d\u00edm sa realizuje manipul\u00e1cia s materi\u00e1lom a stohovanie.<\/p>\n<p>\u00davahy o dizajne a \u0161tandardy v\u00fdberu<\/p>\n<p>Pri navrhovan\u00ed valcov ramena je potrebn\u00e9 zv\u00e1\u017ei\u0165 nieko\u013eko faktorov, ako je nosnos\u0165, tesniaci v\u00fdkon, trvanlivos\u0165, bezpe\u010dnos\u0165 a \u00fadr\u017eba. <\/p>\n<h2>Nosnos\u0165<\/h2>\n<p>Nosnos\u0165 valca ramena by mala by\u0165 navrhnut\u00e1 tak, aby sp\u013a\u0148ala potreby strojov\u00e9ho zariadenia, aby sa zabezpe\u010dilo, \u017ee unesie po\u017eadovan\u00fa hmotnos\u0165 a silu.<\/p>\n<h2>Tesniaci v\u00fdkon<\/h2>\n<p>Valec ramena mus\u00ed pou\u017e\u00edva\u0165 r\u00f4zne tesniace komponenty, ako s\u00fa tesnenia piestov, tesnenia ty\u010d\u00ed, vyroben\u00e9 z materi\u00e1lov odoln\u00fdch vo\u010di opotrebovaniu, ako je polyuret\u00e1n, nitrilov\u00fd kau\u010duk, aby sa zabezpe\u010dil \u00fa\u010dinn\u00fd tesniaci v\u00fdkon.<\/p>\n<h2>Trvanlivos\u0165<\/h2>\n<p>Telo valca ramena je zvy\u010dajne vyroben\u00e9 z vysokopevnostn\u00fdch materi\u00e1lov a opracovan\u00e9 pre zlep\u0161enie odolnosti proti opotrebeniu. Povrch tela valca a z\u00e1vitov\u00e9ho konca by mal by\u0165 jemne opracovan\u00fd pre zv\u00fd\u0161enie odolnosti proti opotrebeniu.<\/p>\n<h2>Bezpe\u010dnos\u0165<\/h2>\n<p>Pre zaistenie bezpe\u010dnej prev\u00e1dzky by mal ma\u0165 valec ramena dostato\u010dn\u00fa pevnos\u0165 a stabilitu a hydraulick\u00fd syst\u00e9m by mal ma\u0165 bezpe\u010dnostn\u00e9 zariadenie, ktor\u00e9 zabr\u00e1ni n\u00e1hlemu p\u00e1du valca ramena.<\/p>\n<h2>Udr\u017eiavate\u013enos\u0165<\/h2>\n<p>Valec ramena by mal by\u0165 navrhnut\u00fd tak, aby sa dala \u013eahko udr\u017eiava\u0165 a vymie\u0148a\u0165 komponenty, a hydraulick\u00fd syst\u00e9m by mal ma\u0165 filtra\u010dn\u00fd syst\u00e9m, aby sa zabr\u00e1nilo kontamin\u00e1cii.<\/p>\n<p><img loading=\"lazy\" decoding=\"async\" src=\"https:\/\/www.hydraulic-cylinders.net\/wp-content\/uploads\/2025\/01\/songte-cylinder-head-with-all-kinds-excavator-models.webp\" alt=\"Hlava valcov\" width=\"400\" height=\"300\"><\/p>\n<p>Tesnenie a mazanie valca ramena<\/p>\n<p>V ramennom valci zohr\u00e1vaj\u00fa r\u00f4zne tesniace komponenty, ako s\u00fa tesnenia piestov, tesnenia ty\u010d\u00ed a stiera\u010de, k\u013e\u00fa\u010dov\u00fa \u00falohu pri udr\u017eiavan\u00ed tesniaceho v\u00fdkonu hydraulick\u00e9ho syst\u00e9mu. Tieto komponenty s\u00fa vyroben\u00e9 z materi\u00e1lov odoln\u00fdch vo\u010di opotrebovaniu, ako je polyuret\u00e1n a nitrilov\u00e1 guma, a s\u00fa navrhnut\u00e9 tak, aby odolali vysokotlakov\u00fdm hydraulick\u00fdm kvapalin\u00e1m. Teleso valca a z\u00e1vitov\u00fd koniec s\u00fa zvy\u010dajne presne spracovan\u00e9, aby sa zlep\u0161ila odolnos\u0165 proti opotrebovaniu. Dostato\u010dn\u00e9 mazanie ty\u010de valca a tesniacich komponentov je nevyhnutn\u00e9 na ochranu tesniaceho v\u00fdkonu a pred\u013a\u017eenie \u017eivotnosti valca. Pravideln\u00e9 prid\u00e1vanie spr\u00e1vneho mno\u017estva hydraulick\u00e9ho oleja do hydraulick\u00e9ho syst\u00e9mu je nevyhnutn\u00e9.<\/p>\n<p>Pravideln\u00e1 kontrola a prevent\u00edvna \u00fadr\u017eba<\/p>\n<p>Pravideln\u00e1 kontrola a prevent\u00edvna \u00fadr\u017eba valca ramena zlep\u0161uje spo\u013eahlivos\u0165 hydraulick\u00e9ho syst\u00e9mu, zni\u017euje prestoje zariadenia a predl\u017euje \u017eivotnos\u0165 valca. Medzi prevent\u00edvne opatrenia \u00fadr\u017eby patr\u00ed kontrola hladiny oleja v hydraulickom syst\u00e9me, v\u00fdmena opotrebovan\u00fdch tesnen\u00ed, \u010distenie telesa valca a z\u00e1vitov\u00e9ho konca a kontrola bezpe\u010dnostn\u00fdch zariaden\u00ed.<\/p>\n<p><img loading=\"lazy\" decoding=\"async\" src=\"https:\/\/www.hydraulic-cylinders.net\/wp-content\/uploads\/2025\/01\/songte-chushion-collar.webp\" alt=\"Obojok Chushion\" width=\"400\" height=\"300\"><\/p>\n<p>In\u0161tala\u010dn\u00e1 pr\u00edru\u010dka<\/p>\n<p>Nasleduj\u00fa kroky na spr\u00e1vnu in\u0161tal\u00e1ciu valca ramena:<\/p>\n<p>1. Uistite sa, \u017ee ojnica valca a piest s\u00fa v zasunutej polohe.<\/p>\n<p>2. Vy\u010distite mont\u00e1\u017enu plochu valca a stroja.<\/p>\n<p>3. Zarovnajte valec s mont\u00e1\u017enou plochou a upevnite ho.<\/p>\n<p>4. Pripojte hydraulick\u00e9 hadice a armat\u00fary.<\/p>\n<p>5. Napl\u0148te hydraulick\u00fd syst\u00e9m odpor\u00fa\u010dan\u00fdm hydraulick\u00fdm olejom.<\/p>\n<p>6. Odvzdu\u0161nite hydraulick\u00fd syst\u00e9m.<\/p>\n<p>7. Skontrolujte \u010dinnos\u0165 valca vr\u00e1tane pohybu, sily a r\u00fdchlosti.<\/p>\n<p>Bezpe\u010dnostn\u00e9 aspekty<\/p>\n<p>Bezpe\u010dn\u00e1 prev\u00e1dzka valca ramena vy\u017eaduje, aby bol hydraulick\u00fd syst\u00e9m spr\u00e1vne navrhnut\u00fd a bezpe\u010dne nain\u0161talovan\u00fd. Hydraulick\u00fd syst\u00e9m by mal ma\u0165 bezpe\u010dnostn\u00e9 zariadenia, ako s\u00fa pretlakov\u00e9 ventily a sp\u00e4tn\u00e9 ventily, aby sa zabr\u00e1nilo pre\u0165a\u017eeniu a n\u00e1hlym poklesom. Obsluha by mala absolvova\u0165 riadne \u0161kolenie a dodr\u017eiava\u0165 bezpe\u010dnostn\u00e9 pokyny, aby sa predi\u0161lo nehod\u00e1m.<\/p>\n<p>Rie\u0161enie probl\u00e9mov a be\u017en\u00e9 probl\u00e9my<\/p>\n<p>Medzi be\u017en\u00e9 probl\u00e9my s valcom ramena patr\u00ed \u00fanik oleja, zn\u00ed\u017een\u00e1 sila a pomal\u00fd pohyb. Tieto probl\u00e9my m\u00f4\u017eu by\u0165 sp\u00f4soben\u00e9 opotrebovan\u00fdmi tesneniami, po\u0161kodenou piestnou ty\u010dou alebo nedostato\u010dn\u00fdm mazan\u00edm. Tipy na rie\u0161enie t\u00fdchto probl\u00e9mov zah\u0155\u0148aj\u00fa kontrolu tesniacich komponentov, kontrolu piestnej ty\u010de a zabezpe\u010denie dostato\u010dn\u00e9ho mazania.<\/p>\n<p><img loading=\"lazy\" decoding=\"async\" src=\"https:\/\/www.hydraulic-cylinders.net\/wp-content\/uploads\/2025\/01\/songte-bushings-with-all-kinds-of-excavator-models.webp\" alt=\"Puzdr\u00e1\" width=\"400\" height=\"300\"><\/p>\n<p>Z\u00e1ver<\/p>\n<p>Sme profesion\u00e1lny v\u00fdrobca hydraulick\u00fdch valcov, ktor\u00fd poskytuje \u0161irok\u00fd sortiment produktov a st\u00e1va sa jedn\u00fdm z popredn\u00fdch v\u00fdrobcov a ve\u013ekoobchodn\u00fdch distrib\u00fatorov hydraulick\u00fdch valcov na dom\u00e1com aj medzin\u00e1rodnom trhu. V\u017edy dodr\u017eiavame z\u00e1sadu vynikaj\u00facej kvality, neust\u00e1le zlep\u0161ujeme na\u0161e technol\u00f3gie a efektivitu v\u00fdroby a z\u00e1kazn\u00edkom poskytujeme efekt\u00edvne, presn\u00e9 a vysoko kvalitn\u00e9 produkty. Na\u0161im z\u00e1kazn\u00edkom pon\u00fakame profesion\u00e1lne slu\u017eby, medzin\u00e1rodn\u00e9 certifik\u00e1cie, z\u00e1kazkov\u00e9 slu\u017eby, modern\u00e9 v\u00fdrobn\u00e9 zariadenia a popredajn\u00fd servis.<\/p>\n<p><img loading=\"lazy\" decoding=\"async\" src=\"https:\/\/www.hydraulic-cylinders.net\/wp-content\/uploads\/2025\/01\/songte-company-4.webp\" alt=\"Obr\u00e1zok spolo\u010dnosti\" width=\"400\" height=\"300\"><br \/>\n<img loading=\"lazy\" decoding=\"async\" src=\"https:\/\/www.hydraulic-cylinders.net\/wp-content\/uploads\/2025\/01\/songte-company-3.webp\" alt=\"Obr\u00e1zok spolo\u010dnosti\" width=\"400\" height=\"300\"><\/p>\n<p>Autor: lyl<\/p>","protected":false},"excerpt":{"rendered":"<p>Arm Cylinder For Caterpillar Large Excavator E349DZ: Definition and Explanation The arm cylinder is a specialized hydraulic cylinder designed to provide linear motion and power to the arm of various types of machinery, such as excavators, cranes, and mechanical arms. The arm cylinder plays a critical role in the hydraulic system, allowing additional tools or [&hellip;]<\/p>","protected":false},"featured_media":14766,"comment_status":"open","ping_status":"closed","template":"","meta":{"_et_pb_use_builder":"","_et_pb_old_content":"","_et_gb_content_width":""},"product_brand":[],"product_cat":[1497],"product_tag":[1498,1496],"class_list":{"0":"post-16170","1":"product","2":"type-product","3":"status-publish","4":"has-post-thumbnail","6":"product_cat-arm-cylinders","7":"product_tag-arm-cylinders","8":"product_tag-hydraulic-cylinders","10":"first","11":"instock","12":"shipping-taxable","13":"product-type-simple"},"amp_enabled":true,"_links":{"self":[{"href":"https:\/\/www.hydraulic-cylinders.net\/sk\/wp-json\/wp\/v2\/product\/16170","targetHints":{"allow":["GET"]}}],"collection":[{"href":"https:\/\/www.hydraulic-cylinders.net\/sk\/wp-json\/wp\/v2\/product"}],"about":[{"href":"https:\/\/www.hydraulic-cylinders.net\/sk\/wp-json\/wp\/v2\/types\/product"}],"replies":[{"embeddable":true,"href":"https:\/\/www.hydraulic-cylinders.net\/sk\/wp-json\/wp\/v2\/comments?post=16170"}],"wp:featuredmedia":[{"embeddable":true,"href":"https:\/\/www.hydraulic-cylinders.net\/sk\/wp-json\/wp\/v2\/media\/14766"}],"wp:attachment":[{"href":"https:\/\/www.hydraulic-cylinders.net\/sk\/wp-json\/wp\/v2\/media?parent=16170"}],"wp:term":[{"taxonomy":"product_brand","embeddable":true,"href":"https:\/\/www.hydraulic-cylinders.net\/sk\/wp-json\/wp\/v2\/product_brand?post=16170"},{"taxonomy":"product_cat","embeddable":true,"href":"https:\/\/www.hydraulic-cylinders.net\/sk\/wp-json\/wp\/v2\/product_cat?post=16170"},{"taxonomy":"product_tag","embeddable":true,"href":"https:\/\/www.hydraulic-cylinders.net\/sk\/wp-json\/wp\/v2\/product_tag?post=16170"}],"curies":[{"name":"pracovn\u00fd list","href":"https:\/\/api.w.org\/{rel}","templated":true}]}}