{"id":16172,"date":"2025-01-20T08:35:47","date_gmt":"2025-01-20T08:35:47","guid":{"rendered":"https:\/\/www.hydraulic-cylinders.net\/product\/arm-cylinderfor-caterpillar-large-excavator-e390dl\/"},"modified":"2025-01-20T08:35:50","modified_gmt":"2025-01-20T08:35:50","slug":"arm-cylinderfor-caterpillar-large-excavator-e390dl","status":"publish","type":"product","link":"https:\/\/www.hydraulic-cylinders.net\/sk\/produkt\/arm-cylinderfor-caterpillar-large-excavator-e390dl\/","title":{"rendered":"Valec ramena pre ve\u013ek\u00e9 r\u00fdpadlo Caterpillar E390DL"},"content":{"rendered":"<p>Valec ramena pre ve\u013ek\u00e9 r\u00fdpadlo Caterpillar E390DL<\/p>\n<p>Tento produkt je valec ramena \u0161peci\u00e1lne navrhnut\u00fd pre hydraulick\u00e9 r\u00fdpadl\u00e1, \u017eeriavy a in\u00e9 stroje, ktor\u00fd zabezpe\u010duje line\u00e1rny pohyb a v\u00fdkon pre pohyb ramena. Zohr\u00e1va k\u013e\u00fa\u010dov\u00fa \u00falohu v hydraulickom syst\u00e9me, preto\u017ee umo\u017e\u0148uje efekt\u00edvny pohyb a prev\u00e1dzku \u010fal\u0161\u00edch n\u00e1strojov a pr\u00edslu\u0161enstva. Tieto valce nielen dosahuj\u00fa plynul\u00fd pohyb, ale tie\u017e odol\u00e1vaj\u00fa \u0165a\u017ek\u00fdm za\u0165a\u017eeniam, \u010d\u00edm zabezpe\u010duj\u00fa efekt\u00edvnu prev\u00e1dzku a spo\u013eahlivos\u0165 strojov za r\u00f4znych prev\u00e1dzkov\u00fdch podmienok.<\/p>\n<p>Defin\u00edcia a vysvetlenie<\/p>\n<p>Hydraulick\u00e9 valce ramien s\u00fa typom hydraulick\u00e9ho valca \u0161peci\u00e1lne navrhnut\u00e9ho na zabezpe\u010denie line\u00e1rneho pohybu a v\u00fdkonu ramena r\u00f4znych mechanick\u00fdch zariaden\u00ed, ako s\u00fa r\u00fdpadl\u00e1, \u017eeriavy a ramen\u00e1 strojov. Zohr\u00e1vaj\u00fa k\u013e\u00fa\u010dov\u00fa \u00falohu v hydraulickom syst\u00e9me, preto\u017ee umo\u017e\u0148uj\u00fa pohyb a ovl\u00e1danie pripojen\u00e9ho n\u00e1radia alebo pr\u00edslu\u0161enstva. Tieto valce nielen dosahuj\u00fa plynul\u00fd pohyb, ale tie\u017e odol\u00e1vaj\u00fa \u0165a\u017ek\u00fdm za\u0165a\u017eeniam, \u010d\u00edm zabezpe\u010duj\u00fa efekt\u00edvnu prev\u00e1dzku a spo\u013eahlivos\u0165 strojov za r\u00f4znych prev\u00e1dzkov\u00fdch podmienok.<\/p>\n<p><img decoding=\"async\" src=\"https:\/\/www.hydraulic-cylinders.net\/wp-content\/uploads\/2025\/01\/songte-company-2.webp\" alt=\"Valec ramena pre ve\u013ek\u00e9 r\u00fdpadlo Caterpillar E390DL\" \/><\/p>\n<p>Funkcie<\/p>\n<p>\u2013 Vysoko\u00fa\u010dinn\u00fd prenos sily \u2013 Valce ramena poskytuj\u00fa siln\u00fd line\u00e1rny pohyb a silu, \u010d\u00edm zabezpe\u010duj\u00fa vysok\u00fd v\u00fdkon ramena stroja pri r\u00f4znych oper\u00e1ci\u00e1ch.<br \/>\n\u2013 Presn\u00e9 ovl\u00e1danie \u2013 Prostredn\u00edctvom hydraulick\u00e9ho syst\u00e9mu dok\u00e1\u017eu valce ramena dosiahnu\u0165 presn\u00e9 ovl\u00e1danie pohybu, v\u010faka \u010domu je ovl\u00e1danie pripojen\u00e9ho n\u00e1radia flexibilnej\u0161ie a presnej\u0161ie.<br \/>\n\u2013 Vysok\u00e1 odolnos\u0165 \u2013 Valce ramien s\u00fa zvy\u010dajne vyroben\u00e9 z vysokopevnostn\u00fdch materi\u00e1lov a maj\u00fa dobr\u00fa odolnos\u0165 vo\u010di opotrebovaniu a kor\u00f3zii, v\u010faka \u010domu s\u00fa vhodn\u00e9 na dlhodob\u00e9 pou\u017e\u00edvanie v n\u00e1ro\u010dn\u00fdch podmienkach.<br \/>\n\u2013 V\u0161estrann\u00e1 prisp\u00f4sobivos\u0165 \u2013 Tieto valce sa daj\u00fa \u0161iroko pou\u017e\u00edva\u0165 v r\u00f4znych mechanick\u00fdch zariadeniach, ako s\u00fa bagre, \u017eeriavy a ramen\u00e1 strojov, a prisp\u00f4sobuj\u00fa sa r\u00f4znym pracovn\u00fdm po\u017eiadavk\u00e1m.<br \/>\n\u2013 Jednoduch\u00e1 \u00fadr\u017eba \u2013 Valce ramien s\u00fa navrhnut\u00e9 pre jednoduch\u00fa \u00fadr\u017ebu a v\u00fdmenu a u\u013eah\u010duj\u00fa pravideln\u00fa kontrolu a \u00fadr\u017ebu, \u010d\u00edm sa skracuj\u00fa prestoje zariadenia.<\/p>\n<p>Tento produkt vieme vyrobi\u0165 a n\u00e1\u0161 produkt dok\u00e1\u017ee dokonale nahradi\u0165 tieto hydraulick\u00e9 valce.<\/p>\n<p><img decoding=\"async\" src=\"https:\/\/www.hydraulic-cylinders.net\/wp-content\/uploads\/2025\/01\/songte-oil-pipes-and-spare-parts.webp\" alt=\"Valec ramena pre ve\u013ek\u00e9 r\u00fdpadlo Caterpillar E390DL\" \/><\/p>\n<p>Aplik\u00e1cie<\/p>\n<p>\u2013 Stavebn\u00e9 in\u017einierstvo \u2013 Valce ramena sa pou\u017e\u00edvaj\u00fa na ovl\u00e1danie pohybu ly\u017eice alebo v\u00fdlo\u017en\u00edka v r\u00fdpadl\u00e1ch a \u017eeriavoch pri zemn\u00fdch pr\u00e1cach, manipul\u00e1cii s materi\u00e1lom a mont\u00e1\u017ei kon\u0161trukci\u00ed.<br \/>\n\u2013 V\u00fdroba \u2013 Valce ramien sa pou\u017e\u00edvaj\u00fa na pohyb ramien strojov v automatizovan\u00fdch v\u00fdrobn\u00fdch link\u00e1ch na mont\u00e1\u017ene, zv\u00e1racie a manipula\u010dn\u00e9 procesy, \u010d\u00edm sa zvy\u0161uje efektivita a presnos\u0165 v\u00fdroby.<br \/>\n\u2013 Po\u013enohospod\u00e1rske stroje \u2013 Valce ramien ovl\u00e1daj\u00fa pohyb ovl\u00e1dac\u00edch ramien v po\u013enohospod\u00e1rskych strojoch, ako s\u00fa zbera\u010de a seja\u010dky, na vykon\u00e1vanie \u00faloh, ako je siatie, hnojenie a zber \u00farody.<br \/>\n\u2013 \u0164a\u017eba \u2013 Valce ramien ovl\u00e1daj\u00fa pohyb ramena bansk\u00e9ho zariadenia pri \u0165a\u017ebe a manipul\u00e1cii s rudou v bansk\u00fdch prev\u00e1dzkach.<br \/>\n\u2013 Logistika a doprava \u2013 Valce ramien ovl\u00e1daj\u00fa zdv\u00edhanie a pohyb vidl\u00edc vo vysokozdvi\u017en\u00fdch voz\u00edkoch a manipula\u010dn\u00fdch robotoch, \u010d\u00edm realizuj\u00fa manipul\u00e1ciu a stohovanie materi\u00e1lov.<\/p>\n<p>\u00davahy o dizajne produktu a \u0161tandardy v\u00fdberu<\/p>\n<p>\u2013 Nosnos\u0165 \u2013 Nosnos\u0165 valca ramena je k\u013e\u00fa\u010dov\u00fdm kon\u0161truk\u010dn\u00fdm faktorom, ktor\u00fd zabezpe\u010duje, \u017ee valec odol\u00e1 sil\u00e1m a za\u0165a\u017eeniam p\u00f4sobiacim po\u010das prev\u00e1dzky.<br \/>\n\u2013 Tesnenie \u2013 Tesnenie valca je nevyhnutn\u00e9 na zabr\u00e1nenie \u00faniku hydraulickej kvapaliny, zn\u00ed\u017eenie str\u00e1t energie a pred\u013a\u017eenie \u017eivotnosti valca.<br \/>\n\u2013 Trvanlivos\u0165 \u2013 Trvanlivos\u0165 valca ramena je v n\u00e1ro\u010dn\u00fdch prev\u00e1dzkov\u00fdch podmienkach k\u013e\u00fa\u010dov\u00e1, preto\u017ee zabezpe\u010duje, \u017ee valec odol\u00e1 opotrebovaniu, kor\u00f3zii a in\u00e9mu po\u0161kodeniu.<br \/>\n\u2013 Bezpe\u010dnos\u0165 \u2013 Pri n\u00e1vrhu a v\u00fdbere valcov ramena by sa mali zoh\u013eadni\u0165 bezpe\u010dnostn\u00e9 normy, aby sa minimalizovalo riziko neh\u00f4d a zabezpe\u010dila sa bezpe\u010dnos\u0165 person\u00e1lu.<br \/>\n\u2013 \u00dadr\u017eba \u2013 \u00dadr\u017eba a oprava valca ramena by mala by\u0165 jednoduch\u00e1 a priamo\u010diara, \u010do by umo\u017e\u0148ovalo pravideln\u00fa kontrolu a \u00fadr\u017ebu, aby sa valec udr\u017eal v dobrom prev\u00e1dzkovom stave.<\/p>\n<p><img decoding=\"async\" src=\"https:\/\/www.hydraulic-cylinders.net\/wp-content\/uploads\/2025\/01\/songte-cylinder-head-with-all-kinds-excavator-models.webp\" alt=\"Valec ramena pre ve\u013ek\u00e9 r\u00fdpadlo Caterpillar E390DL\" \/><\/p>\n<p>Tesnenie a mazanie<\/p>\n<p>Valce ramena pou\u017e\u00edvaj\u00fa r\u00f4zne tesnenia, ako s\u00fa tesnenia piestov, tesnenia ty\u010d\u00ed a stiera\u010de, aby sa zabr\u00e1nilo \u00faniku hydraulickej kvapaliny a zn\u00ed\u017eili straty energie. Tesnenia s\u00fa vyroben\u00e9 z materi\u00e1lov odoln\u00fdch vo\u010di opotrebovaniu, ako je polyuret\u00e1n a nitrilov\u00fd kau\u010duk. Teleso valca a z\u00e1vitov\u00e9 konce prech\u00e1dzaj\u00fa jemn\u00fdm opracovan\u00edm, aby sa zlep\u0161ila odolnos\u0165 vo\u010di opotrebovaniu. Pravideln\u00e9 mazanie je potrebn\u00e9, aby sa zabr\u00e1nilo vysychaniu valca, \u010do m\u00f4\u017ee sp\u00f4sobi\u0165 po\u0161kodenie a skr\u00e1ti\u0165 \u017eivotnos\u0165 valca.<\/p>\n<p>Pravideln\u00e1 kontrola a prevent\u00edvna \u00fadr\u017eba<\/p>\n<p>Pravideln\u00e1 kontrola a prevent\u00edvna \u00fadr\u017eba s\u00fa k\u013e\u00fa\u010dov\u00e9 pre v\u00fdkon a \u017eivotnos\u0165 valca ramena. Kontrola by mala zah\u0155\u0148a\u0165 kontrolu zn\u00e1mok opotrebovania, po\u0161kodenia a netesnost\u00ed. Medzi prevent\u00edvne opatrenia \u00fadr\u017eby patr\u00ed v\u00fdmena tesnen\u00ed, mazanie telesa valca a kontrola zarovnania a toleranci\u00ed.<\/p>\n<p>Sprievodca in\u0161tal\u00e1ciou produktu<\/p>\n<p>1. Pripravte rameno stroja a nov\u00fd valec ramena.<br \/>\n2. Umiestnite valec ramena na miesto a zarovnajte z\u00e1vitov\u00e9 konce s mont\u00e1\u017enymi bodmi ramena stroja.<br \/>\n3. Na upevnenie valca k ramenu stroja pou\u017eite vhodn\u00e9 n\u00e1stroje a uistite sa, \u017ee je valec pevne pripevnen\u00fd.<br \/>\n4. Pripojte hydraulick\u00e9 hadice k hydraulick\u00fdm portom valca a uistite sa, \u017ee s\u00fa hadice spr\u00e1vne pripojen\u00e9.<br \/>\n5. Skontrolujte pohyb valca, aby ste sa uistili, \u017ee funguje spr\u00e1vne.<\/p>\n<p><img decoding=\"async\" src=\"https:\/\/www.hydraulic-cylinders.net\/wp-content\/uploads\/2025\/01\/songte-bushings-with-all-kinds-of-excavator-models.webp\" alt=\"Valec ramena pre ve\u013ek\u00e9 r\u00fdpadlo Caterpillar E390DL\" \/><\/p>\n<p>Bezpe\u010dnostn\u00e9 aspekty a faktory prostredia<\/p>\n<p>Pri pou\u017e\u00edvan\u00ed valcov s ramenom by sa mali dodr\u017eiava\u0165 bezpe\u010dnostn\u00e9 protokoly, ako je nosenie ochrann\u00fdch prostriedkov a vyh\u00fdbanie sa pre\u0165a\u017eovaniu valca, aby sa predi\u0161lo nehod\u00e1m a zabezpe\u010dila sa bezpe\u010dnos\u0165 person\u00e1lu. Pri n\u00e1vrhu a v\u00fdbere valca by sa mali zoh\u013eadni\u0165 aj faktory prostredia, ako je teplota, vlhkos\u0165 a prach, aby sa zabezpe\u010dil optim\u00e1lny v\u00fdkon a dlh\u00e1 \u017eivotnos\u0165.<\/p>\n<p>Diagnostika por\u00fach a rie\u0161enie probl\u00e9mov<\/p>\n<p>Medzi be\u017en\u00e9 probl\u00e9my s valcami ramena patr\u00ed \u00fanik hydraulickej kvapaliny, po\u0161kodenie piestnej ty\u010de a nespr\u00e1vne zarovnanie. Na diagnostiku a rie\u0161enie probl\u00e9mov s nefunk\u010dn\u00fdm valcom ramena je nevyhnutn\u00e9 identifikova\u0165 pr\u00ed\u010dinu probl\u00e9mu a pos\u00fadi\u0165 stav valca. Rie\u0161enia m\u00f4\u017eu zah\u0155\u0148a\u0165 v\u00fdmenu po\u0161koden\u00fdch dielov, op\u00e4tovn\u00e9 zarovnanie valca alebo v\u00fdmenu hydraulickej kvapaliny.<\/p>\n<p><img decoding=\"async\" src=\"https:\/\/www.hydraulic-cylinders.net\/wp-content\/uploads\/2025\/01\/songte-chushion-collar.webp\" alt=\"Valec ramena pre ve\u013ek\u00e9 r\u00fdpadlo Caterpillar E390DL\" \/><\/p>\n<p>Z\u00e1verom mo\u017eno poveda\u0165, \u017ee sme profesion\u00e1lnym v\u00fdrobcom n\u00e1hradn\u00fdch hydraulick\u00fdch valcov s rozmanit\u00fdm sortimentom produktov a st\u00e1vame sa jedn\u00fdm z popredn\u00fdch v\u00fdrobcov a ve\u013ekoobchodn\u00edkov s hydraulick\u00fdmi valcami na dom\u00e1com aj medzin\u00e1rodnom trhu. Dodr\u017eiavame z\u00e1sadu vynikaj\u00facej kvality, neust\u00e1le zlep\u0161ujeme na\u0161e technol\u00f3gie a efektivitu v\u00fdroby a poskytujeme prisp\u00f4soben\u00e9 slu\u017eby, aby sme uspokojili rozmanit\u00e9 potreby z\u00e1kazn\u00edkov. Na\u0161e produkty pre\u0161li r\u00f4znymi medzin\u00e1rodn\u00fdmi certifik\u00e1ciami, ako napr\u00edklad ISO 9001, CE a SGS. Pon\u00fakame vysoko kvalitn\u00e9 produkty a profesion\u00e1lny popredajn\u00fd servis, aby sme zabezpe\u010dili spokojnos\u0165 z\u00e1kazn\u00edkov.<\/p>\n<p>Na\u0161a spolo\u010dnos\u0165 disponuje modern\u00fdm v\u00fdrobn\u00fdm vybaven\u00edm, ako s\u00fa CNC s\u00fastruhy, fr\u00e9zky a automatick\u00e9 zv\u00e1racie stroje. M\u00e1me profesion\u00e1lny v\u00fdrobn\u00fd t\u00edm a t\u00edm kontroly kvality, ktor\u00e9 zabezpe\u010duj\u00fa, aby ka\u017ed\u00fd v\u00fdrobok pred opusten\u00edm tov\u00e1rne pre\u0161iel pr\u00edsnou kontrolou kvality. Poskytujeme z\u00e1kazn\u00edcke slu\u017eby, ako napr\u00edklad prisp\u00f4sobenie \u0161pecifik\u00e1ci\u00ed valca, d\u013a\u017eky a ve\u013ekosti z\u00e1vitu pod\u013ea po\u017eiadaviek z\u00e1kazn\u00edka. Pon\u00fakame tie\u017e popredajn\u00e9 slu\u017eby, ako napr\u00edklad \u0161kolenie \u00fadr\u017eby a technick\u00fa podporu.<\/p>\n<p><img decoding=\"async\" src=\"https:\/\/www.hydraulic-cylinders.net\/wp-content\/uploads\/2025\/01\/songte-company-4.webp\" alt=\"Valec ramena pre ve\u013ek\u00e9 r\u00fdpadlo Caterpillar E390DL\" \/><\/p>\n<p><img decoding=\"async\" src=\"https:\/\/www.hydraulic-cylinders.net\/wp-content\/uploads\/2025\/01\/songte-company-3.webp\" alt=\"Valec ramena pre ve\u013ek\u00e9 r\u00fdpadlo Caterpillar E390DL\" \/><\/p>\n<p>Autor: lyl<\/p>","protected":false},"excerpt":{"rendered":"<p>Arm Cylinder For Caterpillar Large Excavator E390DL This product is an arm cylinder specifically designed for hydraulic excavators, cranes, and other machinery, providing linear motion and power to the arm&#8217;s movement. It plays a crucial role in the hydraulic system, allowing additional tools and attachments to move and operate effectively. These cylinders not only achieve [&hellip;]<\/p>","protected":false},"featured_media":14759,"comment_status":"open","ping_status":"closed","template":"","meta":{"_et_pb_use_builder":"","_et_pb_old_content":"","_et_gb_content_width":""},"product_brand":[],"product_cat":[1497],"product_tag":[1498,1496],"class_list":{"0":"post-16172","1":"product","2":"type-product","3":"status-publish","4":"has-post-thumbnail","6":"product_cat-arm-cylinders","7":"product_tag-arm-cylinders","8":"product_tag-hydraulic-cylinders","10":"first","11":"instock","12":"shipping-taxable","13":"product-type-simple"},"amp_enabled":true,"_links":{"self":[{"href":"https:\/\/www.hydraulic-cylinders.net\/sk\/wp-json\/wp\/v2\/product\/16172","targetHints":{"allow":["GET"]}}],"collection":[{"href":"https:\/\/www.hydraulic-cylinders.net\/sk\/wp-json\/wp\/v2\/product"}],"about":[{"href":"https:\/\/www.hydraulic-cylinders.net\/sk\/wp-json\/wp\/v2\/types\/product"}],"replies":[{"embeddable":true,"href":"https:\/\/www.hydraulic-cylinders.net\/sk\/wp-json\/wp\/v2\/comments?post=16172"}],"wp:featuredmedia":[{"embeddable":true,"href":"https:\/\/www.hydraulic-cylinders.net\/sk\/wp-json\/wp\/v2\/media\/14759"}],"wp:attachment":[{"href":"https:\/\/www.hydraulic-cylinders.net\/sk\/wp-json\/wp\/v2\/media?parent=16172"}],"wp:term":[{"taxonomy":"product_brand","embeddable":true,"href":"https:\/\/www.hydraulic-cylinders.net\/sk\/wp-json\/wp\/v2\/product_brand?post=16172"},{"taxonomy":"product_cat","embeddable":true,"href":"https:\/\/www.hydraulic-cylinders.net\/sk\/wp-json\/wp\/v2\/product_cat?post=16172"},{"taxonomy":"product_tag","embeddable":true,"href":"https:\/\/www.hydraulic-cylinders.net\/sk\/wp-json\/wp\/v2\/product_tag?post=16172"}],"curies":[{"name":"pracovn\u00fd list","href":"https:\/\/api.w.org\/{rel}","templated":true}]}}