{"id":16174,"date":"2025-01-20T08:36:57","date_gmt":"2025-01-20T08:36:57","guid":{"rendered":"https:\/\/www.hydraulic-cylinders.net\/product\/arm-cylinderfor-caterpillar-large-excavator-e330b330c\/"},"modified":"2025-01-20T08:37:05","modified_gmt":"2025-01-20T08:37:05","slug":"arm-cylinderfor-caterpillar-large-excavator-e330b330c","status":"publish","type":"product","link":"https:\/\/www.hydraulic-cylinders.net\/sk\/produkt\/arm-cylinderfor-caterpillar-large-excavator-e330b330c\/","title":{"rendered":"Valec ramena pre ve\u013ek\u00e9 r\u00fdpadlo Caterpillar E330B330C"},"content":{"rendered":"<p>Valec ramena pre ve\u013ek\u00e9 r\u00fdpadlo Caterpillar E330B330C<\/p>\n<p>Hydraulick\u00fd valec ramena je \u0161peci\u00e1lne navrhnut\u00fd hydraulick\u00fd valec, ktor\u00fd sa prim\u00e1rne pou\u017e\u00edva na zabezpe\u010denie line\u00e1rneho pohybu a v\u00fdkonu pre r\u00f4zne ramen\u00e1 strojov, ako s\u00fa r\u00fdpadl\u00e1, \u017eeriavy a robotick\u00e9 ramen\u00e1. Valec ramena hr\u00e1 k\u013e\u00fa\u010dov\u00fa \u00falohu v hydraulickom syst\u00e9me, preto\u017ee umo\u017e\u0148uje efekt\u00edvny pohyb a ovl\u00e1danie pr\u00edslu\u0161enstva alebo pr\u00edslu\u0161enstva. Tieto valce nielen zabezpe\u010duj\u00fa plynul\u00fd pohyb, ale tie\u017e odol\u00e1vaj\u00fa \u0165a\u017ek\u00fdm za\u0165a\u017eeniam, \u010d\u00edm zabezpe\u010duj\u00fa efekt\u00edvnu prev\u00e1dzku a spo\u013eahlivos\u0165 strojov za r\u00f4znych prev\u00e1dzkov\u00fdch podmienok.<\/p>\n<p>Defin\u00edcia a vysvetlenie<\/p>\n<p>Arm cylinders are essential hydraulic components that provide direct linear motion and force to machinery arms. They consist of a cylinder barrel, a piston, a piston rod, and seals, which work together to convert hydraulic fluid pressure into mechanical force. The cylinder barrel is where the piston moves back and forth, and the piston rod connects the piston to the machinery arm. The seals prevent hydraulic fluid from leaking out of the cylinder barrel, ensuring the cylinder&#8217;s efficiency and reliability.<\/p>\n<p>Funkcie<\/p>\n<p>1. Vysoko\u00fa\u010dinn\u00fd prevod: Valce ramena dok\u00e1\u017eu poskytn\u00fa\u0165 siln\u00fd line\u00e1rny pohyb a silu, \u010d\u00edm zabezpe\u010duj\u00fa vysok\u00fa \u00fa\u010dinnos\u0165 pri r\u00f4znych oper\u00e1ci\u00e1ch.<\/p>\n<p>2. Presn\u00e9 ovl\u00e1danie: Prostredn\u00edctvom hydraulick\u00e9ho syst\u00e9mu m\u00f4\u017eu valce ramena dosiahnu\u0165 presn\u00e9 ovl\u00e1danie pohybu, \u010d\u00edm sa prev\u00e1dzka pr\u00edslu\u0161enstva st\u00e1va flexibilnej\u0161ou a presnej\u0161ou.<\/p>\n<p>3. Vysok\u00e1 odolnos\u0165: Valce ramien s\u00fa zvy\u010dajne vyroben\u00e9 z vysoko pevn\u00fdch materi\u00e1lov, maj\u00fa dobr\u00fa odolnos\u0165 vo\u010di opotrebovaniu a kor\u00f3zii a s\u00fa vhodn\u00e9 na dlhodob\u00e9 pou\u017e\u00edvanie v n\u00e1ro\u010dn\u00fdch podmienkach.<\/p>\n<p>4. Multifunk\u010dn\u00e1 prisp\u00f4sobivos\u0165: Tieto valce sa daj\u00fa \u0161iroko pou\u017ei\u0165 v r\u00f4znych strojoch, ako s\u00fa bagre, \u017eeriavy a robotick\u00e9 ramen\u00e1, aby vyhovovali r\u00f4znym pracovn\u00fdm po\u017eiadavk\u00e1m.<\/p>\n<p>5. Jednoduch\u00e1 \u00fadr\u017eba: Kon\u0161trukcia zoh\u013ead\u0148uje jednoduch\u00fa \u00fadr\u017ebu a v\u00fdmenu, v\u010faka \u010domu s\u00fa pravideln\u00e9 kontroly a \u00fadr\u017eba pohodlnej\u0161ie a skracuj\u00fa sa prestoje zariaden\u00ed.<\/p>\n<p>V\u00fdroba produktov<\/p>\n<p>Na\u0161a spolo\u010dnos\u0165 m\u00e1 schopnos\u0165 vyr\u00e1ba\u0165 hydraulick\u00e9 valce ramena pre ve\u013ek\u00e9 r\u00fdpadl\u00e1 Caterpillar E330B330C. Na\u0161e produkty s\u00fa perfektnou n\u00e1hradou za tieto hydraulick\u00e9 valce. Pou\u017e\u00edvame \u0161pi\u010dkov\u00e9 digit\u00e1lne v\u00fdrobn\u00e9 zariadenia a profesion\u00e1lne testovacie syst\u00e9my na optimaliz\u00e1ciu na\u0161ej v\u00fdrobnej platformy a zlep\u0161enie efekt\u00edvnosti v\u00fdroby. Dodr\u017eiavame z\u00e1sadu vynikaj\u00facej kvality, neust\u00e1le vylep\u0161ujeme na\u0161e technol\u00f3gie a inovujeme, aby sme uspokojili rozmanit\u00e9 potreby na\u0161ich z\u00e1kazn\u00edkov.<\/p>\n<p>Aplik\u00e1cia<\/p>\n<p>1. Stavebn\u00e9 kon\u0161trukcie: V bagroch a \u017eeriavoch sa valce ramien pou\u017e\u00edvaj\u00fa na ovl\u00e1danie pohybu vedier alebo v\u00fdlo\u017en\u00edkov pri zemn\u00fdch pr\u00e1cach, manipul\u00e1cii s materi\u00e1lom a mont\u00e1\u017ei kon\u0161trukci\u00ed.<\/p>\n<p>2. V\u00fdrobn\u00fd priemysel: V automatizovan\u00fdch v\u00fdrobn\u00fdch link\u00e1ch sa valce ramien pou\u017e\u00edvaj\u00fa na pohyb robotick\u00fdch ramien, mont\u00e1\u017e, zv\u00e1ranie a manipul\u00e1ciu, \u010d\u00edm sa zlep\u0161uje efektivita a presnos\u0165 v\u00fdroby.<\/p>\n<p>3. Po\u013enohospod\u00e1rske stroje: V po\u013enohospod\u00e1rskych strojoch, ako s\u00fa zbera\u010de a seja\u010dky, riadia valce ramena pohyb ovl\u00e1dacieho ramena na vykon\u00e1vanie \u00faloh, ako je siatie, hnojenie a zber \u00farody.<\/p>\n<p>4. \u0164a\u017eba: V bansk\u00fdch zariadeniach sa valce ramien pou\u017e\u00edvaj\u00fa na ovl\u00e1danie pohybu ramien bansk\u00fdch zariaden\u00ed na \u0165a\u017ebu a prepravu nerastov.<\/p>\n<p>5. Logistika a doprava: Vo vysokozdvi\u017en\u00fdch voz\u00edkoch a manipula\u010dn\u00fdch robotoch sa valce ramien pou\u017e\u00edvaj\u00fa na ovl\u00e1danie zdv\u00edhania a pohybu n\u00e1kladu pri manipul\u00e1cii s materi\u00e1lom a stohovan\u00ed.<\/p>\n<p>\u00davahy o dizajne produktu a krit\u00e9ri\u00e1 v\u00fdberu<\/p>\n<p>1. Nosnos\u0165: Valce ramien by mali by\u0165 schopn\u00e9 odola\u0165 hmotnosti ramien stroja a ak\u00fdchko\u013evek pr\u00edslu\u0161enstiev alebo pr\u00edslu\u0161enstva.<\/p>\n<p>2. Tesnenie: Tesnenia by mali by\u0165 vyroben\u00e9 z odoln\u00fdch materi\u00e1lov, ako je polyuret\u00e1n a nitrilov\u00fd kau\u010duk, a povrch valca a z\u00e1vitu by mal by\u0165 jemne opracovan\u00fd, aby sa zlep\u0161ila odolnos\u0165 vo\u010di opotrebovaniu.<\/p>\n<p>3. Trvanlivos\u0165: Valce ramien by mali by\u0165 vyroben\u00e9 z vysokopevnostn\u00fdch materi\u00e1lov a potiahnut\u00e9 antikor\u00f3znymi n\u00e1termi, aby odolali drsn\u00e9mu prostrediu.<\/p>\n<p>4. Bezpe\u010dnos\u0165: Valce ramena by mali by\u0165 schopn\u00e9 bezpe\u010dne fungova\u0165 a mali by by\u0165 nain\u0161talovan\u00e9 bezpe\u010dnostn\u00e9 opatrenia, ako s\u00fa pretlakov\u00e9 ventily, aby sa predi\u0161lo nehod\u00e1m.<\/p>\n<p>5. \u00dadr\u017eba: Valce ramena by mali by\u0165 navrhnut\u00e9 s oh\u013eadom na jednoduch\u00fa \u00fadr\u017ebu a v\u00fdmenu a hydraulick\u00e1 kvapalina by sa mala pravidelne meni\u0165, aby sa zabezpe\u010dilo spr\u00e1vne mazanie.<\/p>\n<p>Tesnenie a mazanie<\/p>\n<p>Valce ramena pou\u017e\u00edvaj\u00fa r\u00f4zne tesnenia, ako s\u00fa tesnenia piestov, tesnenia ty\u010d\u00ed a stieracie tesnenia, aby sa zabr\u00e1nilo \u00faniku hydraulickej kvapaliny. Tesnenia s\u00fa vyroben\u00e9 z materi\u00e1lov, ako je polyuret\u00e1n a nitrilov\u00fd kau\u010duk, ktor\u00e9 s\u00fa odoln\u00e9 vo\u010di opotrebovaniu a odol\u00e1vaj\u00fa vysok\u00e9mu tlaku. Valec valca a povrch z\u00e1vitu s\u00fa jemne opracovan\u00e9, aby sa zlep\u0161ila odolnos\u0165 vo\u010di opotrebovaniu. Valce ramena je potrebn\u00e9 maza\u0165 hydraulick\u00fdm olejom, aby sa zabezpe\u010dila spr\u00e1vna prev\u00e1dzka. Na zabr\u00e1nenie opotrebovaniu a po\u0161kodeniu tesnen\u00ed je potrebn\u00e1 pravideln\u00e1 v\u00fdmena oleja a \u00fadr\u017eba.<\/p>\n<p>\u00dadr\u017eba a prevencia<\/p>\n<p>Pravideln\u00e1 \u00fadr\u017eba a kontrola s\u00fa k\u013e\u00fa\u010dov\u00e9 pre zabezpe\u010denie efekt\u00edvnej a bezpe\u010dnej prev\u00e1dzky valcov ramena. Pravideln\u00e1 v\u00fdmena oleja, v\u00fdmena tesnen\u00ed a \u010distenie komponentov by sa mali vykon\u00e1va\u0165, aby sa predi\u0161lo poruche valca a minimalizovali sa prestoje. Na predch\u00e1dzanie nehod\u00e1m by sa mali nain\u0161talova\u0165 bezpe\u010dnostn\u00e9 opatrenia, ako s\u00fa pretlakov\u00e9 ventily.<\/p>\n<p>In\u0161tala\u010dn\u00e1 pr\u00edru\u010dka<\/p>\n<p>1. Uistite sa, \u017ee rameno stroja je v spr\u00e1vnej polohe pre in\u0161tal\u00e1ciu.<\/p>\n<p>2. Prisp\u00f4sobte valec ramena ramenu stroja a naskrutkujte ho na piestnu ty\u010d.<\/p>\n<p>3. Utiahnite z\u00e1vit a uistite sa, \u017ee nedoch\u00e1dza k \u00fanikom.<\/p>\n<p>4. Pripojte hydraulick\u00e9 hadice a napl\u0148te valec hydraulick\u00fdm olejom.<\/p>\n<p>5. Pre zaistenie spr\u00e1vnej funkcie ovl\u00e1dajte rameno.<\/p>\n<p>Bezpe\u010dnostn\u00e9 aspekty a faktory prostredia<\/p>\n<p>Hydraulick\u00e9 valce ramena m\u00f4\u017eu by\u0165 nebezpe\u010dn\u00e9, ak sa neobsluhuj\u00fa spr\u00e1vne, a preto by sa mali prija\u0165 bezpe\u010dnostn\u00e9 opatrenia na predch\u00e1dzanie nehod\u00e1m. Hydraulick\u00e1 kvapalina pou\u017e\u00edvan\u00e1 vo valcoch ramena m\u00f4\u017ee by\u0165 \u0161kodliv\u00e1 pre \u017eivotn\u00e9 prostredie a mala by sa riadne zlikvidova\u0165, aby sa predi\u0161lo zne\u010disteniu.<\/p>\n<p>Rie\u0161enie probl\u00e9mov a be\u017en\u00e9 probl\u00e9my<\/p>\n<p>1. Leaking seals &#8211; Check the seals and replace any damaged seals.<\/p>\n<p>2. Malfunctioning pressure relief valve &#8211; Replace the valve.<\/p>\n<p>3. Corrosion &#8211; Check for corrosion and replace any corroded components.<\/p>\n<p>4. Damaged piston rod &#8211; Replace the piston rod.<\/p>\n<p>5. Malfunctioning hydraulic system &#8211; Check the hydraulic system and repair any damaged components.<\/p>\n<p>Diagnostiku a rie\u0161enie por\u00fach by mal vykon\u00e1va\u0165 kvalifikovan\u00fd technik.<\/p>\n<p>Predstavenie spolo\u010dnosti<\/p>\n<p>Na\u0161a spolo\u010dnos\u0165 je profesion\u00e1lny v\u00fdrobca hydraulick\u00fdch valcov so \u0161irokou \u0161k\u00e1lou produktov. Stali sme sa jedn\u00fdm z popredn\u00fdch v\u00fdrobcov a ve\u013ekoobchodn\u00fdch distrib\u00fatorov hydraulick\u00fdch valcov na dom\u00e1com aj medzin\u00e1rodnom trhu. Dodr\u017eiavame z\u00e1sadu vynikaj\u00facej kvality, neust\u00e1le zdokona\u013eujeme na\u0161e technol\u00f3gie a inovujeme, aby sme uspokojili rozmanit\u00e9 potreby na\u0161ich z\u00e1kazn\u00edkov. Na\u0161a spolo\u010dnos\u0165 m\u00e1 odborn\u00e9 certifik\u00e1ty a pon\u00faka z\u00e1kazkov\u00e9 slu\u017eby, v\u00fdrobn\u00e9 zariadenia a popredajn\u00fd servis.<\/p>\n<p>Autor: lyl<\/p>","protected":false},"excerpt":{"rendered":"<p>Arm Cylinder for Caterpillar Large Excavator E330B330C Arm cylinder is a specially designed hydraulic cylinder that is primarily used to provide linear motion and power for various machinery arms such as excavators, cranes, and robotic arms. The arm cylinder plays a crucial role in the hydraulic system, allowing attachments or accessories to move and be [&hellip;]<\/p>","protected":false},"featured_media":14783,"comment_status":"open","ping_status":"closed","template":"","meta":{"_et_pb_use_builder":"","_et_pb_old_content":"","_et_gb_content_width":""},"product_brand":[],"product_cat":[1497],"product_tag":[1498,1496],"class_list":{"0":"post-16174","1":"product","2":"type-product","3":"status-publish","4":"has-post-thumbnail","6":"product_cat-arm-cylinders","7":"product_tag-arm-cylinders","8":"product_tag-hydraulic-cylinders","10":"first","11":"instock","12":"shipping-taxable","13":"product-type-simple"},"amp_enabled":true,"_links":{"self":[{"href":"https:\/\/www.hydraulic-cylinders.net\/sk\/wp-json\/wp\/v2\/product\/16174","targetHints":{"allow":["GET"]}}],"collection":[{"href":"https:\/\/www.hydraulic-cylinders.net\/sk\/wp-json\/wp\/v2\/product"}],"about":[{"href":"https:\/\/www.hydraulic-cylinders.net\/sk\/wp-json\/wp\/v2\/types\/product"}],"replies":[{"embeddable":true,"href":"https:\/\/www.hydraulic-cylinders.net\/sk\/wp-json\/wp\/v2\/comments?post=16174"}],"wp:featuredmedia":[{"embeddable":true,"href":"https:\/\/www.hydraulic-cylinders.net\/sk\/wp-json\/wp\/v2\/media\/14783"}],"wp:attachment":[{"href":"https:\/\/www.hydraulic-cylinders.net\/sk\/wp-json\/wp\/v2\/media?parent=16174"}],"wp:term":[{"taxonomy":"product_brand","embeddable":true,"href":"https:\/\/www.hydraulic-cylinders.net\/sk\/wp-json\/wp\/v2\/product_brand?post=16174"},{"taxonomy":"product_cat","embeddable":true,"href":"https:\/\/www.hydraulic-cylinders.net\/sk\/wp-json\/wp\/v2\/product_cat?post=16174"},{"taxonomy":"product_tag","embeddable":true,"href":"https:\/\/www.hydraulic-cylinders.net\/sk\/wp-json\/wp\/v2\/product_tag?post=16174"}],"curies":[{"name":"pracovn\u00fd list","href":"https:\/\/api.w.org\/{rel}","templated":true}]}}