{"id":16180,"date":"2025-01-20T08:37:30","date_gmt":"2025-01-20T08:37:30","guid":{"rendered":"https:\/\/www.hydraulic-cylinders.net\/product\/arm-cylinderfor-caterpillar-large-excavator-e329d-329dl\/"},"modified":"2025-01-20T08:37:32","modified_gmt":"2025-01-20T08:37:32","slug":"arm-cylinderfor-caterpillar-large-excavator-e329d-329dl","status":"publish","type":"product","link":"https:\/\/www.hydraulic-cylinders.net\/sk\/produkt\/arm-cylinderfor-caterpillar-large-excavator-e329d-329dl\/","title":{"rendered":"Valec ramena pre ve\u013ek\u00e9 r\u00fdpadlo Caterpillar E329D\/329DL"},"content":{"rendered":"<p>Valec ramena pre ve\u013ek\u00e9 r\u00fdpadlo Caterpillar E329D\/329DL<\/p>\n<p>Hydraulick\u00fd valec ramena je \u0161peci\u00e1lne navrhnut\u00fd hydraulick\u00fd valec, ktor\u00fd sa pou\u017e\u00edva hlavne na zabezpe\u010denie line\u00e1rneho pohybu a v\u00fdkonu ramena r\u00f4znych strojov, ako s\u00fa r\u00fdpadl\u00e1, \u017eeriavy a robotick\u00e9 ramen\u00e1. Valec ramena hr\u00e1 k\u013e\u00fa\u010dov\u00fa \u00falohu v hydraulickom syst\u00e9me, umo\u017e\u0148uje efekt\u00edvny pohyb a ovl\u00e1danie pr\u00edslu\u0161enstva. Tieto valce nielen dosahuj\u00fa plynul\u00e9 pohyby, ale tie\u017e odol\u00e1vaj\u00fa \u0165a\u017ek\u00fdm za\u0165a\u017eeniam, \u010d\u00edm zabezpe\u010duj\u00fa efekt\u00edvnu prev\u00e1dzku a spo\u013eahlivos\u0165 strojov v r\u00f4znych pracovn\u00fdch podmienkach.<\/p>\n<p>Defin\u00edcia a vysvetlenie:<\/p>\n<p>The arm cylinder is a type of hydraulic cylinder that provides powerful linear motion and force to the machinery&#8217;s arm, enabling it to perform various tasks. They are commonly used in excavators, cranes, and robotic arms, among other machinery, to control the arm&#8217;s movement and attachments. Arm cylinders are designed to be durable, reliable, and efficient, making them ideal for use in harsh environments.<\/p>\n<p>Vlastnosti:<\/p>\n<p>1. Vysoko\u00fa\u010dinn\u00fd prevod: Valec ramena poskytuje siln\u00fd line\u00e1rny pohyb a silu, \u010d\u00edm zais\u0165uje vysoko\u00fa\u010dinn\u00fd v\u00fdkon pri r\u00f4znych oper\u00e1ci\u00e1ch.<\/p>\n<p>2. Presn\u00e9 ovl\u00e1danie: Pomocou hydraulick\u00e9ho syst\u00e9mu dosahuje valec ramena presn\u00e9 ovl\u00e1danie pohybu, v\u010faka \u010domu s\u00fa oper\u00e1cie s pr\u00eddavn\u00fdm zariaden\u00edm flexibilnej\u0161ie a presnej\u0161ie.<\/p>\n<p>3. Vysok\u00e1 odolnos\u0165: Valce ramien s\u00fa zvy\u010dajne vyroben\u00e9 z vysokopevnostn\u00fdch materi\u00e1lov, ktor\u00e9 maj\u00fa dobr\u00fa odolnos\u0165 vo\u010di opotrebovaniu a kor\u00f3zii, v\u010faka \u010domu s\u00fa vhodn\u00e9 na dlhodob\u00e9 pou\u017e\u00edvanie v n\u00e1ro\u010dn\u00fdch podmienkach.<\/p>\n<p>4. Multifunk\u010dn\u00e1 prisp\u00f4sobivos\u0165: Tieto valce sa daj\u00fa \u0161iroko pou\u017e\u00edva\u0165 v r\u00f4znych strojoch, ako s\u00fa bagre, \u017eeriavy a robotick\u00e9 ramen\u00e1, na prisp\u00f4sobenie sa r\u00f4znym pracovn\u00fdm po\u017eiadavk\u00e1m.<\/p>\n<p>5. Jednoduch\u00e1 \u00fadr\u017eba: Valce ramien s\u00fa navrhnut\u00e9 pre jednoduch\u00fa \u00fadr\u017ebu a v\u00fdmenu a u\u013eah\u010duj\u00fa pravideln\u00fa kontrolu a \u00fadr\u017ebu, \u010d\u00edm sa skracuj\u00fa prestoje zariadenia.<\/p>\n<p>N\u00e1\u0161 produkt dok\u00e1\u017ee dokonale nahradi\u0165 tieto hydraulick\u00e9 valce. Vyr\u00e1bame \u0161irok\u00fd sortiment hydraulick\u00fdch valcov a n\u00e1hradn\u00fdch dielov, ako je zn\u00e1zornen\u00e9 na obr\u00e1zku ni\u017e\u0161ie.<\/p>\n<p>Hydraulick\u00e9 valce a n\u00e1hradn\u00e9 diely (https:\/\/www.hydraulic-cylinders.net\/wp-content\/uploads\/2025\/01\/songte-oil-pipes-and-spare-parts.webp)<\/p>\n<p>Aplik\u00e1cie:<\/p>\n<p>Valce s ramenami sa \u0161iroko pou\u017e\u00edvaj\u00fa v r\u00f4znych odvetviach, ako je stavebn\u00edctvo, v\u00fdroba, po\u013enohospod\u00e1rstvo, ban\u00edctvo, logistika a doprava. Ni\u017e\u0161ie s\u00fa uveden\u00e9 niektor\u00e9 \u0161pecifick\u00e9 aplik\u00e1cie valcov s ramenami.<\/p>\n<p>1. Kon\u0161trukcia: V bagroch a \u017eeriavoch sa valec ramena pou\u017e\u00edva na ovl\u00e1danie pohybu vedra alebo v\u00fdlo\u017en\u00edka, vykon\u00e1vanie v\u00fdkopov\u00fdch pr\u00e1c, manipul\u00e1ciu s materi\u00e1lom a mont\u00e1\u017e kon\u0161trukci\u00ed.<\/p>\n<p>2. Manufacturing: In automated production lines, the arm cylinder is used to control the robotic arm&#8217;s movement, performing operations such as assembly, welding, and handling, improving production efficiency and accuracy.<\/p>\n<p>3. Agriculture machinery: Arm cylinders are used in agricultural machinery such as harvesters and planters to control the operating arm&#8217;s movement, performing tasks such as sowing, fertilization, and harvesting.<\/p>\n<p>4. Mining: Arm cylinders are used to control the arm&#8217;s movement in mining equipment, performing mining and transportation of ores.<\/p>\n<p>5. Logistika a doprava: Vo vysokozdvi\u017en\u00fdch voz\u00edkoch a manipula\u010dn\u00fdch robotoch sa valce ramien pou\u017e\u00edvaj\u00fa na ovl\u00e1danie pohybu vidl\u00edc, manipul\u00e1ciu s materi\u00e1lom a stohovanie.<\/p>\n<p>\u00davahy o dizajne a krit\u00e9ri\u00e1 v\u00fdberu:<\/p>\n<p>Pri v\u00fdbere valcov ramena pre stroje je potrebn\u00e9 zv\u00e1\u017ei\u0165 nieko\u013eko faktorov. Medzi tieto faktory patr\u00ed nosnos\u0165, tesnenie, odolnos\u0165, bezpe\u010dnos\u0165 a jednoduch\u00e1 \u00fadr\u017eba. Ni\u017e\u0161ie s\u00fa uveden\u00e9 niektor\u00e9 kon\u0161truk\u010dn\u00e9 aspekty a krit\u00e9ri\u00e1 v\u00fdberu valcov ramena.<\/p>\n<p>1. Nosnos\u0165: Valec ramena mus\u00ed by\u0165 schopn\u00fd odola\u0165 za\u0165a\u017eeniu, ktor\u00e9 je na\u0148 kladen\u00e9 po\u010das prev\u00e1dzky, aby sa zabezpe\u010dil optim\u00e1lny v\u00fdkon stroja.<\/p>\n<p>2. Tesnenie: V ramenn\u00fdch valcoch sa pou\u017e\u00edvaj\u00fa r\u00f4zne tesnenia, ako napr\u00edklad tesnenia piestov a tesnenia ty\u010d\u00ed, aby sa zabr\u00e1nilo \u00fanikom a udr\u017eal tlak.<\/p>\n<p>3. Trvanlivos\u0165: Valce ramien musia by\u0165 vyroben\u00e9 z vysokopevnostn\u00fdch materi\u00e1lov, ktor\u00e9 s\u00fa odoln\u00e9 vo\u010di opotrebovaniu a kor\u00f3zii, \u010d\u00edm sa zabezpe\u010d\u00ed dlh\u00e1 \u017eivotnos\u0165 v n\u00e1ro\u010dn\u00fdch prev\u00e1dzkov\u00fdch podmienkach.<\/p>\n<p>4. Bezpe\u010dnos\u0165: Valce ramien musia by\u0165 navrhnut\u00e9 tak, aby sa predi\u0161lo nehod\u00e1m a zabezpe\u010dila sa bezpe\u010dnos\u0165 obsluhy.<\/p>\n<p>5. Jednoduch\u00e1 \u00fadr\u017eba: Valce ramien by sa mali da\u0165 \u013eahko udr\u017eiava\u0165 a vymie\u0148a\u0165, \u010d\u00edm sa zn\u00ed\u017eia prestoje a n\u00e1klady na \u00fadr\u017ebu.<\/p>\n<p>Hlava valcov so v\u0161etk\u00fdmi druhmi modelov r\u00fdpadiel] (https:\/\/www.hydraulic-cylinders.net\/wp-content\/uploads\/2025\/01\/songte-cylinder-head-with-all-kinds-excavator-models.webp)<\/p>\n<p>Tesnenie a mazanie:<\/p>\n<p>Valce ramena pou\u017e\u00edvaj\u00fa r\u00f4zne tesnenia na zabr\u00e1nenie \u00faniku a udr\u017eanie tlaku po\u010das prev\u00e1dzky. Medzi tieto tesnenia patria tesnenia piestov, tesnenia ty\u010d\u00ed a tlmi\u010de. S\u00fa vyroben\u00e9 z materi\u00e1lov, ako je polyuret\u00e1n a nitrilov\u00e1 guma, ktor\u00e9 s\u00fa odoln\u00e9 vo\u010di opotrebovaniu a trv\u00e1cne.<\/p>\n<p>Teleso valca a povrch z\u00e1vitov\u00e9ho konca prech\u00e1dzaj\u00fa d\u00f4kladn\u00fdm spracovan\u00edm, \u010do zlep\u0161uje odolnos\u0165 vo\u010di opotrebovaniu.<\/p>\n<p>Valce ramena vy\u017eaduj\u00fa pravideln\u00e9 mazanie hydraulick\u00fdm olejom, aby sa zabezpe\u010dila hladk\u00e1 prev\u00e1dzka. Hladinu hydraulick\u00e9ho oleja by ste mali pravidelne kontrolova\u0165 a olej by ste mali pod\u013ea potreby dop\u013a\u0148a\u0165.<\/p>\n<p>\u00dadr\u017eba a prevent\u00edvne opatrenia:<\/p>\n<p>Pravideln\u00e1 \u00fadr\u017eba je nevyhnutn\u00e1 pre zabezpe\u010denie efekt\u00edvnej a spo\u013eahlivej prev\u00e1dzky valcov ramena. \u00dadr\u017eba by mala zah\u0155\u0148a\u0165 kontrolu, \u010distenie a v\u00fdmenu opotrebovan\u00fdch alebo po\u0161koden\u00fdch dielov. Ni\u017e\u0161ie s\u00fa uveden\u00e9 niektor\u00e9 prevent\u00edvne opatrenia, ktor\u00e9 mo\u017eno prija\u0165 na zn\u00ed\u017eenie rizika poruchy valca.<\/p>\n<p>1. Pravideln\u00e1 kontrola: Valce ramien by sa mali pravidelne kontrolova\u0165, aby sa zistili ak\u00e9ko\u013evek zn\u00e1mky opotrebovania, kor\u00f3zie, netesnost\u00ed alebo po\u0161kodenia.<\/p>\n<p>2. Spr\u00e1vne mazanie: Dostato\u010dn\u00e9 mazanie je nevyhnutn\u00e9 pre zabezpe\u010denie hladk\u00e9ho chodu a zabr\u00e1nenie opotrebovaniu.<\/p>\n<p>3. Spr\u00e1vne skladovanie: Valce s ramenom by sa mali skladova\u0165 spr\u00e1vne, aby sa predi\u0161lo po\u0161kodeniu vplyvom prostredia, ako je teplota a vlhkos\u0165.<\/p>\n<p>4. Proper use: Arm cylinders should be used according to the manufacturer&#8217;s instructions to prevent damage and ensure optimal performance.<\/p>\n<p>![Tan\u0161\u00edrovac\u00ed golier](https:\/\/www.hydraulic-cylinders.net\/wp-content\/uploads\/2025\/01\/songte-chushion-collar.webp)<\/p>\n<p>Sprievodca in\u0161tal\u00e1ciou:<\/p>\n<p>Spr\u00e1vna in\u0161tal\u00e1cia je nevyhnutn\u00e1 pre zabezpe\u010denie efekt\u00edvnej a spo\u013eahlivej prev\u00e1dzky valca ramena. Ni\u017e\u0161ie uv\u00e1dzame nieko\u013eko pokynov na in\u0161tal\u00e1ciu valcov ramena.<\/p>\n<p>1. Uistite sa, \u017ee mont\u00e1\u017eny povrch je \u010dist\u00fd a bez ne\u010dist\u00f4t.<\/p>\n<p>2. Na in\u0161tal\u00e1ciu valca pou\u017eite vhodn\u00e9 n\u00e1stroje a techniky, aby ste predi\u0161li po\u0161kodeniu.<\/p>\n<p>3. Tighten the cylinder bolts to the manufacturer&#8217;s specifications.<\/p>\n<p>4. Connect the hydraulic hoses according to the manufacturer&#8217;s instructions.<\/p>\n<p>Bezpe\u010dnostn\u00e9 aspekty a faktory prostredia:<\/p>\n<p>Bezpe\u010dnos\u0165 je pri pou\u017e\u00edvan\u00ed valcov s ramenami nevyhnutn\u00e1, preto\u017ee ak sa nepou\u017e\u00edvaj\u00fa spr\u00e1vne, m\u00f4\u017eu sp\u00f4sobi\u0165 nehody. Obsluha by mala absolvova\u0165 primeran\u00e9 \u0161kolenie o pou\u017e\u00edvan\u00ed a \u00fadr\u017ebe valcov s ramenami. V\u00fdkon a \u017eivotnos\u0165 valcov s ramenami m\u00f4\u017eu ovplyvni\u0165 aj faktory prostredia, ako je teplota a vlhkos\u0165.<\/p>\n<p>Diagnostika por\u00fach a be\u017en\u00e9 probl\u00e9my:<\/p>\n<p>Valce ramena m\u00f4\u017eu ma\u0165 r\u00f4zne poruchy a probl\u00e9my, ako s\u00fa netesnosti, po\u0161kodenia a opotrebovanie. Ni\u017e\u0161ie s\u00fa uveden\u00e9 niektor\u00e9 be\u017en\u00e9 probl\u00e9my, ktor\u00e9 sa m\u00f4\u017eu vyskytn\u00fa\u0165 s valcami ramena.<\/p>\n<p>1. \u00danik: M\u00f4\u017ee to by\u0165 sp\u00f4soben\u00e9 po\u0161koden\u00fdmi tesneniami, opotrebovan\u00fdmi alebo po\u0161koden\u00fdmi komponentmi valca alebo probl\u00e9mami s tlakom.<\/p>\n<p>2. Po\u0161kodenie: Valce ramien sa m\u00f4\u017eu po\u0161kodi\u0165 n\u00e1razom, pre\u0165a\u017een\u00edm alebo nespr\u00e1vnym pou\u017e\u00edvan\u00edm.<\/p>\n<p>3. Opotrebovanie: \u010casom sa m\u00f4\u017eu komponenty valca opotrebova\u0165, \u010do vedie k zn\u00ed\u017eeniu v\u00fdkonu a \u00fa\u010dinnosti.<\/p>\n<p>Na diagnostikovanie a rie\u0161enie t\u00fdchto probl\u00e9mov by mali oper\u00e1tori vyh\u013eada\u0165 odborn\u00fa pomoc od odborn\u00edkov na hydraulick\u00e9 valce.<\/p>\n<p>![Puzdra so v\u0161etk\u00fdmi druhmi modelov r\u00fdpadiel](https:\/\/www.hydraulic-cylinders.net\/wp-content\/uploads\/2025\/01\/songte-bushings-with-all-kinds-of-excavator-models.webp)<\/p>\n<p>Predstavenie spolo\u010dnosti:<\/p>\n<p>Sme profesion\u00e1lny v\u00fdrobca hydraulick\u00fdch valcov a jeden z popredn\u00fdch ve\u013ekoobchodn\u00fdch distrib\u00fatorov hydraulick\u00fdch valcov na celom svete. Na\u0161e produkty s\u00fa rozmanit\u00e9 a vynikaj\u00facej kvality, \u010do z\u00e1kazn\u00edkom poskytuje \u0161irok\u00fa \u0161k\u00e1lu mo\u017enost\u00ed. Dodr\u017eiavame z\u00e1sadu vynikaj\u00facej kvality, spoliehame sa na prec\u00edznu v\u00fdrobn\u00fa diel\u0148u a industrializovan\u00fa strat\u00e9giu riadenia v\u00fdroby, aby sme neust\u00e1le zlep\u0161ovali na\u0161u technol\u00f3giu a efektivitu v\u00fdroby.<\/p>\n<p>We use advanced digital manufacturing equipment and professional testing systems to optimize our manufacturing platform and improve our product quality control process, enhancing our innovation capability. Our goal is to meet customer&#8217;s diverse needs with principles of high efficiency, precision, and high quality.<\/p>\n<p>Zaviazali sme sa poskytova\u0165 profesion\u00e1lne, medzin\u00e1rodne certifikovan\u00e9 slu\u017eby, prisp\u00f4sobova\u0165 hydraulick\u00e9 valce a poskytova\u0165 kompletn\u00fd sortiment hydraulick\u00fdch valcov a n\u00e1hradn\u00fdch dielov. Pon\u00fakame r\u00f4zne prevedenia vr\u00e1tane hlin\u00edkov\u00fdch, oce\u013eov\u00fdch a nerezov\u00fdch hydraulick\u00fdch valcov, ako aj prevedenia na mieru, ktor\u00e9 sp\u013a\u0148aj\u00fa \u0161pecifick\u00e9 po\u017eiadavky z\u00e1kazn\u00edkov. Pon\u00fakame tie\u017e popredajn\u00e9 slu\u017eby vr\u00e1tane opr\u00e1v, v\u00fdmeny a \u00fadr\u017eby hydraulick\u00fdch valcov a in\u00fdch hydraulick\u00fdch komponentov.<\/p>\n<p>![Obr\u00e1zok 1 z \u00favodu spolo\u010dnosti](https:\/\/www.hydraulic-cylinders.net\/wp-content\/uploads\/2025\/01\/songte-company-4.webp)<\/p>\n<p>![Obr\u00e1zok \u010d. 2 z \u00favodu spolo\u010dnosti](https:\/\/www.hydraulic-cylinders.net\/wp-content\/uploads\/2025\/01\/songte-company-3.webp)<\/p>\n<p>In conclusion, hydraulic arm cylinders are essential components in various machinery, providing powerful linear motion and force for the arm&#8217;s movement and attachments. Proper selection, installation, and maintenance are necessary to ensure efficient and reliable operation. Our company provides high-quality hydraulic cylinder products and services to customers worldwide, meeting diverse customer needs and requirements.<\/p>\n<p>Autor: lyl<\/p>","protected":false},"excerpt":{"rendered":"<p>Arm Cylinder for Caterpillar Large Excavator E329D\/329DL Arm cylinder is a specially designed hydraulic cylinder, mainly used to provide linear motion and power for the arm of various machinery, such as excavators, cranes, and robotic arms. The arm cylinder plays a key role in the hydraulic system, enabling attachments to move and be controlled effectively. [&hellip;]<\/p>","protected":false},"featured_media":14766,"comment_status":"open","ping_status":"closed","template":"","meta":{"_et_pb_use_builder":"","_et_pb_old_content":"","_et_gb_content_width":""},"product_brand":[],"product_cat":[1497],"product_tag":[1498,1496],"class_list":{"0":"post-16180","1":"product","2":"type-product","3":"status-publish","4":"has-post-thumbnail","6":"product_cat-arm-cylinders","7":"product_tag-arm-cylinders","8":"product_tag-hydraulic-cylinders","10":"first","11":"instock","12":"shipping-taxable","13":"product-type-simple"},"amp_enabled":true,"_links":{"self":[{"href":"https:\/\/www.hydraulic-cylinders.net\/sk\/wp-json\/wp\/v2\/product\/16180","targetHints":{"allow":["GET"]}}],"collection":[{"href":"https:\/\/www.hydraulic-cylinders.net\/sk\/wp-json\/wp\/v2\/product"}],"about":[{"href":"https:\/\/www.hydraulic-cylinders.net\/sk\/wp-json\/wp\/v2\/types\/product"}],"replies":[{"embeddable":true,"href":"https:\/\/www.hydraulic-cylinders.net\/sk\/wp-json\/wp\/v2\/comments?post=16180"}],"wp:featuredmedia":[{"embeddable":true,"href":"https:\/\/www.hydraulic-cylinders.net\/sk\/wp-json\/wp\/v2\/media\/14766"}],"wp:attachment":[{"href":"https:\/\/www.hydraulic-cylinders.net\/sk\/wp-json\/wp\/v2\/media?parent=16180"}],"wp:term":[{"taxonomy":"product_brand","embeddable":true,"href":"https:\/\/www.hydraulic-cylinders.net\/sk\/wp-json\/wp\/v2\/product_brand?post=16180"},{"taxonomy":"product_cat","embeddable":true,"href":"https:\/\/www.hydraulic-cylinders.net\/sk\/wp-json\/wp\/v2\/product_cat?post=16180"},{"taxonomy":"product_tag","embeddable":true,"href":"https:\/\/www.hydraulic-cylinders.net\/sk\/wp-json\/wp\/v2\/product_tag?post=16180"}],"curies":[{"name":"pracovn\u00fd list","href":"https:\/\/api.w.org\/{rel}","templated":true}]}}