{"id":16206,"date":"2025-01-20T08:39:45","date_gmt":"2025-01-20T08:39:45","guid":{"rendered":"https:\/\/www.hydraulic-cylinders.net\/product\/arm-cylinderfor-doosan-middle-excavator-dh215-9e-2\/"},"modified":"2025-01-20T08:39:47","modified_gmt":"2025-01-20T08:39:47","slug":"arm-cylinderfor-doosan-middle-excavator-dh215-9e-2","status":"publish","type":"product","link":"https:\/\/www.hydraulic-cylinders.net\/sk\/produkt\/arm-cylinderfor-doosan-middle-excavator-dh215-9e-2\/","title":{"rendered":"Valec ramena pre stredn\u00fd bager Doosan DH215-9E"},"content":{"rendered":"<h1>Valec ramena pre stredn\u00fd bager Doosan DH215-9E<\/h1>\n<h2>\u00davod<\/h2>\n<p>Hydraulick\u00fd valec ramena je \u0161peci\u00e1lne navrhnut\u00fd hydraulick\u00fd valec, ktor\u00fd poskytuje line\u00e1rny pohyb a v\u00fdkon ramenu r\u00f4znych typov strojov, ako s\u00fa r\u00fdpadl\u00e1, \u017eeriavy a robotick\u00e9 ramen\u00e1. Zohr\u00e1va k\u013e\u00fa\u010dov\u00fa \u00falohu v hydraulick\u00fdch syst\u00e9moch, preto\u017ee umo\u017e\u0148uje efekt\u00edvny pohyb a ovl\u00e1danie dodato\u010dn\u00fdch n\u00e1strojov alebo pr\u00edslu\u0161enstva. Tieto valce nielen zabezpe\u010duj\u00fa plynul\u00fd pohyb, ale tie\u017e odol\u00e1vaj\u00fa \u0165a\u017ek\u00fdm za\u0165a\u017eeniam, \u010d\u00edm zabezpe\u010duj\u00fa efekt\u00edvnu prev\u00e1dzku a spo\u013eahlivos\u0165 strojov v r\u00f4znych pracovn\u00fdch podmienkach.<\/p>\n<h3>Defin\u00edcia a vysvetlenie<\/h3>\n<p>Hydraulick\u00fd valec ramena, tie\u017e zn\u00e1my ako valec v\u00fdlo\u017en\u00edka alebo hydraulick\u00fd valec ramena, je hydraulick\u00fd komponent zodpovedn\u00fd za vys\u00favanie a zas\u00favanie ramena r\u00fdpadla alebo podobn\u00e9ho zariadenia. Sklad\u00e1 sa z valcov\u00e9ho telesa, piestu a ty\u010de, ktor\u00e9 spolo\u010dne poskytuj\u00fa potrebn\u00fa silu pre pohyb ramena. Hydraulick\u00e1 kvapalina je natlakovan\u00e1 a smerovan\u00e1 do valca, \u010do sp\u00f4sobuje pohyb piestu, ktor\u00fd n\u00e1sledne vys\u00fava alebo zas\u00fava rameno. To umo\u017e\u0148uje r\u00fdpadlu vykon\u00e1va\u0165 r\u00f4zne \u00falohy, ako je kopanie, zdv\u00edhanie a manipul\u00e1cia s materi\u00e1lom.<\/p>\n<p><img decoding=\"async\" src=\"https:\/\/www.hydraulic-cylinders.net\/wp-content\/uploads\/2025\/01\/songte-company-2.webp\" alt=\"Obr\u00e1zok valca ramena\"><\/p>\n<h2>Funkcie<\/h2>\n<ul>\n<li><strong>Vysoko\u00fa\u010dinn\u00fd prenos:<\/strong> Valec ramena poskytuje siln\u00fd line\u00e1rny pohyb a silu, \u010d\u00edm zais\u0165uje vysok\u00fd v\u00fdkon ramena stroja pri r\u00f4znych oper\u00e1ci\u00e1ch.<\/li>\n<li><strong>Presn\u00e9 ovl\u00e1danie:<\/strong> V\u010faka hydraulick\u00e9mu syst\u00e9mu umo\u017e\u0148uje valec ramena presn\u00e9 ovl\u00e1danie pohybu, v\u010faka \u010domu je obsluha pripojen\u00e9ho n\u00e1radia flexibilnej\u0161ia a presnej\u0161ia.<\/li>\n<li><strong>Trvanlivos\u0165:<\/strong> Valce ramien s\u00fa zvy\u010dajne vyroben\u00e9 z vysokopevnostn\u00fdch materi\u00e1lov, ktor\u00e9 pon\u00fakaj\u00fa vynikaj\u00facu odolnos\u0165 vo\u010di opotrebovaniu a kor\u00f3zii, v\u010faka \u010domu s\u00fa vhodn\u00e9 na dlhodob\u00e9 pou\u017e\u00edvanie v n\u00e1ro\u010dn\u00fdch podmienkach.<\/li>\n<li><strong>Multifunk\u010dn\u00e1 prisp\u00f4sobivos\u0165:<\/strong> Tieto valce sa daj\u00fa \u0161iroko pou\u017e\u00edva\u0165 v r\u00f4znych mechanick\u00fdch zariadeniach, ako s\u00fa bagre, \u017eeriavy a robotick\u00e9 ramen\u00e1, a prisp\u00f4sobuj\u00fa sa r\u00f4znym po\u017eiadavk\u00e1m pr\u00e1ce.<\/li>\n<li><strong>Jednoduch\u00e1 \u00fadr\u017eba:<\/strong> Kon\u0161trukcia zoh\u013ead\u0148uje jednoduch\u00fa \u00fadr\u017ebu a v\u00fdmenu, \u010d\u00edm sa u\u013eah\u010duje pravideln\u00e1 kontrola a \u00fadr\u017eba, a t\u00fdm sa skracuj\u00fa prestoje zariadenia.<\/li>\n<\/ul>\n<p><img decoding=\"async\" src=\"https:\/\/www.hydraulic-cylinders.net\/wp-content\/uploads\/2025\/01\/songte-oil-pipes-and-spare-parts.webp\" alt=\"N\u00e1hradn\u00e9 diely pre valce ramena\"><\/p>\n<h2>Aplik\u00e1cie<\/h2>\n<p>Rameno s valcom nach\u00e1dza uplatnenie v r\u00f4znych odvetviach a sektoroch:<\/p>\n<h3>1. Stavebn\u00e9 in\u017einierstvo<\/h3>\n<p>V r\u00fdpadl\u00e1ch a \u017eeriavoch ovl\u00e1da valec ramena pohyb vedra alebo v\u00fdlo\u017en\u00edka, \u010do u\u013eah\u010duje zemn\u00e9 pr\u00e1ce, manipul\u00e1ciu s materi\u00e1lom a mont\u00e1\u017e kon\u0161trukci\u00ed.<\/p>\n<h3>2. V\u00fdroba<\/h3>\n<p>V automatizovan\u00fdch v\u00fdrobn\u00fdch link\u00e1ch sa valec ramena pou\u017e\u00edva na pohyb robotick\u00fdch ramien, \u010do umo\u017e\u0148uje procesy ako mont\u00e1\u017e, zv\u00e1ranie a manipul\u00e1cia s materi\u00e1lom, \u010d\u00edm sa zlep\u0161uje efektivita a presnos\u0165 v\u00fdroby.<\/p>\n<h3>3. Po\u013enohospod\u00e1rske stroje<\/h3>\n<p>V po\u013enohospod\u00e1rskych strojoch, ako s\u00fa zbera\u010de a seja\u010dky, riadi valec ramena pohyb ovl\u00e1dacieho ramena a vykon\u00e1va \u00falohy ako siatie, hnojenie a zber \u00farody.<\/p>\n<h3>4. \u0164a\u017eba<\/h3>\n<p>V bansk\u00fdch zariadeniach riadi valec ramena pohyb ramien bansk\u00fdch zariaden\u00ed, \u010d\u00edm u\u013eah\u010duje \u0165a\u017ebu a prepravu nerastov.<\/p>\n<h3>5. Logistika a doprava<\/h3>\n<p>Vo vysokozdvi\u017en\u00fdch voz\u00edkoch a manipula\u010dn\u00fdch robotoch riadi valec ramena zdv\u00edhanie a pohyb vidl\u00edc, \u010do umo\u017e\u0148uje manipul\u00e1ciu a stohovanie materi\u00e1lov.<\/p>\n<p><img decoding=\"async\" src=\"https:\/\/www.hydraulic-cylinders.net\/wp-content\/uploads\/2025\/01\/songte-chushion-collar.webp\" alt=\"Aplik\u00e1cie valcov ramena\"><\/p>\n<h2>\u00davahy o dizajne a krit\u00e9ri\u00e1 v\u00fdberu<\/h2>\n<p>Pri navrhovan\u00ed a v\u00fdbere valca ramena je potrebn\u00e9 zv\u00e1\u017ei\u0165 nieko\u013eko faktorov:<\/p>\n<h3>1. Nosnos\u0165<\/h3>\n<p>Valec ramena mus\u00ed by\u0165 schopn\u00fd odola\u0165 maxim\u00e1lnemu za\u0165a\u017eeniu, ktor\u00e9mu bude vystaven\u00fd po\u010das prev\u00e1dzky, bez poruchy alebo deform\u00e1cie. Materi\u00e1l, rozmery a kon\u0161trukcia valca by mali by\u0165 starostlivo vybran\u00e9, aby sa zabezpe\u010dila dostato\u010dn\u00e1 nosnos\u0165.<\/p>\n<h3>2. Tesnenie<\/h3>\n<p>Spr\u00e1vny tesniaci syst\u00e9m je nevyhnutn\u00fd na zabr\u00e1nenie \u00faniku hydraulickej kvapaliny a udr\u017eanie \u00fa\u010dinnosti valca. R\u00f4zne tesniace komponenty, ako s\u00fa tesnenia piestov a tesnenia ty\u010d\u00ed, by mali by\u0165 vyroben\u00e9 z odoln\u00fdch a opotrebovaniu odoln\u00fdch materi\u00e1lov, aby sa zabezpe\u010dila dlhotrvaj\u00faca v\u00fdkonnos\u0165.<\/p>\n<h3>3. Trvanlivos\u0165<\/h3>\n<p>The arm cylinder should be constructed using materials that offer excellent durability and resistance to wear and corrosion. This ensures the cylinder&#8217;s longevity and reliable performance even in challenging operating environments.<\/p>\n<h3>4. Bezpe\u010dnos\u0165<\/h3>\n<p>Do kon\u0161trukcie valca ramena by mali by\u0165 zapracovan\u00e9 bezpe\u010dnostn\u00e9 aspekty, napr\u00edklad zabudovanie poistn\u00fdch ventilov, aby sa zabr\u00e1nilo n\u00e1hlym pohybom alebo pre\u0165a\u017eeniu. Na zaistenie bezpe\u010dnej prev\u00e1dzky by mali by\u0165 poskytnut\u00e9 aj spr\u00e1vne pokyny na in\u0161tal\u00e1ciu a \u00fadr\u017ebu.<\/p>\n<h3>5. Udr\u017eiavate\u013enos\u0165<\/h3>\n<p>Kon\u0161trukcia valca ramena by mala u\u013eah\u010dova\u0165 \u00fadr\u017ebu a v\u00fdmenu komponentov. Patria sem pr\u00edstupn\u00e9 kontroln\u00e9 body, jasn\u00e9 pokyny pre postupy \u00fadr\u017eby a pou\u017eitie \u0161tandardn\u00fdch komponentov pre jednoduch\u00e9 z\u00edskavanie zdrojov.<\/p>\n<p><img decoding=\"async\" src=\"https:\/\/www.hydraulic-cylinders.net\/wp-content\/uploads\/2025\/01\/songte-cylinder-head-with-all-kinds-excavator-models.webp\" alt=\"Dizajn valca ramena\"><\/p>\n<h2>Tesnenie a mazanie<\/h2>\n<p>Valec ramena vyu\u017e\u00edva r\u00f4zne tesniace komponenty, ako s\u00fa tesnenia piestov a tesnenia ty\u010d\u00ed, aby sa zabezpe\u010dilo spr\u00e1vne utesnenie a zabr\u00e1nilo sa \u00faniku hydraulickej kvapaliny. Tieto tesnenia s\u00fa vyroben\u00e9 z materi\u00e1lov odoln\u00fdch vo\u010di opotrebovaniu, ako je polyuret\u00e1n a nitrilov\u00fd kau\u010duk. Teleso valca a z\u00e1vitov\u00e9 konce prech\u00e1dzaj\u00fa starostlivou povrchovou \u00fapravou, aby sa zv\u00fd\u0161ila odolnos\u0165 vo\u010di opotrebovaniu. Pravideln\u00e9 mazanie vhodn\u00fdm mno\u017estvom hydraulick\u00e9ho oleja je nevyhnutn\u00e9 pre zabezpe\u010denie hladk\u00e9ho chodu a pred\u013a\u017eenie \u017eivotnosti valca.<\/p>\n<h2>Pravideln\u00e1 kontrola a prevent\u00edvna \u00fadr\u017eba<\/h2>\n<p>Pre zabezpe\u010denie optim\u00e1lneho v\u00fdkonu a dlhej \u017eivotnosti valca ramena by sa mala vykon\u00e1va\u0165 pravideln\u00e1 kontrola a prevent\u00edvna \u00fadr\u017eba:<\/p>\n<h3>1. Skontrolujte tesnenia a ostatn\u00e9 komponenty, \u010di nedoch\u00e1dza k \u00fanikom a nie s\u00fa na nich zn\u00e1mky opotrebovania.<\/h3>\n<h3>2. Skontrolujte teleso valca, \u010di nejav\u00ed zn\u00e1mky po\u0161kodenia alebo kor\u00f3zie.<\/h3>\n<h3>3. Skontrolujte neporu\u0161enos\u0165 mont\u00e1\u017enych konzol a pripojen\u00ed.<\/h3>\n<h3>4. V\u0161etky pohybliv\u00e9 \u010dasti nama\u017ete odpor\u00fa\u010dan\u00fdm hydraulick\u00fdm olejom.<\/h3>\n<h3>5. Monitorujte hydraulick\u00fd syst\u00e9m, \u010di nevykazuje ak\u00e9ko\u013evek nezrovnalosti alebo zmeny vo v\u00fdkone.<\/h3>\n<p><img decoding=\"async\" src=\"https:\/\/www.hydraulic-cylinders.net\/wp-content\/uploads\/2025\/01\/songte-bushings-with-all-kinds-of-excavator-models.webp\" alt=\"\u00dadr\u017eba valca ramena\"><\/p>\n<h2>Sprievodca in\u0161tal\u00e1ciou produktu<\/h2>\n<p>Spr\u00e1vna in\u0161tal\u00e1cia valca ramena je k\u013e\u00fa\u010dov\u00e1 pre jeho efekt\u00edvnu prev\u00e1dzku a dlh\u00fa \u017eivotnos\u0165. Pre zabezpe\u010denie spr\u00e1vnej in\u0161tal\u00e1cie postupujte pod\u013ea t\u00fdchto krokov:<\/p>\n<h3>1. Pred in\u0161tal\u00e1ciou sa uistite, \u017ee hydraulick\u00fd syst\u00e9m je bez tlaku.<\/h3>\n<h3>2. Zarovnajte valec ramena s mont\u00e1\u017enymi konzolami a upevnite ho pomocou pr\u00edslu\u0161n\u00fdch skrutiek a upev\u0148ovac\u00edch prvkov.<\/h3>\n<h3>3. Connect the hydraulic hoses to the cylinder according to the manufacturer&#8217;s instructions.<\/h3>\n<h3>4. Dvakr\u00e1t skontrolujte tesnos\u0165 v\u0161etk\u00fdch spojov a armat\u00far.<\/h3>\n<h3>5. Po in\u0161tal\u00e1cii vykonajte d\u00f4kladn\u00fd funk\u010dn\u00fd test, aby ste overili spr\u00e1vnu prev\u00e1dzku.<\/h3>\n<p><img decoding=\"async\" src=\"https:\/\/www.hydraulic-cylinders.net\/wp-content\/uploads\/2025\/01\/songte-company-4.webp\" alt=\"Obr\u00e1zok spolo\u010dnosti\"><br \/>\n<img decoding=\"async\" src=\"https:\/\/www.hydraulic-cylinders.net\/wp-content\/uploads\/2025\/01\/songte-company-3.webp\" alt=\"Obr\u00e1zok spolo\u010dnosti\"><\/p>\n<p>Autor: lyl<\/p>","protected":false},"excerpt":{"rendered":"<p>Arm Cylinder for Doosan Middle Excavator DH215-9E Introduction The arm cylinder is a specially designed hydraulic cylinder that provides linear motion and power to the arm of various types of machinery, such as excavators, cranes, and robotic arms. It plays a crucial role in hydraulic systems, enabling the efficient movement and control of additional tools [&hellip;]<\/p>","protected":false},"featured_media":14777,"comment_status":"open","ping_status":"closed","template":"","meta":{"_et_pb_use_builder":"","_et_pb_old_content":"","_et_gb_content_width":""},"product_brand":[],"product_cat":[1497],"product_tag":[1498,1496],"class_list":{"0":"post-16206","1":"product","2":"type-product","3":"status-publish","4":"has-post-thumbnail","6":"product_cat-arm-cylinders","7":"product_tag-arm-cylinders","8":"product_tag-hydraulic-cylinders","10":"first","11":"instock","12":"shipping-taxable","13":"product-type-simple"},"amp_enabled":true,"_links":{"self":[{"href":"https:\/\/www.hydraulic-cylinders.net\/sk\/wp-json\/wp\/v2\/product\/16206","targetHints":{"allow":["GET"]}}],"collection":[{"href":"https:\/\/www.hydraulic-cylinders.net\/sk\/wp-json\/wp\/v2\/product"}],"about":[{"href":"https:\/\/www.hydraulic-cylinders.net\/sk\/wp-json\/wp\/v2\/types\/product"}],"replies":[{"embeddable":true,"href":"https:\/\/www.hydraulic-cylinders.net\/sk\/wp-json\/wp\/v2\/comments?post=16206"}],"wp:featuredmedia":[{"embeddable":true,"href":"https:\/\/www.hydraulic-cylinders.net\/sk\/wp-json\/wp\/v2\/media\/14777"}],"wp:attachment":[{"href":"https:\/\/www.hydraulic-cylinders.net\/sk\/wp-json\/wp\/v2\/media?parent=16206"}],"wp:term":[{"taxonomy":"product_brand","embeddable":true,"href":"https:\/\/www.hydraulic-cylinders.net\/sk\/wp-json\/wp\/v2\/product_brand?post=16206"},{"taxonomy":"product_cat","embeddable":true,"href":"https:\/\/www.hydraulic-cylinders.net\/sk\/wp-json\/wp\/v2\/product_cat?post=16206"},{"taxonomy":"product_tag","embeddable":true,"href":"https:\/\/www.hydraulic-cylinders.net\/sk\/wp-json\/wp\/v2\/product_tag?post=16206"}],"curies":[{"name":"pracovn\u00fd list","href":"https:\/\/api.w.org\/{rel}","templated":true}]}}