{"id":1623,"date":"2023-10-08T08:41:38","date_gmt":"2023-10-08T08:41:38","guid":{"rendered":"https:\/\/hydraulic-cylinders.net\/?post_type=product&#038;p=1623"},"modified":"2025-04-11T02:55:33","modified_gmt":"2025-04-11T02:55:33","slug":"press-return-cylinder","status":"publish","type":"product","link":"https:\/\/www.hydraulic-cylinders.net\/sk\/produkt\/press-return-cylinder\/","title":{"rendered":"Stla\u010dte sp\u00e4tn\u00fd valec"},"content":{"rendered":"<h1 style=\"text-align: center;\"><strong>Stla\u010dte sp\u00e4tn\u00fd valec<\/strong><\/h1>\n<p><img loading=\"lazy\" decoding=\"async\" class=\"aligncenter wp-image-1624\" src=\"https:\/\/hydraulic-cylinders.net\/wp-content\/uploads\/2023\/10\/return-cylinder-1-300x300.webp\" alt=\"\" width=\"400\" height=\"400\" \/><\/p>\n<p>Vratn\u00fd valec lisu je k\u013e\u00fa\u010dovou s\u00fa\u010das\u0165ou optimaliz\u00e1cie lisovac\u00edch oper\u00e1ci\u00ed v r\u00f4znych odvetviach. V\u010faka svojim pokro\u010dil\u00fdm funkci\u00e1m a spo\u013eahliv\u00e9mu v\u00fdkonu pon\u00faka tento valec zv\u00fd\u0161en\u00fa \u00fa\u010dinnos\u0165, presnos\u0165 a bezpe\u010dnos\u0165.<\/p>\n<p>Vratn\u00fd valec lisu je cenn\u00fd pre zv\u00fd\u0161enie efektivity, presnosti a bezpe\u010dnosti pri lisovac\u00edch oper\u00e1ci\u00e1ch. V\u010faka svojej robustnej kon\u0161trukcii, presn\u00e9mu polohovaniu, efekt\u00edvnemu n\u00e1vratu a integrovan\u00fdm bezpe\u010dnostn\u00fdm prvkom v\u00e1m tento valec umo\u017e\u0148uje dosiahnu\u0165 vynikaj\u00face v\u00fdsledky. Dodr\u017eiavan\u00edm odpor\u00fa\u010dan\u00fdch met\u00f3d pou\u017e\u00edvania a postupov \u00fadr\u017eby m\u00f4\u017eete maximalizova\u0165 v\u00fdkon, produktivitu a \u017eivotnos\u0165 va\u0161ich lisovac\u00edch oper\u00e1ci\u00ed. Vyberte si vratn\u00fd valec lisu na zefekt\u00edvnenie kritick\u00fdch procesov a zv\u00fd\u0161enie prev\u00e1dzkovej excelentnosti.<\/p>\n<p>Charakteristiky k\u013e\u00fa\u010da sp\u00e4tn\u00e9ho valca:<\/p>\n<ol>\n<li>Robustn\u00e1 kon\u0161trukcia:<\/li>\n<\/ol>\n<ul>\n<li>Vratn\u00fd valec lisu je vyroben\u00fd z vysoko kvalitn\u00fdch materi\u00e1lov, \u010do zaru\u010duje odolnos\u0165 a dlh\u00fa \u017eivotnos\u0165.<\/li>\n<li>Jeho robustn\u00e1 kon\u0161trukcia odol\u00e1 \u0165a\u017ek\u00fdm za\u0165a\u017eeniam a drsn\u00fdm prev\u00e1dzkov\u00fdm podmienkam, \u010d\u00edm poskytuje spo\u013eahliv\u00fd v\u00fdkon v n\u00e1ro\u010dn\u00fdch priemyseln\u00fdch prostrediach.<\/li>\n<\/ul>\n<ol start=\"2\">\n<li>Presn\u00e9 polohovanie:<\/li>\n<\/ol>\n<ul>\n<li>Tento valec pon\u00faka presn\u00e9 ovl\u00e1danie polohovania, \u010do umo\u017e\u0148uje presn\u00e9 zarovnanie mechanizmu n\u00e1vratu lisu.<\/li>\n<li>Jeho v\u00fdnimo\u010dn\u00e1 presnos\u0165 zais\u0165uje konzistentn\u00e9 a spo\u013eahliv\u00e9 polohovanie, \u010d\u00edm minimalizuje riziko ch\u00fdb alebo nespr\u00e1vneho zarovnania.<\/li>\n<\/ul>\n<ol start=\"3\">\n<li>Efekt\u00edvny n\u00e1vrat:<\/li>\n<\/ol>\n<ul>\n<li>Vr\u00e1tenie lisu do p\u00f4vodnej polohy umo\u017e\u0148uje r\u00fdchly a efekt\u00edvny n\u00e1vrat lisu do v\u00fdchodiskovej polohy.<\/li>\n<li>Jeho v\u00fdkonn\u00fd hydraulick\u00fd syst\u00e9m umo\u017e\u0148uje r\u00fdchly pohyb, \u010d\u00edm sa skracuje prestoje a zvy\u0161uje sa celkov\u00e1 produktivita.<\/li>\n<\/ul>\n<ol start=\"4\">\n<li>Bezpe\u010dnostn\u00e9 prvky:<\/li>\n<\/ol>\n<ul>\n<li>T\u00e1to f\u013ea\u0161a obsahuje bezpe\u010dnostn\u00e9 prvky, ako s\u00fa pretlakov\u00e9 ventily a mechanizmy n\u00fadzov\u00e9ho zastavenia.<\/li>\n<li>Tieto bezpe\u010dnostn\u00e9 prvky pom\u00e1haj\u00fa chr\u00e1ni\u0165 lis a obsluhu, predch\u00e1dza\u0165 nehod\u00e1m a minimalizova\u0165 riziko po\u0161kodenia.<\/li>\n<\/ul>\n<h2><strong>Parameter sp\u00e4tn\u00e9ho valca stla\u010den\u00e9ho tla\u010didla:<\/strong><\/h2>\n<table border=\"1\" cellspacing=\"0\" cellpadding=\"0\">\n<tbody>\n<tr>\n<td>N\u00e1zov produktu<\/td>\n<td>Vr\u00e1tny valec hydraulick\u00e9ho lisu<\/td>\n<\/tr>\n<tr>\n<td>Vlastnosti:<\/td>\n<td>Zabezpe\u010dte vratn\u00fa silu pre hlavn\u00fd valec a bo\u010dn\u00fd valec, rozdelen\u00fa na typ piestu\/typ piestu<\/td>\n<\/tr>\n<tr>\n<td>Priemer otvoru:<\/td>\n<td>180 mm\uff5e410 mm<\/td>\n<\/tr>\n<tr>\n<td>Priemer ty\u010de:<\/td>\n<td>\u00a0120 mm\uff5e360 mm<br \/>\nZdvih \u2264 4500 mm<\/td>\n<\/tr>\n<tr>\n<td>\u0164ahov\u00e1 sila:<\/td>\n<td>Maxim\u00e1lne 2612 kN<br \/>\n(Priemer otvoru: 410 mm\/tlak 31,5 MPa)<\/td>\n<\/tr>\n<tr>\n<td>Piest:<\/td>\n<td>\u00a0140 mm\uff5e360 mm<br \/>\nZdvih \u2264 3000 mm<\/td>\n<\/tr>\n<tr>\n<td>Tlakov\u00e1 sila piestu:<\/td>\n<td>Maxim\u00e1lne 3206 kN<br \/>\n(Piest 360 mm\/tlak 31,5 MPa)<\/td>\n<\/tr>\n<tr>\n<td>Pou\u017eitie vratn\u00e9ho valca hydraulick\u00e9ho lisu:<\/td>\n<td>Hydraulick\u00fd lis<\/td>\n<\/tr>\n<\/tbody>\n<\/table>\n<div class=\"txtboxL\">\n<div><\/div>\n<div class=\"txtboxL\">Vlastnosti:<\/div>\n<div class=\"txtboxR\">Zabezpe\u010dte vratn\u00fa silu pre hlavn\u00fd valec a bo\u010dn\u00fd valec, rozdelen\u00fa na typ piestu\/typ piestu<\/div>\n<div class=\"txtboxL\">\u0160pecifik\u00e1cia:<br \/>\nPiest<\/div>\n<div class=\"txtboxR\">Priemer otvoru: 180 mm\uff5e410 mm<br \/>\nPriemer ty\u010de: 120 mm\uff5e360 mm<br \/>\nZdvih \u2264 4500 mm<\/div>\n<div class=\"txtboxL\">\u0164ahov\u00e1 sila:<\/div>\n<div class=\"txtboxR\">Maxim\u00e1lne 2612 kN<br \/>\n(Priemer otvoru: 410 mm\/tlak 31,5 MPa)<\/div>\n<div class=\"txtboxL\">\u0160pecifik\u00e1cia:<br \/>\nPiest<\/div>\n<div class=\"txtboxR\">Piest: 140 mm\uff5e360 mm<br \/>\nZdvih \u2264 3000 mm<\/div>\n<div class=\"txtboxL\">\u0164ahov\u00e1 sila:<\/div>\n<div class=\"txtboxR\">Maxim\u00e1lne 3206 kN<br \/>\n(Piest 360 mm\/tlak 31,5 MPa)<\/div>\n<\/div>\n<h2><strong>Tov\u00e1re\u0148 na lisovacie valce:<\/strong><\/h2>\n<p><img loading=\"lazy\" decoding=\"async\" class=\"alignnone wp-image-1619 size-full\" src=\"https:\/\/hydraulic-cylinders.net\/wp-content\/uploads\/2023\/10\/press-cylinder.webp\" alt=\"\" width=\"1418\" height=\"946\" srcset=\"https:\/\/hydraulic-cylinders.net\/wp-content\/uploads\/2023\/10\/press-cylinder.webp 1418w, https:\/\/hydraulic-cylinders.net\/wp-content\/uploads\/2023\/10\/press-cylinder-1280x854.webp 1280w, https:\/\/hydraulic-cylinders.net\/wp-content\/uploads\/2023\/10\/press-cylinder-980x654.webp 980w, https:\/\/hydraulic-cylinders.net\/wp-content\/uploads\/2023\/10\/press-cylinder-480x320.webp 480w\" sizes=\"(min-width: 0px) and (max-width: 480px) 480px, (min-width: 481px) and (max-width: 980px) 980px, (min-width: 981px) and (max-width: 1280px) 1280px, (min-width: 1281px) 1418px, 100vw\" \/><\/p>\n<h2><strong>Sp\u00f4sob pou\u017eitia vratn\u00e9ho valca lisu<\/strong><strong>:<\/strong><\/h2>\n<ol>\n<li><strong>In\u0161tal\u00e1cia a integr\u00e1cia:<\/strong><\/li>\n<\/ol>\n<ul>\n<li>Bezpe\u010dne namontujte vratn\u00fd valec lisu na r\u00e1m lisu alebo na ur\u010den\u00e9 miesto na mont\u00e1\u017e.<\/li>\n<li>Zabezpe\u010dte spr\u00e1vne zarovnanie a pripojenie pod\u013ea pokynov a odpor\u00fa\u010dan\u00ed v\u00fdrobcu.<\/li>\n<\/ul>\n<ol start=\"2\">\n<li><strong>Hydraulick\u00e9 pripojenia:<\/strong><\/li>\n<\/ol>\n<ul>\n<li>Pripojte sp\u00e4tn\u00fd valec lisu k hydraulickej jednotke pomocou vhodn\u00fdch hydraulick\u00fdch had\u00edc a spojovac\u00edch prvkov.<\/li>\n<li>Skontrolujte, \u010di s\u00fa hydraulick\u00e9 pripojenia bezpe\u010dn\u00e9 a bez \u00fanikov, aby sa zabezpe\u010dil efekt\u00edvny prenos kvapaliny a bezpe\u010dn\u00e1 prev\u00e1dzka.<\/li>\n<\/ul>\n<ol start=\"3\">\n<li><strong>Nastavenie polohy:<\/strong><\/li>\n<\/ol>\n<ul>\n<li>Upravte polohu vratn\u00e9ho valca lisu pod\u013ea \u0161pecifick\u00fdch po\u017eiadaviek va\u0161ej lisovacej aplik\u00e1cie.<\/li>\n<li>Pre optim\u00e1lny v\u00fdkon nastavte po\u017eadovan\u00e9 \u0161tartovacie a n\u00e1vratov\u00e9 polohy pod\u013ea pokynov v\u00fdrobcu.<\/li>\n<\/ul>\n<ol start=\"4\">\n<li><strong>Prev\u00e1dzkov\u00e9 kontroly:<\/strong><\/li>\n<\/ol>\n<ul>\n<li>Obozn\u00e1mte sa s ovl\u00e1dac\u00edmi prvkami, ktor\u00e9 poskytuje vratn\u00fd valec lisu.<\/li>\n<li>Pochopte, ako spusti\u0165 sp\u00e4tn\u00fd pohyb a \u010fal\u0161ie funkcie, ako je regul\u00e1cia r\u00fdchlosti alebo funkcie n\u00fadzov\u00e9ho zastavenia.<\/li>\n<\/ul>\n<h2><strong>Ak\u00fd hydraulick\u00fd z\u00e1kon pou\u017e\u00edva brzdov\u00fd syst\u00e9m?<\/strong><\/h2>\n<p>Brzdov\u00fd syst\u00e9m vo vozidl\u00e1ch zvy\u010dajne vyu\u017e\u00edva Pascalov z\u00e1kon hydrauliky. Pascalov z\u00e1kon hovor\u00ed, \u017ee ke\u010f sa na uzavret\u00fa kvapalinu p\u00f4sob\u00ed tlakom, tlak sa pren\u00e1\u0161a rovnomerne vo v\u0161etk\u00fdch smeroch. V kontexte hydraulick\u00e9ho brzdov\u00e9ho syst\u00e9mu tento princ\u00edp umo\u017e\u0148uje prenos sily z brzdov\u00e9ho ped\u00e1lu na samotn\u00e9 brzdy.<\/p>\n<p>Tu je zjednodu\u0161en\u00e9 vysvetlenie, ako brzdov\u00fd syst\u00e9m vyu\u017e\u00edva Pascalov z\u00e1kon:<\/p>\n<ol>\n<li><strong>Pou\u017eitie brzdov\u00e9ho ped\u00e1lu:<\/strong>\n<ul>\n<li>Ke\u010f vodi\u010d stla\u010d\u00ed brzdov\u00fd ped\u00e1l, na hlavn\u00fd brzdov\u00fd valec p\u00f4sob\u00ed mechanick\u00e1 sila.<\/li>\n<\/ul>\n<\/li>\n<li><strong>Hlavn\u00fd brzdov\u00fd valec:<\/strong>\n<ul>\n<li>Hlavn\u00fd brzdov\u00fd valec obsahuje piest, ktor\u00fd sa pohybuje v reakcii na silu vyv\u00edjan\u00fa brzdov\u00fdm ped\u00e1lom.<\/li>\n<li>Ke\u010f sa piest pohybuje, vyv\u00edja tlak na brzdov\u00fa kvapalinu obsiahnut\u00fa v hlavnom valci.<\/li>\n<\/ul>\n<\/li>\n<li><strong>Prenos tlaku:<\/strong>\n<ul>\n<li>V tomto bode vstupuje do hry Pascalov z\u00e1kon.<\/li>\n<li>Tlak vytvoren\u00fd pohybom piesta sa pren\u00e1\u0161a rovnomerne po celej brzdovej kvapaline vo v\u0161etk\u00fdch smeroch.<\/li>\n<\/ul>\n<\/li>\n<li><strong>Hydraulick\u00e9 potrubia:<\/strong>\n<ul>\n<li>Brzdov\u00e1 kvapalina pod tlakom pretek\u00e1 hydraulick\u00fdmi vedeniami alebo brzdov\u00fdmi r\u00farkami.<\/li>\n<li>Tieto vedenia sp\u00e1jaj\u00fa hlavn\u00fd brzdov\u00fd valec s brzdov\u00fdmi strme\u0148mi alebo brzdov\u00fdmi valcami na ka\u017edom kolese.<\/li>\n<\/ul>\n<\/li>\n<li><strong>Brzdov\u00e9 strmene\/valce kolies:<\/strong>\n<ul>\n<li>Brzdov\u00e9 \u010de\u013euste (v kot\u00fa\u010dov\u00fdch brzd\u00e1ch) alebo valce kolies (v bubnov\u00fdch brzd\u00e1ch) prij\u00edmaj\u00fa brzdov\u00fa kvapalinu pod tlakom na ka\u017edom kolese.<\/li>\n<li>Tlak sp\u00f4sobuje, \u017ee strmene alebo valce vyv\u00edjaj\u00fa silu na brzdov\u00e9 do\u0161ti\u010dky alebo \u010de\u013euste, ktor\u00e9 tla\u010dia na brzdov\u00e9 kot\u00fa\u010de alebo bubny.<\/li>\n<\/ul>\n<\/li>\n<li><strong>Trecie a brzdn\u00e9 \u00fa\u010dinky:<\/strong>\n<ul>\n<li>Trenie medzi brzdov\u00fdmi do\u0161ti\u010dkami a rotormi (alebo \u010de\u013eus\u0165ami a bubnami) spoma\u013euje alebo zastavuje koles\u00e1 vozidla.<\/li>\n<\/ul>\n<\/li>\n<\/ol>\n<h2><strong>Schopnos\u0165 a kapacita tov\u00e1rne:<\/strong><\/h2>\n<h3>(1) Mont\u00e1\u017e<\/h3>\n<p>Disponujeme prvotriednou nez\u00e1vislou v\u00fdskumnou a v\u00fdvojovou mont\u00e1\u017enou platformou. Diel\u0148a na v\u00fdrobu hydraulick\u00fdch valcov m\u00e1 \u0161tyri poloautomatick\u00e9 mont\u00e1\u017ene linky zdv\u00edhac\u00edch valcov a jednu automatick\u00fa mont\u00e1\u017enu linku nakl\u00e1pac\u00edch valcov s projektovanou ro\u010dnou v\u00fdrobnou kapacitou 1 mili\u00f3n kusov. Diel\u0148a na v\u00fdrobu \u0161peci\u00e1lnych valcov je vybaven\u00e1 r\u00f4znymi \u0161pecifik\u00e1ciami poloautomatick\u00e9ho syst\u00e9mu \u010distenia a mont\u00e1\u017ee s projektovanou ro\u010dnou v\u00fdrobnou kapacitou 200 000 kusov a je vybaven\u00e1 zn\u00e1mym CNC obr\u00e1bac\u00edm zariaden\u00edm, obr\u00e1bac\u00edm centrom, \u0161peci\u00e1lnym zariaden\u00edm na vysoko presn\u00e9 spracovanie valcov, robotick\u00fdm zv\u00e1rac\u00edm strojom, automatick\u00fdm \u010distiacim strojom, automatick\u00fdm mont\u00e1\u017enym strojom valcov a automatickou lakovacou v\u00fdrobnou linkou. Existuj\u00face kritick\u00e9 zariadenia maj\u00fa viac ako 300 s\u00faprav (s\u00e1d). Optim\u00e1lne alokovanie a efekt\u00edvne vyu\u017e\u00edvanie zdrojov zariaden\u00ed zabezpe\u010duje po\u017eiadavky na presnos\u0165 v\u00fdrobkov a sp\u013a\u0148a po\u017eiadavky na vysok\u00fa kvalitu v\u00fdrobkov.<\/p>\n<p><img loading=\"lazy\" decoding=\"async\" class=\"alignnone wp-image-626\" src=\"https:\/\/hydraulic-cylinders.net\/wp-content\/uploads\/2023\/08\/hydraulic-cylinder-product-1-300x158.webp\" alt=\"\" width=\"495\" height=\"260\" srcset=\"https:\/\/hydraulic-cylinders.net\/wp-content\/uploads\/2023\/08\/hydraulic-cylinder-product-1-300x158.webp 495w, https:\/\/hydraulic-cylinders.net\/wp-content\/uploads\/2023\/08\/hydraulic-cylinder-product-1-480x252.webp 480w\" sizes=\"(min-width: 0px) and (max-width: 480px) 480px, (min-width: 481px) 495px, 100vw\" \/> <img loading=\"lazy\" decoding=\"async\" class=\"alignnone wp-image-627\" src=\"https:\/\/hydraulic-cylinders.net\/wp-content\/uploads\/2023\/08\/hydraulic-cylinder-product-2-300x189.webp\" alt=\"\" width=\"413\" height=\"260\" \/><\/p>\n<h3>(2) Obr\u00e1banie<\/h3>\n<p>Obr\u00e1bacia diel\u0148a je vybaven\u00e1 prisp\u00f4soben\u00fdm s\u00fastru\u017en\u00edckym centrom na \u0161ikm\u00e9 ko\u013eajnice, obr\u00e1bac\u00edm centrom, vysokor\u00fdchlostn\u00fdm honovac\u00edm strojom, zv\u00e1rac\u00edm robotom a \u010fal\u0161\u00edm s\u00favisiacim zariaden\u00edm, ktor\u00e9 dok\u00e1\u017ee spracova\u0165 valcov\u00e9 r\u00fary s maxim\u00e1lnym vn\u00fatorn\u00fdm priemerom 400 mm a maxim\u00e1lnou d\u013a\u017ekou 6 metrov.<\/p>\n<p><img loading=\"lazy\" decoding=\"async\" class=\"alignnone wp-image-628 size-large\" src=\"https:\/\/hydraulic-cylinders.net\/wp-content\/uploads\/2023\/08\/hydraulic-cylinder-product-3-1024x391.webp\" alt=\"\" width=\"1024\" height=\"391\" srcset=\"https:\/\/hydraulic-cylinders.net\/wp-content\/uploads\/2023\/08\/hydraulic-cylinder-product-3-980x374.webp 980w, https:\/\/hydraulic-cylinders.net\/wp-content\/uploads\/2023\/08\/hydraulic-cylinder-product-3-480x183.webp 480w\" sizes=\"(min-width: 0px) and (max-width: 480px) 480px, (min-width: 481px) and (max-width: 980px) 980px, (min-width: 981px) 1024px, 100vw\" \/><\/p>\n<h3>(3) Zv\u00e1ranie<\/h3>\n<p><img loading=\"lazy\" decoding=\"async\" class=\"alignnone wp-image-629 size-large\" src=\"https:\/\/hydraulic-cylinders.net\/wp-content\/uploads\/2023\/08\/hydraulic-cylinder-product-4-1024x510.webp\" alt=\"\" width=\"1024\" height=\"510\" srcset=\"https:\/\/hydraulic-cylinders.net\/wp-content\/uploads\/2023\/08\/hydraulic-cylinder-product-4-980x488.webp 980w, https:\/\/hydraulic-cylinders.net\/wp-content\/uploads\/2023\/08\/hydraulic-cylinder-product-4-480x239.webp 480w\" sizes=\"(min-width: 0px) and (max-width: 480px) 480px, (min-width: 481px) and (max-width: 980px) 980px, (min-width: 981px) 1024px, 100vw\" \/><\/p>\n<h3>(4) Ma\u013eovanie a natieranie<\/h3>\n<p>S mal\u00fdmi a stredne ve\u013ek\u00fdmi valcov\u00fdmi automatick\u00fdmi linkami na nan\u00e1\u0161anie farieb na vodnej b\u00e1ze, na dosiahnutie automatick\u00e9ho nakladania a vykladania robotmi a automatick\u00e9ho striekania, je projektovan\u00e1 kapacita 4000 kusov za smenu;<br \/>\nM\u00e1me tie\u017e poloautomatick\u00fa linku na v\u00fdrobu farieb pre ve\u013ek\u00e9 valce poh\u00e1\u0148an\u00e9 re\u0165azou s projektovanou kapacitou 60 kusov za smenu.<\/p>\n<p><img loading=\"lazy\" decoding=\"async\" class=\"alignnone wp-image-630\" src=\"https:\/\/hydraulic-cylinders.net\/wp-content\/uploads\/2023\/08\/hydraulic-cylinder-product-5-300x213.webp\" alt=\"\" width=\"366\" height=\"260\" \/> <img loading=\"lazy\" decoding=\"async\" class=\"alignnone wp-image-631\" src=\"https:\/\/hydraulic-cylinders.net\/wp-content\/uploads\/2023\/08\/hydraulic-cylinder-product-6-300x225.webp\" alt=\"\" width=\"347\" height=\"260\" \/><\/p>\n<h3>(5) Testovanie<\/h3>\n<p>Disponujeme prvotriednymi kontroln\u00fdmi zariadeniami a sk\u00fa\u0161obn\u00fdmi zariadeniami, ktor\u00e9 zabezpe\u010duj\u00fa, \u017ee v\u00fdkonnos\u0165 valca sp\u013a\u0148a po\u017eiadavky.<\/p>\n<p><img loading=\"lazy\" decoding=\"async\" class=\"alignnone wp-image-632\" src=\"https:\/\/hydraulic-cylinders.net\/wp-content\/uploads\/2023\/08\/hydraulic-cylinder-product-8-300x200.webp\" alt=\"\" width=\"389\" height=\"260\" \/><\/p>\n<p>&nbsp;<\/p>\n<p>&nbsp;<\/p>\n<p>Sme jedn\u00fdm z najlep\u0161\u00edch v\u00fdrobcov hydraulick\u00fdch valcov. Pon\u00fakame komplexn\u00e9 hydraulick\u00e9 valce. Poskytujeme aj zodpovedaj\u00face <a href=\"https:\/\/hzpt.com\/agricultural-pto-gearbox\/\" target=\"_blank\" rel=\"noopener\">po\u013enohospod\u00e1rske prevodovky<\/a>Na\u0161e produkty sme vyv\u00e1\u017eali klientom po celom svete a v\u010faka vynikaj\u00facej kvalite produktov a popredajn\u00e9mu servisu sme si z\u00edskali dobr\u00fa reput\u00e1ciu. V\u00edtame z\u00e1kazn\u00edkov doma aj v zahrani\u010d\u00ed, ktor\u00ed n\u00e1s kontaktuj\u00fa za \u00fa\u010delom rokovania o obchodn\u00fdch z\u00e1le\u017eitostiach, v\u00fdmeny inform\u00e1ci\u00ed a <a href=\"https:\/\/www.hydraulic-cylinders.net\/sk\/contact-us\/\">spolupracova\u0165 s nami<\/a>!<\/p>","protected":false},"excerpt":{"rendered":"<p>Press Return Cylinder The press return cylinder is a vital component in optimizing pressing operations in various industries. With its advanced features and reliable performance, this cylinder offers enhanced efficiency, accuracy, and safety. The press return cylinder is valuable for enhancing efficiency, accuracy, and safety in pressing operations. With its robust construction, precise positioning, efficient [&hellip;]<\/p>","protected":false},"featured_media":1625,"comment_status":"open","ping_status":"closed","template":"","meta":{"_et_pb_use_builder":"","_et_pb_old_content":"","_et_gb_content_width":""},"product_brand":[],"product_cat":[1522,1549,1376],"product_tag":[1380],"class_list":{"0":"post-1623","1":"product","2":"type-product","3":"status-publish","4":"has-post-thumbnail","6":"product_cat-press-hydraulic-cylinders","7":"product_cat-single-acting-hydraulic-cylinder","8":"product_cat-hydraulic-cylinder","9":"product_tag-hydraulic-cylinder","11":"first","12":"instock","13":"shipping-taxable","14":"product-type-simple"},"amp_enabled":true,"_links":{"self":[{"href":"https:\/\/www.hydraulic-cylinders.net\/sk\/wp-json\/wp\/v2\/product\/1623","targetHints":{"allow":["GET"]}}],"collection":[{"href":"https:\/\/www.hydraulic-cylinders.net\/sk\/wp-json\/wp\/v2\/product"}],"about":[{"href":"https:\/\/www.hydraulic-cylinders.net\/sk\/wp-json\/wp\/v2\/types\/product"}],"replies":[{"embeddable":true,"href":"https:\/\/www.hydraulic-cylinders.net\/sk\/wp-json\/wp\/v2\/comments?post=1623"}],"wp:featuredmedia":[{"embeddable":true,"href":"https:\/\/www.hydraulic-cylinders.net\/sk\/wp-json\/wp\/v2\/media\/1625"}],"wp:attachment":[{"href":"https:\/\/www.hydraulic-cylinders.net\/sk\/wp-json\/wp\/v2\/media?parent=1623"}],"wp:term":[{"taxonomy":"product_brand","embeddable":true,"href":"https:\/\/www.hydraulic-cylinders.net\/sk\/wp-json\/wp\/v2\/product_brand?post=1623"},{"taxonomy":"product_cat","embeddable":true,"href":"https:\/\/www.hydraulic-cylinders.net\/sk\/wp-json\/wp\/v2\/product_cat?post=1623"},{"taxonomy":"product_tag","embeddable":true,"href":"https:\/\/www.hydraulic-cylinders.net\/sk\/wp-json\/wp\/v2\/product_tag?post=1623"}],"curies":[{"name":"pracovn\u00fd list","href":"https:\/\/api.w.org\/{rel}","templated":true}]}}