{"id":16246,"date":"2025-01-20T08:59:10","date_gmt":"2025-01-20T08:59:10","guid":{"rendered":"https:\/\/www.hydraulic-cylinders.net\/product\/arm-cylinderfor-hyundai-middle-excavator-r200lc\/"},"modified":"2025-01-20T08:59:12","modified_gmt":"2025-01-20T08:59:12","slug":"arm-cylinderfor-hyundai-middle-excavator-r200lc","status":"publish","type":"product","link":"https:\/\/www.hydraulic-cylinders.net\/sk\/produkt\/arm-cylinderfor-hyundai-middle-excavator-r200lc\/","title":{"rendered":"Valec ramena pre stredn\u00e9 r\u00fdpadlo Hyundai R200LC"},"content":{"rendered":"<h1>Valec ramena pre stredn\u00fd bager Hyundai R200LC<\/h1>\n<h2>Defin\u00edcia produktu<\/h2>\n<p>Hydraulick\u00fd valec ramena je \u0161peci\u00e1lne navrhnut\u00fd hydraulick\u00fd valec, ktor\u00fd zabezpe\u010duje line\u00e1rny pohyb a v\u00fdkon ramena r\u00f4znych strojov, ako s\u00fa r\u00fdpadl\u00e1, \u017eeriavy a robotick\u00e9 ramen\u00e1. Valec ramena hr\u00e1 k\u013e\u00fa\u010dov\u00fa \u00falohu v hydraulick\u00fdch syst\u00e9moch, preto\u017ee umo\u017e\u0148uje efekt\u00edvny pohyb a ovl\u00e1danie dodato\u010dn\u00fdch n\u00e1strojov alebo pr\u00edslu\u0161enstva. Tieto valce nielen umo\u017e\u0148uj\u00fa plynul\u00fd pohyb, ale tie\u017e odol\u00e1vaj\u00fa \u0165a\u017ek\u00fdm za\u0165a\u017eeniam, \u010d\u00edm zabezpe\u010duj\u00fa vysok\u00fa \u00fa\u010dinnos\u0165 a spo\u013eahlivos\u0165 stroja v r\u00f4znych prev\u00e1dzkov\u00fdch podmienkach.<\/p>\n<p><img decoding=\"async\" src=\"https:\/\/www.hydraulic-cylinders.net\/wp-content\/uploads\/2025\/01\/songte-company-2.webp\" alt=\"Obr\u00e1zok valca ramena\"><\/p>\n<h2>Vlastnosti produktu<\/h2>\n<ul>\n<li>\n<h3>Vysoko\u00fa\u010dinn\u00fd prenos v\u00fdkonu<\/h3>\n<p>Valec ramena poskytuje siln\u00fd line\u00e1rny pohyb a silu, \u010d\u00edm zais\u0165uje vysok\u00fa \u00fa\u010dinnos\u0165 ramena stroja pri r\u00f4znych oper\u00e1ci\u00e1ch.<\/p>\n<\/li>\n<li>\n<h3>Presn\u00e9 riadenie<\/h3>\n<p>Prostredn\u00edctvom hydraulick\u00e9ho syst\u00e9mu umo\u017e\u0148uje valec ramena presn\u00e9 ovl\u00e1danie pohybu, \u010do umo\u017e\u0148uje flexibiln\u00e9 a presn\u00e9 ovl\u00e1danie pripojen\u00e9ho n\u00e1radia.<\/p>\n<\/li>\n<li>\n<h3>Trvanlivos\u0165<\/h3>\n<p>Valce ramien s\u00fa zvy\u010dajne vyroben\u00e9 z vysokopevnostn\u00fdch materi\u00e1lov, ktor\u00e9 pon\u00fakaj\u00fa vynikaj\u00facu odolnos\u0165 vo\u010di opotrebovaniu a kor\u00f3zii, v\u010faka \u010domu s\u00fa vhodn\u00e9 na dlhodob\u00e9 pou\u017e\u00edvanie v n\u00e1ro\u010dn\u00fdch podmienkach.<\/p>\n<\/li>\n<li>\n<h3>Multifunk\u010dn\u00e1 prisp\u00f4sobivos\u0165<\/h3>\n<p>Tieto valce sa daj\u00fa \u0161iroko pou\u017e\u00edva\u0165 v r\u00f4znych strojn\u00fdch zariadeniach, ako s\u00fa bagre, \u017eeriavy a robotick\u00e9 ramen\u00e1, a prisp\u00f4sobuj\u00fa sa r\u00f4znym pracovn\u00fdm po\u017eiadavk\u00e1m.<\/p>\n<\/li>\n<li>\n<h3>Jednoduch\u00e1 \u00fadr\u017eba<\/h3>\n<p>V\u010faka jednoduchej \u00fadr\u017ebe a v\u00fdmene s\u00fa pravideln\u00e9 kontroly a servis pohodlnej\u0161ie, \u010d\u00edm sa skracuj\u00fa prestoje zariadenia.<\/p>\n<\/li>\n<\/ul>\n<p><img decoding=\"async\" src=\"https:\/\/www.hydraulic-cylinders.net\/wp-content\/uploads\/2025\/01\/songte-oil-pipes-and-spare-parts.webp\" alt=\"Obr\u00e1zok n\u00e1hradn\u00e9ho produktu\"><\/p>\n<h2>Aplik\u00e1cie<\/h2>\n<p>Rameno s valcom nach\u00e1dza uplatnenie v r\u00f4znych odvetviach:<\/p>\n<ul>\n<li>\n<h3>Stavebn\u00e9 in\u017einierstvo<\/h3>\n<p>V r\u00fdpadl\u00e1ch a \u017eeriavoch ovl\u00e1da valec ramena pohyb vedier alebo v\u00fdlo\u017en\u00edkov pri zemn\u00fdch pr\u00e1cach, manipul\u00e1cii s materi\u00e1lom a mont\u00e1\u017ei kon\u0161trukci\u00ed.<\/p>\n<\/li>\n<li>\n<h3>V\u00fdroba<\/h3>\n<p>V automatizovan\u00fdch v\u00fdrobn\u00fdch link\u00e1ch u\u013eah\u010duje valec ramena pohyb robotick\u00fdch ramien pri mont\u00e1\u017enych, zv\u00e1rac\u00edch a manipula\u010dn\u00fdch procesoch, \u010d\u00edm sa zlep\u0161uje efektivita a presnos\u0165 v\u00fdroby.<\/p>\n<\/li>\n<li>\n<h3>Po\u013enohospod\u00e1rske stroje<\/h3>\n<p>V po\u013enohospod\u00e1rskych strojoch, ako s\u00fa zbera\u010de a seja\u010dky, riadi valec ramena pohyb pracovn\u00fdch ramien a vykon\u00e1va \u00falohy ako siatie, hnojenie a zber \u00farody.<\/p>\n<\/li>\n<li>\n<h3>\u0164a\u017eba<\/h3>\n<p>V bansk\u00fdch zariadeniach riadi valec ramena pohyb ramena bansk\u00fdch strojov, \u010do umo\u017e\u0148uje \u0165a\u017ebu a prepravu rudy.<\/p>\n<\/li>\n<li>\n<h3>Logistika a doprava<\/h3>\n<p>Vo vysokozdvi\u017en\u00fdch voz\u00edkoch a manipula\u010dn\u00fdch robotoch riadi valec ramena zdv\u00edhanie a pohyb vidl\u00edc, \u010do u\u013eah\u010duje manipul\u00e1ciu s materi\u00e1lom a stohovanie.<\/p>\n<\/li>\n<\/ul>\n<h2>\u00davahy o dizajne a krit\u00e9ri\u00e1 v\u00fdberu<\/h2>\n<p>Pri navrhovan\u00ed a v\u00fdbere valcov ramena je potrebn\u00e9 zoh\u013eadni\u0165 r\u00f4zne faktory:<\/p>\n<ul>\n<li>\n<h3>Nosnos\u0165<\/h3>\n<p>Valec ramena by mal by\u0165 schopn\u00fd odola\u0165 o\u010dak\u00e1van\u00e9mu za\u0165a\u017eeniu po\u010das prev\u00e1dzky, aby sa zabezpe\u010dil bezpe\u010dn\u00fd a efekt\u00edvny v\u00fdkon.<\/p>\n<\/li>\n<li>\n<h3>Tesnenie<\/h3>\n<p>Pou\u017eitie r\u00f4znych tesniacich prvkov, ako s\u00fa tesnenia piestov a tesnenia ty\u010d\u00ed, vyroben\u00fdch z materi\u00e1lov odoln\u00fdch vo\u010di opotrebovaniu, ako je polyuret\u00e1n a nitrilov\u00fd kau\u010duk, na udr\u017eanie spr\u00e1vneho utesnenia a zabr\u00e1nenie \u00faniku kvapaliny.<\/p>\n<\/li>\n<li>\n<h3>Trvanlivos\u0165<\/h3>\n<p>Kon\u0161trukcia telesa valca a z\u00e1vitov\u00fdch koncov by mala by\u0165 podroben\u00e1 presn\u00e9mu opracovaniu, aby sa zv\u00fd\u0161ila odolnos\u0165 proti opotrebovaniu a pred\u013a\u017eila \u017eivotnos\u0165 valca.<\/p>\n<\/li>\n<li>\n<h3>Bezpe\u010dnos\u0165<\/h3>\n<p>Zabezpe\u010denie vhodn\u00fdch bezpe\u010dnostn\u00fdch opatren\u00ed, ako je ochrana proti pre\u0165a\u017eeniu a poistn\u00e9 ventily, aby sa predi\u0161lo poruch\u00e1m a nehod\u00e1m syst\u00e9mu.<\/p>\n<\/li>\n<li>\n<h3>Udr\u017eiavate\u013enos\u0165<\/h3>\n<p>Pravideln\u00e9 mazanie hydraulick\u00fdm olejom a pravideln\u00e9 kontroly s\u00fa nevyhnutn\u00e9 na udr\u017eanie optim\u00e1lneho v\u00fdkonu a pred\u013a\u017eenie \u017eivotnosti valca ramena.<\/p>\n<\/li>\n<\/ul>\n<p><img decoding=\"async\" src=\"https:\/\/www.hydraulic-cylinders.net\/wp-content\/uploads\/2025\/01\/songte-cylinder-head-with-all-kinds-excavator-models.webp\" alt=\"Obr\u00e1zok dizajnu produktu\"><\/p>\n<h2>Tesnenie a mazanie<\/h2>\n<p>Valec ramena obsahuje r\u00f4zne tesniace komponenty, ako s\u00fa tesnenia piestov a tesnenia ty\u010d\u00ed, ktor\u00e9 s\u00fa vyroben\u00e9 z materi\u00e1lov odoln\u00fdch vo\u010di opotrebovaniu, ako je polyuret\u00e1n a nitrilov\u00fd kau\u010duk. Teleso valca a z\u00e1vitov\u00e9 konce prech\u00e1dzaj\u00fa presn\u00fdm spracovan\u00edm na zlep\u0161enie odolnosti vo\u010di opotrebovaniu. Pravideln\u00e9 mazanie vhodn\u00fdm mno\u017estvom hydraulick\u00e9ho oleja zais\u0165uje spr\u00e1vne mazanie a plynul\u00fd chod.<\/p>\n<h2>Pravideln\u00e1 kontrola a prevent\u00edvna \u00fadr\u017eba<\/h2>\n<p>Pravideln\u00e9 kontroly a prevent\u00edvna \u00fadr\u017eba s\u00fa nevyhnutn\u00e9 pre zabezpe\u010denie dlhodob\u00e9ho v\u00fdkonu a spo\u013eahlivosti valca ramena. Medzi k\u013e\u00fa\u010dov\u00e9 opatrenia patria:<\/p>\n<ul>\n<li>\n<h3>Kontrola netesnost\u00ed alebo po\u0161kodenia<\/h3>\n<p>Kontrola pr\u00edpadn\u00fdch netesnost\u00ed alebo po\u0161kodenia telesa valca, tesnen\u00ed a spojov.<\/p>\n<\/li>\n<li>\n<h3>Kontrola hydraulick\u00fdch had\u00edc<\/h3>\n<p>Kontrola hydraulick\u00fdch had\u00edc, \u010di nie s\u00fa opotrebovan\u00e9, prasknut\u00e9 alebo maj\u00fa in\u00e9 probl\u00e9my, ktor\u00e9 m\u00f4\u017eu ovplyvni\u0165 v\u00fdkon.<\/p>\n<\/li>\n<li>\n<h3>\u00dadr\u017eba mazania<\/h3>\n<p>Pravidelne mazte valec ramena odpor\u00fa\u010dan\u00fdm hydraulick\u00fdm olejom, aby ste zabezpe\u010dili hladk\u00fd chod.<\/p>\n<\/li>\n<\/ul>\n<h2>Pokyny na in\u0161tal\u00e1ciu produktu<\/h2>\n<p>Spr\u00e1vna in\u0161tal\u00e1cia valca ramena je k\u013e\u00fa\u010dov\u00e1 pre optim\u00e1lny v\u00fdkon. Dodr\u017eujte tieto pokyny:<\/p>\n<ul>\n<li>\n<h3>Pripravte si miesto na mont\u00e1\u017e<\/h3>\n<p>Vy\u010distite a skontrolujte mont\u00e1\u017enu plochu, aby ste sa uistili, \u017ee je bez ne\u010dist\u00f4t a vhodn\u00e1 na in\u0161tal\u00e1ciu.<\/p>\n<\/li>\n<li>\n<h3>Zarovnajte valec<\/h3>\n<p>Zarovnajte valec ramena s mont\u00e1\u017enou konzolou alebo spojovac\u00edmi bodmi a zabezpe\u010dte spr\u00e1vne ulo\u017eenie a zarovnanie.<\/p>\n<\/li>\n<li>\n<h3>Zaistite valec<\/h3>\n<p>Valec pevne upevnite vhodn\u00fdmi skrutkami a upev\u0148ovac\u00edmi prvkami pod\u013ea pokynov v\u00fdrobcu.<\/p>\n<\/li>\n<\/ul>\n<p><img decoding=\"async\" src=\"https:\/\/www.hydraulic-cylinders.net\/wp-content\/uploads\/2025\/01\/songte-bushings-with-all-kinds-of-excavator-models.webp\" alt=\"Obr\u00e1zok in\u0161tala\u010dnej pr\u00edru\u010dky\"><\/p>\n<h2>Bezpe\u010dnostn\u00e9 aspekty a faktory prostredia<\/h2>\n<p>Pri pou\u017e\u00edvan\u00ed hydraulick\u00fdch valcov ramena je nevyhnutn\u00e9 uprednostni\u0165 bezpe\u010dnostn\u00e9 opatrenia, aby sa predi\u0161lo nehod\u00e1m a zabezpe\u010dila sa pohoda obsluhy. Pre bezpe\u010dn\u00fa prev\u00e1dzku je nevyhnutn\u00e9 implementova\u0165 spr\u00e1vne bezpe\u010dnostn\u00e9 opatrenia, ako je \u0161kolenie obsluhy a pou\u017e\u00edvanie bezpe\u010dnostn\u00fdch zariaden\u00ed. Okrem toho, zoh\u013eadnenie environment\u00e1lnych faktorov, ako je spr\u00e1vna likvid\u00e1cia hydraulick\u00fdch kvapal\u00edn a dodr\u017eiavanie environment\u00e1lnych predpisov, pom\u00e1ha minimalizova\u0165 vplyv na \u017eivotn\u00e9 prostredie.<\/p>\n<h2>Rie\u0161enie probl\u00e9mov a be\u017en\u00e9 probl\u00e9my<\/h2>\n<p>Tu je nieko\u013eko be\u017en\u00fdch tipov na rie\u0161enie probl\u00e9mov s valcami ramena:<\/p>\n<ul>\n<li>\n<h3>\u00danik<\/h3>\n<p>Ak d\u00f4jde k \u00faniku kvapaliny, skontrolujte tesnenia a spoje, \u010di nie s\u00fa po\u0161koden\u00e9 alebo opotrebovan\u00e9, a v pr\u00edpade potreby ich vyme\u0148te.<\/p>\n<\/li>\n<li>\n<h3>Nepravideln\u00fd pohyb<\/h3>\n<p>Ak sa valec ramena pohybuje nepravidelne alebo trhavo, skontrolujte, \u010di v hydraulickom syst\u00e9me nie s\u00fa upchatia alebo ne\u010distoty, a pod\u013ea potreby ho vy\u010distite alebo prepl\u00e1chnite.<\/p>\n<\/li>\n<li>\n<h3>Strata energie<\/h3>\n<p>Ak valec ramena nem\u00e1 dostatok v\u00fdkonu, skontrolujte hydraulick\u00e9 \u010derpadlo a \u010fal\u0161ie komponenty, \u010di nevykazuj\u00fa potenci\u00e1lne probl\u00e9my, ako s\u00fa n\u00edzke hladiny kvapaliny alebo mechanick\u00e9 poruchy.<\/p>\n<\/li>\n<\/ul>\n<p>Dodr\u017eiavan\u00edm t\u00fdchto tipov na rie\u0161enie probl\u00e9mov a implement\u00e1ciou prevent\u00edvnych opatren\u00ed m\u00f4\u017eu \u010ditatelia efekt\u00edvne diagnostikova\u0165 a rie\u0161i\u0165 probl\u00e9my a z\u00e1rove\u0148 minimalizova\u0165 potenci\u00e1lne probl\u00e9my.<\/p>\n<p><img decoding=\"async\" src=\"https:\/\/www.hydraulic-cylinders.net\/wp-content\/uploads\/2025\/01\/songte-chushion-collar.webp\" alt=\"Obr\u00e1zok rie\u0161enia probl\u00e9mov\"><\/p>\n<p>Autor: lyl<\/<\/p>","protected":false},"excerpt":{"rendered":"<p>Arm Cylinder For Hyundai Middle Excavator R200LC Product Definition An arm cylinder is a specially designed hydraulic cylinder that provides linear motion and power for the arm of various machinery, such as excavators, cranes, and robotic arms. The arm cylinder plays a crucial role in hydraulic systems, allowing for efficient movement and control of additional [&hellip;]<\/p>","protected":false},"featured_media":14783,"comment_status":"open","ping_status":"closed","template":"","meta":{"_et_pb_use_builder":"","_et_pb_old_content":"","_et_gb_content_width":""},"product_brand":[],"product_cat":[1497],"product_tag":[1498,1496],"class_list":{"0":"post-16246","1":"product","2":"type-product","3":"status-publish","4":"has-post-thumbnail","6":"product_cat-arm-cylinders","7":"product_tag-arm-cylinders","8":"product_tag-hydraulic-cylinders","10":"first","11":"instock","12":"shipping-taxable","13":"product-type-simple"},"amp_enabled":true,"_links":{"self":[{"href":"https:\/\/www.hydraulic-cylinders.net\/sk\/wp-json\/wp\/v2\/product\/16246","targetHints":{"allow":["GET"]}}],"collection":[{"href":"https:\/\/www.hydraulic-cylinders.net\/sk\/wp-json\/wp\/v2\/product"}],"about":[{"href":"https:\/\/www.hydraulic-cylinders.net\/sk\/wp-json\/wp\/v2\/types\/product"}],"replies":[{"embeddable":true,"href":"https:\/\/www.hydraulic-cylinders.net\/sk\/wp-json\/wp\/v2\/comments?post=16246"}],"wp:featuredmedia":[{"embeddable":true,"href":"https:\/\/www.hydraulic-cylinders.net\/sk\/wp-json\/wp\/v2\/media\/14783"}],"wp:attachment":[{"href":"https:\/\/www.hydraulic-cylinders.net\/sk\/wp-json\/wp\/v2\/media?parent=16246"}],"wp:term":[{"taxonomy":"product_brand","embeddable":true,"href":"https:\/\/www.hydraulic-cylinders.net\/sk\/wp-json\/wp\/v2\/product_brand?post=16246"},{"taxonomy":"product_cat","embeddable":true,"href":"https:\/\/www.hydraulic-cylinders.net\/sk\/wp-json\/wp\/v2\/product_cat?post=16246"},{"taxonomy":"product_tag","embeddable":true,"href":"https:\/\/www.hydraulic-cylinders.net\/sk\/wp-json\/wp\/v2\/product_tag?post=16246"}],"curies":[{"name":"pracovn\u00fd list","href":"https:\/\/api.w.org\/{rel}","templated":true}]}}