{"id":16267,"date":"2025-01-20T09:00:55","date_gmt":"2025-01-20T09:00:55","guid":{"rendered":"https:\/\/www.hydraulic-cylinders.net\/product\/arm-cylinderfor-kobelco-small-excavator-sk115\/"},"modified":"2025-01-20T09:00:57","modified_gmt":"2025-01-20T09:00:57","slug":"arm-cylinderfor-kobelco-small-excavator-sk115","status":"publish","type":"product","link":"https:\/\/www.hydraulic-cylinders.net\/sk\/produkt\/arm-cylinderfor-kobelco-small-excavator-sk115\/","title":{"rendered":"Valec ramena pre mal\u00e9 r\u00fdpadlo Kobelco SK115"},"content":{"rendered":"<p>Valec ramena pre mal\u00e9 r\u00fdpadlo Kobelco SK115<\/p>\n<p>Hydraulick\u00fd valec ramena je \u0161pecializovan\u00fd hydraulick\u00fd valec ur\u010den\u00fd na zabezpe\u010denie line\u00e1rneho pohybu a v\u00fdkonu ramena r\u00f4znych typov strojov, ako s\u00fa r\u00fdpadl\u00e1, \u017eeriavy a mechanick\u00e9 ramen\u00e1. Valec ramena zohr\u00e1va d\u00f4le\u017eit\u00fa \u00falohu v hydraulickom syst\u00e9me, preto\u017ee umo\u017e\u0148uje efekt\u00edvny pohyb a ovl\u00e1danie pr\u00edslu\u0161enstva alebo pr\u00edslu\u0161enstva. Tieto valce nielen dosahuj\u00fa plynul\u00fd pohyb, ale odol\u00e1vaj\u00fa aj \u0165a\u017ek\u00fdm za\u0165a\u017eeniam, \u010d\u00edm zabezpe\u010duj\u00fa efekt\u00edvnu prev\u00e1dzku a spo\u013eahlivos\u0165 stroja za r\u00f4znych prev\u00e1dzkov\u00fdch podmienok.<\/p>\n<p>Vlastnosti:<\/p>\n<p>1. Vysoko \u00fa\u010dinn\u00fd prevod: Valec ramena dok\u00e1\u017ee poskytn\u00fa\u0165 siln\u00fd line\u00e1rny pohyb a silu, \u010d\u00edm zabezpe\u010duje vysok\u00fd v\u00fdkon mechanick\u00e9ho ramena pri r\u00f4znych oper\u00e1ci\u00e1ch.<br \/>\n2. Presn\u00e9 ovl\u00e1danie: Prostredn\u00edctvom hydraulick\u00e9ho syst\u00e9mu dok\u00e1\u017ee valec ramena dosiahnu\u0165 presn\u00e9 ovl\u00e1danie pohybu, \u010d\u00edm sa ovl\u00e1danie pr\u00edslu\u0161enstva st\u00e1va flexibilnej\u0161\u00edm a presnej\u0161\u00edm.<br \/>\n3. Vysok\u00e1 odolnos\u0165: Valce ramien s\u00fa zvy\u010dajne vyroben\u00e9 z vysoko pevn\u00fdch materi\u00e1lov s dobrou odolnos\u0165ou proti opotrebovaniu a kor\u00f3zii, vhodn\u00e9 na dlhodob\u00e9 pou\u017e\u00edvanie v n\u00e1ro\u010dn\u00fdch podmienkach.<br \/>\n4. Multifunk\u010dn\u00e1 prisp\u00f4sobivos\u0165: Tieto valce sa daj\u00fa \u0161iroko pou\u017e\u00edva\u0165 v r\u00f4znych typoch strojov, ako s\u00fa bagre, \u017eeriavy a mechanick\u00e9 ramen\u00e1, a prisp\u00f4sobuj\u00fa sa r\u00f4znym pracovn\u00fdm po\u017eiadavk\u00e1m.<br \/>\n5. Jednoduch\u00e1 \u00fadr\u017eba: Kon\u0161trukcia zoh\u013ead\u0148uje jednoduch\u00fa \u00fadr\u017ebu a v\u00fdmenu, v\u010faka \u010domu s\u00fa pravideln\u00e9 kontroly a \u00fadr\u017eba pohodlnej\u0161ie a skracuj\u00fa sa prestoje zariaden\u00ed.<\/p>\n<p>N\u00e1\u0161 produkt dok\u00e1\u017ee dokonale nahradi\u0165 tieto hydraulick\u00e9 valce.<\/p>\n<p>Aplik\u00e1cie:<\/p>\n<p>1. Stavebn\u00e9 in\u017einierstvo: V bagroch a \u017eeriavoch sa valce ramien pou\u017e\u00edvaj\u00fa na ovl\u00e1danie pohybu vedier alebo v\u00fdlo\u017en\u00edkov pri zemn\u00fdch pr\u00e1cach, manipul\u00e1cii s materi\u00e1lom a mont\u00e1\u017ei kon\u0161trukci\u00ed.<br \/>\n2. V\u00fdrobn\u00fd priemysel: V automatizovan\u00fdch v\u00fdrobn\u00fdch link\u00e1ch sa valce ramien pou\u017e\u00edvaj\u00fa na pohyb mechanick\u00fdch ramien, mont\u00e1\u017e, zv\u00e1ranie a manipul\u00e1ciu, \u010d\u00edm sa zlep\u0161uje efektivita a presnos\u0165 v\u00fdroby.<br \/>\n3. Po\u013enohospod\u00e1rske stroje: V po\u013enohospod\u00e1rskych strojoch, ako s\u00fa zbera\u010de a seja\u010dky, riadia valce ramena pohyb ovl\u00e1dacieho ramena a vykon\u00e1vaj\u00fa \u00falohy, ako je sadenie, hnojenie a zber \u00farody.<br \/>\n4. \u0164a\u017eba: V bansk\u00fdch zariadeniach sa valce ramien pou\u017e\u00edvaj\u00fa na ovl\u00e1danie pohybu ramien bansk\u00fdch zariaden\u00ed, \u0165a\u017ebu a manipul\u00e1ciu s rudami.<br \/>\n5. Logistika a doprava: Vo vysokozdvi\u017en\u00fdch voz\u00edkoch a manipula\u010dn\u00fdch robotoch sa valce ramien pou\u017e\u00edvaj\u00fa na ovl\u00e1danie zdv\u00edhania a pohybu vidl\u00edc, \u010d\u00edm sa dosahuje manipul\u00e1cia s materi\u00e1lom a stohovanie.<\/p>\n<p>Zoh\u013eadnenie dizajnu a \u0161tandardy v\u00fdberu:<\/p>\n<p>1. Nosnos\u0165: Valce ramien by mali ma\u0165 vhodn\u00fa nosnos\u0165, aby sp\u013a\u0148ali po\u017eiadavky r\u00f4znych strojov\u00fdch oper\u00e1ci\u00ed.<br \/>\n2. Tesnenie: Na zabezpe\u010denie tesniaceho v\u00fdkonu valca by sa mali pou\u017ei\u0165 r\u00f4zne tesniace prvky, ako s\u00fa tesnenia piestov a tesnenia ty\u010d\u00ed. Tesniace prvky by mali by\u0165 vyroben\u00e9 z materi\u00e1lov odoln\u00fdch vo\u010di opotrebovaniu, ako je polyuret\u00e1n a nitrilov\u00fd kau\u010duk.<br \/>\n3. Trvanlivos\u0165: Teleso valca a z\u00e1vitov\u00fd koniec by mali by\u0165 jemne opracovan\u00e9, aby sa zlep\u0161ila odolnos\u0165 vo\u010di opotrebovaniu.<br \/>\n4. Bezpe\u010dnos\u0165: Valce ramien by mali by\u0165 vybaven\u00e9 spo\u013eahliv\u00fdmi bezpe\u010dnostn\u00fdmi zariadeniami, aby sa predi\u0161lo nehod\u00e1m sp\u00f4soben\u00fdm poruchou valca.<br \/>\n5. \u00dadr\u017eba: N\u00e1vrhy by mali zoh\u013ead\u0148ova\u0165 jednoduch\u00fa \u00fadr\u017ebu a v\u00fdmenu, aby sa predi\u0161lo nadmern\u00fdm prestojom zariaden\u00ed.<\/p>\n<p>Tesnenie a mazanie:<\/p>\n<p>Valce ramena pou\u017e\u00edvaj\u00fa r\u00f4zne tesniace prvky na dosiahnutie dobr\u00e9ho tesniaceho v\u00fdkonu. Tesniace prvky by mali by\u0165 vyroben\u00e9 z materi\u00e1lov odoln\u00fdch vo\u010di opotrebovaniu, ako je polyuret\u00e1n a nitrilov\u00fd kau\u010duk. Teleso valca a z\u00e1vitov\u00fd koniec by mali by\u0165 jemne opracovan\u00e9, aby sa zlep\u0161ila odolnos\u0165 vo\u010di opotrebovaniu. Na mazanie je potrebn\u00e9 pravidelne dop\u013a\u0148a\u0165 vhodn\u00fd hydraulick\u00fd olej.<\/p>\n<p>Prevent\u00edvna \u00fadr\u017eba:<\/p>\n<p>1. Mali by sa vykon\u00e1va\u0165 pravideln\u00e9 kontroly f\u013ea\u0161e a v\u0161etk\u00fdch komponentov.<br \/>\n2. Pravidelne kontrolujte hladinu hydraulick\u00e9ho oleja a pod\u013ea potreby vyme\u0148te olej a filter.<br \/>\n3. Pravidelne kontrolujte tesniace prvky a v pr\u00edpade potreby ich vyme\u0148te.<br \/>\n4. Pravidelne \u010distite valec a ostatn\u00e9 komponenty, aby ste predi\u0161li kontamin\u00e1cii.<\/p>\n<p>Sprievodca in\u0161tal\u00e1ciou:<\/p>\n<p>1. Pred in\u0161tal\u00e1ciou skontrolujte kompatibilitu valca a stroja.<br \/>\n2. Pred in\u0161tal\u00e1ciou starostlivo vy\u010distite a skontrolujte v\u0161etky komponenty.<br \/>\n3. Nain\u0161talujte valec pod\u013ea pokynov v\u00fdrobcu.<br \/>\n4. Skontrolujte in\u0161tal\u00e1ciu valca, aby ste sa uistili, \u017ee je bezpe\u010dne upevnen\u00fd a v spr\u00e1vnej polohe.<br \/>\n5. Napl\u0148te valec vhodn\u00fdm hydraulick\u00fdm olejom.<\/p>\n<p>Bezpe\u010dnostn\u00e9 aspekty:<\/p>\n<p>Pri obsluhe strojov, ktor\u00e9 pou\u017e\u00edvaj\u00fa ramenn\u00e9 valce, je nevyhnutn\u00e9 dodr\u017eiava\u0165 vhodn\u00e9 bezpe\u010dnostn\u00e9 opatrenia, aby sa predi\u0161lo nehod\u00e1m. Mali by sa prija\u0165 bezpe\u010dnostn\u00e9 opatrenia, ako je nosenie vhodn\u00e9ho ochrann\u00e9ho odevu, pou\u017e\u00edvanie spo\u013eahliv\u00fdch bezpe\u010dnostn\u00fdch zariaden\u00ed a dodr\u017eiavanie pokynov v\u00fdrobcu.<\/p>\n<p>Diagnostika por\u00fach a be\u017en\u00e9 probl\u00e9my:<\/p>\n<p>1. \u00danik hydraulick\u00e9ho oleja z valca: Skontrolujte tesniace prvky a v pr\u00edpade potreby ich vyme\u0148te.<br \/>\n2. Nedostato\u010dn\u00fd v\u00fdkon valca: Skontrolujte hydraulick\u00fd syst\u00e9m a uistite sa, \u017ee tlak v syst\u00e9me je v pr\u00edslu\u0161nom rozsahu.<br \/>\n3. Abnorm\u00e1lny hluk a vibr\u00e1cie po\u010das prev\u00e1dzky valca: Skontrolujte upevnenie a pripojenie valca a ostatn\u00fdch komponentov, aby ste sa uistili, \u017ee s\u00fa bezpe\u010dn\u00e9 a v spr\u00e1vnej polohe.<\/p>\n<p>Tipy a rie\u0161enia probl\u00e9mov:<\/p>\n<p>1. Vyme\u0148te po\u0161koden\u00e9 alebo opotrebovan\u00e9 tesniace prvky.<br \/>\n2. Skontrolujte a upravte tlak hydraulick\u00e9ho syst\u00e9mu.<br \/>\n3. Skontrolujte a premiestnite valec a ostatn\u00e9 komponenty, aby ste predi\u0161li nespr\u00e1vnemu zarovnaniu alebo nespr\u00e1vnej in\u0161tal\u00e1cii.<br \/>\n4. Pravideln\u00e1 prevent\u00edvna \u00fadr\u017eba pom\u00f4\u017ee v\u010das odhali\u0165 probl\u00e9my a pred\u00eds\u0165 \u010fal\u0161\u00edm \u0161kod\u00e1m.<\/p>\n<p>O n\u00e1s:<\/p>\n<p>Sme profesion\u00e1lny v\u00fdrobca n\u00e1hradn\u00fdch hydraulick\u00fdch valcov s rozmanit\u00fdm sortimentom produktov a stali sme sa jedn\u00fdm z popredn\u00fdch v\u00fdrobcov a ve\u013ekoobchodn\u00fdch distrib\u00fatorov hydraulick\u00fdch valcov doma aj v zahrani\u010d\u00ed. V\u017edy dodr\u017eiavame z\u00e1sadu vynikaj\u00facej kvality, spoliehame sa na strat\u00e9giu riadenia industrializ\u00e1cie v\u00fdroby v dielni presnej v\u00fdroby a neust\u00e1le zlep\u0161ujeme na\u0161u technologick\u00fa \u00farove\u0148 a efektivitu v\u00fdroby. Zav\u00e1dzan\u00edm \u0161pi\u010dkov\u00fdch digit\u00e1lnych v\u00fdrobn\u00fdch zariaden\u00ed a profesion\u00e1lnych testovac\u00edch syst\u00e9mov neust\u00e1le optimalizujeme v\u00fdrobn\u00fa platformu, zlep\u0161ujeme postupy kontroly kvality v\u00fdrobkov a m\u00e1me siln\u00e9 inova\u010dn\u00e9 schopnosti. Na\u0161\u00edm cie\u013eom je uspokoji\u0165 rozmanit\u00e9 potreby z\u00e1kazn\u00edkov s vysokou efektivitou, presnos\u0165ou a princ\u00edpmi vysokej kvality.<\/p>\n<p>Sme certifikovan\u00e1 spolo\u010dnos\u0165, ktor\u00e1 poskytuje slu\u017eby na mieru, m\u00e1 modern\u00e9 v\u00fdrobn\u00e9 zariadenia a poskytuje vynikaj\u00faci popredajn\u00fd servis.<\/p>\n<p>Autor: lyl<\/p>","protected":false},"excerpt":{"rendered":"<p>Arm Cylinder for Kobelco Small Excavator SK115 Arm cylinder is a specialized hydraulic cylinder designed to provide linear motion and power to the arm of various types of machinery, such as excavators, cranes, and mechanical arms. The arm cylinder plays a vital role in the hydraulic system, enabling attachments or accessories to move and control [&hellip;]<\/p>","protected":false},"featured_media":14779,"comment_status":"open","ping_status":"closed","template":"","meta":{"_et_pb_use_builder":"","_et_pb_old_content":"","_et_gb_content_width":""},"product_brand":[],"product_cat":[1497],"product_tag":[1498,1496],"class_list":{"0":"post-16267","1":"product","2":"type-product","3":"status-publish","4":"has-post-thumbnail","6":"product_cat-arm-cylinders","7":"product_tag-arm-cylinders","8":"product_tag-hydraulic-cylinders","10":"first","11":"instock","12":"shipping-taxable","13":"product-type-simple"},"amp_enabled":true,"_links":{"self":[{"href":"https:\/\/www.hydraulic-cylinders.net\/sk\/wp-json\/wp\/v2\/product\/16267","targetHints":{"allow":["GET"]}}],"collection":[{"href":"https:\/\/www.hydraulic-cylinders.net\/sk\/wp-json\/wp\/v2\/product"}],"about":[{"href":"https:\/\/www.hydraulic-cylinders.net\/sk\/wp-json\/wp\/v2\/types\/product"}],"replies":[{"embeddable":true,"href":"https:\/\/www.hydraulic-cylinders.net\/sk\/wp-json\/wp\/v2\/comments?post=16267"}],"wp:featuredmedia":[{"embeddable":true,"href":"https:\/\/www.hydraulic-cylinders.net\/sk\/wp-json\/wp\/v2\/media\/14779"}],"wp:attachment":[{"href":"https:\/\/www.hydraulic-cylinders.net\/sk\/wp-json\/wp\/v2\/media?parent=16267"}],"wp:term":[{"taxonomy":"product_brand","embeddable":true,"href":"https:\/\/www.hydraulic-cylinders.net\/sk\/wp-json\/wp\/v2\/product_brand?post=16267"},{"taxonomy":"product_cat","embeddable":true,"href":"https:\/\/www.hydraulic-cylinders.net\/sk\/wp-json\/wp\/v2\/product_cat?post=16267"},{"taxonomy":"product_tag","embeddable":true,"href":"https:\/\/www.hydraulic-cylinders.net\/sk\/wp-json\/wp\/v2\/product_tag?post=16267"}],"curies":[{"name":"pracovn\u00fd list","href":"https:\/\/api.w.org\/{rel}","templated":true}]}}