{"id":16279,"date":"2025-01-20T09:01:56","date_gmt":"2025-01-20T09:01:56","guid":{"rendered":"https:\/\/www.hydraulic-cylinders.net\/product\/arm-cylinderfor-kobelco-small-excavator-sk130-130-8\/"},"modified":"2025-01-20T09:01:58","modified_gmt":"2025-01-20T09:01:58","slug":"arm-cylinderfor-kobelco-small-excavator-sk130-130-8","status":"publish","type":"product","link":"https:\/\/www.hydraulic-cylinders.net\/sk\/produkt\/arm-cylinderfor-kobelco-small-excavator-sk130-130-8\/","title":{"rendered":"Valec ramena pre mal\u00e9 r\u00fdpadlo Kobelco SK130\/130-8"},"content":{"rendered":"<p>Valec ramena pre mal\u00e9 r\u00fdpadlo Kobelco SK130\/130-8<\/p>\n<p>Hydraulick\u00fd valec ramena je \u0161peci\u00e1lne navrhnut\u00fd hydraulick\u00fd valec, ktor\u00fd sa pou\u017e\u00edva hlavne na zabezpe\u010denie line\u00e1rneho pohybu a v\u00fdkonu pre r\u00f4zne typy mechanick\u00fdch ramien, ako s\u00fa bagre, \u017eeriavy a robotick\u00e9 ramen\u00e1. Valec ramena hr\u00e1 k\u013e\u00fa\u010dov\u00fa \u00falohu v hydraulickom syst\u00e9me, preto\u017ee umo\u017e\u0148uje efekt\u00edvny pohyb a ovl\u00e1danie pripojen\u00e9ho n\u00e1radia alebo pr\u00edslu\u0161enstva. Tieto valce nielen dosahuj\u00fa plynul\u00fd pohyb, ale tie\u017e odol\u00e1vaj\u00fa \u0165a\u017ek\u00fdm za\u0165a\u017eeniam, \u010d\u00edm zabezpe\u010duj\u00fa vysok\u00fa prev\u00e1dzkov\u00fa \u00fa\u010dinnos\u0165 a spo\u013eahlivos\u0165 strojov za r\u00f4znych prev\u00e1dzkov\u00fdch podmienok.<\/p>\n<p><img decoding=\"async\" src=\"https:\/\/www.hydraulic-cylinders.net\/wp-content\/uploads\/2025\/01\/songte-company-2.webp\" alt=\"Obr\u00e1zok valca ramena\" \/><\/p>\n<p>Vlastnosti:<\/p>\n<p>\u2013 Vysoko\u00fa\u010dinn\u00fd prenos v\u00fdkonu: Valec ramena dok\u00e1\u017ee zabezpe\u010di\u0165 siln\u00fd line\u00e1rny pohyb a silu, \u010d\u00edm sa zabezpe\u010d\u00ed vysok\u00e1 prev\u00e1dzkov\u00e1 \u00fa\u010dinnos\u0165 mechanick\u00e9ho ramena pri r\u00f4znych oper\u00e1ci\u00e1ch.<br \/>\n\u2013 Presn\u00e9 ovl\u00e1danie: Prostredn\u00edctvom hydraulick\u00e9ho syst\u00e9mu dok\u00e1\u017ee valec ramena dosiahnu\u0165 presn\u00e9 ovl\u00e1danie pohybu, v\u010faka \u010domu je ovl\u00e1danie pripojen\u00e9ho n\u00e1radia flexibilnej\u0161ie a presnej\u0161ie.<br \/>\n\u2013 Vysok\u00e1 odolnos\u0165: Valce ramien s\u00fa zvy\u010dajne vyroben\u00e9 z vysoko pevn\u00fdch materi\u00e1lov a maj\u00fa dobr\u00fa odolnos\u0165 vo\u010di opotrebovaniu a kor\u00f3zii, v\u010faka \u010domu s\u00fa vhodn\u00e9 na dlhodob\u00e9 pou\u017e\u00edvanie v n\u00e1ro\u010dn\u00fdch podmienkach.<br \/>\n\u2013 V\u0161estrannos\u0165: Tieto valce sa daj\u00fa \u0161iroko pou\u017e\u00edva\u0165 v r\u00f4znych typoch strojn\u00fdch zariaden\u00ed, ako s\u00fa bagre, \u017eeriavy a robotick\u00e9 ramen\u00e1, a prisp\u00f4sobuj\u00fa sa r\u00f4znym pracovn\u00fdm po\u017eiadavk\u00e1m.<br \/>\n\u2013 Jednoduch\u00e1 \u00fadr\u017eba: Valce ramien s\u00fa navrhnut\u00e9 tak, aby sa dali \u013eahko udr\u017eiava\u0165 a vymie\u0148a\u0165, \u010do u\u013eah\u010duje pravideln\u00fa kontrolu a \u00fadr\u017ebu a skracuje prestoje zariadenia.<\/p>\n<p><img decoding=\"async\" src=\"https:\/\/www.hydraulic-cylinders.net\/wp-content\/uploads\/2025\/01\/songte-oil-pipes-and-spare-parts.webp\" alt=\"Obr\u00e1zok n\u00e1hradn\u00fdch dielov valca ramena\" \/><\/p>\n<p>Aplik\u00e1cie:<\/p>\n<p>\u2013 Stavebn\u00e9 in\u017einierstvo: V bagroch a \u017eeriavoch sa valce ramena pou\u017e\u00edvaj\u00fa na ovl\u00e1danie pohybu lopaty alebo v\u00fdlo\u017en\u00edka, vykon\u00e1vanie zemn\u00fdch pr\u00e1c, manipul\u00e1ciu s materi\u00e1lom a mont\u00e1\u017e kon\u0161trukci\u00ed.<br \/>\n\u2013 V\u00fdrobn\u00fd priemysel: V automatizovan\u00fdch v\u00fdrobn\u00fdch link\u00e1ch sa valce ramien pou\u017e\u00edvaj\u00fa na pohyb robotick\u00fdch ramien, vykon\u00e1vanie mont\u00e1\u017enych, zv\u00e1rac\u00edch a manipula\u010dn\u00fdch procesov, \u010d\u00edm sa zlep\u0161uje efektivita a presnos\u0165 v\u00fdroby.<br \/>\n\u2013 Po\u013enohospod\u00e1rske stroje: V po\u013enohospod\u00e1rskych strojoch, ako s\u00fa zbera\u010de a seja\u010dky, valce ramena ovl\u00e1daj\u00fa pohyb ovl\u00e1dacieho ramena, \u010d\u00edm vykon\u00e1vaj\u00fa \u00falohy sejby, hnojenia a zberu \u00farody.<br \/>\n\u2013 \u0164a\u017eobn\u00fd priemysel: V bansk\u00fdch zariadeniach sa valce ramien pou\u017e\u00edvaj\u00fa na ovl\u00e1danie pohybu ramena bansk\u00fdch zariaden\u00ed, vykon\u00e1vanie \u0165a\u017eby a manipul\u00e1cie s materi\u00e1lom.<br \/>\n\u2013 Logistika a doprava: Vo vysokozdvi\u017en\u00fdch voz\u00edkoch a manipula\u010dn\u00fdch robotoch sa valce ramien pou\u017e\u00edvaj\u00fa na ovl\u00e1danie zdv\u00edhania a pohybu n\u00e1kladu, \u010d\u00edm sa dosahuje manipul\u00e1cia s materi\u00e1lom a jeho stohovanie.<\/p>\n<p>\u00davahy o dizajne a krit\u00e9ri\u00e1 v\u00fdberu:<\/p>\n<p>\u2013 \u00danosnos\u0165: Valec ramena by mal by\u0165 schopn\u00fd odola\u0165 maxim\u00e1lnej sile aplikovanej po\u010das prev\u00e1dzky bez toho, aby do\u0161lo k deform\u00e1cii alebo poruche.<br \/>\n\u2013 Tesnenie: Pou\u017eitie r\u00f4znych tesnen\u00ed, ako s\u00fa tesnenia piestov a tesnenia ty\u010d\u00ed, je d\u00f4le\u017eit\u00e9 na zabezpe\u010denie toho, aby hydraulick\u00e1 kvapalina neunikala z valca a na ochranu vn\u00fatorn\u00fdch komponentov pred kontamin\u00e1ciou.<br \/>\n\u2013 Trvanlivos\u0165: Valec ramena by mal by\u0165 vyroben\u00fd z materi\u00e1lov, ktor\u00e9 odol\u00e1vaj\u00fa drsn\u00e9mu prostrediu a maj\u00fa dobr\u00fa odolnos\u0165 vo\u010di opotrebovaniu a kor\u00f3zii.<br \/>\n\u2013 Bezpe\u010dnos\u0165: Valec ramena by mal ma\u0165 bezpe\u010dnostn\u00fd mechanizmus, ktor\u00fd zabr\u00e1ni nehod\u00e1m sp\u00f4soben\u00fdm neo\u010dak\u00e1van\u00fdmi pohybmi alebo pre\u0165a\u017een\u00edm.<br \/>\n\u2013 \u00dadr\u017eba: Valec ramena by mal by\u0165 navrhnut\u00fd tak, aby sa u\u013eah\u010dila \u00fadr\u017eba a v\u00fdmena, \u010d\u00edm sa skr\u00e1tia prestoje zariadenia.<\/p>\n<p><img decoding=\"async\" src=\"https:\/\/www.hydraulic-cylinders.net\/wp-content\/uploads\/2025\/01\/songte-cylinder-head-with-all-kinds-excavator-models.webp\" alt=\"Obr\u00e1zok hlavy valcov ramena\" \/><\/p>\n<p>Tesnenie a mazanie:<\/p>\n<p>Pou\u017eitie r\u00f4znych tesnen\u00ed, ako s\u00fa tesnenia piestov a tesnenia ty\u010d\u00ed, vyroben\u00fdch z materi\u00e1lov odoln\u00fdch vo\u010di opotrebovaniu, ako je polyuret\u00e1n a nitrilov\u00fd kau\u010duk, je k\u013e\u00fa\u010dov\u00e9 na zabezpe\u010denie toho, aby hydraulick\u00e1 kvapalina neunikala z valca a na ochranu vn\u00fatorn\u00fdch komponentov pred kontamin\u00e1ciou. Teleso valca a z\u00e1vitov\u00fd koniec s\u00fa jemne opracovan\u00e9, aby sa zlep\u0161ila odolnos\u0165 vo\u010di opotrebovaniu. Pravidelne je tie\u017e potrebn\u00e9 prid\u00e1va\u0165 primeran\u00e9 mno\u017estvo hydraulick\u00e9ho oleja na mazanie.<\/p>\n<p>Pravideln\u00e1 kontrola a prevent\u00edvna \u00fadr\u017eba:<\/p>\n<p>Pravideln\u00e1 kontrola a prevent\u00edvna \u00fadr\u017eba s\u00fa nevyhnutn\u00e9 na zabezpe\u010denie spr\u00e1vnej prev\u00e1dzky a pred\u013a\u017eenie \u017eivotnosti valca ramena. Mali by sa prija\u0165 nasleduj\u00face opatrenia:<\/p>\n<p>\u2013 Pravidelne kontrolujte valec, \u010di nete\u010die, nie je deformovan\u00fd alebo opotrebovan\u00fd.<br \/>\n\u2013 Skontrolujte zne\u010distenie hydraulick\u00e9ho syst\u00e9mu a spr\u00e1vnu hladinu kvapaliny.<br \/>\n\u2013 Vyme\u0148te tesnenia a ostatn\u00e9 komponenty, ktor\u00e9 prekro\u010dili svoju \u017eivotnos\u0165.<br \/>\n\u2013 Skontrolujte bezpe\u010dnostn\u00fd mechanizmus, \u010di funguje spr\u00e1vne.<br \/>\n\u2013 Pravidelne \u010distite valec a hydraulick\u00fd syst\u00e9m.<\/p>\n<p><img decoding=\"async\" src=\"https:\/\/www.hydraulic-cylinders.net\/wp-content\/uploads\/2025\/01\/songte-chushion-collar.webp\" alt=\"Obr\u00e1zok goliera s vank\u00fa\u0161om na ruku\" \/><\/p>\n<p>Sprievodca in\u0161tal\u00e1ciou:<\/p>\n<p>\u2013 Uistite sa, \u017ee hydraulick\u00fd syst\u00e9m a ostatn\u00e9 komponenty s\u00fa \u010dist\u00e9 a bez ne\u010dist\u00f4t.<br \/>\n\u2013 Nain\u0161talujte valec pod\u013ea pokynov v\u00fdrobcu a \u0161pecifikovan\u00fdch kr\u00fatiacim momentom.<br \/>\n\u2013 Napl\u0148te hydraulick\u00fd syst\u00e9m odpor\u00fa\u010danou kvapalinou a odvzdu\u0161nite syst\u00e9m.<br \/>\n\u2013 Prev\u00e1dzkujte valec v plnom rozsahu jeho pohybu a skontrolujte tesnos\u0165 a spr\u00e1vnu funkciu.<br \/>\n\u2013 Nastavte bezpe\u010dnostn\u00fd mechanizmus pod\u013ea pokynov v\u00fdrobcu.<\/p>\n<p>Bezpe\u010dnostn\u00e9 aspekty a faktory prostredia:<\/p>\n<p>Mali by sa prija\u0165 vhodn\u00e9 bezpe\u010dnostn\u00e9 opatrenia, aby sa predi\u0161lo nehod\u00e1m sp\u00f4soben\u00fdm neo\u010dak\u00e1van\u00fdmi pohybmi alebo pre\u0165a\u017een\u00edm. Odpor\u00fa\u010da sa pou\u017e\u00edvanie ochrann\u00fdch krytov a riadne za\u0161kolenie obsluhy. Pri v\u00fdbere vhodn\u00fdch materi\u00e1lov a tesnen\u00ed pre f\u013ea\u0161u by sa mali zv\u00e1\u017ei\u0165 aj faktory prostredia, ako je teplota, vlhkos\u0165 a chemick\u00e9 vystavenie.<\/p>\n<p>Diagnostika por\u00fach a be\u017en\u00e9 probl\u00e9my:<\/p>\n<p>Nasleduj\u00fa niektor\u00e9 be\u017en\u00e9 probl\u00e9my, ktor\u00e9 sa m\u00f4\u017eu vyskytn\u00fa\u0165 s valcom ramena:<\/p>\n<p>\u2013 \u00danik: Tesnenia sa m\u00f4\u017eu \u010dasom opotrebova\u0165 a sp\u00f4sobi\u0165 \u00fanik hydraulickej kvapaliny z valca.<br \/>\n\u2013 Deform\u00e1cia: Pre\u0165a\u017eenie alebo nespr\u00e1vna in\u0161tal\u00e1cia m\u00f4\u017ee sp\u00f4sobi\u0165 deform\u00e1ciu alebo zlyhanie valca.<br \/>\n\u2013 Kontamin\u00e1cia: Do valca sa m\u00f4\u017eu dosta\u0165 vonkaj\u0161ie kontaminanty a po\u0161kodi\u0165 vn\u00fatorn\u00e9 komponenty.<\/p>\n<p>Na diagnostiku a rie\u0161enie t\u00fdchto probl\u00e9mov si pozrite pokyny v\u00fdrobcu alebo sa obr\u00e1\u0165te na kvalifikovan\u00e9ho technika.<\/p>\n<p><img decoding=\"async\" src=\"https:\/\/www.hydraulic-cylinders.net\/wp-content\/uploads\/2025\/01\/songte-bushings-with-all-kinds-of-excavator-models.webp\" alt=\"Obr\u00e1zok puzdier valcov ramena\" \/><\/p>\n<p>O n\u00e1s:<\/p>\n<p>Sme profesion\u00e1lny v\u00fdrobca n\u00e1hradn\u00fdch hydraulick\u00fdch valcov so \u0161irokou \u0161k\u00e1lou produktov a stali sme sa jedn\u00fdm z popredn\u00fdch v\u00fdrobcov a ve\u013ekoobchodn\u00fdch distrib\u00fatorov hydraulick\u00fdch valcov na dom\u00e1com aj medzin\u00e1rodnom trhu. V\u017edy dodr\u017eiavame z\u00e1sadu vynikaj\u00facej kvality, spoliehame sa na strat\u00e9giu riadenia priemyselnej v\u00fdroby v prepracovan\u00fdch v\u00fdrobn\u00fdch diel\u0148ach a neust\u00e1le zlep\u0161ujeme na\u0161u technick\u00fa \u00farove\u0148 a efektivitu v\u00fdroby. Zav\u00e1dzan\u00edm \u0161pi\u010dkov\u00fdch digit\u00e1lnych v\u00fdrobn\u00fdch zariaden\u00ed a profesion\u00e1lnych testovac\u00edch syst\u00e9mov neust\u00e1le optimalizujeme na\u0161u v\u00fdrobn\u00fa platformu, zlep\u0161ujeme proces kontroly kvality na\u0161ich v\u00fdrobkov a m\u00e1me siln\u00e9 inova\u010dn\u00e9 schopnosti. Na\u0161\u00edm cie\u013eom je uspokoji\u0165 rozmanit\u00e9 potreby z\u00e1kazn\u00edkov s vysokou efektivitou, presnos\u0165ou a vysok\u00fdmi \u0161tandardmi kvality.<\/p>\n<p>Pon\u00fakame slu\u017eby na mieru a na\u0161e produkty s\u00fa medzin\u00e1rodne certifikovan\u00e9. Na\u0161e v\u00fdrobn\u00e9 zariadenia s\u00fa modern\u00e9 a poskytujeme komplexn\u00fd popredajn\u00fd servis, aby sme zabezpe\u010dili spokojnos\u0165 z\u00e1kazn\u00edkov.<\/p>\n<p><img decoding=\"async\" src=\"https:\/\/www.hydraulic-cylinders.net\/wp-content\/uploads\/2025\/01\/songte-company-4.webp\" alt=\"Obr\u00e1zok spolo\u010dnosti\" \/><\/p>\n<p>Autor: lyl<\/p>","protected":false},"excerpt":{"rendered":"<p>Arm Cylinder For Kobelco Small Excavator SK130\/130-8 Arm cylinder is a specially designed hydraulic cylinder that is mainly used to provide linear motion and power for various types of mechanical arms, such as excavators, cranes, and robotic arms. The arm cylinder plays a crucial role in the hydraulic system, allowing attached tools or accessories to [&hellip;]<\/p>","protected":false},"featured_media":14774,"comment_status":"open","ping_status":"closed","template":"","meta":{"_et_pb_use_builder":"","_et_pb_old_content":"","_et_gb_content_width":""},"product_brand":[],"product_cat":[1497],"product_tag":[1498,1496],"class_list":{"0":"post-16279","1":"product","2":"type-product","3":"status-publish","4":"has-post-thumbnail","6":"product_cat-arm-cylinders","7":"product_tag-arm-cylinders","8":"product_tag-hydraulic-cylinders","10":"first","11":"instock","12":"shipping-taxable","13":"product-type-simple"},"amp_enabled":true,"_links":{"self":[{"href":"https:\/\/www.hydraulic-cylinders.net\/sk\/wp-json\/wp\/v2\/product\/16279","targetHints":{"allow":["GET"]}}],"collection":[{"href":"https:\/\/www.hydraulic-cylinders.net\/sk\/wp-json\/wp\/v2\/product"}],"about":[{"href":"https:\/\/www.hydraulic-cylinders.net\/sk\/wp-json\/wp\/v2\/types\/product"}],"replies":[{"embeddable":true,"href":"https:\/\/www.hydraulic-cylinders.net\/sk\/wp-json\/wp\/v2\/comments?post=16279"}],"wp:featuredmedia":[{"embeddable":true,"href":"https:\/\/www.hydraulic-cylinders.net\/sk\/wp-json\/wp\/v2\/media\/14774"}],"wp:attachment":[{"href":"https:\/\/www.hydraulic-cylinders.net\/sk\/wp-json\/wp\/v2\/media?parent=16279"}],"wp:term":[{"taxonomy":"product_brand","embeddable":true,"href":"https:\/\/www.hydraulic-cylinders.net\/sk\/wp-json\/wp\/v2\/product_brand?post=16279"},{"taxonomy":"product_cat","embeddable":true,"href":"https:\/\/www.hydraulic-cylinders.net\/sk\/wp-json\/wp\/v2\/product_cat?post=16279"},{"taxonomy":"product_tag","embeddable":true,"href":"https:\/\/www.hydraulic-cylinders.net\/sk\/wp-json\/wp\/v2\/product_tag?post=16279"}],"curies":[{"name":"pracovn\u00fd list","href":"https:\/\/api.w.org\/{rel}","templated":true}]}}