{"id":16286,"date":"2025-01-20T09:02:25","date_gmt":"2025-01-20T09:02:25","guid":{"rendered":"https:\/\/www.hydraulic-cylinders.net\/product\/arm-cylinderfor-kobelco-middle-excavator-sk230\/"},"modified":"2025-01-20T09:02:34","modified_gmt":"2025-01-20T09:02:34","slug":"arm-cylinderfor-kobelco-middle-excavator-sk230","status":"publish","type":"product","link":"https:\/\/www.hydraulic-cylinders.net\/sk\/produkt\/arm-cylinderfor-kobelco-middle-excavator-sk230\/","title":{"rendered":"Valec ramena pre stredn\u00fd bager Kobelco SK230"},"content":{"rendered":"<p><!DOCTYPE html><br \/>\n<html><br \/>\n<head><br \/>\n<title>Valec ramena pre stredn\u00fd bager Kobelco SK230<\/title><br \/>\n<\/head><br \/>\n<body><\/p>\n<h1>Valec ramena pre stredn\u00fd bager Kobelco SK230<\/h1>\n<h2>\u00davod<\/h2>\n<p>Hydraulick\u00fd valec ramena je \u0161peci\u00e1lne navrhnut\u00fd na zabezpe\u010denie line\u00e1rneho pohybu a v\u00fdkonu ramena r\u00f4znych typov strojov, ako s\u00fa r\u00fdpadl\u00e1, \u017eeriavy a robotick\u00e9 ramen\u00e1. Zohr\u00e1va k\u013e\u00fa\u010dov\u00fa \u00falohu v hydraulick\u00fdch syst\u00e9moch, preto\u017ee umo\u017e\u0148uje efekt\u00edvny pohyb a ovl\u00e1danie dodato\u010dn\u00fdch n\u00e1strojov alebo pr\u00edslu\u0161enstva. Tieto valce nielen zabezpe\u010duj\u00fa plynul\u00fd pohyb, ale tie\u017e odol\u00e1vaj\u00fa \u0165a\u017ek\u00fdm za\u0165a\u017eeniam, \u010d\u00edm zabezpe\u010duj\u00fa efekt\u00edvnu prev\u00e1dzku a spo\u013eahlivos\u0165 strojov v r\u00f4znych pracovn\u00fdch podmienkach.<\/p>\n<p><img decoding=\"async\" src=\"https:\/\/www.hydraulic-cylinders.net\/wp-content\/uploads\/2025\/01\/songte-company-2.webp\" alt=\"Obr\u00e1zok valca ramena\"><\/p>\n<h2>Funkcie<\/h2>\n<ul>\n<li><strong>Vysoko\u00fa\u010dinn\u00fd prenos:<\/strong> Valec ramena poskytuje siln\u00fd line\u00e1rny pohyb a silu, \u010d\u00edm zais\u0165uje vysok\u00fa \u00fa\u010dinnos\u0165 pri r\u00f4znych oper\u00e1ci\u00e1ch.<\/li>\n<li><strong>Presn\u00e9 ovl\u00e1danie:<\/strong> V\u010faka hydraulick\u00e9mu syst\u00e9mu umo\u017e\u0148uje valec ramena presn\u00e9 ovl\u00e1danie pohybu, v\u010faka \u010domu je obsluha pripojen\u00e9ho n\u00e1radia flexibilnej\u0161ia a presnej\u0161ia.<\/li>\n<li><strong>Trvanlivos\u0165:<\/strong> Valce ramien s\u00fa zvy\u010dajne vyroben\u00e9 z vysokopevnostn\u00fdch materi\u00e1lov, ktor\u00e9 pon\u00fakaj\u00fa vynikaj\u00facu odolnos\u0165 vo\u010di opotrebovaniu a kor\u00f3zii, a s\u00fa vhodn\u00e9 na dlhodob\u00e9 pou\u017e\u00edvanie v n\u00e1ro\u010dn\u00fdch podmienkach.<\/li>\n<li><strong>Multifunk\u010dnos\u0165 a prisp\u00f4sobivos\u0165:<\/strong> Tieto valce sa daj\u00fa \u0161iroko pou\u017e\u00edva\u0165 v r\u00f4znych strojoch, ako s\u00fa bagre, \u017eeriavy a robotick\u00e9 ramen\u00e1, a prisp\u00f4sobuj\u00fa sa r\u00f4znym pracovn\u00fdm po\u017eiadavk\u00e1m.<\/li>\n<li><strong>Jednoduch\u00e1 \u00fadr\u017eba:<\/strong> Kon\u0161truk\u010dn\u00e9 aspekty pre jednoduch\u00fa \u00fadr\u017ebu a v\u00fdmenu u\u013eah\u010duj\u00fa pravideln\u00e9 kontroly a \u00fadr\u017ebu, \u010d\u00edm sa skracuj\u00fa prestoje zariaden\u00ed.<\/li>\n<\/ul>\n<p><img decoding=\"async\" src=\"https:\/\/www.hydraulic-cylinders.net\/wp-content\/uploads\/2025\/01\/songte-oil-pipes-and-spare-parts.webp\" alt=\"Obr\u00e1zok produktu\"><\/p>\n<h2>Aplik\u00e1cie<\/h2>\n<ul>\n<li><strong>Stavebn\u00e9 in\u017einierstvo:<\/strong> V bagroch a \u017eeriavoch riadi valec ramena pohyb vedier alebo ramien \u017eeriavu pri zemn\u00fdch pr\u00e1cach, manipul\u00e1cii s materi\u00e1lom a mont\u00e1\u017ei kon\u0161trukci\u00ed.<\/li>\n<li><strong>V\u00fdrobn\u00fd priemysel:<\/strong> V automatizovan\u00fdch v\u00fdrobn\u00fdch link\u00e1ch sa valec ramena pou\u017e\u00edva na pohyb robotick\u00fdch ramien, \u010do u\u013eah\u010duje procesy ako mont\u00e1\u017e, zv\u00e1ranie a manipul\u00e1cia, \u010d\u00edm sa zlep\u0161uje efektivita a presnos\u0165 v\u00fdroby.<\/li>\n<li><strong>Po\u013enohospod\u00e1rske stroje:<\/strong> V po\u013enohospod\u00e1rskych strojoch, ako s\u00fa zbera\u010de a seja\u010dky, riadi valec ramena pohyb ovl\u00e1dac\u00edch ramien a vykon\u00e1va \u00falohy ako siatie, hnojenie a zber \u00farody.<\/li>\n<li><strong>\u0164a\u017eba:<\/strong> V bansk\u00fdch zariadeniach riadi valec ramena pohyb ramena bansk\u00fdch strojov, \u010do umo\u017e\u0148uje \u0165a\u017ebu a prepravu rudy.<\/li>\n<li><strong>Logistika a doprava:<\/strong> Vo vysokozdvi\u017en\u00fdch voz\u00edkoch a manipula\u010dn\u00fdch robotoch ovl\u00e1da valec ramena zdv\u00edhanie a pohyb vidl\u00edc, \u010do u\u013eah\u010duje manipul\u00e1ciu s materi\u00e1lom a stohovanie.<\/li>\n<\/ul>\n<h2>\u00davahy o dizajne a krit\u00e9ri\u00e1 v\u00fdberu<\/h2>\n<ul>\n<li><strong>Nosnos\u0165:<\/strong> Discuss the arm cylinder&#8217;s ability to withstand loads and provide stability.<\/li>\n<li><strong>Tesnenie:<\/strong> Vysvetlite pou\u017eitie r\u00f4znych tesnen\u00ed, ako s\u00fa tesnenia piestov a tesnenia ty\u010d\u00ed, vyroben\u00fdch z materi\u00e1lov odoln\u00fdch vo\u010di opotrebovaniu, ako je polyuret\u00e1n a nitrilov\u00e1 guma.<\/li>\n<li><strong>Trvanlivos\u0165:<\/strong> Diskutujte o trvanlivosti valca vr\u00e1tane jeho odolnosti vo\u010di opotrebovaniu.<\/li>\n<li><strong>Bezpe\u010dnos\u0165:<\/strong> Zd\u00f4raznite bezpe\u010dnostn\u00e9 prvky zabudovan\u00e9 do dizajnu, ktor\u00e9 zabezpe\u010duj\u00fa bezpe\u010dn\u00fa prev\u00e1dzku.<\/li>\n<li><strong>Udr\u017eiavate\u013enos\u0165:<\/strong> Diskutujte o jednoduchosti \u00fadr\u017eby a d\u00f4le\u017eitosti pravideln\u00fdch kontrol a mazania.<\/li>\n<\/ul>\n<p><img decoding=\"async\" src=\"https:\/\/www.hydraulic-cylinders.net\/wp-content\/uploads\/2025\/01\/songte-cylinder-head-with-all-kinds-excavator-models.webp\" alt=\"Obr\u00e1zok valca\"><\/p>\n<h2>Tesnenie a mazanie<\/h2>\n<p>Valec ramena vyu\u017e\u00edva r\u00f4zne tesnenia, ako s\u00fa tesnenia piestov a tesnenia ty\u010d\u00ed, vyroben\u00e9 z materi\u00e1lov odoln\u00fdch vo\u010di opotrebovaniu, ako je polyuret\u00e1n a nitrilov\u00fd kau\u010duk. Teleso valca a z\u00e1vitov\u00e9 koncov\u00e9 povrchy s\u00fa jemne o\u0161etren\u00e9 pre zlep\u0161enie odolnosti vo\u010di opotrebovaniu. Na zabezpe\u010denie hladk\u00e9ho chodu je potrebn\u00e9 pravideln\u00e9 mazanie vhodn\u00fdm hydraulick\u00fdm olejom.<\/p>\n<h2>Kontrola a prevent\u00edvna \u00fadr\u017eba<\/h2>\n<ul>\n<li>Pravidelne kontrolujte valec ramena, \u010di nevykazuje zn\u00e1mky opotrebovania, \u00faniku alebo po\u0161kodenia.<\/li>\n<li>Skontrolujte a pod\u013ea potreby vyme\u0148te tesnenia a \u010fal\u0161ie komponenty.<\/li>\n<li>Udr\u017eiavajte spr\u00e1vne mazanie pravideln\u00fdm dop\u013a\u0148an\u00edm vhodn\u00e9ho hydraulick\u00e9ho oleja.<\/li>\n<li>Dodr\u017eiavajte pokyny v\u00fdrobcu t\u00fdkaj\u00face sa intervalov a postupov \u00fadr\u017eby.<\/li>\n<\/ul>\n<h2>In\u0161tala\u010dn\u00e1 pr\u00edru\u010dka<\/h2>\n<p>Pre spr\u00e1vnu in\u0161tal\u00e1ciu valca ramena postupujte pod\u013ea t\u00fdchto krokov:<\/p>\n<ol>\n<li>Uistite sa, \u017ee zariadenie je vypnut\u00e9 a je bezpe\u010dn\u00e9 na \u0148om pracova\u0165.<\/li>\n<li>Odstr\u00e1\u0148te v\u0161etky existuj\u00face valce alebo komponenty v oblasti in\u0161tal\u00e1cie.<\/li>\n<li>Skontrolujte a vy\u010distite mont\u00e1\u017eny povrch.<\/li>\n<li>Umiestnite valec ramena na miesto a zaistite ho vhodn\u00fdmi upev\u0148ovac\u00edmi prvkami.<\/li>\n<li>Connect hydraulic hoses and fittings according to the equipment&#8217;s hydraulic system.<\/li>\n<li>Skontrolujte spr\u00e1vne zarovnanie a v\u00f4\u013eu.<\/li>\n<li>Pred obnoven\u00edm be\u017enej prev\u00e1dzky otestujte funk\u010dnos\u0165 valca ramena.<\/li>\n<\/ol>\n<p><img decoding=\"async\" src=\"https:\/\/www.hydraulic-cylinders.net\/wp-content\/uploads\/2025\/01\/songte-bushings-with-all-kinds-of-excavator-models.webp\" alt=\"In\u0161tala\u010dn\u00fd obr\u00e1zok\"><\/p>\n<h2>Bezpe\u010dnostn\u00e9 aspekty a faktory prostredia<\/h2>\n<p>Pri pou\u017e\u00edvan\u00ed valca s ramenom je nevyhnutn\u00e9 dodr\u017eiava\u0165 bezpe\u010dnostn\u00e9 opatrenia, aby sa predi\u0161lo nehod\u00e1m a chr\u00e1nilo \u017eivotn\u00e9 prostredie. Pri pou\u017e\u00edvan\u00ed valca v r\u00f4znych aplik\u00e1ci\u00e1ch je d\u00f4le\u017eit\u00e9 uprednostni\u0165 bezpe\u010dnostn\u00e9 opatrenia, aby sa zabezpe\u010dila bezpe\u010dnos\u0165 obsluhy a okolit\u00e9ho prostredia.<\/p>\n<h2>Rie\u0161enie probl\u00e9mov a be\u017en\u00e9 probl\u00e9my<\/h2>\n<p>Medzi be\u017en\u00e9 probl\u00e9my, ktor\u00e9 sa m\u00f4\u017eu vyskytn\u00fa\u0165 s valcom ramena, patria netesnosti, zn\u00ed\u017een\u00fd v\u00fdkon a abnorm\u00e1lne zvuky. Ak sa vyskytn\u00fa nejak\u00e9 probl\u00e9my, zv\u00e1\u017ete nasleduj\u00face kroky na rie\u0161enie probl\u00e9mov:<\/p>\n<ul>\n<li>Check for any visible leaks in the cylinder&#8217;s seals or connections.<\/li>\n<li>Skontrolujte spr\u00e1vne mazanie a hladinu kvapal\u00edn.<\/li>\n<li>Skontrolujte, \u010di valec alebo jeho komponenty nie s\u00fa nespr\u00e1vne zarovnan\u00e9 alebo po\u0161koden\u00e9.<\/li>\n<li>Consult the manufacturer&#8217;s guidelines or contact technical support for further assistance.<\/li>\n<\/ul>\n<p><img decoding=\"async\" src=\"https:\/\/www.hydraulic-cylinders.net\/wp-content\/uploads\/2025\/01\/songte-chushion-collar.webp\" alt=\"Obr\u00e1zok rie\u0161enia probl\u00e9mov\"><\/p>\n<p>My, lyl, sme profesion\u00e1lny v\u00fdrobca n\u00e1hradn\u00fdch hydraulick\u00fdch valcov. Pon\u00fakame \u0161irok\u00fd sortiment produktov a stali sme sa jedn\u00fdm z popredn\u00fdch v\u00fdrobcov a ve\u013ekoobchodn\u00fdch distrib\u00fatorov na dom\u00e1com aj medzin\u00e1rodnom trhu. Dodr\u017eiavame princ\u00edp vynikaj\u00facej kvality a neust\u00e1le zlep\u0161ujeme na\u0161e technologick\u00e9 mo\u017enosti a efektivitu v\u00fdroby. V\u010faka najmodernej\u0161iemu digit\u00e1lnemu v\u00fdrobn\u00e9mu zariadeniu a profesion\u00e1lnym kontroln\u00fdm syst\u00e9mom optimalizujeme na\u0161u v\u00fdrobn\u00fa platformu a zabezpe\u010dujeme kontrolu kvality v\u00fdrobkov. Na\u0161\u00edm cie\u013eom je uspokoji\u0165 rozmanit\u00e9 potreby z\u00e1kazn\u00edkov s efekt\u00edvnos\u0165ou, presnos\u0165ou a vysoko kvalitn\u00fdmi produktmi.<\/p>\n<p><img decoding=\"async\" src=\"https:\/\/www.hydraulic-cylinders.net\/wp-content\/uploads\/2025\/01\/songte-company-4.webp\" alt=\"Obr\u00e1zok spolo\u010dnosti\"><br \/>\n<img decoding=\"async\" src=\"https:\/\/www.hydraulic-cylinders.net\/wp-content\/uploads\/2025\/01\/songte-company-3.webp\" alt=\"Obr\u00e1zok spolo\u010dnosti\"><\/p>\n<p>Na\u0161a spolo\u010dnos\u0165 vynik\u00e1 profesionalitou, medzin\u00e1rodn\u00fdmi certifik\u00e1ciami, slu\u017ebami na mieru, v\u00fdrobn\u00fdm vybaven\u00edm a popredajn\u00fdm servisom. Sna\u017e\u00edme sa poskytova\u0165 najlep\u0161ie rie\u0161enia a sp\u013a\u0148a\u0165 najvy\u0161\u0161ie \u0161tandardy, \u010d\u00edm zabezpe\u010dujeme spokojnos\u0165 z\u00e1kazn\u00edkov.<\/p>\n<p><\/body><br \/>\n<\/html><\/p>","protected":false},"excerpt":{"rendered":"<p>Arm Cylinder For Kobelco Middle Excavator SK230 Arm Cylinder For Kobelco Middle Excavator SK230 Introduction The arm cylinder is a hydraulic cylinder specially designed to provide linear motion and power to the arm of various types of machinery, such as excavators, cranes, and robotic arms. It plays a crucial role in hydraulic systems, enabling the [&hellip;]<\/p>","protected":false},"featured_media":14783,"comment_status":"open","ping_status":"closed","template":"","meta":{"_et_pb_use_builder":"","_et_pb_old_content":"","_et_gb_content_width":""},"product_brand":[],"product_cat":[1497],"product_tag":[1498,1496],"class_list":{"0":"post-16286","1":"product","2":"type-product","3":"status-publish","4":"has-post-thumbnail","6":"product_cat-arm-cylinders","7":"product_tag-arm-cylinders","8":"product_tag-hydraulic-cylinders","10":"first","11":"instock","12":"shipping-taxable","13":"product-type-simple"},"amp_enabled":true,"_links":{"self":[{"href":"https:\/\/www.hydraulic-cylinders.net\/sk\/wp-json\/wp\/v2\/product\/16286","targetHints":{"allow":["GET"]}}],"collection":[{"href":"https:\/\/www.hydraulic-cylinders.net\/sk\/wp-json\/wp\/v2\/product"}],"about":[{"href":"https:\/\/www.hydraulic-cylinders.net\/sk\/wp-json\/wp\/v2\/types\/product"}],"replies":[{"embeddable":true,"href":"https:\/\/www.hydraulic-cylinders.net\/sk\/wp-json\/wp\/v2\/comments?post=16286"}],"wp:featuredmedia":[{"embeddable":true,"href":"https:\/\/www.hydraulic-cylinders.net\/sk\/wp-json\/wp\/v2\/media\/14783"}],"wp:attachment":[{"href":"https:\/\/www.hydraulic-cylinders.net\/sk\/wp-json\/wp\/v2\/media?parent=16286"}],"wp:term":[{"taxonomy":"product_brand","embeddable":true,"href":"https:\/\/www.hydraulic-cylinders.net\/sk\/wp-json\/wp\/v2\/product_brand?post=16286"},{"taxonomy":"product_cat","embeddable":true,"href":"https:\/\/www.hydraulic-cylinders.net\/sk\/wp-json\/wp\/v2\/product_cat?post=16286"},{"taxonomy":"product_tag","embeddable":true,"href":"https:\/\/www.hydraulic-cylinders.net\/sk\/wp-json\/wp\/v2\/product_tag?post=16286"}],"curies":[{"name":"pracovn\u00fd list","href":"https:\/\/api.w.org\/{rel}","templated":true}]}}