{"id":16300,"date":"2025-01-20T09:03:42","date_gmt":"2025-01-20T09:03:42","guid":{"rendered":"https:\/\/www.hydraulic-cylinders.net\/product\/arm-cylinderfor-kobelco-large-excavator-sk4608\/"},"modified":"2025-01-20T09:03:44","modified_gmt":"2025-01-20T09:03:44","slug":"arm-cylinderfor-kobelco-large-excavator-sk4608","status":"publish","type":"product","link":"https:\/\/www.hydraulic-cylinders.net\/sk\/produkt\/arm-cylinderfor-kobelco-large-excavator-sk4608\/","title":{"rendered":"Valec ramena pre ve\u013ek\u00e9 r\u00fdpadlo Kobelco SK4608"},"content":{"rendered":"<h1>Valec ramena pre ve\u013ek\u00e9 r\u00fdpadlo Kobelco SK4608<\/h1>\n<h2>Defin\u00edcia produktu<\/h2>\n<p>Hydraulick\u00fd valec ramena je \u0161peci\u00e1lne navrhnut\u00fd hydraulick\u00fd valec, ktor\u00fd poskytuje line\u00e1rny pohyb a v\u00fdkon ramenu r\u00f4znych strojov, ako s\u00fa r\u00fdpadl\u00e1, \u017eeriavy a mechanick\u00e9 ramen\u00e1. Zohr\u00e1va k\u013e\u00fa\u010dov\u00fa \u00falohu v hydraulick\u00fdch syst\u00e9moch, preto\u017ee umo\u017e\u0148uje efekt\u00edvny pohyb a ovl\u00e1danie pr\u00edslu\u0161enstva alebo pr\u00edslu\u0161enstva. Tieto valce nielen zabezpe\u010duj\u00fa plynul\u00fd pohyb, ale tie\u017e odol\u00e1vaj\u00fa \u0165a\u017ek\u00fdm za\u0165a\u017eeniam, \u010d\u00edm zabezpe\u010duj\u00fa efekt\u00edvnu prev\u00e1dzku a spo\u013eahlivos\u0165 strojov v r\u00f4znych pracovn\u00fdch podmienkach.<\/p>\n<p><img decoding=\"async\" src=\"https:\/\/www.hydraulic-cylinders.net\/wp-content\/uploads\/2025\/01\/songte-company-2.webp\"><\/p>\n<h2>Vlastnosti produktu<\/h2>\n<ul>\n<li><strong>Vysoko\u00fa\u010dinn\u00fd prevod:<\/strong> Valec ramena poskytuje siln\u00fd line\u00e1rny pohyb a silu, \u010d\u00edm zais\u0165uje vysokov\u00fdkonn\u00fa prev\u00e1dzku mechanick\u00e9ho ramena pri r\u00f4znych oper\u00e1ci\u00e1ch.<\/li>\n<li><strong>Presn\u00e9 ovl\u00e1danie:<\/strong> V\u010faka hydraulick\u00fdm syst\u00e9mom umo\u017e\u0148uje valec ramena presn\u00e9 ovl\u00e1danie pohybu, v\u010faka \u010domu je ovl\u00e1danie pr\u00edslu\u0161enstva flexibilnej\u0161ie a presnej\u0161ie.<\/li>\n<li><strong>Trvanlivos\u0165:<\/strong> Valce ramien s\u00fa zvy\u010dajne vyroben\u00e9 z vysokopevnostn\u00fdch materi\u00e1lov, ktor\u00e9 pon\u00fakaj\u00fa vynikaj\u00facu odolnos\u0165 vo\u010di opotrebovaniu a kor\u00f3zii, v\u010faka \u010domu s\u00fa vhodn\u00e9 na dlhodob\u00e9 pou\u017e\u00edvanie v n\u00e1ro\u010dn\u00fdch podmienkach.<\/li>\n<li><strong>Multifunk\u010dn\u00e1 prisp\u00f4sobivos\u0165:<\/strong> Tieto valce sa daj\u00fa \u0161iroko pou\u017e\u00edva\u0165 v r\u00f4znych strojoch, ako s\u00fa bagre, \u017eeriavy a mechanick\u00e9 ramen\u00e1, a prisp\u00f4sobuj\u00fa sa r\u00f4znym po\u017eiadavk\u00e1m na pr\u00e1cu.<\/li>\n<li><strong>Jednoduch\u00e1 \u00fadr\u017eba:<\/strong> Navrhnut\u00e9 s oh\u013eadom na pohodlie pri pravidelnej kontrole a \u00fadr\u017ebe, \u010d\u00edm sa skracuj\u00fa prestoje zariaden\u00ed.<\/li>\n<\/ul>\n<p><img decoding=\"async\" src=\"https:\/\/www.hydraulic-cylinders.net\/wp-content\/uploads\/2025\/01\/songte-oil-pipes-and-spare-parts.webp\"><\/p>\n<h2>Aplik\u00e1cie<\/h2>\n<p><strong>1. Stavebn\u00e9 in\u017einierstvo:<\/strong> Valce ramien ovl\u00e1daj\u00fa pohyb vedier alebo v\u00fdlo\u017en\u00edkov v r\u00fdpadl\u00e1ch a \u017eeriavoch, \u010do umo\u017e\u0148uje zemn\u00e9 pr\u00e1ce, manipul\u00e1ciu s materi\u00e1lom a mont\u00e1\u017e kon\u0161trukci\u00ed.<\/p>\n<p><strong>2. V\u00fdrobn\u00fd priemysel:<\/strong> Valce ramien sa pou\u017e\u00edvaj\u00fa na pohyb mechanick\u00fdch ramien v automatizovan\u00fdch v\u00fdrobn\u00fdch link\u00e1ch, \u010do u\u013eah\u010duje procesy ako mont\u00e1\u017e, zv\u00e1ranie a manipul\u00e1cia, \u010d\u00edm sa zvy\u0161uje efektivita a presnos\u0165 v\u00fdroby.<\/p>\n<p><strong>3. Po\u013enohospod\u00e1rske stroje:<\/strong> V po\u013enohospod\u00e1rskych strojoch, ako s\u00fa zbera\u010de a seja\u010dky, riadia valce ramien pohyb ovl\u00e1dac\u00edch ramien a vykon\u00e1vaj\u00fa \u00falohy ako siatie, hnojenie a zber \u00farody.<\/p>\n<p><strong>4. \u0164a\u017eba:<\/strong> Valce ramien v bansk\u00fdch zariadeniach ovl\u00e1daj\u00fa pohyb ramena pri \u0165a\u017ebe a preprave rudy.<\/p>\n<p><strong>5. Logistika a doprava:<\/strong> Vo vysokozdvi\u017en\u00fdch voz\u00edkoch a manipula\u010dn\u00fdch robotoch ovl\u00e1daj\u00fa valce ramien zdv\u00edhanie a pohyb vidl\u00edc, \u010do umo\u017e\u0148uje manipul\u00e1ciu s materi\u00e1lom a jeho stohovanie.<\/p>\n<h2>\u00davahy o dizajne a krit\u00e9ri\u00e1 v\u00fdberu<\/h2>\n<ul>\n<li><strong>Nosnos\u0165:<\/strong> Valec ramena by mal by\u0165 navrhnut\u00fd tak, aby odolal zam\u00fd\u0161\u013ean\u00e9mu za\u0165a\u017eeniu a spo\u013eahlivo fungoval za r\u00f4znych prev\u00e1dzkov\u00fdch podmienok.<\/li>\n<li><strong>Tesnenie:<\/strong> Mali by sa pou\u017e\u00edva\u0165 r\u00f4zne tesniace prvky, ako s\u00fa tesnenia piestov a tesnenia ty\u010d\u00ed, s pou\u017eit\u00edm materi\u00e1lov odoln\u00fdch vo\u010di opotrebovaniu, ako je polyuret\u00e1n a nitrilov\u00fd kau\u010duk. Teleso valca a z\u00e1vitov\u00e9 konce by mali by\u0165 presne o\u0161etren\u00e9, aby sa zv\u00fd\u0161ila odolnos\u0165 vo\u010di opotrebovaniu.<\/li>\n<li><strong>Trvanlivos\u0165:<\/strong> Valec ramena by mal by\u0165 vyroben\u00fd z vysoko kvalitn\u00fdch materi\u00e1lov, ktor\u00e9 zabezpe\u010duj\u00fa odolnos\u0165 vo\u010di opotrebovaniu a kor\u00f3zii, aby odolal n\u00e1ro\u010dn\u00fdm podmienkam.<\/li>\n<li><strong>Bezpe\u010dnos\u0165:<\/strong> Do kon\u0161trukcie by mali by\u0165 za\u010dlenen\u00e9 bezpe\u010dnostn\u00e9 prvky, aby sa predi\u0161lo nehod\u00e1m a zabezpe\u010dila sa bezpe\u010dn\u00e1 prev\u00e1dzka strojov.<\/li>\n<li><strong>Udr\u017eiavate\u013enos\u0165:<\/strong> Kon\u0161trukcia by mala zoh\u013ead\u0148ova\u0165 jednoduchos\u0165 \u00fadr\u017eby a v\u00fdmeny, u\u013eah\u010denie pravideln\u00fdch kontrol a skr\u00e1tenie prestojov zariaden\u00ed.<\/li>\n<\/ul>\n<p><img decoding=\"async\" src=\"https:\/\/www.hydraulic-cylinders.net\/wp-content\/uploads\/2025\/01\/songte-cylinder-head-with-all-kinds-excavator-models.webp\"><\/p>\n<h2>Tesnenie a mazanie<\/h2>\n<p>Valec ramena vyu\u017e\u00edva r\u00f4zne tesniace komponenty, ako s\u00fa tesnenia piestov a tesnenia ty\u010d\u00ed, vyroben\u00e9 z materi\u00e1lov odoln\u00fdch vo\u010di opotrebovaniu, ako je polyuret\u00e1n a nitrilov\u00fd kau\u010duk. Teleso valca a z\u00e1vitov\u00e9 konce s\u00fa prec\u00edzne o\u0161etren\u00e9 na zv\u00fd\u0161enie odolnosti vo\u010di opotrebovaniu. Pre zabezpe\u010denie hladk\u00e9ho chodu je potrebn\u00e9 pravideln\u00e9 mazanie vhodn\u00fdm mno\u017estvom hydraulick\u00e9ho oleja.<\/p>\n<h2>Pravideln\u00e1 kontrola a prevent\u00edvna \u00fadr\u017eba<\/h2>\n<ul>\n<li>Pravidelne kontrolujte valec ramena, \u010di nevykazuje zn\u00e1mky opotrebovania, netesnost\u00ed alebo po\u0161kodenia.<\/li>\n<li>Kontrolujte a udr\u017eiavajte spr\u00e1vnu hladinu a kvalitu hydraulick\u00e9ho oleja.<\/li>\n<li>Uvo\u013enen\u00e9 spoje utiahnite a po\u0161koden\u00e9 tesnenia ihne\u010f vyme\u0148te.<\/li>\n<li>Dodr\u017eiavajte pokyny v\u00fdrobcu t\u00fdkaj\u00face sa intervalov a postupov \u00fadr\u017eby.<\/li>\n<li>Udr\u017eujte valec ramena \u010dist\u00fd a bez ne\u010dist\u00f4t alebo kontaminantov.<\/li>\n<\/ul>\n<p><img decoding=\"async\" src=\"https:\/\/www.hydraulic-cylinders.net\/wp-content\/uploads\/2025\/01\/songte-chushion-collar.webp\"><\/p>\n<h2>Sprievodca in\u0161tal\u00e1ciou produktu<\/h2>\n<p>Spr\u00e1vna in\u0161tal\u00e1cia valca ramena je nevyhnutn\u00e1 pre jeho optim\u00e1lny v\u00fdkon. Postupujte pod\u013ea t\u00fdchto krokov:<\/p>\n<ol>\n<li>Uistite sa, \u017ee stroj je vypnut\u00fd a hydraulick\u00fd syst\u00e9m je bez tlaku.<\/li>\n<li>Umiestnite valec ramena na ur\u010den\u00e9 miesto mont\u00e1\u017ee.<\/li>\n<li>Bezpe\u010dne pripojte valec k strojov\u00e9mu zariadeniu pomocou vhodn\u00fdch skrutiek a spojovac\u00edch prvkov.<\/li>\n<li>Skontrolujte spr\u00e1vne zarovnanie a v\u00f4\u013eu, aby ste predi\u0161li ak\u00e9muko\u013evek ru\u0161eniu po\u010das prev\u00e1dzky.<\/li>\n<li>Dvakr\u00e1t skontrolujte v\u0161etky pripojenia a v pr\u00edpade potreby ich dotiahnite.<\/li>\n<li>Pred obnoven\u00edm be\u017enej prev\u00e1dzky otestujte funk\u010dnos\u0165 valca ramena.<\/li>\n<\/ol>\n<p><img decoding=\"async\" src=\"https:\/\/www.hydraulic-cylinders.net\/wp-content\/uploads\/2025\/01\/songte-bushings-with-all-kinds-of-excavator-models.webp\"><\/p>\n<h2>Bezpe\u010dnostn\u00e9 aspekty a faktory prostredia<\/h2>\n<p>Pri pou\u017e\u00edvan\u00ed hydraulick\u00fdch valcov ramena je nevyhnutn\u00e9 uprednostni\u0165 bezpe\u010dnostn\u00e9 opatrenia. Spr\u00e1vne \u0161kolenie, dodr\u017eiavanie prev\u00e1dzkov\u00fdch pokynov a pou\u017e\u00edvanie vhodn\u00e9ho bezpe\u010dnostn\u00e9ho vybavenia m\u00f4\u017eu predch\u00e1dza\u0165 nehod\u00e1m a zabezpe\u010di\u0165 bezpe\u010dn\u00e9 pracovn\u00e9 prostredie. Okrem toho je pre ekologick\u00e9 postupy k\u013e\u00fa\u010dov\u00e9 zoh\u013eadni\u0165 environment\u00e1lne faktory, ako je prevencia \u00fanikov a zodpovedn\u00e1 likvid\u00e1cia hydraulickej kvapaliny.<\/p>\n<h2>Rie\u0161enie probl\u00e9mov a be\u017en\u00e9 probl\u00e9my<\/h2>\n<p>Tu je nieko\u013eko mo\u017en\u00fdch tipov na rie\u0161enie probl\u00e9mov a rie\u0161en\u00ed be\u017en\u00fdch probl\u00e9mov s valcom ramena:<\/p>\n<ul>\n<li>Probl\u00e9m 1: \u00danik \u2013 Skontrolujte, \u010di nie s\u00fa po\u0161koden\u00e9 tesnenia a dotiahnite spoje. V pr\u00edpade potreby vyme\u0148te opotrebovan\u00e9 tesnenia.<\/li>\n<li>Probl\u00e9m 2: Nerovnomern\u00fd alebo trhan\u00fd pohyb \u2013 Skontrolujte, \u010di nedoch\u00e1dza k nespr\u00e1vnemu zarovnaniu alebo mechanick\u00fdm prek\u00e1\u017ekam. Nama\u017ete pohybliv\u00e9 \u010dasti a zabezpe\u010dte spr\u00e1vny prietok a tlak hydraulick\u00e9ho oleja.<\/li>\n<li>Probl\u00e9m 3: Nadmern\u00e9 teplo \u2013 Skontrolujte spr\u00e1vnu hladinu hydraulick\u00e9ho oleja a funk\u010dnos\u0165 chladiaceho syst\u00e9mu. Skontrolujte, \u010di nie s\u00fa upchat\u00e9 filtre alebo in\u00e9 prek\u00e1\u017eky.<\/li>\n<li>Probl\u00e9m 4: Hlu\u010dn\u00e1 prev\u00e1dzka \u2013 Skontrolujte, \u010di nie s\u00fa uvo\u013enen\u00e9 alebo po\u0161koden\u00e9 s\u00fa\u010diastky. V pr\u00edpade potreby ich vyme\u0148te alebo dotiahnite. Zabezpe\u010dte spr\u00e1vne mazanie.<\/li>\n<\/ul>\n<p>Rie\u0161en\u00edm t\u00fdchto be\u017en\u00fdch probl\u00e9mov v\u010das m\u00f4\u017eu \u010ditatelia efekt\u00edvne diagnostikova\u0165 a rie\u0161i\u0165 probl\u00e9my, ako aj zavies\u0165 prevent\u00edvne opatrenia na minimaliz\u00e1ciu potenci\u00e1lnych probl\u00e9mov.<\/p>\n<p><img decoding=\"async\" src=\"https:\/\/www.hydraulic-cylinders.net\/wp-content\/uploads\/2025\/01\/songte-chushion-collar.webp\"><\/p>\n<p>Autor: lyl<\/p>\n<h2>O na\u0161ej spolo\u010dnosti<\/h2>\n<p>Sme profesion\u00e1lny v\u00fdrobca n\u00e1hradn\u00fdch hydraulick\u00fdch valcov a pon\u00fakame \u0161irok\u00fd sortiment produktov. Stali sme sa jedn\u00fdm z popredn\u00fdch v\u00fdrobcov a ve\u013ekoobchodn\u00fdch distrib\u00fatorov hydraulick\u00fdch valcov na dom\u00e1com aj medzin\u00e1rodnom trhu. Dodr\u017eiavame princ\u00edp excelentnosti a neust\u00e1le zlep\u0161ujeme na\u0161e technick\u00e9 znalosti a efektivitu v\u00fdroby prostredn\u00edctvom vyladen\u00fdch v\u00fdrobn\u00fdch procesov. V\u010faka najmodernej\u0161iemu digit\u00e1lnemu v\u00fdrobn\u00e9mu zariadeniu a profesion\u00e1lnym testovac\u00edm syst\u00e9mom optimalizujeme na\u0161u v\u00fdrobn\u00fa platformu a zlep\u0161ujeme procesy kontroly kvality v\u00fdrobkov, \u010d\u00edm preukazujeme siln\u00e9 inova\u010dn\u00e9 schopnosti. Na\u0161\u00edm cie\u013eom je uspokojova\u0165 rozmanit\u00e9 potreby z\u00e1kazn\u00edkov s efektivitou, presnos\u0165ou a vysoko kvalitn\u00fdmi produktmi.<\/p>\n<p><img decoding=\"async\" src=\"https:\/\/www.hydraulic-cylinders.net\/wp-content\/uploads\/2025\/01\/songte-company-4.webp\"><br \/>\n<img decoding=\"async\" src=\"https:\/\/www.hydraulic-cylinders.net\/wp-content\/uploads\/2025\/01\/songte-company-3.webp\"><\/p>\n<p>Na\u0161a spolo\u010dnos\u0165 sa odli\u0161uje:<\/p>\n<ul>\n<li><strong>Odbornos\u0165:<\/strong> M\u00e1me t\u00edm odborn\u00edkov so sk\u00fasenos\u0165ami vo v\u00fdrobe a n\u00e1vrhu hydraulick\u00fdch valcov.<\/li>\n<li><strong>Medzin\u00e1rodn\u00e9 certifik\u00e1cie:<\/strong> Na\u0161e produkty sp\u013a\u0148aj\u00fa pr\u00edsne medzin\u00e1rodn\u00e9 normy kvality a bezpe\u010dnosti.<\/li>\n<li><strong>Slu\u017eby prisp\u00f4sobenia:<\/strong> Pon\u00fakame rie\u0161enia \u0161it\u00e9 na mieru, ktor\u00e9 sp\u013a\u0148aj\u00fa \u0161pecifick\u00e9 po\u017eiadavky z\u00e1kazn\u00edka.<\/li>\n<li><strong>Pokro\u010dil\u00e9 v\u00fdrobn\u00e9 zariadenia:<\/strong> Na\u0161e v\u00fdrobn\u00e9 zariadenie je vybaven\u00e9 \u0161pi\u010dkov\u00fdmi digit\u00e1lnymi strojmi.<\/li>","protected":false},"excerpt":{"rendered":"<p>Arm Cylinder for Kobelco Large Excavator SK4608 Product Definition The arm cylinder is a specially designed hydraulic cylinder that provides linear motion and power to the arm of various machinery, such as excavators, cranes, and mechanical arms. It plays a crucial role in hydraulic systems, enabling the effective movement and control of attachments or accessories. [&hellip;]<\/p>","protected":false},"featured_media":14772,"comment_status":"open","ping_status":"closed","template":"","meta":{"_et_pb_use_builder":"","_et_pb_old_content":"","_et_gb_content_width":""},"product_brand":[],"product_cat":[1497],"product_tag":[1498,1496],"class_list":{"0":"post-16300","1":"product","2":"type-product","3":"status-publish","4":"has-post-thumbnail","6":"product_cat-arm-cylinders","7":"product_tag-arm-cylinders","8":"product_tag-hydraulic-cylinders","10":"first","11":"instock","12":"shipping-taxable","13":"product-type-simple"},"amp_enabled":true,"_links":{"self":[{"href":"https:\/\/www.hydraulic-cylinders.net\/sk\/wp-json\/wp\/v2\/product\/16300","targetHints":{"allow":["GET"]}}],"collection":[{"href":"https:\/\/www.hydraulic-cylinders.net\/sk\/wp-json\/wp\/v2\/product"}],"about":[{"href":"https:\/\/www.hydraulic-cylinders.net\/sk\/wp-json\/wp\/v2\/types\/product"}],"replies":[{"embeddable":true,"href":"https:\/\/www.hydraulic-cylinders.net\/sk\/wp-json\/wp\/v2\/comments?post=16300"}],"wp:featuredmedia":[{"embeddable":true,"href":"https:\/\/www.hydraulic-cylinders.net\/sk\/wp-json\/wp\/v2\/media\/14772"}],"wp:attachment":[{"href":"https:\/\/www.hydraulic-cylinders.net\/sk\/wp-json\/wp\/v2\/media?parent=16300"}],"wp:term":[{"taxonomy":"product_brand","embeddable":true,"href":"https:\/\/www.hydraulic-cylinders.net\/sk\/wp-json\/wp\/v2\/product_brand?post=16300"},{"taxonomy":"product_cat","embeddable":true,"href":"https:\/\/www.hydraulic-cylinders.net\/sk\/wp-json\/wp\/v2\/product_cat?post=16300"},{"taxonomy":"product_tag","embeddable":true,"href":"https:\/\/www.hydraulic-cylinders.net\/sk\/wp-json\/wp\/v2\/product_tag?post=16300"}],"curies":[{"name":"pracovn\u00fd list","href":"https:\/\/api.w.org\/{rel}","templated":true}]}}