{"id":16303,"date":"2025-01-20T09:03:58","date_gmt":"2025-01-20T09:03:58","guid":{"rendered":"https:\/\/www.hydraulic-cylinders.net\/product\/arm-cylinderfor-yugong-wy15-7\/"},"modified":"2025-01-20T09:04:00","modified_gmt":"2025-01-20T09:04:00","slug":"arm-cylinderfor-yugong-wy15-7","status":"publish","type":"product","link":"https:\/\/www.hydraulic-cylinders.net\/sk\/produkt\/arm-cylinderfor-yugong-wy15-7\/","title":{"rendered":"Valec ramena pre Yugong WY15-7"},"content":{"rendered":"<p>Valec ramena pre Yugong WY15-7<\/p>\n<p>Hydraulick\u00fd valec ramena je \u0161pecializovan\u00fd hydraulick\u00fd valec ur\u010den\u00fd na zabezpe\u010denie line\u00e1rneho pohybu a v\u00fdkonu ramien r\u00f4znych typov strojov, ako s\u00fa r\u00fdpadl\u00e1, \u017eeriavy a robotick\u00e9 ramen\u00e1. Zohr\u00e1va k\u013e\u00fa\u010dov\u00fa \u00falohu v hydraulick\u00fdch syst\u00e9moch, preto\u017ee umo\u017e\u0148uje efekt\u00edvny pohyb a ovl\u00e1danie dodato\u010dn\u00fdch n\u00e1strojov alebo pr\u00edslu\u0161enstva. Tieto valce nielen dosahuj\u00fa plynul\u00fd pohyb, ale tie\u017e odol\u00e1vaj\u00fa \u0165a\u017ek\u00fdm za\u0165a\u017eeniam, \u010d\u00edm zabezpe\u010duj\u00fa efekt\u00edvnu prev\u00e1dzku a spo\u013eahlivos\u0165 strojov v r\u00f4znych pracovn\u00fdch podmienkach.<\/p>\n<p><img decoding=\"async\" src=\"https:\/\/www.hydraulic-cylinders.net\/wp-content\/uploads\/2025\/01\/songte-company-2.webp\"><\/p>\n<p>Vlastnosti:<\/p>\n<p>1. Vysoko\u00fa\u010dinn\u00fd prevod: Valec ramena poskytuje siln\u00fd line\u00e1rny pohyb a silu, \u010d\u00edm zais\u0165uje vysoko\u00fa\u010dinn\u00fd v\u00fdkon mechanick\u00e9ho ramena pri r\u00f4znych oper\u00e1ci\u00e1ch.<\/p>\n<p>2. Presn\u00e9 ovl\u00e1danie: Prostredn\u00edctvom hydraulick\u00e9ho syst\u00e9mu dok\u00e1\u017ee valec ramena dosiahnu\u0165 presn\u00e9 ovl\u00e1danie pohybu, \u010d\u00edm sa ovl\u00e1danie \u010fal\u0161\u00edch n\u00e1strojov stane flexibilnej\u0161\u00edm a presnej\u0161\u00edm.<\/p>\n<p>3. Vysok\u00e1 odolnos\u0165: Valce ramien s\u00fa zvy\u010dajne vyroben\u00e9 z vysoko pevn\u00fdch materi\u00e1lov s dobrou odolnos\u0165ou vo\u010di opotrebovaniu a kor\u00f3zii, vhodn\u00e9 na dlhodob\u00e9 pou\u017e\u00edvanie v n\u00e1ro\u010dn\u00fdch podmienkach.<\/p>\n<p>4. V\u0161estrann\u00e1 prisp\u00f4sobivos\u0165: Tieto valce sa daj\u00fa \u0161iroko pou\u017e\u00edva\u0165 v r\u00f4znych mechanick\u00fdch zariadeniach, ako s\u00fa bagre, \u017eeriavy a robotick\u00e9 ramen\u00e1, a prisp\u00f4sobuj\u00fa sa r\u00f4znym pracovn\u00fdm po\u017eiadavk\u00e1m.<\/p>\n<p>5. Jednoduch\u00e1 \u00fadr\u017eba: Kon\u0161trukcia zoh\u013ead\u0148uje jednoduch\u00fa \u00fadr\u017ebu a v\u00fdmenu, v\u010faka \u010domu s\u00fa pravideln\u00e9 kontroly a \u00fadr\u017eba pohodlnej\u0161ie a skracuj\u00fa sa prestoje zariaden\u00ed.<\/p>\n<p>Tento produkt vieme vyrobi\u0165 a na\u0161e produkty dok\u00e1\u017eu dokonale nahradi\u0165 tieto hydraulick\u00e9 valce.<\/p>\n<p><img decoding=\"async\" src=\"https:\/\/www.hydraulic-cylinders.net\/wp-content\/uploads\/2025\/01\/songte-oil-pipes-and-spare-parts.webp\"><\/p>\n<p>Aplik\u00e1cie:<\/p>\n<p>1. Stavebn\u00e9 in\u017einierstvo: V bagroch a \u017eeriavoch sa valec ramena pou\u017e\u00edva na ovl\u00e1danie pohybu r\u00fdpadla alebo v\u00fdlo\u017en\u00edka, vykon\u00e1vanie zemn\u00fdch pr\u00e1c, manipul\u00e1ciu s materi\u00e1lom a mont\u00e1\u017e kon\u0161trukci\u00ed.<\/p>\n<p>2. V\u00fdroba: V automatizovan\u00fdch v\u00fdrobn\u00fdch link\u00e1ch sa valec ramena pou\u017e\u00edva na pohyb robotick\u00fdch ramien, vykon\u00e1vanie mont\u00e1\u017enych, zv\u00e1rac\u00edch a manipula\u010dn\u00fdch procesov, \u010d\u00edm sa zlep\u0161uje efektivita a presnos\u0165 v\u00fdroby.<\/p>\n<p>3. Po\u013enohospod\u00e1rske stroje: V po\u013enohospod\u00e1rskych strojoch, ako s\u00fa zbera\u010de a seja\u010dky, valec ramena riadi pohyb ovl\u00e1dacieho ramena a vykon\u00e1va \u00falohy, ako je siatie, hnojenie a zber \u00farody.<\/p>\n<p>4. \u0164a\u017eba: V bansk\u00fdch zariadeniach sa valec ramena pou\u017e\u00edva na ovl\u00e1danie pohybu ramena bansk\u00e9ho zariadenia, na \u0165a\u017ebu a manipul\u00e1ciu s rudou.<\/p>\n<p>5. Logistika a doprava: Vo vysokozdvi\u017en\u00fdch voz\u00edkoch a manipula\u010dn\u00fdch robotoch sa valec ramena pou\u017e\u00edva na ovl\u00e1danie zdv\u00edhania a pohybu n\u00e1kladnej vidlice, \u010d\u00edm sa dosahuje manipul\u00e1cia s materi\u00e1lom a stohovanie.<\/p>\n<p>\u00davahy o dizajne a krit\u00e9ri\u00e1 v\u00fdberu:<\/p>\n<p>1. Nosnos\u0165: Valce ramien by sa mali vybera\u0165 na z\u00e1klade maxim\u00e1lnej nosnosti stroja.<\/p>\n<p>2. Tesniaci v\u00fdkon: Na zabezpe\u010denie dobr\u00e9ho tesniaceho v\u00fdkonu by sa mali pou\u017ei\u0165 r\u00f4zne tesniace komponenty, ako s\u00fa tesnenia piestov a tesnenia ty\u010d\u00ed, a pre tesnenia by sa mali zvoli\u0165 materi\u00e1ly odoln\u00e9 vo\u010di opotrebovaniu, ako je polyuret\u00e1n a nitrilov\u00e1 guma.<\/p>\n<p>3. Trvanlivos\u0165: Teleso valca a z\u00e1vitov\u00e9 koncov\u00e9 povrchy by mali by\u0165 jemne opracovan\u00e9, aby sa zlep\u0161ila odolnos\u0165 vo\u010di opotrebovaniu.<\/p>\n<p>4. Bezpe\u010dnos\u0165: Aby sa predi\u0161lo nehod\u00e1m sp\u00f4soben\u00fdm pre\u0165a\u017een\u00edm alebo n\u00e1razom, mali by sa nain\u0161talova\u0165 bezpe\u010dnostn\u00e9 zariadenia, ako s\u00fa poistn\u00e9 ventily a n\u00e1razn\u00edky.<\/p>\n<p>5. \u00dadr\u017eba: Kon\u0161trukcia by mala zoh\u013ead\u0148ova\u0165 jednoduch\u00fa \u00fadr\u017ebu a v\u00fdmenu a valec by mal by\u0165 naplnen\u00fd pr\u00edslu\u0161n\u00fdm mno\u017estvom hydraulick\u00e9ho oleja na mazanie pod\u013ea pokynov v\u00fdrobcu.<\/p>\n<p><img decoding=\"async\" src=\"https:\/\/www.hydraulic-cylinders.net\/wp-content\/uploads\/2025\/01\/songte-cylinder-head-with-all-kinds-excavator-models.webp\"><\/p>\n<p>Pravideln\u00e1 kontrola a prevent\u00edvna \u00fadr\u017eba:<\/p>\n<p>1. Pravidelne kontrolujte tesniaci v\u00fdkon valca a v pr\u00edpade potreby v\u010das vyme\u0148te tesniace komponenty.<\/p>\n<p>2. Pravidelne kontrolujte opotrebovanie telesa valca a piestnej ty\u010de a v pr\u00edpade potreby ich vyme\u0148te.<\/p>\n<p>3. Pravidelne kontrolujte hladinu a kvalitu hydraulick\u00e9ho oleja a v pr\u00edpade potreby olej vyme\u0148te alebo dopl\u0148te.<\/p>\n<p>4. Pravidelne kontrolujte bezpe\u010dnostn\u00e9 zariadenia, aby ste sa uistili, \u017ee spr\u00e1vne funguj\u00fa.<\/p>\n<p>5. Pravidelne \u010distite valec a okolie, aby ste predi\u0161li kontamin\u00e1cii.<\/p>\n<p>Spr\u00e1vny n\u00e1vod na in\u0161tal\u00e1ciu:<\/p>\n<p>1. Vyberte vhodn\u00fd valec a zodpovedaj\u00face pr\u00edslu\u0161enstvo pod\u013ea po\u017eiadaviek na za\u0165a\u017eenie stroja a podmienok in\u0161tal\u00e1cie.<\/p>\n<p>2. Pripojte valec k hydraulick\u00e9mu syst\u00e9mu pod\u013ea pokynov v\u00fdrobcu a uistite sa, \u017ee potrubie je spr\u00e1vne nain\u0161talovan\u00e9.<\/p>\n<p>3. Nain\u0161talujte valec a pr\u00edslu\u0161enstvo pod\u013ea pokynov v\u00fdrobcu.<\/p>\n<p>4. Pred pou\u017eit\u00edm skontrolujte, \u010di f\u013ea\u0161a funguje spr\u00e1vne.<\/p>\n<p><img decoding=\"async\" src=\"https:\/\/www.hydraulic-cylinders.net\/wp-content\/uploads\/2025\/01\/songte-bushings-with-all-kinds-of-excavator-models.webp\"><\/p>\n<p>Bezpe\u010dnostn\u00e9 aspekty a faktory prostredia:<\/p>\n<p>1. Pri pou\u017e\u00edvan\u00ed valcov s ramenom je bezpe\u010dnos\u0165 nevyhnutn\u00e1 a dodr\u017eiavanie bezpe\u010dnostn\u00fdch pravidiel je nevyhnutn\u00e9 na predch\u00e1dzanie nehod\u00e1m.<\/p>\n<p>2. Pri v\u00fdbere materi\u00e1lov pre valec by sa mali zv\u00e1\u017ei\u0165 faktory prostredia, ako je teplota, vlhkos\u0165 a chemick\u00e1 er\u00f3zia.<\/p>\n<p>Diagnostika por\u00fach a be\u017en\u00e9 probl\u00e9my:<\/p>\n<p>1. \u00danik z valca: Tesniace komponenty s\u00fa opotrebovan\u00e9 alebo po\u0161koden\u00e9 alebo je po\u0161koden\u00e9 teleso valca.<\/p>\n<p>2. Nedostato\u010dn\u00e1 sila alebo pohyb: Nedostato\u010dn\u00fd hydraulick\u00fd tlak, po\u0161koden\u00e1 piestna ty\u010d alebo nedostato\u010dn\u00e9 mazanie.<\/p>\n<p>3. Abnorm\u00e1lny hluk: Uvo\u013enen\u00e9 pripojenie alebo po\u0161kodenie valca alebo pr\u00edslu\u0161enstva, nedostato\u010dn\u00e9 mazanie alebo po\u0161kodenie hydraulick\u00e9ho \u010derpadla.<\/p>\n<p>4. Pomal\u00fd pohyb: Nedostato\u010dn\u00fd hydraulick\u00fd tlak, zablokovan\u00e9 potrubie alebo po\u0161koden\u00e1 piestna ty\u010d.<\/p>\n<p>5. Vibr\u00e1cie valca: Uvo\u013enen\u00e9 spojenie alebo po\u0161kodenie valca alebo pr\u00edslu\u0161enstva, pr\u00edpadne nevyv\u00e1\u017een\u00e9 za\u0165a\u017eenie.<\/p>\n<p>Opatrenia na rie\u0161enie a prevenciu por\u00fach:<\/p>\n<p>1. V\u010das vyme\u0148te opotrebovan\u00e9 alebo po\u0161koden\u00e9 tesniace komponenty.<\/p>\n<p>2. Skontrolujte a upravte hydraulick\u00fd tlak, aby ste sa uistili, \u017ee sp\u013a\u0148a po\u017eiadavky.<\/p>\n<p>3. Po\u0161koden\u00e9 diely v\u010das vyme\u0148te alebo opravte.<\/p>\n<p>4. Pravidelne dop\u013a\u0148ajte pr\u00edslu\u0161n\u00e9 mno\u017estvo hydraulick\u00e9ho oleja pod\u013ea pokynov v\u00fdrobcu.<\/p>\n<p>5. Pravidelne kontrolujte a udr\u017eiavajte f\u013ea\u0161u a pr\u00edslu\u0161enstvo, aby ste predi\u0161li potenci\u00e1lnym probl\u00e9mom.<\/p>\n<p>Sme profesion\u00e1lny v\u00fdrobca n\u00e1hradn\u00fdch hydraulick\u00fdch valcov so \u0161irokou \u0161k\u00e1lou produktov a stali sme sa jedn\u00fdm z popredn\u00fdch v\u00fdrobcov a ve\u013ekoobchodn\u00fdch distrib\u00fatorov hydraulick\u00fdch valcov na dom\u00e1com aj medzin\u00e1rodnom trhu. V\u017edy dodr\u017eiavame z\u00e1sadu vynikaj\u00facej kvality, spoliehame sa na strat\u00e9giu riadenia priemyselnej v\u00fdroby v prepracovanej v\u00fdrobnej dielni a neust\u00e1le zlep\u0161ujeme na\u0161u technol\u00f3giu a efektivitu v\u00fdroby. Zav\u00e1dzan\u00edm \u0161pi\u010dkov\u00fdch digit\u00e1lnych v\u00fdrobn\u00fdch zariaden\u00ed a profesion\u00e1lnych testovac\u00edch syst\u00e9mov optimalizujeme v\u00fdrobn\u00fa platformu a zlep\u0161ujeme procesy kontroly kvality v\u00fdrobkov, pri\u010dom disponujeme siln\u00fdmi inova\u010dn\u00fdmi schopnos\u0165ami. Na\u0161\u00edm cie\u013eom je uspokoji\u0165 rozmanit\u00e9 potreby z\u00e1kazn\u00edkov s vyu\u017eit\u00edm z\u00e1sad vysokej efektivity, presnosti a vysokej kvality.<\/p>\n<p>Od profesionality, medzin\u00e1rodnej certifik\u00e1cie, slu\u017eieb na mieru, v\u00fdrobn\u00fdch zariaden\u00ed, popredajn\u00e9ho servisu at\u010f., vieme poskytn\u00fa\u0165 podrobnej\u0161ie inform\u00e1cie o na\u0161ej spolo\u010dnosti.<\/p>\n<p><img decoding=\"async\" src=\"https:\/\/www.hydraulic-cylinders.net\/wp-content\/uploads\/2025\/01\/songte-company-4.webp\"><br \/>\n<img decoding=\"async\" src=\"https:\/\/www.hydraulic-cylinders.net\/wp-content\/uploads\/2025\/01\/songte-company-3.webp\"><\/p>\n<p>Autor: lyl.<\/p>","protected":false},"excerpt":{"rendered":"<p>Arm Cylinder For Yugong WY15-7 Arm cylinder is a specialized hydraulic cylinder designed to provide linear motion and power to the arms of various types of machinery such as excavators, cranes, and robotic arms. It plays a crucial role in hydraulic systems, enabling the effective movement and control of additional tools or attachments. These cylinders [&hellip;]<\/p>","protected":false},"featured_media":14763,"comment_status":"open","ping_status":"closed","template":"","meta":{"_et_pb_use_builder":"","_et_pb_old_content":"","_et_gb_content_width":""},"product_brand":[],"product_cat":[1497],"product_tag":[1498,1496],"class_list":{"0":"post-16303","1":"product","2":"type-product","3":"status-publish","4":"has-post-thumbnail","6":"product_cat-arm-cylinders","7":"product_tag-arm-cylinders","8":"product_tag-hydraulic-cylinders","10":"first","11":"instock","12":"shipping-taxable","13":"product-type-simple"},"amp_enabled":true,"_links":{"self":[{"href":"https:\/\/www.hydraulic-cylinders.net\/sk\/wp-json\/wp\/v2\/product\/16303","targetHints":{"allow":["GET"]}}],"collection":[{"href":"https:\/\/www.hydraulic-cylinders.net\/sk\/wp-json\/wp\/v2\/product"}],"about":[{"href":"https:\/\/www.hydraulic-cylinders.net\/sk\/wp-json\/wp\/v2\/types\/product"}],"replies":[{"embeddable":true,"href":"https:\/\/www.hydraulic-cylinders.net\/sk\/wp-json\/wp\/v2\/comments?post=16303"}],"wp:featuredmedia":[{"embeddable":true,"href":"https:\/\/www.hydraulic-cylinders.net\/sk\/wp-json\/wp\/v2\/media\/14763"}],"wp:attachment":[{"href":"https:\/\/www.hydraulic-cylinders.net\/sk\/wp-json\/wp\/v2\/media?parent=16303"}],"wp:term":[{"taxonomy":"product_brand","embeddable":true,"href":"https:\/\/www.hydraulic-cylinders.net\/sk\/wp-json\/wp\/v2\/product_brand?post=16303"},{"taxonomy":"product_cat","embeddable":true,"href":"https:\/\/www.hydraulic-cylinders.net\/sk\/wp-json\/wp\/v2\/product_cat?post=16303"},{"taxonomy":"product_tag","embeddable":true,"href":"https:\/\/www.hydraulic-cylinders.net\/sk\/wp-json\/wp\/v2\/product_tag?post=16303"}],"curies":[{"name":"pracovn\u00fd list","href":"https:\/\/api.w.org\/{rel}","templated":true}]}}