{"id":16305,"date":"2025-01-20T09:04:07","date_gmt":"2025-01-20T09:04:07","guid":{"rendered":"https:\/\/www.hydraulic-cylinders.net\/product\/arm-cylinderfor-yugong-wy135-8\/"},"modified":"2025-01-20T09:04:09","modified_gmt":"2025-01-20T09:04:09","slug":"arm-cylinderfor-yugong-wy135-8","status":"publish","type":"product","link":"https:\/\/www.hydraulic-cylinders.net\/sk\/produkt\/arm-cylinderfor-yugong-wy135-8\/","title":{"rendered":"Valec ramena pre Yugong WY135-8"},"content":{"rendered":"<h2>Valec ramena pre Yugong WY135-8<\/h2>\n<p>Hydraulick\u00fd valec ramena je \u0161peci\u00e1lne navrhnut\u00fd hydraulick\u00fd valec, ktor\u00fd zabezpe\u010duje line\u00e1rny pohyb a v\u00fdkon ramien r\u00f4znych strojov, ako s\u00fa r\u00fdpadl\u00e1, \u017eeriavy a robotick\u00e9 ramen\u00e1. Zohr\u00e1va k\u013e\u00fa\u010dov\u00fa \u00falohu v hydraulick\u00fdch syst\u00e9moch, preto\u017ee umo\u017e\u0148uje efekt\u00edvny pohyb a ovl\u00e1danie dodato\u010dn\u00fdch n\u00e1strojov alebo pr\u00edslu\u0161enstva. Tieto valce nielen zabezpe\u010duj\u00fa plynul\u00fd pohyb, ale tie\u017e odol\u00e1vaj\u00fa \u0165a\u017ek\u00fdm za\u0165a\u017eeniam, \u010d\u00edm zabezpe\u010duj\u00fa efekt\u00edvnu prev\u00e1dzku a spo\u013eahlivos\u0165 strojov v r\u00f4znych pracovn\u00fdch podmienkach.<\/p>\n<p><img decoding=\"async\" src=\"https:\/\/www.hydraulic-cylinders.net\/wp-content\/uploads\/2025\/01\/songte-company-2.webp\" alt=\"Obr\u00e1zok valca ramena\"><\/p>\n<h3>Vlastnosti valca ramena:<\/h3>\n<ol>\n<li>Vysoko\u00fa\u010dinn\u00fd prenos: Valec ramena poskytuje v\u00fdkonn\u00fd line\u00e1rny pohyb a silu, \u010d\u00edm zais\u0165uje vysok\u00fd v\u00fdkon robotick\u00e9ho ramena v r\u00f4znych oper\u00e1ci\u00e1ch.<\/li>\n<li>Presn\u00e9 ovl\u00e1danie: Prostredn\u00edctvom hydraulick\u00e9ho syst\u00e9mu umo\u017e\u0148uje valec ramena presn\u00e9 ovl\u00e1danie pohybu, \u010d\u00edm sa zvy\u0161uje flexibilita a presnos\u0165 ovl\u00e1dania pr\u00edslu\u0161enstva.<\/li>\n<li>Trvanlivos\u0165: Valce s ramenom s\u00fa vyroben\u00e9 z vysokopevnostn\u00fdch materi\u00e1lov, ktor\u00e9 pon\u00fakaj\u00fa vynikaj\u00facu odolnos\u0165 vo\u010di opotrebovaniu a kor\u00f3zii, v\u010faka \u010domu s\u00fa vhodn\u00e9 na dlhodob\u00e9 pou\u017e\u00edvanie v n\u00e1ro\u010dn\u00fdch podmienkach.<\/li>\n<li>Multifunk\u010dn\u00e1 prisp\u00f4sobivos\u0165: Tieto valce s\u00fa \u0161iroko pou\u017eite\u013en\u00e9 v r\u00f4znych strojoch, ako s\u00fa bagre, \u017eeriavy a robotick\u00e9 ramen\u00e1, a prisp\u00f4sobuj\u00fa sa r\u00f4znym po\u017eiadavk\u00e1m pr\u00e1ce.<\/li>\n<li>Jednoduch\u00e1 \u00fadr\u017eba: Kon\u0161trukcia valcov ramena zoh\u013ead\u0148uje jednoduch\u00fa \u00fadr\u017ebu a v\u00fdmenu, v\u010faka \u010domu s\u00fa pravideln\u00e9 kontroly a servis pohodln\u00e9, \u010d\u00edm sa skracuj\u00fa prestoje zariadenia.<\/li>\n<\/ol>\n<p><img decoding=\"async\" src=\"https:\/\/www.hydraulic-cylinders.net\/wp-content\/uploads\/2025\/01\/songte-oil-pipes-and-spare-parts.webp\" alt=\"Obr\u00e1zok hydraulick\u00e9ho valca\"><\/p>\n<h3>Pou\u017eitie valca ramena:<\/h3>\n<ul>\n<li>Stavebn\u00e9 in\u017einierstvo: V bagroch a \u017eeriavoch ovl\u00e1daj\u00fa valce ramena pohyb vedier alebo v\u00fdlo\u017en\u00edkov pri zemn\u00fdch pr\u00e1cach, manipul\u00e1cii s materi\u00e1lom a mont\u00e1\u017ei kon\u0161trukci\u00ed.<\/li>\n<li>V\u00fdrobn\u00fd priemysel: V automatizovan\u00fdch v\u00fdrobn\u00fdch link\u00e1ch u\u013eah\u010duj\u00fa valce ramien pohyb robotick\u00fdch ramien pri mont\u00e1\u017ei, zv\u00e1ran\u00ed a manipul\u00e1cii s materi\u00e1lom, \u010d\u00edm zlep\u0161uj\u00fa efektivitu a presnos\u0165 v\u00fdroby.<\/li>\n<li>Po\u013enohospod\u00e1rske stroje: Valce ramien ovl\u00e1daj\u00fa pohyb ovl\u00e1dac\u00edch ramien v po\u013enohospod\u00e1rskych strojoch, ako s\u00fa zbera\u010de a seja\u010dky, \u010do umo\u017e\u0148uje \u00falohy ako siatie, hnojenie a zber \u00farody.<\/li>\n<li>\u0164a\u017eba: V bansk\u00fdch zariadeniach ovl\u00e1daj\u00fa valce ramien pohyb ramena na \u00fa\u010dely \u0165a\u017eby a prepravy materi\u00e1lu.<\/li>\n<li>Logistika a doprava: Vo vysokozdvi\u017en\u00fdch voz\u00edkoch a manipula\u010dn\u00fdch robotoch ovl\u00e1daj\u00fa valce ramena zdv\u00edhanie a pohyb vidl\u00edc, \u010do umo\u017e\u0148uje manipul\u00e1ciu s materi\u00e1lom a stohovanie.<\/li>\n<\/ul>\n<h3>\u00davahy o dizajne a krit\u00e9ri\u00e1 v\u00fdberu:<\/h3>\n<p>Pri navrhovan\u00ed valcov s ramenom patria medzi k\u013e\u00fa\u010dov\u00e9 aspekty nosnos\u0165, tesnenie, trvanlivos\u0165, bezpe\u010dnos\u0165 a \u00fadr\u017eba.<\/p>\n<p><img decoding=\"async\" src=\"https:\/\/www.hydraulic-cylinders.net\/wp-content\/uploads\/2025\/01\/songte-cylinder-head-with-all-kinds-excavator-models.webp\" alt=\"Obr\u00e1zok hlavy valcov\"><\/p>\n<h3>Tesnenie a mazanie:<\/h3>\n<p>Valce s ramenom pou\u017e\u00edvaj\u00fa r\u00f4zne tesniace komponenty, ako s\u00fa tesnenia piestov a tesnenia ty\u010d\u00ed vyroben\u00e9 z materi\u00e1lov odoln\u00fdch vo\u010di opotrebovaniu, ako je polyuret\u00e1n a nitrilov\u00fd kau\u010duk. Teleso valca a z\u00e1vitov\u00e9 konce prech\u00e1dzaj\u00fa presnou povrchovou \u00fapravou na zv\u00fd\u0161enie odolnosti vo\u010di opotrebovaniu. Na zabezpe\u010denie hladk\u00e9ho chodu je potrebn\u00e9 pravideln\u00e9 mazanie vhodn\u00fdm hydraulick\u00fdm olejom.<\/p>\n<h3>Pravideln\u00e1 kontrola a prevent\u00edvna \u00fadr\u017eba:<\/h3>\n<ul>\n<li>Pravidelne kontrolujte valec, \u010di nevykazuje zn\u00e1mky \u00faniku, po\u0161kodenia alebo abnorm\u00e1lneho opotrebenia.<\/li>\n<li>Zabezpe\u010dte spr\u00e1vne mazanie a opotrebovan\u00e9 tesnenia alebo komponenty okam\u017eite vyme\u0148te.<\/li>\n<li>Skontrolujte hydraulick\u00fd syst\u00e9m, \u010di nie je zne\u010disten\u00fd alebo \u010di v \u0148om nie s\u00fa probl\u00e9my s tlakom, ktor\u00e9 by mohli ovplyvni\u0165 v\u00fdkon valca.<\/li>\n<li>Dodr\u017eiavajte odpor\u00fa\u010dania v\u00fdrobcu t\u00fdkaj\u00face sa pl\u00e1nov a postupov \u00fadr\u017eby.<\/li>\n<\/ul>\n<h3>Sprievodca in\u0161tal\u00e1ciou produktu:<\/h3>\n<p>Spr\u00e1vna in\u0161tal\u00e1cia valca ramena je nevyhnutn\u00e1 pre optim\u00e1lny v\u00fdkon a bezpe\u010dnos\u0165. Postupujte pod\u013ea t\u00fdchto krokov:<\/p>\n<ol>\n<li>Uistite sa, \u017ee stroj je vypnut\u00fd a hydraulick\u00fd syst\u00e9m je bez tlaku.<\/li>\n<li>Star\u00fd valec opatrne vyberte, aby ste nepo\u0161kodili ostatn\u00e9 komponenty.<\/li>\n<li>Skontrolujte mont\u00e1\u017ene body, \u010di nie s\u00fa opotrebovan\u00e9 alebo po\u0161koden\u00e9.<\/li>\n<li>Bezpe\u010dne nain\u0161talujte nov\u00fd valec ramena a zarovnajte mont\u00e1\u017ene otvory.<\/li>\n<li>Skrutky utiahnite na predp\u00edsan\u00fd kr\u00fatiaci moment pomocou vhodn\u00e9ho n\u00e1radia.<\/li>\n<li>Po natlakovan\u00ed hydraulick\u00e9ho syst\u00e9mu skontrolujte, \u010di nedoch\u00e1dza k \u00fanikom alebo abnormalit\u00e1m.<\/li>\n<\/ol>\n<p><img decoding=\"async\" src=\"https:\/\/www.hydraulic-cylinders.net\/wp-content\/uploads\/2025\/01\/songte-bushings-with-all-kinds-of-excavator-models.webp\" alt=\"Obr\u00e1zok puzdier\"><\/p>\n<h3>Bezpe\u010dnostn\u00e9 aspekty a faktory prostredia:<\/h3>\n<p>Pri pr\u00e1ci s ramenov\u00fdmi valcami je dodr\u017eiavanie bezpe\u010dnostn\u00fdch opatren\u00ed nevyhnutn\u00e9. T\u00fdm sa zabezpe\u010d\u00ed ochrana person\u00e1lu a zariaden\u00ed. Bezpe\u010dnostn\u00e9 opatrenia m\u00f4\u017eu zah\u0155\u0148a\u0165:<\/p>\n<ul>\n<li>Spr\u00e1vne \u0161kolenie oper\u00e1torov a person\u00e1lu \u00fadr\u017eby.<\/li>\n<li>Pou\u017e\u00edvanie bezpe\u010dnostn\u00fdch krytov a ochrann\u00fdch zariaden\u00ed.<\/li>\n<li>Implement\u00e1cia postupov blokovania\/ozna\u010dovania po\u010das \u00fadr\u017eby.<\/li>\n<li>Dodr\u017eiavanie pr\u00edslu\u0161n\u00fdch bezpe\u010dnostn\u00fdch noriem a predpisov.<\/li>\n<\/ul>\n<h3>Rie\u0161enie probl\u00e9mov a be\u017en\u00e9 probl\u00e9my:<\/h3>\n<p>Valec ramena m\u00f4\u017ee ma\u0165 r\u00f4zne probl\u00e9my vr\u00e1tane netesnost\u00ed, nedostato\u010dn\u00e9ho v\u00fdkonu alebo abnorm\u00e1lnej prev\u00e1dzky. Tu je nieko\u013eko tipov na rie\u0161enie probl\u00e9mov:<\/p>\n<ul>\n<li>Skontrolujte \u00faniky hydraulickej kvapaliny a opravte alebo vyme\u0148te po\u0161koden\u00e9 tesnenia.<\/li>\n<li>Zabezpe\u010dte spr\u00e1vny hydraulick\u00fd tlak a prietok do valca.<\/li>\n<li>Skontrolujte spoje a armat\u00fary, \u010di nie s\u00fa uvo\u013enen\u00e9 alebo po\u0161koden\u00e9.<\/li>\n<li>Vy\u010distite alebo vyme\u0148te upchat\u00e9 filtre alebo in\u00e9 komponenty ovplyv\u0148uj\u00face v\u00fdkon.<\/li>\n<\/ul>\n<p>Pravideln\u00e1 prevent\u00edvna \u00fadr\u017eba, kontrola a v\u010dasn\u00e9 rie\u0161enie probl\u00e9mov m\u00f4\u017eu minimalizova\u0165 potenci\u00e1lne probl\u00e9my a zabezpe\u010di\u0165 dlh\u00fa \u017eivotnos\u0165 valca ramena.<\/p>\n<p><img decoding=\"async\" src=\"https:\/\/www.hydraulic-cylinders.net\/wp-content\/uploads\/2025\/01\/songte-chushion-collar.webp\" alt=\"Obr\u00e1zok obojku Chushion\"><\/p>\n<p>Nezabudnite \u010dl\u00e1nok logicky usporiada\u0165 pomocou podnadpisov pre jednoduch\u00fa navig\u00e1ciu. Pre lep\u0161ie pochopenie pou\u017eite relevantn\u00e9 obr\u00e1zky alebo grafy. Uistite sa, \u017ee obsah je jasn\u00fd, stru\u010dn\u00fd a vhodn\u00fd pre \u010ditate\u013eov s r\u00f4znymi \u00farov\u0148ami technick\u00fdch znalost\u00ed.<\/p>\n<h2>O na\u0161ej spolo\u010dnosti<\/h2>\n<p>Sme profesion\u00e1lny v\u00fdrobca n\u00e1hradn\u00fdch hydraulick\u00fdch valcov a pon\u00fakame \u0161irok\u00fd sortiment produktov. Stali sme sa jedn\u00fdm z popredn\u00fdch v\u00fdrobcov a ve\u013ekoobchodn\u00fdch distrib\u00fatorov hydraulick\u00fdch valcov na dom\u00e1com aj medzin\u00e1rodnom trhu. Dodr\u017eiavame princ\u00edp excelentnosti a neust\u00e1le zlep\u0161ujeme na\u0161e technick\u00e9 znalosti a efektivitu v\u00fdroby prostredn\u00edctvom zdokonalen\u00fdch v\u00fdrobn\u00fdch procesov. Zav\u00e1dzan\u00edm najmodernej\u0161\u00edch digit\u00e1lnych v\u00fdrobn\u00fdch zariaden\u00ed a profesion\u00e1lnych testovac\u00edch syst\u00e9mov optimalizujeme na\u0161e v\u00fdrobn\u00e9 kapacity a zlep\u0161ujeme procesy kontroly kvality v\u00fdrobkov. Na\u0161\u00edm cie\u013eom je uspokoji\u0165 rozmanit\u00e9 potreby z\u00e1kazn\u00edkov s princ\u00edpmi efektivity, presnosti a vysokej kvality.<\/p>\n<p><img decoding=\"async\" src=\"https:\/\/www.hydraulic-cylinders.net\/wp-content\/uploads\/2025\/01\/songte-company-4.webp\" alt=\"Obr\u00e1zok spolo\u010dnosti\"><br \/>\n<img decoding=\"async\" src=\"https:\/\/www.hydraulic-cylinders.net\/wp-content\/uploads\/2025\/01\/songte-company-3.webp\" alt=\"Obr\u00e1zok spolo\u010dnosti\"><\/p>\n<p>Autor: lyl<\/p>","protected":false},"excerpt":{"rendered":"<p>Arm Cylinder for Yugong WY135-8 Arm Cylinder is a specially designed hydraulic cylinder that provides linear motion and power for the arms of various machinery, such as excavators, cranes, and robotic arms. It plays a critical role in hydraulic systems, enabling the effective movement and control of additional tools or attachments. These cylinders not only [&hellip;]<\/p>","protected":false},"featured_media":14786,"comment_status":"open","ping_status":"closed","template":"","meta":{"_et_pb_use_builder":"","_et_pb_old_content":"","_et_gb_content_width":""},"product_brand":[],"product_cat":[1497],"product_tag":[1498,1496],"class_list":{"0":"post-16305","1":"product","2":"type-product","3":"status-publish","4":"has-post-thumbnail","6":"product_cat-arm-cylinders","7":"product_tag-arm-cylinders","8":"product_tag-hydraulic-cylinders","10":"first","11":"instock","12":"shipping-taxable","13":"product-type-simple"},"amp_enabled":true,"_links":{"self":[{"href":"https:\/\/www.hydraulic-cylinders.net\/sk\/wp-json\/wp\/v2\/product\/16305","targetHints":{"allow":["GET"]}}],"collection":[{"href":"https:\/\/www.hydraulic-cylinders.net\/sk\/wp-json\/wp\/v2\/product"}],"about":[{"href":"https:\/\/www.hydraulic-cylinders.net\/sk\/wp-json\/wp\/v2\/types\/product"}],"replies":[{"embeddable":true,"href":"https:\/\/www.hydraulic-cylinders.net\/sk\/wp-json\/wp\/v2\/comments?post=16305"}],"wp:featuredmedia":[{"embeddable":true,"href":"https:\/\/www.hydraulic-cylinders.net\/sk\/wp-json\/wp\/v2\/media\/14786"}],"wp:attachment":[{"href":"https:\/\/www.hydraulic-cylinders.net\/sk\/wp-json\/wp\/v2\/media?parent=16305"}],"wp:term":[{"taxonomy":"product_brand","embeddable":true,"href":"https:\/\/www.hydraulic-cylinders.net\/sk\/wp-json\/wp\/v2\/product_brand?post=16305"},{"taxonomy":"product_cat","embeddable":true,"href":"https:\/\/www.hydraulic-cylinders.net\/sk\/wp-json\/wp\/v2\/product_cat?post=16305"},{"taxonomy":"product_tag","embeddable":true,"href":"https:\/\/www.hydraulic-cylinders.net\/sk\/wp-json\/wp\/v2\/product_tag?post=16305"}],"curies":[{"name":"pracovn\u00fd list","href":"https:\/\/api.w.org\/{rel}","templated":true}]}}