{"id":16310,"date":"2025-01-20T09:04:29","date_gmt":"2025-01-20T09:04:29","guid":{"rendered":"https:\/\/www.hydraulic-cylinders.net\/product\/arm-cylinderfor-volvo-small-excavator-ecr50d\/"},"modified":"2025-01-20T09:04:31","modified_gmt":"2025-01-20T09:04:31","slug":"arm-cylinderfor-volvo-small-excavator-ecr50d","status":"publish","type":"product","link":"https:\/\/www.hydraulic-cylinders.net\/sk\/produkt\/arm-cylinderfor-volvo-small-excavator-ecr50d\/","title":{"rendered":"Valec ramena pre mal\u00e9 r\u00fdpadlo Volvo ECR50D"},"content":{"rendered":"<h1>Valec ramena pre mal\u00e9 r\u00fdpadlo Volvo ECR50D<\/h1>\n<h2>\u00davod<\/h2>\n<p>Hydraulick\u00fd valec ramena pre mal\u00e9 r\u00fdpadlo Volvo ECR50D je \u0161pecializovan\u00fd hydraulick\u00fd valec ur\u010den\u00fd na zabezpe\u010denie line\u00e1rneho pohybu a v\u00fdkonu ramena r\u00f4znych typov strojov, ako s\u00fa r\u00fdpadl\u00e1, \u017eeriavy a robotick\u00e9 ramen\u00e1. Valec ramena zohr\u00e1va k\u013e\u00fa\u010dov\u00fa \u00falohu v hydraulick\u00fdch syst\u00e9moch, preto\u017ee umo\u017e\u0148uje efekt\u00edvny pohyb a ovl\u00e1danie dodato\u010dn\u00fdch n\u00e1strojov alebo pr\u00edslu\u0161enstva. Tieto valce nielen zabezpe\u010duj\u00fa plynul\u00fd pohyb, ale tie\u017e odol\u00e1vaj\u00fa \u0165a\u017ek\u00fdm za\u0165a\u017eeniam, \u010d\u00edm zabezpe\u010duj\u00fa efekt\u00edvnu prev\u00e1dzku a spo\u013eahlivos\u0165 stroja v r\u00f4znych pracovn\u00fdch podmienkach.<\/p>\n<p><img decoding=\"async\" src=\"https:\/\/www.hydraulic-cylinders.net\/wp-content\/uploads\/2025\/01\/songte-company-2.webp\"><\/p>\n<h2>Funkcie<\/h2>\n<ul>\n<li><strong>Vysoko\u00fa\u010dinn\u00fd prenos:<\/strong> Valec ramena poskytuje siln\u00fd line\u00e1rny pohyb a silu, \u010d\u00edm zais\u0165uje vysok\u00fd v\u00fdkon po\u010das r\u00f4znych oper\u00e1ci\u00ed.<\/li>\n<li><strong>Presn\u00e9 ovl\u00e1danie:<\/strong> V\u010faka hydraulick\u00e9mu syst\u00e9mu umo\u017e\u0148uje valec ramena presn\u00e9 ovl\u00e1danie pohybu, v\u010faka \u010domu je obsluha pripojen\u00e9ho n\u00e1radia flexibilnej\u0161ia a presnej\u0161ia.<\/li>\n<li><strong>Trvanlivos\u0165:<\/strong> Valce ramien s\u00fa zvy\u010dajne vyroben\u00e9 z vysokopevnostn\u00fdch materi\u00e1lov, ktor\u00e9 pon\u00fakaj\u00fa vynikaj\u00facu odolnos\u0165 vo\u010di opotrebovaniu a kor\u00f3zii, v\u010faka \u010domu s\u00fa vhodn\u00e9 na dlhodob\u00e9 pou\u017e\u00edvanie v n\u00e1ro\u010dn\u00fdch podmienkach.<\/li>\n<li><strong>Multifunk\u010dn\u00e1 prisp\u00f4sobivos\u0165:<\/strong> Tieto valce sa daj\u00fa \u0161iroko pou\u017e\u00edva\u0165 v r\u00f4znych strojoch vr\u00e1tane r\u00fdpadiel, \u017eeriavov a robotick\u00fdch ramien, pri\u010dom sa prisp\u00f4sobuj\u00fa r\u00f4znym pracovn\u00fdm po\u017eiadavk\u00e1m.<\/li>\n<li><strong>Jednoduch\u00e1 \u00fadr\u017eba:<\/strong> Valce ramien s\u00fa navrhnut\u00e9 pre jednoduch\u00fa \u00fadr\u017ebu a v\u00fdmenu a umo\u017e\u0148uj\u00fa pohodln\u00e9 pravideln\u00e9 kontroly a \u00fadr\u017ebu, \u010d\u00edm sa skracuj\u00fa prestoje zariaden\u00ed.<\/li>\n<\/ul>\n<p><img decoding=\"async\" src=\"https:\/\/www.hydraulic-cylinders.net\/wp-content\/uploads\/2025\/01\/songte-oil-pipes-and-spare-parts.webp\"><\/p>\n<h2>Aplik\u00e1cie<\/h2>\n<p>Valec ramena pre mal\u00e9 r\u00fdpadlo Volvo ECR50D nach\u00e1dza uplatnenie v r\u00f4znych odvetviach:<\/p>\n<h3>1. Stavebn\u00e9 in\u017einierstvo<\/h3>\n<p>V r\u00fdpadl\u00e1ch a \u017eeriavoch ovl\u00e1da valec ramena pohyb vedra alebo v\u00fdlo\u017en\u00edka, \u010do u\u013eah\u010duje zemn\u00e9 pr\u00e1ce, manipul\u00e1ciu s materi\u00e1lom a in\u0161tal\u00e1cie kon\u0161trukci\u00ed.<\/p>\n<h3>2. V\u00fdrobn\u00fd priemysel<\/h3>\n<p>V automatizovan\u00fdch v\u00fdrobn\u00fdch link\u00e1ch umo\u017e\u0148uje valec ramena pohyb robotick\u00fdch ramien, \u010do u\u013eah\u010duje procesy mont\u00e1\u017ee, zv\u00e1rania a manipul\u00e1cie s materi\u00e1lom, \u010d\u00edm sa zlep\u0161uje efektivita a presnos\u0165 v\u00fdroby.<\/p>\n<h3>3. Po\u013enohospod\u00e1rske stroje<\/h3>\n<p>V po\u013enohospod\u00e1rskych strojoch, ako s\u00fa zbera\u010de a seja\u010dky, riadi valec ramena pohyb pracovn\u00fdch ramien a vykon\u00e1va \u00falohy, ako je siatie, hnojenie a zber \u00farody.<\/p>\n<h3>4. \u0164a\u017eba<\/h3>\n<p>V bansk\u00fdch zariadeniach riadi valec ramena pohyb ramena bansk\u00fdch strojov, \u010d\u00edm u\u013eah\u010duje \u0165a\u017ebu a prepravu rudy.<\/p>\n<h3>5. Logistika a doprava<\/h3>\n<p>Vo vysokozdvi\u017en\u00fdch voz\u00edkoch a manipula\u010dn\u00fdch robotoch riadi valec ramena zdv\u00edhanie a pohyb vidl\u00edc, \u010do umo\u017e\u0148uje manipul\u00e1ciu s materi\u00e1lom a jeho stohovanie.<\/p>\n<p><img decoding=\"async\" src=\"https:\/\/www.hydraulic-cylinders.net\/wp-content\/uploads\/2025\/01\/songte-chushion-collar.webp\"><\/p>\n<h2>\u00davahy o dizajne a krit\u00e9ri\u00e1 v\u00fdberu<\/h2>\n<ul>\n<li><strong>Nosnos\u0165:<\/strong> Kon\u0161trukcia valca ramena zoh\u013ead\u0148uje jeho schopnos\u0165 odol\u00e1va\u0165 potrebn\u00fdm za\u0165a\u017eeniam a sil\u00e1m po\u010das prev\u00e1dzky.<\/li>\n<li><strong>Tesnenie:<\/strong> Na zabezpe\u010denie \u00fa\u010dinn\u00e9ho utesnenia sa pou\u017e\u00edvaj\u00fa r\u00f4zne tesniace komponenty, ako s\u00fa tesnenia piestov a ty\u010d\u00ed, vyroben\u00e9 z materi\u00e1lov odoln\u00fdch vo\u010di opotrebovaniu, ako je polyuret\u00e1n a nitrilov\u00fd kau\u010duk. Teleso valca a z\u00e1vitov\u00e9 koncov\u00e9 plochy s\u00fa jemne upraven\u00e9 pre zv\u00fd\u0161enie odolnosti vo\u010di opotrebovaniu.<\/li>\n<li><strong>Trvanlivos\u0165:<\/strong> Valce ramien s\u00fa vyroben\u00e9 z vysoko kvalitn\u00fdch materi\u00e1lov, aby sa zabezpe\u010dila ich trvanlivos\u0165 a odolnos\u0165 vo\u010di opotrebovaniu a kor\u00f3zii.<\/li>\n<li><strong>Bezpe\u010dnos\u0165:<\/strong> Do n\u00e1vrhu s\u00fa zakomponovan\u00e9 bezpe\u010dnostn\u00e9 opatrenia, aby sa predi\u0161lo nehod\u00e1m a zabezpe\u010dila sa bezpe\u010dn\u00e1 prev\u00e1dzka.<\/li>\n<li><strong>Udr\u017eiavate\u013enos\u0165:<\/strong> Kon\u0161truk\u010dn\u00e9 aspekty pre jednoduch\u00fa \u00fadr\u017ebu a opravy pom\u00e1haj\u00fa u\u013eah\u010di\u0165 pravideln\u00e9 kontroly a zn\u00ed\u017ei\u0165 potenci\u00e1lne prestoje.<\/li>\n<\/ul>\n<p><img decoding=\"async\" src=\"https:\/\/www.hydraulic-cylinders.net\/wp-content\/uploads\/2025\/01\/songte-cylinder-head-with-all-kinds-excavator-models.webp\"><\/p>\n<h2>Tesnenie a mazanie<\/h2>\n<p>Valec ramena pre mal\u00e9 r\u00fdpadlo Volvo ECR50D vyu\u017e\u00edva r\u00f4zne tesniace prvky, ako s\u00fa tesnenia piestov a tesnenia ty\u010d\u00ed, vyroben\u00e9 z materi\u00e1lov odoln\u00fdch vo\u010di opotrebovaniu, ako je polyuret\u00e1n a nitrilov\u00fd kau\u010duk. Teleso valca a z\u00e1vitov\u00e9 koncov\u00e9 povrchy s\u00fa starostlivo o\u0161etren\u00e9 pre zv\u00fd\u0161enie odolnosti vo\u010di opotrebovaniu. Pre zabezpe\u010denie hladk\u00e9ho chodu je potrebn\u00e9 pravideln\u00e9 mazanie vhodn\u00fdm mno\u017estvom hydraulick\u00e9ho oleja.<\/p>\n<h2>Pravideln\u00e1 kontrola a prevent\u00edvna \u00fadr\u017eba<\/h2>\n<p>Pre zabezpe\u010denie optim\u00e1lneho v\u00fdkonu a dlhej \u017eivotnosti by sa mali zavies\u0165 nasleduj\u00face opatrenia:<\/p>\n<ul>\n<li>Pravidelne kontrolujte valec ramena, \u010di nejav\u00ed zn\u00e1mky opotrebovania, netesnost\u00ed alebo po\u0161kodenia.<\/li>\n<li>Kontrolujte a udr\u017eiavajte spr\u00e1vnu hladinu mazania.<\/li>\n<li>Udr\u017eujte valec a jeho okolie \u010dist\u00e9, aby ste predi\u0161li kontamin\u00e1cii.<\/li>\n<li>Dodr\u017eiavajte odpor\u00fa\u010dan\u00e9 pl\u00e1ny \u00fadr\u017eby stanoven\u00e9 v\u00fdrobcom.<\/li>\n<\/ul>\n<h2>Pokyny na in\u0161tal\u00e1ciu produktu<\/h2>\n<p>Spr\u00e1vna in\u0161tal\u00e1cia valca ramena pre mal\u00e9 r\u00fdpadlo Volvo ECR50D je nevyhnutn\u00e1 pre jeho v\u00fdkon a dlh\u00fa \u017eivotnos\u0165. Dodr\u017eujte tieto pokyny:<\/p>\n<ul>\n<li>Pozrite si mont\u00e1\u017ene pokyny v\u00fdrobcu pre model Volvo ECR50D.<\/li>\n<li>Uistite sa, \u017ee v\u0161etky pripojenia s\u00fa bezpe\u010dn\u00e9 a spr\u00e1vne zarovnan\u00e9.<\/li>\n<li>Skontrolujte, \u010di je hydraulick\u00fd syst\u00e9m bez ne\u010dist\u00f4t.<\/li>\n<li>Vykonajte v\u0161etky potrebn\u00e9 kalibra\u010dn\u00e9 alebo nastavovacie postupy pod\u013ea pokynov.<\/li>\n<\/ul>\n<p><img decoding=\"async\" src=\"https:\/\/www.hydraulic-cylinders.net\/wp-content\/uploads\/2025\/01\/songte-bushings-with-all-kinds-of-excavator-models.webp\"><\/p>\n<h2>Bezpe\u010dnostn\u00e9 aspekty a faktory prostredia<\/h2>\n<p>Pri pr\u00e1ci s valcom ramena pre mal\u00e9 r\u00fdpadlo Volvo ECR50D je dodr\u017eiavanie bezpe\u010dnostn\u00fdch opatren\u00ed nanajv\u00fd\u0161 d\u00f4le\u017eit\u00e9. Spr\u00e1vne \u0161kolenie a dodr\u017eiavanie bezpe\u010dnostn\u00fdch pokynov zais\u0165uje ochranu obsluhy a predch\u00e1dza nehod\u00e1m. Zv\u00e1\u017ete faktory prostredia, ako je teplota a vystavenie drsn\u00fdm podmienkam, ktor\u00e9 m\u00f4\u017eu ovplyvni\u0165 v\u00fdkon a \u017eivotnos\u0165 valca.<\/p>\n<h2>Rie\u0161enie probl\u00e9mov a be\u017en\u00e9 probl\u00e9my<\/h2>\n<p>Medzi be\u017en\u00e9 probl\u00e9my, ktor\u00e9 sa m\u00f4\u017eu vyskytn\u00fa\u0165 s valcom ramena pre mal\u00e9 r\u00fdpadlo Volvo ECR50D, patria netesnosti, nadmern\u00e9 vibr\u00e1cie a strata v\u00fdkonu. Ak sa vyskytn\u00fa ak\u00e9ko\u013evek probl\u00e9my, zv\u00e1\u017ete nasleduj\u00face:<\/p>\n<ul>\n<li>Skontrolujte hydraulick\u00fd syst\u00e9m, \u010di v \u0148om nie s\u00fa netesnosti, a zabezpe\u010dte jeho spr\u00e1vne utesnenie.<\/li>\n<li>Skontrolujte, \u010di nie s\u00fa uvo\u013enen\u00e9 spoje alebo po\u0161koden\u00e9 komponenty.<\/li>\n<li>Skontrolujte hladinu a kvalitu hydraulickej kvapaliny.<\/li>\n<\/ul>\n<p>Konkr\u00e9tne met\u00f3dy rie\u0161enia probl\u00e9mov n\u00e1jdete v dokument\u00e1cii v\u00fdrobcu, aby ste mohli probl\u00e9my efekt\u00edvne diagnostikova\u0165 a rie\u0161i\u0165. Zave\u010fte prevent\u00edvne opatrenia na minimaliz\u00e1ciu potenci\u00e1lnych probl\u00e9mov.<\/p>\n<p><img decoding=\"async\" src=\"https:\/\/www.hydraulic-cylinders.net\/wp-content\/uploads\/2025\/01\/songte-chushion-collar.webp\"><\/p>\n<h2>O n\u00e1s<\/h2>\n<p>Sme profesion\u00e1lny v\u00fdrobca n\u00e1hradn\u00fdch hydraulick\u00fdch valcov a pon\u00fakame \u0161irok\u00fd sortiment produktov. Stali sme sa jedn\u00fdm z popredn\u00fdch v\u00fdrobcov a ve\u013ekoobchodn\u00fdch distrib\u00fatorov na dom\u00e1com aj medzin\u00e1rodnom trhu. Dodr\u017eiavaj\u00fac z\u00e1sadu vynikaj\u00facej kvality, neust\u00e1le zlep\u0161ujeme na\u0161e technick\u00e9 znalosti a efektivitu v\u00fdroby prostredn\u00edctvom vyladen\u00fdch v\u00fdrobn\u00fdch procesov a zav\u00e1dzania pokro\u010dil\u00fdch digit\u00e1lnych v\u00fdrobn\u00fdch zariaden\u00ed a profesion\u00e1lnych testovac\u00edch syst\u00e9mov. Na\u0161\u00edm cie\u013eom je splni\u0165 rozmanit\u00e9 po\u017eiadavky z\u00e1kazn\u00edkov so z\u00e1sadami efektivity, presnosti a vysokej kvality.<\/p>\n<p>Sme hrd\u00ed na na\u0161u profesionalitu, medzin\u00e1rodn\u00e9 certifik\u00e1cie, slu\u017eby na mieru, v\u00fdrobn\u00e9 zariadenia a popredajn\u00fd servis.<\/p>\n<p><img decoding=\"async\" src=\"https:\/\/www.hydraulic-cylinders.net\/wp-content\/uploads\/2025\/01\/songte-company-4.webp\"><br \/>\n<img decoding=\"async\" src=\"https:\/\/www.hydraulic-cylinders.net\/wp-content\/uploads\/2025\/01\/songte-company-3.webp\"><\/p>\n<p>Autor: lyl<\/p>","protected":false},"excerpt":{"rendered":"<p>Arm Cylinder For Volvo Small Excavator ECR50D Introduction The Arm Cylinder for Volvo Small Excavator ECR50D is a specialized hydraulic cylinder designed to provide linear movement and power to the arm of various types of machinery, such as excavators, cranes, and robotic arms. The arm cylinder plays a crucial role in hydraulic systems, enabling the [&hellip;]<\/p>","protected":false},"featured_media":14772,"comment_status":"open","ping_status":"closed","template":"","meta":{"_et_pb_use_builder":"","_et_pb_old_content":"","_et_gb_content_width":""},"product_brand":[],"product_cat":[1497],"product_tag":[1498,1496],"class_list":{"0":"post-16310","1":"product","2":"type-product","3":"status-publish","4":"has-post-thumbnail","6":"product_cat-arm-cylinders","7":"product_tag-arm-cylinders","8":"product_tag-hydraulic-cylinders","10":"first","11":"instock","12":"shipping-taxable","13":"product-type-simple"},"amp_enabled":true,"_links":{"self":[{"href":"https:\/\/www.hydraulic-cylinders.net\/sk\/wp-json\/wp\/v2\/product\/16310","targetHints":{"allow":["GET"]}}],"collection":[{"href":"https:\/\/www.hydraulic-cylinders.net\/sk\/wp-json\/wp\/v2\/product"}],"about":[{"href":"https:\/\/www.hydraulic-cylinders.net\/sk\/wp-json\/wp\/v2\/types\/product"}],"replies":[{"embeddable":true,"href":"https:\/\/www.hydraulic-cylinders.net\/sk\/wp-json\/wp\/v2\/comments?post=16310"}],"wp:featuredmedia":[{"embeddable":true,"href":"https:\/\/www.hydraulic-cylinders.net\/sk\/wp-json\/wp\/v2\/media\/14772"}],"wp:attachment":[{"href":"https:\/\/www.hydraulic-cylinders.net\/sk\/wp-json\/wp\/v2\/media?parent=16310"}],"wp:term":[{"taxonomy":"product_brand","embeddable":true,"href":"https:\/\/www.hydraulic-cylinders.net\/sk\/wp-json\/wp\/v2\/product_brand?post=16310"},{"taxonomy":"product_cat","embeddable":true,"href":"https:\/\/www.hydraulic-cylinders.net\/sk\/wp-json\/wp\/v2\/product_cat?post=16310"},{"taxonomy":"product_tag","embeddable":true,"href":"https:\/\/www.hydraulic-cylinders.net\/sk\/wp-json\/wp\/v2\/product_tag?post=16310"}],"curies":[{"name":"pracovn\u00fd list","href":"https:\/\/api.w.org\/{rel}","templated":true}]}}