{"id":16313,"date":"2025-01-20T09:04:47","date_gmt":"2025-01-20T09:04:47","guid":{"rendered":"https:\/\/www.hydraulic-cylinders.net\/product\/arm-cylinderfor-volvo-small-excavator-ec140blc\/"},"modified":"2025-01-20T09:04:49","modified_gmt":"2025-01-20T09:04:49","slug":"arm-cylinderfor-volvo-small-excavator-ec140blc","status":"publish","type":"product","link":"https:\/\/www.hydraulic-cylinders.net\/sk\/produkt\/arm-cylinderfor-volvo-small-excavator-ec140blc\/","title":{"rendered":"Valec ramena pre mal\u00e9 r\u00fdpadlo Volvo EC140BLC"},"content":{"rendered":"<p>Valec ramena pre mal\u00e9 r\u00fdpadlo Volvo EC140BLC: Defin\u00edcia a vysvetlenie<\/p>\n<p>Hydraulick\u00fd valec ramena je \u0161peci\u00e1lne navrhnut\u00fd hydraulick\u00fd valec, ktor\u00fd poskytuje line\u00e1rny pohyb a v\u00fdkon r\u00f4znym mechanick\u00fdm ramen\u00e1m, ako s\u00fa bagre, \u017eeriavy a robotick\u00e9 ramen\u00e1. Zohr\u00e1va k\u013e\u00fa\u010dov\u00fa \u00falohu v hydraulickom syst\u00e9me, preto\u017ee umo\u017e\u0148uje efekt\u00edvny pohyb a ovl\u00e1danie \u010fal\u0161\u00edch n\u00e1strojov alebo pr\u00edslu\u0161enstva. Tieto valce nielen umo\u017e\u0148uj\u00fa plynul\u00fd pohyb, ale tie\u017e unes\u00fa \u0165a\u017ek\u00e9 za\u0165a\u017eenia, \u010d\u00edm zabezpe\u010duj\u00fa efekt\u00edvnu prev\u00e1dzku a spo\u013eahlivos\u0165 strojov v r\u00f4znych pracovn\u00fdch podmienkach.<\/p>\n<p>Valec ramena: K\u013e\u00fa\u010dov\u00e9 vlastnosti<\/p>\n<p>1. Vysoko\u00fa\u010dinn\u00fd prenos v\u00fdkonu: Valec ramena poskytuje siln\u00fd line\u00e1rny pohyb a v\u00fdkon, aby sa zabezpe\u010dil vysoko\u00fa\u010dinn\u00fd v\u00fdkon mechanick\u00e9ho ramena po\u010das r\u00f4znych oper\u00e1ci\u00ed.<\/p>\n<p>2. Presn\u00e9 ovl\u00e1danie: Hydraulick\u00fd syst\u00e9m umo\u017e\u0148uje valcu ramena dosiahnu\u0165 presn\u00e9 ovl\u00e1danie pohybu pre flexibiln\u00fa a presn\u00fa obsluhu n\u00e1stroja.<\/p>\n<p>3. Vysok\u00e1 odolnos\u0165: Valce ramien s\u00fa zvy\u010dajne vyroben\u00e9 z vysoko pevn\u00fdch materi\u00e1lov, ktor\u00e9 poskytuj\u00fa dobr\u00fa odolnos\u0165 vo\u010di opotrebovaniu a kor\u00f3zii, \u010do je vhodn\u00e9 na dlhodob\u00e9 pou\u017e\u00edvanie v n\u00e1ro\u010dn\u00fdch podmienkach.<\/p>\n<p>4. Multifunk\u010dn\u00e1 prisp\u00f4sobivos\u0165: Tieto valce sa daj\u00fa \u0161iroko pou\u017e\u00edva\u0165 v r\u00f4znych typoch strojov vr\u00e1tane r\u00fdpadiel, \u017eeriavov a robotick\u00fdch ramien, aby sp\u013a\u0148ali r\u00f4zne pracovn\u00e9 po\u017eiadavky.<\/p>\n<p>5. Jednoduch\u00e1 \u00fadr\u017eba: Kon\u0161trukcia valcov ramena zoh\u013ead\u0148uje jednoduch\u00fa \u00fadr\u017ebu a v\u00fdmenu, v\u010faka \u010domu s\u00fa pravideln\u00e9 kontroly a \u00fadr\u017eba pohodlnej\u0161ie a skracuj\u00fa sa prestoje zariadenia.<\/p>\n<p>Valec ramena: Pou\u017eitie<\/p>\n<p>Valce s ramenom maj\u00fa \u0161irok\u00e9 uplatnenie v r\u00f4znych odvetviach, vr\u00e1tane:<\/p>\n<p>1. Kon\u0161trukcia: Valce ramien ovl\u00e1daj\u00fa pohyb vedier alebo v\u00fdlo\u017en\u00edkov r\u00fdpadla a \u017eeriavu po\u010das zemn\u00fdch pr\u00e1c, manipul\u00e1cie s materi\u00e1lom a mont\u00e1\u017ee kon\u0161trukci\u00ed.<\/p>\n<p>2. V\u00fdroba: Valce ramien riadia pohyb robotick\u00fdch ramien po\u010das mont\u00e1\u017ee, zv\u00e1rania a manipul\u00e1cie s materi\u00e1lom, \u010d\u00edm sa zvy\u0161uje produktivita a presnos\u0165.<\/p>\n<p>3. Po\u013enohospod\u00e1rske stroje: Valce ramien ovl\u00e1daj\u00fa pohyb ovl\u00e1dac\u00edch ramien v po\u013enohospod\u00e1rskych strojoch, ako s\u00fa zbera\u010de a seja\u010dky, a vykon\u00e1vaj\u00fa \u00falohy, ako je siatie, hnojenie a zber \u00farody.<\/p>\n<p>4. \u0164a\u017eba: Valce ramien ovl\u00e1daj\u00fa pohyb ramien bansk\u00e9ho zariadenia a vykon\u00e1vaj\u00fa \u00falohy, ako je \u0165a\u017eba a manipul\u00e1cia s rudou.<\/p>\n<p>5. Logistika a doprava: Valce ramien ovl\u00e1daj\u00fa zdv\u00edhanie a pohyb n\u00e1kladn\u00fdch vidl\u00edc vo vysokozdvi\u017en\u00fdch voz\u00edkoch a manipula\u010dn\u00fdch robotoch, \u010d\u00edm sa dosahuje manipul\u00e1cia s materi\u00e1lom a stohovanie.<\/p>\n<p>Valec ramena: Kon\u0161truk\u010dn\u00e9 aspekty a krit\u00e9ri\u00e1 v\u00fdberu<\/p>\n<p>Pri n\u00e1vrhu valcov ramena sa zoh\u013ead\u0148uj\u00fa faktory, ako je nosnos\u0165, tesnenie, trvanlivos\u0165, bezpe\u010dnos\u0165 a \u00fadr\u017eba. Medzi k\u013e\u00fa\u010dov\u00e9 kon\u0161truk\u010dn\u00e9 aspekty a krit\u00e9ri\u00e1 v\u00fdberu patria:<\/p>\n<p>1. Nosnos\u0165: Valec mus\u00ed by\u0165 schopn\u00fd unies\u0165 za\u0165a\u017eenie ramena a ak\u00e9hoko\u013evek pripojen\u00e9ho n\u00e1radia alebo pr\u00edslu\u0161enstva.<\/p>\n<p>2. Tesnenie: Valce ramena pou\u017e\u00edvaj\u00fa r\u00f4zne typy tesnen\u00ed, ako s\u00fa tesnenia piestov a tesnenia ty\u010d\u00ed vyroben\u00e9 z materi\u00e1lov odoln\u00fdch vo\u010di opotrebovaniu, ako je polyuret\u00e1n a nitrilov\u00e1 guma.<\/p>\n<p>3. Trvanlivos\u0165: Valec a z\u00e1vitov\u00e9 koncov\u00e9 plochy s\u00fa presne opracovan\u00e9, aby sa zabezpe\u010dila pevnos\u0165 a odolnos\u0165 vo\u010di opotrebovaniu.<\/p>\n<p>4. Bezpe\u010dnos\u0165: Valce ramien maj\u00fa r\u00f4zne bezpe\u010dnostn\u00e9 prvky, ako s\u00fa pretlakov\u00e9 ventily a blokovacie mechanizmy, aby sa predi\u0161lo nehod\u00e1m.<\/p>\n<p>5. \u00dadr\u017eba: Kon\u0161trukcia valca umo\u017e\u0148uje jednoduch\u00fa \u00fadr\u017ebu a opravy, \u010d\u00edm sa zni\u017euj\u00fa prestoje a n\u00e1klady na \u00fadr\u017ebu.<\/p>\n<p>Valec ramena: Tesnenie a mazanie<\/p>\n<p>Valce ramena pou\u017e\u00edvaj\u00fa r\u00f4zne tesnenia vr\u00e1tane tesnen\u00ed piestov, tesnen\u00ed ty\u010d\u00ed a stierac\u00edch tesnen\u00ed. Tieto tesnenia s\u00fa vyroben\u00e9 z materi\u00e1lov odoln\u00fdch vo\u010di opotrebovaniu, ako je polyuret\u00e1n a nitrilov\u00fd kau\u010duk, aby sa zabezpe\u010dila dlhotrvaj\u00faca tesniaca \u00fa\u010dinnos\u0165. Povrchy valca a z\u00e1vitov\u00fdch koncov s\u00fa jemne opracovan\u00e9, aby sa zlep\u0161ila odolnos\u0165 vo\u010di opotrebovaniu a zn\u00ed\u017eili sa \u00faniky. Pravideln\u00e9 mazanie vhodn\u00fdm hydraulick\u00fdm olejom je nevyhnutn\u00e9 na zabezpe\u010denie hladk\u00e9ho chodu a ochranu valca pred opotrebovan\u00edm a kor\u00f3ziou.<\/p>\n<p>Valec ramena: Pravideln\u00e1 kontrola a prevent\u00edvna \u00fadr\u017eba<\/p>\n<p>Pravideln\u00e1 kontrola a prevent\u00edvna \u00fadr\u017eba s\u00fa nevyhnutn\u00e9 na zabezpe\u010denie dlhodob\u00e9ho v\u00fdkonu a spo\u013eahlivosti valcov ramena. Medzi k\u013e\u00fa\u010dov\u00e9 opatrenia patria:<\/p>\n<p>1. Pravidelne kontrolujte tesniaci v\u00fdkon a mazanie valca.<\/p>\n<p>2. Skontrolujte valec, \u010di nie je opotrebovan\u00fd alebo po\u0161koden\u00fd.<\/p>\n<p>3. Opotrebovan\u00e9 alebo po\u0161koden\u00e9 tesnenia ihne\u010f vyme\u0148te.<\/p>\n<p>4. Pravidelne kontrolujte hladinu a kvalitu hydraulick\u00e9ho oleja.<\/p>\n<p>5. Skontrolujte bezpe\u010dnostn\u00e9 prvky valca a vyme\u0148te v\u0161etky chybn\u00e9 komponenty.<\/p>\n<p>Valec ramena: N\u00e1vod na in\u0161tal\u00e1ciu<\/p>\n<p>1. Uistite sa, \u017ee valec je kompatibiln\u00fd so strojom a \u00falohou.<\/p>\n<p>2. Nain\u0161talujte valec pod\u013ea pokynov v\u00fdrobcu.<\/p>\n<p>3. Pripojte hydraulick\u00e9 hadice k valcu a stroju.<\/p>\n<p>4. Napl\u0148te hydraulick\u00fd syst\u00e9m odpor\u00fa\u010dan\u00fdm hydraulick\u00fdm olejom.<\/p>\n<p>5. Otestujte valec spusten\u00edm stroja a kontrolou netesnost\u00ed alebo abnorm\u00e1lneho hluku.<\/p>\n<p>Valec ramena: Bezpe\u010dnostn\u00e9 aspekty a faktory prostredia<\/p>\n<p>Valce s ramenami vy\u017eaduj\u00fa spr\u00e1vnu manipul\u00e1ciu a bezpe\u010dnostn\u00e9 opatrenia, aby sa predi\u0161lo nehod\u00e1m a po\u0161kodeniu \u017eivotn\u00e9ho prostredia. Bezpe\u010dnostn\u00e9 opatrenia zah\u0155\u0148aj\u00fa spr\u00e1vnu in\u0161tal\u00e1ciu, pravideln\u00fa kontrolu a \u00fadr\u017ebu a pou\u017e\u00edvanie vhodn\u00fdch osobn\u00fdch ochrann\u00fdch prostriedkov. Faktory prostredia, ako je teplota, vlhkos\u0165 a prach, m\u00f4\u017eu ovplyvni\u0165 v\u00fdkon valca a vy\u017eadova\u0165 si dodato\u010dn\u00e9 ochrann\u00e9 opatrenia.<\/p>\n<p>Valec ramena: Rie\u0161enie probl\u00e9mov a be\u017en\u00e9 probl\u00e9my<\/p>\n<p>Medzi be\u017en\u00e9 probl\u00e9my s valcami ramena patr\u00ed netesnos\u0165, nedostato\u010dn\u00fd v\u00fdkon a abnorm\u00e1lny hluk. Medzi tipy na rie\u0161enie probl\u00e9mov patr\u00ed kontrola tesniaceho v\u00fdkonu a kvality hydraulick\u00e9ho oleja, kontrola opotrebovania alebo po\u0161kodenia valca a kontrola bezpe\u010dnostn\u00fdch prvkov. Pravideln\u00e1 kontrola a \u00fadr\u017eba m\u00f4\u017eu pred\u00eds\u0165 mnoh\u00fdm be\u017en\u00fdm probl\u00e9mom.<\/p>\n<p>Valec ramena: Z\u00e1ver<\/p>\n<p>Sme profesion\u00e1lny v\u00fdrobca n\u00e1hradn\u00fdch valcov pre ramen\u00e1 a pon\u00fakame \u0161irok\u00fa \u0161k\u00e1lu produktov a slu\u017eieb. V\u010faka modern\u00e9mu v\u00fdrobn\u00e9mu zariadeniu a syst\u00e9mom kontroly kvality sa sna\u017e\u00edme poskytova\u0165 vysoko efekt\u00edvne, presn\u00e9 a kvalitn\u00e9 produkty, ktor\u00e9 sp\u013a\u0148aj\u00fa rozmanit\u00e9 potreby z\u00e1kazn\u00edkov. Na\u0161a spolo\u010dnos\u0165 sa zav\u00e4zuje poskytova\u0165 profesion\u00e1lne, prisp\u00f4soben\u00e9 a efekt\u00edvne slu\u017eby na\u0161im z\u00e1kazn\u00edkom na celom svete.<\/p>\n<p>Autor: lyl<\/p>","protected":false},"excerpt":{"rendered":"<p>Arm Cylinder for Volvo Small Excavator EC140BLC: Definition and Explanation Arm cylinder is a specially designed hydraulic cylinder that provides linear motion and power to various mechanical arms such as excavators, cranes, and robotic arms. It plays a crucial role in the hydraulic system, allowing additional tools or attachments to move and be controlled effectively. [&hellip;]<\/p>","protected":false},"featured_media":14763,"comment_status":"open","ping_status":"closed","template":"","meta":{"_et_pb_use_builder":"","_et_pb_old_content":"","_et_gb_content_width":""},"product_brand":[],"product_cat":[1497],"product_tag":[1498,1496],"class_list":{"0":"post-16313","1":"product","2":"type-product","3":"status-publish","4":"has-post-thumbnail","6":"product_cat-arm-cylinders","7":"product_tag-arm-cylinders","8":"product_tag-hydraulic-cylinders","10":"first","11":"instock","12":"shipping-taxable","13":"product-type-simple"},"amp_enabled":true,"_links":{"self":[{"href":"https:\/\/www.hydraulic-cylinders.net\/sk\/wp-json\/wp\/v2\/product\/16313","targetHints":{"allow":["GET"]}}],"collection":[{"href":"https:\/\/www.hydraulic-cylinders.net\/sk\/wp-json\/wp\/v2\/product"}],"about":[{"href":"https:\/\/www.hydraulic-cylinders.net\/sk\/wp-json\/wp\/v2\/types\/product"}],"replies":[{"embeddable":true,"href":"https:\/\/www.hydraulic-cylinders.net\/sk\/wp-json\/wp\/v2\/comments?post=16313"}],"wp:featuredmedia":[{"embeddable":true,"href":"https:\/\/www.hydraulic-cylinders.net\/sk\/wp-json\/wp\/v2\/media\/14763"}],"wp:attachment":[{"href":"https:\/\/www.hydraulic-cylinders.net\/sk\/wp-json\/wp\/v2\/media?parent=16313"}],"wp:term":[{"taxonomy":"product_brand","embeddable":true,"href":"https:\/\/www.hydraulic-cylinders.net\/sk\/wp-json\/wp\/v2\/product_brand?post=16313"},{"taxonomy":"product_cat","embeddable":true,"href":"https:\/\/www.hydraulic-cylinders.net\/sk\/wp-json\/wp\/v2\/product_cat?post=16313"},{"taxonomy":"product_tag","embeddable":true,"href":"https:\/\/www.hydraulic-cylinders.net\/sk\/wp-json\/wp\/v2\/product_tag?post=16313"}],"curies":[{"name":"pracovn\u00fd list","href":"https:\/\/api.w.org\/{rel}","templated":true}]}}