{"id":16315,"date":"2025-01-20T09:04:55","date_gmt":"2025-01-20T09:04:55","guid":{"rendered":"https:\/\/www.hydraulic-cylinders.net\/product\/arm-cylinderfor-volvo-small-excavator-ec60c-80d\/"},"modified":"2025-01-20T09:04:57","modified_gmt":"2025-01-20T09:04:57","slug":"arm-cylinderfor-volvo-small-excavator-ec60c-80d","status":"publish","type":"product","link":"https:\/\/www.hydraulic-cylinders.net\/sk\/produkt\/arm-cylinderfor-volvo-small-excavator-ec60c-80d\/","title":{"rendered":"Valec ramena pre mal\u00e9 r\u00fdpadlo Volvo EC60C\/80D"},"content":{"rendered":"<p>Valec ramena pre mal\u00e9 r\u00fdpadlo Volvo EC60C\/80D<\/p>\n<p>\u00davod:<br \/>\nHydraulick\u00fd valec ramena je \u0161pecializovan\u00fd hydraulick\u00fd valec ur\u010den\u00fd na zabezpe\u010denie line\u00e1rneho pohybu a v\u00fdkonu pre r\u00f4zne ramen\u00e1 strojov, ako s\u00fa bagre, \u017eeriavy a robotick\u00e9 ramen\u00e1. Hydraulick\u00e9 valce ramena zohr\u00e1vaj\u00fa k\u013e\u00fa\u010dov\u00fa \u00falohu v hydraulick\u00fdch syst\u00e9moch, preto\u017ee umo\u017e\u0148uj\u00fa efekt\u00edvny pohyb a ovl\u00e1danie dodato\u010dn\u00fdch n\u00e1strojov alebo pr\u00edslu\u0161enstva. Tieto valce nielen zabezpe\u010duj\u00fa plynul\u00fd pohyb, ale tie\u017e odol\u00e1vaj\u00fa \u0165a\u017ek\u00fdm za\u0165a\u017eeniam, \u010d\u00edm zabezpe\u010duj\u00fa efekt\u00edvnu prev\u00e1dzku a spo\u013eahlivos\u0165 strojov v r\u00f4znych pracovn\u00fdch podmienkach.<\/p>\n<p>Defin\u00edcia a vysvetlenie:<br \/>\nHydraulick\u00e9 valce ramena, zn\u00e1me aj ako valce v\u00fdlo\u017en\u00edka, s\u00fa hydraulick\u00e9 valce, ktor\u00e9 generuj\u00fa silu na ovl\u00e1danie pohybov ramena stroja. Tieto valce s\u00fa zodpovedn\u00e9 za poskytovanie potrebnej sily na zdv\u00edhanie, sp\u00fa\u0161\u0165anie alebo vys\u00favanie ramena. V hydraulick\u00fdch syst\u00e9moch je valec ramena spojen\u00fd s v\u00fdlo\u017en\u00edkom alebo ramenom a poskytuje potrebn\u00fa silu na pohyb pr\u00eddavn\u00e9ho zariadenia. Valec sa sklad\u00e1 z piestu, ty\u010de a valca, ktor\u00e9 spolo\u010dne premie\u0148aj\u00fa hydraulick\u00fd tlak na line\u00e1rny pohyb. Valec ramena je k\u013e\u00fa\u010dov\u00fd pre plynul\u00fd chod stroja a zabezpe\u010duje, aby sa pr\u00eddavn\u00e9 zariadenia mohli pohybova\u0165 a fungova\u0165 efekt\u00edvne.<\/p>\n<p><img decoding=\"async\" src=\"https:\/\/www.hydraulic-cylinders.net\/wp-content\/uploads\/2025\/01\/songte-company-2.webp\"><\/p>\n<p>Vlastnosti:<br \/>\n1. Efekt\u00edvny prenos v\u00fdkonu:<br \/>\nValec ramena poskytuje siln\u00fd line\u00e1rny pohyb a silu, \u010d\u00edm zais\u0165uje efekt\u00edvny v\u00fdkon ramena stroja po\u010das prev\u00e1dzky.<\/p>\n<p>2. Presn\u00e9 ovl\u00e1danie:<br \/>\nHydraulick\u00fd syst\u00e9m umo\u017e\u0148uje presn\u00e9 ovl\u00e1danie pohybu valca ramena, v\u010faka \u010domu s\u00fa oper\u00e1cie s pr\u00eddavn\u00fdm zariaden\u00edm flexibilnej\u0161ie a presnej\u0161ie.<\/p>\n<p>3. Vysok\u00e1 odolnos\u0165:<br \/>\nValce ramien s\u00fa zvy\u010dajne vyroben\u00e9 z vysoko pevn\u00fdch materi\u00e1lov, ktor\u00e9 maj\u00fa vynikaj\u00facu odolnos\u0165 vo\u010di opotrebovaniu a kor\u00f3zii, v\u010faka \u010domu s\u00fa vhodn\u00e9 na dlhodob\u00e9 pou\u017e\u00edvanie v n\u00e1ro\u010dn\u00fdch podmienkach.<\/p>\n<p>4. Multifunk\u010dn\u00e1 prisp\u00f4sobivos\u0165:<br \/>\nTieto valce sa daj\u00fa \u0161iroko pou\u017e\u00edva\u0165 v r\u00f4znych mechanick\u00fdch zariadeniach, ako s\u00fa bagre, \u017eeriavy a robotick\u00e9 ramen\u00e1, a prisp\u00f4sobuj\u00fa sa r\u00f4znym pracovn\u00fdm po\u017eiadavk\u00e1m.<\/p>\n<p>5. Jednoduch\u00e1 \u00fadr\u017eba:<br \/>\nKon\u0161trukcia valca ramena zoh\u013ead\u0148uje \u00fadr\u017ebu a v\u00fdmenu, v\u010faka \u010domu je pravideln\u00e1 kontrola a \u00fadr\u017eba pohodlnej\u0161ia a skracuje prestoje zariadenia.<\/p>\n<p>N\u00e1\u0161 produkt:<br \/>\nN\u00e1\u0161 produkt je perfektnou n\u00e1hradou za tieto hydraulick\u00e9 valce. Vyr\u00e1bame vysoko kvalitn\u00e9 valce ramien, ktor\u00e9 dok\u00e1\u017eu splni\u0165 potreby r\u00f4znych strojov\u00fdch ramien. Na\u0161e produkty s\u00fa vyroben\u00e9 z vysoko pevn\u00fdch materi\u00e1lov a prech\u00e1dzaj\u00fa pr\u00edsnou kontrolou kvality, aby sa zabezpe\u010dila ich odolnos\u0165 a spo\u013eahlivos\u0165.<\/p>\n<p><img decoding=\"async\" src=\"https:\/\/www.hydraulic-cylinders.net\/wp-content\/uploads\/2025\/01\/songte-oil-pipes-and-spare-parts.webp\"><\/p>\n<p>Aplik\u00e1cia:<br \/>\nValce ramien sa \u0161iroko pou\u017e\u00edvaj\u00fa v r\u00f4znych odvetviach vr\u00e1tane:<\/p>\n<p>1. Stavebn\u00e9 in\u017einierstvo:<br \/>\nV r\u00fdpadl\u00e1ch a \u017eeriavoch ovl\u00e1daj\u00fa valce ramena pohyb vedra alebo v\u00fdlo\u017en\u00edka pri zemn\u00fdch pr\u00e1cach, manipul\u00e1cii s materi\u00e1lom a mont\u00e1\u017ei kon\u0161trukci\u00ed.<\/p>\n<p>2. V\u00fdrobn\u00fd priemysel:<br \/>\nV automatizovan\u00fdch v\u00fdrobn\u00fdch link\u00e1ch riadia valce ramien pohyb robotick\u00fdch ramien pri mont\u00e1\u017ei, zv\u00e1ran\u00ed a manipul\u00e1cii s materi\u00e1lom, \u010d\u00edm sa zlep\u0161uje efektivita a presnos\u0165 v\u00fdroby.<\/p>\n<p>3. Po\u013enohospod\u00e1rske stroje:<br \/>\nV po\u013enohospod\u00e1rskych strojoch, ako s\u00fa zbera\u010de a seja\u010dky, riadia valce ramena pohyb ovl\u00e1dacieho ramena na vykon\u00e1vanie \u00faloh, ako je siatie, hnojenie a zber \u00farody.<\/p>\n<p>4. \u0164a\u017eobn\u00fd priemysel:<br \/>\nV bansk\u00fdch zariadeniach ovl\u00e1daj\u00fa valce ramien pohyb ramena bansk\u00e9ho zariadenia na \u0165a\u017ebu a prepravu rudy.<\/p>\n<p>5. Logistika a doprava:<br \/>\nVo vysokozdvi\u017en\u00fdch voz\u00edkoch a manipula\u010dn\u00fdch robotoch riadia valce ramien zdv\u00edhanie a pohyb n\u00e1kladu, \u010d\u00edm sa zabezpe\u010duje manipul\u00e1cia s materi\u00e1lom a jeho stohovanie.<\/p>\n<p>\u00davahy o dizajne a krit\u00e9ri\u00e1 v\u00fdberu:<br \/>\nPri v\u00fdbere valcov ramena je k\u013e\u00fa\u010dov\u00fdch nieko\u013eko kon\u0161truk\u010dn\u00fdch aspektov, medzi ktor\u00e9 patria:<\/p>\n<p>1. Nosnos\u0165:<br \/>\nValec mus\u00ed by\u0165 schopn\u00fd odola\u0165 o\u010dak\u00e1van\u00e9mu za\u0165a\u017eeniu. Nosnos\u0165 je ur\u010den\u00e1 priemerom v\u0155tania a piestnice valca, d\u013a\u017ekou zdvihu a prev\u00e1dzkov\u00fdm tlakom.<\/p>\n<p>2. Tesnenie:<br \/>\nValec mus\u00ed ma\u0165 \u00fa\u010dinn\u00e9 tesnenie, aby sa zabr\u00e1nilo \u00faniku kvapaliny a udr\u017eal hydraulick\u00fd tlak. Tesniaci syst\u00e9m pozost\u00e1va z r\u00f4znych typov tesnen\u00ed, ako s\u00fa tesnenia piestov, tesnenia ty\u010d\u00ed a stieracie tesnenia.<\/p>\n<p>3. Trvanlivos\u0165:<br \/>\nValec mus\u00ed by\u0165 vyroben\u00fd z odoln\u00fdch materi\u00e1lov, ktor\u00e9 odol\u00e1vaj\u00fa opotrebovaniu a kor\u00f3zii. Medzi materi\u00e1ly be\u017ene pou\u017e\u00edvan\u00e9 na v\u00fdrobu valcov a ty\u010d\u00ed valcov patr\u00ed oce\u013e, hlin\u00edk a pochr\u00f3movan\u00e1 nehrdzavej\u00faca oce\u013e.<\/p>\n<p>4. Bezpe\u010dnos\u0165:<br \/>\nValec mus\u00ed by\u0165 navrhnut\u00fd tak, aby sa predi\u0161lo nehod\u00e1m, ako je napr\u00edklad n\u00e1hla strata hydraulick\u00e9ho tlaku. Bezpe\u010dnostn\u00e9 prvky m\u00f4\u017eu zah\u0155\u0148a\u0165 pretlakov\u00e9 ventily, bezpe\u010dnostn\u00e9 zariadenia proti pre\u0165a\u017eeniu a tla\u010didl\u00e1 n\u00fadzov\u00e9ho zastavenia.<\/p>\n<p>5. \u00dadr\u017eba:<br \/>\nValec by mal by\u0165 navrhnut\u00fd pre jednoduch\u00fa \u00fadr\u017ebu a opravy. Funkcie, ako s\u00fa pr\u00edstupn\u00e9 otvory, odn\u00edmate\u013en\u00e9 koncov\u00e9 krytky a vymenite\u013en\u00e9 tesnenia, m\u00f4\u017eu zn\u00ed\u017ei\u0165 prestoje a n\u00e1klady na \u00fadr\u017ebu.<\/p>\n<p><img decoding=\"async\" src=\"https:\/\/www.hydraulic-cylinders.net\/wp-content\/uploads\/2025\/01\/songte-cylinder-head-with-all-kinds-excavator-models.webp\"><\/p>\n<p>Tesnenie a mazanie:<br \/>\nValce ramena vy\u017eaduj\u00fa spr\u00e1vne utesnenie a mazanie, aby sa zabezpe\u010dila ich dlh\u00e1 \u017eivotnos\u0165. Valec mus\u00ed by\u0165 vybaven\u00fd r\u00f4znymi tesniacimi komponentmi, ako s\u00fa tesnenia piestov a ty\u010d\u00ed, aby sa zabr\u00e1nilo \u00faniku oleja a udr\u017eal hydraulick\u00fd tlak. Tesniace materi\u00e1ly by mali by\u0165 vyroben\u00e9 z materi\u00e1lov odoln\u00fdch vo\u010di opotrebovaniu, ako je polyuret\u00e1n a nitrilov\u00e1 guma.<\/p>\n<p>Valec a piest valca by sa mali le\u0161ti\u0165, aby sa zlep\u0161ila odolnos\u0165 proti opotrebovaniu a zn\u00ed\u017eilo trenie. Pou\u017eitie maz\u00edv, ako je hydraulick\u00fd olej, m\u00f4\u017ee tie\u017e zlep\u0161i\u0165 v\u00fdkon a \u017eivotnos\u0165 valca.<\/p>\n<p>\u00dadr\u017eba a rie\u0161enie probl\u00e9mov:<br \/>\nPravideln\u00e1 \u00fadr\u017eba a prevent\u00edvne opatrenia s\u00fa k\u013e\u00fa\u010dov\u00e9 pre zabezpe\u010denie spr\u00e1vneho fungovania valcov ramena. Medzi tipy na \u00fadr\u017ebu patr\u00ed kontrola \u00fanikov kvapal\u00edn, kontrola tesnen\u00ed, \u010di nie s\u00fa po\u0161koden\u00e9 alebo opotrebovan\u00e9, a pravideln\u00e9 mazanie valca a jeho komponentov. V pr\u00edpade ak\u00fdchko\u013evek probl\u00e9mov by sa mal proces odstra\u0148ovania probl\u00e9mov riadi\u0165 \u0161tandardn\u00fdmi postupmi a mal by ho vykon\u00e1va\u0165 kvalifikovan\u00fd person\u00e1l.<\/p>\n<p><img decoding=\"async\" src=\"https:\/\/www.hydraulic-cylinders.net\/wp-content\/uploads\/2025\/01\/songte-chushion-collar.webp\"><\/p>\n<p>Sprievodca in\u0161tal\u00e1ciou:<br \/>\nPre spr\u00e1vnu in\u0161tal\u00e1ciu valca ramena postupujte pod\u013ea t\u00fdchto krokov:<\/p>\n<p>1. Vy\u010distite miesto in\u0161tal\u00e1cie a uistite sa, \u017ee v\u0161etky komponenty s\u00fa bez ne\u010dist\u00f4t a po\u0161kodenia.<\/p>\n<p>2. Prisp\u00f4sobte valec ramenu stroja pod\u013ea \u0161pecifik\u00e1cie v\u00fdrobcu a bezpe\u010dne ho namontujte.<\/p>\n<p>3. Pripojte hydraulick\u00e9 hadice k vstupn\u00e9mu a v\u00fdstupn\u00e9mu otvoru valca a uistite sa, \u017ee s\u00fa spr\u00e1vne utiahnut\u00e9.<\/p>\n<p>4. Napl\u0148te hydraulick\u00fd syst\u00e9m odpor\u00fa\u010dan\u00fdm hydraulick\u00fdm olejom a skontrolujte pr\u00edpadn\u00e9 \u00faniky.<\/p>\n<p>5. Otestujte \u010dinnos\u0165 valca a uistite sa, \u017ee funguje spr\u00e1vne.<\/p>\n<p>Bezpe\u010dnostn\u00e9 aspekty a faktory prostredia:<br \/>\nValce s ramenom m\u00f4\u017eu predstavova\u0165 bezpe\u010dnostn\u00e9 riziko, ak nie s\u00fa spr\u00e1vne nain\u0161talovan\u00e9 alebo pou\u017e\u00edvan\u00e9. Mali by sa prija\u0165 vhodn\u00e9 bezpe\u010dnostn\u00e9 opatrenia, aby sa predi\u0161lo nehod\u00e1m, ako je n\u00e1hla strata tlaku alebo mechanick\u00e9 zlyhanie. V\u00fdkon valca m\u00f4\u017eu ovplyvni\u0165 aj faktory prostredia, ako je teplota, vlhkos\u0165 a koroz\u00edvne l\u00e1tky, a preto by sa mali zoh\u013eadni\u0165.<\/p>\n<p>Diagnostika por\u00fach a be\u017en\u00e9 probl\u00e9my:<br \/>\nMedzi be\u017en\u00e9 probl\u00e9my s valcami ramena patria \u00faniky kvapaliny, opotrebovanie tesnenia a po\u0161kodenie piestu alebo ty\u010de. Spr\u00e1vna diagnostika por\u00fach a rie\u0161enie probl\u00e9mov m\u00f4\u017ee pom\u00f4c\u0165 identifikova\u0165 a vyrie\u0161i\u0165 tieto probl\u00e9my, \u010d\u00edm sa zabr\u00e1ni \u010fal\u0161iemu po\u0161kodeniu valca alebo stroja.<\/p>\n<p>Aby sa predi\u0161lo potenci\u00e1lnym probl\u00e9mom, medzi prevent\u00edvne opatrenia patr\u00ed pravideln\u00e1 \u00fadr\u017eba, spr\u00e1vna in\u0161tal\u00e1cia a dodr\u017eiavanie pokynov v\u00fdrobcu t\u00fdkaj\u00facich sa pou\u017e\u00edvania a \u00fadr\u017eby.<\/p>\n<p><img decoding=\"async\" src=\"https:\/\/www.hydraulic-cylinders.net\/wp-content\/uploads\/2025\/01\/songte-bushings-with-all-kinds-of-excavator-models.webp\"><\/p>\n<p>Z\u00e1ver:<br \/>\nSme profesion\u00e1lny v\u00fdrobca hydraulick\u00fdch valcov so \u0161irokou \u0161k\u00e1lou produktov a stali sme sa jedn\u00fdm z popredn\u00fdch v\u00fdrobcov a ve\u013ekoobchodn\u00fdch distrib\u00fatorov hydraulick\u00fdch valcov na celom svete. Zaviazali sme sa poskytova\u0165 vysoko kvalitn\u00e9 produkty a vyu\u017e\u00edva\u0165 industrializovan\u00e9 strat\u00e9gie riadenia v\u00fdroby na\u0161ich prec\u00edznych v\u00fdrobn\u00fdch dieln\u00ed na zlep\u0161enie na\u0161ich technick\u00fdch schopnost\u00ed a efekt\u00edvnosti v\u00fdroby. Zaviedli sme \u0161pi\u010dkov\u00e9 digit\u00e1lne v\u00fdrobn\u00e9 zariadenia a profesion\u00e1lne testovacie syst\u00e9my na optimaliz\u00e1ciu na\u0161ej v\u00fdrobnej platformy, zlep\u0161enie procesov kontroly kvality produktov a siln\u00e9 inovat\u00edvne schopnosti. Na\u0161\u00edm cie\u013eom je splni\u0165 rozmanit\u00e9 po\u017eiadavky na\u0161ich z\u00e1kazn\u00edkov efekt\u00edvnymi, presn\u00fdmi a vysoko kvalitn\u00fdmi produktmi.<\/p>\n<p>Ako profesion\u00e1lny v\u00fdrobca sme z\u00edskali r\u00f4zne medzin\u00e1rodn\u00e9 certifik\u00e1cie a poskytujeme prisp\u00f4soben\u00e9 slu\u017eby a cen\u00edme si na\u0161e v\u00fdrobn\u00e9 zariadenia a popredajn\u00e9 slu\u017eby.<\/p>\n<p><img decoding=\"async\" src=\"https:\/\/www.hydraulic-cylinders.net\/wp-content\/uploads\/2025\/01\/songte-company-4.webp\"><\/p>\n<p><img decoding=\"async\" src=\"https:\/\/www.hydraulic-cylinders.net\/wp-content\/uploads\/2025\/01\/songte-company-3.webp\"><\/p>\n<p>Autor: lyl<\/p>","protected":false},"excerpt":{"rendered":"<p>Arm Cylinder for Volvo Small Excavator EC60C\/80D Introduction: The arm cylinder is a specialized hydraulic cylinder designed to provide linear motion and power for a variety of machinery arms, such as excavators, cranes, and robotic arms. Arm cylinders play a crucial role in hydraulic systems, allowing for effective movement and control of additional tools or [&hellip;]<\/p>","protected":false},"featured_media":14786,"comment_status":"open","ping_status":"closed","template":"","meta":{"_et_pb_use_builder":"","_et_pb_old_content":"","_et_gb_content_width":""},"product_brand":[],"product_cat":[1497],"product_tag":[1498,1496],"class_list":{"0":"post-16315","1":"product","2":"type-product","3":"status-publish","4":"has-post-thumbnail","6":"product_cat-arm-cylinders","7":"product_tag-arm-cylinders","8":"product_tag-hydraulic-cylinders","10":"first","11":"instock","12":"shipping-taxable","13":"product-type-simple"},"amp_enabled":true,"_links":{"self":[{"href":"https:\/\/www.hydraulic-cylinders.net\/sk\/wp-json\/wp\/v2\/product\/16315","targetHints":{"allow":["GET"]}}],"collection":[{"href":"https:\/\/www.hydraulic-cylinders.net\/sk\/wp-json\/wp\/v2\/product"}],"about":[{"href":"https:\/\/www.hydraulic-cylinders.net\/sk\/wp-json\/wp\/v2\/types\/product"}],"replies":[{"embeddable":true,"href":"https:\/\/www.hydraulic-cylinders.net\/sk\/wp-json\/wp\/v2\/comments?post=16315"}],"wp:featuredmedia":[{"embeddable":true,"href":"https:\/\/www.hydraulic-cylinders.net\/sk\/wp-json\/wp\/v2\/media\/14786"}],"wp:attachment":[{"href":"https:\/\/www.hydraulic-cylinders.net\/sk\/wp-json\/wp\/v2\/media?parent=16315"}],"wp:term":[{"taxonomy":"product_brand","embeddable":true,"href":"https:\/\/www.hydraulic-cylinders.net\/sk\/wp-json\/wp\/v2\/product_brand?post=16315"},{"taxonomy":"product_cat","embeddable":true,"href":"https:\/\/www.hydraulic-cylinders.net\/sk\/wp-json\/wp\/v2\/product_cat?post=16315"},{"taxonomy":"product_tag","embeddable":true,"href":"https:\/\/www.hydraulic-cylinders.net\/sk\/wp-json\/wp\/v2\/product_tag?post=16315"}],"curies":[{"name":"pracovn\u00fd list","href":"https:\/\/api.w.org\/{rel}","templated":true}]}}