{"id":16331,"date":"2025-01-20T09:06:31","date_gmt":"2025-01-20T09:06:31","guid":{"rendered":"https:\/\/www.hydraulic-cylinders.net\/product\/arm-cylinderfor-volvo-large-excavator-ec480b\/"},"modified":"2025-01-20T09:06:33","modified_gmt":"2025-01-20T09:06:33","slug":"arm-cylinderfor-volvo-large-excavator-ec480b","status":"publish","type":"product","link":"https:\/\/www.hydraulic-cylinders.net\/sk\/produkt\/arm-cylinderfor-volvo-large-excavator-ec480b\/","title":{"rendered":"Valec ramena pre ve\u013ek\u00e9 r\u00fdpadlo Volvo EC480B"},"content":{"rendered":"<h1>Valec ramena pre ve\u013ek\u00e9 r\u00fdpadlo Volvo EC480B<\/h1>\n<h2>\u00davod<\/h2>\n<p>Hydraulick\u00fd valec ramena pre ve\u013ek\u00e9 r\u00fdpadlo Volvo EC480B je \u0161peci\u00e1lne navrhnut\u00fd hydraulick\u00fd valec, ktor\u00fd poskytuje line\u00e1rny pohyb a v\u00fdkon ramenu r\u00f4znych strojov, ako s\u00fa r\u00fdpadl\u00e1, \u017eeriavy a mechanick\u00e9 ramen\u00e1. Hydraulick\u00fd valec ramena zohr\u00e1va k\u013e\u00fa\u010dov\u00fa \u00falohu v hydraulick\u00fdch syst\u00e9moch, preto\u017ee umo\u017e\u0148uje efekt\u00edvny pohyb a ovl\u00e1danie dodato\u010dn\u00e9ho n\u00e1radia alebo pr\u00edslu\u0161enstva. Tieto valce nielen zabezpe\u010duj\u00fa plynul\u00fd pohyb, ale tie\u017e odol\u00e1vaj\u00fa \u0165a\u017ek\u00fdm za\u0165a\u017eeniam, \u010d\u00edm zais\u0165uj\u00fa vysok\u00fa prev\u00e1dzkov\u00fa \u00fa\u010dinnos\u0165 a spo\u013eahlivos\u0165 v r\u00f4znych pracovn\u00fdch podmienkach.<\/p>\n<p><img decoding=\"async\" src=\"https:\/\/www.hydraulic-cylinders.net\/wp-content\/uploads\/2025\/01\/songte-company-2.webp\" alt=\"Obr\u00e1zok valca ramena\"><\/p>\n<h2>Funkcie<\/h2>\n<ol>\n<li>Vysoko\u00fa\u010dinn\u00fd prevod: Valec ramena poskytuje siln\u00fd line\u00e1rny pohyb a silu, \u010d\u00edm zais\u0165uje vysok\u00fd v\u00fdkon mechanick\u00e9ho ramena pri r\u00f4znych oper\u00e1ci\u00e1ch.<\/li>\n<li>Presn\u00e9 ovl\u00e1danie: V\u010faka hydraulick\u00e9mu syst\u00e9mu dosahuje valec ramena presn\u00e9 ovl\u00e1danie pohybu, v\u010faka \u010domu je ovl\u00e1danie \u010fal\u0161\u00edch n\u00e1strojov flexibilnej\u0161ie a presnej\u0161ie.<\/li>\n<li>Trvanlivos\u0165: Valce s ramenom s\u00fa zvy\u010dajne vyroben\u00e9 z vysokopevnostn\u00fdch materi\u00e1lov, ktor\u00e9 pon\u00fakaj\u00fa vynikaj\u00facu odolnos\u0165 vo\u010di opotrebovaniu a kor\u00f3zii, v\u010faka \u010domu s\u00fa vhodn\u00e9 na dlhodob\u00e9 pou\u017e\u00edvanie v n\u00e1ro\u010dn\u00fdch podmienkach.<\/li>\n<li>Multifunk\u010dn\u00e1 prisp\u00f4sobivos\u0165: Tieto valce sa daj\u00fa \u0161iroko pou\u017e\u00edva\u0165 v r\u00f4znych strojn\u00fdch zariadeniach, ako s\u00fa bagre, \u017eeriavy a mechanick\u00e9 ramen\u00e1, a prisp\u00f4sobuj\u00fa sa r\u00f4znym po\u017eiadavk\u00e1m pr\u00e1ce.<\/li>\n<li>Jednoduch\u00e1 \u00fadr\u017eba: V\u010faka jednoduchej \u00fadr\u017ebe a v\u00fdmene sa pravideln\u00e9 kontroly a \u00fadr\u017eba st\u00e1vaj\u00fa pohodln\u00fdmi, \u010d\u00edm sa skracuj\u00fa prestoje zariadenia.<\/li>\n<\/ol>\n<p><img decoding=\"async\" src=\"https:\/\/www.hydraulic-cylinders.net\/wp-content\/uploads\/2025\/01\/songte-oil-pipes-and-spare-parts.webp\" alt=\"Obr\u00e1zok \u010dast\u00ed valca\"><\/p>\n<h2>Aplik\u00e1cie<\/h2>\n<p>Valec s ramenom sa pou\u017e\u00edva v r\u00f4znych odvetviach a aplik\u00e1ci\u00e1ch:<\/p>\n<h3>1. Stavebn\u00e9 in\u017einierstvo<\/h3>\n<p>V r\u00fdpadl\u00e1ch a \u017eeriavoch ovl\u00e1da valec ramena pohyb vedier alebo v\u00fdlo\u017en\u00edkov pri zemn\u00fdch pr\u00e1cach, manipul\u00e1cii s materi\u00e1lom a mont\u00e1\u017ei kon\u0161trukci\u00ed.<\/p>\n<h3>2. V\u00fdroba<\/h3>\n<p>V automatizovan\u00fdch v\u00fdrobn\u00fdch link\u00e1ch umo\u017e\u0148uje valec ramena pohyb mechanick\u00fdch ramien pri mont\u00e1\u017enych, zv\u00e1rac\u00edch a manipula\u010dn\u00fdch procesoch, \u010d\u00edm sa zvy\u0161uje efektivita a presnos\u0165 v\u00fdroby.<\/p>\n<h3>3. Po\u013enohospod\u00e1rske stroje<\/h3>\n<p>V po\u013enohospod\u00e1rskych strojoch, ako s\u00fa zbera\u010de a seja\u010dky, riadi valec ramena pohyb ovl\u00e1dac\u00edch ramien pri \u00faloh\u00e1ch, ako je siatie, hnojenie a zber \u00farody.<\/p>\n<h3>4. \u0164a\u017eba<\/h3>\n<p>V bansk\u00fdch zariadeniach riadi valec ramena pohyb ramena bansk\u00e9ho zariadenia na \u0165a\u017ebu a prepravu rudy.<\/p>\n<h3>5. Logistika a doprava<\/h3>\n<p>Vo vysokozdvi\u017en\u00fdch voz\u00edkoch a manipula\u010dn\u00fdch robotoch riadi valec ramena zdv\u00edhanie a pohyb vidl\u00edc, \u010do umo\u017e\u0148uje manipul\u00e1ciu s materi\u00e1lom a stohovanie.<\/p>\n<p><img decoding=\"async\" src=\"https:\/\/www.hydraulic-cylinders.net\/wp-content\/uploads\/2025\/01\/songte-cylinder-head-with-all-kinds-excavator-models.webp\" alt=\"Obr\u00e1zok hlavy valcov\"><\/p>\n<h2>\u00davahy o dizajne a krit\u00e9ri\u00e1 v\u00fdberu<\/h2>\n<p>Pri navrhovan\u00ed a v\u00fdbere valcov s ramenom sa berie do \u00favahy nieko\u013eko k\u013e\u00fa\u010dov\u00fdch faktorov:<\/p>\n<h3>1. Nosnos\u0165<\/h3>\n<p>Valec ramena by mal by\u0165 schopn\u00fd odola\u0165 maxim\u00e1lnemu za\u0165a\u017eeniu, ktor\u00e9mu bude vystaven\u00fd po\u010das prev\u00e1dzky, \u010d\u00edm sa zabezpe\u010d\u00ed bezpe\u010dn\u00fd a efekt\u00edvny v\u00fdkon.<\/p>\n<h3>2. Tesnenie<\/h3>\n<p>Na zabezpe\u010denie spr\u00e1vneho utesnenia sa pou\u017e\u00edvaj\u00fa r\u00f4zne tesniace prvky, ako s\u00fa tesnenia piestov a tesnenia ty\u010d\u00ed. Tieto tesnenia s\u00fa vyroben\u00e9 z materi\u00e1lov odoln\u00fdch vo\u010di opotrebovaniu, ako je polyuret\u00e1n a nitrilov\u00fd kau\u010duk. Teleso valca a z\u00e1vitov\u00e9 konce prech\u00e1dzaj\u00fa jemn\u00fdm opracovan\u00edm, aby sa zlep\u0161ila odolnos\u0165 vo\u010di opotrebovaniu. Pravideln\u00e9 mazanie hydraulick\u00fdm olejom je nevyhnutn\u00e9 pre spr\u00e1vnu funkciu.<\/p>\n<p><img decoding=\"async\" src=\"https:\/\/www.hydraulic-cylinders.net\/wp-content\/uploads\/2025\/01\/songte-chushion-collar.webp\" alt=\"Obr\u00e1zok tesnen\u00ed valcov\"><\/p>\n<h3>3. Trvanlivos\u0165<\/h3>\n<p>Valec ramena je vyroben\u00fd z vysoko kvalitn\u00fdch materi\u00e1lov a prech\u00e1dza pr\u00edsnym testovan\u00edm, aby sa zabezpe\u010dila odolnos\u0165 a dlh\u00e1 \u017eivotnos\u0165 v n\u00e1ro\u010dn\u00fdch prev\u00e1dzkov\u00fdch podmienkach.<\/p>\n<h3>4. Bezpe\u010dnos\u0165<\/h3>\n<p>Bezpe\u010dnostn\u00e9 aspekty, ako s\u00fa pretlakov\u00e9 ventily a mechanizmy n\u00fadzov\u00e9ho zastavenia, s\u00fa s\u00fa\u010das\u0165ou kon\u0161trukcie, aby sa predi\u0161lo nehod\u00e1m a zabezpe\u010dila sa bezpe\u010dnos\u0165 obsluhy.<\/p>\n<h3>5. Udr\u017eiavate\u013enos\u0165<\/h3>\n<p>Kon\u0161truk\u010dn\u00e9 prvky s\u00fa implementovan\u00e9 tak, aby u\u013eah\u010dili \u00fadr\u017ebu a v\u00fdmenu, minimalizovali prestoje a optimalizovali \u017eivotnos\u0165 valca ramena.<\/p>\n<h2>Pravideln\u00e1 kontrola a prevent\u00edvna \u00fadr\u017eba<\/h2>\n<p>Pre zabezpe\u010denie optim\u00e1lneho v\u00fdkonu a dlhej \u017eivotnosti valca ramena by sa mali vykon\u00e1va\u0165 pravideln\u00e9 kontroly a prevent\u00edvna \u00fadr\u017eba:<\/p>\n<ul>\n<li>Skontrolujte valec, \u010di nevykazuje zn\u00e1mky netesnost\u00ed, po\u0161kodenia alebo abnorm\u00e1lneho opotrebenia.<\/li>\n<li>Skontrolujte tesnenia a mazac\u00ed syst\u00e9m, aby ste zabezpe\u010dili ich spr\u00e1vnu funkciu.<\/li>\n<li>Vy\u010distite a nama\u017ete valec pod\u013ea odpor\u00fa\u010dan\u00ed v\u00fdrobcu.<\/li>\n<li>Opotrebovan\u00e9 alebo po\u0161koden\u00e9 komponenty okam\u017eite vyme\u0148te.<\/li>\n<\/ul>\n<h2>Sprievodca in\u0161tal\u00e1ciou produktu<\/h2>\n<p>Spr\u00e1vna in\u0161tal\u00e1cia valca ramena je nevyhnutn\u00e1 pre optim\u00e1lny v\u00fdkon a bezpe\u010dnos\u0165. Dodr\u017eujte tieto pokyny:<\/p>\n<ol>\n<li>Pred in\u0161tal\u00e1ciou sa uistite, \u017ee je zariadenie vypnut\u00e9 a hydraulick\u00fd syst\u00e9m je bez tlaku.<\/li>\n<li>Securely mount the cylinder in the desired position, following the manufacturer&#8217;s instructions.<\/li>\n<li>V\u0161etky pripojenia utiahnite odpor\u00fa\u010dan\u00fdm u\u0165ahovac\u00edm momentom.<\/li>\n<li>Skontrolujte spr\u00e1vne zarovnanie a v\u00f4\u013eu pohybliv\u00fdch \u010dast\u00ed.<\/li>\n<li>Otestujte funk\u010dnos\u0165 valca a vykonajte v\u0161etky potrebn\u00e9 \u00fapravy.<\/li>\n<\/ol>\n<p><img decoding=\"async\" src=\"https:\/\/www.hydraulic-cylinders.net\/wp-content\/uploads\/2025\/01\/songte-bushings-with-all-kinds-of-excavator-models.webp\" alt=\"Obr\u00e1zok puzdier\"><\/p>\n<h2>Bezpe\u010dnostn\u00e9 aspekty a faktory prostredia<\/h2>\n<p>Pri pou\u017e\u00edvan\u00ed valca s ramenom je d\u00f4le\u017eit\u00e9 uprednostni\u0165 bezpe\u010dnostn\u00e9 opatrenia, aby sa predi\u0161lo nehod\u00e1m a chr\u00e1nilo \u017eivotn\u00e9 prostredie. Rozhoduj\u00face je riadne \u0161kolenie, dodr\u017eiavanie bezpe\u010dnostn\u00fdch protokolov a pou\u017e\u00edvanie osobn\u00fdch ochrann\u00fdch prostriedkov.<\/p>\n<h2>Rie\u0161enie probl\u00e9mov a be\u017en\u00e9 probl\u00e9my<\/h2>\n<p>Pri pou\u017e\u00edvan\u00ed valca ramena sa m\u00f4\u017eu vyskytn\u00fa\u0165 probl\u00e9my. Tu je nieko\u013eko be\u017en\u00fdch probl\u00e9mov a tipov na rie\u0161enie probl\u00e9mov:<\/p>\n<ul>\n<li>Ak sa valec spr\u00e1vne nevys\u00fava alebo nezas\u00fava, skontrolujte hladinu a tlak hydraulickej kvapaliny. Skontrolujte tie\u017e tesnenia, \u010di netesnia alebo nie s\u00fa po\u0161koden\u00e9.<\/li>\n<li>Ak sa po\u010das prev\u00e1dzky vyskytuje nadmern\u00fd hluk alebo vibr\u00e1cie, skontrolujte upevnenie a zarovnanie valca a skontrolujte, \u010di nie s\u00fa uvo\u013enen\u00e9 spoje.<\/li>\n<li>V pr\u00edpade preru\u0161ovan\u00e9ho alebo nepravideln\u00e9ho pohybu valca skontrolujte, \u010di sa v hydraulickom syst\u00e9me nenach\u00e1dza vzduch, a v pr\u00edpade potreby ho odvzdu\u0161nite.<\/li>\n<\/ul>\n<p>Pravideln\u00e1 prevent\u00edvna \u00fadr\u017eba a r\u00fdchle rie\u0161enie probl\u00e9mov m\u00f4\u017eu pom\u00f4c\u0165 vyrie\u0161i\u0165 tieto probl\u00e9my a minimalizova\u0165 prestoje.<\/p>\n<p><img decoding=\"async\" src=\"https:\/\/www.hydraulic-cylinders.net\/wp-content\/uploads\/2025\/01\/songte-company-4.webp\" alt=\"Obr\u00e1zok spolo\u010dnosti\"><br \/>\n<img decoding=\"async\" src=\"https:\/\/www.hydraulic-cylinders.net\/wp-content\/uploads\/2025\/01\/songte-company-3.webp\" alt=\"Obr\u00e1zok spolo\u010dnosti\"><\/p>\n<h2>O n\u00e1s<\/h2>\n<p>We are a professional manufacturer of replacement hydraulic cylinders, offering a wide range of products. We have become one of the leading manufacturers and wholesale distributors of hydraulic cylinders in domestic and international markets. We adhere to the principle of excellence in quality, continuously improving our technical capabilities and production efficiency. By introducing advanced digital manufacturing equipment and professional testing systems, we optimize our manufacturing platform and enhance product quality control processes, demonstrating strong innovation capabilities. Our goal is to meet customer&#8217;s diverse needs with the principles of efficiency, accuracy, and high quality.<\/p>\n<p>Poskytujeme:<\/p>\n<ul>\n<li>Profesionalita a odborn\u00e9 znalosti v oblasti hydraulick\u00fdch valcov.<\/li>\n<li>Medzin\u00e1rodn\u00e9 certifik\u00e1ty zaru\u010duj\u00face kvalitu a spo\u013eahlivos\u0165 v\u00fdrobkov.<\/li>\n<li>Slu\u017eby prisp\u00f4sobenia na splnenie \u0161pecifick\u00fdch po\u017eiadaviek.<\/li>\n<li>Najmodernej\u0161ie v\u00fdrobn\u00e9 zariadenia pre konzistentn\u00fa kvalitu.<\/li>\n<li>Komplexn\u00fd popredajn\u00fd servis na podporu z\u00e1kazn\u00edkov.<\/li>\n<\/ul>\n<p>Remember to adhere to the guidelines of &#8220;Author: lyl&#8221; at the end of the article.<\/p>","protected":false},"excerpt":{"rendered":"<p>Arm Cylinder For Volvo Large Excavator EC480B Introduction The Arm Cylinder for Volvo Large Excavator EC480B is a specially designed hydraulic cylinder that provides linear motion and power to the arm of various machinery, such as excavators, cranes, and mechanical arms. The Arm Cylinder plays a crucial role in hydraulic systems, enabling the efficient movement [&hellip;]<\/p>","protected":false},"featured_media":14770,"comment_status":"open","ping_status":"closed","template":"","meta":{"_et_pb_use_builder":"","_et_pb_old_content":"","_et_gb_content_width":""},"product_brand":[],"product_cat":[1497],"product_tag":[1498,1496],"class_list":{"0":"post-16331","1":"product","2":"type-product","3":"status-publish","4":"has-post-thumbnail","6":"product_cat-arm-cylinders","7":"product_tag-arm-cylinders","8":"product_tag-hydraulic-cylinders","10":"first","11":"instock","12":"shipping-taxable","13":"product-type-simple"},"amp_enabled":true,"_links":{"self":[{"href":"https:\/\/www.hydraulic-cylinders.net\/sk\/wp-json\/wp\/v2\/product\/16331","targetHints":{"allow":["GET"]}}],"collection":[{"href":"https:\/\/www.hydraulic-cylinders.net\/sk\/wp-json\/wp\/v2\/product"}],"about":[{"href":"https:\/\/www.hydraulic-cylinders.net\/sk\/wp-json\/wp\/v2\/types\/product"}],"replies":[{"embeddable":true,"href":"https:\/\/www.hydraulic-cylinders.net\/sk\/wp-json\/wp\/v2\/comments?post=16331"}],"wp:featuredmedia":[{"embeddable":true,"href":"https:\/\/www.hydraulic-cylinders.net\/sk\/wp-json\/wp\/v2\/media\/14770"}],"wp:attachment":[{"href":"https:\/\/www.hydraulic-cylinders.net\/sk\/wp-json\/wp\/v2\/media?parent=16331"}],"wp:term":[{"taxonomy":"product_brand","embeddable":true,"href":"https:\/\/www.hydraulic-cylinders.net\/sk\/wp-json\/wp\/v2\/product_brand?post=16331"},{"taxonomy":"product_cat","embeddable":true,"href":"https:\/\/www.hydraulic-cylinders.net\/sk\/wp-json\/wp\/v2\/product_cat?post=16331"},{"taxonomy":"product_tag","embeddable":true,"href":"https:\/\/www.hydraulic-cylinders.net\/sk\/wp-json\/wp\/v2\/product_tag?post=16331"}],"curies":[{"name":"pracovn\u00fd list","href":"https:\/\/api.w.org\/{rel}","templated":true}]}}