{"id":16333,"date":"2025-01-20T09:06:46","date_gmt":"2025-01-20T09:06:46","guid":{"rendered":"https:\/\/www.hydraulic-cylinders.net\/product\/arm-cylinderfor-volvo-large-excavator-ec300d\/"},"modified":"2025-01-20T09:06:48","modified_gmt":"2025-01-20T09:06:48","slug":"arm-cylinderfor-volvo-large-excavator-ec300d","status":"publish","type":"product","link":"https:\/\/www.hydraulic-cylinders.net\/sk\/produkt\/arm-cylinderfor-volvo-large-excavator-ec300d\/","title":{"rendered":"Valec ramena pre ve\u013ek\u00e9 r\u00fdpadlo Volvo EC300D"},"content":{"rendered":"<p><strong>Valec ramena pre ve\u013ek\u00e9 r\u00fdpadlo Volvo EC300D: Defin\u00edcia a vysvetlenie<\/strong><\/p>\n<p>Hydraulick\u00fd valec ramena je \u0161pecializovan\u00fd hydraulick\u00fd valec, ktor\u00fd sa prim\u00e1rne pou\u017e\u00edva na zabezpe\u010denie line\u00e1rneho pohybu a v\u00fdkonu ramien r\u00f4znych typov strojov, ako s\u00fa r\u00fdpadl\u00e1, \u017eeriavy a mechanick\u00e9 ramen\u00e1. Valec ramena hr\u00e1 k\u013e\u00fa\u010dov\u00fa \u00falohu v hydraulickom syst\u00e9me, preto\u017ee umo\u017e\u0148uje efekt\u00edvny pohyb a ovl\u00e1danie pripojen\u00e9ho n\u00e1radia alebo pr\u00edslu\u0161enstva. Tieto valce nielen\u017ee poskytuj\u00fa plynul\u00fd pohyb, ale maj\u00fa aj vysok\u00fa nosnos\u0165, \u010d\u00edm zabezpe\u010duj\u00fa efekt\u00edvnu prev\u00e1dzku a spo\u013eahlivos\u0165 strojov v r\u00f4znych pracovn\u00fdch podmienkach.<\/p>\n<p><img decoding=\"async\" src=\"https:\/\/www.hydraulic-cylinders.net\/wp-content\/uploads\/2025\/01\/songte-company-2.webp\" alt=\"Obr\u00e1zok valca ramena\"><\/p>\n<h2>Vlastnosti valca ramena pre ve\u013ek\u00e9 r\u00fdpadlo Volvo EC300D<\/h2>\n<ul>\n<li><strong>Efekt\u00edvny prenos v\u00fdkonu:<\/strong> Valec ramena poskytuje siln\u00fd line\u00e1rny pohyb a silu, \u010d\u00edm zais\u0165uje vysok\u00fa \u00fa\u010dinnos\u0165 mechanick\u00e9ho ramena pri r\u00f4znych oper\u00e1ci\u00e1ch.<\/li>\n<li><strong>Presn\u00e9 ovl\u00e1danie:<\/strong> V\u010faka hydraulick\u00e9mu syst\u00e9mu dok\u00e1\u017ee valec ramena dosiahnu\u0165 presn\u00e9 ovl\u00e1danie pohybu, v\u010faka \u010domu je ovl\u00e1danie pripojen\u00e9ho n\u00e1radia flexibilnej\u0161ie a presnej\u0161ie.<\/li>\n<li><strong>Odoln\u00e9:<\/strong> Valce ramien sa zvy\u010dajne vyr\u00e1baj\u00fa z vysokopevnostn\u00fdch materi\u00e1lov, ktor\u00e9 maj\u00fa dobr\u00fa odolnos\u0165 vo\u010di opotrebovaniu a kor\u00f3zii, v\u010faka \u010domu s\u00fa vhodn\u00e9 na dlhodob\u00e9 pou\u017e\u00edvanie v n\u00e1ro\u010dn\u00fdch podmienkach.<\/li>\n<li><strong>Multifunk\u010dn\u00e1 prisp\u00f4sobivos\u0165:<\/strong> Tieto valce sa daj\u00fa \u0161iroko pou\u017e\u00edva\u0165 v r\u00f4znych typoch strojov a zariaden\u00ed, ako s\u00fa bagre, \u017eeriavy a mechanick\u00e9 ramen\u00e1, a dok\u00e1\u017eu sa prisp\u00f4sobi\u0165 r\u00f4znym pracovn\u00fdm po\u017eiadavk\u00e1m.<\/li>\n<li><strong>Jednoduch\u00e1 \u00fadr\u017eba:<\/strong> Kon\u0161trukcia zoh\u013ead\u0148uje jednoduch\u00fa \u00fadr\u017ebu a v\u00fdmenu, v\u010faka \u010domu je pravideln\u00e1 kontrola a \u00fadr\u017eba pohodlnej\u0161ia a zni\u017euje sa tak prestoje zariadenia.<\/li>\n<\/ul>\n<p><img decoding=\"async\" src=\"https:\/\/www.hydraulic-cylinders.net\/wp-content\/uploads\/2025\/01\/songte-oil-pipes-and-spare-parts.webp\" alt=\"N\u00e1hradn\u00e9 diely pre valce ramena\"><\/p>\n<h2>Pou\u017eitie valca ramena pre ve\u013ek\u00e9 r\u00fdpadlo Volvo EC300D<\/h2>\n<p>Valec ramena m\u00e1 \u0161irok\u00e9 uplatnenie v r\u00f4znych odvetviach, vr\u00e1tane:<\/p>\n<h3>1. Stavebn\u00e9 in\u017einierstvo<\/h3>\n<p>V r\u00fdpadl\u00e1ch a \u017eeriavoch sa valce ramena pou\u017e\u00edvaj\u00fa na ovl\u00e1danie pohybu vedra alebo v\u00fdlo\u017en\u00edka pri zemn\u00fdch pr\u00e1cach, manipul\u00e1cii s materi\u00e1lom a mont\u00e1\u017ei kon\u0161trukci\u00ed.<\/p>\n<h3>2. V\u00fdroba<\/h3>\n<p>V automatizovan\u00fdch v\u00fdrobn\u00fdch link\u00e1ch sa valce ramien pou\u017e\u00edvaj\u00fa na ovl\u00e1danie pohybu mechanick\u00e9ho ramena, pri mont\u00e1\u017ei, zv\u00e1ran\u00ed a manipul\u00e1cii, \u010d\u00edm sa zlep\u0161uje efektivita a presnos\u0165 v\u00fdroby.<\/p>\n<h3>3. Po\u013enohospod\u00e1rske stroje<\/h3>\n<p>V po\u013enohospod\u00e1rskych strojoch, ako s\u00fa zbera\u010de a seja\u010dky, riadia valce ramena pohyb ovl\u00e1dacieho ramena a vykon\u00e1vaj\u00fa \u00falohy, ako je sadenie, hnojenie a zber \u00farody.<\/p>\n<h3>4. \u0164a\u017eba<\/h3>\n<p>V bansk\u00fdch zariadeniach sa valce ramien pou\u017e\u00edvaj\u00fa na ovl\u00e1danie pohybu ramien bansk\u00fdch zariaden\u00ed na \u0165a\u017ebu a prepravu rudy.<\/p>\n<h3>5. Logistika a doprava<\/h3>\n<p>Vo vysokozdvi\u017en\u00fdch voz\u00edkoch a manipula\u010dn\u00fdch robotoch sa valce ramien pou\u017e\u00edvaj\u00fa na ovl\u00e1danie zdv\u00edhania a pohybu vidl\u00edc, \u010d\u00edm sa dosahuje manipul\u00e1cia s materi\u00e1lom a stohovanie.<\/p>\n<h2>\u00davahy o dizajne a krit\u00e9ri\u00e1 v\u00fdberu<\/h2>\n<p>Pri navrhovan\u00ed a v\u00fdbere valcov ramena je potrebn\u00e9 zv\u00e1\u017ei\u0165 nieko\u013eko faktorov, vr\u00e1tane:<\/p>\n<h3>1. Nosnos\u0165<\/h3>\n<p>Valec ramena mus\u00ed ma\u0165 dostato\u010dn\u00fa nosnos\u0165, aby uniesol hmotnos\u0165 pripojen\u00e9ho n\u00e1stroja alebo pr\u00edslu\u0161enstva, a zabezpe\u010dil tak plynul\u00fd a efekt\u00edvny chod.<\/p>\n<h3>2. Tesniaci v\u00fdkon<\/h3>\n<p>Pou\u017eitie r\u00f4znych tesniacich komponentov, ako s\u00fa tesnenia piestov a tesnenia ty\u010d\u00ed, vyroben\u00fdch z materi\u00e1lov odoln\u00fdch vo\u010di opotrebovaniu, ako je polyuret\u00e1n a nitrilov\u00fd kau\u010duk, m\u00f4\u017ee \u00fa\u010dinne zabr\u00e1ni\u0165 \u00faniku oleja a zlep\u0161i\u0165 tesniaci v\u00fdkon. Teleso valca a z\u00e1vitov\u00e9 koncov\u00e9 plochy sa jemne opracuj\u00fa, \u010d\u00edm sa zlep\u0161uje odolnos\u0165 vo\u010di opotrebovaniu.<\/p>\n<h3>3. Trvanlivos\u0165<\/h3>\n<p>Valec ramena mus\u00ed by\u0165 vyroben\u00fd z vysokopevnostn\u00fdch materi\u00e1lov a mus\u00ed by\u0165 podroben\u00fd r\u00f4znym povrchov\u00fdm \u00faprav\u00e1m, aby sa zv\u00fd\u0161ila odolnos\u0165 vo\u010di opotrebovaniu a kor\u00f3zii, \u010d\u00edm sa zabezpe\u010d\u00ed dlhodob\u00e9 pou\u017e\u00edvanie v n\u00e1ro\u010dn\u00fdch podmienkach.<\/p>\n<h3>4. Bezpe\u010dnos\u0165<\/h3>\n<p>Valec ramena mus\u00ed sp\u013a\u0148a\u0165 bezpe\u010dnostn\u00e9 normy a predpisy a podlieha\u0165 pr\u00edsnym kontrol\u00e1m kvality, aby sa zabezpe\u010dilo bezpe\u010dn\u00e9 pou\u017e\u00edvanie.<\/p>\n<h3>5. Udr\u017eiavate\u013enos\u0165<\/h3>\n<p>Kon\u0161trukcia valca ramena by mala zoh\u013ead\u0148ova\u0165 jednoduch\u00fa \u00fadr\u017ebu a v\u00fdmenu, \u010do by u\u013eah\u010dilo kontrolu a v\u00fdmenu komponentov a skr\u00e1tilo prestoje zariadenia.<\/p>\n<p><img decoding=\"async\" src=\"https:\/\/www.hydraulic-cylinders.net\/wp-content\/uploads\/2025\/01\/songte-cylinder-head-with-all-kinds-excavator-models.webp\" alt=\"Obr\u00e1zok n\u00e1vrhu valca ramena\"><\/p>\n<h2>Tesnenie a mazanie valca ramena pre ve\u013ek\u00e9 r\u00fdpadlo Volvo EC300D<\/h2>\n<p>Valce ramena vy\u017eaduj\u00fa pravideln\u00e9 mazanie a \u00fadr\u017ebu tesniacich komponentov, aby sa zabezpe\u010dila ich v\u00fdkonnos\u0165 a zabr\u00e1nilo sa \u00faniku oleja. Pou\u017eitie r\u00f4znych tesniacich komponentov odoln\u00fdch vo\u010di opotrebovaniu, ako s\u00fa tesnenia piestov a tesnenia ty\u010d\u00ed, vyroben\u00fdch z materi\u00e1lov ako polyuret\u00e1n a nitrilov\u00fd kau\u010duk, m\u00f4\u017ee \u00fa\u010dinne zabr\u00e1ni\u0165 \u00faniku oleja a zlep\u0161i\u0165 tesniaci v\u00fdkon. Teleso valca a z\u00e1vitov\u00e9 koncov\u00e9 plochy prech\u00e1dzaj\u00fa jemn\u00fdm opracovan\u00edm, \u010d\u00edm sa zlep\u0161uje odolnos\u0165 proti opotrebovaniu. Na mazanie je potrebn\u00e9 pravidelne prid\u00e1va\u0165 primeran\u00e9 mno\u017estvo hydraulick\u00e9ho oleja.<\/p>\n<p><img decoding=\"async\" src=\"https:\/\/www.hydraulic-cylinders.net\/wp-content\/uploads\/2025\/01\/songte-chushion-collar.webp\" alt=\"Obr\u00e1zok mazania valca ramena\"><\/p>\n<h2>Pravideln\u00e1 kontrola a opatrenia prevent\u00edvnej \u00fadr\u017eby<\/h2>\n<p>Valec ramena vy\u017eaduje pravideln\u00fa kontrolu a prevent\u00edvnu \u00fadr\u017ebu, aby sa zabezpe\u010dila jeho v\u00fdkonnos\u0165 a pred\u013a\u017eila jeho \u017eivotnos\u0165. Mo\u017eno prija\u0165 nasleduj\u00face opatrenia:<\/p>\n<ul>\n<li>Pravidelne kontrolujte tesniaci v\u00fdkon valca a v\u010das vyme\u0148te opotrebovan\u00e9 tesniace komponenty, aby ste predi\u0161li \u00faniku oleja a strate tlaku.<\/li>\n<li>Pravidelne \u010distite teleso valca a piestnicu a pridajte vhodn\u00fd mazac\u00ed olej, aby ste zabezpe\u010dili plynul\u00fd pohyb a zabr\u00e1nili opotrebovaniu.<\/li>\n<li>Pravidelne kontrolujte uvo\u013enenie mont\u00e1\u017enych skrutiek a mat\u00edc a v\u010das ich dotiahnite, aby ste predi\u0161li bezpe\u010dnostn\u00fdm rizik\u00e1m.<\/li>\n<li>Pravidelne kontrolujte opotrebovanie telesa valca a ty\u010de a v\u010das ich vyme\u0148te, aby ste zabezpe\u010dili bezpe\u010dn\u00e9 a efekt\u00edvne pou\u017e\u00edvanie valca.<\/li>\n<\/ul>\n<h2>In\u0161tala\u010dn\u00e1 pr\u00edru\u010dka pre valec ramena pre ve\u013ek\u00e9 r\u00fdpadlo Volvo EC300D<\/h2>\n<p>In\u0161tal\u00e1ciu valca ramena by mal vykona\u0165 odborn\u00fd person\u00e1l pod\u013ea pokynov v in\u0161tala\u010dnej pr\u00edru\u010dke. Je mo\u017en\u00e9 vykona\u0165 nasleduj\u00face kroky:<\/p>\n<ul>\n<li>Vy\u010distite mont\u00e1\u017enu plochu valca a nadstavca a uistite sa, \u017ee na nej nie je prach ani ne\u010distoty.<\/li>\n<li>Zarovnajte mont\u00e1\u017ene otvory valca a nadstavca a vlo\u017ete mont\u00e1\u017ene skrutky a matice.<\/li>\n<li>Utiahnite mont\u00e1\u017ene skrutky a matice v diagon\u00e1lnom porad\u00ed, aby ste zabezpe\u010dili bezpe\u010dn\u00e9 namontovanie valca a predi\u0161li bezpe\u010dnostn\u00fdm rizik\u00e1m.<\/li>\n<li>Pripojte hydraulick\u00e9 hadice k valcu a hydraulick\u00e9mu syst\u00e9mu a dopl\u0148te pr\u00edslu\u0161n\u00e9 mno\u017estvo hydraulick\u00e9ho oleja.<\/li>\n<li>Vykonajte sk\u00fa\u0161obn\u00fa jazdu, aby ste skontrolovali pohyb valca a nadstavca a uistili sa, \u017ee nedoch\u00e1dza k \u017eiadnym abnormalit\u00e1m.<\/li>\n<\/ul>\n<p><img decoding=\"async\" src=\"https:\/\/www.hydraulic-cylinders.net\/wp-content\/uploads\/2025\/01\/songte-bushings-with-all-kinds-of-excavator-models.webp\" alt=\"Obr\u00e1zok in\u0161tal\u00e1cie valca ramena\"><\/p>\n<h2>Bezpe\u010dnostn\u00e9 aspekty a faktory prostredia<\/h2>\n<p>Pri pou\u017e\u00edvan\u00ed valca s ramenom je potrebn\u00e9 venova\u0165 pozornos\u0165 bezpe\u010dnostn\u00fdm ot\u00e1zkam a faktorom prostredia. Mo\u017eno prija\u0165 nasleduj\u00face opatrenia:<\/p>\n<ul>\n<li>Pre zaistenie bezpe\u010dnej prev\u00e1dzky pr\u00edsne dodr\u017eiavajte bezpe\u010dnostn\u00e9 predpisy a normy.<\/li>\n<li>Pravidelne kontrolujte stav valca ramena a v\u010das vyme\u0148te opotrebovan\u00e9 alebo po\u0161koden\u00e9 komponenty, aby ste predi\u0161li bezpe\u010dnostn\u00fdm rizik\u00e1m.<\/li>\n<li>Pou\u017eit\u00fd hydraulick\u00fd olej a pou\u017eit\u00e9 tesniace komponenty zlikvidujte spr\u00e1vnym sp\u00f4sobom, aby ste predi\u0161li zne\u010disteniu \u017eivotn\u00e9ho prostredia.<\/li>\n<\/ul>\n<h2>Rie\u0161enie probl\u00e9mov a be\u017en\u00e9 probl\u00e9my<\/h2>\n<p>Ak sa vyskytne probl\u00e9m s valcom ramena, je potrebn\u00e9 ho v\u010das diagnostikova\u0165 a odstr\u00e1ni\u0165, aby sa zabezpe\u010dila efekt\u00edvna prev\u00e1dzka. Nasleduje nieko\u013eko be\u017en\u00fdch probl\u00e9mov a ich rie\u0161en\u00ed:<\/p>\n<ul>\n<li><strong>\u00danik oleja:<\/strong> Skontrolujte tesniace komponenty valca a v\u010das vyme\u0148te v\u0161etky opotrebovan\u00e9 alebo po\u0161koden\u00e9 komponenty.<\/li>\n<li><strong>Nedostato\u010dn\u00fd tlak:<\/strong> Skontrolujte hydraulick\u00fd syst\u00e9m, \u010di nie je upchat\u00fd alebo netesn\u00fd, a v\u010das ho opravte.<\/li>\n<li><strong>Abnorm\u00e1lny hluk:<\/strong> Skontrolujte stav telesa valca a piestnice a v pr\u00edpade potreby ich vyme\u0148te.<\/li>\n<\/ul>\n<p>Aby sa predi\u0161lo potenci\u00e1lnym probl\u00e9mom, je potrebn\u00e9 vykon\u00e1va\u0165 prevent\u00edvnu \u00fadr\u017ebu a pravideln\u00e9 kontroly, v\u010das vymie\u0148a\u0165 opotrebovan\u00e9 komponenty a spr\u00e1vne a bezpe\u010dne pou\u017e\u00edva\u0165 valec ramena.<\/p>\n<p><img decoding=\"async\" src=\"https:\/\/www.hydraulic-cylinders.net\/wp-content\/uploads\/2025\/01\/songte-company-4.webp\" alt=\"Predstavenie spolo\u010dnosti\"><\/p>\n<p>Sme profesion\u00e1lny v\u00fdrobca n\u00e1hradn\u00fdch hydraulick\u00fdch valcov so \u0161irokou \u0161k\u00e1lou produktov a stali sme sa jedn\u00fdm z popredn\u00fdch ve\u013ekoobchodn\u00fdch distrib\u00fatorov hydraulick\u00fdch valcov na dom\u00e1com aj medzin\u00e1rodnom trhu. V\u017edy dodr\u017eiavame z\u00e1sadu vynikaj\u00facej kvality, spoliehame sa na industrializovan\u00e9 strat\u00e9gie riadenia v\u00fdroby v r\u00e1mci jemnej v\u00fdrobnej dielne a neust\u00e1le zlep\u0161ujeme na\u0161e technol\u00f3gie a efektivitu v\u00fdroby. Prostredn\u00edctvom zav\u00e1dzania \u0161pi\u010dkov\u00fdch digit\u00e1lnych v\u00fdrobn\u00fdch zariaden\u00ed a profesion\u00e1lnych testovac\u00edch syst\u00e9mov neust\u00e1le optimalizujeme na\u0161u v\u00fdrobn\u00fa platformu, zlep\u0161ujeme proces kontroly kvality na\u0161ich v\u00fdrobkov a m\u00e1me siln\u00e9 inova\u010dn\u00e9 schopnosti. Na\u0161\u00edm cie\u013eom je uspokojova\u0165 rozmanit\u00e9 potreby na\u0161ich z\u00e1kazn\u00edkov s vysokou efektivitou, presnos\u0165ou a vysokou kvalitou.<\/p>\n<p>Pon\u00fakame profesion\u00e1lne a prisp\u00f4soben\u00e9 slu\u017eby, z\u00edskali sme medzin\u00e1rodn\u00e9 certifik\u00e1cie, m\u00e1me modern\u00e9 v\u00fdrobn\u00e9 zariadenia a poskytujeme vysoko kvalitn\u00e9 popredajn\u00e9 slu\u017eby, aby sme zabezpe\u010dili, \u017ee na\u0161i z\u00e1kazn\u00edci m\u00f4\u017eu na\u0161e produkty pou\u017e\u00edva\u0165 s d\u00f4verou.<\/p>\n<p><img decoding=\"async\" src=\"https:\/\/www.hydraulic-cylinders.net\/wp-content\/uploads\/2025\/01\/songte-company-3.webp\" alt=\"V\u00fdhody spolo\u010dnosti\"><\/p>\n<p>Autor: lyl<\/p>","protected":false},"excerpt":{"rendered":"<p>Arm Cylinder For Volvo Large Excavator EC300D: Definition and Explanation An arm cylinder is a specialized hydraulic cylinder that is primarily used to provide linear motion and power to the arms of various types of machinery, such as excavators, cranes, and mechanical arms. The arm cylinder plays a critical role in the hydraulic system, allowing [&hellip;]<\/p>","protected":false},"featured_media":14763,"comment_status":"open","ping_status":"closed","template":"","meta":{"_et_pb_use_builder":"","_et_pb_old_content":"","_et_gb_content_width":""},"product_brand":[],"product_cat":[1497],"product_tag":[1498,1496],"class_list":{"0":"post-16333","1":"product","2":"type-product","3":"status-publish","4":"has-post-thumbnail","6":"product_cat-arm-cylinders","7":"product_tag-arm-cylinders","8":"product_tag-hydraulic-cylinders","10":"first","11":"instock","12":"shipping-taxable","13":"product-type-simple"},"amp_enabled":true,"_links":{"self":[{"href":"https:\/\/www.hydraulic-cylinders.net\/sk\/wp-json\/wp\/v2\/product\/16333","targetHints":{"allow":["GET"]}}],"collection":[{"href":"https:\/\/www.hydraulic-cylinders.net\/sk\/wp-json\/wp\/v2\/product"}],"about":[{"href":"https:\/\/www.hydraulic-cylinders.net\/sk\/wp-json\/wp\/v2\/types\/product"}],"replies":[{"embeddable":true,"href":"https:\/\/www.hydraulic-cylinders.net\/sk\/wp-json\/wp\/v2\/comments?post=16333"}],"wp:featuredmedia":[{"embeddable":true,"href":"https:\/\/www.hydraulic-cylinders.net\/sk\/wp-json\/wp\/v2\/media\/14763"}],"wp:attachment":[{"href":"https:\/\/www.hydraulic-cylinders.net\/sk\/wp-json\/wp\/v2\/media?parent=16333"}],"wp:term":[{"taxonomy":"product_brand","embeddable":true,"href":"https:\/\/www.hydraulic-cylinders.net\/sk\/wp-json\/wp\/v2\/product_brand?post=16333"},{"taxonomy":"product_cat","embeddable":true,"href":"https:\/\/www.hydraulic-cylinders.net\/sk\/wp-json\/wp\/v2\/product_cat?post=16333"},{"taxonomy":"product_tag","embeddable":true,"href":"https:\/\/www.hydraulic-cylinders.net\/sk\/wp-json\/wp\/v2\/product_tag?post=16333"}],"curies":[{"name":"pracovn\u00fd list","href":"https:\/\/api.w.org\/{rel}","templated":true}]}}