{"id":16341,"date":"2025-01-20T09:07:22","date_gmt":"2025-01-20T09:07:22","guid":{"rendered":"https:\/\/www.hydraulic-cylinders.net\/product\/arm-cylinderfor-volvo-wheel-excavator-ew60\/"},"modified":"2025-01-20T09:07:24","modified_gmt":"2025-01-20T09:07:24","slug":"arm-cylinderfor-volvo-wheel-excavator-ew60","status":"publish","type":"product","link":"https:\/\/www.hydraulic-cylinders.net\/sk\/produkt\/arm-cylinderfor-volvo-wheel-excavator-ew60\/","title":{"rendered":"Valec ramena pre kolesov\u00e9 r\u00fdpadlo Volvo EW60"},"content":{"rendered":"<p>Valec ramena pre kolesov\u00e9 r\u00fdpadlo Volvo EW60<\/p>\n<p>Hydraulick\u00fd valec ramena pre kolesov\u00e9 r\u00fdpadlo Volvo EW60 je \u0161peci\u00e1lne navrhnut\u00fd hydraulick\u00fd valec, ktor\u00fd sa pou\u017e\u00edva na zabezpe\u010denie line\u00e1rneho pohybu a v\u00fdkonu ramien r\u00f4znych typov strojov, ako s\u00fa r\u00fdpadl\u00e1, \u017eeriavy a mechanick\u00e9 ramen\u00e1. Valce ramena zohr\u00e1vaj\u00fa k\u013e\u00fa\u010dov\u00fa \u00falohu v hydraulick\u00fdch syst\u00e9moch, preto\u017ee umo\u017e\u0148uj\u00fa efekt\u00edvny pohyb a ovl\u00e1danie pr\u00edslu\u0161enstva alebo pr\u00edslu\u0161enstva. Tieto valce nielen zabezpe\u010duj\u00fa plynul\u00fd pohyb, ale tie\u017e odol\u00e1vaj\u00fa \u0165a\u017ek\u00fdm za\u0165a\u017eeniam, \u010d\u00edm zabezpe\u010duj\u00fa efekt\u00edvnu prev\u00e1dzku a spo\u013eahlivos\u0165 stroja za r\u00f4znych prev\u00e1dzkov\u00fdch podmienok. <\/p>\n<p>Defin\u00edcia a vysvetlenie<\/p>\n<p>Hydraulick\u00fd valec ramena je typ hydraulick\u00e9ho valca \u0161peci\u00e1lne navrhnut\u00e9ho na zabezpe\u010denie line\u00e1rneho pohybu a v\u00fdkonu pre r\u00f4zne typy ramien strojov, ako s\u00fa r\u00fdpadl\u00e1, \u017eeriavy a mechanick\u00e9 ramen\u00e1. Hydraulick\u00fd valec ramena zohr\u00e1va d\u00f4le\u017eit\u00fa \u00falohu v hydraulickom syst\u00e9me, preto\u017ee umo\u017e\u0148uje efekt\u00edvny pohyb a ovl\u00e1danie pr\u00edslu\u0161enstva alebo pr\u00edslu\u0161enstva. Tieto valce s\u00fa vyroben\u00e9 z vysokopevnostn\u00fdch materi\u00e1lov a maj\u00fa vynikaj\u00facu odolnos\u0165 vo\u010di opotrebovaniu a kor\u00f3zii, s\u00fa vhodn\u00e9 na dlhodob\u00e9 pou\u017e\u00edvanie v n\u00e1ro\u010dn\u00fdch podmienkach. Hydraulick\u00e9 valce ramena s\u00fa nevyhnutn\u00e9 na zabezpe\u010denie efekt\u00edvnej prev\u00e1dzky a spo\u013eahlivosti strojov za r\u00f4znych prev\u00e1dzkov\u00fdch podmienok.<\/p>\n<p><img decoding=\"async\" src=\"https:\/\/www.hydraulic-cylinders.net\/wp-content\/uploads\/2025\/01\/songte-company-2.webp\" alt=\"Valec ramena pre kolesov\u00e9 r\u00fdpadlo Volvo EW60\" width=\"500\"\/><\/p>\n<p>Funkcie<\/p>\n<p>Valec ramena pre kolesov\u00e9 r\u00fdpadlo Volvo EW60 m\u00e1 nasleduj\u00face vlastnosti:<\/p>\n<p>\u2013 Vysoko\u00fa\u010dinn\u00fd prevod: Valec ramena poskytuje siln\u00fd line\u00e1rny pohyb a silu, \u010d\u00edm zabezpe\u010duje vysoko\u00fa\u010dinn\u00fd v\u00fdkon mechanick\u00e9ho ramena pri r\u00f4znych oper\u00e1ci\u00e1ch.<br \/>\n\u2013 Presn\u00e9 ovl\u00e1danie: Valec ramena dok\u00e1\u017ee dosiahnu\u0165 presn\u00e9 ovl\u00e1danie pohybu prostredn\u00edctvom hydraulick\u00e9ho syst\u00e9mu, v\u010faka \u010domu je prev\u00e1dzka pr\u00eddavn\u00e9ho n\u00e1stroja flexibilnej\u0161ia a presnej\u0161ia.<br \/>\n\u2013 Vysok\u00e1 odolnos\u0165: Valce ramien s\u00fa zvy\u010dajne vyroben\u00e9 z vysoko pevn\u00fdch materi\u00e1lov a maj\u00fa dobr\u00fa odolnos\u0165 vo\u010di opotrebovaniu a kor\u00f3zii, s\u00fa vhodn\u00e9 na dlhodob\u00e9 pou\u017e\u00edvanie v n\u00e1ro\u010dn\u00fdch podmienkach.<br \/>\n\u2013 V\u0161estrannos\u0165: Tieto valce sa daj\u00fa \u0161iroko pou\u017e\u00edva\u0165 v r\u00f4znych mechanick\u00fdch zariadeniach, ako s\u00fa bagre, \u017eeriavy a mechanick\u00e9 ramen\u00e1, aby sp\u013a\u0148ali r\u00f4zne pracovn\u00e9 potreby.<br \/>\n\u2013 Jednoduch\u00e1 \u00fadr\u017eba: Kon\u0161trukcia zoh\u013ead\u0148uje jednoduch\u00fa \u00fadr\u017ebu a v\u00fdmenu, v\u010faka \u010domu je pravideln\u00e1 kontrola a \u00fadr\u017eba pohodlnej\u0161ia a skracuje prestoje zariadenia.<\/p>\n<p><img decoding=\"async\" src=\"https:\/\/www.hydraulic-cylinders.net\/wp-content\/uploads\/2025\/01\/songte-oil-pipes-and-spare-parts.webp\" alt=\"Valec ramena pre kolesov\u00e9 r\u00fdpadlo Volvo EW60\" width=\"500\"\/><\/p>\n<p>Aplik\u00e1cie<\/p>\n<p>Valec ramena pre kolesov\u00e9 r\u00fdpadlo Volvo EW60 sa \u0161iroko pou\u017e\u00edva v r\u00f4znych oblastiach, ako napr\u00edklad:<\/p>\n<p>\u2013 Stavebn\u00edctvo: Valce ramien sa pou\u017e\u00edvaj\u00fa v r\u00fdpadl\u00e1ch a \u017eeriavoch na ovl\u00e1danie pohybu ly\u017eice alebo v\u00fdlo\u017en\u00edka a na vykon\u00e1vanie zemn\u00fdch pr\u00e1c, manipul\u00e1cie s materi\u00e1lom a mont\u00e1\u017ee kon\u0161trukci\u00ed.<br \/>\n\u2013 V\u00fdroba: Valce ramien sa pou\u017e\u00edvaj\u00fa v automatizovan\u00fdch v\u00fdrobn\u00fdch link\u00e1ch na riadenie pohybu mechanick\u00e9ho ramena a vykon\u00e1vanie mont\u00e1\u017enych, zv\u00e1rac\u00edch a manipula\u010dn\u00fdch procesov, \u010d\u00edm sa zlep\u0161uje efektivita a presnos\u0165 v\u00fdroby.<br \/>\n\u2013 Po\u013enohospod\u00e1rske stroje: Valce ramien sa pou\u017e\u00edvaj\u00fa v po\u013enohospod\u00e1rskych strojoch, ako s\u00fa zbera\u010de a seja\u010dky, na ovl\u00e1danie pohybu ovl\u00e1dacieho ramena a vykon\u00e1vanie \u00faloh, ako je siatie, hnojenie a zber \u00farody.<br \/>\n\u2013 \u0164a\u017eba: Valce ramien sa pou\u017e\u00edvaj\u00fa v bansk\u00fdch zariadeniach na ovl\u00e1danie pohybu ramena bansk\u00fdch zariaden\u00ed a na vykon\u00e1vanie bansk\u00fdch a prepravn\u00fdch oper\u00e1ci\u00ed.<br \/>\n\u2013 Logistika a doprava: Valce ramien sa pou\u017e\u00edvaj\u00fa vo vysokozdvi\u017en\u00fdch voz\u00edkoch a manipula\u010dn\u00fdch robotoch na ovl\u00e1danie zdv\u00edhania a pohybu vidl\u00edc, na manipul\u00e1ciu s materi\u00e1lom a jeho stohovanie.<\/p>\n<p>\u00davahy o dizajne a krit\u00e9ri\u00e1 v\u00fdberu<\/p>\n<p>Medzi kon\u0161truk\u010dn\u00e9 aspekty a krit\u00e9ri\u00e1 v\u00fdberu valcov ramena patria:<\/p>\n<p>\u2013 Nosnos\u0165: Valce ramien musia ma\u0165 dostato\u010dn\u00fa nosnos\u0165, aby odolali hmotnosti pr\u00edslu\u0161enstva alebo pr\u00edslu\u0161enstva za r\u00f4znych prev\u00e1dzkov\u00fdch podmienok.<br \/>\n\u2013 Tesnenie: Valce ramien pou\u017e\u00edvaj\u00fa r\u00f4zne tesniace komponenty, ako s\u00fa tesnenia piestov a tesnenia ty\u010d\u00ed, aby sa zabr\u00e1nilo \u00faniku kvapaliny a zabezpe\u010dila sa efekt\u00edvna prev\u00e1dzka.<br \/>\n\u2013 Trvanlivos\u0165: Valce ramien s\u00fa vystaven\u00e9 drsn\u00e9mu prostrediu a musia by\u0165 vyroben\u00e9 z vysoko pevn\u00fdch materi\u00e1lov s dobrou odolnos\u0165ou vo\u010di opotrebovaniu a kor\u00f3zii.<br \/>\n\u2013 Bezpe\u010dnos\u0165: Valce ramien musia by\u0165 navrhnut\u00e9 tak, aby sp\u013a\u0148ali bezpe\u010dnostn\u00e9 normy a predch\u00e1dzali nehod\u00e1m po\u010das prev\u00e1dzky.<br \/>\n\u2013 \u00dadr\u017eba: Valce ramien musia by\u0165 navrhnut\u00e9 tak, aby sa dala \u013eahko udr\u017eiava\u0165 a vymie\u0148a\u0165, \u010d\u00edm sa skr\u00e1tia prestoje a zlep\u0161\u00ed sa efektivita.<\/p>\n<p><img decoding=\"async\" src=\"https:\/\/www.hydraulic-cylinders.net\/wp-content\/uploads\/2025\/01\/songte-cylinder-head-with-all-kinds-excavator-models.webp\" alt=\"Valec ramena pre kolesov\u00e9 r\u00fdpadlo Volvo EW60\" width=\"500\"\/><\/p>\n<p>Tesnenie a mazanie<\/p>\n<p>Valce ramena pou\u017e\u00edvaj\u00fa r\u00f4zne tesniace komponenty, ako s\u00fa tesnenia piestov a tesnenia ty\u010d\u00ed, aby sa zabr\u00e1nilo \u00faniku kvapaliny a zabezpe\u010dila sa efekt\u00edvna prev\u00e1dzka. Tieto tesniace komponenty s\u00fa vyroben\u00e9 z materi\u00e1lov odoln\u00fdch vo\u010di opotrebovaniu, ako je polyuret\u00e1n a nitrilov\u00fd kau\u010duk. Teleso valca a z\u00e1vitov\u00e9 koncov\u00e9 plochy s\u00fa jemne opracovan\u00e9, aby sa zlep\u0161ila odolnos\u0165 vo\u010di opotrebovaniu. Pravideln\u00e9 prid\u00e1vanie vhodn\u00e9ho hydraulick\u00e9ho oleja na mazanie m\u00f4\u017ee tie\u017e pred\u013a\u017ei\u0165 \u017eivotnos\u0165 valca.<\/p>\n<p>Be\u017en\u00e1 \u00fadr\u017eba a prevent\u00edvne opatrenia<\/p>\n<p>Pravideln\u00e1 \u00fadr\u017eba a prevent\u00edvne opatrenia pre valce ramien zah\u0155\u0148aj\u00fa:<\/p>\n<p>\u2013 Pravidelne kontrolujte \u00faniky oleja a v\u010das vyme\u0148te po\u0161koden\u00e9 tesnenia.<br \/>\n\u2013 Pravidelne kontrolujte povrch valca, \u010di nie je opotrebovan\u00fd, a v\u010das ho vyme\u0148te.<br \/>\n\u2013 Pravidelne \u010distite valec, aby ste odstr\u00e1nili ne\u010distoty a \u00falomky a predi\u0161li po\u0161kodeniu tesniacich komponentov.<br \/>\n\u2013 Pravidelne dop\u013a\u0148ajte hydraulick\u00fd olej na mazanie, aby ste predi\u0161li hrdzaveniu valca a pred\u013a\u017eili jeho \u017eivotnos\u0165.<\/p>\n<p>Sprievodca spr\u00e1vnou in\u0161tal\u00e1ciou<\/p>\n<p>Spr\u00e1vny n\u00e1vod na in\u0161tal\u00e1ciu valca ramena pre kolesov\u00e9 r\u00fdpadlo Volvo EW60 obsahuje nasleduj\u00face kroky:<\/p>\n<p>\u2013 Skontrolujte, \u010di valec zodpoved\u00e1 modelu stroja a \u010di je jeho ve\u013ekos\u0165 spr\u00e1vna.<br \/>\n\u2013 O\u010distite mont\u00e1\u017enu plochu valca a stroja, aby ste sa uistili, \u017ee sa na nej nenach\u00e1dzaj\u00fa \u017eiadne ne\u010distoty alebo \u00falomky.<br \/>\n\u2013 Nain\u0161talujte valec na miesto a pomocou vhodn\u00e9ho n\u00e1radia utiahnite skrutky a matice.<br \/>\n\u2013 Pripojte hydraulick\u00e9 potrubie a skontrolujte, \u010di nedoch\u00e1dza k \u00faniku oleja.<br \/>\n\u2013 Skontrolujte funkciu valca a skontrolujte, \u010di sa pohybuje plynule a \u010di nepo\u010dujete abnorm\u00e1lny hluk.<\/p>\n<p><img decoding=\"async\" src=\"https:\/\/www.hydraulic-cylinders.net\/wp-content\/uploads\/2025\/01\/songte-bushings-with-all-kinds-of-excavator-models.webp\" alt=\"Valec ramena pre kolesov\u00e9 r\u00fdpadlo Volvo EW60\" width=\"500\"\/><\/p>\n<p>Bezpe\u010dnostn\u00e9 aspekty a faktory prostredia<\/p>\n<p>Pri pou\u017e\u00edvan\u00ed valca ramena pre kolesov\u00e9 r\u00fdpadlo Volvo EW60 s\u00fa bezpe\u010dnostn\u00e9 opatrenia nevyhnutn\u00e9 na predch\u00e1dzanie nehod\u00e1m, ako napr\u00edklad:<\/p>\n<p>\u2013 Pred in\u0161tal\u00e1ciou sa uistite, \u017ee valec zodpoved\u00e1 modelu stroja a m\u00e1 spr\u00e1vnu ve\u013ekos\u0165.<br \/>\n\u2013 Pri in\u0161tal\u00e1cii alebo v\u00fdmene valca mus\u00ed by\u0165 stroj zastaven\u00fd a tlak v hydraulickom syst\u00e9me mus\u00ed by\u0165 uvo\u013enen\u00fd, aby sa predi\u0161lo nehod\u00e1m.<br \/>\n\u2013 Stroj obsluhujte pod\u013ea pokynov v\u00fdrobcu a nepre\u0165a\u017eujte ho ani ho nepou\u017e\u00edvajte nespr\u00e1vne.<br \/>\n\u2013 Pravidelne kontrolujte valec a stroj, \u010di nie s\u00fa opotrebovan\u00e9, po\u0161koden\u00e9 a nevykazuj\u00fa in\u00e9 probl\u00e9my, ktor\u00e9 by mohli ovplyvni\u0165 bezpe\u010dnos\u0165.<\/p>\n<p>Diagnostika por\u00fach a be\u017en\u00e9 probl\u00e9my<\/p>\n<p>Medzi be\u017en\u00e9 probl\u00e9my s valcami ramena patr\u00ed \u00fanik oleja, nedostato\u010dn\u00fd v\u00fdkon a abnorm\u00e1lny hluk po\u010das prev\u00e1dzky. Diagnostiku por\u00fach a be\u017en\u00e9 probl\u00e9my mo\u017eno vyrie\u0161i\u0165:<\/p>\n<p>\u2013 Skontrolujte tesniace komponenty, \u010di nie s\u00fa po\u0161koden\u00e9 alebo opotrebovan\u00e9, a v\u010das ich vyme\u0148te.<br \/>\n\u2013 Skontrolujte, \u010di v hydraulickom potrub\u00ed nie s\u00fa \u017eiadne upchatia, a v\u010das ich odstr\u00e1\u0148te.<br \/>\n\u2013 Skontrolujte hladinu a kvalitu hydraulick\u00e9ho oleja a v\u010das ho dopl\u0148te alebo vyme\u0148te.<br \/>\n\u2013 Skontrolujte, \u010di valec zodpoved\u00e1 modelu a ve\u013ekosti stroja a \u010di je in\u0161tal\u00e1cia spr\u00e1vna.<\/p>\n<p><img decoding=\"async\" src=\"https:\/\/www.hydraulic-cylinders.net\/wp-content\/uploads\/2025\/01\/songte-chushion-collar.webp\" alt=\"Valec ramena pre kolesov\u00e9 r\u00fdpadlo Volvo EW60\" width=\"500\"\/><\/p>\n<p>Z\u00e1verom mo\u017eno poveda\u0165, \u017ee sme profesion\u00e1lnym v\u00fdrobcom n\u00e1hradn\u00fdch hydraulick\u00fdch valcov s rozmanit\u00fdm sortimentom produktov a stali sme sa jedn\u00fdm z popredn\u00fdch v\u00fdrobcov a ve\u013ekoobchodn\u00fdch distrib\u00fatorov hydraulick\u00fdch valcov na dom\u00e1com aj medzin\u00e1rodnom trhu. V\u017edy sa dr\u017e\u00edme z\u00e1sady vynikaj\u00facej kvality a neust\u00e1le zlep\u0161ujeme na\u0161u technol\u00f3giu a efektivitu v\u00fdroby. S vysokou \u00fa\u010dinnos\u0165ou, presnos\u0165ou a princ\u00edpmi vysokej kvality sa sna\u017e\u00edme uspokoji\u0165 rozmanit\u00e9 potreby z\u00e1kazn\u00edkov. <\/p>\n<p>Poskytujeme profesion\u00e1lne, medzin\u00e1rodne certifikovan\u00e9, prisp\u00f4soben\u00e9 slu\u017eby, modern\u00e9 v\u00fdrobn\u00e9 zariadenia a vynikaj\u00face popredajn\u00e9 slu\u017eby. <\/p>\n<p><img decoding=\"async\" src=\"https:\/\/www.hydraulic-cylinders.net\/wp-content\/uploads\/2025\/01\/songte-company-4.webp\" alt=\"Valec ramena pre kolesov\u00e9 r\u00fdpadlo Volvo EW60\" width=\"500\"\/><\/p>\n<p><img decoding=\"async\" src=\"https:\/\/www.hydraulic-cylinders.net\/wp-content\/uploads\/2025\/01\/songte-company-3.webp\" alt=\"Valec ramena pre kolesov\u00e9 r\u00fdpadlo Volvo EW60\" width=\"500\"\/><\/p>\n<p>Autor: lyl<\/p>","protected":false},"excerpt":{"rendered":"<p>Arm Cylinder for Volvo Wheel Excavator EW60 The Arm Cylinder for Volvo Wheel Excavator EW60 is a specially designed hydraulic cylinder used to provide linear motion and power for arms of various types of machinery, such as excavators, cranes, and mechanical arms. Arm cylinders play a crucial role in hydraulic systems, enabling attachments or accessories [&hellip;]<\/p>","protected":false},"featured_media":14770,"comment_status":"open","ping_status":"closed","template":"","meta":{"_et_pb_use_builder":"","_et_pb_old_content":"","_et_gb_content_width":""},"product_brand":[],"product_cat":[1497],"product_tag":[1498,1496],"class_list":{"0":"post-16341","1":"product","2":"type-product","3":"status-publish","4":"has-post-thumbnail","6":"product_cat-arm-cylinders","7":"product_tag-arm-cylinders","8":"product_tag-hydraulic-cylinders","10":"first","11":"instock","12":"shipping-taxable","13":"product-type-simple"},"amp_enabled":true,"_links":{"self":[{"href":"https:\/\/www.hydraulic-cylinders.net\/sk\/wp-json\/wp\/v2\/product\/16341","targetHints":{"allow":["GET"]}}],"collection":[{"href":"https:\/\/www.hydraulic-cylinders.net\/sk\/wp-json\/wp\/v2\/product"}],"about":[{"href":"https:\/\/www.hydraulic-cylinders.net\/sk\/wp-json\/wp\/v2\/types\/product"}],"replies":[{"embeddable":true,"href":"https:\/\/www.hydraulic-cylinders.net\/sk\/wp-json\/wp\/v2\/comments?post=16341"}],"wp:featuredmedia":[{"embeddable":true,"href":"https:\/\/www.hydraulic-cylinders.net\/sk\/wp-json\/wp\/v2\/media\/14770"}],"wp:attachment":[{"href":"https:\/\/www.hydraulic-cylinders.net\/sk\/wp-json\/wp\/v2\/media?parent=16341"}],"wp:term":[{"taxonomy":"product_brand","embeddable":true,"href":"https:\/\/www.hydraulic-cylinders.net\/sk\/wp-json\/wp\/v2\/product_brand?post=16341"},{"taxonomy":"product_cat","embeddable":true,"href":"https:\/\/www.hydraulic-cylinders.net\/sk\/wp-json\/wp\/v2\/product_cat?post=16341"},{"taxonomy":"product_tag","embeddable":true,"href":"https:\/\/www.hydraulic-cylinders.net\/sk\/wp-json\/wp\/v2\/product_tag?post=16341"}],"curies":[{"name":"pracovn\u00fd list","href":"https:\/\/api.w.org\/{rel}","templated":true}]}}