{"id":16342,"date":"2025-01-20T09:07:26","date_gmt":"2025-01-20T09:07:26","guid":{"rendered":"https:\/\/www.hydraulic-cylinders.net\/product\/arm-cylinderfor-volvo-wheel-excavator-ew60c\/"},"modified":"2025-01-20T09:07:28","modified_gmt":"2025-01-20T09:07:28","slug":"arm-cylinderfor-volvo-wheel-excavator-ew60c","status":"publish","type":"product","link":"https:\/\/www.hydraulic-cylinders.net\/sk\/produkt\/arm-cylinderfor-volvo-wheel-excavator-ew60c\/","title":{"rendered":"Valec ramena pre kolesov\u00e9 r\u00fdpadlo Volvo EW60C"},"content":{"rendered":"<p>Valec ramena pre kolesov\u00e9 r\u00fdpadlo Volvo EW60C<\/p>\n<p>\u00davod<\/p>\n<p>Hydraulick\u00fd valec ramena je \u0161pecializovan\u00fd hydraulick\u00fd valec ur\u010den\u00fd na zabezpe\u010denie line\u00e1rneho pohybu a v\u00fdkonu ramien r\u00f4znych typov strojov, ako s\u00fa r\u00fdpadl\u00e1, \u017eeriavy a mechanick\u00e9 ramen\u00e1. Valec ramena zohr\u00e1va k\u013e\u00fa\u010dov\u00fa \u00falohu v hydraulickom syst\u00e9me, preto\u017ee umo\u017e\u0148uje efekt\u00edvny pohyb a ovl\u00e1danie pr\u00edslu\u0161enstva alebo pr\u00edslu\u0161enstva. Tieto valce nielen dosahuj\u00fa plynul\u00fd pohyb, ale tie\u017e odol\u00e1vaj\u00fa \u0165a\u017ek\u00fdm za\u0165a\u017eeniam, \u010d\u00edm zabezpe\u010duj\u00fa efekt\u00edvnu prev\u00e1dzku a spo\u013eahlivos\u0165 strojov v r\u00f4znych pracovn\u00fdch podmienkach.<\/p>\n<p>Defin\u00edcia a vysvetlenie<\/p>\n<p>Valec ramena je s\u00fa\u010das\u0165ou hydraulick\u00e9ho syst\u00e9mu, ktor\u00fd poh\u00e1\u0148a rameno stroja. Je to typ hydraulick\u00e9ho valca, ktor\u00fd premie\u0148a hydraulick\u00fa energiu na line\u00e1rny pohyb a silu. Valec sa sklad\u00e1 z piestu, piestnej ty\u010de, valca a koncov\u00fdch uz\u00e1verov. Ke\u010f sa hydraulick\u00e1 kvapalina pod tlakom aplikuje na jednu stranu piestu, pohybuje a poh\u00e1\u0148a piestnu ty\u010d, ktor\u00e1 zabezpe\u010duje line\u00e1rny pohyb ramena stroja. Valec ramena je nevyhnutn\u00fd pre prev\u00e1dzku r\u00f4znych typov strojov, ako s\u00fa r\u00fdpadl\u00e1, \u017eeriavy a mechanick\u00e9 ramen\u00e1, a zohr\u00e1va k\u013e\u00fa\u010dov\u00fa \u00falohu pri zabezpe\u010dovan\u00ed ich vysokej \u00fa\u010dinnosti a spo\u013eahlivosti.<\/p>\n<p><img decoding=\"async\" src=\"https:\/\/www.hydraulic-cylinders.net\/wp-content\/uploads\/2025\/01\/songte-company-2.webp\" alt=\"Valec ramena pre kolesov\u00e9 r\u00fdpadlo Volvo EW60C Obr\u00e1zok\"><\/p>\n<p>Funkcie<\/p>\n<p>Vysoko\u00fa\u010dinn\u00fd prevod: Valec ramena poskytuje siln\u00fd line\u00e1rny pohyb a silu, \u010d\u00edm zais\u0165uje vysoko\u00fa\u010dinn\u00fd v\u00fdkon mechanick\u00e9ho ramena pri r\u00f4znych oper\u00e1ci\u00e1ch.<\/p>\n<p>Presn\u00e9 ovl\u00e1danie: Prostredn\u00edctvom hydraulick\u00e9ho syst\u00e9mu dok\u00e1\u017ee valec ramena dosiahnu\u0165 presn\u00e9 ovl\u00e1danie pohybu, v\u010faka \u010domu je ovl\u00e1danie pr\u00eddavn\u00fdch zariaden\u00ed flexibilnej\u0161ie a presnej\u0161ie.<\/p>\n<p>Vysok\u00e1 odolnos\u0165: Valce ramien s\u00fa zvy\u010dajne vyroben\u00e9 z vysokopevnostn\u00fdch materi\u00e1lov, ktor\u00e9 poskytuj\u00fa dobr\u00fa odolnos\u0165 vo\u010di opotrebovaniu a kor\u00f3zii, a s\u00fa vhodn\u00e9 na dlhodob\u00e9 pou\u017e\u00edvanie v n\u00e1ro\u010dn\u00fdch podmienkach.<\/p>\n<p>V\u0161estrann\u00e1 prisp\u00f4sobivos\u0165: Tieto valce sa daj\u00fa \u0161iroko pou\u017e\u00edva\u0165 v r\u00f4znych typoch strojov, ako s\u00fa bagre, \u017eeriavy a mechanick\u00e9 ramen\u00e1, aby sp\u013a\u0148ali r\u00f4zne pracovn\u00e9 po\u017eiadavky.<\/p>\n<p>Jednoduch\u00e1 \u00fadr\u017eba: Navrhnut\u00e9 pre jednoduch\u00fa \u00fadr\u017ebu a v\u00fdmenu, pravideln\u00e1 kontrola a \u00fadr\u017eba sa stali pohodlnej\u0161\u00edmi, \u010d\u00edm sa skracuj\u00fa prestoje zariaden\u00ed.<\/p>\n<p>Na\u0161a produkcia<\/p>\n<p>N\u00e1\u0161 produkt s valcom ramena dok\u00e1\u017ee dokonale nahradi\u0165 tieto hydraulick\u00e9 valce.<\/p>\n<p><img decoding=\"async\" src=\"https:\/\/www.hydraulic-cylinders.net\/wp-content\/uploads\/2025\/01\/songte-oil-pipes-and-spare-parts.webp\" alt=\"Valec ramena pre kolesov\u00e9 r\u00fdpadlo Volvo EW60C Obr\u00e1zok\"><\/p>\n<p>Aplik\u00e1cie<\/p>\n<p>Stavebn\u00e9 kon\u0161trukcie: V bagroch a \u017eeriavoch sa valec ramena pou\u017e\u00edva na ovl\u00e1danie pohybu vedra alebo v\u00fdlo\u017en\u00edka pri zemn\u00fdch pr\u00e1cach, manipul\u00e1cii s materi\u00e1lom a mont\u00e1\u017ei kon\u0161trukci\u00ed.<\/p>\n<p>V\u00fdrobn\u00fd priemysel: V automatizovan\u00fdch v\u00fdrobn\u00fdch link\u00e1ch sa valec ramena pou\u017e\u00edva na pohyb mechanick\u00e9ho ramena pri mont\u00e1\u017ei, zv\u00e1ran\u00ed a manipul\u00e1cii s materi\u00e1lom, \u010d\u00edm sa zlep\u0161uje efektivita a presnos\u0165 v\u00fdroby.<\/p>\n<p>Po\u013enohospod\u00e1rske stroje: V po\u013enohospod\u00e1rskych strojoch, ako s\u00fa zbera\u010de a seja\u010dky, riadi valec ramena pohyb ovl\u00e1dacieho ramena a vykon\u00e1va \u00falohy, ako je siatie, hnojenie a zber \u00farody.<\/p>\n<p>\u0164a\u017eba: V bansk\u00fdch zariadeniach sa valec ramena pou\u017e\u00edva na ovl\u00e1danie pohybu ramena bansk\u00e9ho zariadenia, \u0165a\u017ebu a prepravu rudy.<\/p>\n<p>Logistika a doprava: Vo vysokozdvi\u017en\u00fdch voz\u00edkoch a manipula\u010dn\u00fdch robotoch sa valec ramena pou\u017e\u00edva na ovl\u00e1danie zdv\u00edhania a pohybu vidl\u00edc, \u010d\u00edm sa realizuje manipul\u00e1cia a stohovanie materi\u00e1lov.<\/p>\n<p>\u00davahy o dizajne a krit\u00e9ri\u00e1 v\u00fdberu<\/p>\n<p>Nosnos\u0165: Valec ramena mus\u00ed ma\u0165 dostato\u010dn\u00fa nosnos\u0165, aby odolal hmotnosti a nam\u00e1haniu strojov a pr\u00eddavn\u00fdch zariaden\u00ed.<\/p>\n<p>Tesnenie: Valec ramena mus\u00ed ma\u0165 dobr\u00e9 tesnenie, aby sa zabr\u00e1nilo \u00faniku hydraulickej kvapaliny a zabezpe\u010dila sa norm\u00e1lna prev\u00e1dzka hydraulick\u00e9ho syst\u00e9mu.<\/p>\n<p>Trvanlivos\u0165: Valec ramena mus\u00ed by\u0165 odoln\u00fd a ma\u0165 vynikaj\u00facu odolnos\u0165 vo\u010di opotrebovaniu a kor\u00f3zii, vhodn\u00fd na pou\u017eitie v n\u00e1ro\u010dn\u00fdch podmienkach.<\/p>\n<p>Bezpe\u010dnos\u0165: Valec ramena mus\u00ed by\u0165 navrhnut\u00fd s bezpe\u010dnostn\u00fdmi prvkami, aby sa zabezpe\u010dila bezpe\u010dnos\u0165 person\u00e1lu a strojov po\u010das prev\u00e1dzky.<\/p>\n<p>\u00dadr\u017eba: Valec ramena mus\u00ed by\u0165 navrhnut\u00fd s funkciami jednoduchej \u00fadr\u017eby a v\u00fdmeny, \u010do u\u013eah\u010duje pravideln\u00fa kontrolu a \u00fadr\u017ebu a skracuje prestoje zariadenia.<\/p>\n<p><img decoding=\"async\" src=\"https:\/\/www.hydraulic-cylinders.net\/wp-content\/uploads\/2025\/01\/songte-cylinder-head-with-all-kinds-excavator-models.webp\" alt=\"Valec ramena pre kolesov\u00e9 r\u00fdpadlo Volvo EW60C Obr\u00e1zok\"><\/p>\n<p>Tesnenie a mazanie<\/p>\n<p>Pou\u017e\u00edvaj\u00fa sa r\u00f4zne tesniace prvky, ako s\u00fa tesnenia piestov a ty\u010d\u00ed, a vyberaj\u00fa sa materi\u00e1ly odoln\u00e9 vo\u010di opotrebovaniu, ako je polyuret\u00e1n a nitrilov\u00fd kau\u010duk. Povrch valca a z\u00e1vitu valca jemne opracovan\u00fd na zlep\u0161enie odolnosti vo\u010di opotrebovaniu. Pre zabezpe\u010denie norm\u00e1lnej prev\u00e1dzky hydraulick\u00e9ho syst\u00e9mu je potrebn\u00e9 pravidelne prid\u00e1va\u0165 primeran\u00e9 mno\u017estvo hydraulick\u00e9ho oleja na mazanie valca.<\/p>\n<p>\u00dadr\u017eba a prevent\u00edvne opatrenia<\/p>\n<p>Pravideln\u00e1 kontrola a \u00fadr\u017eba valca ramena je nevyhnutn\u00e1 na zabezpe\u010denie norm\u00e1lnej prev\u00e1dzky stroja. Medzi niektor\u00e9 prevent\u00edvne opatrenia patria:<\/p>\n<p>\u2013 Pravidelne kontrolujte hladinu a kvalitu hydraulick\u00e9ho oleja, aby ste sa uistili, \u017ee olej sp\u013a\u0148a po\u017eiadavky.<\/p>\n<p>\u2013 Skontrolujte valec valca a piestnu ty\u010d, \u010di nie s\u00fa opotrebovan\u00e9 a po\u0161koden\u00e9, a v\u010das ich vyme\u0148te.<\/p>\n<p>\u2013 Skontrolujte tesnenia, \u010di nie s\u00fa po\u0161koden\u00e9 a \u010di netesnia, a v\u010das ich vyme\u0148te.<\/p>\n<p>\u2013 Pravidelne \u010distite valec valca a piestnu ty\u010d, aby ste odstr\u00e1nili ne\u010distoty a \u00falomky.<\/p>\n<p>\u2013 Dodr\u017eiavajte pokyny v\u00fdrobcu t\u00fdkaj\u00face sa \u00fadr\u017eby a opravy.<\/p>\n<p>In\u0161tala\u010dn\u00e1 pr\u00edru\u010dka<\/p>\n<p>Nasleduj\u00fa kroky na in\u0161tal\u00e1ciu valca ramena:<\/p>\n<p>\u2013 Pripravte si miesto in\u0161tal\u00e1cie a n\u00e1stroje.<\/p>\n<p>\u2013 Umiestnite valec na mont\u00e1\u017enu plochu a zarovnajte otvory pre skrutky.<\/p>\n<p>\u2013 Utiahnite skrutky predp\u00edsan\u00fdm kr\u00fatiacim momentom.<\/p>\n<p>\u2013 Pripojte hydraulick\u00e9 hadice a armat\u00fary.<\/p>\n<p>\u2013 Napl\u0148te hydraulick\u00fd syst\u00e9m odpor\u00fa\u010dan\u00fdm hydraulick\u00fdm olejom.<\/p>\n<p>\u2013 Skontrolujte tesnos\u0165 a spr\u00e1vnu funkciu valca.<\/p>\n<p><img decoding=\"async\" src=\"https:\/\/www.hydraulic-cylinders.net\/wp-content\/uploads\/2025\/01\/songte-bushings-with-all-kinds-of-excavator-models.webp\" alt=\"Valec ramena pre kolesov\u00e9 r\u00fdpadlo Volvo EW60C Obr\u00e1zok\"><\/p>\n<p>Bezpe\u010dnostn\u00e9 aspekty a faktory prostredia<\/p>\n<p>Po\u010das in\u0161tal\u00e1cie a prev\u00e1dzky valca ramena je potrebn\u00e9 dodr\u017eiava\u0165 bezpe\u010dnostn\u00e9 opatrenia. Medzi niektor\u00e9 z bezpe\u010dnostn\u00fdch opatren\u00ed patria:<\/p>\n<p>\u2013 Noste ochrann\u00e9 pom\u00f4cky, ako s\u00fa rukavice a ochrann\u00e9 okuliare.<\/p>\n<p>\u2013 Pou\u017e\u00edvajte vhodn\u00e9 zdv\u00edhacie zariadenia, aby ste predi\u0161li zraneniu.<\/p>\n<p>\u2013 Pri pr\u00e1ci v bl\u00edzkosti hydraulick\u00fdch syst\u00e9mov bu\u010fte opatrn\u00ed, aby ste predi\u0161li zraneniu kvapalinou pod vysok\u00fdm tlakom.<\/p>\n<p>\u2013 Pre bezpe\u010dn\u00fa prev\u00e1dzku dodr\u017eiavajte pokyny v\u00fdrobcu.<\/p>\n<p>Pri v\u00fdrobe a v\u00fdbere valca ramena je potrebn\u00e9 zoh\u013eadni\u0165 aj faktory prostredia, ako je teplota, vlhkos\u0165 a kor\u00f3zia.<\/p>\n<p>Rie\u0161enie probl\u00e9mov a be\u017en\u00e9 probl\u00e9my<\/p>\n<p>Medzi be\u017en\u00e9 probl\u00e9my s valcom ramena patria netesnosti, opotrebovanie a po\u0161kodenie tesnen\u00ed, valca a piestnej ty\u010de. Nasleduje nieko\u013eko tipov na rie\u0161enie t\u00fdchto probl\u00e9mov:<\/p>\n<p>\u2013 Skontrolujte hladinu a kvalitu hydraulick\u00e9ho oleja a v pr\u00edpade potreby olej dopl\u0148te alebo vyme\u0148te.<\/p>\n<p>\u2013 Skontrolujte tesnenia, \u010di nie s\u00fa po\u0161koden\u00e9 a \u010di netesnia, a v\u010das ich vyme\u0148te.<\/p>\n<p>\u2013 Skontrolujte valec valca a piestnu ty\u010d, \u010di nie s\u00fa opotrebovan\u00e9 a po\u0161koden\u00e9, a v\u010das ich vyme\u0148te.<\/p>\n<p>\u2013 Skontrolujte hydraulick\u00e9 hadice a armat\u00fary, \u010di nie s\u00fa netesn\u00e9 alebo po\u0161koden\u00e9, a v\u010das ich vyme\u0148te.<\/p>\n<p>Prevent\u00edvne opatrenia, ako je pravideln\u00e1 kontrola a \u00fadr\u017eba, m\u00f4\u017eu pom\u00f4c\u0165 minimalizova\u0165 potenci\u00e1lne probl\u00e9my a pred\u013a\u017ei\u0165 \u017eivotnos\u0165 valca ramena.<\/p>\n<p><img decoding=\"async\" src=\"https:\/\/www.hydraulic-cylinders.net\/wp-content\/uploads\/2025\/01\/songte-chushion-collar.webp\" alt=\"Valec ramena pre kolesov\u00e9 r\u00fdpadlo Volvo EW60C Obr\u00e1zok\"><\/p>\n<p>Predstavenie spolo\u010dnosti<\/p>\n<p>Sme profesion\u00e1lny v\u00fdrobca alternat\u00edvnych hydraulick\u00fdch valcov so \u0161irokou \u0161k\u00e1lou produktov. Stali sme sa jedn\u00fdm z popredn\u00fdch v\u00fdrobcov a ve\u013ekoobchodn\u00fdch distrib\u00fatorov hydraulick\u00fdch valcov na dom\u00e1com aj medzin\u00e1rodnom trhu. V\u017edy dodr\u017eiavame z\u00e1sadu vynikaj\u00facej kvality, spoliehame sa na strat\u00e9gie riadenia industrializovanej v\u00fdroby a neust\u00e1le zlep\u0161ujeme na\u0161u technick\u00fa \u00farove\u0148 a efektivitu v\u00fdroby. Prostredn\u00edctvom zav\u00e1dzania \u0161pi\u010dkov\u00fdch digit\u00e1lnych v\u00fdrobn\u00fdch zariaden\u00ed a profesion\u00e1lnych testovac\u00edch syst\u00e9mov neust\u00e1le optimalizujeme v\u00fdrobn\u00fa platformu, zlep\u0161ujeme proces kontroly kvality na\u0161ich produktov a m\u00e1me siln\u00e9 inova\u010dn\u00e9 schopnosti. Na\u0161\u00edm cie\u013eom je uspokoji\u0165 rozmanit\u00e9 potreby na\u0161ich z\u00e1kazn\u00edkov s vysokou efektivitou, presnos\u0165ou a princ\u00edpmi vysokej kvality.<\/p>\n<p>Na\u0161a spolo\u010dnos\u0165 poskytuje profesion\u00e1lne slu\u017eby prisp\u00f4sobenia a na\u0161e produkty maj\u00fa medzin\u00e1rodn\u00e9 certifik\u00e1cie ako CE a ISO9001. Disponujeme modern\u00fdm v\u00fdrobn\u00fdm a testovac\u00edm vybaven\u00edm, ako s\u00fa CNC s\u00fastruhy, obr\u00e1bacie centr\u00e1 a zariadenia na testovanie hydraulick\u00fdch valcov. N\u00e1\u0161 popredajn\u00fd servis je tie\u017e vynikaj\u00faci a poskytujeme na\u0161im z\u00e1kazn\u00edkom v\u010dasn\u00fa a efekt\u00edvnu technick\u00fa podporu a \u00fadr\u017ebu.<\/p>\n<p><img decoding=\"async\" src=\"https:\/\/www.hydraulic-cylinders.net\/wp-content\/uploads\/2025\/01\/songte-company-4.webp\" alt=\"Valec ramena pre kolesov\u00e9 r\u00fdpadlo Volvo EW60C Obr\u00e1zok\"><br \/>\n<img decoding=\"async\" src=\"https:\/\/www.hydraulic-cylinders.net\/wp-content\/uploads\/2025\/01\/songte-company-3.webp\" alt=\"Valec ramena pre kolesov\u00e9 r\u00fdpadlo Volvo EW60C Obr\u00e1zok\"><\/p>\n<p>Autor: lyl.<\/p>","protected":false},"excerpt":{"rendered":"<p>Arm Cylinder for Volvo Wheel Excavator EW60C Introduction Arm cylinder is a specialized hydraulic cylinder designed to provide linear motion and power to the arms of various types of machinery, such as excavators, cranes, and mechanical arms. The arm cylinder plays a crucial role in the hydraulic system, allowing attachments or accessories to move and [&hellip;]<\/p>","protected":false},"featured_media":14766,"comment_status":"open","ping_status":"closed","template":"","meta":{"_et_pb_use_builder":"","_et_pb_old_content":"","_et_gb_content_width":""},"product_brand":[],"product_cat":[1497],"product_tag":[1498,1496],"class_list":{"0":"post-16342","1":"product","2":"type-product","3":"status-publish","4":"has-post-thumbnail","6":"product_cat-arm-cylinders","7":"product_tag-arm-cylinders","8":"product_tag-hydraulic-cylinders","10":"first","11":"instock","12":"shipping-taxable","13":"product-type-simple"},"amp_enabled":true,"_links":{"self":[{"href":"https:\/\/www.hydraulic-cylinders.net\/sk\/wp-json\/wp\/v2\/product\/16342","targetHints":{"allow":["GET"]}}],"collection":[{"href":"https:\/\/www.hydraulic-cylinders.net\/sk\/wp-json\/wp\/v2\/product"}],"about":[{"href":"https:\/\/www.hydraulic-cylinders.net\/sk\/wp-json\/wp\/v2\/types\/product"}],"replies":[{"embeddable":true,"href":"https:\/\/www.hydraulic-cylinders.net\/sk\/wp-json\/wp\/v2\/comments?post=16342"}],"wp:featuredmedia":[{"embeddable":true,"href":"https:\/\/www.hydraulic-cylinders.net\/sk\/wp-json\/wp\/v2\/media\/14766"}],"wp:attachment":[{"href":"https:\/\/www.hydraulic-cylinders.net\/sk\/wp-json\/wp\/v2\/media?parent=16342"}],"wp:term":[{"taxonomy":"product_brand","embeddable":true,"href":"https:\/\/www.hydraulic-cylinders.net\/sk\/wp-json\/wp\/v2\/product_brand?post=16342"},{"taxonomy":"product_cat","embeddable":true,"href":"https:\/\/www.hydraulic-cylinders.net\/sk\/wp-json\/wp\/v2\/product_cat?post=16342"},{"taxonomy":"product_tag","embeddable":true,"href":"https:\/\/www.hydraulic-cylinders.net\/sk\/wp-json\/wp\/v2\/product_tag?post=16342"}],"curies":[{"name":"pracovn\u00fd list","href":"https:\/\/api.w.org\/{rel}","templated":true}]}}