{"id":16343,"date":"2025-01-20T09:07:31","date_gmt":"2025-01-20T09:07:31","guid":{"rendered":"https:\/\/www.hydraulic-cylinders.net\/product\/arm-cylinderfor-volvo-wheel-excavator-ew145bp\/"},"modified":"2025-01-20T09:07:33","modified_gmt":"2025-01-20T09:07:33","slug":"arm-cylinderfor-volvo-wheel-excavator-ew145bp","status":"publish","type":"product","link":"https:\/\/www.hydraulic-cylinders.net\/sk\/produkt\/arm-cylinderfor-volvo-wheel-excavator-ew145bp\/","title":{"rendered":"Valec ramena pre kolesov\u00e9 r\u00fdpadlo Volvo EW145BP"},"content":{"rendered":"<p>Valec ramena pre kolesov\u00e9 r\u00fdpadlo Volvo EW145BP: \u010co potrebujete vedie\u0165<\/p>\n<h2>\u00davod<\/h2>\n<h3>Definuj\u00faci valec ramena pre kolesov\u00e9 r\u00fdpadlo Volvo EW145BP<\/h3>\n<p>Hydraulick\u00fd valec ramena je \u0161peci\u00e1lne navrhnut\u00fd hydraulick\u00fd valec, ktor\u00fd sa pou\u017e\u00edva predov\u0161etk\u00fdm na zabezpe\u010denie line\u00e1rneho pohybu a v\u00fdkonu ramien r\u00f4znych typov strojov, ako s\u00fa r\u00fdpadl\u00e1, \u017eeriavy a robotick\u00e9 ramen\u00e1. Hydraulick\u00e9 valce ramena zohr\u00e1vaj\u00fa k\u013e\u00fa\u010dov\u00fa \u00falohu v hydraulick\u00fdch syst\u00e9moch, preto\u017ee umo\u017e\u0148uj\u00fa efekt\u00edvny pohyb a ovl\u00e1danie pr\u00edslu\u0161enstva alebo pr\u00edslu\u0161enstva. Tieto valce nielen umo\u017e\u0148uj\u00fa plynul\u00fd pohyb, ale dok\u00e1\u017eu zvl\u00e1dnu\u0165 aj \u0165a\u017ek\u00e9 bremen\u00e1, \u010d\u00edm zabezpe\u010duj\u00fa efekt\u00edvnu prev\u00e1dzku a spo\u013eahlivos\u0165 strojov v r\u00f4znych pracovn\u00fdch podmienkach.<\/p>\n<p><img decoding=\"async\" src=\"https:\/\/www.hydraulic-cylinders.net\/wp-content\/uploads\/2025\/01\/songte-company-2.webp\" alt=\"Obr\u00e1zok valca ramena\"><\/p>\n<h3>Vlastnosti valca ramena pre kolesov\u00e9 r\u00fdpadlo Volvo EW145BP<\/h3>\n<p>Valce ramena pon\u00fakaj\u00fa cel\u00fd rad funkci\u00ed, v\u010faka ktor\u00fdm s\u00fa ide\u00e1lne na pou\u017eitie v r\u00f4znych strojoch. Tu s\u00fa niektor\u00e9 z hlavn\u00fdch charakterist\u00edk:<\/p>\n<ul>\n<li><strong>Vysoko\u00fa\u010dinn\u00fd prenos:<\/strong> Valce ramena poskytuj\u00fa siln\u00fd line\u00e1rny pohyb a silu, \u010d\u00edm zais\u0165uj\u00fa vysok\u00fa v\u00fdkonnos\u0165 a efektivitu pri r\u00f4znych oper\u00e1ci\u00e1ch.<\/li>\n<li><strong>Presn\u00e9 ovl\u00e1danie:<\/strong> Prostredn\u00edctvom hydraulick\u00fdch syst\u00e9mov m\u00f4\u017eu valce ramena dosiahnu\u0165 presn\u00e9 riadenie pohybu, \u010d\u00edm sa prev\u00e1dzka \u010fal\u0161\u00edch n\u00e1strojov st\u00e1va flexibilnej\u0161ou a presnej\u0161ou.<\/li>\n<li><strong>Siln\u00e1 trvanlivos\u0165:<\/strong> Valce ramien s\u00fa zvy\u010dajne vyroben\u00e9 z vysokopevnostn\u00fdch materi\u00e1lov, ktor\u00e9 maj\u00fa dobr\u00fa odolnos\u0165 vo\u010di opotrebovaniu a kor\u00f3zii, v\u010faka \u010domu s\u00fa vhodn\u00e9 na dlhodob\u00e9 pou\u017e\u00edvanie v n\u00e1ro\u010dn\u00fdch podmienkach.<\/li>\n<li><strong>Multifunk\u010dn\u00e1 prisp\u00f4sobivos\u0165:<\/strong> Tieto valce sa daj\u00fa \u0161iroko pou\u017e\u00edva\u0165 v r\u00f4znych typoch strojov, ako s\u00fa bagre, \u017eeriavy a robotick\u00e9 ramen\u00e1, aby sp\u013a\u0148ali r\u00f4zne pracovn\u00e9 po\u017eiadavky.<\/li>\n<li><strong>Jednoduch\u00e1 \u00fadr\u017eba:<\/strong> Valce ramien s\u00fa navrhnut\u00e9 s oh\u013eadom na jednoduch\u00fa \u00fadr\u017ebu a v\u00fdmenu, v\u010faka \u010domu s\u00fa pravideln\u00e9 kontroly a \u00fadr\u017eba pohodlnej\u0161ie a skracuj\u00fa sa prestoje zariaden\u00ed.<\/li>\n<\/ul>\n<p>Na\u0161e produkty dok\u00e1\u017eu dokonale nahradi\u0165 tieto hydraulick\u00e9 valce. Pon\u00fakame \u0161irok\u00fd sortiment n\u00e1hradn\u00fdch dielov vr\u00e1tane olejov\u00fdch potrub\u00ed a puzdier, aby sme splnili rozmanit\u00e9 potreby na\u0161ich z\u00e1kazn\u00edkov.<\/p>\n<p><img decoding=\"async\" src=\"https:\/\/www.hydraulic-cylinders.net\/wp-content\/uploads\/2025\/01\/songte-oil-pipes-and-spare-parts.webp\" alt=\"N\u00e1hradn\u00e9 diely pre hydraulick\u00e9 valce\"><\/p>\n<h3>Pou\u017eitie valca ramena pre kolesov\u00e9 r\u00fdpadlo Volvo EW145BP<\/h3>\n<p>Valce ramien sa daj\u00fa pou\u017ei\u0165 v r\u00f4znych typoch strojov v r\u00f4znych odvetviach, vr\u00e1tane:<\/p>\n<ul>\n<li><strong>Kon\u0161trukcia:<\/strong> V r\u00fdpadl\u00e1ch a \u017eeriavoch sa valce ramena pou\u017e\u00edvaj\u00fa na ovl\u00e1danie pohybu vedra alebo v\u00fdlo\u017en\u00edka pri zemn\u00fdch pr\u00e1cach, manipul\u00e1cii s materi\u00e1lom a in\u0161tal\u00e1cii kon\u0161trukci\u00ed.<\/li>\n<li><strong>V\u00fdroba:<\/strong> V automatizovan\u00fdch v\u00fdrobn\u00fdch link\u00e1ch sa valce ramien pou\u017e\u00edvaj\u00fa na pohyb robotick\u00fdch ramien pri mont\u00e1\u017ei, zv\u00e1ran\u00ed a manipul\u00e1cii s materi\u00e1lom, \u010d\u00edm sa zlep\u0161uje efektivita a presnos\u0165 v\u00fdroby.<\/li>\n<li><strong>Po\u013enohospod\u00e1rske stroje:<\/strong> V po\u013enohospod\u00e1rskych strojoch, ako s\u00fa zbera\u010de a seja\u010dky, riadia valce ramien pohyb ovl\u00e1dac\u00edch ramien pri \u00faloh\u00e1ch, ako je siatie, hnojenie a zber \u00farody.<\/li>\n<li><strong>\u0164a\u017eba:<\/strong> V bansk\u00fdch zariadeniach sa valce ramien pou\u017e\u00edvaj\u00fa na ovl\u00e1danie pohybu ramien bansk\u00fdch zariaden\u00ed pri \u0165a\u017ebe a manipul\u00e1cii s materi\u00e1lom.<\/li>\n<li><strong>Logistika a doprava:<\/strong> Vo vysokozdvi\u017en\u00fdch voz\u00edkoch a manipula\u010dn\u00fdch robotoch sa valce ramien pou\u017e\u00edvaj\u00fa na ovl\u00e1danie zdv\u00edhania a pohybu tovaru, \u010do umo\u017e\u0148uje manipul\u00e1ciu s materi\u00e1lom a jeho stohovanie.<\/li>\n<\/ul>\n<h2>\u00davahy o dizajne a krit\u00e9ri\u00e1 v\u00fdberu<\/h2>\n<h3>\u00davahy o dizajne<\/h3>\n<p>Pri navrhovan\u00ed valcov ramena je potrebn\u00e9 zv\u00e1\u017ei\u0165 nieko\u013eko faktorov, vr\u00e1tane:<\/p>\n<ul>\n<li><strong>Nosnos\u0165:<\/strong> Valce ramien by mali by\u0165 navrhnut\u00e9 tak, aby zvl\u00e1dli maxim\u00e1lne za\u0165a\u017eenie a tlak potrebn\u00fd pre \u0161pecifick\u00e9 oper\u00e1cie.<\/li>\n<li><strong>Tesnenie:<\/strong> R\u00f4zne tesniace komponenty, ako s\u00fa tesnenia piestov a tesnenia ty\u010d\u00ed, musia by\u0165 spr\u00e1vne vybran\u00e9 a nain\u0161talovan\u00e9, aby sa zabezpe\u010dila vzduchotesnos\u0165 a tesnos\u0165 valca.<\/li>\n<li><strong>Trvanlivos\u0165:<\/strong> Valce ramien by mali by\u0165 vyroben\u00e9 z vysokopevnostn\u00fdch materi\u00e1lov a mali by by\u0165 podroben\u00e9 komplexn\u00e9mu tepeln\u00e9mu spracovaniu, aby sa zlep\u0161ila ich odolnos\u0165 vo\u010di opotrebovaniu a kor\u00f3zii.<\/li>\n<li><strong>Bezpe\u010dnos\u0165:<\/strong> Kon\u0161trukcia f\u013ea\u0161e by mala uprednost\u0148ova\u0165 bezpe\u010dnos\u0165 vr\u00e1tane ochrany pred pretlakom a predch\u00e1dzania potenci\u00e1lnym nebezpe\u010denstv\u00e1m vypl\u00fdvaj\u00facim z pohybu f\u013ea\u0161e.<\/li>\n<li><strong>Udr\u017eiavate\u013enos\u0165:<\/strong> Valce ramien by mali by\u0165 navrhnut\u00e9 tak, aby sa dali \u013eahko demontova\u0165, kontrolova\u0165 a udr\u017eiava\u0165, \u010d\u00edm sa zn\u00ed\u017eia prestoje a n\u00e1klady na \u00fadr\u017ebu.<\/li>\n<\/ul>\n<p><img decoding=\"async\" src=\"https:\/\/www.hydraulic-cylinders.net\/wp-content\/uploads\/2025\/01\/songte-cylinder-head-with-all-kinds-excavator-models.webp\" alt=\"Obr\u00e1zok hlavy valcov\"><\/p>\n<h3>Tesnenie a mazanie<\/h3>\n<p>Valce s ramenom vy\u017eaduj\u00fa r\u00f4zne tesniace komponenty, ako s\u00fa tesnenia piestov a tesnenia ty\u010d\u00ed, aby sa zabr\u00e1nilo \u00faniku vzduchu a zabezpe\u010dila sa vzduchotesnos\u0165 valca. Tieto tesniace komponenty by mali by\u0165 vyroben\u00e9 z materi\u00e1lov odoln\u00fdch proti opotrebovaniu, ako je polyuret\u00e1n a nitrilov\u00e1 guma, aby sa zabezpe\u010dilo, \u017ee valec odol\u00e1 vysok\u00e9mu za\u0165a\u017eeniu a bude efekt\u00edvne fungova\u0165 v n\u00e1ro\u010dn\u00fdch podmienkach. Teleso valca a z\u00e1vitov\u00fd koniec by mali by\u0165 jemne opracovan\u00e9, aby sa zlep\u0161ila ich odolnos\u0165 proti opotrebovaniu.<\/p>\n<p>Valec je tie\u017e potrebn\u00e9 pravidelne maza\u0165 a do valca by sa malo prid\u00e1va\u0165 primeran\u00e9 mno\u017estvo hydraulick\u00e9ho oleja. Preplnenie a nedoplnenie valca m\u00f4\u017ee sp\u00f4sobi\u0165 po\u0161kodenie valca a zn\u00ed\u017ei\u0165 jeho v\u00fdkon.<\/p>\n<h3>\u00dadr\u017eba a prevent\u00edvne opatrenia<\/h3>\n<p>Pre zaistenie dlhej \u017eivotnosti a optim\u00e1lneho v\u00fdkonu valca ramena by sa mali vykon\u00e1va\u0165 pravideln\u00e9 kontroly a prevent\u00edvna \u00fadr\u017eba. Tu je nieko\u013eko prevent\u00edvnych opatren\u00ed, ktor\u00e9 treba zv\u00e1\u017ei\u0165:<\/p>\n<ul>\n<li>Pravidelne kontrolujte a vymie\u0148ajte tesniace komponenty, aby ste predi\u0161li \u00faniku a zabezpe\u010dili \u017eivotnos\u0165 valca.<\/li>\n<li>Pravidelne \u010distite valec, aby ste zabr\u00e1nili vniknutiu prachu a in\u00fdch cudz\u00edch predmetov do valca.<\/li>\n<li>Skontrolujte piestnu ty\u010d, \u010di nie je po\u0161koden\u00e1 alebo ohnut\u00e1, a v pr\u00edpade potreby ju okam\u017eite vyme\u0148te.<\/li>\n<li>Zabr\u00e1\u0148te pre\u0165a\u017eeniu a prehriatiu valca, aby ste predi\u0161li po\u0161kodeniu valca a strojov\u00e9ho zariadenia.<\/li>\n<li>Udr\u017eiavajte hydraulick\u00fd olej \u010dist\u00fd a pravidelne ho vymie\u0148ajte, aby ste zachovali optim\u00e1lny v\u00fdkon valca.<\/li>\n<\/ul>\n<p><img decoding=\"async\" src=\"https:\/\/www.hydraulic-cylinders.net\/wp-content\/uploads\/2025\/01\/songte-chushion-collar.webp\" alt=\"Obr\u00e1zok vank\u00fa\u0161ov\u00e9ho goliera\"><\/p>\n<h3>In\u0161tala\u010dn\u00e1 pr\u00edru\u010dka<\/h3>\n<p>Ak chcete nain\u0161talova\u0165 valec ramena, postupujte pod\u013ea t\u00fdchto krokov:<\/p>\n<ol>\n<li>Uistite sa, \u017ee model valca zodpoved\u00e1 modelu a \u0161pecifik\u00e1ci\u00e1m stroja.<\/li>\n<li>O\u010distite povrch mont\u00e1\u017enych bodov na stroji.<\/li>\n<li>Namontujte valec na strojov\u00e9 zariadenie a uistite sa, \u017ee je vodorovn\u00fd a spr\u00e1vne zarovnan\u00fd.<\/li>\n<li>Valec pripevnite k stroju pomocou skrutiek alebo skrutiek s pr\u00edslu\u0161n\u00fdm kr\u00fatiacim momentom.<\/li>\n<li>Skontrolujte pohyb valca, aby ste sa uistili, \u017ee funguje hladko a efekt\u00edvne.<\/li>\n<\/ol>\n<p><img decoding=\"async\" src=\"https:\/\/www.hydraulic-cylinders.net\/wp-content\/uploads\/2025\/01\/songte-bushings-with-all-kinds-of-excavator-models.webp\" alt=\"Obr\u00e1zok puzdier\"><\/p>\n<h3>Bezpe\u010dnostn\u00e9 a environment\u00e1lne aspekty<\/h3>\n<p>Pri pou\u017e\u00edvan\u00ed valcov s ramenom by sa mali prija\u0165 bezpe\u010dnostn\u00e9 opatrenia na predch\u00e1dzanie potenci\u00e1lnym nebezpe\u010denstv\u00e1m. Bezpe\u010dnostn\u00e9 opatrenia zah\u0155\u0148aj\u00fa:<\/p>\n<ul>\n<li>Pri manipul\u00e1cii s tlakovou f\u013ea\u0161ou noste ochrann\u00e9 prostriedky, ako s\u00fa rukavice a ochrann\u00e9 okuliare.<\/li>\n<li>Umiestnenie f\u013ea\u0161e mimo dosahu hor\u013eav\u00fdch materi\u00e1lov a nebezpe\u010dn\u00fdch priestorov, aby sa predi\u0161lo riziku po\u017eiaru, v\u00fdbuchu alebo po\u0161kodenia f\u013ea\u0161e.<\/li>\n<li>Zabezpe\u010denie spr\u00e1vnej a bezpe\u010dnej in\u0161tal\u00e1cie valca, aby sa zabr\u00e1nilo jeho neo\u010dak\u00e1van\u00e9mu p\u00e1du alebo pohybu.<\/li>\n<li>Zabr\u00e1\u0148te pre\u0165a\u017eeniu a prehriatiu valca, \u010do m\u00f4\u017ee sp\u00f4sobi\u0165 po\u0161kodenie valca a strojov\u00e9ho zariadenia.<\/li>\n<\/ul>\n<h3>Rie\u0161enie probl\u00e9mov a be\u017en\u00e9 probl\u00e9my<\/h3>\n<p>Tu s\u00fa niektor\u00e9 be\u017en\u00e9 probl\u00e9my, ktor\u00e9 sa m\u00f4\u017eu vyskytn\u00fa\u0165 s valcami ramena:<\/p>\n<ul>\n<li><strong>\u00danik:<\/strong> Valec m\u00f4\u017ee ma\u0165 probl\u00e9m s tesniacimi komponentmi alebo s telom valca.<\/li>\n<li><strong>Prehriatie:<\/strong> Valec m\u00f4\u017ee pou\u017e\u00edva\u0165 nespr\u00e1vny typ hydraulick\u00e9ho oleja alebo sa pou\u017e\u00edva v pr\u00edli\u0161 hor\u00facich podmienkach.<\/li>\n<li><strong>Pomal\u00e1 prev\u00e1dzka:<\/strong> Valec m\u00f4\u017ee ma\u0165 n\u00edzky tlak alebo m\u00f4\u017ee ma\u0165 probl\u00e9my s hydraulick\u00fdm syst\u00e9mom.<\/li>\n<li><strong>Zaseknut\u00fd valec:<\/strong> Valec m\u00f4\u017ee by\u0165 po\u0161koden\u00fd alebo sa vo vn\u00fatri m\u00f4\u017eu nach\u00e1dza\u0165 ne\u010distoty \u010di cudzie predmety.<\/li>\n<li><strong>Nepravideln\u00fd pohyb:<\/strong> Valec m\u00f4\u017ee by\u0165 nespr\u00e1vne zarovnan\u00fd alebo m\u00f4\u017ee ma\u0165 po\u0161koden\u00e9 piestne ty\u010de.<\/li>\n<\/ul>\n<p>Ak sa vyskytn\u00fa ak\u00e9ko\u013evek probl\u00e9my, postupujte pod\u013ea krokov na rie\u0161enie probl\u00e9mov a v pr\u00edpade potreby sa pora\u010fte s odborn\u00edkom. Aby ste predi\u0161li probl\u00e9mom, vykon\u00e1vajte pravideln\u00e9 kontroly a \u00fadr\u017ebu.<\/p>\n<p><img decoding=\"async\" src=\"https:\/\/www.hydraulic-cylinders.net\/wp-content\/uploads\/2025\/01\/songte-company-4.webp\" alt=\"Obr\u00e1zok spolo\u010dnosti\"><\/p>\n<h2>O na\u0161ej spolo\u010dnosti<\/h2>\n<p>Sme profesion\u00e1lny v\u00fdrobca hydraulick\u00fdch valcov, ktor\u00fd poskytuje \u0161irok\u00fd sortiment produktov a stal sa jedn\u00fdm z popredn\u00fdch v\u00fdrobcov a ve\u013ekoobchodn\u00fdch distrib\u00fatorov hydraulick\u00fdch valcov na dom\u00e1com aj medzin\u00e1rodnom trhu. V\u017edy sme sa dr\u017eali z\u00e1sady vynikaj\u00facej kvality a spoliehali sme sa na strat\u00e9giu industrializovan\u00e9ho riadenia v\u00fdroby na\u0161ej sofistikovanej v\u00fdrobnej dielne, aby sme neust\u00e1le zlep\u0161ovali na\u0161u technick\u00fa \u00farove\u0148 a efekt\u00edvnos\u0165 v\u00fdroby. Zav\u00e1dzan\u00edm \u0161pi\u010dkov\u00fdch digit\u00e1lnych v\u00fdrobn\u00fdch zariaden\u00ed a profesion\u00e1lnych testovac\u00edch syst\u00e9mov optimalizujeme na\u0161u v\u00fdrobn\u00fa platformu a zlep\u0161ujeme procesy kontroly kvality na\u0161ich v\u00fdrobkov, aby sme poskytovali inovat\u00edvne rie\u0161enia pre rozmanit\u00e9 potreby na\u0161ich z\u00e1kazn\u00edkov.<\/p>\n<p>Pon\u00fakame \u0161irok\u00fa \u0161k\u00e1lu profesion\u00e1lnych slu\u017eieb vr\u00e1tane medzin\u00e1rodnej certifik\u00e1cie, rie\u0161en\u00ed na mieru, vysoko kvalitn\u00fdch v\u00fdrobn\u00fdch zariaden\u00ed a vynikaj\u00faceho popredajn\u00e9ho servisu. Na\u0161a spolo\u010dnos\u0165 z\u00edskala certifik\u00e1ciu ISO 9001:2015 a mnoho ocenen\u00ed za na\u0161e inovat\u00edvne rie\u0161enia a spokojnos\u0165 z\u00e1kazn\u00edkov. Zaviazali sme sa k uspokojovaniu potrieb na\u0161ich z\u00e1kazn\u00edkov poskytovan\u00edm efekt\u00edvnych, presn\u00fdch a vysoko kvalitn\u00fdch produktov.<\/p>\n<p><img decoding=\"async\" src=\"https:\/\/www.hydraulic-cylinders.net\/wp-content\/uploads\/2025\/01\/songte-company-3.webp\" alt=\"Obr\u00e1zok spolo\u010dnosti\"><\/p>\n<p>Autor: lyl<\/p>","protected":false},"excerpt":{"rendered":"<p>Arm Cylinder for Volvo Wheel Excavator EW145BP: What You Need to Know Introduction Defining Arm Cylinder for Volvo Wheel Excavator EW145BP An arm cylinder is a specially designed hydraulic cylinder used primarily to provide linear motion and power for the arms of various types of machinery, such as excavators, cranes, and robotic arms. Arm cylinders [&hellip;]<\/p>","protected":false},"featured_media":14763,"comment_status":"open","ping_status":"closed","template":"","meta":{"_et_pb_use_builder":"","_et_pb_old_content":"","_et_gb_content_width":""},"product_brand":[],"product_cat":[1497],"product_tag":[1498,1496],"class_list":{"0":"post-16343","1":"product","2":"type-product","3":"status-publish","4":"has-post-thumbnail","6":"product_cat-arm-cylinders","7":"product_tag-arm-cylinders","8":"product_tag-hydraulic-cylinders","10":"first","11":"instock","12":"shipping-taxable","13":"product-type-simple"},"amp_enabled":true,"_links":{"self":[{"href":"https:\/\/www.hydraulic-cylinders.net\/sk\/wp-json\/wp\/v2\/product\/16343","targetHints":{"allow":["GET"]}}],"collection":[{"href":"https:\/\/www.hydraulic-cylinders.net\/sk\/wp-json\/wp\/v2\/product"}],"about":[{"href":"https:\/\/www.hydraulic-cylinders.net\/sk\/wp-json\/wp\/v2\/types\/product"}],"replies":[{"embeddable":true,"href":"https:\/\/www.hydraulic-cylinders.net\/sk\/wp-json\/wp\/v2\/comments?post=16343"}],"wp:featuredmedia":[{"embeddable":true,"href":"https:\/\/www.hydraulic-cylinders.net\/sk\/wp-json\/wp\/v2\/media\/14763"}],"wp:attachment":[{"href":"https:\/\/www.hydraulic-cylinders.net\/sk\/wp-json\/wp\/v2\/media?parent=16343"}],"wp:term":[{"taxonomy":"product_brand","embeddable":true,"href":"https:\/\/www.hydraulic-cylinders.net\/sk\/wp-json\/wp\/v2\/product_brand?post=16343"},{"taxonomy":"product_cat","embeddable":true,"href":"https:\/\/www.hydraulic-cylinders.net\/sk\/wp-json\/wp\/v2\/product_cat?post=16343"},{"taxonomy":"product_tag","embeddable":true,"href":"https:\/\/www.hydraulic-cylinders.net\/sk\/wp-json\/wp\/v2\/product_tag?post=16343"}],"curies":[{"name":"pracovn\u00fd list","href":"https:\/\/api.w.org\/{rel}","templated":true}]}}