{"id":16345,"date":"2025-01-20T09:07:47","date_gmt":"2025-01-20T09:07:47","guid":{"rendered":"https:\/\/www.hydraulic-cylinders.net\/product\/arm-cylinderfor-volvo-wheel-excavator-dls830-9b\/"},"modified":"2025-01-20T09:07:49","modified_gmt":"2025-01-20T09:07:49","slug":"arm-cylinderfor-volvo-wheel-excavator-dls830-9b","status":"publish","type":"product","link":"https:\/\/www.hydraulic-cylinders.net\/sk\/produkt\/arm-cylinderfor-volvo-wheel-excavator-dls830-9b\/","title":{"rendered":"Valec ramena pre kolesov\u00e9 r\u00fdpadlo Volvo DLS830-9B"},"content":{"rendered":"<h1>Valec ramena pre kolesov\u00e9 r\u00fdpadlo Volvo DLS830-9B<\/h1>\n<h2>\u00davod<\/h2>\n<p>Hydraulick\u00fd valec ramena pre kolesov\u00e9 r\u00fdpadlo Volvo DLS830-9B je \u0161peci\u00e1lne navrhnut\u00fd hydraulick\u00fd valec, ktor\u00fd poskytuje line\u00e1rny pohyb a v\u00fdkon ramenu r\u00f4znych strojov, ako s\u00fa r\u00fdpadl\u00e1, \u017eeriavy a mechanick\u00e9 ramen\u00e1. Valec ramena zohr\u00e1va k\u013e\u00fa\u010dov\u00fa \u00falohu v hydraulick\u00fdch syst\u00e9moch, preto\u017ee umo\u017e\u0148uje efekt\u00edvny pohyb a ovl\u00e1danie pripojen\u00e9ho n\u00e1radia alebo pr\u00edslu\u0161enstva. Tieto valce nielen umo\u017e\u0148uj\u00fa plynul\u00fd pohyb, ale tie\u017e odol\u00e1vaj\u00fa \u0165a\u017ek\u00fdm za\u0165a\u017eeniam, \u010d\u00edm zabezpe\u010duj\u00fa efekt\u00edvnu prev\u00e1dzku a spo\u013eahlivos\u0165 stroja v r\u00f4znych pracovn\u00fdch podmienkach.<\/p>\n<p><img decoding=\"async\" src=\"https:\/\/www.hydraulic-cylinders.net\/wp-content\/uploads\/2025\/01\/songte-company-2.webp\"><\/p>\n<h2>Funkcie<\/h2>\n<ul>\n<li>Vysoko\u00fa\u010dinn\u00fd prevod: Valec ramena poskytuje siln\u00fd line\u00e1rny pohyb a silu, \u010d\u00edm zais\u0165uje vysok\u00fd v\u00fdkon mechanick\u00e9ho ramena pri r\u00f4znych oper\u00e1ci\u00e1ch.<\/li>\n<li>Presn\u00e9 ovl\u00e1danie: Prostredn\u00edctvom hydraulick\u00e9ho syst\u00e9mu umo\u017e\u0148uje valec ramena presn\u00e9 ovl\u00e1danie pohybu, v\u010faka \u010domu je ovl\u00e1danie pripojen\u00e9ho n\u00e1radia flexibilnej\u0161ie a presnej\u0161ie.<\/li>\n<li>Trvanlivos\u0165: Valce ramien s\u00fa zvy\u010dajne vyroben\u00e9 z vysokopevnostn\u00fdch materi\u00e1lov s vynikaj\u00facou odolnos\u0165ou vo\u010di opotrebovaniu a kor\u00f3zii, vhodn\u00fdch na dlhodob\u00e9 pou\u017e\u00edvanie v n\u00e1ro\u010dn\u00fdch podmienkach.<\/li>\n<li>Multifunk\u010dn\u00e1 prisp\u00f4sobivos\u0165: Tieto valce sa daj\u00fa \u0161iroko pou\u017e\u00edva\u0165 v r\u00f4znych strojn\u00fdch zariadeniach, ako s\u00fa bagre, \u017eeriavy a mechanick\u00e9 ramen\u00e1, aby sp\u013a\u0148ali r\u00f4zne pracovn\u00e9 po\u017eiadavky.<\/li>\n<li>Jednoduch\u00e1 \u00fadr\u017eba: Valce ramien s\u00fa navrhnut\u00e9 pre jednoduch\u00fa \u00fadr\u017ebu a v\u00fdmenu a umo\u017e\u0148uj\u00fa pohodln\u00e9 pravideln\u00e9 kontroly a \u00fadr\u017ebu, \u010d\u00edm sa skracuj\u00fa prestoje zariadenia.<\/li>\n<\/ul>\n<p><img decoding=\"async\" src=\"https:\/\/www.hydraulic-cylinders.net\/wp-content\/uploads\/2025\/01\/songte-oil-pipes-and-spare-parts.webp\"><\/p>\n<h2>Aplik\u00e1cie<\/h2>\n<ul>\n<li>Stavebn\u00e9 in\u017einierstvo: V bagroch a \u017eeriavoch ovl\u00e1daj\u00fa valce ramien pohyb vedier alebo v\u00fdlo\u017en\u00edkov pri zemn\u00fdch pr\u00e1cach, manipul\u00e1cii s materi\u00e1lom a kon\u0161truk\u010dn\u00fdch in\u0161tal\u00e1ci\u00e1ch.<\/li>\n<li>V\u00fdrobn\u00fd priemysel: V automatizovan\u00fdch v\u00fdrobn\u00fdch link\u00e1ch umo\u017e\u0148uj\u00fa valce ramien pohyb mechanick\u00fdch ramien, \u010d\u00edm u\u013eah\u010duj\u00fa procesy ako mont\u00e1\u017e, zv\u00e1ranie a manipul\u00e1cia s materi\u00e1lom, \u010do vedie k zlep\u0161eniu efektivity a presnosti v\u00fdroby.<\/li>\n<li>Po\u013enohospod\u00e1rske stroje: V po\u013enohospod\u00e1rskych strojoch, ako s\u00fa zbera\u010de a seja\u010dky, riadia valce ramien pohyb ovl\u00e1dac\u00edch ramien pri \u00faloh\u00e1ch, ako je siatie, hnojenie a zber \u00farody.<\/li>\n<li>\u0164a\u017eba: Valce ramien v bansk\u00fdch zariadeniach sa pou\u017e\u00edvaj\u00fa na ovl\u00e1danie pohybu ramien bansk\u00fdch strojov na \u0165a\u017ebu a prepravu rudy.<\/li>\n<li>Logistika a doprava: Vo vysokozdvi\u017en\u00fdch voz\u00edkoch a manipula\u010dn\u00fdch robotoch ovl\u00e1daj\u00fa valce ramien zdv\u00edhanie a pohyb vidl\u00edc, \u010do u\u013eah\u010duje manipul\u00e1ciu s materi\u00e1lom a stohovanie.<\/li>\n<\/ul>\n<h2>\u00davahy o dizajne a krit\u00e9ri\u00e1 v\u00fdberu<\/h2>\n<ul>\n<li>Nosnos\u0165: Valce ramien s\u00fa navrhnut\u00e9 tak, aby odolali \u0161pecifick\u00e9mu za\u0165a\u017eeniu a mali by sa vybera\u0165 na z\u00e1klade po\u017eiadaviek aplik\u00e1cie.<\/li>\n<li>Tesnenie: Na zabezpe\u010denie spr\u00e1vneho utesnenia a zabr\u00e1nenie \u00faniku hydraulickej kvapaliny sa pou\u017e\u00edvaj\u00fa r\u00f4zne tesniace komponenty, ako s\u00fa tesnenia piestov a tesnenia ty\u010d\u00ed.<\/li>\n<li>Trvanlivos\u0165: Teleso valca a z\u00e1vitov\u00e9 konce prech\u00e1dzaj\u00fa presn\u00fdm spracovan\u00edm, aby sa zv\u00fd\u0161ila odolnos\u0165 proti opotrebovaniu a pred\u013a\u017eila \u017eivotnos\u0165 valca.<\/li>\n<li>Bezpe\u010dnos\u0165: Po\u010das procesu n\u00e1vrhu by sa mali zv\u00e1\u017ei\u0165 bezpe\u010dnostn\u00e9 prvky, aby sa predi\u0161lo nehod\u00e1m alebo poruch\u00e1m.<\/li>\n<li>\u00dadr\u017eba: Valce ramien by mali by\u0165 navrhnut\u00e9 tak, aby sa u\u013eah\u010dila \u00fadr\u017eba a v\u00fdmena, \u010do by umo\u017e\u0148ovalo efekt\u00edvne kontroly a skr\u00e1tilo prestoje.<\/li>\n<\/ul>\n<p><img decoding=\"async\" src=\"https:\/\/www.hydraulic-cylinders.net\/wp-content\/uploads\/2025\/01\/songte-cylinder-head-with-all-kinds-excavator-models.webp\"><\/p>\n<h2>Tesnenie a mazanie<\/h2>\n<p>Valec ramena vyu\u017e\u00edva r\u00f4zne tesniace komponenty, ako s\u00fa tesnenia piestov a tesnenia ty\u010d\u00ed, ktor\u00e9 s\u00fa vyroben\u00e9 z materi\u00e1lov odoln\u00fdch vo\u010di opotrebovaniu, ako je polyuret\u00e1n a nitrilov\u00fd kau\u010duk. Teleso valca a z\u00e1vitov\u00e9 konce prech\u00e1dzaj\u00fa d\u00f4kladnou \u00fapravou na zlep\u0161enie odolnosti vo\u010di opotrebovaniu. Na zabezpe\u010denie hladk\u00e9ho chodu je potrebn\u00e9 pravideln\u00e9 mazanie vhodn\u00fdm mno\u017estvom hydraulick\u00e9ho oleja.<\/p>\n<h2>Pravideln\u00e1 kontrola a prevent\u00edvna \u00fadr\u017eba<\/h2>\n<ul>\n<li>Skontrolujte v\u0161etky tesniace komponenty, \u010di nie s\u00fa opotrebovan\u00e9 alebo po\u0161koden\u00e9, a v pr\u00edpade potreby ich vyme\u0148te.<\/li>\n<li>Skontrolujte, \u010di sa neobjavia nejak\u00e9 zn\u00e1mky \u00faniku, a chybn\u00e9 diely ihne\u010f opravte alebo vyme\u0148te.<\/li>\n<li>Sledujte v\u00fdkon valca a vykonajte v\u0161etky potrebn\u00e9 \u00fapravy.<\/li>\n<li>Udr\u017eujte valec \u010dist\u00fd a bez ne\u010dist\u00f4t alebo kontaminantov.<\/li>\n<li>Dodr\u017eiavajte pl\u00e1n a postupy \u00fadr\u017eby odpor\u00fa\u010dan\u00e9 v\u00fdrobcom.<\/li>\n<\/ul>\n<h2>Sprievodca in\u0161tal\u00e1ciou produktu<\/h2>\n<p>1. Pred za\u010dat\u00edm in\u0161tal\u00e1cie sa uistite, \u017ee je zariadenie vypnut\u00e9 a spr\u00e1vne zaisten\u00e9.<\/p>\n<p>2. Umiestnite valec ramena na po\u017eadovan\u00e9 miesto a zarovnajte mont\u00e1\u017ene otvory s pr\u00edslu\u0161n\u00fdmi bodmi na stroji.<\/p>\n<p>3. Vlo\u017ete mont\u00e1\u017ene skrutky cez otvory a bezpe\u010dne ich utiahnite pomocou vhodn\u00e9ho n\u00e1radia.<\/p>\n<p>4. Pripojte hydraulick\u00e9 potrubia k valcu pod\u013ea pokynov v\u00fdrobcu a zabezpe\u010dte spr\u00e1vne utesnenie.<\/p>\n<p>5. Otestujte funk\u010dnos\u0165 valca ovl\u00e1dan\u00edm stroja a pozorovan\u00edm pohybu ramena.<\/p>\n<p>6. Vykonajte v\u0161etky potrebn\u00e9 \u00fapravy alebo jemn\u00e9 doladenie, aby ste zabezpe\u010dili optim\u00e1lny v\u00fdkon.<\/p>\n<p><img decoding=\"async\" src=\"https:\/\/www.hydraulic-cylinders.net\/wp-content\/uploads\/2025\/01\/songte-bushings-with-all-kinds-of-excavator-models.webp\"><\/p>\n<h2>Bezpe\u010dnostn\u00e9 aspekty a faktory prostredia<\/h2>\n<p>Pri pou\u017e\u00edvan\u00ed valcov s ramenom je nevyhnutn\u00e9 dodr\u017eiava\u0165 pr\u00edslu\u0161n\u00e9 bezpe\u010dnostn\u00e9 opatrenia, aby sa predi\u0161lo nehod\u00e1m a zraneniam. Pri obsluhe strojov by sa mali pou\u017e\u00edva\u0165 bezpe\u010dnostn\u00e9 prostriedky, ako s\u00fa ochrann\u00e9 pom\u00f4cky a ochrann\u00e9 kryty. Okrem toho by sa mali zv\u00e1\u017ei\u0165 faktory prostredia, ako je teplota, vlhkos\u0165 a vystavenie koroz\u00edvnym l\u00e1tkam, aby sa zabezpe\u010dila dlh\u00e1 \u017eivotnos\u0165 a v\u00fdkon valca s ramenom.<\/p>\n<h2>Rie\u0161enie probl\u00e9mov a be\u017en\u00e9 probl\u00e9my<\/h2>\n<p>1. Probl\u00e9m: Nedostato\u010dn\u00fd alebo trhav\u00fd pohyb ruky.<\/p>\n<p>Rie\u0161enie: Skontrolujte \u00faniky hydraulickej kvapaliny, skontrolujte tesnenia piestov, \u010di nie s\u00fa po\u0161koden\u00e9, a zabezpe\u010dte spr\u00e1vne mazanie.<\/p>\n<p>2. Probl\u00e9m: Nadmern\u00fd hluk po\u010das prev\u00e1dzky ramena.<\/p>\n<p>Rie\u0161enie: Skontrolujte, \u010di s\u00fa v\u0161etky komponenty bezpe\u010dne upevnen\u00e9 a spr\u00e1vne zarovnan\u00e9, a skontrolujte, \u010di nie s\u00fa uvo\u013enen\u00e9 alebo opotrebovan\u00e9 diely.<\/p>\n<p>3. Probl\u00e9m: Nekonzistentn\u00fd pohyb pa\u017ee alebo neschopnos\u0165 udr\u017ea\u0165 polohu.<\/p>\n<p>Rie\u0161enie: Skontrolujte valec, \u010di nie s\u00fa po\u0161koden\u00e9 tesnenia alebo \u010di nie s\u00fa vn\u00fatorn\u00e9 netesnosti, a v pr\u00edpade potreby ho vyme\u0148te.<\/p>\n<p><img decoding=\"async\" src=\"https:\/\/www.hydraulic-cylinders.net\/wp-content\/uploads\/2025\/01\/songte-chushion-collar.webp\"><\/p>\n<h2>Z\u00e1ver<\/h2>\n<p>Z\u00e1verom mo\u017eno poveda\u0165, \u017ee sme profesion\u00e1lnym v\u00fdrobcom n\u00e1hradn\u00fdch hydraulick\u00fdch valcov. Pon\u00fakame \u0161irok\u00fd sortiment produktov a stali sme sa jedn\u00fdm z popredn\u00fdch v\u00fdrobcov a distrib\u00fatorov hydraulick\u00fdch valcov na dom\u00e1com aj medzin\u00e1rodnom trhu. So zameran\u00edm na vynikaj\u00facu kvalitu, modern\u00e9 v\u00fdrobn\u00e9 zariadenia a komplexn\u00fd z\u00e1kazn\u00edcky servis sa sna\u017e\u00edme uspokoji\u0165 rozmanit\u00e9 potreby z\u00e1kazn\u00edkov. Na\u0161a spolo\u010dnos\u0165 je zn\u00e1ma svojou profesionalitou, medzin\u00e1rodn\u00fdmi certifik\u00e1ciami, prisp\u00f4soben\u00fdmi slu\u017ebami, modern\u00fdm v\u00fdrobn\u00fdm zariaden\u00edm a spo\u013eahlivou popredajnou podporou.<\/p>\n<p><img decoding=\"async\" src=\"https:\/\/www.hydraulic-cylinders.net\/wp-content\/uploads\/2025\/01\/songte-company-4.webp\"><br \/>\n<img decoding=\"async\" src=\"https:\/\/www.hydraulic-cylinders.net\/wp-content\/uploads\/2025\/01\/songte-company-3.webp\"><\/p>\n<p>Autor: lyl<\/p>","protected":false},"excerpt":{"rendered":"<p>Arm Cylinder For Volvo Wheel Excavator DLS830-9B Introduction The Arm Cylinder for Volvo Wheel Excavator DLS830-9B is a specially designed hydraulic cylinder that provides linear motion and power to the arm of various machinery, such as excavators, cranes, and mechanical arms. The arm cylinder plays a crucial role in hydraulic systems, allowing for efficient movement [&hellip;]<\/p>","protected":false},"featured_media":14786,"comment_status":"open","ping_status":"closed","template":"","meta":{"_et_pb_use_builder":"","_et_pb_old_content":"","_et_gb_content_width":""},"product_brand":[],"product_cat":[1497],"product_tag":[1498,1496],"class_list":{"0":"post-16345","1":"product","2":"type-product","3":"status-publish","4":"has-post-thumbnail","6":"product_cat-arm-cylinders","7":"product_tag-arm-cylinders","8":"product_tag-hydraulic-cylinders","10":"first","11":"instock","12":"shipping-taxable","13":"product-type-simple"},"amp_enabled":true,"_links":{"self":[{"href":"https:\/\/www.hydraulic-cylinders.net\/sk\/wp-json\/wp\/v2\/product\/16345","targetHints":{"allow":["GET"]}}],"collection":[{"href":"https:\/\/www.hydraulic-cylinders.net\/sk\/wp-json\/wp\/v2\/product"}],"about":[{"href":"https:\/\/www.hydraulic-cylinders.net\/sk\/wp-json\/wp\/v2\/types\/product"}],"replies":[{"embeddable":true,"href":"https:\/\/www.hydraulic-cylinders.net\/sk\/wp-json\/wp\/v2\/comments?post=16345"}],"wp:featuredmedia":[{"embeddable":true,"href":"https:\/\/www.hydraulic-cylinders.net\/sk\/wp-json\/wp\/v2\/media\/14786"}],"wp:attachment":[{"href":"https:\/\/www.hydraulic-cylinders.net\/sk\/wp-json\/wp\/v2\/media?parent=16345"}],"wp:term":[{"taxonomy":"product_brand","embeddable":true,"href":"https:\/\/www.hydraulic-cylinders.net\/sk\/wp-json\/wp\/v2\/product_brand?post=16345"},{"taxonomy":"product_cat","embeddable":true,"href":"https:\/\/www.hydraulic-cylinders.net\/sk\/wp-json\/wp\/v2\/product_cat?post=16345"},{"taxonomy":"product_tag","embeddable":true,"href":"https:\/\/www.hydraulic-cylinders.net\/sk\/wp-json\/wp\/v2\/product_tag?post=16345"}],"curies":[{"name":"pracovn\u00fd list","href":"https:\/\/api.w.org\/{rel}","templated":true}]}}