{"id":16352,"date":"2025-01-20T09:08:21","date_gmt":"2025-01-20T09:08:21","guid":{"rendered":"https:\/\/www.hydraulic-cylinders.net\/product\/arm-cylinderfor-sany-small-excavator-sy60c-9\/"},"modified":"2025-01-20T09:08:23","modified_gmt":"2025-01-20T09:08:23","slug":"arm-cylinderfor-sany-small-excavator-sy60c-9","status":"publish","type":"product","link":"https:\/\/www.hydraulic-cylinders.net\/sk\/produkt\/arm-cylinderfor-sany-small-excavator-sy60c-9\/","title":{"rendered":"Valec ramena pre mal\u00e9 r\u00fdpadlo Sany SY60C-9"},"content":{"rendered":"<p>Valec ramena pre mal\u00e9 r\u00fdpadlo Sany SY60C-9<\/p>\n<p>Hydraulick\u00fd valec ramena je \u0161peci\u00e1lne navrhnut\u00fd hydraulick\u00fd valec, ktor\u00fd poskytuje line\u00e1rny pohyb a v\u00fdkon ramen\u00e1m r\u00f4znych strojov, ako s\u00fa r\u00fdpadl\u00e1, \u017eeriavy a mechanick\u00e9 ramen\u00e1. Valec ramena hr\u00e1 k\u013e\u00fa\u010dov\u00fa \u00falohu v hydraulickom syst\u00e9me, preto\u017ee umo\u017e\u0148uje efekt\u00edvny pohyb a ovl\u00e1danie dodato\u010dn\u00fdch n\u00e1strojov alebo pr\u00edslu\u0161enstva. Tieto valce nielen dosahuj\u00fa plynul\u00fd pohyb, ale tie\u017e odol\u00e1vaj\u00fa \u0165a\u017ek\u00fdm za\u0165a\u017eeniam, \u010d\u00edm zabezpe\u010duj\u00fa efekt\u00edvnu prev\u00e1dzku a spo\u013eahlivos\u0165 strojov v r\u00f4znych pracovn\u00fdch podmienkach.<\/p>\n<p><img decoding=\"async\" src=\"https:\/\/www.hydraulic-cylinders.net\/wp-content\/uploads\/2025\/01\/songte-company-2.webp\" alt=\"Valec ramena pre mal\u00e9 r\u00fdpadlo Sany SY60C-9\" \/><\/p>\n<p>Vlastnosti:<br \/>\n1. Efekt\u00edvny prenos sily: Valec ramena poskytuje siln\u00fd line\u00e1rny pohyb a silu, \u010d\u00edm zais\u0165uje vysok\u00fd v\u00fdkon mechanick\u00e9ho ramena pri r\u00f4znych oper\u00e1ci\u00e1ch.<br \/>\n2. Presn\u00e9 ovl\u00e1danie: Prostredn\u00edctvom hydraulick\u00e9ho syst\u00e9mu dok\u00e1\u017ee valec ramena dosiahnu\u0165 presn\u00e9 ovl\u00e1danie pohybu, \u010d\u00edm sa ovl\u00e1danie \u010fal\u0161\u00edch n\u00e1strojov stane flexibilnej\u0161\u00edm a presnej\u0161\u00edm.<br \/>\n3. Vysok\u00e1 odolnos\u0165: Valce ramien s\u00fa zvy\u010dajne vyroben\u00e9 z vysoko pevn\u00fdch materi\u00e1lov s dobrou odolnos\u0165ou proti opotrebovaniu a kor\u00f3zii, vhodn\u00e9 na dlhodob\u00e9 pou\u017e\u00edvanie v n\u00e1ro\u010dn\u00fdch podmienkach.<br \/>\n4. V\u0161estrann\u00e1 prisp\u00f4sobivos\u0165: Tieto valce sa daj\u00fa \u0161iroko pou\u017e\u00edva\u0165 v r\u00f4znych mechanick\u00fdch zariadeniach, ako s\u00fa bagre, \u017eeriavy a mechanick\u00e9 ramen\u00e1, aby sa prisp\u00f4sobili r\u00f4znym pracovn\u00fdm potreb\u00e1m.<br \/>\n5. Jednoduch\u00e1 \u00fadr\u017eba: Kon\u0161trukcia zoh\u013ead\u0148uje jednoduch\u00fa \u00fadr\u017ebu a v\u00fdmenu, v\u010faka \u010domu je pravideln\u00e1 kontrola a \u00fadr\u017eba pohodlnej\u0161ia a prestoje zariadenia sa skracuj\u00fa.<\/p>\n<p><img decoding=\"async\" src=\"https:\/\/www.hydraulic-cylinders.net\/wp-content\/uploads\/2025\/01\/songte-oil-pipes-and-spare-parts.webp\" alt=\"Valec ramena pre mal\u00e9 r\u00fdpadlo Sany SY60C-9\" \/><\/p>\n<p>Aplik\u00e1cie:<br \/>\n1. Stavebn\u00e9 in\u017einierstvo: V bagroch a \u017eeriavoch sa valce ramien pou\u017e\u00edvaj\u00fa na ovl\u00e1danie pohybu vedier alebo v\u00fdlo\u017en\u00edkov pri zemn\u00fdch pr\u00e1cach, manipul\u00e1cii s materi\u00e1lom a mont\u00e1\u017ei kon\u0161trukci\u00ed.<br \/>\n2. V\u00fdroba: V automatizovan\u00fdch v\u00fdrobn\u00fdch link\u00e1ch sa valce ramien pou\u017e\u00edvaj\u00fa na pohyb mechanick\u00fdch ramien pri mont\u00e1\u017enych, zv\u00e1rac\u00edch a manipula\u010dn\u00fdch procesoch s cie\u013eom zlep\u0161i\u0165 efektivitu a presnos\u0165 v\u00fdroby.<br \/>\n3. Po\u013enohospod\u00e1rske stroje: V po\u013enohospod\u00e1rskych strojoch, ako s\u00fa zbera\u010de a seja\u010dky, riadia valce ramien pohyb ovl\u00e1dac\u00edch ramien pri \u00faloh\u00e1ch, ako je sadenie, hnojenie a zber \u00farody.<br \/>\n4. \u0164a\u017eba: V bansk\u00fdch zariadeniach sa valce ramien pou\u017e\u00edvaj\u00fa na ovl\u00e1danie pohybu ramien bansk\u00fdch zariaden\u00ed na \u0165a\u017ebu a prepravu nerastov.<br \/>\n5. Logistika a doprava: Vo vysokozdvi\u017en\u00fdch voz\u00edkoch a manipula\u010dn\u00fdch robotoch sa valce ramien pou\u017e\u00edvaj\u00fa na ovl\u00e1danie zdv\u00edhania a pohybu vidl\u00edc na dosiahnutie manipul\u00e1cie s materi\u00e1lom a stohovania.<\/p>\n<p>Dizajnov\u00e9 aspekty a krit\u00e9ri\u00e1 v\u00fdberu:<br \/>\n1. \u00danosnos\u0165: Valec ramena mus\u00ed by\u0165 schopn\u00fd odola\u0165 za\u0165a\u017eeniu, ktor\u00e9 stroj vyv\u00edja po\u010das prev\u00e1dzky.<br \/>\n2. Tesnenie: Na zabezpe\u010denie tesniaceho v\u00fdkonu valca sa pou\u017e\u00edvaj\u00fa r\u00f4zne tesniace komponenty, ako s\u00fa tesnenia piestov a tesnenia ty\u010d\u00ed.<br \/>\n3. Trvanlivos\u0165: Valec je zvy\u010dajne vyroben\u00fd z vysokopevnostn\u00fdch materi\u00e1lov s dobrou odolnos\u0165ou vo\u010di opotrebovaniu a kor\u00f3zii.<br \/>\n4. Bezpe\u010dnos\u0165: Valec mus\u00ed by\u0165 navrhnut\u00fd tak, aby sa predi\u0161lo nehod\u00e1m a zabezpe\u010dila sa bezpe\u010dn\u00e1 prev\u00e1dzka.<br \/>\n5. \u00dadr\u017eba: N\u00e1vrh mus\u00ed zoh\u013ead\u0148ova\u0165 jednoduch\u00fa \u00fadr\u017ebu a v\u00fdmenu komponentov.<\/p>\n<p><img decoding=\"async\" src=\"https:\/\/www.hydraulic-cylinders.net\/wp-content\/uploads\/2025\/01\/songte-cylinder-head-with-all-kinds-excavator-models.webp\" alt=\"Valec ramena pre mal\u00e9 r\u00fdpadlo Sany SY60C-9\" \/><\/p>\n<p>Tesnenie a mazanie:<br \/>\nNa zabezpe\u010denie tesniaceho v\u00fdkonu valca sa pou\u017e\u00edvaj\u00fa r\u00f4zne tesniace komponenty, ako s\u00fa tesnenia piestov a tesnenia ty\u010d\u00ed. Tesniace komponenty s\u00fa vyroben\u00e9 z materi\u00e1lov odoln\u00fdch proti opotrebovaniu, ako je polyuret\u00e1n a nitrilov\u00fd kau\u010duk. Teleso valca a z\u00e1vitov\u00fd koniec s\u00fa jemne opracovan\u00e9 pre zlep\u0161enie odolnosti proti opotrebovaniu. Pravideln\u00e9 prid\u00e1vanie vhodn\u00e9ho mno\u017estva hydraulick\u00e9ho oleja m\u00f4\u017ee \u00fa\u010dinne maza\u0165 valec a pred\u013a\u017ei\u0165 jeho \u017eivotnos\u0165.<\/p>\n<p>Pravideln\u00e9 kontroly a opatrenia prevent\u00edvnej \u00fadr\u017eby:<br \/>\n1. Pravidelne kontrolujte tesniaci v\u00fdkon valca a v pr\u00edpade potreby v\u010das vyme\u0148te tesniace komponenty.<br \/>\n2. Pravidelne kontrolujte teleso valca, \u010di nie je opotrebovan\u00e9 alebo po\u0161koden\u00e9, a v pr\u00edpade potreby ho opravte alebo vyme\u0148te.<br \/>\n3. Pravidelne kontrolujte hladinu hydraulick\u00e9ho oleja a vyme\u0148te ho pod\u013ea n\u00e1vodu na \u00fadr\u017ebu.<br \/>\n4. Pravidelne kontrolujte spojovacie skrutky a v pr\u00edpade potreby ich dotiahnite.<\/p>\n<p>Spr\u00e1vny n\u00e1vod na in\u0161tal\u00e1ciu produktu:<br \/>\n1. Vyberte vhodn\u00fa mont\u00e1\u017enu polohu a uistite sa, \u017ee je valec nain\u0161talovan\u00fd vertik\u00e1lne.<br \/>\n2. Nain\u0161talujte valec pod\u013ea pokynov na in\u0161tal\u00e1ciu a pou\u017eite vhodn\u00e9 n\u00e1stroje a met\u00f3dy, aby ste predi\u0161li po\u0161kodeniu valca.<br \/>\n3. Po in\u0161tal\u00e1cii skontrolujte tesnos\u0165 valca a vykonajte sk\u00fa\u0161obn\u00fa prev\u00e1dzku.<\/p>\n<p><img decoding=\"async\" src=\"https:\/\/www.hydraulic-cylinders.net\/wp-content\/uploads\/2025\/01\/songte-bushings-with-all-kinds-of-excavator-models.webp\" alt=\"Valec ramena pre mal\u00e9 r\u00fdpadlo Sany SY60C-9\" \/><\/p>\n<p>Bezpe\u010dnostn\u00e9 aspekty a faktory prostredia:<br \/>\nPri pou\u017e\u00edvan\u00ed valcov s ramenom s\u00fa nevyhnutn\u00e9 bezpe\u010dnostn\u00e9 opatrenia. Obsluha by mala absolvova\u0165 odborn\u00e9 \u0161kolenie, aby mohla bezpe\u010dne obsluhova\u0165 stroj. Pri pou\u017e\u00edvan\u00ed valca s ramenom je potrebn\u00e9 venova\u0165 pozornos\u0165 pracovn\u00fdm podmienkam stroja a vyhn\u00fa\u0165 sa jeho pou\u017e\u00edvaniu v n\u00e1ro\u010dn\u00fdch prostrediach, ktor\u00e9 by mohli sp\u00f4sobi\u0165 po\u0161kodenie valca.<\/p>\n<p>Diagnostika por\u00fach a be\u017en\u00e9 probl\u00e9my:<br \/>\n1. Po\u0161kodenie tesnenia: Z valca m\u00f4\u017ee unika\u0165 olej v d\u00f4sledku po\u0161kodenia tesnenia.<br \/>\n2. Ohnutie alebo po\u0161kodenie piestnej ty\u010de: Valec m\u00f4\u017ee zlyha\u0165 v d\u00f4sledku ohnutia alebo po\u0161kodenia piestnej ty\u010de.<br \/>\n3. Nedostato\u010dn\u00e9 mazanie: Valec sa m\u00f4\u017ee v d\u00f4sledku nedostato\u010dn\u00e9ho mazania r\u00fdchlo opotrebova\u0165.<br \/>\n4. Uvo\u013enen\u00e9 spojovacie skrutky: Valec m\u00f4\u017ee zlyha\u0165 v d\u00f4sledku uvo\u013enenia spojovac\u00edch skrutiek.<\/p>\n<p>Rie\u0161enie probl\u00e9mov a prevent\u00edvne opatrenia:<br \/>\n1. V\u010das vyme\u0148te po\u0161koden\u00e9 tesniace komponenty a zabezpe\u010dte tesniaci v\u00fdkon valca.<br \/>\n2. Vyme\u0148te piestnu ty\u010d alebo cel\u00fd valec, ak je piestna ty\u010d ohnut\u00e1 alebo po\u0161koden\u00e1.<br \/>\n3. Pravidelne dop\u013a\u0148ajte pr\u00edslu\u0161n\u00e9 mno\u017estvo hydraulick\u00e9ho oleja, aby ste zabezpe\u010dili dostato\u010dn\u00e9 mazanie.<br \/>\n4. Pravidelne kontrolujte spojovacie skrutky a v pr\u00edpade potreby ich dotiahnite.<\/p>\n<p><img decoding=\"async\" src=\"https:\/\/www.hydraulic-cylinders.net\/wp-content\/uploads\/2025\/01\/songte-chushion-collar.webp\" alt=\"Valec ramena pre mal\u00e9 r\u00fdpadlo Sany SY60C-9\" \/><\/p>\n<p>We are a professional manufacturer of replacement hydraulic cylinders with a wide range of products and have become one of the leading hydraulic cylinder manufacturers and wholesale distributors in the domestic and international markets. We always uphold the principle of excellent quality, rely on the industrial production management strategy of a refined manufacturing workshop, and constantly improve our technical level and production efficiency. By introducing high-end digital manufacturing equipment and professional testing systems, we continuously optimize the manufacturing platform, improve the product quality control process, and have strong innovation capabilities. Our goal is to satisfy customers&#8217; diversified needs with efficient, precise, and high-quality principles.<\/p>\n<p>Na\u0161a spolo\u010dnos\u0165 pon\u00faka okrem in\u00e9ho profesion\u00e1lne medzin\u00e1rodn\u00e9 certifik\u00e1cie, slu\u017eby na mieru, v\u00fdrobn\u00e9 zariadenia a popredajn\u00e9 slu\u017eby. <\/p>\n<p><img decoding=\"async\" src=\"https:\/\/www.hydraulic-cylinders.net\/wp-content\/uploads\/2025\/01\/songte-company-4.webp\" alt=\"Valec ramena pre mal\u00e9 r\u00fdpadlo Sany SY60C-9\" \/><br \/>\n<img decoding=\"async\" src=\"https:\/\/www.hydraulic-cylinders.net\/wp-content\/uploads\/2025\/01\/songte-company-3.webp\" alt=\"Valec ramena pre mal\u00e9 r\u00fdpadlo Sany SY60C-9\" \/><\/p>\n<p>Autor: lyl.<\/p>","protected":false},"excerpt":{"rendered":"<p>Arm Cylinder for Sany Small Excavator SY60C-9 Arm cylinder is a specially designed hydraulic cylinder that provides linear motion and power to the arms of various machinery such as excavators, cranes, and mechanical arms. The arm cylinder plays a crucial role in the hydraulic system, enabling the effective movement and control of additional tools or [&hellip;]<\/p>","protected":false},"featured_media":14766,"comment_status":"open","ping_status":"closed","template":"","meta":{"_et_pb_use_builder":"","_et_pb_old_content":"","_et_gb_content_width":""},"product_brand":[],"product_cat":[1497],"product_tag":[1498,1496],"class_list":{"0":"post-16352","1":"product","2":"type-product","3":"status-publish","4":"has-post-thumbnail","6":"product_cat-arm-cylinders","7":"product_tag-arm-cylinders","8":"product_tag-hydraulic-cylinders","10":"first","11":"instock","12":"shipping-taxable","13":"product-type-simple"},"amp_enabled":true,"_links":{"self":[{"href":"https:\/\/www.hydraulic-cylinders.net\/sk\/wp-json\/wp\/v2\/product\/16352","targetHints":{"allow":["GET"]}}],"collection":[{"href":"https:\/\/www.hydraulic-cylinders.net\/sk\/wp-json\/wp\/v2\/product"}],"about":[{"href":"https:\/\/www.hydraulic-cylinders.net\/sk\/wp-json\/wp\/v2\/types\/product"}],"replies":[{"embeddable":true,"href":"https:\/\/www.hydraulic-cylinders.net\/sk\/wp-json\/wp\/v2\/comments?post=16352"}],"wp:featuredmedia":[{"embeddable":true,"href":"https:\/\/www.hydraulic-cylinders.net\/sk\/wp-json\/wp\/v2\/media\/14766"}],"wp:attachment":[{"href":"https:\/\/www.hydraulic-cylinders.net\/sk\/wp-json\/wp\/v2\/media?parent=16352"}],"wp:term":[{"taxonomy":"product_brand","embeddable":true,"href":"https:\/\/www.hydraulic-cylinders.net\/sk\/wp-json\/wp\/v2\/product_brand?post=16352"},{"taxonomy":"product_cat","embeddable":true,"href":"https:\/\/www.hydraulic-cylinders.net\/sk\/wp-json\/wp\/v2\/product_cat?post=16352"},{"taxonomy":"product_tag","embeddable":true,"href":"https:\/\/www.hydraulic-cylinders.net\/sk\/wp-json\/wp\/v2\/product_tag?post=16352"}],"curies":[{"name":"pracovn\u00fd list","href":"https:\/\/api.w.org\/{rel}","templated":true}]}}