{"id":16370,"date":"2025-01-20T09:09:49","date_gmt":"2025-01-20T09:09:49","guid":{"rendered":"https:\/\/www.hydraulic-cylinders.net\/product\/arm-cylinderfor-sany-middle-excavator-sy230c\/"},"modified":"2025-01-20T09:09:57","modified_gmt":"2025-01-20T09:09:57","slug":"arm-cylinderfor-sany-middle-excavator-sy230c","status":"publish","type":"product","link":"https:\/\/www.hydraulic-cylinders.net\/sk\/produkt\/arm-cylinderfor-sany-middle-excavator-sy230c\/","title":{"rendered":"Valec ramena pre Sany Middle Excavator SY230C"},"content":{"rendered":"<p>Valec ramena pre Sany Middle Excavator SY230C<\/p>\n<p>Hydraulick\u00fd valec ramena pre r\u00fdpadlo Sany SY230C je typ hydraulick\u00e9ho valca \u0161peci\u00e1lne navrhnut\u00e9ho na zabezpe\u010denie line\u00e1rneho pohybu a v\u00fdkonu ramien r\u00f4znych typov strojov, ako s\u00fa r\u00fdpadl\u00e1, \u017eeriavy a mechanick\u00e9 ramen\u00e1. Zohr\u00e1va k\u013e\u00fa\u010dov\u00fa \u00falohu v hydraulickom syst\u00e9me, preto\u017ee umo\u017e\u0148uje efekt\u00edvny pohyb a ovl\u00e1danie \u010fal\u0161\u00edch n\u00e1strojov alebo pr\u00eddavn\u00fdch zariaden\u00ed. Tieto valce nielen zabezpe\u010duj\u00fa plynul\u00fd pohyb, ale tie\u017e odol\u00e1vaj\u00fa \u0165a\u017ek\u00fdm za\u0165a\u017eeniam, \u010d\u00edm zabezpe\u010duj\u00fa efekt\u00edvnu prev\u00e1dzku a spo\u013eahlivos\u0165 stroja za r\u00f4znych prev\u00e1dzkov\u00fdch podmienok.<\/p>\n<p><img decoding=\"async\" src=\"https:\/\/www.hydraulic-cylinders.net\/wp-content\/uploads\/2025\/01\/songte-company-2.webp\"><\/p>\n<p>Vlastnosti:<\/p>\n<p>\u2013 Vysoko\u00fa\u010dinn\u00fd prevod: Valec ramena poskytuje siln\u00fd line\u00e1rny pohyb a silu, \u010d\u00edm zais\u0165uje vysoko\u00fa\u010dinn\u00fd v\u00fdkon mechanick\u00e9ho ramena pri r\u00f4znych oper\u00e1ci\u00e1ch.<br \/>\n\u2013 Presn\u00e9 ovl\u00e1danie: Prostredn\u00edctvom hydraulick\u00e9ho syst\u00e9mu dok\u00e1\u017ee valec ramena dosiahnu\u0165 presn\u00e9 ovl\u00e1danie pohybu, v\u010faka \u010domu je ovl\u00e1danie \u010fal\u0161\u00edch n\u00e1strojov flexibilnej\u0161ie a presnej\u0161ie.<br \/>\n\u2013 Trvanlivos\u0165: Valec ramena je zvy\u010dajne vyroben\u00fd z vysokopevnostn\u00fdch materi\u00e1lov, ktor\u00e9 maj\u00fa vynikaj\u00facu odolnos\u0165 vo\u010di opotrebovaniu a kor\u00f3zii, v\u010faka \u010domu je vhodn\u00fd na dlhodob\u00e9 pou\u017e\u00edvanie v n\u00e1ro\u010dn\u00fdch podmienkach.<br \/>\n\u2013 Multifunk\u010dnos\u0165: Tieto valce sa daj\u00fa \u0161iroko pou\u017e\u00edva\u0165 v r\u00f4znych mechanick\u00fdch zariadeniach, ako s\u00fa bagre, \u017eeriavy a mechanick\u00e9 ramen\u00e1, aby sp\u013a\u0148ali r\u00f4zne pracovn\u00e9 po\u017eiadavky.<br \/>\n\u2013 Jednoduch\u00e1 \u00fadr\u017eba: Kon\u0161trukcia zoh\u013ead\u0148uje jednoduch\u00fa \u00fadr\u017ebu a v\u00fdmenu, v\u010faka \u010domu je pravideln\u00e1 kontrola a \u00fadr\u017eba pohodlnej\u0161ia a prestoje zariadenia sa skracuj\u00fa.<\/p>\n<p>Tento produkt vieme vyrobi\u0165 a na\u0161e produkty dok\u00e1\u017eu dokonale nahradi\u0165 tieto hydraulick\u00e9 valce.<\/p>\n<p><img decoding=\"async\" src=\"https:\/\/www.hydraulic-cylinders.net\/wp-content\/uploads\/2025\/01\/songte-oil-pipes-and-spare-parts.webp\"><\/p>\n<p>Aplik\u00e1cie:<\/p>\n<p>\u2013 Stavebn\u00e9 in\u017einierstvo: V bagroch a \u017eeriavoch sa valec ramena pou\u017e\u00edva na ovl\u00e1danie pohybu ly\u017eice alebo v\u00fdlo\u017en\u00edka pri zemn\u00fdch pr\u00e1cach, manipul\u00e1cii s materi\u00e1lom a mont\u00e1\u017ei kon\u0161trukci\u00ed.<br \/>\n\u2013 V\u00fdrobn\u00fd priemysel: V automatizovan\u00fdch v\u00fdrobn\u00fdch link\u00e1ch sa valec ramena pou\u017e\u00edva na pohyb mechanick\u00fdch ramien, na mont\u00e1\u017ene, zv\u00e1racie a manipula\u010dn\u00e9 procesy, \u010d\u00edm sa zlep\u0161uje efektivita a presnos\u0165 v\u00fdroby.<br \/>\n\u2013 Po\u013enohospod\u00e1rske stroje: V po\u013enohospod\u00e1rskych strojoch, ako s\u00fa zbera\u010de a seja\u010dky, riadi valec ramena pohyb ovl\u00e1dacieho ramena a vykon\u00e1va \u00falohy, ako je siatie, hnojenie a zber \u00farody.<br \/>\n\u2013 \u0164a\u017eba: V bansk\u00fdch zariadeniach sa valec ramena pou\u017e\u00edva na ovl\u00e1danie pohybu ramena bansk\u00e9ho zariadenia pri \u0165a\u017ebe a manipul\u00e1cii s nerastmi.<br \/>\n\u2013 Logistika a doprava: Vo vysokozdvi\u017en\u00fdch voz\u00edkoch a manipula\u010dn\u00fdch robotoch sa valec ramena pou\u017e\u00edva na ovl\u00e1danie zdv\u00edhania a pohybu vidl\u00edc, na manipul\u00e1ciu a stohovanie materi\u00e1lov.<\/p>\n<p>\u00davahy o dizajne a krit\u00e9ri\u00e1 v\u00fdberu:<\/p>\n<p>\u2013 Nosnos\u0165: Valec ramena by mal by\u0165 schopn\u00fd odola\u0165 maxim\u00e1lnemu za\u0165a\u017eeniu stroja, \u010d\u00edm by sa zabezpe\u010dila bezpe\u010dn\u00e1 a spo\u013eahliv\u00e1 prev\u00e1dzka.<br \/>\n\u2013 Tesniaci v\u00fdkon: Valec by mal by\u0165 vybaven\u00fd r\u00f4znymi tesneniami, ako s\u00fa tesniace kr\u00fa\u017eky piestu a tesniace kr\u00fa\u017eky ty\u010de, ktor\u00e9 s\u00fa vyroben\u00e9 z materi\u00e1lov odoln\u00fdch vo\u010di opotrebovaniu, ako je polyuret\u00e1n a nitrilov\u00fd kau\u010duk, aby sa dosiahol vynikaj\u00faci tesniaci v\u00fdkon.<br \/>\n\u2013 Trvanlivos\u0165: Teleso valca a z\u00e1vitov\u00fd koniec by mali by\u0165 jemne opracovan\u00e9, aby sa zlep\u0161ila odolnos\u0165 vo\u010di opotrebovaniu a pred\u013a\u017eila \u017eivotnos\u0165.<br \/>\n\u2013 Bezpe\u010dnos\u0165: Valec by mal by\u0165 vybaven\u00fd spo\u013eahliv\u00fdmi bezpe\u010dnostn\u00fdmi zariadeniami, ako s\u00fa poistn\u00e9 ventily a koncov\u00e9 sp\u00edna\u010de, aby sa predi\u0161lo nehod\u00e1m sp\u00f4soben\u00fdm pre\u0165a\u017een\u00edm alebo in\u00fdmi poruchami.<br \/>\n\u2013 Jednoduch\u00e1 \u00fadr\u017eba: Valec by mal by\u0165 navrhnut\u00fd s oh\u013eadom na jednoduch\u00fa \u00fadr\u017ebu a v\u00fdmenu, aby sa u\u013eah\u010dila pravideln\u00e1 kontrola a \u00fadr\u017eba a skr\u00e1tili prestoje zariadenia.<\/p>\n<p><img decoding=\"async\" src=\"https:\/\/www.hydraulic-cylinders.net\/wp-content\/uploads\/2025\/01\/songte-cylinder-head-with-all-kinds-excavator-models.webp\"><\/p>\n<p>Tesnenie a mazanie:<\/p>\n<p>Valec ramena by mal pou\u017e\u00edva\u0165 r\u00f4zne tesniace komponenty, ako s\u00fa tesnenia piestov a tesnenia ty\u010d\u00ed, ktor\u00e9 s\u00fa vyroben\u00e9 z materi\u00e1lov odoln\u00fdch vo\u010di opotrebovaniu, ako je polyuret\u00e1n a nitrilov\u00fd kau\u010duk, aby sa zabezpe\u010dil vynikaj\u00faci tesniaci v\u00fdkon. Teleso valca a z\u00e1vitov\u00fd koniec by mali by\u0165 jemne opracovan\u00e9, aby sa zlep\u0161ila odolnos\u0165 vo\u010di opotrebovaniu. Pravideln\u00e9 dop\u013a\u0148anie vhodn\u00e9ho mno\u017estva hydraulick\u00e9ho oleja m\u00f4\u017ee zabezpe\u010di\u0165 mazanie valca a zlep\u0161i\u0165 \u017eivotnos\u0165 tesniacich \u010dast\u00ed.<\/p>\n<p>Pravideln\u00e1 kontrola a opatrenia prevent\u00edvnej \u00fadr\u017eby:<\/p>\n<p>\u2013 Pravidelne kontrolujte \u010dinnos\u0165 valca, aby ste sa uistili, \u017ee funguje spr\u00e1vne, a v\u010das identifikovali potenci\u00e1lne probl\u00e9my.<br \/>\n\u2013 Pravidelne kontrolujte tesnenia a mazac\u00ed syst\u00e9m valca, aby ste sa uistili, \u017ee spr\u00e1vne funguj\u00fa, a v\u010das vyme\u0148te v\u0161etky opotrebovan\u00e9 diely.<br \/>\n\u2013 Pravidelne \u010distite a udr\u017eiavajte povrch valca, aby ste predi\u0161li po\u0161kodeniu hrdzou, prachom a in\u00fdmi ne\u010distotami.<br \/>\n\u2013 Vypracova\u0165 pl\u00e1n prevent\u00edvnej \u00fadr\u017eby, aby sa zabezpe\u010dilo jej pravideln\u00e9 a v\u010dasn\u00e9 vykon\u00e1vanie a aby sa predi\u0161lo potenci\u00e1lnym probl\u00e9mom sk\u00f4r, ako sa vyskytn\u00fa.<\/p>\n<p>Spr\u00e1vny n\u00e1vod na in\u0161tal\u00e1ciu:<\/p>\n<p>\u2013 Pred in\u0161tal\u00e1ciou sa uistite, \u017ee miesto in\u0161tal\u00e1cie je rovn\u00e9 a valec je riadne vy\u010disten\u00fd a namazan\u00fd.<br \/>\n\u2013 Uistite sa, \u017ee valec je spr\u00e1vne zarovnan\u00fd so zariaden\u00edm a v\u0161etky diely s\u00fa utiahnut\u00e9 predp\u00edsan\u00fdm kr\u00fatiacim momentom.<br \/>\n\u2013 Po in\u0161tal\u00e1cii skontrolujte \u010dinnos\u0165 valca a uistite sa, \u017ee funguje spr\u00e1vne.<\/p>\n<p><img decoding=\"async\" src=\"https:\/\/www.hydraulic-cylinders.net\/wp-content\/uploads\/2025\/01\/songte-bushings-with-all-kinds-of-excavator-models.webp\"><\/p>\n<p>Bezpe\u010dnostn\u00e9 aspekty a faktory prostredia:<\/p>\n<p>Pri pou\u017e\u00edvan\u00ed hydraulick\u00e9ho valca s ramenom je d\u00f4le\u017eit\u00e9 zv\u00e1\u017ei\u0165 bezpe\u010dnostn\u00e9 opatrenia, ako je zabezpe\u010denie spr\u00e1vnej in\u0161tal\u00e1cie a \u00fadr\u017eby valca a pou\u017e\u00edvanie spo\u013eahliv\u00fdch bezpe\u010dnostn\u00fdch zariaden\u00ed, ako s\u00fa poistn\u00e9 ventily a koncov\u00e9 sp\u00edna\u010de. D\u00f4le\u017eit\u00e9 je tie\u017e zv\u00e1\u017ei\u0165 environment\u00e1lne faktory, ako je zabezpe\u010denie ekologickej \u0161etrnosti pou\u017eit\u00e9ho hydraulick\u00e9ho oleja a spr\u00e1vna likvid\u00e1cia ak\u00e9hoko\u013evek odpadov\u00e9ho oleja alebo in\u00fdch ne\u010dist\u00f4t.<\/p>\n<p>Diagnostika a rie\u0161enie be\u017en\u00fdch por\u00fach:<\/p>\n<p>\u2013 Nedostato\u010dn\u00fd \u0165ah alebo r\u00fdchlos\u0165: Nedostato\u010dn\u00e9 mno\u017estvo hydraulick\u00e9ho oleja alebo vysok\u00fd odpor v potrub\u00ed m\u00f4\u017ee sp\u00f4sobi\u0165 nedostato\u010dn\u00fd \u0165ah alebo r\u00fdchlos\u0165. Skontrolujte hladinu hydraulick\u00e9ho oleja a potrubie, \u010di nie je upchat\u00e9.<br \/>\n\u2013 \u00danik: \u00danik m\u00f4\u017ee by\u0165 sp\u00f4soben\u00fd opotrebovan\u00fdmi tesneniami alebo po\u0161koden\u00fdmi dielmi. Skontrolujte tesnenia a vyme\u0148te v\u0161etky opotrebovan\u00e9 diely.<br \/>\n\u2013 Hluk: Nadmern\u00fd hluk m\u00f4\u017eu by\u0165 sp\u00f4soben\u00e9 opotrebovan\u00fdmi alebo po\u0161koden\u00fdmi dielmi. Skontrolujte valec a vyme\u0148te v\u0161etky opotrebovan\u00e9 diely.<\/p>\n<p>Tipy a rie\u0161enia probl\u00e9mov:<\/p>\n<p>\u2013 Pravidelne udr\u017eiavajte hydraulick\u00fd syst\u00e9m a v\u010das vymie\u0148ajte v\u0161etky opotrebovan\u00e9 alebo po\u0161koden\u00e9 diely, aby ste predi\u0161li vzniku por\u00fach.<br \/>\n\u2013 Ak sa vyskytne porucha, okam\u017eite presta\u0148te valec pou\u017e\u00edva\u0165 a pora\u010fte sa s odborn\u00edkom, ktor\u00fd v\u00e1m poskytne diagnostiku a opravu.<br \/>\n\u2013 Vypracova\u0165 pl\u00e1n prevent\u00edvnej \u00fadr\u017eby, aby sa zabezpe\u010dilo jej pravideln\u00e9 a v\u010dasn\u00e9 vykon\u00e1vanie a aby sa predi\u0161lo potenci\u00e1lnym probl\u00e9mom sk\u00f4r, ako sa vyskytn\u00fa.<\/p>\n<p><img decoding=\"async\" src=\"https:\/\/www.hydraulic-cylinders.net\/wp-content\/uploads\/2025\/01\/songte-chushion-collar.webp\"><\/p>\n<p>V na\u0161ej spolo\u010dnosti sme profesion\u00e1lnym v\u00fdrobcom n\u00e1hradn\u00fdch hydraulick\u00fdch valcov. Na\u0161e produkty s\u00fa rozmanit\u00e9 a stali sme sa jedn\u00fdm z popredn\u00fdch v\u00fdrobcov a ve\u013ekoobchodn\u00fdch distrib\u00fatorov hydraulick\u00fdch valcov na dom\u00e1com aj medzin\u00e1rodnom trhu. V\u017edy dodr\u017eiavame z\u00e1sadu vynikaj\u00facej kvality a spoliehame sa na strat\u00e9giu industrializovan\u00e9ho riadenia v\u00fdroby na\u0161ej sofistikovanej v\u00fdrobnej dielne, aby sme neust\u00e1le zlep\u0161ovali na\u0161u technick\u00fa \u00farove\u0148 a efekt\u00edvnos\u0165 v\u00fdroby. Zav\u00e1dzan\u00edm pokro\u010dil\u00fdch digit\u00e1lnych v\u00fdrobn\u00fdch zariaden\u00ed a profesion\u00e1lnych testovac\u00edch syst\u00e9mov neust\u00e1le optimalizujeme na\u0161u v\u00fdrobn\u00fa platformu, zlep\u0161ujeme proces kontroly kvality na\u0161ich v\u00fdrobkov a m\u00e1me siln\u00e9 inova\u010dn\u00e9 schopnosti. Na\u0161\u00edm cie\u013eom je uspokoji\u0165 rozmanit\u00e9 potreby na\u0161ich z\u00e1kazn\u00edkov s vysokou \u00fa\u010dinnos\u0165ou, presnos\u0165ou a vysoko kvalitn\u00fdmi produktmi.<\/p>\n<p>Pon\u00fakame profesion\u00e1lne slu\u017eby prisp\u00f4sobenia a na\u0161e produkty pre\u0161li medzin\u00e1rodn\u00fdmi certifik\u00e1ciami, ktor\u00e9 zaru\u010duj\u00fa ich kvalitu a bezpe\u010dnos\u0165. Na\u0161e v\u00fdrobn\u00e9 zariadenia s\u00fa tie\u017e najvy\u0161\u0161ej kvality a n\u00e1\u0161 popredajn\u00fd servis je spo\u013eahliv\u00fd a v\u010dasn\u00fd.<\/p>\n<p><img decoding=\"async\" src=\"https:\/\/www.hydraulic-cylinders.net\/wp-content\/uploads\/2025\/01\/songte-company-4.webp\"> <img decoding=\"async\" src=\"https:\/\/www.hydraulic-cylinders.net\/wp-content\/uploads\/2025\/01\/songte-company-3.webp\"><\/p>\n<p>Autor: lyl.<\/p>","protected":false},"excerpt":{"rendered":"<p>Arm Cylinder For Sany Middle Excavator SY230C The Arm Cylinder for Sany Middle Excavator SY230C is a type of hydraulic cylinder specifically designed to provide linear motion and power to the arms of various types of machinery, such as excavators, cranes, and mechanical arms. It plays a crucial role in the hydraulic system, making it [&hellip;]<\/p>","protected":false},"featured_media":14772,"comment_status":"open","ping_status":"closed","template":"","meta":{"_et_pb_use_builder":"","_et_pb_old_content":"","_et_gb_content_width":""},"product_brand":[],"product_cat":[1497],"product_tag":[1498,1496],"class_list":{"0":"post-16370","1":"product","2":"type-product","3":"status-publish","4":"has-post-thumbnail","6":"product_cat-arm-cylinders","7":"product_tag-arm-cylinders","8":"product_tag-hydraulic-cylinders","10":"first","11":"instock","12":"shipping-taxable","13":"product-type-simple"},"amp_enabled":true,"_links":{"self":[{"href":"https:\/\/www.hydraulic-cylinders.net\/sk\/wp-json\/wp\/v2\/product\/16370","targetHints":{"allow":["GET"]}}],"collection":[{"href":"https:\/\/www.hydraulic-cylinders.net\/sk\/wp-json\/wp\/v2\/product"}],"about":[{"href":"https:\/\/www.hydraulic-cylinders.net\/sk\/wp-json\/wp\/v2\/types\/product"}],"replies":[{"embeddable":true,"href":"https:\/\/www.hydraulic-cylinders.net\/sk\/wp-json\/wp\/v2\/comments?post=16370"}],"wp:featuredmedia":[{"embeddable":true,"href":"https:\/\/www.hydraulic-cylinders.net\/sk\/wp-json\/wp\/v2\/media\/14772"}],"wp:attachment":[{"href":"https:\/\/www.hydraulic-cylinders.net\/sk\/wp-json\/wp\/v2\/media?parent=16370"}],"wp:term":[{"taxonomy":"product_brand","embeddable":true,"href":"https:\/\/www.hydraulic-cylinders.net\/sk\/wp-json\/wp\/v2\/product_brand?post=16370"},{"taxonomy":"product_cat","embeddable":true,"href":"https:\/\/www.hydraulic-cylinders.net\/sk\/wp-json\/wp\/v2\/product_cat?post=16370"},{"taxonomy":"product_tag","embeddable":true,"href":"https:\/\/www.hydraulic-cylinders.net\/sk\/wp-json\/wp\/v2\/product_tag?post=16370"}],"curies":[{"name":"pracovn\u00fd list","href":"https:\/\/api.w.org\/{rel}","templated":true}]}}