{"id":16380,"date":"2025-01-20T09:10:43","date_gmt":"2025-01-20T09:10:43","guid":{"rendered":"https:\/\/www.hydraulic-cylinders.net\/product\/arm-cylinderfor-sany-large-excavator-sy365\/"},"modified":"2025-01-20T09:10:45","modified_gmt":"2025-01-20T09:10:45","slug":"arm-cylinderfor-sany-large-excavator-sy365","status":"publish","type":"product","link":"https:\/\/www.hydraulic-cylinders.net\/sk\/produkt\/arm-cylinderfor-sany-large-excavator-sy365\/","title":{"rendered":"Valec ramena pre ve\u013ek\u00e9 r\u00fdpadlo Sany SY365"},"content":{"rendered":"<p>Valec ramena pre ve\u013ek\u00e9 r\u00fdpadlo Sany SY365 \u2013 V\u0161etko, \u010do potrebujete vedie\u0165<\/p>\n<h2>\u00davod<\/h2>\n<h3>Defin\u00edcia produktu<\/h3>\n<p>Hydraulick\u00fd valec ramena je \u0161peci\u00e1lne navrhnut\u00fd hydraulick\u00fd valec, ktor\u00fd sa pou\u017e\u00edva predov\u0161etk\u00fdm na zabezpe\u010denie line\u00e1rneho pohybu a v\u00fdkonu ramien r\u00f4znych typov strojov, ako s\u00fa r\u00fdpadl\u00e1, \u017eeriavy a robotick\u00e9 ramen\u00e1. Valce ramena zohr\u00e1vaj\u00fa k\u013e\u00fa\u010dov\u00fa \u00falohu v hydraulick\u00fdch syst\u00e9moch, preto\u017ee umo\u017e\u0148uj\u00fa efekt\u00edvny pohyb a ovl\u00e1danie \u010fal\u0161\u00edch n\u00e1strojov alebo pr\u00edslu\u0161enstva. Tieto valce nielen zabezpe\u010duj\u00fa plynul\u00fd pohyb, ale tie\u017e odol\u00e1vaj\u00fa \u0165a\u017ek\u00fdm za\u0165a\u017eeniam, \u010d\u00edm zabezpe\u010duj\u00fa efekt\u00edvnu prev\u00e1dzku a spo\u013eahlivos\u0165 strojov v r\u00f4znych pracovn\u00fdch podmienkach. <\/p>\n<p><img decoding=\"async\" src=\"https:\/\/www.hydraulic-cylinders.net\/wp-content\/uploads\/2025\/01\/songte-company-2.webp\"><\/p>\n<h3>Vlastnosti produktu<\/h3>\n<p>Valec ramena pre ve\u013ek\u00e9 r\u00fdpadlo Sany SY365 m\u00e1 nasleduj\u00face vlastnosti:<\/p>\n<ul>\n<li><strong>Vysoko\u00fa\u010dinn\u00fd pohon:<\/strong> Valce ramena poskytuj\u00fa siln\u00fd line\u00e1rny pohyb a silu, \u010d\u00edm zabezpe\u010duj\u00fa vysokov\u00fdkonn\u00fa prev\u00e1dzku mechanick\u00e9ho ramena pri r\u00f4znych oper\u00e1ci\u00e1ch.<\/li>\n<li><strong>Presn\u00e9 ovl\u00e1danie:<\/strong> Valce ramien dok\u00e1\u017eu dosiahnu\u0165 presn\u00e9 riadenie pohybu pomocou hydraulick\u00fdch syst\u00e9mov, \u010d\u00edm sa ovl\u00e1danie \u010fal\u0161\u00edch n\u00e1strojov st\u00e1va flexibilnej\u0161\u00edm a presnej\u0161\u00edm.<\/li>\n<li><strong>Odoln\u00e9:<\/strong> Valce ramien s\u00fa zvy\u010dajne vyroben\u00e9 z vysokopevnostn\u00fdch materi\u00e1lov s dobrou odolnos\u0165ou proti opotrebovaniu a kor\u00f3zii, v\u010faka \u010domu s\u00fa vhodn\u00e9 na dlhodob\u00e9 pou\u017e\u00edvanie v n\u00e1ro\u010dn\u00fdch podmienkach.<\/li>\n<li><strong>Multifunk\u010dn\u00e1 prisp\u00f4sobivos\u0165:<\/strong> Tieto valce sa daj\u00fa \u0161iroko pou\u017e\u00edva\u0165 v r\u00f4znych mechanick\u00fdch zariadeniach, ako s\u00fa bagre, \u017eeriavy a robotick\u00e9 ramen\u00e1, a prisp\u00f4sobuj\u00fa sa r\u00f4znym po\u017eiadavk\u00e1m pr\u00e1ce.<\/li>\n<li><strong>Jednoduch\u00e1 \u00fadr\u017eba:<\/strong> Kon\u0161trukcia zoh\u013ead\u0148uje jednoduch\u00fa \u00fadr\u017ebu a v\u00fdmenu, \u010d\u00edm sa u\u013eah\u010duje pravideln\u00e1 kontrola a \u00fadr\u017eba a skracuj\u00fa sa prestoje zariaden\u00ed.<\/li>\n<\/ul>\n<p>Tento produkt vieme vyrobi\u0165 a dok\u00e1\u017ee dokonale nahradi\u0165 tieto hydraulick\u00e9 valce.<\/p>\n<p><img decoding=\"async\" src=\"https:\/\/www.hydraulic-cylinders.net\/wp-content\/uploads\/2025\/01\/songte-oil-pipes-and-spare-parts.webp\"><\/p>\n<h3>Aplik\u00e1cie produktov<\/h3>\n<p>Valec ramena pre ve\u013ek\u00e9 r\u00fdpadlo Sany SY365 sa d\u00e1 pou\u017ei\u0165 v r\u00f4znych odvetviach a scen\u00e1roch:<\/p>\n<h4>Stavebn\u00edctvo<\/h4>\n<p>V r\u00fdpadl\u00e1ch a \u017eeriavoch ovl\u00e1daj\u00fa valce ramena pohyb ly\u017eice alebo v\u00fdlo\u017en\u00edka, \u010do umo\u017e\u0148uje zemn\u00e9 pr\u00e1ce, manipul\u00e1ciu s materi\u00e1lom a mont\u00e1\u017e kon\u0161trukci\u00ed.<\/p>\n<h4>V\u00fdroba<\/h4>\n<p>V automatizovan\u00fdch v\u00fdrobn\u00fdch link\u00e1ch riadia valce ramien pohyb robotick\u00fdch ramien, vykon\u00e1vaj\u00fa mont\u00e1\u017ene, zv\u00e1racie a manipula\u010dn\u00e9 \u00falohy, \u010d\u00edm zvy\u0161uj\u00fa efektivitu a presnos\u0165.<\/p>\n<h4>Po\u013enohospod\u00e1rske stroje<\/h4>\n<p>V po\u013enohospod\u00e1rskych strojoch, ako s\u00fa zbera\u010de a seja\u010dky, riadia valce ramien pohyb ovl\u00e1dac\u00edch ramien a vykon\u00e1vaj\u00fa \u00falohy, ako je siatie, hnojenie a zber \u00farody.<\/p>\n<h4>\u0164a\u017eba<\/h4>\n<p>V bansk\u00fdch zariadeniach ovl\u00e1daj\u00fa valce ramien pohyb ramena bansk\u00e9ho zariadenia, \u010d\u00edm sa vykon\u00e1va \u0165a\u017eba a preprava nerastov.<\/p>\n<h4>Logistika a doprava<\/h4>\n<p>Vo vysokozdvi\u017en\u00fdch voz\u00edkoch a manipula\u010dn\u00fdch robotoch riadia valce ramien zdv\u00edhanie a pohyb n\u00e1kladu, \u010d\u00edm sa realizuje manipul\u00e1cia s materi\u00e1lom a jeho stohovanie.<\/p>\n<h3>\u00davahy o dizajne produktu a \u0161tandardy v\u00fdberu<\/h3>\n<p>Z kon\u0161truk\u010dn\u00fdch h\u013ead\u00edsk mus\u00ed ma\u0165 valec ramena pre ve\u013ek\u00e9 r\u00fdpadlo Sany SY365 nasleduj\u00face vlastnosti:<\/p>\n<ul>\n<li><strong>Nosnos\u0165:<\/strong> Valec ramena mus\u00ed ma\u0165 dostato\u010dn\u00fa pevnos\u0165, aby uniesol hmotnos\u0165 zariadenia a za\u0165a\u017eenie, ktor\u00e9 nesie.<\/li>\n<li><strong>Tesnenie:<\/strong> Na zabezpe\u010denie tesniaceho \u00fa\u010dinku valca sa pou\u017e\u00edvaj\u00fa r\u00f4zne tesniace prvky, ako s\u00fa tesnenia piestov, tesnenia ty\u010d\u00ed at\u010f., ktor\u00e9 zabra\u0148uj\u00fa \u00faniku hydraulick\u00e9ho oleja a zabezpe\u010duj\u00fa \u017eivotnos\u0165 valca.<\/li>\n<li><strong>Trvanlivos\u0165:<\/strong> Valec mus\u00ed by\u0165 vyroben\u00fd z vysoko kvalitn\u00fdch materi\u00e1lov, aby sa zabezpe\u010dila jeho odolnos\u0165, odolnos\u0165 vo\u010di vysok\u00e9mu tlaku a teplot\u00e1m a odolnos\u0165 vo\u010di oderu a kor\u00f3zii.<\/li>\n<li><strong>Bezpe\u010dnos\u0165:<\/strong> Valec mus\u00ed fungova\u0165 bezpe\u010dne, aby sa predi\u0161lo vzniku por\u00fach a neh\u00f4d a aby sa zabezpe\u010dila bezpe\u010dnos\u0165 zariadenia a person\u00e1lu.<\/li>\n<li><strong>Udr\u017eiavate\u013enos\u0165:<\/strong> Valec mus\u00ed by\u0165 \u013eahko udr\u017eiavate\u013en\u00fd a opravovate\u013en\u00fd, aby sa zn\u00ed\u017eili prestoje zariadenia, n\u00e1klady na \u00fadr\u017ebu a zabezpe\u010dila sa dlhodob\u00e1 prev\u00e1dzka zariadenia.<\/li>\n<\/ul>\n<p><img decoding=\"async\" src=\"https:\/\/www.hydraulic-cylinders.net\/wp-content\/uploads\/2025\/01\/songte-cylinder-head-with-all-kinds-excavator-models.webp\"><\/p>\n<h3>Tesnenie a mazanie produktu<\/h3>\n<p>Na zabezpe\u010denie tesniaceho \u00fa\u010dinku valca sa pou\u017e\u00edvaj\u00fa r\u00f4zne tesniace prvky, ako s\u00fa tesnenia piestov, tesnenia ty\u010d\u00ed at\u010f., ktor\u00e9 zabra\u0148uj\u00fa \u00faniku hydraulick\u00e9ho oleja a zabezpe\u010duj\u00fa \u017eivotnos\u0165 valca. Tesniace prvky s\u00fa vyroben\u00e9 z materi\u00e1lov odoln\u00fdch vo\u010di opotrebovaniu, ako je polyuret\u00e1n a nitrilov\u00fd kau\u010duk. <\/p>\n<p>Teleso valca a z\u00e1vitov\u00fd \u010deln\u00fd povrch s\u00fa prec\u00edzne opracovan\u00e9, \u010do zlep\u0161uje ich odolnos\u0165 proti opotrebovaniu. Pravideln\u00e9 mazanie vhodn\u00fdm mno\u017estvom hydraulick\u00e9ho oleja je nevyhnutn\u00e9 pre zabezpe\u010denie hladk\u00e9ho chodu a pred\u013a\u017eenie \u017eivotnosti valca.<\/p>\n<h3>Pravideln\u00e1 kontrola a opatrenia prevent\u00edvnej \u00fadr\u017eby<\/h3>\n<p>Valec ramena pre ve\u013ek\u00e9 r\u00fdpadlo Sany SY365 mus\u00ed podlieha\u0165 pravideln\u00fdm kontrol\u00e1m a prevent\u00edvnym \u00fadr\u017eb\u00e1rskym opatreniam vr\u00e1tane:<\/p>\n<ul>\n<li>Pravideln\u00e1 kontrola a v\u00fdmena tesniacich prvkov.<\/li>\n<li>Pravideln\u00e1 kontrola a v\u00fdmena piestnych ty\u010d\u00ed a valcov.<\/li>\n<li>Pravideln\u00e1 kontrola a v\u00fdmena hydraulick\u00e9ho oleja.<\/li>\n<li>Pravideln\u00e1 v\u00fdmena po\u0161koden\u00fdch komponentov, ako s\u00fa matice, skrutky at\u010f.<\/li>\n<li>Pravideln\u00e9 u\u0165ahovanie v\u0161etk\u00fdch spojov a upev\u0148ovac\u00edch prvkov.<\/li>\n<\/ul>\n<h3>Sprievodca in\u0161tal\u00e1ciou produktu<\/h3>\n<p>In\u0161tal\u00e1cia valca ramena pre ve\u013ek\u00e9 r\u00fdpadlo Sany SY365 vy\u017eaduje odborn\u00e9 zru\u010dnosti a techniky. Postupujte pod\u013ea nasleduj\u00facich krokov:<\/p>\n<ol>\n<li>Star\u00fa f\u013ea\u0161u zo stroja opatrne a bezpe\u010dne vyberte.<\/li>\n<li>O\u010distite mont\u00e1\u017eny povrch a uistite sa, \u017ee je hladk\u00fd a bez hrdze a ne\u010dist\u00f4t.<\/li>\n<li>Nain\u0161talujte nov\u00fd valec ramena a utiahnite skrutky pod\u013ea pokynov v\u00fdrobcu.<\/li>\n<li>Pripojte hydraulick\u00e9 hadice a skontrolujte ich tesnos\u0165.<\/li>\n<li>Pred pou\u017eit\u00edm valca ramena na stroji otestujte jeho funkciu.<\/li>\n<\/ol>\n<p><img decoding=\"async\" src=\"https:\/\/www.hydraulic-cylinders.net\/wp-content\/uploads\/2025\/01\/songte-bushings-with-all-kinds-of-excavator-models.webp\"><\/p>\n<h3>Aspekty bezpe\u010dnosti v\u00fdrobkov a environment\u00e1lne faktory<\/h3>\n<p>Pri obsluhe valca s ramenom pr\u00edsne dodr\u017eiavajte bezpe\u010dnostn\u00e9 predpisy a pokyny. V pr\u00edpade potreby noste ochrann\u00e9 pom\u00f4cky, ako s\u00fa rukavice, ochrann\u00e9 okuliare a prilba. Neprekra\u010dujte maxim\u00e1lnu nosnos\u0165 valca a vyh\u00fdbajte sa pre\u0165a\u017eeniu alebo n\u00e1hlym n\u00e1razom.<\/p>\n<p>Valec ramena pre ve\u013ek\u00e9 r\u00fdpadlo Sany SY365 je ekologick\u00fd v\u00fdrobok vyroben\u00fd z recyklovate\u013en\u00fdch materi\u00e1lov a navrhnut\u00fd pre efekt\u00edvnu a energeticky \u00fasporn\u00fa prev\u00e1dzku. Je v s\u00falade s medzin\u00e1rodn\u00fdmi environment\u00e1lnymi predpismi a normami.<\/p>\n<h3>Diagnostika por\u00fach produktu a be\u017en\u00e9 probl\u00e9my<\/h3>\n<p>Medzi be\u017en\u00e9 poruchy a probl\u00e9my valca ramena pre ve\u013ek\u00e9 r\u00fdpadlo Sany SY365 patria:<\/p>\n<ul>\n<li>\u00danik oleja<\/li>\n<li>Hluk po\u010das prev\u00e1dzky<\/li>\n<li>Pomal\u00fd pohyb alebo \u017eiadny pohyb<\/li>\n<li>Nadmern\u00e9 vibr\u00e1cie<\/li>\n<li>Nedostato\u010dn\u00fd v\u00fdkon alebo sila<\/li>\n<\/ul>\n<h3>Tipy a rie\u0161enia na rie\u0161enie por\u00fach<\/h3>\n<p>Ak sa vyskytn\u00fa probl\u00e9my s valcom ramena, postupujte pod\u013ea nasleduj\u00facich tipov:<\/p>\n<ul>\n<li>Skontrolujte hydraulick\u00fd syst\u00e9m, \u010di v \u0148om nedoch\u00e1dza k \u00faniku oleja alebo k upchatiu, a v pr\u00edpade potreby vyme\u0148te hydraulick\u00fd olej.<\/li>\n<li>Skontrolujte tesniace prvky, \u010di nie s\u00fa po\u0161koden\u00e9 alebo opotrebovan\u00e9, a v pr\u00edpade potreby ich vyme\u0148te.<\/li>\n<li>Skontrolujte piestnu ty\u010d a valec valca, \u010di nie s\u00fa po\u0161koden\u00e9, a v pr\u00edpade potreby ich vyme\u0148te.<\/li>\n<li>Skontrolujte tesnos\u0165 hydraulick\u00fdch had\u00edc a spojov a v pr\u00edpade potreby ich opravte alebo vyme\u0148te.<\/li>\n<li>Skontrolujte upev\u0148ovacie prvky a v pr\u00edpade potreby ich dotiahnite.<\/li>\n<\/ul>\n<h3>O spolo\u010dnosti<\/h3>\n<p>Sme profesion\u00e1lny v\u00fdrobca n\u00e1hradn\u00fdch hydraulick\u00fdch valcov, \u0161pecializuj\u00faci sa na \u0161irok\u00fa \u0161k\u00e1lu produktov a st\u00e1vaj\u00faci sa jedn\u00fdm z popredn\u00fdch v\u00fdrobcov a ve\u013ekoobchodn\u00fdch distrib\u00fatorov hydraulick\u00fdch valcov na dom\u00e1com aj medzin\u00e1rodnom trhu. V\u017edy dodr\u017eiavame princ\u00edp excelentnosti v kvalite, spoliehame sa na strat\u00e9giu riadenia priemyselnej v\u00fdroby v jemn\u00fdch v\u00fdrobn\u00fdch diel\u0148ach, neust\u00e1le zlep\u0161ujeme technologick\u00fa \u00farove\u0148 a efekt\u00edvnos\u0165 v\u00fdroby. Zav\u00e1dzan\u00edm \u0161pi\u010dkov\u00fdch digit\u00e1lnych v\u00fdrobn\u00fdch zariaden\u00ed a profesion\u00e1lnych testovac\u00edch syst\u00e9mov neust\u00e1le optimalizujeme v\u00fdrobn\u00fa platformu, zlep\u0161ujeme proces kontroly kvality v\u00fdrobkov a m\u00e1me siln\u00e9 inova\u010dn\u00e9 schopnosti. Na\u0161\u00edm cie\u013eom je uspokoji\u0165 rozmanit\u00e9 potreby z\u00e1kazn\u00edkov na z\u00e1klade princ\u00edpov efekt\u00edvnosti, presnosti a vysokej kvality.<\/p>\n<p><img decoding=\"async\" src=\"https:\/\/www.hydraulic-cylinders.net\/wp-content\/uploads\/2025\/01\/songte-company-4.webp\"><br \/>\n<img decoding=\"async\" src=\"https:\/\/www.hydraulic-cylinders.net\/wp-content\/uploads\/2025\/01\/songte-company-3.webp\"><\/p>\n<h3>Na\u0161e slu\u017eby<\/h3>\n<ul>\n<li><strong>Profesionalita:<\/strong> M\u00e1me t\u00edm sk\u00fasen\u00fdch in\u017einierov a technikov, ktor\u00ed dok\u00e1\u017eu poskytn\u00fa\u0165 profesion\u00e1lnu a komplexn\u00fa podporu.<\/li>\n<li><strong>Medzin\u00e1rodn\u00e1 certifik\u00e1cia:<\/strong> Na\u0161e v\u00fdrobky sp\u013a\u0148aj\u00fa medzin\u00e1rodn\u00e9 normy a certifik\u00e1cie, ako s\u00fa ISO9001, CE a ROHS.<\/li>\n<li><strong>Prisp\u00f4sobenie:<\/strong> Poskytujeme slu\u017eby na mieru pod\u013ea po\u017eiadaviek z\u00e1kazn\u00edkov vr\u00e1tane ve\u013ekosti, materi\u00e1lov a \u010fal\u0161\u00edch \u0161pecifik\u00e1ci\u00ed.<\/li>\n<li><strong>V\u00fdrobn\u00e9 vybavenie:<\/strong> Disponujeme modern\u00fdm vybaven\u00edm, ako s\u00fa CNC s\u00fastruhy, fr\u00e9zky a br\u00fasky, aby sme zabezpe\u010dili presn\u00fa a efekt\u00edvnu v\u00fdrobu.<\/li>\n<li><strong>Popredajn\u00fd servis:<\/strong> Poskytujeme vysokokvalitn\u00fd popredajn\u00fd servis vr\u00e1tane technickej podpory, z\u00e1ruky na produkty a opr\u00e1v.<\/li>\n<\/ul>\n<h3>Z\u00e1ver<\/h3>\n<p>Z\u00e1verom mo\u017eno poveda\u0165, \u017ee valec ramena pre ve\u013ek\u00e9 r\u00fdpadlo Sany SY365 je k\u013e\u00fa\u010dovou s\u00fa\u010das\u0165ou hydraulick\u00fdch syst\u00e9mov, ktor\u00fd zabezpe\u010duje line\u00e1rny pohyb a v\u00fdkon mechanick\u00e9ho ramena, \u010do umo\u017e\u0148uje r\u00f4zne oper\u00e1cie v r\u00f4znych odvetviach a scen\u00e1roch. V\u010faka svojim vlastnostiam, ako je vysok\u00e1 \u00fa\u010dinnos\u0165, presn\u00e9 ovl\u00e1danie, odolnos\u0165, multifunk\u010dn\u00e1 prisp\u00f4sobivos\u0165 a jednoduch\u00e1 \u00fadr\u017eba, sa stal nevyhnutn\u00fdm produktom v stroj\u00e1rskom priemysle. Ako profesion\u00e1lny v\u00fdrobca n\u00e1hradn\u00fdch hydraulick\u00fdch valcov sa v\u017edy sna\u017e\u00edme o dokonalos\u0165 a poskytujeme vysokokvalitn\u00e9 produkty a slu\u017eby, aby sme uspokojili rozmanit\u00e9 potreby na\u0161ich z\u00e1kazn\u00edkov. <\/p>\n<p><em>Autor: lyl<\/em><\/p>","protected":false},"excerpt":{"rendered":"<p>Arm Cylinder for Sany Large Excavator SY365 &#8211; All You Need to Know Introduction Product Definition An arm cylinder is a specially designed hydraulic cylinder used primarily to provide linear motion and power to various types of machinery&#8217;s arm, such as excavators, cranes, and robotic arms. Arm cylinders play a critical role in hydraulic systems, [&hellip;]<\/p>","protected":false},"featured_media":14772,"comment_status":"open","ping_status":"closed","template":"","meta":{"_et_pb_use_builder":"","_et_pb_old_content":"","_et_gb_content_width":""},"product_brand":[],"product_cat":[1497],"product_tag":[1498,1496],"class_list":{"0":"post-16380","1":"product","2":"type-product","3":"status-publish","4":"has-post-thumbnail","6":"product_cat-arm-cylinders","7":"product_tag-arm-cylinders","8":"product_tag-hydraulic-cylinders","10":"first","11":"instock","12":"shipping-taxable","13":"product-type-simple"},"amp_enabled":true,"_links":{"self":[{"href":"https:\/\/www.hydraulic-cylinders.net\/sk\/wp-json\/wp\/v2\/product\/16380","targetHints":{"allow":["GET"]}}],"collection":[{"href":"https:\/\/www.hydraulic-cylinders.net\/sk\/wp-json\/wp\/v2\/product"}],"about":[{"href":"https:\/\/www.hydraulic-cylinders.net\/sk\/wp-json\/wp\/v2\/types\/product"}],"replies":[{"embeddable":true,"href":"https:\/\/www.hydraulic-cylinders.net\/sk\/wp-json\/wp\/v2\/comments?post=16380"}],"wp:featuredmedia":[{"embeddable":true,"href":"https:\/\/www.hydraulic-cylinders.net\/sk\/wp-json\/wp\/v2\/media\/14772"}],"wp:attachment":[{"href":"https:\/\/www.hydraulic-cylinders.net\/sk\/wp-json\/wp\/v2\/media?parent=16380"}],"wp:term":[{"taxonomy":"product_brand","embeddable":true,"href":"https:\/\/www.hydraulic-cylinders.net\/sk\/wp-json\/wp\/v2\/product_brand?post=16380"},{"taxonomy":"product_cat","embeddable":true,"href":"https:\/\/www.hydraulic-cylinders.net\/sk\/wp-json\/wp\/v2\/product_cat?post=16380"},{"taxonomy":"product_tag","embeddable":true,"href":"https:\/\/www.hydraulic-cylinders.net\/sk\/wp-json\/wp\/v2\/product_tag?post=16380"}],"curies":[{"name":"pracovn\u00fd list","href":"https:\/\/api.w.org\/{rel}","templated":true}]}}