{"id":16385,"date":"2025-01-20T09:11:13","date_gmt":"2025-01-20T09:11:13","guid":{"rendered":"https:\/\/www.hydraulic-cylinders.net\/product\/arm-cylinderfor-sany-large-excavator-sy365h-9\/"},"modified":"2025-01-20T09:11:15","modified_gmt":"2025-01-20T09:11:15","slug":"arm-cylinderfor-sany-large-excavator-sy365h-9","status":"publish","type":"product","link":"https:\/\/www.hydraulic-cylinders.net\/sk\/produkt\/arm-cylinderfor-sany-large-excavator-sy365h-9\/","title":{"rendered":"Valec ramena pre ve\u013ek\u00e9 r\u00fdpadlo Sany SY365H-9"},"content":{"rendered":"<p>Valec ramena pre ve\u013ek\u00e9 r\u00fdpadlo Sany SY365H-9: Defin\u00edcia a vysvetlenie<\/p>\n<h2>\u00davod<\/h2>\n<h3>\u010co je to valec ramena?<\/h3>\n<p>Hydraulick\u00fd valec ramena je \u0161pecializovan\u00fd hydraulick\u00fd valec, ktor\u00fd sa prim\u00e1rne pou\u017e\u00edva na zabezpe\u010denie line\u00e1rneho pohybu a v\u00fdkonu ramena r\u00f4znych typov strojov, ako s\u00fa r\u00fdpadl\u00e1, \u017eeriavy a mechanick\u00e9 ramen\u00e1. Valec ramena hr\u00e1 k\u013e\u00fa\u010dov\u00fa \u00falohu v hydraulickom syst\u00e9me, preto\u017ee umo\u017e\u0148uje efekt\u00edvny pohyb a ovl\u00e1danie dodato\u010dn\u00fdch n\u00e1strojov alebo pr\u00edslu\u0161enstva. Tieto valce nielen dosahuj\u00fa plynul\u00fd pohyb, ale tie\u017e odol\u00e1vaj\u00fa \u0165a\u017ek\u00fdm za\u0165a\u017eeniam, \u010d\u00edm zabezpe\u010duj\u00fa efekt\u00edvnu prev\u00e1dzku a spo\u013eahlivos\u0165 strojov za r\u00f4znych prev\u00e1dzkov\u00fdch podmienok.<\/p>\n<p><img decoding=\"async\" src=\"https:\/\/www.hydraulic-cylinders.net\/wp-content\/uploads\/2025\/01\/songte-company-2.webp\" alt=\"Valec ramena\"><\/p>\n<h3>K\u013e\u00fa\u010dov\u00e9 vlastnosti valca ramena<\/h3>\n<li>\n<h4>Vysoko\u00fa\u010dinn\u00fd prevod:<\/h4>\n<p> Valec ramena poskytuje siln\u00fd line\u00e1rny pohyb a silu, \u010d\u00edm zais\u0165uje vysoko\u00fa\u010dinn\u00fd v\u00fdkon mechanick\u00e9ho ramena pri r\u00f4znych oper\u00e1ci\u00e1ch.<\/li>\n<li>\n<h4>Presn\u00e9 ovl\u00e1danie:<\/h4>\n<p> V\u010faka hydraulick\u00e9mu syst\u00e9mu dok\u00e1\u017ee valec ramena dosiahnu\u0165 presn\u00e9 ovl\u00e1danie pohybu, v\u010faka \u010domu je obsluha \u010fal\u0161\u00edch n\u00e1strojov flexibilnej\u0161ia a presnej\u0161ia.<\/li>\n<li>\n<h4>Siln\u00e1 trvanlivos\u0165:<\/h4>\n<p> Valce ramien s\u00fa zvy\u010dajne vyroben\u00e9 z vysoko pevn\u00fdch materi\u00e1lov, maj\u00fa dobr\u00fa odolnos\u0165 vo\u010di opotrebovaniu a kor\u00f3zii a s\u00fa vhodn\u00e9 na dlhodob\u00e9 pou\u017e\u00edvanie v n\u00e1ro\u010dn\u00fdch podmienkach.<\/li>\n<li>\n<h4>Multifunk\u010dn\u00e1 prisp\u00f4sobivos\u0165:<\/h4>\n<p> Tieto valce sa daj\u00fa \u0161iroko pou\u017e\u00edva\u0165 v r\u00f4znych mechanick\u00fdch zariadeniach, ako s\u00fa bagre, \u017eeriavy a mechanick\u00e9 ramen\u00e1, aby sa prisp\u00f4sobili r\u00f4znym po\u017eiadavk\u00e1m pr\u00e1ce.<\/li>\n<li>\n<h4>Jednoduch\u00e1 \u00fadr\u017eba:<\/h4>\n<p> Kon\u0161trukcia zoh\u013ead\u0148uje jednoduch\u00fa \u00fadr\u017ebu a v\u00fdmenu, \u010d\u00edm sa u\u013eah\u010duj\u00fa pravideln\u00e9 kontroly a \u00fadr\u017eba a skracuj\u00fa sa prestoje zariaden\u00ed.<\/li>\n<p><img decoding=\"async\" src=\"https:\/\/www.hydraulic-cylinders.net\/wp-content\/uploads\/2025\/01\/songte-oil-pipes-and-spare-parts.webp\" alt=\"\u010casti valca ramena\"><\/p>\n<h3>Scen\u00e1re pou\u017eitia ramenn\u00e9ho valca<\/h3>\n<li>\n<h4>Stavebn\u00e9 in\u017einierstvo:<\/h4>\n<p> V r\u00fdpadl\u00e1ch a \u017eeriavoch sa valec ramena pou\u017e\u00edva na ovl\u00e1danie pohybu vedra alebo v\u00fdlo\u017en\u00edka pri zemn\u00fdch pr\u00e1cach, manipul\u00e1cii s materi\u00e1lom a in\u0161tal\u00e1cii kon\u0161trukci\u00ed.<\/li>\n<li>\n<h4>V\u00fdrobn\u00fd priemysel:<\/h4>\n<p> V automatizovan\u00fdch v\u00fdrobn\u00fdch link\u00e1ch sa valec ramena pou\u017e\u00edva na pohyb mechanick\u00fdch ramien, ako je mont\u00e1\u017e, zv\u00e1ranie a manipul\u00e1cia, s cie\u013eom zlep\u0161i\u0165 efektivitu a presnos\u0165 v\u00fdroby.<\/li>\n<li>\n<h4>Po\u013enohospod\u00e1rske stroje:<\/h4>\n<p> V po\u013enohospod\u00e1rskych strojoch, ako s\u00fa zbera\u010de a seja\u010dky, riadi valec ramena pohyb ovl\u00e1dacieho ramena na vykon\u00e1vanie \u00faloh, ako je siatie, hnojenie a zber \u00farody.<\/li>\n<li>\n<h4>\u0164a\u017eobn\u00fd priemysel:<\/h4>\n<p> V bansk\u00fdch zariadeniach sa valec ramena pou\u017e\u00edva na ovl\u00e1danie pohybu ramena bansk\u00fdch zariaden\u00ed na \u0165a\u017ebu a manipul\u00e1ciu s materi\u00e1lom.<\/li>\n<li>\n<h4>Logistika a doprava:<\/h4>\n<p> Vo vysokozdvi\u017en\u00fdch voz\u00edkoch a transportn\u00fdch robotoch sa valec ramena pou\u017e\u00edva na ovl\u00e1danie zdv\u00edhania a pohybu vidl\u00edc, \u010d\u00edm sa realizuje manipul\u00e1cia s materi\u00e1lom a stohovanie.<\/li>\n<h2>\u00davahy o dizajne a \u0161tandardy v\u00fdberu<\/h2>\n<h3>Nosnos\u0165<\/h3>\n<p>Nosnos\u0165 valca je ur\u010den\u00e1 priemerom piestnej ty\u010de, zdvihom valca a tlakom hydraulick\u00e9ho syst\u00e9mu. Je potrebn\u00e9 vybra\u0165 vhodn\u00fa nosnos\u0165 valca pod\u013ea skuto\u010dn\u00fdch potrieb zariadenia, aby sa zabezpe\u010dil stabiln\u00fd a spo\u013eahliv\u00fd v\u00fdkon.<\/p>\n<h3>Tesniaci v\u00fdkon<\/h3>\n<p>Tesniaci v\u00fdkon je k\u013e\u00fa\u010dov\u00fdm faktorom ovplyv\u0148uj\u00facim \u017eivotnos\u0165 a prev\u00e1dzkov\u00fa \u00fa\u010dinnos\u0165 valca. Je potrebn\u00e9 pou\u017ei\u0165 r\u00f4zne tesniace komponenty, ako s\u00fa tesnenia piestov a ty\u010d\u00ed vyroben\u00e9 z materi\u00e1lov odoln\u00fdch vo\u010di opotrebovaniu, ako je polyuret\u00e1n a nitrilov\u00fd kau\u010duk. Okrem toho s\u00fa teleso valca a povrch z\u00e1vitu jemne opracovan\u00e9, aby sa zlep\u0161ila odolnos\u0165 proti opotrebovaniu.<\/p>\n<h3>Trvanlivos\u0165 a bezpe\u010dnos\u0165<\/h3>\n<p>Trvanlivos\u0165 a bezpe\u010dnos\u0165 valca s\u00fa k\u013e\u00fa\u010dov\u00fdmi faktormi ovplyv\u0148uj\u00facimi prev\u00e1dzku zariadenia a bezpe\u010dnos\u0165 person\u00e1lu. Je potrebn\u00e9 vybra\u0165 valec vyroben\u00fd z vysokopevnostn\u00fdch materi\u00e1lov so spo\u013eahlivou kon\u0161trukciou a vynikaj\u00facou technol\u00f3giou zv\u00e1rania. Z\u00e1rove\u0148 by mal valec podst\u00fapi\u0165 pr\u00edsne testovanie, aby sa zabezpe\u010dila spo\u013eahliv\u00e1 kvalita a stabiln\u00fd v\u00fdkon.<\/p>\n<h3>\u00dadr\u017eba a opravy<\/h3>\n<p>\u00dadr\u017eba valca je nevyhnutn\u00fdm opatren\u00edm na zabezpe\u010denie jeho \u017eivotnosti. Je potrebn\u00e9 pravidelne dop\u013a\u0148a\u0165 hydraulick\u00fd olej vhodn\u00e9ho modelu a viskozity a pravidelne vymie\u0148a\u0165 hydraulick\u00fd olej a tesniace komponenty. Okrem toho je potrebn\u00e9 zabezpe\u010di\u0165 \u010distotu hydraulick\u00e9ho syst\u00e9mu a zabr\u00e1ni\u0165 vniknutiu ne\u010dist\u00f4t.<\/p>\n<p><img decoding=\"async\" src=\"https:\/\/www.hydraulic-cylinders.net\/wp-content\/uploads\/2025\/01\/songte-cylinder-head-with-all-kinds-excavator-models.webp\" alt=\"Hlava valcov\"><\/p>\n<h2>Tesnenie a mazanie valca ramena<\/h2>\n<p>Na zabezpe\u010denie spo\u013eahliv\u00e9ho utesnenia a mazania valca ramena je potrebn\u00e9 pou\u017ei\u0165 r\u00f4zne tesniace komponenty vyroben\u00e9 z materi\u00e1lov odoln\u00fdch proti opotrebeniu, ako s\u00fa tesnenia piestov, tesnenia ty\u010d\u00ed at\u010f. Teleso valca a povrch z\u00e1vitu prech\u00e1dzaj\u00fa jemn\u00fdm opracovan\u00edm a povrchovou \u00fapravou na zv\u00fd\u0161enie odolnosti proti opotrebeniu.<\/p>\n<p>Medzit\u00fdm by pr\u00edslu\u0161n\u00ed oper\u00e1tori mali pravidelne dop\u013a\u0148a\u0165 vhodn\u00fd hydraulick\u00fd olej, pravidelne vymie\u0148a\u0165 hydraulick\u00fd olej a tesniace komponenty a zabezpe\u010di\u0165 \u010distotu hydraulick\u00e9ho syst\u00e9mu.<\/p>\n<h2>Pravideln\u00e1 kontrola a opatrenia prevent\u00edvnej \u00fadr\u017eby<\/h2>\n<h3>Pravideln\u00e1 kontrola<\/h3>\n<p>Je potrebn\u00e9 pravidelne kontrolova\u0165 valec, \u010di nie je opotrebovan\u00fd, po\u0161koden\u00fd, deformovan\u00fd a nevykazuje in\u00e9 probl\u00e9my. Na z\u00e1klade v\u00fdsledkov kontroly sa rozhodnite, \u010di valec oprav\u00edte alebo vymen\u00edte.<\/p>\n<h3>Opatrenia prevent\u00edvnej \u00fadr\u017eby<\/h3>\n<p>Je potrebn\u00e9 pravidelne dop\u013a\u0148a\u0165 vhodn\u00fd hydraulick\u00fd olej, pravidelne vymie\u0148a\u0165 hydraulick\u00fd olej a tesniace komponenty a zabezpe\u010di\u0165 \u010distotu hydraulick\u00e9ho syst\u00e9mu. Okrem toho je potrebn\u00e9 zabezpe\u010di\u0165 spr\u00e1vnu in\u0161tal\u00e1ciu a prev\u00e1dzku valca a zabr\u00e1ni\u0165 pre\u0165a\u017eeniu a po\u0161kodeniu n\u00e1razom.<\/p>\n<p><img decoding=\"async\" src=\"https:\/\/www.hydraulic-cylinders.net\/wp-content\/uploads\/2025\/01\/songte-chushion-collar.webp\" alt=\"Vank\u00fa\u0161ov\u00fd golier\"><\/p>\n<h2>Pokyny na in\u0161tal\u00e1ciu valca ramena<\/h2>\n<h3>Pr\u00edprava<\/h3>\n<p>Pred in\u0161tal\u00e1ciou je potrebn\u00e9 skontrolova\u0165, \u010di valec sp\u013a\u0148a po\u017eiadavky na pou\u017eitie, \u010di s\u00fa upev\u0148ovacie prvky kompletn\u00e9 a spo\u013eahliv\u00e9 a \u010di je mont\u00e1\u017ena poloha a smer spr\u00e1vny.<\/p>\n<h3>In\u0161tal\u00e1cia<\/h3>\n<p>Pri mont\u00e1\u017ei valca je potrebn\u00e9 zarovna\u0165 stredov\u00fa \u010diaru piestnej ty\u010de so stredovou \u010diarou pohyblivej \u010dasti, aby sa zabezpe\u010dil plynul\u00fd pohyb piestnej ty\u010de bez vych\u00fdlenia. Taktie\u017e je potrebn\u00e9 zabezpe\u010di\u0165 dostato\u010dn\u00e9 mazanie po\u010das mont\u00e1\u017ee.<\/p>\n<h3>Uvedenie do prev\u00e1dzky<\/h3>\n<p>Po in\u0161tal\u00e1cii je potrebn\u00e9 skontrolova\u0165, \u010di je prev\u00e1dzka valca norm\u00e1lna, \u010di nedoch\u00e1dza k \u00faniku alebo abnorm\u00e1lnemu hluku a \u010di je tlmiaci \u00fa\u010dinok spo\u013eahliv\u00fd.<\/p>\n<h2>Bezpe\u010dnostn\u00e9 aspekty a faktory prostredia<\/h2>\n<p>Pri pou\u017e\u00edvan\u00ed valca s ramenom je potrebn\u00e9 dba\u0165 na bezpe\u010dnos\u0165 person\u00e1lu a zariaden\u00ed a prija\u0165 pr\u00edslu\u0161n\u00e9 opatrenia na predch\u00e1dzanie nehod\u00e1m. Napr\u00edklad je potrebn\u00e9 vyhn\u00fa\u0165 sa pre\u0165a\u017eeniu a po\u0161kodeniu n\u00e1razom, zabezpe\u010di\u0165 spr\u00e1vnu in\u0161tal\u00e1ciu a prev\u00e1dzku valca a pravidelne kontrolova\u0165 a udr\u017eiava\u0165 valec.<\/p>\n<p>Pokia\u013e ide o faktory prostredia, je potrebn\u00e9 pou\u017e\u00edva\u0165 vhodn\u00fd hydraulick\u00fd olej, zabezpe\u010di\u0165 \u010distotu hydraulick\u00e9ho syst\u00e9mu a zabr\u00e1ni\u0165 vniknutiu ne\u010dist\u00f4t, ktor\u00e9 m\u00f4\u017eu sp\u00f4sobi\u0165 zne\u010distenie \u017eivotn\u00e9ho prostredia.<\/p>\n<h2>Rie\u0161enie probl\u00e9mov a be\u017en\u00e9 probl\u00e9my<\/h2>\n<h3>Tipy a rie\u0161enia probl\u00e9mov<\/h3>\n<p>Ke\u010f d\u00f4jde k poruche valca ramena, je potrebn\u00e9 identifikova\u0165 pr\u00ed\u010dinu probl\u00e9mu prostredn\u00edctvom rie\u0161enia probl\u00e9mov a prija\u0165 pr\u00edslu\u0161n\u00e9 opatrenia na jeho vyrie\u0161enie. Napr\u00edklad, ak sa vyskytne probl\u00e9m s \u00fanikom, je potrebn\u00e9 zisti\u0165, \u010di je probl\u00e9m sp\u00f4soben\u00fd po\u0161koden\u00fdm tesniacim prvkom alebo po\u0161koden\u00fdm telesom valca, a potom vymeni\u0165 alebo opravi\u0165 probl\u00e9mov\u00fd diel.<\/p>\n<h3>Prevent\u00edvne opatrenia<\/h3>\n<p>Na zn\u00ed\u017eenie potenci\u00e1lnych probl\u00e9mov je potrebn\u00e9 zabezpe\u010di\u0165 pravideln\u00fa \u00fadr\u017ebu a kontrolu valca, zabr\u00e1ni\u0165 pre\u0165a\u017eeniu a po\u0161kodeniu n\u00e1razom a zabezpe\u010di\u0165 spr\u00e1vnu in\u0161tal\u00e1ciu a prev\u00e1dzku valca.<\/p>\n<p><img decoding=\"async\" src=\"https:\/\/www.hydraulic-cylinders.net\/wp-content\/uploads\/2025\/01\/songte-bushings-with-all-kinds-of-excavator-models.webp\" alt=\"Puzdr\u00e1\"><\/p>\n<h2>O na\u0161ej spolo\u010dnosti<\/h2>\n<p>Sme profesion\u00e1lny v\u00fdrobca alternat\u00edvnych hydraulick\u00fdch valcov so \u0161irokou \u0161k\u00e1lou produktov a stali sme sa jedn\u00fdm z popredn\u00fdch v\u00fdrobcov a ve\u013ekoobchodn\u00fdch distrib\u00fatorov hydraulick\u00fdch valcov doma aj v zahrani\u010d\u00ed. V\u017edy dodr\u017eiavame princ\u00edpy excelentnosti, spoliehame sa na strat\u00e9giu industrializovan\u00e9ho riadenia v\u00fdroby sofistikovanej v\u00fdrobnej dielne a neust\u00e1le zlep\u0161ujeme na\u0161u technologick\u00fa \u00farove\u0148 a efektivitu v\u00fdroby.<\/p>\n<p>Zav\u00e1dzan\u00edm pokro\u010dil\u00fdch digit\u00e1lnych v\u00fdrobn\u00fdch zariaden\u00ed a profesion\u00e1lnych testovac\u00edch syst\u00e9mov neust\u00e1le optimalizujeme v\u00fdrobn\u00fa platformu, zlep\u0161ujeme proces kontroly kvality a m\u00e1me siln\u00fa inova\u010dn\u00fa schopnos\u0165. Na\u0161\u00edm cie\u013eom je uspokojova\u0165 rozmanit\u00e9 potreby z\u00e1kazn\u00edkov s vysokou efektivitou, presnos\u0165ou a vysokou kvalitou.<\/p>\n<h3>Profesionalita<\/h3>\n<p>M\u00e1me profesion\u00e1lny technick\u00fd t\u00edm a modern\u00e9 v\u00fdrobn\u00e9 zariadenia, aby sme zabezpe\u010dili vynikaj\u00facu kvalitu na\u0161ich produktov.<\/p>\n<h3>Medzin\u00e1rodn\u00e1 certifik\u00e1cia<\/h3>\n<p>Na\u0161e v\u00fdrobky pre\u0161li r\u00f4znymi medzin\u00e1rodn\u00fdmi certifik\u00e1ciami, ako napr\u00edklad CE, ISO9001 at\u010f.<\/p>\n<h3>Slu\u017eby prisp\u00f4sobenia<\/h3>\n<p>Poskytujeme slu\u017eby prisp\u00f4sobenia, aby sme vyhoveli r\u00f4znym potreb\u00e1m z\u00e1kazn\u00edkov.<\/p>\n<h3>V\u00fdrobn\u00e9 zariadenia<\/h3>\n<p>Disponujeme pokro\u010dil\u00fdmi digit\u00e1lnymi v\u00fdrobn\u00fdmi zariadeniami, ako s\u00fa CNC obr\u00e1bacie stroje, automatizovan\u00e9 mont\u00e1\u017ene linky at\u010f., aby sme zabezpe\u010dili vysok\u00fa \u00fa\u010dinnos\u0165 a presnos\u0165 na\u0161ich produktov.<\/p>\n<h3>Popredajn\u00fd servis<\/h3>\n<p>Poskytujeme komplexn\u00fd popredajn\u00fd servis a technick\u00fa podporu, aby sme zabezpe\u010dili spokojnos\u0165 z\u00e1kazn\u00edkov.<\/p>\n<p><img decoding=\"async\" src=\"https:\/\/www.hydraulic-cylinders.net\/wp-content\/uploads\/2025\/01\/songte-company-4.webp\" alt=\"Spolo\u010dnos\u0165\"><\/p>\n<p><img decoding=\"async\" src=\"https:\/\/www.hydraulic-cylinders.net\/wp-content\/uploads\/2025\/01\/songte-company-3.webp\" alt=\"Spolo\u010dnos\u0165\"><\/p>\n<p>Autor: lyl.<\/p>","protected":false},"excerpt":{"rendered":"<p>Arm Cylinder for Sany Large Excavator SY365H-9: Definition and Explanation Introduction What is Arm Cylinder? Arm cylinder is a specialized hydraulic cylinder that is primarily used to provide linear motion and power to the arm of various types of machinery such as excavators, cranes, and mechanical arms. The arm cylinder plays a crucial role in [&hellip;]<\/p>","protected":false},"featured_media":14786,"comment_status":"open","ping_status":"closed","template":"","meta":{"_et_pb_use_builder":"","_et_pb_old_content":"","_et_gb_content_width":""},"product_brand":[],"product_cat":[1497],"product_tag":[1498,1496],"class_list":{"0":"post-16385","1":"product","2":"type-product","3":"status-publish","4":"has-post-thumbnail","6":"product_cat-arm-cylinders","7":"product_tag-arm-cylinders","8":"product_tag-hydraulic-cylinders","10":"first","11":"instock","12":"shipping-taxable","13":"product-type-simple"},"amp_enabled":true,"_links":{"self":[{"href":"https:\/\/www.hydraulic-cylinders.net\/sk\/wp-json\/wp\/v2\/product\/16385","targetHints":{"allow":["GET"]}}],"collection":[{"href":"https:\/\/www.hydraulic-cylinders.net\/sk\/wp-json\/wp\/v2\/product"}],"about":[{"href":"https:\/\/www.hydraulic-cylinders.net\/sk\/wp-json\/wp\/v2\/types\/product"}],"replies":[{"embeddable":true,"href":"https:\/\/www.hydraulic-cylinders.net\/sk\/wp-json\/wp\/v2\/comments?post=16385"}],"wp:featuredmedia":[{"embeddable":true,"href":"https:\/\/www.hydraulic-cylinders.net\/sk\/wp-json\/wp\/v2\/media\/14786"}],"wp:attachment":[{"href":"https:\/\/www.hydraulic-cylinders.net\/sk\/wp-json\/wp\/v2\/media?parent=16385"}],"wp:term":[{"taxonomy":"product_brand","embeddable":true,"href":"https:\/\/www.hydraulic-cylinders.net\/sk\/wp-json\/wp\/v2\/product_brand?post=16385"},{"taxonomy":"product_cat","embeddable":true,"href":"https:\/\/www.hydraulic-cylinders.net\/sk\/wp-json\/wp\/v2\/product_cat?post=16385"},{"taxonomy":"product_tag","embeddable":true,"href":"https:\/\/www.hydraulic-cylinders.net\/sk\/wp-json\/wp\/v2\/product_tag?post=16385"}],"curies":[{"name":"pracovn\u00fd list","href":"https:\/\/api.w.org\/{rel}","templated":true}]}}