{"id":16389,"date":"2025-01-20T09:11:35","date_gmt":"2025-01-20T09:11:35","guid":{"rendered":"https:\/\/www.hydraulic-cylinders.net\/product\/arm-cylinderfor-xcmg-small-excavator-xe75\/"},"modified":"2025-01-20T09:11:37","modified_gmt":"2025-01-20T09:11:37","slug":"arm-cylinderfor-xcmg-small-excavator-xe75","status":"publish","type":"product","link":"https:\/\/www.hydraulic-cylinders.net\/sk\/produkt\/arm-cylinderfor-xcmg-small-excavator-xe75\/","title":{"rendered":"Valec ramena pre mal\u00e9 r\u00fdpadlo XCMG XE75"},"content":{"rendered":"<p>Valec ramena pre mal\u00e9 r\u00fdpadlo XCMG XE75: Defin\u00edcia a vysvetlenie<\/p>\n<p>Hydraulick\u00fd valec ramena je \u0161pecializovan\u00fd hydraulick\u00fd valec, ktor\u00fd poskytuje line\u00e1rny pohyb a v\u00fdkon ramenu r\u00f4znych typov strojov, ako s\u00fa r\u00fdpadl\u00e1, \u017eeriavy a robotick\u00e9 ramen\u00e1. Zohr\u00e1va k\u013e\u00fa\u010dov\u00fa \u00falohu v hydraulickom syst\u00e9me, preto\u017ee umo\u017e\u0148uje efekt\u00edvny pohyb a ovl\u00e1danie dodato\u010dn\u00fdch n\u00e1strojov alebo pr\u00edslu\u0161enstva. Tieto valce nielen zabezpe\u010duj\u00fa plynul\u00fd pohyb, ale tie\u017e odol\u00e1vaj\u00fa \u0165a\u017ek\u00fdm za\u0165a\u017eeniam, \u010d\u00edm zabezpe\u010duj\u00fa efekt\u00edvnu prev\u00e1dzku a spo\u013eahlivos\u0165 stroja v r\u00f4znych pracovn\u00fdch podmienkach.<\/p>\n<p>Valec ramena: Funkcie<\/p>\n<p>\u2013 Vysoko\u00fa\u010dinn\u00fd pohon: Valce ramena poskytuj\u00fa siln\u00fd line\u00e1rny pohyb a silu, aby sa zabezpe\u010dila vysokov\u00fdkonn\u00e1 prev\u00e1dzka robotick\u00e9ho ramena v r\u00f4znych aplik\u00e1ci\u00e1ch.<br \/>\n\u2013 Presn\u00e9 ovl\u00e1danie: V\u010faka hydraulick\u00e9mu syst\u00e9mu dok\u00e1\u017eu valce ramena dosiahnu\u0165 presn\u00e9 ovl\u00e1danie pohybu, v\u010faka \u010domu je ovl\u00e1danie \u010fal\u0161\u00edch n\u00e1strojov flexibilnej\u0161ie a presnej\u0161ie.<br \/>\n\u2013 Vysok\u00e1 odolnos\u0165: Valce ramien s\u00fa zvy\u010dajne vyroben\u00e9 z vysoko pevn\u00fdch materi\u00e1lov, ktor\u00e9 poskytuj\u00fa dobr\u00fa odolnos\u0165 vo\u010di opotrebovaniu a kor\u00f3zii, v\u010faka \u010domu s\u00fa vhodn\u00e9 na dlhodob\u00e9 pou\u017e\u00edvanie v n\u00e1ro\u010dn\u00fdch podmienkach.<br \/>\n\u2013 Multifunk\u010dn\u00e1 prisp\u00f4sobivos\u0165: Tieto valce sa daj\u00fa \u0161iroko pou\u017e\u00edva\u0165 v r\u00f4znych mechanick\u00fdch zariadeniach, ako s\u00fa bagre, \u017eeriavy a robotick\u00e9 ramen\u00e1, na prisp\u00f4sobenie sa r\u00f4znym pracovn\u00fdm potreb\u00e1m.<br \/>\n\u2013 Jednoduch\u00e1 \u00fadr\u017eba: Kon\u0161trukcia je navrhnut\u00e1 tak, aby sa dala \u013eahko udr\u017eiava\u0165 a vymie\u0148a\u0165, \u010do u\u013eah\u010duje pravideln\u00fa kontrolu a \u00fadr\u017ebu a skracuje prestoje zariadenia.<\/p>\n<p>Tento produkt vieme vyrobi\u0165 a dok\u00e1\u017ee dokonale nahradi\u0165 tieto hydraulick\u00e9 valce.<\/p>\n<p>Valec ramena: Pou\u017eitie<\/p>\n<p>\u2013 Stavebn\u00e9 in\u017einierstvo: Valce ramien sa pou\u017e\u00edvaj\u00fa na ovl\u00e1danie pohybu vedier alebo v\u00fdlo\u017en\u00edkov v r\u00fdpadl\u00e1ch a \u017eeriavoch, pri vykon\u00e1van\u00ed zemn\u00fdch pr\u00e1c, manipul\u00e1cie s materi\u00e1lom a mont\u00e1\u017ee kon\u0161trukci\u00ed.<br \/>\n\u2013 V\u00fdroba: V automatizovan\u00fdch v\u00fdrobn\u00fdch link\u00e1ch sa valce ramien pou\u017e\u00edvaj\u00fa na pohyb robotick\u00fdch ramien, vykon\u00e1vanie mont\u00e1\u017enych, zv\u00e1rac\u00edch a manipula\u010dn\u00fdch procesov s cie\u013eom zlep\u0161i\u0165 efektivitu a presnos\u0165 v\u00fdroby.<br \/>\n\u2013 Po\u013enohospod\u00e1rske stroje: V po\u013enohospod\u00e1rskych strojoch, ako s\u00fa zbera\u010de a seja\u010dky, riadia valce ramien pohyb ovl\u00e1dac\u00edch ramien, vykon\u00e1vaj\u00fa sejbu, hnojenie a zber \u00farody.<br \/>\n\u2013 \u0164a\u017eba: V bansk\u00fdch zariadeniach sa valce ramien pou\u017e\u00edvaj\u00fa na ovl\u00e1danie pohybu ramien bansk\u00fdch zariaden\u00ed, vykon\u00e1vanie \u0165a\u017eby a prepravy rudy.<br \/>\n\u2013 Logistika a doprava: Vo vysokozdvi\u017en\u00fdch voz\u00edkoch a manipula\u010dn\u00fdch robotoch sa valce ramien pou\u017e\u00edvaj\u00fa na ovl\u00e1danie zdv\u00edhania a pohybu vidl\u00edc, \u010d\u00edm sa realizuje manipul\u00e1cia a stohovanie materi\u00e1lov.<\/p>\n<p>\u00davahy o dizajne a krit\u00e9ri\u00e1 v\u00fdberu<\/p>\n<p>\u2013 \u00danosnos\u0165: Valce ramien musia by\u0165 navrhnut\u00e9 tak, aby odolali maxim\u00e1lnemu za\u0165a\u017eeniu stroja, v ktorom s\u00fa nain\u0161talovan\u00e9, a t\u00fdm sa zabezpe\u010dila bezpe\u010dn\u00e1 a spo\u013eahliv\u00e1 prev\u00e1dzka.<br \/>\n\u2013 Tesnenie: Na zabezpe\u010denie utesnenia valca sa pou\u017e\u00edvaj\u00fa r\u00f4zne tesniace komponenty, ako s\u00fa tesnenia piestov a tesnenia ty\u010d\u00ed, pri\u010dom polyuret\u00e1n a nitrilov\u00fd kau\u010duk s\u00fa be\u017en\u00e9 materi\u00e1ly odoln\u00e9 vo\u010di opotrebeniu pou\u017e\u00edvan\u00e9 na tesnenia.<br \/>\n\u2013 Trvanlivos\u0165: Teleso valca a z\u00e1vitov\u00fd koniec s\u00fa jemne opracovan\u00e9 pre zv\u00fd\u0161enie odolnosti vo\u010di opotrebovaniu a kor\u00f3zii.<br \/>\n\u2013 Bezpe\u010dnos\u0165: Valce ramien musia by\u0165 navrhnut\u00e9 s bezpe\u010dnostn\u00fdmi prvkami, aby sa predi\u0161lo nehod\u00e1m, ako je pre\u0165a\u017eenie, prasknut\u00e9 potrubie a \u00fanik oleja.<br \/>\n\u2013 \u00dadr\u017eba: Zoh\u013eadnenie jednoduchej \u00fadr\u017eby a v\u00fdmeny m\u00f4\u017ee skr\u00e1ti\u0165 prestoje zariadenia.<\/p>\n<p>Tesnenie a mazanie valca ramena<\/p>\n<p>Na zabezpe\u010denie utesnenia valca sa pou\u017e\u00edvaj\u00fa r\u00f4zne tesnenia, ako s\u00fa tesnenia piestov a tesnenia ty\u010d\u00ed. Polyuret\u00e1n a nitrilov\u00e1 guma s\u00fa be\u017en\u00e9 materi\u00e1ly odoln\u00e9 vo\u010di opotrebovaniu pou\u017e\u00edvan\u00e9 na tesnenia. Teleso valca a z\u00e1vitov\u00fd koniec s\u00fa jemne opracovan\u00e9, aby sa zv\u00fd\u0161ila odolnos\u0165 vo\u010di opotrebovaniu a kor\u00f3zii. Na zabezpe\u010denie efekt\u00edvnej prev\u00e1dzky valca je potrebn\u00e9 pravideln\u00e9 mazanie.<\/p>\n<p>Prevent\u00edvna \u00fadr\u017eba a rie\u0161enie probl\u00e9mov<\/p>\n<p>Pravideln\u00e1 kontrola a prevent\u00edvna \u00fadr\u017eba valcov ramien s\u00fa nevyhnutn\u00e9 na minimaliz\u00e1ciu nepl\u00e1novan\u00fdch prestojov zariadenia. V pr\u00edpade probl\u00e9mov v\u00e1m nasleduj\u00face tipy m\u00f4\u017eu pom\u00f4c\u0165 diagnostikova\u0165 a vyrie\u0161i\u0165 probl\u00e9my:<\/p>\n<p>\u2013 Skontrolujte, \u010di na telese valca, piestnej ty\u010di a tesniacich komponentoch nedoch\u00e1dza k \u00fanikom alebo po\u0161kodeniu.<br \/>\n\u2013 Skontrolujte hladinu a kvalitu hydraulickej kvapaliny, aby ste sa uistili, \u017ee sp\u013a\u0148a stanoven\u00e9 po\u017eiadavky.<br \/>\n\u2013 Skontrolujte, \u010di hydraulick\u00fd syst\u00e9m nie je zjavne po\u0161koden\u00fd, a \u010do najsk\u00f4r vyme\u0148te v\u0161etky po\u0161koden\u00e9 diely.<\/p>\n<p>Sprievodca spr\u00e1vnou in\u0161tal\u00e1ciou<\/p>\n<p>\u2013 Skontrolujte kompatibilitu valca so strojom a uistite sa, \u017ee sp\u013a\u0148a technick\u00e9 po\u017eiadavky.<br \/>\n\u2013 Skontrolujte \u010distotu hydraulick\u00e9ho syst\u00e9mu a uistite sa, \u017ee neobsahuje \u017eiadne ne\u010distoty alebo \u010dastice, ktor\u00e9 by mohli po\u0161kodi\u0165 valec a jeho komponenty.<br \/>\n\u2013 Nain\u0161talujte valec a uistite sa, \u017ee je zarovnan\u00fd s mont\u00e1\u017enou konzolou a \u017ee skrutky s\u00fa bezpe\u010dne utiahnut\u00e9.<\/p>\n<p>Bezpe\u010dnostn\u00e9 aspekty a faktory prostredia<\/p>\n<p>Bezpe\u010dnos\u0165 je pri in\u0161tal\u00e1cii a prev\u00e1dzke valcov ramena k\u013e\u00fa\u010dov\u00fdm faktorom. Je d\u00f4le\u017eit\u00e9 dodr\u017eiava\u0165 pr\u00edslu\u0161n\u00e9 bezpe\u010dnostn\u00e9 predpisy a pokyny, aby sa predi\u0161lo nehod\u00e1m, ako je pre\u0165a\u017eenie, prasknutie potrub\u00ed a \u00fanik oleja. Valce ramena musia by\u0165 navrhnut\u00e9 aj s oh\u013eadom na faktory prostredia, ako je teplota, vlhkos\u0165 a odolnos\u0165 vo\u010di kor\u00f3zii, aby sa zabezpe\u010dila spo\u013eahliv\u00e1 prev\u00e1dzka za r\u00f4znych podmienok.<\/p>\n<p>Z\u00e1verom mo\u017eno poveda\u0165, \u017ee sme profesion\u00e1lnym v\u00fdrobcom n\u00e1hradn\u00fdch hydraulick\u00fdch valcov so \u0161irokou \u0161k\u00e1lou produktov a st\u00e1vame sa jedn\u00fdm z popredn\u00fdch v\u00fdrobcov a ve\u013ekoobchodn\u00fdch distrib\u00fatorov hydraulick\u00fdch valcov na dom\u00e1com aj medzin\u00e1rodnom trhu. V\u017edy dodr\u017eiavame z\u00e1sadu vynikaj\u00facej kvality, spoliehame sa na strat\u00e9giu riadenia priemyselnej v\u00fdroby v prepracovanej v\u00fdrobnej dielni a neust\u00e1le zlep\u0161ujeme technick\u00fa \u00farove\u0148 a efekt\u00edvnos\u0165 v\u00fdroby. Na\u0161\u00edm cie\u013eom je uspokoji\u0165 rozmanit\u00e9 potreby z\u00e1kazn\u00edkov s vysokou \u00fa\u010dinnos\u0165ou, presnos\u0165ou a z\u00e1sadami vysokej kvality. Pon\u00fakame profesion\u00e1lnu a medzin\u00e1rodn\u00fa certifik\u00e1ciu, prisp\u00f4soben\u00e9 slu\u017eby, modern\u00e9 v\u00fdrobn\u00e9 zariadenia a komplexn\u00fd popredajn\u00fd servis.<\/p>","protected":false},"excerpt":{"rendered":"<p>Arm Cylinder for XCMG Small Excavator XE75: Definition and Explanation Arm cylinder is a specialized hydraulic cylinder that provides linear motion and power to the arm of various types of machinery, such as excavators, cranes, and robotic arms. It plays a critical role in the hydraulic system, enabling the efficient movement and control of additional [&hellip;]<\/p>","protected":false},"featured_media":14774,"comment_status":"open","ping_status":"closed","template":"","meta":{"_et_pb_use_builder":"","_et_pb_old_content":"","_et_gb_content_width":""},"product_brand":[],"product_cat":[1497],"product_tag":[1498,1496],"class_list":{"0":"post-16389","1":"product","2":"type-product","3":"status-publish","4":"has-post-thumbnail","6":"product_cat-arm-cylinders","7":"product_tag-arm-cylinders","8":"product_tag-hydraulic-cylinders","10":"first","11":"instock","12":"shipping-taxable","13":"product-type-simple"},"amp_enabled":true,"_links":{"self":[{"href":"https:\/\/www.hydraulic-cylinders.net\/sk\/wp-json\/wp\/v2\/product\/16389","targetHints":{"allow":["GET"]}}],"collection":[{"href":"https:\/\/www.hydraulic-cylinders.net\/sk\/wp-json\/wp\/v2\/product"}],"about":[{"href":"https:\/\/www.hydraulic-cylinders.net\/sk\/wp-json\/wp\/v2\/types\/product"}],"replies":[{"embeddable":true,"href":"https:\/\/www.hydraulic-cylinders.net\/sk\/wp-json\/wp\/v2\/comments?post=16389"}],"wp:featuredmedia":[{"embeddable":true,"href":"https:\/\/www.hydraulic-cylinders.net\/sk\/wp-json\/wp\/v2\/media\/14774"}],"wp:attachment":[{"href":"https:\/\/www.hydraulic-cylinders.net\/sk\/wp-json\/wp\/v2\/media?parent=16389"}],"wp:term":[{"taxonomy":"product_brand","embeddable":true,"href":"https:\/\/www.hydraulic-cylinders.net\/sk\/wp-json\/wp\/v2\/product_brand?post=16389"},{"taxonomy":"product_cat","embeddable":true,"href":"https:\/\/www.hydraulic-cylinders.net\/sk\/wp-json\/wp\/v2\/product_cat?post=16389"},{"taxonomy":"product_tag","embeddable":true,"href":"https:\/\/www.hydraulic-cylinders.net\/sk\/wp-json\/wp\/v2\/product_tag?post=16389"}],"curies":[{"name":"pracovn\u00fd list","href":"https:\/\/api.w.org\/{rel}","templated":true}]}}