{"id":16406,"date":"2025-01-20T09:12:56","date_gmt":"2025-01-20T09:12:56","guid":{"rendered":"https:\/\/www.hydraulic-cylinders.net\/product\/arm-cylinderfor-xcmg-large-excavator-xe470ck\/"},"modified":"2025-01-20T09:12:58","modified_gmt":"2025-01-20T09:12:58","slug":"arm-cylinderfor-xcmg-large-excavator-xe470ck","status":"publish","type":"product","link":"https:\/\/www.hydraulic-cylinders.net\/sk\/produkt\/arm-cylinderfor-xcmg-large-excavator-xe470ck\/","title":{"rendered":"Valec ramena pre ve\u013ek\u00e9 r\u00fdpadlo XCMG XE470CK"},"content":{"rendered":"<p>Valec ramena pre ve\u013ek\u00e9 r\u00fdpadlo XCMG XE470CK<\/p>\n<p>Hydraulick\u00fd valec ramena je \u0161peci\u00e1lne navrhnut\u00fd hydraulick\u00fd valec, ktor\u00fd sa prim\u00e1rne pou\u017e\u00edva na zabezpe\u010denie line\u00e1rneho pohybu a v\u00fdkonu ramena r\u00f4znych typov strojov, ako s\u00fa r\u00fdpadl\u00e1, \u017eeriavy a robotick\u00e9 ramen\u00e1. Valec ramena hr\u00e1 k\u013e\u00fa\u010dov\u00fa \u00falohu v hydraulick\u00fdch syst\u00e9moch, preto\u017ee umo\u017e\u0148uje efekt\u00edvny pohyb a ovl\u00e1danie pripojen\u00e9ho n\u00e1radia alebo pr\u00edslu\u0161enstva. Tieto valce nielen zabezpe\u010duj\u00fa plynul\u00fd pohyb, ale tie\u017e odol\u00e1vaj\u00fa \u0165a\u017ek\u00fdm za\u0165a\u017eeniam, \u010d\u00edm zabezpe\u010duj\u00fa efekt\u00edvnu prev\u00e1dzku a spo\u013eahlivos\u0165 strojov v r\u00f4znych pracovn\u00fdch podmienkach.<\/p>\n<div>\n    <img decoding=\"async\" src=\"https:\/\/www.hydraulic-cylinders.net\/wp-content\/uploads\/2025\/01\/songte-company-2.webp\" alt=\"Valec ramena pre ve\u013ek\u00e9 r\u00fdpadlo XCMG XE470CK\">\n<\/div>\n<p>Vlastnosti:<\/p>\n<h2>Efekt\u00edvny prenos v\u00fdkonu<\/h2>\n<p>Valec ramena dok\u00e1\u017ee zabezpe\u010di\u0165 siln\u00fd line\u00e1rny pohyb a silu, \u010d\u00edm zabezpe\u010duje vysok\u00fa \u00fa\u010dinnos\u0165 robotick\u00e9ho ramena pri r\u00f4znych oper\u00e1ci\u00e1ch.<\/p>\n<h2>Presn\u00e9 ovl\u00e1danie<\/h2>\n<p>V\u010faka hydraulick\u00e9mu syst\u00e9mu dok\u00e1\u017ee valec ramena dosiahnu\u0165 presn\u00e9 ovl\u00e1danie pohybu, v\u010faka \u010domu je ovl\u00e1danie pripojen\u00e9ho n\u00e1radia flexibilnej\u0161ie a presnej\u0161ie.<\/p>\n<h2>Odoln\u00fd<\/h2>\n<p>Valce ramien s\u00fa zvy\u010dajne vyroben\u00e9 z vysoko pevn\u00fdch materi\u00e1lov s dobrou odolnos\u0165ou vo\u010di opotrebovaniu a kor\u00f3zii, vhodn\u00fdch na dlhodob\u00e9 pou\u017e\u00edvanie v n\u00e1ro\u010dn\u00fdch podmienkach.<\/p>\n<h2>Multifunk\u010dn\u00e1 prisp\u00f4sobivos\u0165<\/h2>\n<p>Tieto valce sa daj\u00fa \u0161iroko pou\u017e\u00edva\u0165 v r\u00f4znych typoch strojov, ako s\u00fa bagre, \u017eeriavy a robotick\u00e9 ramen\u00e1, aby sa prisp\u00f4sobili r\u00f4znym pracovn\u00fdm po\u017eiadavk\u00e1m.<\/p>\n<h2>Jednoduch\u00e1 \u00fadr\u017eba<\/h2>\n<p>Valce s\u00fa navrhnut\u00e9 pre jednoduch\u00fa \u00fadr\u017ebu a v\u00fdmenu, v\u010faka \u010domu s\u00fa pravideln\u00e9 kontroly a \u00fadr\u017eba pohodlnej\u0161ie a skracuj\u00fa prestoje zariaden\u00ed.<\/p>\n<div>\n    <img decoding=\"async\" src=\"https:\/\/www.hydraulic-cylinders.net\/wp-content\/uploads\/2025\/01\/songte-oil-pipes-and-spare-parts.webp\" alt=\"Olejov\u00e9 potrubia a n\u00e1hradn\u00e9 diely\">\n<\/div>\n<p>Aplik\u00e1cie:<\/p>\n<h2>Stavebn\u00e9 in\u017einierstvo<\/h2>\n<p>V r\u00fdpadl\u00e1ch a \u017eeriavoch sa valec ramena pou\u017e\u00edva na ovl\u00e1danie pohybu vedra alebo v\u00fdlo\u017en\u00edka pri zemn\u00fdch pr\u00e1cach, manipul\u00e1cii s materi\u00e1lom a mont\u00e1\u017ei kon\u0161trukci\u00ed.<\/p>\n<h2>V\u00fdroba<\/h2>\n<p>V automatizovan\u00fdch v\u00fdrobn\u00fdch link\u00e1ch sa valec ramena pou\u017e\u00edva na pohyb robotick\u00fdch ramien, na mont\u00e1\u017e, zv\u00e1ranie a manipul\u00e1ciu s materi\u00e1lom, s cie\u013eom zlep\u0161i\u0165 efektivitu a presnos\u0165 v\u00fdroby.<\/p>\n<h2>Po\u013enohospod\u00e1rske stroje<\/h2>\n<p>V po\u013enohospod\u00e1rskych strojoch, ako s\u00fa zbera\u010de a seja\u010dky, valec ramena riadi pohyb ovl\u00e1dacieho ramena na vykon\u00e1vanie \u00faloh, ako je siatie, hnojenie a zber \u00farody.<\/p>\n<h2>\u0164a\u017eba<\/h2>\n<p>V bansk\u00fdch zariadeniach sa valec ramena pou\u017e\u00edva na ovl\u00e1danie pohybu ramena bansk\u00fdch strojov, pri \u0165a\u017ebe a manipul\u00e1cii s materi\u00e1lom.<\/p>\n<h2>Logistika a doprava<\/h2>\n<p>Vo vysokozdvi\u017en\u00fdch voz\u00edkoch a manipula\u010dn\u00fdch robotoch ovl\u00e1da valec ramena zdv\u00edhanie a pohyb n\u00e1kladn\u00fdch vidl\u00edc, aby sa zabezpe\u010dila manipul\u00e1cia s materi\u00e1lom a jeho stohovanie.<\/p>\n<div>\n    <img decoding=\"async\" src=\"https:\/\/www.hydraulic-cylinders.net\/wp-content\/uploads\/2025\/01\/songte-cylinder-head-with-all-kinds-excavator-models.webp\" alt=\"Hlava valcov so v\u0161etk\u00fdmi druhmi modelov r\u00fdpadiel\">\n<\/div>\n<p>\u00davahy o dizajne a krit\u00e9ri\u00e1 v\u00fdberu:<\/p>\n<h2>Nosnos\u0165<\/h2>\n<p>Valec ramena by mal by\u0165 navrhnut\u00fd tak, aby uniesol maxim\u00e1lne za\u0165a\u017eenie, ktor\u00e9 stroj dok\u00e1\u017ee zvl\u00e1dnu\u0165, aby sa zabezpe\u010dila bezpe\u010dn\u00e1 a efekt\u00edvna prev\u00e1dzka.<\/p>\n<h2>Tesniaci v\u00fdkon<\/h2>\n<p>Na zabr\u00e1nenie \u00faniku hydraulick\u00e9ho oleja a zabezpe\u010denie norm\u00e1lnej prev\u00e1dzky strojov by sa mali pou\u017e\u00edva\u0165 r\u00f4zne tesniace komponenty, ako s\u00fa tesnenia piestov a tesnenia ty\u010d\u00ed.<\/p>\n<h2>Trvanlivos\u0165<\/h2>\n<p>Valec by mal by\u0165 vyroben\u00fd z vysoko pevn\u00fdch materi\u00e1lov s dobrou odolnos\u0165ou vo\u010di opotrebovaniu a kor\u00f3zii, aby sa zabezpe\u010dilo dlhodob\u00e9 pou\u017e\u00edvanie v n\u00e1ro\u010dn\u00fdch podmienkach.<\/p>\n<h2>Bezpe\u010dnos\u0165<\/h2>\n<p>F\u013ea\u0161a by mala by\u0165 vybaven\u00e1 bezpe\u010dnostn\u00fdmi zariadeniami, ako s\u00fa ochrann\u00e9 ventily proti pre\u0165a\u017eeniu a n\u00fadzov\u00e9 uzatv\u00e1racie ventily, aby sa predi\u0161lo nehod\u00e1m a zabezpe\u010dila sa bezpe\u010dn\u00e1 prev\u00e1dzka.<\/p>\n<h2>Udr\u017eiavate\u013enos\u0165<\/h2>\n<p>Kon\u0161trukcia valca by mala by\u0165 zv\u00e1\u017een\u00e1 pre jednoduch\u00fa \u00fadr\u017ebu a v\u00fdmenu dielov, aby sa minimalizovali prestoje a n\u00e1klady na \u00fadr\u017ebu.<\/p>\n<div>\n    <img decoding=\"async\" src=\"https:\/\/www.hydraulic-cylinders.net\/wp-content\/uploads\/2025\/01\/songte-chushion-collar.webp\" alt=\"Obojok Chushion\">\n<\/div>\n<p>Tesnenie a mazanie:<\/p>\n<p>Na zabr\u00e1nenie \u00faniku hydraulick\u00e9ho oleja, ktor\u00fd m\u00f4\u017ee vies\u0165 k zn\u00ed\u017eeniu v\u00fdkonu stroja, by sa mali pou\u017e\u00edva\u0165 r\u00f4zne typy tesniacich komponentov, ako s\u00fa tesnenia piestov a tesnenia ty\u010d\u00ed. Tesniace komponenty by mali by\u0165 vyroben\u00e9 z materi\u00e1lov odoln\u00fdch vo\u010di opotrebovaniu, ako je polyuret\u00e1n a nitrilov\u00fd kau\u010duk, aby sa zabezpe\u010dila dlhotrvaj\u00faca v\u00fdkonnos\u0165. Teleso valca a z\u00e1vitov\u00e9 koncov\u00e9 plochy by mali by\u0165 jemne opracovan\u00e9, aby sa zlep\u0161ila odolnos\u0165 vo\u010di opotrebovaniu. Valec by mal by\u0165 naplnen\u00fd vhodn\u00fdm hydraulick\u00fdm olejom na mazanie a chladenie a olej by sa mal pravidelne kontrolova\u0165 a pod\u013ea potreby vymie\u0148a\u0165.<\/p>\n<p>\u00dadr\u017eba a prevent\u00edvne opatrenia:<\/p>\n<h2>Pravideln\u00e1 kontrola<\/h2>\n<p>Valec ramena by sa mal pravidelne kontrolova\u0165, \u010di nejav\u00ed zn\u00e1mky opotrebovania alebo po\u0161kodenia, a v\u0161etky potrebn\u00e9 opravy alebo v\u00fdmeny by sa mali vykona\u0165 okam\u017eite, aby sa zabezpe\u010dila norm\u00e1lna prev\u00e1dzka stroja.<\/p>\n<h2>Prevent\u00edvna \u00fadr\u017eba<\/h2>\n<p>Pravideln\u00e1 \u00fadr\u017eba, ako je \u010distenie, mazanie a u\u0165ahovanie skrutiek, by sa mala vykon\u00e1va\u0165, aby sa predi\u0161lo potenci\u00e1lnym probl\u00e9mom a pred\u013a\u017eila sa \u017eivotnos\u0165 valca ramena.<\/p>\n<h2>Spr\u00e1vna in\u0161tal\u00e1cia<\/h2>\n<p>Valec ramena by mal by\u0165 nain\u0161talovan\u00fd spr\u00e1vne v s\u00falade s pokynmi v\u00fdrobcu a pr\u00edslu\u0161n\u00fdmi bezpe\u010dnostn\u00fdmi predpismi, aby sa zabezpe\u010dila bezpe\u010dn\u00e1 a spo\u013eahliv\u00e1 prev\u00e1dzka.<\/p>\n<div>\n    <img decoding=\"async\" src=\"https:\/\/www.hydraulic-cylinders.net\/wp-content\/uploads\/2025\/01\/songte-bushings-with-all-kinds-of-excavator-models.webp\" alt=\"Puzdr\u00e1 so v\u0161etk\u00fdmi druhmi modelov r\u00fdpadiel\">\n<\/div>\n<p>Bezpe\u010dnostn\u00e9 aspekty a faktory prostredia:<\/p>\n<p>Pri pou\u017e\u00edvan\u00ed hydraulick\u00fdch valcov ramena je d\u00f4le\u017eit\u00e9 dodr\u017eiava\u0165 pr\u00edslu\u0161n\u00e9 bezpe\u010dnostn\u00e9 predpisy a postupy, ako napr\u00edklad zabezpe\u010di\u0165 spr\u00e1vnu \u00fadr\u017ebu a prev\u00e1dzku strojov a in\u0161tal\u00e1ciu a spr\u00e1vnu funkciu bezpe\u010dnostn\u00fdch zariaden\u00ed. Mali by sa zv\u00e1\u017ei\u0165 aj faktory prostredia, ako je teplota a vlhkos\u0165, preto\u017ee m\u00f4\u017eu ovplyvni\u0165 v\u00fdkon hydraulick\u00e9ho syst\u00e9mu a valca ramena.<\/p>\n<p>Diagnostika por\u00fach a be\u017en\u00e9 probl\u00e9my:<\/p>\n<p>Medzi be\u017en\u00e9 probl\u00e9my s valcami ramena patr\u00ed \u00fanik hydraulick\u00e9ho oleja, nedostato\u010dn\u00fd v\u00fdkon a abnorm\u00e1lny hluk. Tieto probl\u00e9my je mo\u017en\u00e9 diagnostikova\u0165 kontrolou hydraulick\u00e9ho syst\u00e9mu a samotn\u00e9ho valca a vykonan\u00edm testov a kontrol. Rie\u0161enia t\u00fdchto probl\u00e9mov m\u00f4\u017eu zah\u0155\u0148a\u0165 opravu alebo v\u00fdmenu dielov, nastavenie hydraulick\u00e9ho syst\u00e9mu alebo zmenu prev\u00e1dzkov\u00fdch podmienok.<\/p>\n<div>\n    <img decoding=\"async\" src=\"https:\/\/www.hydraulic-cylinders.net\/wp-content\/uploads\/2025\/01\/songte-company-4.webp\" alt=\"Spolo\u010dnos\u0165 Songte\">\n<\/div>\n<p>Sme profesion\u00e1lny v\u00fdrobca a dod\u00e1vate\u013e hydraulick\u00fdch valcov, ktor\u00fd pon\u00faka \u0161irok\u00fa \u0161k\u00e1lu produktov a stal sa jedn\u00fdm z popredn\u00fdch v\u00fdrobcov a ve\u013ekoobchodn\u00fdch distrib\u00fatorov hydraulick\u00fdch valcov na dom\u00e1com aj medzin\u00e1rodnom trhu. V\u017edy dodr\u017eiavame z\u00e1sadu vynikaj\u00facej kvality, spoliehame sa na industrializovan\u00e9 strat\u00e9gie riadenia v\u00fdroby v prepracovan\u00fdch v\u00fdrobn\u00fdch diel\u0148ach a neust\u00e1le zlep\u0161ujeme na\u0161u technick\u00fa \u00farove\u0148 a efektivitu v\u00fdroby. Zav\u00e1dzan\u00edm \u0161pi\u010dkov\u00fdch digit\u00e1lnych v\u00fdrobn\u00fdch zariaden\u00ed a profesion\u00e1lnych testovac\u00edch syst\u00e9mov neust\u00e1le optimalizujeme v\u00fdrobn\u00fa platformu, zlep\u0161ujeme procesy kontroly kvality v\u00fdrobkov a m\u00e1me siln\u00e9 inova\u010dn\u00e9 schopnosti. Na\u0161\u00edm cie\u013eom je uspokoji\u0165 rozmanit\u00e9 potreby z\u00e1kazn\u00edkov s vysokou efektivitou, presnos\u0165ou a princ\u00edpmi vysokej kvality.<\/p>\n<p>Na\u0161a spolo\u010dnos\u0165 poskytuje profesion\u00e1lne slu\u017eby vr\u00e1tane medzin\u00e1rodn\u00fdch certifik\u00e1ci\u00ed, slu\u017eieb na mieru, v\u00fdrobn\u00fdch zariaden\u00ed a popredajn\u00e9ho servisu. M\u00e1me t\u00edm sk\u00fasen\u00fdch odborn\u00edkov, ktor\u00ed dok\u00e1\u017eu prisp\u00f4sobi\u0165 hydraulick\u00e9 valce r\u00f4znym potreb\u00e1m z\u00e1kazn\u00edkov a poskytn\u00fa\u0165 komplexn\u00fd popredajn\u00fd servis. Disponujeme modern\u00fdm v\u00fdrobn\u00fdm zariaden\u00edm a kompletn\u00fdm syst\u00e9mom kontroly kvality, ktor\u00fd zabezpe\u010duje kvalitu a stabilitu v\u00fdrobkov.<\/p>\n<div>\n    <img decoding=\"async\" src=\"https:\/\/www.hydraulic-cylinders.net\/wp-content\/uploads\/2025\/01\/songte-company-3.webp\" alt=\"Spolo\u010dnos\u0165 Songte 3\">\n<\/div>\n<p>Autor: lyl<\/p>","protected":false},"excerpt":{"rendered":"<p>Arm Cylinder for XCMG Large Excavator XE470CK Arm cylinder is a specially designed hydraulic cylinder that is primarily used to provide linear motion and power to the arm of various types of machinery, such as excavators, cranes, and robotic arms. The arm cylinder plays a crucial role in hydraulic systems, allowing the attached tools or [&hellip;]<\/p>","protected":false},"featured_media":14783,"comment_status":"open","ping_status":"closed","template":"","meta":{"_et_pb_use_builder":"","_et_pb_old_content":"","_et_gb_content_width":""},"product_brand":[],"product_cat":[1497],"product_tag":[1498,1496],"class_list":{"0":"post-16406","1":"product","2":"type-product","3":"status-publish","4":"has-post-thumbnail","6":"product_cat-arm-cylinders","7":"product_tag-arm-cylinders","8":"product_tag-hydraulic-cylinders","10":"first","11":"instock","12":"shipping-taxable","13":"product-type-simple"},"amp_enabled":true,"_links":{"self":[{"href":"https:\/\/www.hydraulic-cylinders.net\/sk\/wp-json\/wp\/v2\/product\/16406","targetHints":{"allow":["GET"]}}],"collection":[{"href":"https:\/\/www.hydraulic-cylinders.net\/sk\/wp-json\/wp\/v2\/product"}],"about":[{"href":"https:\/\/www.hydraulic-cylinders.net\/sk\/wp-json\/wp\/v2\/types\/product"}],"replies":[{"embeddable":true,"href":"https:\/\/www.hydraulic-cylinders.net\/sk\/wp-json\/wp\/v2\/comments?post=16406"}],"wp:featuredmedia":[{"embeddable":true,"href":"https:\/\/www.hydraulic-cylinders.net\/sk\/wp-json\/wp\/v2\/media\/14783"}],"wp:attachment":[{"href":"https:\/\/www.hydraulic-cylinders.net\/sk\/wp-json\/wp\/v2\/media?parent=16406"}],"wp:term":[{"taxonomy":"product_brand","embeddable":true,"href":"https:\/\/www.hydraulic-cylinders.net\/sk\/wp-json\/wp\/v2\/product_brand?post=16406"},{"taxonomy":"product_cat","embeddable":true,"href":"https:\/\/www.hydraulic-cylinders.net\/sk\/wp-json\/wp\/v2\/product_cat?post=16406"},{"taxonomy":"product_tag","embeddable":true,"href":"https:\/\/www.hydraulic-cylinders.net\/sk\/wp-json\/wp\/v2\/product_tag?post=16406"}],"curies":[{"name":"pracovn\u00fd list","href":"https:\/\/api.w.org\/{rel}","templated":true}]}}