{"id":16409,"date":"2025-01-20T09:13:16","date_gmt":"2025-01-20T09:13:16","guid":{"rendered":"https:\/\/www.hydraulic-cylinders.net\/product\/arm-cylinderfor-xcmg-large-excavator-xe370ca\/"},"modified":"2025-01-20T09:13:18","modified_gmt":"2025-01-20T09:13:18","slug":"arm-cylinderfor-xcmg-large-excavator-xe370ca","status":"publish","type":"product","link":"https:\/\/www.hydraulic-cylinders.net\/sk\/produkt\/arm-cylinderfor-xcmg-large-excavator-xe370ca\/","title":{"rendered":"Valec ramena pre ve\u013ek\u00e9 r\u00fdpadlo XCMG XE370CA"},"content":{"rendered":"<p>Valec ramena pre ve\u013ek\u00e9 r\u00fdpadlo XCMG XE370CA<\/p>\n<p>Hydraulick\u00fd valec ramena je \u0161peci\u00e1lne navrhnut\u00fd hydraulick\u00fd valec, ktor\u00fd sa prim\u00e1rne pou\u017e\u00edva na zabezpe\u010denie line\u00e1rneho pohybu a v\u00fdkonu ramien r\u00f4znych typov strojov, ako s\u00fa r\u00fdpadl\u00e1, \u017eeriavy a mechanick\u00e9 ramen\u00e1. Valce ramena zohr\u00e1vaj\u00fa k\u013e\u00fa\u010dov\u00fa \u00falohu v hydraulick\u00fdch syst\u00e9moch, preto\u017ee umo\u017e\u0148uj\u00fa efekt\u00edvny pohyb a ovl\u00e1danie \u010fal\u0161\u00edch n\u00e1strojov alebo pr\u00edslu\u0161enstva. Tieto valce nielen zabezpe\u010duj\u00fa plynul\u00fd pohyb, ale tie\u017e odol\u00e1vaj\u00fa \u0165a\u017ek\u00fdm za\u0165a\u017eeniam, \u010d\u00edm zabezpe\u010duj\u00fa efekt\u00edvnu prev\u00e1dzku a spo\u013eahlivos\u0165 strojov v r\u00f4znych pracovn\u00fdch podmienkach.<\/p>\n<p><img decoding=\"async\" src=\"https:\/\/www.hydraulic-cylinders.net\/wp-content\/uploads\/2025\/01\/songte-company-2.webp\" alt=\"Valec ramena\" \/><\/p>\n<p>Vlastnosti valca ramena:<\/p>\n<p>1. Vysoko\u00fa\u010dinn\u00fd pohon: Valce ramien poskytuj\u00fa siln\u00fd line\u00e1rny pohyb a silu, \u010d\u00edm zabezpe\u010duj\u00fa vysoko\u00fa\u010dinn\u00fd v\u00fdkon mechanick\u00fdch ramien pri r\u00f4znych oper\u00e1ci\u00e1ch.<br \/>\n2. Presn\u00e9 ovl\u00e1danie: Valce ramena dok\u00e1\u017eu dosiahnu\u0165 presn\u00e9 ovl\u00e1danie pohybu pomocou hydraulick\u00fdch syst\u00e9mov, v\u010faka \u010domu je ovl\u00e1danie \u010fal\u0161\u00edch n\u00e1strojov flexibilnej\u0161ie a presnej\u0161ie.<br \/>\n3. Vysok\u00e1 odolnos\u0165: Valce ramien s\u00fa zvy\u010dajne vyroben\u00e9 z vysoko pevn\u00fdch materi\u00e1lov, ktor\u00e9 maj\u00fa dobr\u00fa odolnos\u0165 vo\u010di opotrebovaniu a kor\u00f3zii, vhodn\u00e9 na dlhodob\u00e9 pou\u017e\u00edvanie v n\u00e1ro\u010dn\u00fdch podmienkach.<br \/>\n4. Multifunk\u010dn\u00e1 prisp\u00f4sobivos\u0165: Tieto valce sa daj\u00fa \u0161iroko pou\u017ei\u0165 v r\u00f4znych typoch strojov, ako s\u00fa bagre, \u017eeriavy a mechanick\u00e9 ramen\u00e1, a prisp\u00f4sobi\u0165 sa r\u00f4znym pracovn\u00fdm po\u017eiadavk\u00e1m.<br \/>\n5. Jednoduch\u00e1 \u00fadr\u017eba: Valce ramien s\u00fa navrhnut\u00e9 pre jednoduch\u00fa \u00fadr\u017ebu a v\u00fdmenu a u\u013eah\u010duj\u00fa pravideln\u00fa kontrolu a \u00fadr\u017ebu, \u010d\u00edm sa skracuj\u00fa prestoje zariadenia.<\/p>\n<p>N\u00e1\u0161 produkt dok\u00e1\u017ee dokonale nahradi\u0165 tieto hydraulick\u00e9 valce.<\/p>\n<p><img decoding=\"async\" src=\"https:\/\/www.hydraulic-cylinders.net\/wp-content\/uploads\/2025\/01\/songte-oil-pipes-and-spare-parts.webp\" alt=\"N\u00e1hradn\u00e9 diely\" \/><\/p>\n<p>Pou\u017eitie valca ramena:<\/p>\n<p>1. Stavebn\u00e9 kon\u0161trukcie: V bagroch a \u017eeriavoch sa valce ramien pou\u017e\u00edvaj\u00fa na ovl\u00e1danie pohybu r\u00fdpadiel alebo v\u00fdlo\u017en\u00edkov pri zemn\u00fdch pr\u00e1cach, manipul\u00e1cii s materi\u00e1lom a mont\u00e1\u017ei kon\u0161trukci\u00ed.<br \/>\n2. V\u00fdrobn\u00fd priemysel: V automatizovan\u00fdch v\u00fdrobn\u00fdch link\u00e1ch sa valce ramien pou\u017e\u00edvaj\u00fa na pohyb mechanick\u00fdch ramien pri mont\u00e1\u017enych, zv\u00e1rac\u00edch a manipula\u010dn\u00fdch procesoch, \u010d\u00edm sa zlep\u0161uje efektivita a presnos\u0165 v\u00fdroby.<br \/>\n3. Po\u013enohospod\u00e1rske stroje: V po\u013enohospod\u00e1rskych strojoch, ako s\u00fa zbera\u010de a seja\u010dky, riadia valce ramien pohyb ovl\u00e1dac\u00edch ramien a vykon\u00e1vaj\u00fa \u00falohy, ako je sadenie, hnojenie a zber \u00farody.<br \/>\n4. \u0164a\u017eba: V bansk\u00fdch zariadeniach sa valce ramien pou\u017e\u00edvaj\u00fa na ovl\u00e1danie pohybu ramien bansk\u00fdch zariaden\u00ed na \u0165a\u017ebu a manipul\u00e1ciu s rudou.<br \/>\n5. Logistika a doprava: Vo vysokozdvi\u017en\u00fdch voz\u00edkoch a manipula\u010dn\u00fdch robotoch sa valce ramien pou\u017e\u00edvaj\u00fa na ovl\u00e1danie zdv\u00edhania a pohybu vidl\u00edc, \u010d\u00edm sa dosahuje manipul\u00e1cia s materi\u00e1lom a stohovanie.<\/p>\n<p>\u00davahy o dizajne a krit\u00e9ri\u00e1 v\u00fdberu:<\/p>\n<p>1. Nosnos\u0165: Valce ramien by mali by\u0165 schopn\u00e9 odola\u0165 maxim\u00e1lnemu za\u0165a\u017eeniu, ktor\u00e9mu bud\u00fa vystaven\u00e9 po\u010das prev\u00e1dzky.<br \/>\n2. Tesniaci v\u00fdkon: Valce ramien by mali by\u0165 vybaven\u00e9 r\u00f4znymi tesniacimi komponentmi, ako s\u00fa tesnenia piestov a tesnenia ty\u010d\u00ed, vyroben\u00e9 z materi\u00e1lov odoln\u00fdch vo\u010di opotrebovaniu, ako je polyuret\u00e1n a nitrilov\u00e1 guma, ktor\u00e9 zabezpe\u010duj\u00fa vynikaj\u00faci tesniaci v\u00fdkon.<br \/>\n3. Trvanlivos\u0165: Valce ramien by mali by\u0165 vyroben\u00e9 z vysokopevnostn\u00fdch materi\u00e1lov a mali by by\u0165 povrchovo upraven\u00e9, aby sa zlep\u0161ila odolnos\u0165 vo\u010di opotrebovaniu a kor\u00f3zii.<br \/>\n4. Bezpe\u010dnos\u0165: Valce ramien by mali by\u0165 navrhnut\u00e9 tak, aby sa predi\u0161lo nehod\u00e1m a zabezpe\u010dila sa bezpe\u010dnos\u0165 obsluhy po\u010das prev\u00e1dzky.<br \/>\n5. \u00dadr\u017eba: Valce ramien by mali by\u0165 navrhnut\u00e9 pre jednoduch\u00fa \u00fadr\u017ebu a v\u00fdmenu, \u010d\u00edm sa zn\u00ed\u017eia prestoje zariadenia a n\u00e1klady na \u00fadr\u017ebu.<\/p>\n<p><img decoding=\"async\" src=\"https:\/\/www.hydraulic-cylinders.net\/wp-content\/uploads\/2025\/01\/songte-cylinder-head-with-all-kinds-excavator-models.webp\" alt=\"Hlava valcov\" \/><\/p>\n<p>Tesnenie a mazanie valca ramena:<\/p>\n<p>Valce ramen by mali by\u0165 vybaven\u00e9 r\u00f4znymi tesniacimi komponentmi, ako s\u00fa tesnenia piestov a tesnenia ty\u010d\u00ed, vyroben\u00e9 z materi\u00e1lov odoln\u00fdch vo\u010di opotrebovaniu, ako je polyuret\u00e1n a nitrilov\u00fd kau\u010duk, ktor\u00e9 zabezpe\u010duj\u00fa vynikaj\u00faci tesniaci v\u00fdkon. Teles\u00e1 valcov a povrchy z\u00e1vitov\u00fdch koncov by mali by\u0165 povrchovo upraven\u00e9, aby sa zlep\u0161ila odolnos\u0165 vo\u010di opotrebovaniu. Valce ramen vy\u017eaduj\u00fa pravideln\u00e9 prid\u00e1vanie dostato\u010dn\u00e9ho mno\u017estva hydraulick\u00e9ho oleja na mazanie.<\/p>\n<p>Pravideln\u00e1 kontrola a opatrenia prevent\u00edvnej \u00fadr\u017eby:<\/p>\n<p>1. Skontrolujte valec ramena, \u010di na \u0148om nie s\u00fa netesnosti alebo po\u0161kodenia, a po\u0161koden\u00e9 diely v\u010das vyme\u0148te.<br \/>\n2. Pravidelne \u010distite valec ramena a vymie\u0148ajte hydraulick\u00fd olej pod\u013ea odpor\u00fa\u010dan\u00ed v\u00fdrobcu.<br \/>\n3. Skontrolujte hladinu hydraulick\u00e9ho oleja a v\u010das ho dopl\u0148te.<br \/>\n4. Pravidelne kontrolujte tesnenia a v pr\u00edpade potreby ich vyme\u0148te.<br \/>\n5. Pravidelne kontrolujte teleso valca a piestnu ty\u010d, \u010di nie s\u00fa deformovan\u00e9 alebo po\u0161koden\u00e9, a v pr\u00edpade potreby ich vyme\u0148te.<\/p>\n<p>Spr\u00e1vne pokyny na in\u0161tal\u00e1ciu:<\/p>\n<p>1. Pred in\u0161tal\u00e1ciou si pozorne pre\u010d\u00edtajte pokyny na in\u0161tal\u00e1ciu od v\u00fdrobcu.<br \/>\n2. Skontrolujte kompatibilitu valca ramena s in\u0161talovan\u00fdm zariaden\u00edm a uistite sa, \u017ee mont\u00e1\u017ena poloha je spr\u00e1vna.<br \/>\n3. Na in\u0161tal\u00e1ciu valca ramena pou\u017eite spr\u00e1vne n\u00e1stroje a vybavenie a uistite sa, \u017ee v\u0161etky upev\u0148ovacie skrutky s\u00fa utiahnut\u00e9 predp\u00edsan\u00fdm kr\u00fatiacim momentom.<br \/>\n4. Po in\u0161tal\u00e1cii skontrolujte, \u010di valec ramena netesn\u00ed, a vykonajte sk\u00fa\u0161obn\u00fa prev\u00e1dzku, aby ste sa uistili, \u017ee valec ramena funguje efekt\u00edvne.<\/p>\n<p><img decoding=\"async\" src=\"https:\/\/www.hydraulic-cylinders.net\/wp-content\/uploads\/2025\/01\/songte-bushings-with-all-kinds-of-excavator-models.webp\" alt=\"Puzdr\u00e1\" \/><\/p>\n<p>Bezpe\u010dnostn\u00e9 aspekty a faktory prostredia:<\/p>\n<p>Pri obsluhe valcov ramena s\u00fa nevyhnutn\u00e9 bezpe\u010dnostn\u00e9 opatrenia na zaistenie bezpe\u010dnosti obsluhy. Na zabezpe\u010denie spr\u00e1vnej prev\u00e1dzky valcov ramena by sa mali zoh\u013eadni\u0165 aj faktory prostredia, ako je teplota, vlhkos\u0165 a prach.<\/p>\n<p>Diagnostika a rie\u0161enie be\u017en\u00fdch por\u00fach:<\/p>\n<p>1. \u00danik hydraulick\u00e9ho oleja: Skontrolujte tesniace komponenty a v pr\u00edpade potreby ich vyme\u0148te.<br \/>\n2. Nedostato\u010dn\u00fd v\u00fdkon: Skontrolujte hydraulick\u00fd syst\u00e9m a vyme\u0148te po\u0161koden\u00e9 diely.<br \/>\n3. Nezvy\u010dajn\u00fd hluk: Skontrolujte, \u010di nie s\u00fa mechanicky po\u0161koden\u00e9 alebo deformovan\u00e9, a vyme\u0148te po\u0161koden\u00e9 diely.<br \/>\n4. Pomal\u00fd pohyb: Skontrolujte hydraulick\u00fd syst\u00e9m a vyme\u0148te po\u0161koden\u00e9 diely.<br \/>\n5. Nespr\u00e1vna obsluha: Skontrolujte n\u00e1vod na obsluhu a uistite sa, \u017ee obsluha je spr\u00e1vna.<\/p>\n<p>Tipy a rie\u0161enia probl\u00e9mov:<\/p>\n<p>1. Skontrolujte tesniace komponenty a v pr\u00edpade potreby ich vyme\u0148te, \u010di nedoch\u00e1dza k \u00faniku hydraulick\u00e9ho oleja.<br \/>\n2. V pr\u00edpade nedostato\u010dn\u00e9ho v\u00fdkonu skontrolujte hydraulick\u00fd syst\u00e9m a vyme\u0148te po\u0161koden\u00e9 diely.<br \/>\n3. V pr\u00edpade abnorm\u00e1lneho hluku skontrolujte, \u010di nedo\u0161lo k mechanick\u00e9mu po\u0161kodeniu alebo deform\u00e1cii, a vyme\u0148te po\u0161koden\u00e9 diely.<br \/>\n4. V pr\u00edpade pomal\u00e9ho pohybu skontrolujte hydraulick\u00fd syst\u00e9m a vyme\u0148te po\u0161koden\u00e9 diely.<br \/>\n5. V pr\u00edpade nespr\u00e1vnej obsluhy si pre\u010d\u00edtajte n\u00e1vod na obsluhu a uistite sa, \u017ee obsluha funguje spr\u00e1vne.<\/p>\n<p><img decoding=\"async\" src=\"https:\/\/www.hydraulic-cylinders.net\/wp-content\/uploads\/2025\/01\/songte-chushion-collar.webp\" alt=\"Obojok Chushion\" \/><\/p>\n<p>Sme profesion\u00e1lny v\u00fdrobca n\u00e1hradn\u00fdch hydraulick\u00fdch valcov so \u0161irokou \u0161k\u00e1lou produktov a stali sme sa jedn\u00fdm z popredn\u00fdch v\u00fdrobcov a ve\u013ekoobchodn\u00fdch distrib\u00fatorov hydraulick\u00fdch valcov na dom\u00e1com aj medzin\u00e1rodnom trhu. V\u017edy dodr\u017eiavame z\u00e1sadu vynikaj\u00facej kvality, spoliehame sa na industrializovan\u00e9 strat\u00e9gie riadenia v\u00fdroby v sofistikovan\u00fdch v\u00fdrobn\u00fdch diel\u0148ach a neust\u00e1le zlep\u0161ujeme na\u0161u technick\u00fa \u00farove\u0148 a efektivitu v\u00fdroby. Prostredn\u00edctvom zav\u00e1dzania \u0161pi\u010dkov\u00fdch digit\u00e1lnych v\u00fdrobn\u00fdch zariaden\u00ed a profesion\u00e1lnych testovac\u00edch syst\u00e9mov neust\u00e1le optimalizujeme v\u00fdrobn\u00fa platformu, zlep\u0161ujeme procesy kontroly kvality v\u00fdrobkov a m\u00e1me siln\u00e9 inova\u010dn\u00e9 schopnosti. Na\u0161\u00edm cie\u013eom je uspokoji\u0165 rozmanit\u00e9 potreby z\u00e1kazn\u00edkov s vysokou efektivitou, presnos\u0165ou a princ\u00edpmi vysokej kvality.<\/p>\n<p>Na\u0161a spolo\u010dnos\u0165 poskytuje profesion\u00e1lne slu\u017eby, ako s\u00fa \u00fapravy na mieru, v\u00fdrobn\u00e9 zariadenia a popredajn\u00e9 slu\u017eby.<\/p>\n<p><img decoding=\"async\" src=\"https:\/\/www.hydraulic-cylinders.net\/wp-content\/uploads\/2025\/01\/songte-company-4.webp\" alt=\"Spolo\u010dnos\u0165\" \/><br \/>\n<img decoding=\"async\" src=\"https:\/\/www.hydraulic-cylinders.net\/wp-content\/uploads\/2025\/01\/songte-company-3.webp\" alt=\"Spolo\u010dnos\u0165\" \/><\/p>\n<p>Autor: lyl<\/p>","protected":false},"excerpt":{"rendered":"<p>Arm Cylinder for XCMG Large Excavator XE370CA Arm cylinder is a specially designed hydraulic cylinder that is primarily used to provide linear motion and power to arms of various types of machinery such as excavators, cranes, and mechanical arms. Arm cylinders play a crucial role in hydraulic systems, allowing additional tools or attachments to move [&hellip;]<\/p>","protected":false},"featured_media":14774,"comment_status":"open","ping_status":"closed","template":"","meta":{"_et_pb_use_builder":"","_et_pb_old_content":"","_et_gb_content_width":""},"product_brand":[],"product_cat":[1497],"product_tag":[1498,1496],"class_list":{"0":"post-16409","1":"product","2":"type-product","3":"status-publish","4":"has-post-thumbnail","6":"product_cat-arm-cylinders","7":"product_tag-arm-cylinders","8":"product_tag-hydraulic-cylinders","10":"first","11":"instock","12":"shipping-taxable","13":"product-type-simple"},"amp_enabled":true,"_links":{"self":[{"href":"https:\/\/www.hydraulic-cylinders.net\/sk\/wp-json\/wp\/v2\/product\/16409","targetHints":{"allow":["GET"]}}],"collection":[{"href":"https:\/\/www.hydraulic-cylinders.net\/sk\/wp-json\/wp\/v2\/product"}],"about":[{"href":"https:\/\/www.hydraulic-cylinders.net\/sk\/wp-json\/wp\/v2\/types\/product"}],"replies":[{"embeddable":true,"href":"https:\/\/www.hydraulic-cylinders.net\/sk\/wp-json\/wp\/v2\/comments?post=16409"}],"wp:featuredmedia":[{"embeddable":true,"href":"https:\/\/www.hydraulic-cylinders.net\/sk\/wp-json\/wp\/v2\/media\/14774"}],"wp:attachment":[{"href":"https:\/\/www.hydraulic-cylinders.net\/sk\/wp-json\/wp\/v2\/media?parent=16409"}],"wp:term":[{"taxonomy":"product_brand","embeddable":true,"href":"https:\/\/www.hydraulic-cylinders.net\/sk\/wp-json\/wp\/v2\/product_brand?post=16409"},{"taxonomy":"product_cat","embeddable":true,"href":"https:\/\/www.hydraulic-cylinders.net\/sk\/wp-json\/wp\/v2\/product_cat?post=16409"},{"taxonomy":"product_tag","embeddable":true,"href":"https:\/\/www.hydraulic-cylinders.net\/sk\/wp-json\/wp\/v2\/product_tag?post=16409"}],"curies":[{"name":"pracovn\u00fd list","href":"https:\/\/api.w.org\/{rel}","templated":true}]}}