{"id":16411,"date":"2025-01-20T09:13:23","date_gmt":"2025-01-20T09:13:23","guid":{"rendered":"https:\/\/www.hydraulic-cylinders.net\/product\/arm-cylinderfor-xcmg-large-excavator-xe500m\/"},"modified":"2025-01-20T09:13:25","modified_gmt":"2025-01-20T09:13:25","slug":"arm-cylinderfor-xcmg-large-excavator-xe500m","status":"publish","type":"product","link":"https:\/\/www.hydraulic-cylinders.net\/sk\/produkt\/arm-cylinderfor-xcmg-large-excavator-xe500m\/","title":{"rendered":"Valec ramena pre ve\u013ek\u00e9 r\u00fdpadlo XCMG XE500M"},"content":{"rendered":"<p>Valec ramena pre ve\u013ek\u00e9 r\u00fdpadlo XCMG XE500M<\/p>\n<p>\u00davod:<br \/>\nHydraulick\u00fd valec ramena je \u0161peci\u00e1lne navrhnut\u00fd hydraulick\u00fd valec, ktor\u00fd poskytuje line\u00e1rny pohyb a v\u00fdkon ramenu r\u00f4znych typov strojov, ako s\u00fa r\u00fdpadl\u00e1, \u017eeriavy a robotick\u00e9 ramen\u00e1. Hydraulick\u00e9 valce ramena zohr\u00e1vaj\u00fa k\u013e\u00fa\u010dov\u00fa \u00falohu v hydraulick\u00fdch syst\u00e9moch, preto\u017ee umo\u017e\u0148uj\u00fa efekt\u00edvny pohyb a ovl\u00e1danie pr\u00edslu\u0161enstva alebo pr\u00edslu\u0161enstva. Tieto valce nielen zabezpe\u010duj\u00fa plynul\u00fd pohyb, ale tie\u017e odol\u00e1vaj\u00fa \u0165a\u017ek\u00fdm za\u0165a\u017eeniam, \u010d\u00edm zabezpe\u010duj\u00fa efekt\u00edvnu prev\u00e1dzku a spo\u013eahlivos\u0165 strojov v r\u00f4znych pracovn\u00fdch podmienkach.<\/p>\n<p><img decoding=\"async\" src=\"https:\/\/www.hydraulic-cylinders.net\/wp-content\/uploads\/2025\/01\/songte-company-2.webp\"><\/p>\n<p>Vlastnosti:<br \/>\n1. Efekt\u00edvny prenos v\u00fdkonu: Valec ramena poskytuje siln\u00fd line\u00e1rny pohyb a silu, \u010d\u00edm zais\u0165uje vysok\u00fd v\u00fdkon robotick\u00e9ho ramena pri r\u00f4znych oper\u00e1ci\u00e1ch.<br \/>\n2. Presn\u00e9 ovl\u00e1danie: V\u010faka hydraulick\u00e9mu syst\u00e9mu dok\u00e1\u017ee valec ramena dosiahnu\u0165 presn\u00e9 ovl\u00e1danie pohybu, v\u010faka \u010domu je ovl\u00e1danie pr\u00eddavn\u00fdch n\u00e1strojov flexibilnej\u0161ie a presnej\u0161ie.<br \/>\n3. Vysok\u00e1 odolnos\u0165: Valce ramien s\u00fa zvy\u010dajne vyroben\u00e9 z vysoko pevn\u00fdch materi\u00e1lov, maj\u00fa dobr\u00fa odolnos\u0165 vo\u010di opotrebovaniu a kor\u00f3zii a s\u00fa vhodn\u00e9 na dlhodob\u00e9 pou\u017e\u00edvanie v n\u00e1ro\u010dn\u00fdch podmienkach.<br \/>\n4. Multifunk\u010dn\u00e1 prisp\u00f4sobivos\u0165: Tieto valce sa daj\u00fa \u0161iroko pou\u017e\u00edva\u0165 v r\u00f4znych mechanick\u00fdch zariadeniach, ako s\u00fa bagre, \u017eeriavy a robotick\u00e9 ramen\u00e1, a prisp\u00f4sobuj\u00fa sa r\u00f4znym pracovn\u00fdm po\u017eiadavk\u00e1m.<br \/>\n5. Jednoduch\u00e1 \u00fadr\u017eba: Kon\u0161trukcia valcov ramena zoh\u013ead\u0148uje jednoduch\u00fa \u00fadr\u017ebu a v\u00fdmenu, v\u010faka \u010domu je pravideln\u00e1 kontrola a \u00fadr\u017eba pohodlnej\u0161ia a skracuje sa doba prestojov zariadenia.<\/p>\n<p><img decoding=\"async\" src=\"https:\/\/www.hydraulic-cylinders.net\/wp-content\/uploads\/2025\/01\/songte-oil-pipes-and-spare-parts.webp\"><\/p>\n<p>Aplik\u00e1cie:<br \/>\n1. Stavebn\u00e9 in\u017einierstvo: Valce ramien sa pou\u017e\u00edvaj\u00fa na ovl\u00e1danie pohybu r\u00fdpadla alebo v\u00fdlo\u017en\u00edka v r\u00fdpadl\u00e1ch a \u017eeriavoch, pri zemn\u00fdch pr\u00e1cach, manipul\u00e1cii s materi\u00e1lom a mont\u00e1\u017ei kon\u0161trukci\u00ed.<br \/>\n2. V\u00fdroba: V automatizovan\u00fdch v\u00fdrobn\u00fdch link\u00e1ch sa valce ramien pou\u017e\u00edvaj\u00fa na pohyb robotick\u00fdch ramien, na mont\u00e1\u017ene, zv\u00e1racie a manipula\u010dn\u00e9 procesy, \u010d\u00edm sa zlep\u0161uje efektivita a presnos\u0165 v\u00fdroby.<br \/>\n3. Po\u013enohospod\u00e1rske stroje: V po\u013enohospod\u00e1rskych strojoch, ako s\u00fa zbera\u010de a seja\u010dky, riadia valce ramien pohyb ovl\u00e1dac\u00edch ramien a vykon\u00e1vaj\u00fa \u00falohy, ako je siatie, hnojenie a zber \u00farody.<br \/>\n4. \u0164a\u017eba: V bansk\u00fdch zariadeniach sa valce ramien pou\u017e\u00edvaj\u00fa na ovl\u00e1danie pohybu ramien bansk\u00fdch zariaden\u00ed, na \u0165a\u017ebu a manipul\u00e1ciu s materi\u00e1lom.<br \/>\n5. Logistika a doprava: Vo vysokozdvi\u017en\u00fdch voz\u00edkoch a manipula\u010dn\u00fdch robotoch sa valce ramien pou\u017e\u00edvaj\u00fa na ovl\u00e1danie zdv\u00edhania a pohybu vidl\u00edc, na manipul\u00e1ciu s materi\u00e1lom a stohovanie.<\/p>\n<p>Dizajnov\u00e9 aspekty a krit\u00e9ri\u00e1 v\u00fdberu:<br \/>\n1. Nosnos\u0165: Valce ramien s\u00fa navrhnut\u00e9 tak, aby odolali \u0165a\u017ek\u00fdm za\u0165a\u017eeniam a poskytovali spo\u013eahliv\u00fd prenos sily.<br \/>\n2. Tesnenie: Na zabezpe\u010denie tesniaceho v\u00fdkonu valca sa pou\u017e\u00edvaj\u00fa r\u00f4zne tesniace prvky, ako s\u00fa tesnenia piestov a tesnenia ty\u010d\u00ed, a ako tesniace prvky sa vyberaj\u00fa polyuret\u00e1nov\u00e9 alebo nitrilov\u00e9 gumov\u00e9 materi\u00e1ly s vysokou odolnos\u0165ou proti opotrebovaniu.<br \/>\n3. Trvanlivos\u0165: Teleso valca a z\u00e1vitov\u00fd koniec s\u00fa prec\u00edzne spracovan\u00e9, aby sa zlep\u0161ila odolnos\u0165 proti opotrebovaniu, odolnos\u0165 proti kor\u00f3zii a pred\u013a\u017eila sa \u017eivotnos\u0165.<br \/>\n4. Bezpe\u010dnos\u0165: Valce ramien s\u00fa navrhnut\u00e9 s poistn\u00fdmi ventilmi, aby sa zabr\u00e1nilo pre\u0165a\u017eeniu a zabezpe\u010dila sa bezpe\u010dn\u00e1 prev\u00e1dzka.<br \/>\n5. \u00dadr\u017eba: Valce ramien s\u00fa navrhnut\u00e9 tak, aby sa dali \u013eahko udr\u017eiava\u0165 a vymie\u0148a\u0165, \u010d\u00edm sa skracuje \u010das a n\u00e1klady na \u00fadr\u017ebu.<\/p>\n<p><img decoding=\"async\" src=\"https:\/\/www.hydraulic-cylinders.net\/wp-content\/uploads\/2025\/01\/songte-cylinder-head-with-all-kinds-excavator-models.webp\"><\/p>\n<p>Tesnenie a mazanie:<br \/>\nValce ramena pou\u017e\u00edvaj\u00fa r\u00f4zne tesniace prvky, ako s\u00fa tesnenia piestov, tesnenia ty\u010d\u00ed a stiera\u010de, aby sa zabr\u00e1nilo \u00faniku hydraulick\u00e9ho oleja a zabezpe\u010dila sa plynul\u00e1 prev\u00e1dzka valca. Ako materi\u00e1l pre tesniace prvky sa vol\u00ed polyuret\u00e1nov\u00e1 alebo nitrilov\u00e1 guma s vysokou odolnos\u0165ou proti opotrebovaniu. Teleso valca a z\u00e1vitov\u00fd koniec s\u00fa presne spracovan\u00e9, aby sa zlep\u0161ila odolnos\u0165 proti opotrebovaniu a kor\u00f3zii. Na zabezpe\u010denie mazania valca je potrebn\u00e9 pravidelne prid\u00e1va\u0165 primeran\u00e9 mno\u017estvo hydraulick\u00e9ho oleja.<\/p>\n<p>Pravideln\u00e1 kontrola a prevent\u00edvna \u00fadr\u017eba:<br \/>\n1. Pravideln\u00e1 kontrola: Odpor\u00fa\u010da sa pravidelne kontrolova\u0165 valec, \u010di nevykazuje zn\u00e1mky opotrebovania alebo po\u0161kodenia, ako s\u00fa \u0161krabance, praskliny alebo \u00fanik oleja.<br \/>\n2. Prevent\u00edvna \u00fadr\u017eba: Odpor\u00fa\u010da sa pravidelne vymie\u0148a\u0165 tesniace prvky a hydraulick\u00fd olej, aby sa zabezpe\u010dila tesniaca a mazacia \u00fa\u010dinnos\u0165 valca.<\/p>\n<p><img decoding=\"async\" src=\"https:\/\/www.hydraulic-cylinders.net\/wp-content\/uploads\/2025\/01\/songte-chushion-collar.webp\"><\/p>\n<p>N\u00e1vod na in\u0161tal\u00e1ciu produktu:<br \/>\n1. Pred in\u0161tal\u00e1ciou si pozorne pre\u010d\u00edtajte pokyny na in\u0161tal\u00e1ciu.<br \/>\n2. Nain\u0161talujte valec spr\u00e1vnym smerom a orient\u00e1ciou.<br \/>\n3. Uistite sa, \u017ee v\u0161etky spoje s\u00fa spr\u00e1vne utiahnut\u00e9 a utesnen\u00e9.<br \/>\n4. Skontrolujte, \u010di nedoch\u00e1dza k ru\u0161eniu medzi valcom a in\u00fdm zariaden\u00edm.<br \/>\n5. Po in\u0161tal\u00e1cii otestujte valec, aby ste sa uistili o jeho spr\u00e1vnej funkcii.<\/p>\n<p>Bezpe\u010dnostn\u00e9 aspekty a faktory prostredia:<br \/>\n1. Pri pou\u017e\u00edvan\u00ed hydraulick\u00fdch valcov ramena s\u00fa d\u00f4le\u017eit\u00e9 bezpe\u010dnostn\u00e9 opatrenia, preto\u017ee ide o \u0165a\u017ek\u00e9 stroje a vysokotlakov\u00e9 hydraulick\u00e9 syst\u00e9my. Pracovn\u00edkom by malo by\u0165 poskytnut\u00e9 riadne \u0161kolenie a bezpe\u010dnostn\u00e9 vybavenie.<br \/>\n2. Valce s ramenom by sa mali pou\u017e\u00edva\u0165 a skladova\u0165 vo vhodnom prostred\u00ed, aby sa predi\u0161lo vystaveniu vysok\u00fdm teplot\u00e1m, vlhkosti alebo koroz\u00edvnym l\u00e1tkam.<\/p>\n<p>Rie\u0161enie probl\u00e9mov a be\u017en\u00e9 probl\u00e9my:<br \/>\n1. \u00danik oleja: Skontrolujte tesniace prvky a olejov\u00fd kan\u00e1l, \u010di nie s\u00fa po\u0161koden\u00e9 alebo upchat\u00e9. Vyme\u0148te po\u0161koden\u00e9 alebo opotrebovan\u00e9 tesniace prvky a vy\u010distite olejov\u00fd kan\u00e1l.<br \/>\n2. Pomal\u00fd alebo nestabiln\u00fd pohyb: Skontrolujte hydraulick\u00fd syst\u00e9m, \u010di nie je dostato\u010dn\u00fd pr\u00edvod alebo tlak oleja, alebo \u010di nie je zablokovan\u00fd olejov\u00fd kan\u00e1l. V pr\u00edpade potreby opravte alebo vyme\u0148te hydraulick\u00e9 \u010derpadlo alebo ventil.<br \/>\n3. Nezvy\u010dajn\u00fd hluk: Skontrolujte valec, \u010di nie je po\u0161koden\u00fd alebo opotrebovan\u00fd, alebo \u010di sa v hydraulickom syst\u00e9me nenach\u00e1dza vzduch. Vyme\u0148te po\u0161koden\u00e9 alebo opotrebovan\u00e9 diely a odvzdu\u0161nite hydraulick\u00fd syst\u00e9m.<\/p>\n<p>V\u00fdroba produktov:<br \/>\nSme profesion\u00e1lny v\u00fdrobca n\u00e1hradn\u00fdch hydraulick\u00fdch valcov so \u0161irokou \u0161k\u00e1lou produktov. Stali sme sa jedn\u00fdm z popredn\u00fdch v\u00fdrobcov a ve\u013ekoobchodn\u00fdch distrib\u00fatorov hydraulick\u00fdch valcov na dom\u00e1com aj medzin\u00e1rodnom trhu. V\u017edy sa dr\u017e\u00edme z\u00e1sady vynikaj\u00facej kvality a neust\u00e1le zlep\u0161ujeme na\u0161e technol\u00f3gie a efektivitu v\u00fdroby. Zav\u00e1dzan\u00edm \u0161pi\u010dkov\u00fdch digit\u00e1lnych v\u00fdrobn\u00fdch zariaden\u00ed a profesion\u00e1lnych testovac\u00edch syst\u00e9mov optimalizujeme na\u0161u v\u00fdrobn\u00fa platformu a zlep\u0161ujeme proces kontroly kvality na\u0161ich v\u00fdrobkov so siln\u00fdmi inova\u010dn\u00fdmi schopnos\u0165ami. Na\u0161\u00edm cie\u013eom je uspokoji\u0165 rozmanit\u00e9 potreby z\u00e1kazn\u00edkov s vysokou efektivitou, presnos\u0165ou a vysoko kvalitn\u00fdmi produktmi.<\/p>\n<p><img decoding=\"async\" src=\"https:\/\/www.hydraulic-cylinders.net\/wp-content\/uploads\/2025\/01\/songte-company-4.webp\"><br \/>\n<img decoding=\"async\" src=\"https:\/\/www.hydraulic-cylinders.net\/wp-content\/uploads\/2025\/01\/songte-company-3.webp\"><\/p>\n<p>Predstavenie spolo\u010dnosti:<br \/>\n1. Profesionalita: M\u00e1me profesion\u00e1lny t\u00edm s bohat\u00fdmi sk\u00fasenos\u0165ami v odvetv\u00ed hydraulick\u00fdch valcov, ktor\u00fd z\u00e1kazn\u00edkom poskytuje slu\u017eby na mieru.<br \/>\n2. Medzin\u00e1rodn\u00e1 certifik\u00e1cia: Na\u0161e v\u00fdrobky z\u00edskali certifik\u00e1ciu ISO 9001: 2015 a vyv\u00e1\u017eaj\u00fa sa do mnoh\u00fdch kraj\u00edn a regi\u00f3nov po celom svete.<br \/>\n3. Prisp\u00f4soben\u00e9 slu\u017eby: Hydraulick\u00e9 valce vieme prisp\u00f4sobi\u0165 pod\u013ea \u0161pecifick\u00fdch po\u017eiadaviek z\u00e1kazn\u00edkov a poskytn\u00fa\u0165 im \u0161irok\u00fa \u0161k\u00e1lu mo\u017enost\u00ed.<br \/>\n4. V\u00fdrobn\u00e9 zariadenia: M\u00e1me modern\u00e9 v\u00fdrobn\u00e9 zariadenia vr\u00e1tane CNC obr\u00e1bac\u00edch strojov, automatick\u00fdch zv\u00e1ra\u010diek a automatick\u00fdch lakovac\u00edch liniek, aby sme zabezpe\u010dili efekt\u00edvnu a vysoko kvalitn\u00fa v\u00fdrobu.<br \/>\n5. Popredajn\u00e9 slu\u017eby: M\u00e1me profesion\u00e1lny t\u00edm popredajn\u00fdch slu\u017eieb, ktor\u00fd z\u00e1kazn\u00edkom poskytuje v\u010dasn\u00e9 a efekt\u00edvne slu\u017eby vr\u00e1tane technickej podpory, pokynov na in\u0161tal\u00e1ciu a \u00fadr\u017eby.<\/p>\n<p>Autor: lyl<\/p>","protected":false},"excerpt":{"rendered":"<p>Arm Cylinder for XCMG Large Excavator XE500M Introduction: Arm cylinder is a specially designed hydraulic cylinder that provides linear motion and power to the arm of various types of machinery such as excavators, cranes, and robotic arms. Arm cylinders play a crucial role in hydraulic systems, allowing attachment tools or accessories to move and be [&hellip;]<\/p>","protected":false},"featured_media":14770,"comment_status":"open","ping_status":"closed","template":"","meta":{"_et_pb_use_builder":"","_et_pb_old_content":"","_et_gb_content_width":""},"product_brand":[],"product_cat":[1497],"product_tag":[1498,1496],"class_list":{"0":"post-16411","1":"product","2":"type-product","3":"status-publish","4":"has-post-thumbnail","6":"product_cat-arm-cylinders","7":"product_tag-arm-cylinders","8":"product_tag-hydraulic-cylinders","10":"first","11":"instock","12":"shipping-taxable","13":"product-type-simple"},"amp_enabled":true,"_links":{"self":[{"href":"https:\/\/www.hydraulic-cylinders.net\/sk\/wp-json\/wp\/v2\/product\/16411","targetHints":{"allow":["GET"]}}],"collection":[{"href":"https:\/\/www.hydraulic-cylinders.net\/sk\/wp-json\/wp\/v2\/product"}],"about":[{"href":"https:\/\/www.hydraulic-cylinders.net\/sk\/wp-json\/wp\/v2\/types\/product"}],"replies":[{"embeddable":true,"href":"https:\/\/www.hydraulic-cylinders.net\/sk\/wp-json\/wp\/v2\/comments?post=16411"}],"wp:featuredmedia":[{"embeddable":true,"href":"https:\/\/www.hydraulic-cylinders.net\/sk\/wp-json\/wp\/v2\/media\/14770"}],"wp:attachment":[{"href":"https:\/\/www.hydraulic-cylinders.net\/sk\/wp-json\/wp\/v2\/media?parent=16411"}],"wp:term":[{"taxonomy":"product_brand","embeddable":true,"href":"https:\/\/www.hydraulic-cylinders.net\/sk\/wp-json\/wp\/v2\/product_brand?post=16411"},{"taxonomy":"product_cat","embeddable":true,"href":"https:\/\/www.hydraulic-cylinders.net\/sk\/wp-json\/wp\/v2\/product_cat?post=16411"},{"taxonomy":"product_tag","embeddable":true,"href":"https:\/\/www.hydraulic-cylinders.net\/sk\/wp-json\/wp\/v2\/product_tag?post=16411"}],"curies":[{"name":"pracovn\u00fd list","href":"https:\/\/api.w.org\/{rel}","templated":true}]}}