{"id":16412,"date":"2025-01-20T09:13:27","date_gmt":"2025-01-20T09:13:27","guid":{"rendered":"https:\/\/www.hydraulic-cylinders.net\/product\/arm-cylinderfor-xcmg-large-excavator-xe700c\/"},"modified":"2025-01-20T09:13:29","modified_gmt":"2025-01-20T09:13:29","slug":"arm-cylinderfor-xcmg-large-excavator-xe700c","status":"publish","type":"product","link":"https:\/\/www.hydraulic-cylinders.net\/sk\/produkt\/arm-cylinderfor-xcmg-large-excavator-xe700c\/","title":{"rendered":"Valec ramena pre ve\u013ek\u00e9 r\u00fdpadlo XCMG XE700C"},"content":{"rendered":"<p>Valec ramena pre ve\u013ek\u00e9 r\u00fdpadlo XCMG XE700C<\/p>\n<p>Hydraulick\u00fd valec ramena je typ \u0161peci\u00e1lne navrhnut\u00e9ho hydraulick\u00e9ho valca, ktor\u00fd sa pou\u017e\u00edva hlavne na zabezpe\u010denie line\u00e1rneho pohybu a v\u00fdkonu ramien r\u00f4znych typov strojov, ako s\u00fa r\u00fdpadl\u00e1, \u017eeriavy a mechanick\u00e9 ramen\u00e1. Hydraulick\u00fd valec ramena zohr\u00e1va k\u013e\u00fa\u010dov\u00fa \u00falohu v hydraulick\u00fdch syst\u00e9moch, preto\u017ee umo\u017e\u0148uje efekt\u00edvny pohyb a ovl\u00e1danie pripojen\u00e9ho n\u00e1radia alebo pr\u00edslu\u0161enstva. Tieto valce nielen umo\u017e\u0148uj\u00fa plynul\u00fd pohyb, ale tie\u017e odol\u00e1vaj\u00fa \u0165a\u017ek\u00fdm za\u0165a\u017eeniam, \u010d\u00edm zabezpe\u010duj\u00fa efekt\u00edvnu prev\u00e1dzku a spo\u013eahlivos\u0165 strojov v r\u00f4znych pracovn\u00fdch podmienkach.<\/p>\n<p><img decoding=\"async\" src=\"https:\/\/www.hydraulic-cylinders.net\/wp-content\/uploads\/2025\/01\/songte-company-2.webp\"><\/p>\n<p>Vlastnosti valca ramena:<br \/>\n\u2013 Vysoko\u00fa\u010dinn\u00fd prevod: Valec ramena poskytuje siln\u00fd line\u00e1rny pohyb a silu, \u010d\u00edm zais\u0165uje vysoko\u00fa\u010dinn\u00fd v\u00fdkon mechanick\u00e9ho ramena pri r\u00f4znych oper\u00e1ci\u00e1ch.<br \/>\n\u2013 Presn\u00e9 ovl\u00e1danie: Prostredn\u00edctvom hydraulick\u00e9ho syst\u00e9mu dok\u00e1\u017ee valec ramena dosiahnu\u0165 presn\u00e9 ovl\u00e1danie pohybu, v\u010faka \u010domu je ovl\u00e1danie pripojen\u00e9ho n\u00e1radia flexibilnej\u0161ie a presnej\u0161ie.<br \/>\n\u2013 Vysok\u00e1 odolnos\u0165: Valce ramien s\u00fa zvy\u010dajne vyroben\u00e9 z vysoko pevn\u00fdch materi\u00e1lov a maj\u00fa dobr\u00fa odolnos\u0165 vo\u010di opotrebovaniu a kor\u00f3zii, s\u00fa vhodn\u00e9 na dlhodob\u00e9 pou\u017e\u00edvanie v n\u00e1ro\u010dn\u00fdch podmienkach.<br \/>\n\u2013 Multifunk\u010dn\u00e1 prisp\u00f4sobivos\u0165: Tieto valce sa daj\u00fa \u0161iroko pou\u017e\u00edva\u0165 v r\u00f4znych typoch strojov, ako s\u00fa bagre, \u017eeriavy a mechanick\u00e9 ramen\u00e1, a prisp\u00f4sobuj\u00fa sa r\u00f4znym pracovn\u00fdm po\u017eiadavk\u00e1m.<br \/>\n\u2013 Jednoduch\u00e1 \u00fadr\u017eba: Dizajn je zameran\u00fd na jednoduch\u00fa \u00fadr\u017ebu a v\u00fdmenu, v\u010faka \u010domu s\u00fa pravideln\u00e9 kontroly a \u00fadr\u017eba pohodlnej\u0161ie a skracuj\u00fa sa prestoje zariaden\u00ed.<\/p>\n<p>Na\u0161e produkty dok\u00e1\u017eu dokonale nahradi\u0165 tieto hydraulick\u00e9 valce.<\/p>\n<p><img decoding=\"async\" src=\"https:\/\/www.hydraulic-cylinders.net\/wp-content\/uploads\/2025\/01\/songte-oil-pipes-and-spare-parts.webp\"><\/p>\n<p>Aplik\u00e1cie:<br \/>\n\u2013 Stavebn\u00e9 in\u017einierstvo: Valce ramien sa pou\u017e\u00edvaj\u00fa v r\u00fdpadl\u00e1ch a \u017eeriavoch na ovl\u00e1danie pohybu vedra alebo v\u00fdlo\u017en\u00edka, pri zemn\u00fdch pr\u00e1cach, manipul\u00e1cii s materi\u00e1lom a mont\u00e1\u017ei kon\u0161trukci\u00ed.<br \/>\n\u2013 V\u00fdroba: V automatizovan\u00fdch v\u00fdrobn\u00fdch link\u00e1ch riadia valce ramien pohyb mechanick\u00fdch ramien pri mont\u00e1\u017ei, zv\u00e1ran\u00ed a manipul\u00e1cii, \u010d\u00edm sa zlep\u0161uje efektivita a presnos\u0165 v\u00fdroby.<br \/>\n\u2013 Po\u013enohospod\u00e1rske stroje: V po\u013enohospod\u00e1rskych strojoch, ako s\u00fa zbera\u010de a seja\u010dky, riadia valce ramien pohyb pracovn\u00fdch ramien a vykon\u00e1vaj\u00fa \u00falohy, ako je sadenie, hnojenie a zber \u00farody.<br \/>\n\u2013 \u0164a\u017eba: V bansk\u00fdch zariadeniach sa valce ramien pou\u017e\u00edvaj\u00fa na ovl\u00e1danie pohybu ramena bansk\u00e9ho zariadenia pri \u0165a\u017ebe a manipul\u00e1cii s rudou.<br \/>\n\u2013 Logistika a doprava: Vo vysokozdvi\u017en\u00fdch voz\u00edkoch a manipula\u010dn\u00fdch robotoch sa valce ramien pou\u017e\u00edvaj\u00fa na ovl\u00e1danie zdv\u00edhania a pohybu vidl\u00edc, \u010d\u00edm sa realizuje manipul\u00e1cia a stohovanie materi\u00e1lov.<\/p>\n<p>\u00davahy o dizajne a \u0161tandardy v\u00fdberu:<br \/>\n\u2013 Nosnos\u0165: Valec ramena mus\u00ed by\u0165 schopn\u00fd odola\u0165 maxim\u00e1lnej nosnosti stroja.<br \/>\n\u2013 Tesnivos\u0165: Mali by sa pou\u017ei\u0165 r\u00f4zne tesniace komponenty, ako s\u00fa tesniace kr\u00fa\u017eky piestov a tesniace kr\u00fa\u017eky ty\u010d\u00ed, a tesnenia by mali by\u0165 vyroben\u00e9 z materi\u00e1lov odoln\u00fdch vo\u010di opotrebovaniu, ako je polyuret\u00e1n a nitrilov\u00e1 guma.<br \/>\n\u2013 Trvanlivos\u0165: Teleso valca a povrch z\u00e1vitov\u00e9ho konca by mali by\u0165 jemne opracovan\u00e9, aby sa zlep\u0161ila odolnos\u0165 proti opotrebovaniu.<br \/>\n\u2013 Bezpe\u010dnos\u0165: Valec ramena by mal by\u0165 navrhnut\u00fd s bezpe\u010dnostn\u00fdm faktorom, aby sa predi\u0161lo nehod\u00e1m sp\u00f4soben\u00fdm nadmern\u00fdm za\u0165a\u017een\u00edm.<br \/>\n\u2013 \u00dadr\u017eba: Kon\u0161trukcia by mala zoh\u013ead\u0148ova\u0165 jednoduch\u00fa \u00fadr\u017ebu a v\u00fdmenu, aby sa pravideln\u00e9 kontroly a \u00fadr\u017eba stali pohodlnej\u0161\u00edmi.<\/p>\n<p><img decoding=\"async\" src=\"https:\/\/www.hydraulic-cylinders.net\/wp-content\/uploads\/2025\/01\/songte-cylinder-head-with-all-kinds-excavator-models.webp\"><\/p>\n<p>Tesnenie a mazanie:<br \/>\n\u2013 Mali by sa pou\u017ei\u0165 r\u00f4zne tesniace komponenty, ako napr\u00edklad tesniace kr\u00fa\u017eky piestov a tesniace kr\u00fa\u017eky ty\u010d\u00ed, a tesnenia by mali by\u0165 vyroben\u00e9 z materi\u00e1lov odoln\u00fdch vo\u010di opotrebovaniu, ako je polyuret\u00e1n a nitrilov\u00e1 guma.<br \/>\n\u2013 Teleso valca a povrch z\u00e1vitov\u00e9ho konca by mali by\u0165 jemne opracovan\u00e9, aby sa zlep\u0161ila odolnos\u0165 proti opotrebovaniu.<br \/>\n\u2013 Na mazanie by sa malo pravidelne prid\u00e1va\u0165 primeran\u00e9 mno\u017estvo hydraulick\u00e9ho oleja.<\/p>\n<p>Pravideln\u00e1 kontrola a opatrenia prevent\u00edvnej \u00fadr\u017eby:<br \/>\n\u2013 Pravidelne kontrolujte valec ramena, \u010di nevykazuje zn\u00e1mky opotrebovania alebo po\u0161kodenia, a v\u010das vyme\u0148te opotrebovan\u00e9 alebo po\u0161koden\u00e9 diely.<br \/>\n\u2013 Pravidelne kontrolujte hydraulick\u00fd olej, \u010di neobsahuje ne\u010distoty, a v\u010das ho vyme\u0148te.<br \/>\n\u2013 Pravidelne kontrolujte tesniace komponenty a v pr\u00edpade po\u0161kodenia alebo opotrebovania ich v\u010das vyme\u0148te.<\/p>\n<p>Spr\u00e1vny n\u00e1vod na in\u0161tal\u00e1ciu produktu:<br \/>\n\u2013 Pred in\u0161tal\u00e1ciou o\u010distite in\u0161tala\u010dn\u00fd povrch stroja a koniec z\u00e1vitu valca ramena.<br \/>\n\u2013 Naneste vrstvu maziva na z\u00e1vitov\u00fd koniec valca ramena a nain\u0161talujte ho na stroj.<br \/>\n\u2013 Utiahnite spojovacie skrutky predp\u00edsan\u00fdm kr\u00fatiacim momentom.<\/p>\n<p><img decoding=\"async\" src=\"https:\/\/www.hydraulic-cylinders.net\/wp-content\/uploads\/2025\/01\/songte-bushings-with-all-kinds-of-excavator-models.webp\"><\/p>\n<p>Bezpe\u010dnostn\u00e9 aspekty a faktory prostredia:<br \/>\n\u2013 Po\u010das in\u0161tal\u00e1cie, prev\u00e1dzky a \u00fadr\u017eby valca ramena by sa mali dodr\u017eiava\u0165 bezpe\u010dnostn\u00e9 opatrenia.<br \/>\n\u2013 Pou\u017eit\u00fd hydraulick\u00fd olej by mal by\u0165 ekologick\u00fd a po pou\u017eit\u00ed riadne zlikvidovan\u00fd.<\/p>\n<p>Diagnostika por\u00fach a be\u017en\u00e9 probl\u00e9my:<br \/>\n\u2013 Nedostato\u010dn\u00e9 alebo nadmern\u00e9 mazanie m\u00f4\u017ee sp\u00f4sobi\u0165 abnorm\u00e1lny hluk alebo nedostato\u010dn\u00fd v\u00fdkon.<br \/>\n\u2013 Po\u0161kodenie tesniacich komponentov m\u00f4\u017ee sp\u00f4sobi\u0165 \u00fanik hydraulick\u00e9ho oleja.<br \/>\n\u2013 Mechanick\u00e9 opotrebenie alebo po\u0161kodenie m\u00f4\u017ee sp\u00f4sobi\u0165 nedostato\u010dn\u00fd v\u00fdkon alebo nestabiln\u00fd pohyb.<\/p>\n<p>Tipy na rie\u0161enie por\u00fach:<br \/>\n\u2013 Skontrolujte a upravte mno\u017estvo hydraulick\u00e9ho oleja.<br \/>\n\u2013 Vyme\u0148te po\u0161koden\u00e9 tesniace komponenty.<br \/>\n\u2013 Vyme\u0148te opotrebovan\u00e9 alebo po\u0161koden\u00e9 diely.<\/p>\n<p><img decoding=\"async\" src=\"https:\/\/www.hydraulic-cylinders.net\/wp-content\/uploads\/2025\/01\/songte-chushion-collar.webp\"><\/p>\n<p>Sme profesion\u00e1lny v\u00fdrobca n\u00e1hradn\u00fdch hydraulick\u00fdch valcov so \u0161irokou \u0161k\u00e1lou produktov. Stali sme sa jedn\u00fdm z popredn\u00fdch v\u00fdrobcov a ve\u013ekoobchodn\u00fdch distrib\u00fatorov hydraulick\u00fdch valcov na dom\u00e1com aj medzin\u00e1rodnom trhu. V\u017edy dodr\u017eiavame princ\u00edp vynikaj\u00facej kvality, spoliehame sa na strat\u00e9giu industrializovan\u00e9ho riadenia v\u00fdroby v prepracovanej v\u00fdrobnej dielni a neust\u00e1le zlep\u0161ujeme na\u0161u technick\u00fa \u00farove\u0148 a efektivitu v\u00fdroby. Zav\u00e1dzan\u00edm \u0161pi\u010dkov\u00fdch digit\u00e1lnych v\u00fdrobn\u00fdch zariaden\u00ed a profesion\u00e1lnych testovac\u00edch syst\u00e9mov neust\u00e1le optimalizujeme v\u00fdrobn\u00fa platformu, zlep\u0161ujeme proces kontroly kvality v\u00fdrobkov a m\u00e1me siln\u00e9 inova\u010dn\u00e9 schopnosti. Na\u0161\u00edm cie\u013eom je uspokoji\u0165 rozmanit\u00e9 potreby z\u00e1kazn\u00edkov s princ\u00edpmi efekt\u00edvnosti, presnosti a vysokej kvality.<\/p>\n<p>Pon\u00fakame profesion\u00e1lne slu\u017eby, medzin\u00e1rodn\u00e9 certifik\u00e1cie, slu\u017eby na mieru, v\u00fdrobn\u00e9 zariadenia a popredajn\u00fd servis.<\/p>\n<p><img decoding=\"async\" src=\"https:\/\/www.hydraulic-cylinders.net\/wp-content\/uploads\/2025\/01\/songte-company-4.webp\"><br \/>\n<img decoding=\"async\" src=\"https:\/\/www.hydraulic-cylinders.net\/wp-content\/uploads\/2025\/01\/songte-company-3.webp\"><br \/>\nAutor: lyl.<\/p>","protected":false},"excerpt":{"rendered":"<p>Arm Cylinder for XCMG Large Excavator XE700C Arm cylinder is a type of specially designed hydraulic cylinder that is mainly used to provide linear motion and power to the arms of various types of machinery, such as excavators, cranes, and mechanical arms. The arm cylinder plays a critical role in hydraulic systems, enabling the effective [&hellip;]<\/p>","protected":false},"featured_media":14766,"comment_status":"open","ping_status":"closed","template":"","meta":{"_et_pb_use_builder":"","_et_pb_old_content":"","_et_gb_content_width":""},"product_brand":[],"product_cat":[1497],"product_tag":[1498,1496],"class_list":{"0":"post-16412","1":"product","2":"type-product","3":"status-publish","4":"has-post-thumbnail","6":"product_cat-arm-cylinders","7":"product_tag-arm-cylinders","8":"product_tag-hydraulic-cylinders","10":"first","11":"instock","12":"shipping-taxable","13":"product-type-simple"},"amp_enabled":true,"_links":{"self":[{"href":"https:\/\/www.hydraulic-cylinders.net\/sk\/wp-json\/wp\/v2\/product\/16412","targetHints":{"allow":["GET"]}}],"collection":[{"href":"https:\/\/www.hydraulic-cylinders.net\/sk\/wp-json\/wp\/v2\/product"}],"about":[{"href":"https:\/\/www.hydraulic-cylinders.net\/sk\/wp-json\/wp\/v2\/types\/product"}],"replies":[{"embeddable":true,"href":"https:\/\/www.hydraulic-cylinders.net\/sk\/wp-json\/wp\/v2\/comments?post=16412"}],"wp:featuredmedia":[{"embeddable":true,"href":"https:\/\/www.hydraulic-cylinders.net\/sk\/wp-json\/wp\/v2\/media\/14766"}],"wp:attachment":[{"href":"https:\/\/www.hydraulic-cylinders.net\/sk\/wp-json\/wp\/v2\/media?parent=16412"}],"wp:term":[{"taxonomy":"product_brand","embeddable":true,"href":"https:\/\/www.hydraulic-cylinders.net\/sk\/wp-json\/wp\/v2\/product_brand?post=16412"},{"taxonomy":"product_cat","embeddable":true,"href":"https:\/\/www.hydraulic-cylinders.net\/sk\/wp-json\/wp\/v2\/product_cat?post=16412"},{"taxonomy":"product_tag","embeddable":true,"href":"https:\/\/www.hydraulic-cylinders.net\/sk\/wp-json\/wp\/v2\/product_tag?post=16412"}],"curies":[{"name":"pracovn\u00fd list","href":"https:\/\/api.w.org\/{rel}","templated":true}]}}