{"id":16419,"date":"2025-01-20T09:14:01","date_gmt":"2025-01-20T09:14:01","guid":{"rendered":"https:\/\/www.hydraulic-cylinders.net\/product\/arm-cylinderfor-xcmg-wheel-excavator-et110\/"},"modified":"2025-01-20T09:14:03","modified_gmt":"2025-01-20T09:14:03","slug":"arm-cylinderfor-xcmg-wheel-excavator-et110","status":"publish","type":"product","link":"https:\/\/www.hydraulic-cylinders.net\/sk\/produkt\/arm-cylinderfor-xcmg-wheel-excavator-et110\/","title":{"rendered":"Valec ramena pre kolesov\u00e9 r\u00fdpadlo XCMG ET110"},"content":{"rendered":"<h1>Valec ramena pre kolesov\u00e9 r\u00fdpadlo XCMG ET110<\/h1>\n<p><img decoding=\"async\" src=\"https:\/\/www.hydraulic-cylinders.net\/wp-content\/uploads\/2025\/01\/songte-company-2.webp\"><\/p>\n<h2>\u00davod a defin\u00edcia<\/h2>\n<p>Hydraulick\u00fd valec ramena je \u0161peci\u00e1lne navrhnut\u00fd hydraulick\u00fd valec, ktor\u00fd sa pou\u017e\u00edva na zabezpe\u010denie line\u00e1rneho pohybu a v\u00fdkonu ramena r\u00f4znych typov strojov, ako s\u00fa r\u00fdpadl\u00e1, \u017eeriavy a robotick\u00e9 ramen\u00e1. Valec ramena hr\u00e1 k\u013e\u00fa\u010dov\u00fa \u00falohu v hydraulick\u00fdch syst\u00e9moch, preto\u017ee umo\u017e\u0148uje efekt\u00edvny pohyb a ovl\u00e1danie dodato\u010dn\u00fdch n\u00e1strojov alebo pr\u00edslu\u0161enstva. Tieto valce nielen umo\u017e\u0148uj\u00fa plynul\u00fd pohyb, ale tie\u017e odol\u00e1vaj\u00fa \u0165a\u017ek\u00fdm za\u0165a\u017eeniam, \u010d\u00edm zabezpe\u010duj\u00fa efekt\u00edvnu prev\u00e1dzku a spo\u013eahlivos\u0165 strojov v r\u00f4znych pracovn\u00fdch podmienkach.<\/p>\n<h2>Vlastnosti valca ramena pre kolesov\u00e9 r\u00fdpadlo XCMG ET110<\/h2>\n<ul>\n<li><strong>Vysoko\u00fa\u010dinn\u00fd prenos:<\/strong> Valec ramena poskytuje siln\u00fd line\u00e1rny pohyb a silu, \u010d\u00edm zais\u0165uje vysok\u00fa v\u00fdkonnos\u0165 a efektivitu po\u010das r\u00f4znych oper\u00e1ci\u00ed.<\/li>\n<li><strong>Presn\u00e9 ovl\u00e1danie:<\/strong> V\u010faka hydraulick\u00e9mu syst\u00e9mu umo\u017e\u0148uje valec ramena presn\u00e9 ovl\u00e1danie pohybu, v\u010faka \u010domu je obsluha pripojen\u00e9ho n\u00e1radia flexibilnej\u0161ia a presnej\u0161ia.<\/li>\n<li><strong>Trvanlivos\u0165:<\/strong> Valce ramien sa zvy\u010dajne vyr\u00e1baj\u00fa z vysokopevnostn\u00fdch materi\u00e1lov, ktor\u00e9 vykazuj\u00fa vynikaj\u00facu odolnos\u0165 vo\u010di opotrebovaniu a kor\u00f3zii, v\u010faka \u010domu s\u00fa vhodn\u00e9 na dlhodob\u00e9 pou\u017e\u00edvanie v n\u00e1ro\u010dn\u00fdch podmienkach.<\/li>\n<li><strong>Multifunk\u010dn\u00e1 prisp\u00f4sobivos\u0165:<\/strong> Tieto valce sa daj\u00fa \u0161iroko pou\u017e\u00edva\u0165 v r\u00f4znych strojn\u00fdch zariadeniach, ako s\u00fa bagre, \u017eeriavy a robotick\u00e9 ramen\u00e1, a prisp\u00f4sobuj\u00fa sa r\u00f4znym po\u017eiadavk\u00e1m pr\u00e1ce.<\/li>\n<li><strong>Jednoduch\u00e1 \u00fadr\u017eba:<\/strong> Kon\u0161trukcia zoh\u013ead\u0148uje jednoduch\u00fa \u00fadr\u017ebu a v\u00fdmenu, \u010d\u00edm sa u\u013eah\u010duje pravideln\u00e1 kontrola a \u00fadr\u017eba a skracuj\u00fa sa prestoje zariaden\u00ed.<\/li>\n<\/ul>\n<p><img decoding=\"async\" src=\"https:\/\/www.hydraulic-cylinders.net\/wp-content\/uploads\/2025\/01\/songte-oil-pipes-and-spare-parts.webp\"><\/p>\n<h2>Aplik\u00e1cie ramenn\u00e9ho valca<\/h2>\n<p>Valce ramien nach\u00e1dzaj\u00fa uplatnenie v r\u00f4znych odvetviach:<\/p>\n<ol>\n<li>Stavebn\u00e9 in\u017einierstvo: V bagroch a \u017eeriavoch ovl\u00e1da valec ramena pohyb vedra alebo v\u00fdlo\u017en\u00edka, \u010do u\u013eah\u010duje zemn\u00e9 pr\u00e1ce, manipul\u00e1ciu s materi\u00e1lom a mont\u00e1\u017e kon\u0161trukci\u00ed.<\/li>\n<li>V\u00fdrobn\u00fd priemysel: V automatizovan\u00fdch v\u00fdrobn\u00fdch link\u00e1ch sa valec ramena pou\u017e\u00edva na pohyb robotick\u00fdch ramien, \u010do umo\u017e\u0148uje procesy ako mont\u00e1\u017e, zv\u00e1ranie a manipul\u00e1cia s materi\u00e1lom, \u010d\u00edm sa zlep\u0161uje efektivita a presnos\u0165 v\u00fdroby.<\/li>\n<li>Po\u013enohospod\u00e1rske stroje: V po\u013enohospod\u00e1rskych strojoch, ako s\u00fa zbera\u010de a seja\u010dky, riadi valec ramena pohyb ovl\u00e1dacieho ramena a vykon\u00e1va \u00falohy, ako je siatie, hnojenie a zber \u00farody.<\/li>\n<li>\u0164a\u017eba: V bansk\u00fdch zariadeniach riadi valec ramena pohyb ramien bansk\u00fdch zariaden\u00ed, \u010do umo\u017e\u0148uje \u0165a\u017ebu a prepravu rudy.<\/li>\n<li>Logistika a doprava: Vo vysokozdvi\u017en\u00fdch voz\u00edkoch a manipula\u010dn\u00fdch robotoch ovl\u00e1da valec ramena zdv\u00edhanie a pohyb vidl\u00edc, \u010do u\u013eah\u010duje manipul\u00e1ciu s materi\u00e1lom a stohovanie.<\/li>\n<\/ol>\n<h2>\u00davahy o dizajne a krit\u00e9ri\u00e1 v\u00fdberu<\/h2>\n<p>Pri navrhovan\u00ed valcov ramena sa berie do \u00favahy nieko\u013eko faktorov:<\/p>\n<ol>\n<li><strong>Nosnos\u0165:<\/strong> Valce ramien s\u00fa navrhnut\u00e9 tak, aby odolali \u0161pecifick\u00fdm po\u017eiadavk\u00e1m na za\u0165a\u017eenie r\u00f4znych strojov\u00fdch aplik\u00e1ci\u00ed.<\/li>\n<li><strong>Tesnenie:<\/strong> Na zabezpe\u010denie \u00fa\u010dinn\u00e9ho utesnenia sa pou\u017e\u00edvaj\u00fa r\u00f4zne tesniace komponenty, ako s\u00fa tesnenia piestov a tesnenia ty\u010d\u00ed. Tieto tesnenia s\u00fa vyroben\u00e9 z materi\u00e1lov odoln\u00fdch vo\u010di opotrebovaniu, ako je polyuret\u00e1n a nitrilov\u00e1 guma.<\/li>\n<li><strong>Trvanlivos\u0165:<\/strong> Teleso valca a z\u00e1vitov\u00e9 koncov\u00e9 plochy prech\u00e1dzaj\u00fa d\u00f4kladn\u00fdm spracovan\u00edm, aby sa zlep\u0161ila odolnos\u0165 vo\u010di opotrebovaniu a zv\u00fd\u0161ila sa \u017eivotnos\u0165.<\/li>\n<li><strong>Bezpe\u010dnos\u0165:<\/strong> V n\u00e1vrhu s\u00fa zapracovan\u00e9 bezpe\u010dnostn\u00e9 opatrenia, ktor\u00e9 zoh\u013ead\u0148uj\u00fa faktory, ako s\u00fa pretlakov\u00e9 ventily a bezpe\u010dnostn\u00e9 z\u00e1mky, aby sa predi\u0161lo nehod\u00e1m.<\/li>\n<li><strong>Udr\u017eiavate\u013enos\u0165:<\/strong> Valce ramien s\u00fa navrhnut\u00e9 pre jednoduch\u00fa \u00fadr\u017ebu a v\u00fdmenu, minimalizuj\u00fa prestoje a zabezpe\u010duj\u00fa pohodln\u00fd servis.<\/li>\n<\/ol>\n<p><img decoding=\"async\" src=\"https:\/\/www.hydraulic-cylinders.net\/wp-content\/uploads\/2025\/01\/songte-cylinder-head-with-all-kinds-excavator-models.webp\"><\/p>\n<h2>Tesnenie a mazanie<\/h2>\n<p>Valce ramien vyu\u017e\u00edvaj\u00fa r\u00f4zne tesniace komponenty a vy\u017eaduj\u00fa pravideln\u00e9 mazanie, aby sa zabezpe\u010dil optim\u00e1lny v\u00fdkon:<\/p>\n<ul>\n<li>Na udr\u017eanie \u00fa\u010dinn\u00e9ho utesnenia sa pou\u017e\u00edvaj\u00fa r\u00f4zne tesniace komponenty, ako s\u00fa tesnenia piestov a tesnenia ty\u010d\u00ed. Tieto komponenty s\u00fa vyroben\u00e9 z materi\u00e1lov odoln\u00fdch vo\u010di opotrebovaniu, ako je polyuret\u00e1n a nitrilov\u00e1 guma.<\/li>\n<li>Teleso valca a z\u00e1vitov\u00e9 koncov\u00e9 plochy s\u00fa jemne opracovan\u00e9 pre zlep\u0161enie odolnosti vo\u010di opotrebovaniu.<\/li>\n<li>Pre zabezpe\u010denie hladk\u00e9ho chodu je nevyhnutn\u00e9 pravideln\u00e9 mazanie vhodn\u00fdm hydraulick\u00fdm olejom. V pravideln\u00fdch intervaloch by sa malo prid\u00e1va\u0165 dostato\u010dn\u00e9 mno\u017estvo hydraulick\u00e9ho oleja.<\/li>\n<\/ul>\n<h2>Pravideln\u00e1 kontrola a prevent\u00edvna \u00fadr\u017eba<\/h2>\n<p>Pre zaistenie dlhej \u017eivotnosti valca ramena a predch\u00e1dzanie potenci\u00e1lnym probl\u00e9mom s\u00fa nevyhnutn\u00e9 pravideln\u00e9 kontroly a prevent\u00edvne \u00fadr\u017eb\u00e1rske opatrenia:<\/p>\n<ol>\n<li>Skontrolujte v\u0161etky tesniace komponenty, \u010di nevykazuj\u00fa zn\u00e1mky opotrebovania alebo po\u0161kodenia, a v pr\u00edpade potreby ich vyme\u0148te.<\/li>\n<li>Skontrolujte teleso valca a z\u00e1vitov\u00e9 konce, \u010di nevykazuj\u00fa zn\u00e1mky opotrebovania alebo kor\u00f3zie, a vykonajte potrebn\u00e9 opravy alebo v\u00fdmeny.<\/li>\n<li>Uistite sa, \u017ee v\u0161etky hydraulick\u00e9 pripojenia s\u00fa bezpe\u010dn\u00e9 a bez \u00fanikov.<\/li>\n<li>Monitorujte hydraulick\u00fd tlak a v\u00fdkon, aby ste identifikovali ak\u00e9ko\u013evek abnormality a okam\u017eite vykonali n\u00e1pravn\u00e9 opatrenia.<\/li>\n<li>Dodr\u017eiavajte pokyny v\u00fdrobcu t\u00fdkaj\u00face sa pl\u00e1nov a postupov \u00fadr\u017eby.<\/li>\n<\/ol>\n<p><img decoding=\"async\" src=\"https:\/\/www.hydraulic-cylinders.net\/wp-content\/uploads\/2025\/01\/songte-chushion-collar.webp\"><\/p>\n<h2>Sprievodca in\u0161tal\u00e1ciou produktu<\/h2>\n<p>Spr\u00e1vna in\u0161tal\u00e1cia valca ramena je k\u013e\u00fa\u010dov\u00e1 pre jeho optim\u00e1lny v\u00fdkon a dlh\u00fa \u017eivotnos\u0165:<\/p>\n<ol>\n<li>Uistite sa, \u017ee zariadenie je vypnut\u00e9 a dodr\u017eiavajte v\u0161etky bezpe\u010dnostn\u00e9 opatrenia.<\/li>\n<li>Konkr\u00e9tne pokyny na in\u0161tal\u00e1ciu n\u00e1jdete v n\u00e1vode na obsluhu zariadenia.<\/li>\n<li>Opatrne zarovnajte valec ramena s mont\u00e1\u017enymi bodmi a bezpe\u010dne ho pripevnite pomocou vhodn\u00fdch skrutiek a upev\u0148ovac\u00edch prvkov.<\/li>\n<li>Skontrolujte, \u010di s\u00fa v\u0161etky hydraulick\u00e9 pripojenia tesn\u00e9 a bez \u00fanikov.<\/li>\n<li>Pred obnoven\u00edm be\u017enej prev\u00e1dzky zariadenia otestujte funkciu valca ramena.<\/li>\n<\/ol>\n<h2>Bezpe\u010dnostn\u00e9 aspekty a faktory prostredia<\/h2>\n<p>Pri pou\u017e\u00edvan\u00ed valcov s ramenom je nevyhnutn\u00e9 uprednostni\u0165 bezpe\u010dnostn\u00e9 opatrenia a zv\u00e1\u017ei\u0165 faktory prostredia:<\/p>\n<ul>\n<li>Dodr\u017eiavajte v\u0161etky bezpe\u010dnostn\u00e9 pokyny v\u00fdrobcu zariadenia, aby ste predi\u0161li nehod\u00e1m a zabezpe\u010dili bezpe\u010dn\u00fa prev\u00e1dzku.<\/li>\n<li>Zv\u00e1\u017ete faktory prostredia, ako je teplota, vlhkos\u0165 a kontaminanty, ktor\u00e9 m\u00f4\u017eu ovplyvni\u0165 v\u00fdkon valca ramena. Prijmite vhodn\u00e9 opatrenia na zmiernenie ak\u00fdchko\u013evek potenci\u00e1lnych riz\u00edk.<\/li>\n<\/ul>\n<h2>Rie\u0161enie probl\u00e9mov a be\u017en\u00e9 probl\u00e9my<\/h2>\n<p>Tu je nieko\u013eko be\u017en\u00fdch tipov na rie\u0161enie probl\u00e9mov a rie\u0161en\u00ed probl\u00e9mov s valcom ramena:<\/p>\n<ul>\n<li>Ak sa valec ramena nevys\u00fava alebo nezas\u00fava, skontrolujte hladinu hydraulickej kvapaliny a zabezpe\u010dte spr\u00e1vne mazanie.<\/li>\n<li>Ak d\u00f4jde k strate v\u00fdkonu alebo nedostato\u010dnej sile, skontrolujte netesnosti v hydraulickom syst\u00e9me a skontrolujte tesnenia valcov, \u010di nie s\u00fa opotrebovan\u00e9 alebo po\u0161koden\u00e9.<\/li>\n<li>Ak valec ramena pracuje nepravidelne alebo vyd\u00e1va nezvy\u010dajn\u00fd zvuk, skontrolujte v\u0161etky hydraulick\u00e9 pripojenia, \u010di nedoch\u00e1dza k \u00fanikom alebo uvo\u013enen\u00fdm spojom, a skontrolujte, \u010di nevykazuj\u00fa zn\u00e1mky vn\u00fatorn\u00e9ho po\u0161kodenia.<\/li>\n<\/ul>\n<p><img decoding=\"async\" src=\"https:\/\/www.hydraulic-cylinders.net\/wp-content\/uploads\/2025\/01\/songte-bushings-with-all-kinds-of-excavator-models.webp\"><\/p>\n<p>Nezabudnite \u010dl\u00e1nok logicky usporiada\u0165, pre jednoduch\u00fa navig\u00e1ciu pou\u017e\u00edva\u0165 podnadpisy, pre lep\u0161ie pochopenie zahrn\u00fa\u0165 relevantn\u00e9 obr\u00e1zky alebo grafy a zabezpe\u010di\u0165 jasnos\u0165, stru\u010dnos\u0165 a vhodnos\u0165 obsahu pre \u010ditate\u013eov s r\u00f4znymi \u00farov\u0148ami technick\u00fdch znalost\u00ed.<\/p>\n<h2>O n\u00e1s<\/h2>\n<p>Sme profesion\u00e1lny v\u00fdrobca n\u00e1hradn\u00fdch hydraulick\u00fdch valcov a pon\u00fakame \u0161irok\u00fd sortiment produktov. Stali sme sa jedn\u00fdm z popredn\u00fdch v\u00fdrobcov a ve\u013ekoobchodn\u00fdch distrib\u00fatorov hydraulick\u00fdch valcov na dom\u00e1com aj medzin\u00e1rodnom trhu. N\u00e1\u0161 z\u00e1v\u00e4zok k excelentnosti v kvalite je podporen\u00fd na\u0161ou strat\u00e9giou industrializovan\u00e9ho riadenia v\u00fdroby a zdokonalen\u00fdmi v\u00fdrobn\u00fdmi diel\u0148ami. Zav\u00e1dzan\u00edm pokro\u010dil\u00fdch digit\u00e1lnych v\u00fdrobn\u00fdch zariaden\u00ed a profesion\u00e1lnych testovac\u00edch syst\u00e9mov neust\u00e1le optimalizujeme na\u0161u v\u00fdrobn\u00fa platformu a zlep\u0161ujeme procesy kontroly kvality v\u00fdrobkov. Disponujeme siln\u00fdmi inova\u010dn\u00fdmi schopnos\u0165ami a sna\u017e\u00edme sa uspokoji\u0165 rozmanit\u00e9 potreby z\u00e1kazn\u00edkov s princ\u00edpmi vysokej efektivity, presnosti a vysokej kvality.<\/p>\n<p><img decoding=\"async\" src=\"https:\/\/www.hydraulic-cylinders.net\/wp-content\/uploads\/2025\/01\/songte-company-4.webp\"><br \/>\n<img decoding=\"async\" src=\"https:\/\/www.hydraulic-cylinders.net\/wp-content\/uploads\/2025\/01\/songte-company-3.webp\"><\/p>\n<p>Autor: lyl<\/p>","protected":false},"excerpt":{"rendered":"<p>Arm Cylinder For XCMG Wheel Excavator ET110 Introduction and Definition The arm cylinder is a specially designed hydraulic cylinder that is used to provide linear motion and power for the arm of various types of machinery, such as excavators, cranes, and robotic arms. The arm cylinder plays a critical role in hydraulic systems, allowing for [&hellip;]<\/p>","protected":false},"featured_media":14774,"comment_status":"open","ping_status":"closed","template":"","meta":{"_et_pb_use_builder":"","_et_pb_old_content":"","_et_gb_content_width":""},"product_brand":[],"product_cat":[1497],"product_tag":[1498,1496],"class_list":{"0":"post-16419","1":"product","2":"type-product","3":"status-publish","4":"has-post-thumbnail","6":"product_cat-arm-cylinders","7":"product_tag-arm-cylinders","8":"product_tag-hydraulic-cylinders","10":"first","11":"instock","12":"shipping-taxable","13":"product-type-simple"},"amp_enabled":true,"_links":{"self":[{"href":"https:\/\/www.hydraulic-cylinders.net\/sk\/wp-json\/wp\/v2\/product\/16419","targetHints":{"allow":["GET"]}}],"collection":[{"href":"https:\/\/www.hydraulic-cylinders.net\/sk\/wp-json\/wp\/v2\/product"}],"about":[{"href":"https:\/\/www.hydraulic-cylinders.net\/sk\/wp-json\/wp\/v2\/types\/product"}],"replies":[{"embeddable":true,"href":"https:\/\/www.hydraulic-cylinders.net\/sk\/wp-json\/wp\/v2\/comments?post=16419"}],"wp:featuredmedia":[{"embeddable":true,"href":"https:\/\/www.hydraulic-cylinders.net\/sk\/wp-json\/wp\/v2\/media\/14774"}],"wp:attachment":[{"href":"https:\/\/www.hydraulic-cylinders.net\/sk\/wp-json\/wp\/v2\/media?parent=16419"}],"wp:term":[{"taxonomy":"product_brand","embeddable":true,"href":"https:\/\/www.hydraulic-cylinders.net\/sk\/wp-json\/wp\/v2\/product_brand?post=16419"},{"taxonomy":"product_cat","embeddable":true,"href":"https:\/\/www.hydraulic-cylinders.net\/sk\/wp-json\/wp\/v2\/product_cat?post=16419"},{"taxonomy":"product_tag","embeddable":true,"href":"https:\/\/www.hydraulic-cylinders.net\/sk\/wp-json\/wp\/v2\/product_tag?post=16419"}],"curies":[{"name":"pracovn\u00fd list","href":"https:\/\/api.w.org\/{rel}","templated":true}]}}