{"id":16420,"date":"2025-01-20T09:14:05","date_gmt":"2025-01-20T09:14:05","guid":{"rendered":"https:\/\/www.hydraulic-cylinders.net\/product\/arm-cylinderfor-zoomlion-small-excavator-ze60e\/"},"modified":"2025-01-20T09:14:07","modified_gmt":"2025-01-20T09:14:07","slug":"arm-cylinderfor-zoomlion-small-excavator-ze60e","status":"publish","type":"product","link":"https:\/\/www.hydraulic-cylinders.net\/sk\/produkt\/arm-cylinderfor-zoomlion-small-excavator-ze60e\/","title":{"rendered":"Valec ramena pre mal\u00e9 r\u00fdpadlo Zoomlion ZE60E"},"content":{"rendered":"<h2>Valec ramena pre mal\u00e9 r\u00fdpadlo Zoomlion ZE60E<\/h2>\n<h3>\u00davod<\/h3>\n<p>Hydraulick\u00fd valec ramena je \u0161peci\u00e1lne navrhnut\u00fd hydraulick\u00fd valec, ktor\u00fd sa prim\u00e1rne pou\u017e\u00edva na zabezpe\u010denie line\u00e1rneho pohybu a v\u00fdkonu ramena r\u00f4znych typov strojov, ako s\u00fa r\u00fdpadl\u00e1, \u017eeriavy a robotick\u00e9 ramen\u00e1. Zohr\u00e1va k\u013e\u00fa\u010dov\u00fa \u00falohu v hydraulickom syst\u00e9me, preto\u017ee umo\u017e\u0148uje efekt\u00edvny pohyb a ovl\u00e1danie \u010fal\u0161\u00edch n\u00e1strojov alebo pr\u00edslu\u0161enstva. Tieto valce nielen zabezpe\u010duj\u00fa plynul\u00fd pohyb, ale tie\u017e odol\u00e1vaj\u00fa \u0165a\u017ek\u00fdm za\u0165a\u017eeniam, \u010d\u00edm zabezpe\u010duj\u00fa efekt\u00edvnu prev\u00e1dzku a spo\u013eahlivos\u0165 strojov za r\u00f4znych prev\u00e1dzkov\u00fdch podmienok.<\/p>\n<p><img decoding=\"async\" src=\"https:\/\/www.hydraulic-cylinders.net\/wp-content\/uploads\/2025\/01\/songte-company-2.webp\" alt=\"Obr\u00e1zok valca ramena\"><\/p>\n<h3>Funkcie<\/h3>\n<ul>\n<li>Vysoko \u00fa\u010dinn\u00fd prenos v\u00fdkonu: Valec ramena poskytuje siln\u00fd line\u00e1rny pohyb a silu, \u010d\u00edm zais\u0165uje efekt\u00edvny v\u00fdkon ramena stroja pri r\u00f4znych oper\u00e1ci\u00e1ch.<\/li>\n<li>Presn\u00e9 ovl\u00e1danie: Valec ramena dok\u00e1\u017ee dosiahnu\u0165 presn\u00e9 ovl\u00e1danie pohybu prostredn\u00edctvom hydraulick\u00e9ho syst\u00e9mu, v\u010faka \u010domu je ovl\u00e1danie \u010fal\u0161\u00edch n\u00e1strojov flexibilnej\u0161ie a presnej\u0161ie.<\/li>\n<li>Odoln\u00e9: Valce ramien s\u00fa zvy\u010dajne vyroben\u00e9 z vysoko pevn\u00fdch materi\u00e1lov s dobrou odolnos\u0165ou proti opotrebovaniu a kor\u00f3zii, vhodn\u00e9 na dlhodob\u00e9 pou\u017e\u00edvanie v n\u00e1ro\u010dn\u00fdch podmienkach.<\/li>\n<li>Multifunk\u010dn\u00e1 prisp\u00f4sobivos\u0165: Tieto valce sa daj\u00fa \u0161iroko pou\u017e\u00edva\u0165 v r\u00f4znych typoch strojov, ako s\u00fa bagre, \u017eeriavy a robotick\u00e9 ramen\u00e1, a prisp\u00f4sobuj\u00fa sa r\u00f4znym pracovn\u00fdm po\u017eiadavk\u00e1m.<\/li>\n<li>Jednoduch\u00e1 \u00fadr\u017eba: Kon\u0161trukcia zoh\u013ead\u0148uje jednoduch\u00fa \u00fadr\u017ebu a v\u00fdmenu, v\u010faka \u010domu je pravideln\u00e1 kontrola a \u00fadr\u017eba pohodlnej\u0161ia a skracuje prestoje zariadenia.<\/li>\n<\/ul>\n<p>Tento produkt vyr\u00e1bame a na\u0161e produkty s\u00fa perfektnou n\u00e1hradou za tieto hydraulick\u00e9 valce.<\/p>\n<p><img decoding=\"async\" src=\"https:\/\/www.hydraulic-cylinders.net\/wp-content\/uploads\/2025\/01\/songte-oil-pipes-and-spare-parts.webp\" alt=\"Obr\u00e1zok n\u00e1hradn\u00fdch dielov\"><\/p>\n<h3>Aplik\u00e1cie<\/h3>\n<ul>\n<li>Stavebn\u00e9 in\u017einierstvo: V bagroch a \u017eeriavoch sa valce ramena pou\u017e\u00edvaj\u00fa na ovl\u00e1danie pohybu vedra alebo v\u00fdlo\u017en\u00edka pri zemn\u00fdch pr\u00e1cach, manipul\u00e1cii s materi\u00e1lom a mont\u00e1\u017ei kon\u0161trukci\u00ed.<\/li>\n<li>V\u00fdroba: V automatizovan\u00fdch v\u00fdrobn\u00fdch link\u00e1ch sa valce ramien pou\u017e\u00edvaj\u00fa na pohyb robotick\u00fdch ramien, na mont\u00e1\u017e, zv\u00e1ranie a manipul\u00e1ciu s materi\u00e1lom, \u010d\u00edm sa zlep\u0161uje efektivita a presnos\u0165 v\u00fdroby.<\/li>\n<li>Po\u013enohospod\u00e1rske stroje: V po\u013enohospod\u00e1rskych strojoch, ako s\u00fa zbera\u010de a seja\u010dky, riadia valce ramien pohyb ovl\u00e1dac\u00edch ramien a vykon\u00e1vaj\u00fa \u00falohy, ako je siatie, hnojenie a zber \u00farody.<\/li>\n<li>\u0164a\u017eba: V bansk\u00fdch zariadeniach sa valce ramien pou\u017e\u00edvaj\u00fa na ovl\u00e1danie pohybu ramien bansk\u00e9ho zariadenia pri \u0165a\u017ebe a manipul\u00e1cii s materi\u00e1lom.<\/li>\n<li>Logistika a doprava: Vo vysokozdvi\u017en\u00fdch voz\u00edkoch a manipula\u010dn\u00fdch robotoch sa valce ramien pou\u017e\u00edvaj\u00fa na ovl\u00e1danie zdv\u00edhania a pohybu vidl\u00edc, na manipul\u00e1ciu s materi\u00e1lom a stohovanie.<\/li>\n<\/ul>\n<h3>\u00davahy o dizajne a krit\u00e9ri\u00e1 v\u00fdberu<\/h3>\n<ul>\n<li>Nosnos\u0165: Valec ramena mus\u00ed ma\u0165 dostato\u010dn\u00fa nosnos\u0165, aby odolal za\u0165a\u017eeniu po\u010das prev\u00e1dzky.<\/li>\n<li>Tesnenie: Na zabr\u00e1nenie \u00faniku hydraulick\u00e9ho oleja je potrebn\u00e9 pou\u017ei\u0165 r\u00f4zne tesniace komponenty, ako s\u00fa tesnenia piestov a tesnenia ty\u010d\u00ed.<\/li>\n<li>Trvanlivos\u0165: Valce ramien s\u00fa zvy\u010dajne vystaven\u00e9 drsn\u00e9mu prostrediu, preto musia by\u0165 vyroben\u00e9 z vysoko pevn\u00fdch materi\u00e1lov s dobrou odolnos\u0165ou vo\u010di opotrebovaniu a kor\u00f3zii.<\/li>\n<li>Bezpe\u010dnos\u0165: Kon\u0161trukcia mus\u00ed zoh\u013ead\u0148ova\u0165 bezpe\u010dnos\u0165 obsluhy a ostatn\u00fdch os\u00f4b pracuj\u00facich v bl\u00edzkosti zariadenia.<\/li>\n<li>\u00dadr\u017eba: Dizajn by mal by\u0165 u\u017e\u00edvate\u013esky pr\u00edvetiv\u00fd a \u013eahko udr\u017eiavate\u013en\u00fd, s \u013eahk\u00fdm pr\u00edstupom k v\u00fdmene a oprave komponentov pod\u013ea potreby.<\/li>\n<\/ul>\n<p><img decoding=\"async\" src=\"https:\/\/www.hydraulic-cylinders.net\/wp-content\/uploads\/2025\/01\/songte-cylinder-head-with-all-kinds-excavator-models.webp\" alt=\"Obr\u00e1zok hlavy valcov\"><\/p>\n<h3>Tesnenie a mazanie<\/h3>\n<p>Na zabr\u00e1nenie \u00faniku hydraulick\u00e9ho oleja je potrebn\u00e9 pou\u017ei\u0165 r\u00f4zne tesniace komponenty, ako s\u00fa tesnenia piestov a tesnenia ty\u010d\u00ed. \u010casto sa pou\u017e\u00edvaj\u00fa tesnenia vyroben\u00e9 z materi\u00e1lov odoln\u00fdch vo\u010di opotrebovaniu, ako je polyuret\u00e1n a nitrilov\u00fd kau\u010duk. Teleso valca a povrch z\u00e1vitu musia by\u0165 jemne opracovan\u00e9, aby sa zlep\u0161ila odolnos\u0165 vo\u010di opotrebovaniu. Pravideln\u00e9 mazanie hydraulick\u00fdm olejom je nevyhnutn\u00e9 na zabezpe\u010denie plynul\u00e9ho pohybu a pred\u013a\u017eenie \u017eivotnosti valca.<\/p>\n<h3>\u00dadr\u017eba a opravy<\/h3>\n<ul>\n<li>Pravidelne kontrolujte valec, \u010di nie je opotrebovan\u00fd alebo po\u0161koden\u00fd.<\/li>\n<li>V pr\u00edpade potreby vyme\u0148te tesnenia a in\u00e9 opotrebovan\u00e9 komponenty.<\/li>\n<li>Uistite sa, \u017ee hydraulick\u00fd olej je \u010dist\u00fd a m\u00e1 spr\u00e1vnu hladinu.<\/li>\n<li>Pri demont\u00e1\u017ei a op\u00e4tovnej mont\u00e1\u017ei dodr\u017eiavajte pokyny v\u00fdrobcu.<\/li>\n<\/ul>\n<p><img decoding=\"async\" src=\"https:\/\/www.hydraulic-cylinders.net\/wp-content\/uploads\/2025\/01\/songte-chushion-collar.webp\" alt=\"Obr\u00e1zok obojku Chushion\"><\/p>\n<h3>In\u0161tala\u010dn\u00e1 pr\u00edru\u010dka<\/h3>\n<p>Pred in\u0161tal\u00e1ciou sa uistite, \u017ee valec a ostatn\u00e9 zariadenia s\u00fa \u010dist\u00e9 a bez ne\u010dist\u00f4t a \u00falomkov. Postupujte pod\u013ea t\u00fdchto krokov:<\/p>\n<ol>\n<li>Umiestnite valec do spr\u00e1vnej polohy a zaistite ho vhodn\u00fdmi mont\u00e1\u017enymi konzolami alebo kol\u00edkmi.<\/li>\n<li>Hydraulick\u00e9 hadice a potrubia pripojte spr\u00e1vne pod\u013ea pokynov v\u00fdrobcu.<\/li>\n<li>Napl\u0148te hydraulick\u00fd syst\u00e9m odpor\u00fa\u010dan\u00fdm hydraulick\u00fdm olejom a skontrolujte tesnos\u0165.<\/li>\n<li>Otestujte valec, aby ste sa uistili, \u017ee funguje spr\u00e1vne a hladko.<\/li>\n<\/ol>\n<h3>Bezpe\u010dnostn\u00e9 aspekty a faktory prostredia<\/h3>\n<p>Pri pou\u017e\u00edvan\u00ed hydraulick\u00e9ho valca ramena je nevyhnutn\u00e9 dodr\u017eiava\u0165 bezpe\u010dnostn\u00e9 postupy, aby sa predi\u0161lo nehod\u00e1m a zraneniam. Je tie\u017e d\u00f4le\u017eit\u00e9 zv\u00e1\u017ei\u0165 vplyv pou\u017e\u00edvania hydraulick\u00e9ho zariadenia na \u017eivotn\u00e9 prostredie a prija\u0165 opatrenia na jeho minimaliz\u00e1ciu.<\/p>\n<h3>Rie\u0161enie probl\u00e9mov a be\u017en\u00e9 probl\u00e9my<\/h3>\n<p>Medzi be\u017en\u00e9 probl\u00e9my s valcami ramena patr\u00ed netesnos\u0165, nedostato\u010dn\u00fd v\u00fdkon a nepravideln\u00fd pohyb. Ak chcete tieto probl\u00e9my diagnostikova\u0165 a vyrie\u0161i\u0165, postupujte pod\u013ea t\u00fdchto krokov:<\/p>\n<ol>\n<li>Skontrolujte, \u010di tesnenia a in\u00e9 komponenty nie s\u00fa po\u0161koden\u00e9 alebo opotrebovan\u00e9.<\/li>\n<li>Zabezpe\u010dte spr\u00e1vnu hladinu hydraulickej kvapaliny a skontrolujte jej zne\u010distenie.<\/li>\n<li>Skontrolujte valec, \u010di nie je po\u0161koden\u00fd alebo \u010di nie je nespr\u00e1vne zarovnan\u00fd.<\/li>\n<li>Skontrolujte hydraulick\u00e9 hadice a potrubia, \u010di nie s\u00fa po\u0161koden\u00e9, upchat\u00e9 alebo \u010di nevykazuj\u00fa in\u00e9 probl\u00e9my.<\/li>\n<\/ol>\n<p>Aby sa predi\u0161lo probl\u00e9mom, je nevyhnutn\u00e9 vykon\u00e1va\u0165 pravideln\u00fa \u00fadr\u017ebu a kontrolu valca ramena a \u010fal\u0161\u00edch hydraulick\u00fdch zariaden\u00ed.<\/p>\n<p><img decoding=\"async\" src=\"https:\/\/www.hydraulic-cylinders.net\/wp-content\/uploads\/2025\/01\/songte-bushings-with-all-kinds-of-excavator-models.webp\" alt=\"Obr\u00e1zok puzdier\"><\/p>\n<h3>O n\u00e1s<\/h3>\n<p>Sme profesion\u00e1lny v\u00fdrobca n\u00e1hradn\u00fdch hydraulick\u00fdch valcov, ktor\u00fd pon\u00faka \u0161irok\u00fd sortiment produktov. Stali sme sa jedn\u00fdm z popredn\u00fdch v\u00fdrobcov a ve\u013ekoobchodn\u00fdch distrib\u00fatorov hydraulick\u00fdch valcov na dom\u00e1com aj medzin\u00e1rodnom trhu. V\u017edy dodr\u017eiavame z\u00e1sadu vynikaj\u00facej kvality a spoliehame sa na na\u0161u strat\u00e9giu industrializovan\u00e9ho riadenia v\u00fdroby v prepracovanej v\u00fdrobnej dielni, aby sme neust\u00e1le zlep\u0161ovali na\u0161u technick\u00fa \u00farove\u0148 a efekt\u00edvnos\u0165 v\u00fdroby. Na\u0161\u00edm cie\u013eom je uspokoji\u0165 rozmanit\u00e9 potreby na\u0161ich z\u00e1kazn\u00edkov s vysokou \u00fa\u010dinnos\u0165ou, presnos\u0165ou a princ\u00edpmi vysokej kvality.<\/p>\n<h3>Na\u0161e slu\u017eby<\/h3>\n<ul>\n<li>Profesionalita: M\u00e1me t\u00edm kvalifikovan\u00fdch odborn\u00edkov s rozsiahlymi sk\u00fasenos\u0165ami v odvetv\u00ed hydraulick\u00fdch valcov.<\/li>\n<li>Medzin\u00e1rodn\u00e1 certifik\u00e1cia: Na\u0161e v\u00fdrobky pre\u0161li certifik\u00e1ciami ISO9001, CE a \u010fal\u0161\u00edmi medzin\u00e1rodn\u00fdmi certifik\u00e1ciami, \u010do zaru\u010duje ich kvalitu a bezpe\u010dnos\u0165.<\/li>\n<li>Prisp\u00f4sobenie: Poskytujeme slu\u017eby prisp\u00f4sobenia, aby sme splnili \u0161pecifick\u00e9 potreby na\u0161ich klientov.<\/li>\n<li>V\u00fdrobn\u00e9 zariadenia: Na optimaliz\u00e1ciu na\u0161ej v\u00fdrobnej platformy a zlep\u0161enie procesov kontroly kvality v\u00fdrobkov pou\u017e\u00edvame pokro\u010dil\u00e9 digit\u00e1lne v\u00fdrobn\u00e9 zariadenia a profesion\u00e1lne testovacie syst\u00e9my.<\/li>\n<li>Popredajn\u00fd servis: Poskytujeme komplexn\u00fd a v\u010dasn\u00fd popredajn\u00fd servis, aby sme zabezpe\u010dili spokojnos\u0165 z\u00e1kazn\u00edkov.<\/li>\n<\/ul>\n<p><img decoding=\"async\" src=\"https:\/\/www.hydraulic-cylinders.net\/wp-content\/uploads\/2025\/01\/songte-company-4.webp\" alt=\"Obr\u00e1zok spolo\u010dnosti\"><br \/>\n<img decoding=\"async\" src=\"https:\/\/www.hydraulic-cylinders.net\/wp-content\/uploads\/2025\/01\/songte-company-3.webp\" alt=\"Obr\u00e1zok spolo\u010dnosti\"><\/p>\n<p>Autor: lyl<\/p>","protected":false},"excerpt":{"rendered":"<p>Arm Cylinder for Zoomlion Small Excavator ZE60E Introduction The arm cylinder is a specifically designed hydraulic cylinder primarily used to provide linear motion and power to the arm of various types of machinery such as excavators, cranes, and robotic arms. It plays a key role in the hydraulic system, enabling additional tools or attachments to [&hellip;]<\/p>","protected":false},"featured_media":14772,"comment_status":"open","ping_status":"closed","template":"","meta":{"_et_pb_use_builder":"","_et_pb_old_content":"","_et_gb_content_width":""},"product_brand":[],"product_cat":[1497],"product_tag":[1498,1496],"class_list":{"0":"post-16420","1":"product","2":"type-product","3":"status-publish","4":"has-post-thumbnail","6":"product_cat-arm-cylinders","7":"product_tag-arm-cylinders","8":"product_tag-hydraulic-cylinders","10":"first","11":"instock","12":"shipping-taxable","13":"product-type-simple"},"amp_enabled":true,"_links":{"self":[{"href":"https:\/\/www.hydraulic-cylinders.net\/sk\/wp-json\/wp\/v2\/product\/16420","targetHints":{"allow":["GET"]}}],"collection":[{"href":"https:\/\/www.hydraulic-cylinders.net\/sk\/wp-json\/wp\/v2\/product"}],"about":[{"href":"https:\/\/www.hydraulic-cylinders.net\/sk\/wp-json\/wp\/v2\/types\/product"}],"replies":[{"embeddable":true,"href":"https:\/\/www.hydraulic-cylinders.net\/sk\/wp-json\/wp\/v2\/comments?post=16420"}],"wp:featuredmedia":[{"embeddable":true,"href":"https:\/\/www.hydraulic-cylinders.net\/sk\/wp-json\/wp\/v2\/media\/14772"}],"wp:attachment":[{"href":"https:\/\/www.hydraulic-cylinders.net\/sk\/wp-json\/wp\/v2\/media?parent=16420"}],"wp:term":[{"taxonomy":"product_brand","embeddable":true,"href":"https:\/\/www.hydraulic-cylinders.net\/sk\/wp-json\/wp\/v2\/product_brand?post=16420"},{"taxonomy":"product_cat","embeddable":true,"href":"https:\/\/www.hydraulic-cylinders.net\/sk\/wp-json\/wp\/v2\/product_cat?post=16420"},{"taxonomy":"product_tag","embeddable":true,"href":"https:\/\/www.hydraulic-cylinders.net\/sk\/wp-json\/wp\/v2\/product_tag?post=16420"}],"curies":[{"name":"pracovn\u00fd list","href":"https:\/\/api.w.org\/{rel}","templated":true}]}}