{"id":16422,"date":"2025-01-20T09:14:12","date_gmt":"2025-01-20T09:14:12","guid":{"rendered":"https:\/\/www.hydraulic-cylinders.net\/product\/arm-cylinderfor-zoomlion-small-excavator-ze150\/"},"modified":"2025-01-20T09:14:14","modified_gmt":"2025-01-20T09:14:14","slug":"arm-cylinderfor-zoomlion-small-excavator-ze150","status":"publish","type":"product","link":"https:\/\/www.hydraulic-cylinders.net\/sk\/produkt\/arm-cylinderfor-zoomlion-small-excavator-ze150\/","title":{"rendered":"Valec ramena pre mal\u00e9 r\u00fdpadlo Zoomlion ZE150"},"content":{"rendered":"<h1>Valec ramena pre mal\u00e9 r\u00fdpadlo Zoomlion ZE150<\/h1>\n<h2>\u00davod<\/h2>\n<h3>Definuj\u00faci valec ramena pre mal\u00e9 r\u00fdpadlo Zoomlion ZE150<\/h3>\n<p>Hydraulick\u00fd valec ramena je \u0161peci\u00e1lne navrhnut\u00fd hydraulick\u00fd valec, ktor\u00fd sa prim\u00e1rne pou\u017e\u00edva na zabezpe\u010denie line\u00e1rneho pohybu a v\u00fdkonu ramien r\u00f4znych typov strojov, ako s\u00fa r\u00fdpadl\u00e1, \u017eeriavy a mechanick\u00e9 ramen\u00e1. Valec ramena zohr\u00e1va k\u013e\u00fa\u010dov\u00fa \u00falohu v hydraulickom syst\u00e9me, preto\u017ee umo\u017e\u0148uje efekt\u00edvny pohyb a ovl\u00e1danie \u010fal\u0161\u00edch n\u00e1strojov alebo pr\u00edslu\u0161enstva. Tieto valce nielen zabezpe\u010duj\u00fa plynul\u00fd pohyb, ale tie\u017e odol\u00e1vaj\u00fa \u0165a\u017ek\u00fdm za\u0165a\u017eeniam, \u010d\u00edm zabezpe\u010duj\u00fa efekt\u00edvnu prev\u00e1dzku a spo\u013eahlivos\u0165 strojov za r\u00f4znych prev\u00e1dzkov\u00fdch podmienok.<\/p>\n<p><img decoding=\"async\" src=\"https:\/\/www.hydraulic-cylinders.net\/wp-content\/uploads\/2025\/01\/songte-company-2.webp\" alt=\"Obr\u00e1zok valca ramena\"><\/p>\n<h3>Vlastnosti valca ramena pre mal\u00e9 r\u00fdpadlo Zoomlion ZE150<\/h3>\n<ul>\n<li>Vysoko\u00fa\u010dinn\u00fd prevod: Valec ramena poskytuje siln\u00fd line\u00e1rny pohyb a silu, \u010d\u00edm zais\u0165uje vysoko\u00fa\u010dinn\u00fd v\u00fdkon mechanick\u00e9ho ramena pri r\u00f4znych oper\u00e1ci\u00e1ch.<\/li>\n<li>Presn\u00e9 ovl\u00e1danie: Prostredn\u00edctvom hydraulick\u00e9ho syst\u00e9mu dok\u00e1\u017ee valec ramena dosiahnu\u0165 presn\u00e9 ovl\u00e1danie pohybu, v\u010faka \u010domu je ovl\u00e1danie \u010fal\u0161\u00edch n\u00e1strojov flexibilnej\u0161ie a presnej\u0161ie.<\/li>\n<li>Vysok\u00e1 odolnos\u0165: Valce ramien s\u00fa zvy\u010dajne vyroben\u00e9 z vysoko pevn\u00fdch materi\u00e1lov a maj\u00fa dobr\u00fa odolnos\u0165 vo\u010di opotrebovaniu a kor\u00f3zii, v\u010faka \u010domu s\u00fa vhodn\u00e9 na dlhodob\u00e9 pou\u017e\u00edvanie v n\u00e1ro\u010dn\u00fdch podmienkach.<\/li>\n<li>Multifunk\u010dn\u00e1 prisp\u00f4sobivos\u0165: Tieto valce sa daj\u00fa \u0161iroko pou\u017e\u00edva\u0165 v r\u00f4znych typoch strojov, ako s\u00fa bagre, \u017eeriavy a mechanick\u00e9 ramen\u00e1, a prisp\u00f4sobuj\u00fa sa r\u00f4znym pracovn\u00fdm po\u017eiadavk\u00e1m.<\/li>\n<li>Jednoduch\u00e1 \u00fadr\u017eba: Kon\u0161trukcia zoh\u013ead\u0148uje jednoduch\u00fa \u00fadr\u017ebu a v\u00fdmenu, v\u010faka \u010domu s\u00fa pl\u00e1novan\u00e9 kontroly a \u00fadr\u017eba pohodlnej\u0161ie a skracuj\u00fa sa prestoje zariaden\u00ed.<\/li>\n<\/ul>\n<p>Okrem toho vieme tento produkt vyrobi\u0165 a na\u0161e produkty dok\u00e1\u017eu dokonale nahradi\u0165 tieto hydraulick\u00e9 valce.<\/p>\n<p><img decoding=\"async\" src=\"https:\/\/www.hydraulic-cylinders.net\/wp-content\/uploads\/2025\/01\/songte-oil-pipes-and-spare-parts.webp\" alt=\"Obr\u00e1zok n\u00e1hradn\u00e9ho produktu\"><\/p>\n<h3>Pou\u017eitie valca ramena pre mal\u00e9 r\u00fdpadlo Zoomlion ZE150<\/h3>\n<p>Valec ramena m\u00e1 r\u00f4zne vyu\u017eitie, napr\u00edklad v:<\/p>\n<ul>\n<li>Stavebn\u00e9 in\u017einierstvo: V bagroch a \u017eeriavoch sa valec ramena pou\u017e\u00edva na ovl\u00e1danie pohybu vedra alebo v\u00fdlo\u017en\u00edka, vykon\u00e1vanie zemn\u00fdch pr\u00e1c, manipul\u00e1ciu s materi\u00e1lom a mont\u00e1\u017e kon\u0161trukci\u00ed.<\/li>\n<li>V\u00fdrobn\u00fd priemysel: V automatizovan\u00fdch v\u00fdrobn\u00fdch link\u00e1ch sa valec ramena pou\u017e\u00edva na pohyb mechanick\u00fdch ramien, vykon\u00e1vanie mont\u00e1\u017enych, zv\u00e1rac\u00edch a manipula\u010dn\u00fdch procesov, \u010d\u00edm sa zlep\u0161uje efektivita a presnos\u0165 v\u00fdroby.<\/li>\n<li>Po\u013enohospod\u00e1rske stroje: V po\u013enohospod\u00e1rskych strojoch, ako s\u00fa zbera\u010de a seja\u010dky, riadi valec ramena pohyb ovl\u00e1dacieho ramena a vykon\u00e1va \u00falohy, ako je siatie, hnojenie a zber \u00farody.<\/li>\n<li>\u0164a\u017eba: V bansk\u00fdch zariadeniach sa valec ramena pou\u017e\u00edva na ovl\u00e1danie pohybu ramena bansk\u00e9ho zariadenia, vykon\u00e1vanie \u0165a\u017eby a prepravy rudy.<\/li>\n<li>Logistika a doprava: Vo vysokozdvi\u017en\u00fdch voz\u00edkoch a manipula\u010dn\u00fdch robotoch sa valec ramena pou\u017e\u00edva na ovl\u00e1danie zdv\u00edhania a pohybu vidl\u00edc, \u010d\u00edm sa realizuje manipul\u00e1cia s materi\u00e1lom a stohovanie.<\/li>\n<\/ul>\n<h2>\u00davahy o dizajne a krit\u00e9ri\u00e1 v\u00fdberu<\/h2>\n<h3>Nosnos\u0165<\/h3>\n<p>Nosnos\u0165 valca ramena je k\u013e\u00fa\u010dov\u00fdm faktorom, preto\u017ee ur\u010duje maxim\u00e1lnu hmotnos\u0165, ktor\u00fa valec dok\u00e1\u017ee unies\u0165 bez poruchy. Nosnos\u0165 je ur\u010den\u00e1 typom stroja a povahou oper\u00e1cie.<\/p>\n<h3>Tesnenie<\/h3>\n<p>Tesnenie je z\u00e1kladn\u00fdm faktorom pre zabezpe\u010denie \u00fa\u010dinnosti a \u017eivotnosti valca ramena. Tesnenie piesta a tesnenie ty\u010de s\u00fa dva hlavn\u00e9 tesniace prvky, ktor\u00e9 zabra\u0148uj\u00fa \u00faniku kvapaliny a kontamin\u00e1cii.<\/p>\n<h3>Trvanlivos\u0165<\/h3>\n<p>Trvanlivos\u0165 valca ramena je ur\u010den\u00e1 kvalitou materi\u00e1lov pou\u017eit\u00fdch pri jeho v\u00fdrobe. Uprednost\u0148uj\u00fa sa vysokopevnostn\u00e9 materi\u00e1ly s dobrou odolnos\u0165ou vo\u010di opotrebovaniu a kor\u00f3zii.<\/p>\n<h3>Bezpe\u010dnos\u0165<\/h3>\n<p>Bezpe\u010dnos\u0165 valca ramena je d\u00f4le\u017eit\u00fdm faktorom, preto\u017ee zabra\u0148uje nehod\u00e1m a mo\u017en\u00e9mu po\u0161kodeniu strojov. Do kon\u0161trukcie musia by\u0165 zabudovan\u00e9 bezpe\u010dnostn\u00e9 prvky, ako s\u00fa pretlakov\u00e9 ventily a tlmiace syst\u00e9my.<\/p>\n<h3>\u00dadr\u017eba<\/h3>\n<p>Jednoduchos\u0165 \u00fadr\u017eby a opravy je \u010fal\u0161\u00edm kritick\u00fdm faktorom, preto\u017ee zni\u017euje prestoje a zvy\u0161uje produktivitu. Kon\u0161trukcia mus\u00ed zabezpe\u010di\u0165 \u013eahk\u00fd pr\u00edstup ku komponentom valca a pou\u017eitie \u0161tandardn\u00fdch dielov a pr\u00edslu\u0161enstva.<\/p>\n<p><img decoding=\"async\" src=\"https:\/\/www.hydraulic-cylinders.net\/wp-content\/uploads\/2025\/01\/songte-cylinder-head-with-all-kinds-excavator-models.webp\" alt=\"Obr\u00e1zok hlavy valcov\"><\/p>\n<h2>Tesnenie a mazanie<\/h2>\n<p>Valec ramena pou\u017e\u00edva r\u00f4zne tesnenia, ako s\u00fa tesnenia piestov, tesnenia ty\u010d\u00ed a stiera\u010de, aby sa zabr\u00e1nilo \u00faniku kvapaliny a kontamin\u00e1cii. Tesnenia s\u00fa vyroben\u00e9 z materi\u00e1lov odoln\u00fdch vo\u010di opotrebovaniu, ako je polyuret\u00e1n a nitrilov\u00fd kau\u010duk, aby odol\u00e1vali opotrebovaniu. Hlava valca a z\u00e1vitov\u00e9 konce s\u00fa jemne opracovan\u00e9 pre zv\u00fd\u0161enie odolnosti vo\u010di opotrebovaniu. Na mazanie valca a zabezpe\u010denie plynul\u00e9ho chodu je potrebn\u00e9 pravideln\u00e9 prid\u00e1vanie hydraulick\u00e9ho oleja.<\/p>\n<h2>\u00dadr\u017eba a prevent\u00edvne opatrenia<\/h2>\n<p>Pravideln\u00e1 kontrola a \u00fadr\u017eba s\u00fa nevyhnutn\u00e9 na zabezpe\u010denie efekt\u00edvnej prev\u00e1dzky a dlhej \u017eivotnosti valca ramena. Mali by sa prija\u0165 nasleduj\u00face opatrenia:<\/p>\n<ul>\n<li>Pravidelne kontrolujte, \u010di telo valca a tesnenia nie s\u00fa netesn\u00e9 alebo po\u0161koden\u00e9.<\/li>\n<li>Pravidelne nama\u017ete valec hydraulick\u00fdm olejom.<\/li>\n<li>Opotrebovan\u00e9 alebo po\u0161koden\u00e9 tesnenia v\u010das vyme\u0148te.<\/li>\n<li>Zabezpe\u010dte spr\u00e1vnu in\u0161tal\u00e1ciu valca a s\u00favisiacich komponentov.<\/li>\n<li>Zabezpe\u010dte spr\u00e1vne zarovnanie valca a piestnej ty\u010de.<\/li>\n<\/ul>\n<p><img decoding=\"async\" src=\"https:\/\/www.hydraulic-cylinders.net\/wp-content\/uploads\/2025\/01\/songte-chushion-collar.webp\" alt=\"Obr\u00e1zok vank\u00fa\u0161ov\u00e9ho goliera\"><\/p>\n<h2>In\u0161tala\u010dn\u00e1 pr\u00edru\u010dka<\/h2>\n<p>Pri in\u0161tal\u00e1cii valca ramena je potrebn\u00e9 dodr\u017eiava\u0165 nasleduj\u00face kroky:<\/p>\n<ol>\n<li>Skontrolujte valec a s\u00favisiace komponenty, \u010di nie s\u00fa po\u0161koden\u00e9 alebo opotrebovan\u00e9.<\/li>\n<li>Vy\u010distite mont\u00e1\u017ene plochy valca a strojov\u00e9ho zariadenia.<\/li>\n<li>Nain\u0161talujte valec pomocou vhodn\u00fdch mont\u00e1\u017enych konzol a hardv\u00e9ru.<\/li>\n<li>Zabezpe\u010dte spr\u00e1vne zarovnanie valca a piestnej ty\u010de.<\/li>\n<li>Pripojte hydraulick\u00e9 hadice a spojovacie prvky a dbajte na spr\u00e1vny u\u0165ahovac\u00ed moment.<\/li>\n<li>Otestujte valec, \u010di funguje spr\u00e1vne.<\/li>\n<\/ol>\n<p><img decoding=\"async\" src=\"https:\/\/www.hydraulic-cylinders.net\/wp-content\/uploads\/2025\/01\/songte-bushings-with-all-kinds-of-excavator-models.webp\" alt=\"Obr\u00e1zok puzdier\"><\/p>\n<h2>Bezpe\u010dnostn\u00e9 aspekty a faktory prostredia<\/h2>\n<p>Bezpe\u010dnos\u0165 je pri pou\u017e\u00edvan\u00ed valca s ramenom k\u013e\u00fa\u010dov\u00fdm faktorom, preto\u017ee ide o \u0165a\u017ek\u00e9 stroje a potenci\u00e1lne nebezpe\u010denstv\u00e1. Malo by sa zabezpe\u010di\u0165 riadne \u0161kolenie a in\u0161trukt\u00e1\u017ee o bezpe\u010dnej obsluhe strojov a valca. V\u00fdkon a \u017eivotnos\u0165 valca m\u00f4\u017eu ovplyvni\u0165 aj faktory prostredia, ako je teplota a vlhkos\u0165.<\/p>\n<h2>Rie\u0161enie probl\u00e9mov a be\u017en\u00e9 probl\u00e9my<\/h2>\n<p>Nasleduj\u00fa niektor\u00e9 be\u017en\u00e9 probl\u00e9my a tipy na ich rie\u0161enie:<\/p>\n<ul>\n<li>\u00danik kvapaliny: Skontrolujte, \u010di nie s\u00fa po\u0161koden\u00e9 tesnenia alebo uvo\u013enen\u00e9 spoje a v pr\u00edpade potreby ich vyme\u0148te alebo dotiahnite.<\/li>\n<li>Slab\u00fd v\u00fdkon: Skontrolujte, \u010di nie s\u00fa komponenty valca po\u0161koden\u00e9 alebo opotrebovan\u00e9, a v pr\u00edpade potreby ich vyme\u0148te.<\/li>\n<li>Hluk: Skontrolujte, \u010di nie s\u00fa uvo\u013enen\u00e9 spoje alebo opotrebovan\u00e9 komponenty a v pr\u00edpade potreby ich dotiahnite alebo vyme\u0148te.<\/li>\n<\/ul>\n<p><img decoding=\"async\" src=\"https:\/\/www.hydraulic-cylinders.net\/wp-content\/uploads\/2025\/01\/songte-company-4.webp\" alt=\"Obr\u00e1zok spolo\u010dnosti\"><\/p>\n<h2>O n\u00e1s<\/h2>\n<p>Sme profesion\u00e1lny v\u00fdrobca n\u00e1hradn\u00fdch hydraulick\u00fdch valcov so \u0161irokou \u0161k\u00e1lou produktov. Stali sme sa jedn\u00fdm z popredn\u00fdch v\u00fdrobcov a ve\u013ekoobchodn\u00fdch distrib\u00fatorov hydraulick\u00fdch valcov na dom\u00e1com aj medzin\u00e1rodnom trhu. V\u017edy sa dr\u017e\u00edme princ\u00edpu excelentnosti a spoliehame sa na industrializovan\u00e9 strat\u00e9gie riadenia v\u00fdroby v prec\u00edznych v\u00fdrobn\u00fdch diel\u0148ach, aby sme neust\u00e1le zlep\u0161ovali na\u0161e technol\u00f3gie a efektivitu v\u00fdroby. Zav\u00e1dzan\u00edm \u0161pi\u010dkov\u00fdch digit\u00e1lnych v\u00fdrobn\u00fdch zariaden\u00ed a profesion\u00e1lnych detek\u010dn\u00fdch syst\u00e9mov neust\u00e1le optimalizujeme na\u0161u v\u00fdrobn\u00fa platformu a zlep\u0161ujeme proces kontroly kvality na\u0161ich v\u00fdrobkov, pri\u010dom disponujeme siln\u00fdmi inova\u010dn\u00fdmi schopnos\u0165ami. Na\u0161\u00edm cie\u013eom je uspokoji\u0165 rozmanit\u00e9 potreby z\u00e1kazn\u00edkov s vysokou \u00fa\u010dinnos\u0165ou, presnos\u0165ou a vysoko kvalitn\u00fdmi produktmi.<\/p>\n<h3>Profesionalita<\/h3>\n<p>M\u00e1me profesion\u00e1lny t\u00edm s rozsiahlymi sk\u00fasenos\u0165ami v odvetv\u00ed a odborn\u00fdmi znalos\u0165ami v oblasti n\u00e1vrhu, v\u00fdroby a \u00fadr\u017eby hydraulick\u00fdch valcov, \u010do zabezpe\u010duje, \u017ee na\u0161im z\u00e1kazn\u00edkom poskytujeme komplexn\u00e9 a vysoko kvalitn\u00e9 slu\u017eby.<\/p>\n<h3>Medzin\u00e1rodn\u00e1 certifik\u00e1cia<\/h3>\n<p>Na\u0161e v\u00fdrobky pre\u0161li medzin\u00e1rodn\u00fdmi certifik\u00e1ciami, ako napr\u00edklad ISO9001 a CE, \u010do zabezpe\u010duje, \u017ee na\u0161e v\u00fdrobky sp\u013a\u0148aj\u00fa medzin\u00e1rodn\u00e9 \u0161tandardy kvality.<\/p>\n<h3>Slu\u017eby prisp\u00f4sobenia<\/h3>\n<p>Poskytujeme prisp\u00f4soben\u00e9 slu\u017eby, aby sme splnili rozmanit\u00e9 potreby na\u0161ich z\u00e1kazn\u00edkov, vr\u00e1tane prisp\u00f4soben\u00fdch typov, ve\u013ekost\u00ed a \u0161pecifik\u00e1ci\u00ed valcov, aby sme zabezpe\u010dili, \u017ee na\u0161e produkty sp\u013a\u0148aj\u00fa ich \u0161pecifick\u00e9 po\u017eiadavky.<\/p>\n<p><img decoding=\"async\" src=\"https:\/\/www.hydraulic-cylinders.net\/wp-content\/uploads\/2025\/01\/songte-company-3.webp\" alt=\"Obr\u00e1zok produkcie spolo\u010dnosti\"><\/p>\n<h3>V\u00fdrobn\u00e9 zariadenia<\/h3>\n<p>Na zabezpe\u010denie presnosti a kvality na\u0161ich v\u00fdrobkov pou\u017e\u00edvame \u0161pi\u010dkov\u00e9 digit\u00e1lne v\u00fdrobn\u00e9 zariadenia, ako s\u00fa CNC obr\u00e1bacie centr\u00e1.<\/p>\n<h3>Popredajn\u00fd servis<\/h3>\n<p>Poskytujeme komplexn\u00e9 popredajn\u00e9 slu\u017eby, aby sme zabezpe\u010dili spokojnos\u0165 na\u0161ich z\u00e1kazn\u00edkov s na\u0161imi produktmi a slu\u017ebami. Poskytujeme technick\u00fa podporu a poradenstvo v oblasti \u00fadr\u017eby a opr\u00e1v produktov a na na\u0161e produkty poskytujeme z\u00e1ruku.<\/p>\n<p>Autor: lyl<\/p>","protected":false},"excerpt":{"rendered":"<p>Arm Cylinder for Zoomlion Small Excavator ZE150 Introduction Defining Arm Cylinder for Zoomlion Small Excavator ZE150 The arm cylinder is a specially designed hydraulic cylinder that is primarily used to provide linear motion and power to the arms of various types of machinery, such as excavators, cranes, and mechanical arms. The arm cylinder plays a [&hellip;]<\/p>","protected":false},"featured_media":14766,"comment_status":"open","ping_status":"closed","template":"","meta":{"_et_pb_use_builder":"","_et_pb_old_content":"","_et_gb_content_width":""},"product_brand":[],"product_cat":[1497],"product_tag":[1498,1496],"class_list":{"0":"post-16422","1":"product","2":"type-product","3":"status-publish","4":"has-post-thumbnail","6":"product_cat-arm-cylinders","7":"product_tag-arm-cylinders","8":"product_tag-hydraulic-cylinders","10":"first","11":"instock","12":"shipping-taxable","13":"product-type-simple"},"amp_enabled":true,"_links":{"self":[{"href":"https:\/\/www.hydraulic-cylinders.net\/sk\/wp-json\/wp\/v2\/product\/16422","targetHints":{"allow":["GET"]}}],"collection":[{"href":"https:\/\/www.hydraulic-cylinders.net\/sk\/wp-json\/wp\/v2\/product"}],"about":[{"href":"https:\/\/www.hydraulic-cylinders.net\/sk\/wp-json\/wp\/v2\/types\/product"}],"replies":[{"embeddable":true,"href":"https:\/\/www.hydraulic-cylinders.net\/sk\/wp-json\/wp\/v2\/comments?post=16422"}],"wp:featuredmedia":[{"embeddable":true,"href":"https:\/\/www.hydraulic-cylinders.net\/sk\/wp-json\/wp\/v2\/media\/14766"}],"wp:attachment":[{"href":"https:\/\/www.hydraulic-cylinders.net\/sk\/wp-json\/wp\/v2\/media?parent=16422"}],"wp:term":[{"taxonomy":"product_brand","embeddable":true,"href":"https:\/\/www.hydraulic-cylinders.net\/sk\/wp-json\/wp\/v2\/product_brand?post=16422"},{"taxonomy":"product_cat","embeddable":true,"href":"https:\/\/www.hydraulic-cylinders.net\/sk\/wp-json\/wp\/v2\/product_cat?post=16422"},{"taxonomy":"product_tag","embeddable":true,"href":"https:\/\/www.hydraulic-cylinders.net\/sk\/wp-json\/wp\/v2\/product_tag?post=16422"}],"curies":[{"name":"pracovn\u00fd list","href":"https:\/\/api.w.org\/{rel}","templated":true}]}}