{"id":16423,"date":"2025-01-20T09:14:18","date_gmt":"2025-01-20T09:14:18","guid":{"rendered":"https:\/\/www.hydraulic-cylinders.net\/product\/arm-cylinderfor-zoomlion-small-excavator-ze150e\/"},"modified":"2025-01-20T09:14:27","modified_gmt":"2025-01-20T09:14:27","slug":"arm-cylinderfor-zoomlion-small-excavator-ze150e","status":"publish","type":"product","link":"https:\/\/www.hydraulic-cylinders.net\/sk\/produkt\/arm-cylinderfor-zoomlion-small-excavator-ze150e\/","title":{"rendered":"Valec ramena pre mal\u00e9 r\u00fdpadlo Zoomlion ZE150E"},"content":{"rendered":"<p>Valec ramena pre mal\u00e9 r\u00fdpadlo Zoomlion ZE150E<\/p>\n<p>Hydraulick\u00fd valec ramena je \u0161pecializovan\u00fd hydraulick\u00fd valec ur\u010den\u00fd na zabezpe\u010denie line\u00e1rneho pohybu a v\u00fdkonu ramena r\u00f4znych typov strojov, ako s\u00fa r\u00fdpadl\u00e1, \u017eeriavy a mechanick\u00e9 ramen\u00e1. Valec ramena zohr\u00e1va k\u013e\u00fa\u010dov\u00fa \u00falohu v hydraulickom syst\u00e9me, preto\u017ee umo\u017e\u0148uje efekt\u00edvny pohyb a ovl\u00e1danie pripojen\u00e9ho n\u00e1radia alebo pr\u00edslu\u0161enstva. Tieto valce nielen umo\u017e\u0148uj\u00fa plynul\u00fd pohyb, ale tie\u017e odol\u00e1vaj\u00fa \u0165a\u017ek\u00fdm za\u0165a\u017eeniam, \u010d\u00edm zabezpe\u010duj\u00fa efekt\u00edvnu prev\u00e1dzku a spo\u013eahlivos\u0165 strojov v r\u00f4znych pracovn\u00fdch podmienkach.<\/p>\n<p>Defin\u00edcia a vysvetlenie:<\/p>\n<p>Hydraulick\u00fd valec ramena, tie\u017e zn\u00e1my ako valec v\u00fdlo\u017en\u00edka, patr\u00ed medzi jedno\u010dinn\u00e9 hydraulick\u00e9 valce a je neoddelite\u013enou s\u00fa\u010das\u0165ou hydraulick\u00e9ho syst\u00e9mu \u0165a\u017ek\u00fdch strojov. Poskytuje tla\u010dn\u00fa a \u0165a\u017en\u00fa silu ramena na efekt\u00edvne zdv\u00edhanie, sp\u00fa\u0161\u0165anie a pohyb pripojen\u00e9ho n\u00e1radia. Valec m\u00e1 vo vn\u00fatri piest, ktor\u00fd premie\u0148a energiu z hydraulickej kvapaliny na mechanick\u00fa silu alebo naopak.<\/p>\n<p>Hydraulick\u00fd valec ramena je navrhnut\u00fd tak, aby sp\u013a\u0148al r\u00f4zne \u0161pecifik\u00e1cie a po\u017eiadavky r\u00f4znych strojn\u00fdch zariaden\u00ed. Zvy\u010dajne je vyroben\u00fd z vysokopevnostn\u00fdch materi\u00e1lov, ako je oce\u013e, a je potiahnut\u00fd odolnou povrchovou \u00fapravou, ktor\u00e1 zabra\u0148uje kor\u00f3zii, opotrebovaniu a po\u0161kodeniu. Valec m\u00e1 tie\u017e tesnenie, ktor\u00e9 zabra\u0148uje \u00faniku hydraulickej kvapaliny a zabezpe\u010duje efekt\u00edvnu prev\u00e1dzku.<\/p>\n<p>Vlastnosti:<\/p>\n<p>1. Vysoko\u00fa\u010dinn\u00fd prevod:<br \/>\nValec ramena poskytuje siln\u00fd line\u00e1rny pohyb a silu, \u010d\u00edm zais\u0165uje vysok\u00fd v\u00fdkon mechanick\u00e9ho ramena pri r\u00f4znych oper\u00e1ci\u00e1ch.<\/p>\n<p>2. Presn\u00e9 ovl\u00e1danie:<br \/>\nV\u010faka hydraulick\u00e9mu syst\u00e9mu dok\u00e1\u017ee valec ramena dosiahnu\u0165 presn\u00e9 ovl\u00e1danie pohybu, v\u010faka \u010domu je ovl\u00e1danie pripojen\u00e9ho n\u00e1radia flexibilnej\u0161ie a presnej\u0161ie.<\/p>\n<p>3. Siln\u00e1 odolnos\u0165:<br \/>\nValec ramena je zvy\u010dajne vyroben\u00fd z vysoko pevn\u00fdch materi\u00e1lov a m\u00e1 dobr\u00fa odolnos\u0165 vo\u010di opotrebovaniu a kor\u00f3zii, je vhodn\u00fd na dlhodob\u00e9 pou\u017e\u00edvanie v n\u00e1ro\u010dn\u00fdch podmienkach.<\/p>\n<p>4. V\u0161estrannos\u0165:<br \/>\nTieto valce sa daj\u00fa \u0161iroko pou\u017e\u00edva\u0165 v r\u00f4znych typoch strojn\u00fdch zariaden\u00ed, ako s\u00fa bagre, \u017eeriavy a mechanick\u00e9 ramen\u00e1, aby sa prisp\u00f4sobili r\u00f4znym pracovn\u00fdm po\u017eiadavk\u00e1m.<\/p>\n<p>5. Jednoduch\u00e1 \u00fadr\u017eba:<br \/>\nKon\u0161trukcia valca ramena zoh\u013ead\u0148uje jednoduch\u00fa \u00fadr\u017ebu a v\u00fdmenu, v\u010faka \u010domu je pravideln\u00e1 kontrola a \u00fadr\u017eba pohodlnej\u0161ia a zni\u017euje sa tak prestoje zariadenia.<\/p>\n<p>Produkcia:<\/p>\n<p>Na\u0161a spolo\u010dnos\u0165 dok\u00e1\u017ee vyrobi\u0165 tento produkt a n\u00e1\u0161 produkt dok\u00e1\u017ee dokonale nahradi\u0165 tieto hydraulick\u00e9 valce. Pon\u00fakame \u0161irok\u00fd sortiment hydraulick\u00fdch valcov a n\u00e1hradn\u00fdch dielov, ktor\u00e9 je mo\u017en\u00e9 prisp\u00f4sobi\u0165 po\u017eiadavk\u00e1m z\u00e1kazn\u00edka.<\/p>\n<p>Aplik\u00e1cie:<\/p>\n<p>Valec ramena sa \u0161iroko pou\u017e\u00edva v r\u00f4znych odvetviach, ako je stavebn\u00edctvo, v\u00fdroba, po\u013enohospod\u00e1rstvo, ban\u00edctvo a logistika a doprava.<\/p>\n<p>Kon\u0161trukcia:<br \/>\nV bagroch a \u017eeriavoch sa valec ramena pou\u017e\u00edva na ovl\u00e1danie pohybu vedier alebo v\u00fdlo\u017en\u00edkov, vykon\u00e1vanie zemn\u00fdch pr\u00e1c, manipul\u00e1ciu s materi\u00e1lom a mont\u00e1\u017e kon\u0161trukci\u00ed.<\/p>\n<p>V\u00fdroba:<br \/>\nV automatizovan\u00fdch v\u00fdrobn\u00fdch link\u00e1ch sa valec ramena pou\u017e\u00edva na pohyb mechanick\u00fdch ramien, mont\u00e1\u017e, zv\u00e1ranie a manipul\u00e1ciu, \u010d\u00edm sa zlep\u0161uje efektivita a presnos\u0165 v\u00fdroby.<\/p>\n<p>Po\u013enohospod\u00e1rske stroje:<br \/>\nV po\u013enohospod\u00e1rskych strojoch, ako s\u00fa zbera\u010de a seja\u010dky, riadi valec ramena pohyb ovl\u00e1dacieho ramena a vykon\u00e1va \u00falohy, ako je siatie, hnojenie a zber \u00farody.<\/p>\n<p>\u0164a\u017eba:<br \/>\nV bansk\u00fdch zariadeniach sa valec ramena pou\u017e\u00edva na ovl\u00e1danie pohybu ramena bansk\u00e9ho zariadenia, \u0165a\u017ebu a prepravu r\u00fad.<\/p>\n<p>Logistika a doprava:<br \/>\nVo vysokozdvi\u017en\u00fdch voz\u00edkoch a manipula\u010dn\u00fdch robotoch sa valec ramena pou\u017e\u00edva na ovl\u00e1danie zdv\u00edhania a pohybu vidlice, \u010d\u00edm sa realizuje manipul\u00e1cia s materi\u00e1lom a stohovanie.<\/p>\n<p>\u0160tandard n\u00e1vrhu a v\u00fdberu:<\/p>\n<p>Valec ramena je z\u00e1kladnou s\u00fa\u010das\u0165ou hydraulick\u00e9ho syst\u00e9mu strojn\u00e9ho zariadenia a jeho n\u00e1vrh a v\u00fdber by mali sp\u013a\u0148a\u0165 nasleduj\u00face po\u017eiadavky:<\/p>\n<p>1. Nosnos\u0165:<br \/>\nValec ramena by mal by\u0165 schopn\u00fd unies\u0165 maxim\u00e1lne za\u0165a\u017eenie a zabezpe\u010di\u0165, aby strojov\u00e9 zariadenie fungovalo hladko a efekt\u00edvne.<\/p>\n<p>2. Tesnenie:<br \/>\nValec ramena by mal ma\u0165 spo\u013eahliv\u00e9 tesnenie, aby sa zabr\u00e1nilo \u00faniku hydraulickej kvapaliny, \u010d\u00edm sa zabezpe\u010d\u00ed efekt\u00edvna prev\u00e1dzka a pred\u00edde zne\u010disteniu \u017eivotn\u00e9ho prostredia.<\/p>\n<p>3. Trvanlivos\u0165:<br \/>\nValec ramena by mal ma\u0165 dobr\u00fa odolnos\u0165 proti opotrebovaniu a kor\u00f3zii, \u010do zabezpe\u010d\u00ed dlhodob\u00e9 pou\u017e\u00edvanie v n\u00e1ro\u010dn\u00fdch podmienkach.<\/p>\n<p>4. Bezpe\u010dnos\u0165:<br \/>\nValec ramena by mal sp\u013a\u0148a\u0165 bezpe\u010dnostn\u00e9 normy a ma\u0165 bezpe\u010dnostn\u00e9 zariadenia, ako s\u00fa vyrovn\u00e1vacie ventily, aby sa zabr\u00e1nilo pre\u0165a\u017eeniu, \u00faniku a in\u00fdm nehod\u00e1m.<\/p>\n<p>5. \u00dadr\u017eba:<br \/>\nKon\u0161trukcia valca ramena by mala zoh\u013ead\u0148ova\u0165 jednoduch\u00fa \u00fadr\u017ebu a v\u00fdmenu, skr\u00e1tenie prestojov zariadenia a zabezpe\u010denie efekt\u00edvnej prev\u00e1dzky.<\/p>\n<p>Tesnenie a mazanie:<\/p>\n<p>Valec ramena mus\u00ed by\u0165 vybaven\u00fd r\u00f4znymi tesniacimi komponentmi, ako s\u00fa tesniace kr\u00fa\u017eky piestu, tesniace kr\u00fa\u017eky ty\u010de, vyroben\u00e9 z materi\u00e1lov odoln\u00fdch vo\u010di opotrebovaniu, ako je polyuret\u00e1n a nitrilov\u00fd kau\u010duk, aby sa zabr\u00e1nilo \u00faniku hydraulickej kvapaliny. Hlava valca a koniec z\u00e1vitu by mali by\u0165 jemne opracovan\u00e9, aby sa zlep\u0161ila odolnos\u0165 proti opotrebovaniu.<\/p>\n<p>Pravideln\u00e1 kontrola a prevent\u00edvna \u00fadr\u017eba:<\/p>\n<p>Pravideln\u00e1 kontrola a prevent\u00edvna \u00fadr\u017eba s\u00fa nevyhnutn\u00e9 na zabezpe\u010denie efekt\u00edvnej a bezpe\u010dnej prev\u00e1dzky valca ramena. Kontrola by mala zah\u0155\u0148a\u0165 kontrolu opotrebovania a po\u0161kodenia tesnenia, piesta a ty\u010de, kontrolu hladiny a kvality hydraulick\u00e9ho oleja a \u010distenie telesa valca a s\u00favisiacich \u010dast\u00ed. Prevent\u00edvne opatrenia \u00fadr\u017eby, ako je v\u010dasn\u00e1 v\u00fdmena tesnen\u00ed a hydraulick\u00e9ho oleja, m\u00f4\u017eu pred\u013a\u017ei\u0165 \u017eivotnos\u0165 valca ramena.<\/p>\n<p>N\u00e1vod na in\u0161tal\u00e1ciu:<\/p>\n<p>In\u0161tal\u00e1cia valca ramena by sa mala vykona\u0165 pod\u013ea pokynov na in\u0161tal\u00e1ciu od v\u00fdrobcu. Proces in\u0161tal\u00e1cie zah\u0155\u0148a v\u00fdber vhodn\u00e9ho valca a s\u00favisiacich dielov, zabezpe\u010denie hydraulick\u00e9ho syst\u00e9mu bez ne\u010dist\u00f4t a nanesenie spr\u00e1vneho mno\u017estva hydraulick\u00e9ho oleja. Proces in\u0161tal\u00e1cie by mal vykon\u00e1va\u0165 odborn\u00fd person\u00e1l, aby sa zabezpe\u010dila bezpe\u010dn\u00e1 a efekt\u00edvna prev\u00e1dzka strojn\u00e9ho zariadenia.<\/p>\n<p>Bezpe\u010dnostn\u00e9 a environment\u00e1lne aspekty:<\/p>\n<p>Pou\u017e\u00edvanie hydraulick\u00fdch valcov ramena by malo by\u0165 v s\u00falade s bezpe\u010dnostn\u00fdmi predpismi a normami, aby sa predi\u0161lo nehod\u00e1m a chr\u00e1nilo \u017eivotn\u00e9 prostredie. Mali by sa implementova\u0165 bezpe\u010dnostn\u00e9 opatrenia, ako je nosenie ochrann\u00fdch prostriedkov, \u0161kolenie obsluhy a in\u0161tal\u00e1cia bezpe\u010dnostn\u00fdch zariaden\u00ed. Mali by sa zoh\u013eadni\u0165 aj environment\u00e1lne aspekty, ako je zn\u00ed\u017eenie \u00faniku hydraulickej kvapaliny a spr\u00e1vna likvid\u00e1cia odpadovej hydraulickej kvapaliny.<\/p>\n<p>Rie\u0161enie probl\u00e9mov a be\u017en\u00e9 probl\u00e9my:<\/p>\n<p>Medzi be\u017en\u00e9 probl\u00e9my s valcom ramena patr\u00ed \u00fanik hydraulickej kvapaliny, nedostato\u010dn\u00fd tlak, abnorm\u00e1lny hluk a pomal\u00fd chod. Medzi opatrenia na rie\u0161enie probl\u00e9mov patr\u00ed kontrola a oprava tesnen\u00ed, piestov a ty\u010d\u00ed, kontrola hladiny a kvality hydraulick\u00e9ho oleja a \u010distenie telesa valca a s\u00favisiacich \u010dast\u00ed.<\/p>\n<p>Z\u00e1ver:<\/p>\n<p>Ako profesion\u00e1lny v\u00fdrobca hydraulick\u00fdch valcov na\u0161a spolo\u010dnos\u0165 pon\u00faka \u0161irok\u00fa \u0161k\u00e1lu produktov a slu\u017eieb na mieru, aby splnila r\u00f4zne po\u017eiadavky z\u00e1kazn\u00edkov. Z\u00edskali sme medzin\u00e1rodn\u00e9 certifik\u00e1ty ako ISO9001, CE a SGS a m\u00e1me profesion\u00e1lny a sk\u00fasen\u00fd technick\u00fd t\u00edm, ktor\u00fd zabezpe\u010duje kvalitu a \u00fa\u010dinnos\u0165 na\u0161ich produktov. Sna\u017e\u00edme sa poskytova\u0165 na\u0161im z\u00e1kazn\u00edkom vysoko kvalitn\u00e9 a inovat\u00edvne produkty a slu\u017eby, aby sme prispeli k rozvoju hydraulick\u00e9ho priemyslu.<\/p>\n<p>Autor: lyl<\/p>","protected":false},"excerpt":{"rendered":"<p>Arm Cylinder for Zoomlion Small Excavator ZE150E Arm cylinder is a specialized hydraulic cylinder designed to provide linear motion and power to the arm of various types of machinery such as excavators, cranes, and mechanical arms. The arm cylinder plays a crucial role in the hydraulic system, allowing attached tools or attachments to move and [&hellip;]<\/p>","protected":false},"featured_media":14763,"comment_status":"open","ping_status":"closed","template":"","meta":{"_et_pb_use_builder":"","_et_pb_old_content":"","_et_gb_content_width":""},"product_brand":[],"product_cat":[1497],"product_tag":[1498,1496],"class_list":{"0":"post-16423","1":"product","2":"type-product","3":"status-publish","4":"has-post-thumbnail","6":"product_cat-arm-cylinders","7":"product_tag-arm-cylinders","8":"product_tag-hydraulic-cylinders","10":"first","11":"instock","12":"shipping-taxable","13":"product-type-simple"},"amp_enabled":true,"_links":{"self":[{"href":"https:\/\/www.hydraulic-cylinders.net\/sk\/wp-json\/wp\/v2\/product\/16423","targetHints":{"allow":["GET"]}}],"collection":[{"href":"https:\/\/www.hydraulic-cylinders.net\/sk\/wp-json\/wp\/v2\/product"}],"about":[{"href":"https:\/\/www.hydraulic-cylinders.net\/sk\/wp-json\/wp\/v2\/types\/product"}],"replies":[{"embeddable":true,"href":"https:\/\/www.hydraulic-cylinders.net\/sk\/wp-json\/wp\/v2\/comments?post=16423"}],"wp:featuredmedia":[{"embeddable":true,"href":"https:\/\/www.hydraulic-cylinders.net\/sk\/wp-json\/wp\/v2\/media\/14763"}],"wp:attachment":[{"href":"https:\/\/www.hydraulic-cylinders.net\/sk\/wp-json\/wp\/v2\/media?parent=16423"}],"wp:term":[{"taxonomy":"product_brand","embeddable":true,"href":"https:\/\/www.hydraulic-cylinders.net\/sk\/wp-json\/wp\/v2\/product_brand?post=16423"},{"taxonomy":"product_cat","embeddable":true,"href":"https:\/\/www.hydraulic-cylinders.net\/sk\/wp-json\/wp\/v2\/product_cat?post=16423"},{"taxonomy":"product_tag","embeddable":true,"href":"https:\/\/www.hydraulic-cylinders.net\/sk\/wp-json\/wp\/v2\/product_tag?post=16423"}],"curies":[{"name":"pracovn\u00fd list","href":"https:\/\/api.w.org\/{rel}","templated":true}]}}