{"id":16435,"date":"2025-01-20T09:15:23","date_gmt":"2025-01-20T09:15:23","guid":{"rendered":"https:\/\/www.hydraulic-cylinders.net\/product\/arm-cylinderfor-zoomlion-large-excavator-ze480esp\/"},"modified":"2025-01-20T09:15:32","modified_gmt":"2025-01-20T09:15:32","slug":"arm-cylinderfor-zoomlion-large-excavator-ze480esp","status":"publish","type":"product","link":"https:\/\/www.hydraulic-cylinders.net\/sk\/produkt\/arm-cylinderfor-zoomlion-large-excavator-ze480esp\/","title":{"rendered":"Valec ramena pre ve\u013ek\u00e9 r\u00fdpadlo Zoomlion ZE480ESP"},"content":{"rendered":"<p>Valec ramena pre ve\u013ek\u00e9 r\u00fdpadlo Zoomlion ZE480ESP<\/p>\n<p>Hydraulick\u00fd valec ramena je \u0161pecializovan\u00fd hydraulick\u00fd valec ur\u010den\u00fd na zabezpe\u010denie line\u00e1rneho pohybu a v\u00fdkonu ramien r\u00f4znych strojov, ako s\u00fa r\u00fdpadl\u00e1, \u017eeriavy a robotick\u00e9 ramen\u00e1. Zohr\u00e1va k\u013e\u00fa\u010dov\u00fa \u00falohu v hydraulick\u00fdch syst\u00e9moch, preto\u017ee umo\u017e\u0148uje efekt\u00edvny pohyb a ovl\u00e1danie \u010fal\u0161\u00edch n\u00e1strojov alebo pr\u00edslu\u0161enstva. Tieto valce nielen umo\u017e\u0148uj\u00fa plynul\u00fd pohyb, ale tie\u017e podopieraj\u00fa \u0165a\u017ek\u00e9 bremen\u00e1, \u010d\u00edm zabezpe\u010duj\u00fa efekt\u00edvnu prev\u00e1dzku a spo\u013eahlivos\u0165 strojov v r\u00f4znych pracovn\u00fdch podmienkach.<\/p>\n<p>Defin\u00edcia a vysvetlenie<\/p>\n<p>Hydraulick\u00fd valec ramena je typ hydraulick\u00e9ho valca, ktor\u00fd zabezpe\u010duje line\u00e1rny pohyb a v\u00fdkon ramien r\u00f4znych strojov. Je z\u00e1kladnou s\u00fa\u010das\u0165ou hydraulick\u00e9ho syst\u00e9mu, ktor\u00fd umo\u017e\u0148uje ramen\u00e1m efekt\u00edvny pohyb a ovl\u00e1danie. Valce ramena s\u00fa navrhnut\u00e9 tak, aby odol\u00e1vali vysok\u00e9mu za\u0165a\u017eeniu a poskytovali plynul\u00fd pohyb, \u010d\u00edm sa zabezpe\u010d\u00ed efekt\u00edvna prev\u00e1dzka a spo\u013eahlivos\u0165 strojov v r\u00f4znych pracovn\u00fdch podmienkach.<\/p>\n<p>Funkcie<\/p>\n<p>Hydraulick\u00e9 valce ramena maj\u00fa nieko\u013eko vynikaj\u00facich vlastnost\u00ed, ktor\u00e9 ich odli\u0161uj\u00fa od ostatn\u00fdch hydraulick\u00fdch valcov. Medzi k\u013e\u00fa\u010dov\u00e9 vlastnosti patria:<\/p>\n<p>1. Vysoko\u00fa\u010dinn\u00fd prevod: Valce ramena poskytuj\u00fa siln\u00fd line\u00e1rny pohyb a silu, \u010d\u00edm zabezpe\u010duj\u00fa vysoko\u00fa\u010dinn\u00fd v\u00fdkon robotick\u00fdch ramien po\u010das r\u00f4znych oper\u00e1ci\u00ed.<\/p>\n<p>2. Presn\u00e9 ovl\u00e1danie: Pomocou hydraulick\u00e9ho syst\u00e9mu m\u00f4\u017eu valce ramena dosiahnu\u0165 presn\u00e9 ovl\u00e1danie pohybu, \u010d\u00edm sa prev\u00e1dzka pripojen\u00e9ho n\u00e1radia st\u00e1va flexibilnej\u0161ou a presnej\u0161ou.<\/p>\n<p>3. Vysok\u00e1 odolnos\u0165: Valce ramien s\u00fa zvy\u010dajne vyroben\u00e9 z vysoko pevn\u00fdch materi\u00e1lov, ktor\u00e9 pon\u00fakaj\u00fa vynikaj\u00facu odolnos\u0165 vo\u010di opotrebovaniu a kor\u00f3zii, v\u010faka \u010domu s\u00fa vhodn\u00e9 na dlhodob\u00e9 pou\u017e\u00edvanie v n\u00e1ro\u010dn\u00fdch podmienkach.<\/p>\n<p>4. Multifunk\u010dn\u00e1 prisp\u00f4sobivos\u0165: Tieto valce sa daj\u00fa \u0161iroko pou\u017e\u00edva\u0165 v r\u00f4znych mechanick\u00fdch zariadeniach, ako s\u00fa bagre, \u017eeriavy a robotick\u00e9 ramen\u00e1, a prisp\u00f4sobuj\u00fa sa r\u00f4znym pracovn\u00fdm po\u017eiadavk\u00e1m.<\/p>\n<p>5. Jednoduch\u00e1 \u00fadr\u017eba: Kon\u0161trukcia valcov ramena zoh\u013ead\u0148uje jednoduch\u00fa \u00fadr\u017ebu a v\u00fdmenu, v\u010faka \u010domu je pravideln\u00e1 kontrola a \u00fadr\u017eba pohodlnej\u0161ia a skracuje sa doba prestojov zariadenia.<\/p>\n<p>Produkcia<\/p>\n<p>Tento produkt vieme vyrobi\u0165 a n\u00e1\u0161 produkt dok\u00e1\u017ee dokonale nahradi\u0165 tieto hydraulick\u00e9 valce. Pon\u00fakame \u0161irok\u00fd sortiment hydraulick\u00fdch valcov v r\u00f4znych ve\u013ekostiach a \u0161pecifik\u00e1ci\u00e1ch, aby sme splnili r\u00f4zne potreby z\u00e1kazn\u00edkov. Poskytujeme tie\u017e slu\u017eby na mieru, ktor\u00e9 sp\u013a\u0148aj\u00fa \u0161pecifick\u00e9 po\u017eiadavky z\u00e1kazn\u00edkov.<\/p>\n<p>Aplik\u00e1cia<\/p>\n<p>Valce s ramenom sa v\u010faka svojim vynikaj\u00facim vlastnostiam \u0161iroko pou\u017e\u00edvaj\u00fa v r\u00f4znych odvetviach. Be\u017ene sa pou\u017e\u00edvaj\u00fa v nasleduj\u00facich oblastiach:<\/p>\n<p>1. Stavebn\u00e9 in\u017einierstvo: V bagroch a \u017eeriavoch sa valce ramien pou\u017e\u00edvaj\u00fa na ovl\u00e1danie pohybu vedier alebo v\u00fdlo\u017en\u00edkov, vykon\u00e1vanie zemn\u00fdch pr\u00e1c, manipul\u00e1ciu s materi\u00e1lom a mont\u00e1\u017e kon\u0161trukci\u00ed.<\/p>\n<p>2. V\u00fdrobn\u00fd priemysel: V automatizovan\u00fdch v\u00fdrobn\u00fdch link\u00e1ch sa valce ramien pou\u017e\u00edvaj\u00fa na riadenie pohybu robotick\u00fdch ramien, vykon\u00e1vanie mont\u00e1\u017enych, zv\u00e1rac\u00edch a manipula\u010dn\u00fdch procesov, \u010d\u00edm sa zlep\u0161uje efektivita a presnos\u0165 v\u00fdroby.<\/p>\n<p>3. Po\u013enohospod\u00e1rske stroje: V po\u013enohospod\u00e1rskych strojoch, ako s\u00fa zbera\u010de a seja\u010dky, riadia valce ramien pohyb ovl\u00e1dac\u00edch ramien a vykon\u00e1vaj\u00fa \u00falohy, ako je siatie, hnojenie a zber \u00farody.<\/p>\n<p>4. \u0164a\u017eba: Valce ramien sa pou\u017e\u00edvaj\u00fa na ovl\u00e1danie pohybu ramien bansk\u00fdch zariaden\u00ed, vykon\u00e1vanie \u0165a\u017eby a prepravy rudy.<\/p>\n<p>5. Logistika a doprava: Vo vysokozdvi\u017en\u00fdch voz\u00edkoch a manipula\u010dn\u00fdch robotoch sa valce ramien pou\u017e\u00edvaj\u00fa na ovl\u00e1danie zdv\u00edhania a pohybu vidl\u00edc, \u010d\u00edm sa realizuje manipul\u00e1cia s materi\u00e1lom a stohovanie.<\/p>\n<p>\u00davahy o dizajne a krit\u00e9ri\u00e1 v\u00fdberu<\/p>\n<p>Krit\u00e9ri\u00e1 n\u00e1vrhu a v\u00fdberu valcov ramena zah\u0155\u0148aj\u00fa nieko\u013eko faktorov, ako je nosnos\u0165, tesnenie, trvanlivos\u0165, bezpe\u010dnos\u0165 a \u00fadr\u017eba.<\/p>\n<p>1. Nosnos\u0165: Nosnos\u0165 valca ramena je k\u013e\u00fa\u010dov\u00fdm faktorom, ktor\u00fd je potrebn\u00e9 zv\u00e1\u017ei\u0165 pri v\u00fdbere vhodn\u00e9ho valca pre konkr\u00e9tnu aplik\u00e1ciu. Nosnos\u0165 by sa mala voli\u0165 na z\u00e1klade typu pou\u017eit\u00e9ho stroja a pr\u00edslu\u0161enstva.<\/p>\n<p>2. Tesnenie: Valce ramena sa spoliehaj\u00fa na tesnenia, aby sa zabr\u00e1nilo \u00faniku kvapaliny a udr\u017eal tlak v hydraulickom syst\u00e9me. V\u00fdber vhodn\u00fdch tesniacich materi\u00e1lov a kon\u0161trukci\u00ed je nevyhnutn\u00fd na zabezpe\u010denie efekt\u00edvnej prev\u00e1dzky a zabr\u00e1nenie potenci\u00e1lnym \u00fanikom.<\/p>\n<p>3. Trvanlivos\u0165: Valce ramena s\u00fa \u010dasto vystaven\u00e9 drsn\u00e9mu prostrediu a vysok\u00e9mu za\u0165a\u017eeniu. V\u00fdber vysokopevnostn\u00fdch materi\u00e1lov, spr\u00e1vne tepeln\u00e9 spracovanie a povrchov\u00e1 \u00faprava m\u00f4\u017eu zlep\u0161i\u0165 odolnos\u0165 valca vo\u010di opotrebovaniu a kor\u00f3zii, \u010d\u00edm sa zv\u00fd\u0161i jeho trvanlivos\u0165.<\/p>\n<p>4. Bezpe\u010dnos\u0165: Valce s ramenami sa \u010dasto pou\u017e\u00edvaj\u00fa v strojoch, ktor\u00e9 vy\u017eaduj\u00fa vysok\u00e9 bezpe\u010dnostn\u00e9 \u0161tandardy. Preto v\u00fdber vhodn\u00fdch bezpe\u010dnostn\u00fdch prvkov, ako s\u00fa pretlakov\u00e9 ventily, mechanizmy uzamykania portov a vank\u00fa\u0161e valcov, m\u00f4\u017ee pom\u00f4c\u0165 predch\u00e1dza\u0165 nehod\u00e1m a minimalizova\u0165 \u0161kody.<\/p>\n<p>5. \u00dadr\u017eba: Navrhovanie valcov ramien pre jednoduch\u00fa \u00fadr\u017ebu a opravy zni\u017euje prestoje strojov a \u0161etr\u00ed n\u00e1klady na opravy. Preto je nevyhnutn\u00fd v\u00fdber vhodn\u00fdch kon\u0161trukci\u00ed tesnen\u00ed, spojovac\u00edch prvkov a komponentov, ktor\u00e9 vy\u017eaduj\u00fa \u010dast\u00fa \u00fadr\u017ebu.<\/p>\n<p>Tesnenie a mazanie<\/p>\n<p>Valce ramena vy\u017eaduj\u00fa spr\u00e1vne tesnenie a mazanie, aby sa zabezpe\u010dila efekt\u00edvna prev\u00e1dzka a zabr\u00e1nilo sa potenci\u00e1lnym \u00fanikom. Na zabr\u00e1nenie \u00faniku kvapaliny je mo\u017en\u00e9 pou\u017ei\u0165 r\u00f4zne tesniace materi\u00e1ly, ako s\u00fa tesnenia piestov, tesnenia ty\u010d\u00ed a stiera\u010de. V\u00fdber vhodn\u00fdch tesniacich materi\u00e1lov na z\u00e1klade prev\u00e1dzkov\u00e9ho prostredia a za\u0165a\u017eenia valca je k\u013e\u00fa\u010dov\u00fd.<\/p>\n<p>Okrem toho valce ramena vy\u017eaduj\u00fa pravideln\u00e9 mazanie vhodn\u00fdm hydraulick\u00fdm olejom, aby sa zabr\u00e1nilo treniu a opotrebovaniu medzi pohybliv\u00fdmi \u010das\u0165ami. Je nevyhnutn\u00e9 pravidelne prid\u00e1va\u0165 do valca spr\u00e1vne mno\u017estvo hydraulick\u00e9ho oleja.<\/p>\n<p>Pravideln\u00e1 kontrola a prevent\u00edvna \u00fadr\u017eba<\/p>\n<p>Pravideln\u00e1 kontrola a prevent\u00edvna \u00fadr\u017eba s\u00fa nevyhnutn\u00e9 pre zabezpe\u010denie efekt\u00edvnej prev\u00e1dzky a \u017eivotnosti valcov ramena. Mali by sa zv\u00e1\u017ei\u0165 nasleduj\u00face body:<\/p>\n<p>1. Pravideln\u00e1 kontrola v\u0161etk\u00fdch spojov a upev\u0148ovac\u00edch prvkov, aby sa zabezpe\u010dilo ich bezpe\u010dn\u00e9 upevnenie.<\/p>\n<p>2. Pravidelne kontrolujte stav tesnenia, aby ste predi\u0161li pr\u00edpadn\u00fdm \u00fanikom.<\/p>\n<p>3. Pravidelne nama\u017ete valec ramena vhodn\u00fdm hydraulick\u00fdm olejom.<\/p>\n<p>4. Skontrolujte opotrebovanie valca a v pr\u00edpade potreby ho vyme\u0148te.<\/p>\n<p>5. Skontrolujte bezpe\u010dnostn\u00e9 prvky, ako s\u00fa pretlakov\u00e9 ventily, mechanizmy uzamykania portov a vank\u00fa\u0161e valcov.<\/p>\n<p>In\u0161tala\u010dn\u00e1 pr\u00edru\u010dka<\/p>\n<p>Pre spr\u00e1vnu in\u0161tal\u00e1ciu valca ramena je potrebn\u00e9 dodr\u017ea\u0165 nasleduj\u00face kroky:<\/p>\n<p>1. Pred in\u0161tal\u00e1ciou skontrolujte valec ramena, \u010di nie je po\u0161koden\u00fd alebo \u010di nech\u00fdbaj\u00fa nejak\u00e9 \u010dasti.<\/p>\n<p>2. Pred in\u0161tal\u00e1ciou o\u010distite v\u0161etky spoje a upev\u0148ovacie prvky.<\/p>\n<p>3. Nain\u0161talujte valec ramena pod\u013ea pokynov v\u00fdrobcu.<\/p>\n<p>4. Skontrolujte, \u010di s\u00fa v\u0161etky pripojenia a upev\u0148ovacie prvky bezpe\u010dn\u00e9.<\/p>\n<p>5. Pred pou\u017eit\u00edm otestujte funkciu valca ramena.<\/p>\n<p>Bezpe\u010dnostn\u00e9 aspekty a faktory prostredia<\/p>\n<p>Valce ramena vy\u017eaduj\u00fa po\u010das prev\u00e1dzky pr\u00edsne bezpe\u010dnostn\u00e9 opatrenia, aby sa predi\u0161lo potenci\u00e1lnym nehod\u00e1m. Obsluha by mala by\u0165 vy\u0161kolen\u00e1 v spr\u00e1vnom pou\u017e\u00edvan\u00ed a manipul\u00e1cii so strojmi, aby sa predi\u0161lo ak\u00fdmko\u013evek nebezpe\u010denstv\u00e1m spojen\u00fdm s valcami ramena. Okrem toho, environment\u00e1lne faktory, ako je teplota a vlhkos\u0165, m\u00f4\u017eu ovplyvni\u0165 prev\u00e1dzku valca ramena a na zabezpe\u010denie efekt\u00edvnej prev\u00e1dzky by sa mali venova\u0165 n\u00e1le\u017eit\u00e9 zv\u00e1\u017eenie prev\u00e1dzkov\u00fdch podmienok.<\/p>\n<p>Rie\u0161enie probl\u00e9mov a be\u017en\u00e9 probl\u00e9my<\/p>\n<p>Valce ramien m\u00f4\u017eu \u010deli\u0165 nieko\u013ek\u00fdm be\u017en\u00fdm probl\u00e9mom, ako je \u00fanik kvapaliny, nedostato\u010dn\u00fd tlak alebo pomal\u00e1 prev\u00e1dzka. Spr\u00e1vna kontrola a rie\u0161enie probl\u00e9mov m\u00f4\u017ee pom\u00f4c\u0165 diagnostikova\u0165 a vyrie\u0161i\u0165 tieto probl\u00e9my. Mali by sa vykona\u0165 nasleduj\u00face kroky:<\/p>\n<p>1. Starostlivo skontrolujte valec, \u010di nie je vidite\u013ene po\u0161koden\u00fd alebo \u010di netesn\u00ed.<\/p>\n<p>2. Skontrolujte tlak a prietok hydraulick\u00e9ho syst\u00e9mu.<\/p>\n<p>3. Skontrolujte tesnenie, \u010di nejav\u00ed zn\u00e1mky opotrebovania alebo po\u0161kodenia.<\/p>\n<p>4. Skontrolujte zarovnanie valca, aby ste sa uistili, \u017ee je spr\u00e1vne nain\u0161talovan\u00fd.<\/p>\n<p>5. Skontrolujte hladinu hydraulick\u00e9ho oleja a uistite sa, \u017ee ide o spr\u00e1vny typ a mno\u017estvo.<\/p>\n<p>Diagnostika a rie\u0161enie por\u00fach<\/p>\n<p>Spr\u00e1vna \u00fadr\u017eba a kontrola m\u00f4\u017eu zn\u00ed\u017ei\u0165 riziko por\u00fach valcov ramena. Ak sa v\u0161ak vyskytn\u00fa poruchy, nasleduj\u00face kroky m\u00f4\u017eu pom\u00f4c\u0165 diagnostikova\u0165 a vyrie\u0161i\u0165 probl\u00e9my:<\/p>\n<p>1. Identifikujte pr\u00ed\u010dinu poruchy, ako s\u00fa netesnosti, nedostato\u010dn\u00fd tlak alebo pomal\u00e1 prev\u00e1dzka.<\/p>\n<p>2. Starostlivo skontrolujte valec ramena, \u010di nie je vidite\u013ene po\u0161koden\u00fd alebo \u010di na \u0148om nie s\u00fa netesnosti.<\/p>\n<p>3. Skontrolujte tlak a prietok hydraulick\u00e9ho syst\u00e9mu.<\/p>\n<p>4. Skontrolujte tesnenie, \u010di nejav\u00ed zn\u00e1mky opotrebovania alebo po\u0161kodenia.<\/p>\n<p>5. Skontrolujte hladinu hydraulick\u00e9ho oleja a uistite sa, \u017ee ide o spr\u00e1vny typ a mno\u017estvo.<\/p>\n<p>6. V pr\u00edpade potreby vyme\u0148te alebo opravte chybn\u00e9 komponenty.<\/p>\n<p>Predstavenie spolo\u010dnosti<\/p>\n<p>Sme profesion\u00e1lny v\u00fdrobca hydraulick\u00fdch valcov a pon\u00fakame \u0161irok\u00fd sortiment vysokokvalitn\u00fdch hydraulick\u00fdch valcov s r\u00f4znymi \u0161pecifik\u00e1ciami a ve\u013ekos\u0165ami. Stali sme sa jedn\u00fdm z popredn\u00fdch v\u00fdrobcov a ve\u013ekoobchodn\u00fdch distrib\u00fatorov hydraulick\u00fdch valcov na dom\u00e1com aj medzin\u00e1rodnom trhu.<\/p>\n<p>Dodr\u017eiavame z\u00e1sadu vynikaj\u00facej kvality a spoliehame sa na strat\u00e9giu industrializovan\u00e9ho riadenia v\u00fdroby v na\u0161ej sofistikovanej v\u00fdrobnej dielni, aby sme neust\u00e1le zlep\u0161ovali na\u0161e technick\u00e9 mo\u017enosti a efekt\u00edvnos\u0165 v\u00fdroby. Zaviedli sme \u0161pi\u010dkov\u00e9 digit\u00e1lne v\u00fdrobn\u00e9 zariadenia a profesion\u00e1lne testovacie syst\u00e9my na optimaliz\u00e1ciu na\u0161ej v\u00fdrobnej platformy a zlep\u0161enie procesu kontroly kvality na\u0161ich v\u00fdrobkov, pri\u010dom disponujeme siln\u00fdmi inova\u010dn\u00fdmi schopnos\u0165ami. <\/p>\n<p>Na\u0161\u00edm cie\u013eom je uspokoji\u0165 rozmanit\u00e9 potreby z\u00e1kazn\u00edkov s vyu\u017eit\u00edm princ\u00edpov efekt\u00edvnosti, presnosti a vysokej kvality. Na\u0161im z\u00e1kazn\u00edkom poskytujeme profesion\u00e1lne slu\u017eby, medzin\u00e1rodn\u00e9 certifik\u00e1cie, z\u00e1kazkov\u00e9 slu\u017eby, v\u00fdrobn\u00e9 zariadenia a popredajn\u00fd servis.<\/p>\n<p>Autor: lyl.<\/p>","protected":false},"excerpt":{"rendered":"<p>Arm Cylinder for Zoomlion Large Excavator ZE480ESP Arm cylinder is a specialized hydraulic cylinder designed to provide linear motion and power to the arms of various machines such as excavators, cranes, and robotic arms. It plays a crucial role in hydraulic systems, allowing additional tools or attachments to move and be controlled effectively. These cylinders [&hellip;]<\/p>","protected":false},"featured_media":14786,"comment_status":"open","ping_status":"closed","template":"","meta":{"_et_pb_use_builder":"","_et_pb_old_content":"","_et_gb_content_width":""},"product_brand":[],"product_cat":[1497],"product_tag":[1498,1496],"class_list":{"0":"post-16435","1":"product","2":"type-product","3":"status-publish","4":"has-post-thumbnail","6":"product_cat-arm-cylinders","7":"product_tag-arm-cylinders","8":"product_tag-hydraulic-cylinders","10":"first","11":"instock","12":"shipping-taxable","13":"product-type-simple"},"amp_enabled":true,"_links":{"self":[{"href":"https:\/\/www.hydraulic-cylinders.net\/sk\/wp-json\/wp\/v2\/product\/16435","targetHints":{"allow":["GET"]}}],"collection":[{"href":"https:\/\/www.hydraulic-cylinders.net\/sk\/wp-json\/wp\/v2\/product"}],"about":[{"href":"https:\/\/www.hydraulic-cylinders.net\/sk\/wp-json\/wp\/v2\/types\/product"}],"replies":[{"embeddable":true,"href":"https:\/\/www.hydraulic-cylinders.net\/sk\/wp-json\/wp\/v2\/comments?post=16435"}],"wp:featuredmedia":[{"embeddable":true,"href":"https:\/\/www.hydraulic-cylinders.net\/sk\/wp-json\/wp\/v2\/media\/14786"}],"wp:attachment":[{"href":"https:\/\/www.hydraulic-cylinders.net\/sk\/wp-json\/wp\/v2\/media?parent=16435"}],"wp:term":[{"taxonomy":"product_brand","embeddable":true,"href":"https:\/\/www.hydraulic-cylinders.net\/sk\/wp-json\/wp\/v2\/product_brand?post=16435"},{"taxonomy":"product_cat","embeddable":true,"href":"https:\/\/www.hydraulic-cylinders.net\/sk\/wp-json\/wp\/v2\/product_cat?post=16435"},{"taxonomy":"product_tag","embeddable":true,"href":"https:\/\/www.hydraulic-cylinders.net\/sk\/wp-json\/wp\/v2\/product_tag?post=16435"}],"curies":[{"name":"pracovn\u00fd list","href":"https:\/\/api.w.org\/{rel}","templated":true}]}}